{"id":11778,"date":"2025-10-10T09:24:41","date_gmt":"2025-10-10T06:24:41","guid":{"rendered":"https:\/\/staging.velooutlets.com\/product\/somina-explorer-click-1800\/"},"modified":"2026-01-30T11:44:30","modified_gmt":"2026-01-30T09:44:30","slug":"somina-explorer-click-1800","status":"publish","type":"product","link":"http:\/\/velooutlets.com\/et\/toode\/somina-explorer-click-1800\/","title":{"rendered":"Explorer Click 1800"},"content":{"rendered":"<p>Istmekandur, 1800 ml, veekindel<\/p>","protected":false},"excerpt":{"rendered":"<p>Istmekandur, 1800 ml, veekindel<\/p>","protected":false},"featured_media":11779,"template":"","meta":{"_monsterinsights_skip_tracking":false,"_monsterinsights_sitenote_active":false,"_monsterinsights_sitenote_note":"","_monsterinsights_sitenote_category":0,"_iconic_wsb_product_page_order_bump_ids":[],"_sku":["11522"],"_iconic_wsb_product_page_bump_modal_ids":[]},"product_brand":[1347],"product_cat":[910,1115],"product_tag":[221,209,896],"class_list":{"0":"post-11778","1":"product","2":"type-product","3":"status-publish","4":"has-post-thumbnail","6":"product_brand-sks","7":"product_cat-aksesuari","8":"product_cat-velo-somas","9":"product_tag-aksesuari","10":"product_tag-imenza","11":"product_tag-parejie-aksesuari","12":"product_shipping_class-aksesuari","13":"ts_product_brand-sks","15":"first","16":"instock","17":"taxable","18":"shipping-taxable","19":"purchasable","20":"product-type-simple"},"yoast_head":"<!-- This site is optimized with the Yoast SEO plugin v27.2 - https:\/\/yoast.com\/product\/yoast-seo-wordpress\/ -->\n<title>Somi\u0146a Explorer Click 1800 - Velo Outlets<\/title>\n<meta name=\"robots\" content=\"index, follow, max-snippet:-1, max-image-preview:large, max-video-preview:-1\" \/>\n<link rel=\"canonical\" href=\"https:\/\/velooutlets.com\/et\/toode\/somina-explorer-click-1800\/\" \/>\n<meta property=\"og:locale\" content=\"et_EE\" \/>\n<meta property=\"og:type\" content=\"article\" \/>\n<meta property=\"og:title\" content=\"Somi\u0146a Explorer Click 1800 - Velo Outlets\" \/>\n<meta property=\"og:description\" content=\"S\u0113dek\u013cu sliedes stiprin\u0101jums, 1800 ml, \u016bdensnecaurlaid\u012bgs\" \/>\n<meta property=\"og:url\" content=\"https:\/\/velooutlets.com\/et\/toode\/somina-explorer-click-1800\/\" \/>\n<meta property=\"og:site_name\" content=\"Velo Outlets\" \/>\n<meta property=\"article:modified_time\" content=\"2026-01-30T09:44:30+00:00\" \/>\n<meta property=\"og:image\" content=\"https:\/\/velooutlets.com\/wp-content\/uploads\/2025\/10\/4863.jpg\" \/>\n\t<meta property=\"og:image:width\" content=\"1134\" \/>\n\t<meta property=\"og:image:height\" content=\"709\" \/>\n\t<meta property=\"og:image:type\" content=\"image\/jpeg\" \/>\n<meta name=\"twitter:card\" content=\"summary_large_image\" \/>\n<script type=\"application\/ld+json\" class=\"yoast-schema-graph\">{\"@context\":\"https:\/\/schema.org\",\"@graph\":[{\"@type\":\"WebPage\",\"@id\":\"https:\/\/velooutlets.com\/products\/somina-explorer-click-1800\/\",\"url\":\"https:\/\/velooutlets.com\/products\/somina-explorer-click-1800\/\",\"name\":\"Somi\u0146a Explorer Click 1800 - Velo Outlets\",\"isPartOf\":{\"@id\":\"https:\/\/velooutlets.com\/en\/#website\"},\"primaryImageOfPage\":{\"@id\":\"https:\/\/velooutlets.com\/products\/somina-explorer-click-1800\/#primaryimage\"},\"image\":{\"@id\":\"https:\/\/velooutlets.com\/products\/somina-explorer-click-1800\/#primaryimage\"},\"thumbnailUrl\":\"https:\/\/velooutlets.com\/wp-content\/uploads\/2025\/10\/4863.jpg\",\"datePublished\":\"2025-10-10T06:24:41+00:00\",\"dateModified\":\"2026-01-30T09:44:30+00:00\",\"breadcrumb\":{\"@id\":\"https:\/\/velooutlets.com\/products\/somina-explorer-click-1800\/#breadcrumb\"},\"inLanguage\":\"et\",\"potentialAction\":[{\"@type\":\"ReadAction\",\"target\":[\"https:\/\/velooutlets.com\/products\/somina-explorer-click-1800\/\"]}]},{\"@type\":\"ImageObject\",\"inLanguage\":\"et\",\"@id\":\"https:\/\/velooutlets.com\/products\/somina-explorer-click-1800\/#primaryimage\",\"url\":\"https:\/\/velooutlets.com\/wp-content\/uploads\/2025\/10\/4863.jpg\",\"contentUrl\":\"https:\/\/velooutlets.com\/wp-content\/uploads\/2025\/10\/4863.jpg\",\"width\":1134,\"height\":709},{\"@type\":\"BreadcrumbList\",\"@id\":\"https:\/\/velooutlets.com\/products\/somina-explorer-click-1800\/#breadcrumb\",\"itemListElement\":[{\"@type\":\"ListItem\",\"position\":1,\"name\":\"Home\",\"item\":\"https:\/\/velooutlets.com\/\"},{\"@type\":\"ListItem\",\"position\":2,\"name\":\"Veikals\",\"item\":\"https:\/\/velooutlets.com\/shop\/\"},{\"@type\":\"ListItem\",\"position\":3,\"name\":\"Somi\u0146a Explorer Click 1800\"}]},{\"@type\":\"WebSite\",\"@id\":\"https:\/\/velooutlets.com\/en\/#website\",\"url\":\"https:\/\/velooutlets.com\/en\/\",\"name\":\"Velo Outlets\",\"description\":\"Velosip\u0113di visai \u0123imenei\",\"potentialAction\":[{\"@type\":\"SearchAction\",\"target\":{\"@type\":\"EntryPoint\",\"urlTemplate\":\"https:\/\/velooutlets.com\/en\/?s={search_term_string}\"},\"query-input\":{\"@type\":\"PropertyValueSpecification\",\"valueRequired\":true,\"valueName\":\"search_term_string\"}}],\"inLanguage\":\"et\"}]}<\/script>\n<!-- \/ Yoast SEO plugin. -->","yoast_head_json":{"title":"Somi\u0146a Explorer Click 1800 - Velo Outlets","robots":{"index":"index","follow":"follow","max-snippet":"max-snippet:-1","max-image-preview":"max-image-preview:large","max-video-preview":"max-video-preview:-1"},"canonical":"https:\/\/velooutlets.com\/et\/toode\/somina-explorer-click-1800\/","og_locale":"et_EE","og_type":"article","og_title":"Somi\u0146a Explorer Click 1800 - Velo Outlets","og_description":"S\u0113dek\u013cu sliedes stiprin\u0101jums, 1800 ml, \u016bdensnecaurlaid\u012bgs","og_url":"https:\/\/velooutlets.com\/et\/toode\/somina-explorer-click-1800\/","og_site_name":"Velo Outlets","article_modified_time":"2026-01-30T09:44:30+00:00","og_image":[{"width":1134,"height":709,"url":"https:\/\/velooutlets.com\/wp-content\/uploads\/2025\/10\/4863.jpg","type":"image\/jpeg"}],"twitter_card":"summary_large_image","schema":{"@context":"https:\/\/schema.org","@graph":[{"@type":"WebPage","@id":"https:\/\/velooutlets.com\/products\/somina-explorer-click-1800\/","url":"https:\/\/velooutlets.com\/products\/somina-explorer-click-1800\/","name":"Somi\u0146a Explorer Click 1800 - Velo Outlets","isPartOf":{"@id":"https:\/\/velooutlets.com\/en\/#website"},"primaryImageOfPage":{"@id":"https:\/\/velooutlets.com\/products\/somina-explorer-click-1800\/#primaryimage"},"image":{"@id":"https:\/\/velooutlets.com\/products\/somina-explorer-click-1800\/#primaryimage"},"thumbnailUrl":"https:\/\/velooutlets.com\/wp-content\/uploads\/2025\/10\/4863.jpg","datePublished":"2025-10-10T06:24:41+00:00","dateModified":"2026-01-30T09:44:30+00:00","breadcrumb":{"@id":"https:\/\/velooutlets.com\/products\/somina-explorer-click-1800\/#breadcrumb"},"inLanguage":"et","potentialAction":[{"@type":"ReadAction","target":["https:\/\/velooutlets.com\/products\/somina-explorer-click-1800\/"]}]},{"@type":"ImageObject","inLanguage":"et","@id":"https:\/\/velooutlets.com\/products\/somina-explorer-click-1800\/#primaryimage","url":"https:\/\/velooutlets.com\/wp-content\/uploads\/2025\/10\/4863.jpg","contentUrl":"https:\/\/velooutlets.com\/wp-content\/uploads\/2025\/10\/4863.jpg","width":1134,"height":709},{"@type":"BreadcrumbList","@id":"https:\/\/velooutlets.com\/products\/somina-explorer-click-1800\/#breadcrumb","itemListElement":[{"@type":"ListItem","position":1,"name":"Home","item":"https:\/\/velooutlets.com\/"},{"@type":"ListItem","position":2,"name":"Veikals","item":"https:\/\/velooutlets.com\/shop\/"},{"@type":"ListItem","position":3,"name":"Somi\u0146a Explorer Click 1800"}]},{"@type":"WebSite","@id":"https:\/\/velooutlets.com\/en\/#website","url":"https:\/\/velooutlets.com\/en\/","name":"Velo Outlets","description":"Jalgrattad kogu perele","potentialAction":[{"@type":"SearchAction","target":{"@type":"EntryPoint","urlTemplate":"https:\/\/velooutlets.com\/en\/?s={search_term_string}"},"query-input":{"@type":"PropertyValueSpecification","valueRequired":true,"valueName":"search_term_string"}}],"inLanguage":"et"}]}},"jetpack_sharing_enabled":true,"_links":{"self":[{"href":"http:\/\/velooutlets.com\/et\/wp-json\/wp\/v2\/product\/11778","targetHints":{"allow":["GET"]}}],"collection":[{"href":"http:\/\/velooutlets.com\/et\/wp-json\/wp\/v2\/product"}],"about":[{"href":"http:\/\/velooutlets.com\/et\/wp-json\/wp\/v2\/types\/product"}],"wp:featuredmedia":[{"embeddable":true,"href":"http:\/\/velooutlets.com\/et\/wp-json\/wp\/v2\/media\/11779"}],"wp:attachment":[{"href":"http:\/\/velooutlets.com\/et\/wp-json\/wp\/v2\/media?parent=11778"}],"wp:term":[{"taxonomy":"product_brand","embeddable":true,"href":"http:\/\/velooutlets.com\/et\/wp-json\/wp\/v2\/product_brand?post=11778"},{"taxonomy":"product_cat","embeddable":true,"href":"http:\/\/velooutlets.com\/et\/wp-json\/wp\/v2\/product_cat?post=11778"},{"taxonomy":"product_tag","embeddable":true,"href":"http:\/\/velooutlets.com\/et\/wp-json\/wp\/v2\/product_tag?post=11778"}],"curies":[{"name":"wp","href":"https:\/\/api.w.org\/{rel}","templated":true}]}}