{"id":12233,"date":"2025-10-21T14:14:51","date_gmt":"2025-10-21T11:14:51","guid":{"rendered":"https:\/\/staging.velooutlets.com\/?page_id=12233"},"modified":"2026-01-08T14:16:10","modified_gmt":"2026-01-08T12:16:10","slug":"lizings","status":"publish","type":"page","link":"https:\/\/velooutlets.com\/en\/lizings\/","title":{"rendered":"Payment of goods with Inbank"},"content":{"rendered":"<div data-elementor-type=\"wp-page\" data-elementor-id=\"12233\" class=\"elementor elementor-12233\">\n\t\t\t\t<div class=\"elementor-element elementor-element-b019162 e-flex e-con-boxed e-con e-parent\" data-id=\"b019162\" data-element_type=\"container\" data-e-type=\"container\">\n\t\t\t\t\t<div class=\"e-con-inner\">\n\t\t\t\t<div class=\"elementor-element elementor-element-0692a98 elementor-widget elementor-widget-text-editor\" data-id=\"0692a98\" data-element_type=\"widget\" data-e-type=\"widget\" data-widget_type=\"text-editor.default\">\n\t\t\t\t\t\t\t\t\t<h2 data-start=\"89\" data-end=\"108\"><strong data-start=\"91\" data-end=\"108\">Payment of goods<\/strong><\/h2><p data-start=\"164\" data-end=\"399\">Hire purchase is a convenient solution if you want to get your bike or equipment immediately and pay gradually. In cooperation with <strong data-start=\"286\" data-end=\"296\">Inbank<\/strong> We offer you the opportunity to turn larger expenses into convenient monthly payments so you don't have to postpone your purchase.<\/p><h4 data-start=\"401\" data-end=\"438\"><strong data-start=\"405\" data-end=\"438\">How can I buy goods on hire purchase?<\/strong><\/h4><p data-start=\"439\" data-end=\"616\">You can pay online at the time of purchase. All you have to do is select <em data-start=\"514\" data-end=\"530\">Inbank Deposit<\/em>, complete the application and approve the contract. The process is quick, simple and straightforward.<\/p><p data-start=\"439\" data-end=\"616\"><img fetchpriority=\"high\" decoding=\"async\" class=\"aligncenter\" src=\"https:\/\/cdn.shopify.com\/s\/files\/1\/0759\/1451\/0603\/files\/Inbank_HP_icon_flow_LV_1_light_lavander_1024x1024.png?v=1733473940\" alt=\"\" width=\"556\" height=\"246\" \/><\/p><h4 data-start=\"618\" data-end=\"645\"><strong data-start=\"622\" data-end=\"645\">Payment terms<\/strong><\/h4><ul><li data-start=\"648\" data-end=\"674\">Deadline: <strong data-start=\"657\" data-end=\"672\">3-72 months<\/strong><\/li><li data-start=\"677\" data-end=\"709\">Purchase amount: <strong data-start=\"692\" data-end=\"707\">75-10 000 \u20ac<\/strong><\/li><li data-start=\"712\" data-end=\"749\">Early repayment <strong data-start=\"733\" data-end=\"747\">free of charge<\/strong><\/li><li data-start=\"752\" data-end=\"778\">Age: <strong data-start=\"760\" data-end=\"776\">from 19 years<\/strong><\/li><li data-start=\"781\" data-end=\"832\">Monthly income: at least <strong data-start=\"807\" data-end=\"816\">350 \u20ac<\/strong> after tax<\/li><li data-start=\"835\" data-end=\"876\">Required <strong data-start=\"848\" data-end=\"874\">positive credit history<\/strong><\/li><li data-start=\"879\" data-end=\"945\">The limit is based on income and existing liabilities<\/li><li data-start=\"948\" data-end=\"996\">For purchases above <strong data-start=\"963\" data-end=\"973\">1400 \u20ac<\/strong>: down payment <strong data-start=\"989\" data-end=\"996\">10%<\/strong><\/li><\/ul><h4 data-start=\"998\" data-end=\"1025\"><strong data-start=\"1002\" data-end=\"1025\">Cooperation with Inbank<\/strong><\/h4><p data-start=\"1026\" data-end=\"1183\">The payment service is provided by <strong data-start=\"1057\" data-end=\"1080\">Inbank Latvia SIA\u201c<\/strong><br data-start=\"1080\" data-end=\"1083\" \/>Reg. No: 40103821436<br data-start=\"1104\" data-end=\"1107\" \/>Phone +371 66 939 000<br data-start=\"1132\" data-end=\"1135\" \/>E-mail: <a class=\"decorated-link cursor-pointer\" rel=\"noopener\" data-start=\"1144\" data-end=\"1158\">info@inbank.lv<\/a><br data-start=\"1158\" data-end=\"1161\" \/>Website: inbank.lv<\/p>\t\t\t\t\t\t\t\t<\/div>\n\t\t\t\t\t<\/div>\n\t\t\t\t<\/div>\n\t\t\t\t<\/div>","protected":false},"excerpt":{"rendered":"<p>Pre\u010du nomaksa Pre\u010du nomaksa ir \u0113rts risin\u0101jums, ja velosip\u0113du vai apr\u012bkojumu v\u0113lies sa\u0146emt uzreiz, bet maks\u0101t pak\u0101peniski. Sadarb\u012bb\u0101 ar Inbank pied\u0101v\u0101jam iesp\u0113ju liel\u0101kus izdevumus p\u0101rv\u0113rst \u0113rtos ikm\u0113ne\u0161a maks\u0101jumos, lai pirkumu neb\u016btu j\u0101atliek. K\u0101 ieg\u0101d\u0101ties preces nomaks\u0101? Nomaksu var noform\u0113t tie\u0161saist\u0113 pirkuma veik\u0161anas laik\u0101. Atliek izv\u0113l\u0113ties Inbank nomaksa, aizpild\u012bt pieteikumu un apstiprin\u0101t l\u012bgumu. Process ir \u0101trs, [&hellip;]<\/p>\n","protected":false},"author":3,"featured_media":0,"parent":0,"menu_order":0,"comment_status":"closed","ping_status":"closed","template":"","meta":{"_monsterinsights_skip_tracking":false,"_monsterinsights_sitenote_active":false,"_monsterinsights_sitenote_note":"","_monsterinsights_sitenote_category":0,"footnotes":""},"class_list":["post-12233","page","type-page","status-publish","hentry"],"yoast_head":"<!-- This site is optimized with the Yoast SEO plugin v27.2 - https:\/\/yoast.com\/product\/yoast-seo-wordpress\/ -->\n<title>Pre\u010du nomaksa ar Inbank - Velo Outlets<\/title>\n<meta name=\"robots\" content=\"index, follow, max-snippet:-1, max-image-preview:large, max-video-preview:-1\" \/>\n<link rel=\"canonical\" href=\"https:\/\/velooutlets.com\/en\/lizings\/\" \/>\n<meta property=\"og:locale\" content=\"en_US\" \/>\n<meta property=\"og:type\" content=\"article\" \/>\n<meta property=\"og:title\" content=\"Pre\u010du nomaksa ar Inbank - Velo Outlets\" \/>\n<meta property=\"og:description\" content=\"Pre\u010du nomaksa Pre\u010du nomaksa ir \u0113rts risin\u0101jums, ja velosip\u0113du vai apr\u012bkojumu v\u0113lies sa\u0146emt uzreiz, bet maks\u0101t pak\u0101peniski. Sadarb\u012bb\u0101 ar Inbank pied\u0101v\u0101jam iesp\u0113ju liel\u0101kus izdevumus p\u0101rv\u0113rst \u0113rtos ikm\u0113ne\u0161a maks\u0101jumos, lai pirkumu neb\u016btu j\u0101atliek. K\u0101 ieg\u0101d\u0101ties preces nomaks\u0101? Nomaksu var noform\u0113t tie\u0161saist\u0113 pirkuma veik\u0161anas laik\u0101. Atliek izv\u0113l\u0113ties Inbank nomaksa, aizpild\u012bt pieteikumu un apstiprin\u0101t l\u012bgumu. Process ir \u0101trs, [&hellip;]\" \/>\n<meta property=\"og:url\" content=\"https:\/\/velooutlets.com\/en\/lizings\/\" \/>\n<meta property=\"og:site_name\" content=\"Velo Outlets\" \/>\n<meta property=\"article:modified_time\" content=\"2026-01-08T12:16:10+00:00\" \/>\n<meta property=\"og:image\" content=\"https:\/\/cdn.shopify.com\/s\/files\/1\/0759\/1451\/0603\/files\/Inbank_HP_icon_flow_LV_1_light_lavander_1024x1024.png?v=1733473940\" \/>\n<meta name=\"twitter:card\" content=\"summary_large_image\" \/>\n<meta name=\"twitter:label1\" content=\"Est. reading time\" \/>\n\t<meta name=\"twitter:data1\" content=\"1 minute\" \/>\n<script type=\"application\/ld+json\" class=\"yoast-schema-graph\">{\"@context\":\"https:\/\/schema.org\",\"@graph\":[{\"@type\":\"WebPage\",\"@id\":\"https:\/\/velooutlets.com\/lizings\/\",\"url\":\"https:\/\/velooutlets.com\/lizings\/\",\"name\":\"Pre\u010du nomaksa ar Inbank - Velo Outlets\",\"isPartOf\":{\"@id\":\"https:\/\/velooutlets.com\/en\/#website\"},\"primaryImageOfPage\":{\"@id\":\"https:\/\/velooutlets.com\/lizings\/#primaryimage\"},\"image\":{\"@id\":\"https:\/\/velooutlets.com\/lizings\/#primaryimage\"},\"thumbnailUrl\":\"https:\/\/cdn.shopify.com\/s\/files\/1\/0759\/1451\/0603\/files\/Inbank_HP_icon_flow_LV_1_light_lavander_1024x1024.png?v=1733473940\",\"datePublished\":\"2025-10-21T11:14:51+00:00\",\"dateModified\":\"2026-01-08T12:16:10+00:00\",\"breadcrumb\":{\"@id\":\"https:\/\/velooutlets.com\/lizings\/#breadcrumb\"},\"inLanguage\":\"en-US\",\"potentialAction\":[{\"@type\":\"ReadAction\",\"target\":[\"https:\/\/velooutlets.com\/lizings\/\"]}]},{\"@type\":\"ImageObject\",\"inLanguage\":\"en-US\",\"@id\":\"https:\/\/velooutlets.com\/lizings\/#primaryimage\",\"url\":\"https:\/\/cdn.shopify.com\/s\/files\/1\/0759\/1451\/0603\/files\/Inbank_HP_icon_flow_LV_1_light_lavander_1024x1024.png?v=1733473940\",\"contentUrl\":\"https:\/\/cdn.shopify.com\/s\/files\/1\/0759\/1451\/0603\/files\/Inbank_HP_icon_flow_LV_1_light_lavander_1024x1024.png?v=1733473940\"},{\"@type\":\"BreadcrumbList\",\"@id\":\"https:\/\/velooutlets.com\/lizings\/#breadcrumb\",\"itemListElement\":[{\"@type\":\"ListItem\",\"position\":1,\"name\":\"Home\",\"item\":\"https:\/\/velooutlets.com\/\"},{\"@type\":\"ListItem\",\"position\":2,\"name\":\"Pre\u010du nomaksa ar Inbank\"}]},{\"@type\":\"WebSite\",\"@id\":\"https:\/\/velooutlets.com\/en\/#website\",\"url\":\"https:\/\/velooutlets.com\/en\/\",\"name\":\"Velo Outlets\",\"description\":\"Velosip\u0113di visai \u0123imenei\",\"potentialAction\":[{\"@type\":\"SearchAction\",\"target\":{\"@type\":\"EntryPoint\",\"urlTemplate\":\"https:\/\/velooutlets.com\/en\/?s={search_term_string}\"},\"query-input\":{\"@type\":\"PropertyValueSpecification\",\"valueRequired\":true,\"valueName\":\"search_term_string\"}}],\"inLanguage\":\"en-US\"}]}<\/script>\n<!-- \/ Yoast SEO plugin. -->","yoast_head_json":{"title":"Pre\u010du nomaksa ar Inbank - Velo Outlets","robots":{"index":"index","follow":"follow","max-snippet":"max-snippet:-1","max-image-preview":"max-image-preview:large","max-video-preview":"max-video-preview:-1"},"canonical":"https:\/\/velooutlets.com\/en\/lizings\/","og_locale":"en_US","og_type":"article","og_title":"Pre\u010du nomaksa ar Inbank - Velo Outlets","og_description":"Pre\u010du nomaksa Pre\u010du nomaksa ir \u0113rts risin\u0101jums, ja velosip\u0113du vai apr\u012bkojumu v\u0113lies sa\u0146emt uzreiz, bet maks\u0101t pak\u0101peniski. Sadarb\u012bb\u0101 ar Inbank pied\u0101v\u0101jam iesp\u0113ju liel\u0101kus izdevumus p\u0101rv\u0113rst \u0113rtos ikm\u0113ne\u0161a maks\u0101jumos, lai pirkumu neb\u016btu j\u0101atliek. K\u0101 ieg\u0101d\u0101ties preces nomaks\u0101? Nomaksu var noform\u0113t tie\u0161saist\u0113 pirkuma veik\u0161anas laik\u0101. Atliek izv\u0113l\u0113ties Inbank nomaksa, aizpild\u012bt pieteikumu un apstiprin\u0101t l\u012bgumu. Process ir \u0101trs, [&hellip;]","og_url":"https:\/\/velooutlets.com\/en\/lizings\/","og_site_name":"Velo Outlets","article_modified_time":"2026-01-08T12:16:10+00:00","og_image":[{"url":"https:\/\/cdn.shopify.com\/s\/files\/1\/0759\/1451\/0603\/files\/Inbank_HP_icon_flow_LV_1_light_lavander_1024x1024.png?v=1733473940","type":"","width":"","height":""}],"twitter_card":"summary_large_image","twitter_misc":{"Est. reading time":"1 minute"},"schema":{"@context":"https:\/\/schema.org","@graph":[{"@type":"WebPage","@id":"https:\/\/velooutlets.com\/lizings\/","url":"https:\/\/velooutlets.com\/lizings\/","name":"Pre\u010du nomaksa ar Inbank - Velo Outlets","isPartOf":{"@id":"https:\/\/velooutlets.com\/en\/#website"},"primaryImageOfPage":{"@id":"https:\/\/velooutlets.com\/lizings\/#primaryimage"},"image":{"@id":"https:\/\/velooutlets.com\/lizings\/#primaryimage"},"thumbnailUrl":"https:\/\/cdn.shopify.com\/s\/files\/1\/0759\/1451\/0603\/files\/Inbank_HP_icon_flow_LV_1_light_lavander_1024x1024.png?v=1733473940","datePublished":"2025-10-21T11:14:51+00:00","dateModified":"2026-01-08T12:16:10+00:00","breadcrumb":{"@id":"https:\/\/velooutlets.com\/lizings\/#breadcrumb"},"inLanguage":"en-US","potentialAction":[{"@type":"ReadAction","target":["https:\/\/velooutlets.com\/lizings\/"]}]},{"@type":"ImageObject","inLanguage":"en-US","@id":"https:\/\/velooutlets.com\/lizings\/#primaryimage","url":"https:\/\/cdn.shopify.com\/s\/files\/1\/0759\/1451\/0603\/files\/Inbank_HP_icon_flow_LV_1_light_lavander_1024x1024.png?v=1733473940","contentUrl":"https:\/\/cdn.shopify.com\/s\/files\/1\/0759\/1451\/0603\/files\/Inbank_HP_icon_flow_LV_1_light_lavander_1024x1024.png?v=1733473940"},{"@type":"BreadcrumbList","@id":"https:\/\/velooutlets.com\/lizings\/#breadcrumb","itemListElement":[{"@type":"ListItem","position":1,"name":"Home","item":"https:\/\/velooutlets.com\/"},{"@type":"ListItem","position":2,"name":"Pre\u010du nomaksa ar Inbank"}]},{"@type":"WebSite","@id":"https:\/\/velooutlets.com\/en\/#website","url":"https:\/\/velooutlets.com\/en\/","name":"Velo Outlets","description":"Velosip\u0113di visai \u0123imenei","potentialAction":[{"@type":"SearchAction","target":{"@type":"EntryPoint","urlTemplate":"https:\/\/velooutlets.com\/en\/?s={search_term_string}"},"query-input":{"@type":"PropertyValueSpecification","valueRequired":true,"valueName":"search_term_string"}}],"inLanguage":"en-US"}]}},"jetpack_sharing_enabled":true,"_links":{"self":[{"href":"https:\/\/velooutlets.com\/en\/wp-json\/wp\/v2\/pages\/12233","targetHints":{"allow":["GET"]}}],"collection":[{"href":"https:\/\/velooutlets.com\/en\/wp-json\/wp\/v2\/pages"}],"about":[{"href":"https:\/\/velooutlets.com\/en\/wp-json\/wp\/v2\/types\/page"}],"author":[{"embeddable":true,"href":"https:\/\/velooutlets.com\/en\/wp-json\/wp\/v2\/users\/3"}],"replies":[{"embeddable":true,"href":"https:\/\/velooutlets.com\/en\/wp-json\/wp\/v2\/comments?post=12233"}],"version-history":[{"count":11,"href":"https:\/\/velooutlets.com\/en\/wp-json\/wp\/v2\/pages\/12233\/revisions"}],"predecessor-version":[{"id":14739,"href":"https:\/\/velooutlets.com\/en\/wp-json\/wp\/v2\/pages\/12233\/revisions\/14739"}],"wp:attachment":[{"href":"https:\/\/velooutlets.com\/en\/wp-json\/wp\/v2\/media?parent=12233"}],"curies":[{"name":"wp","href":"https:\/\/api.w.org\/{rel}","templated":true}]}}