{"id":357,"date":"2021-01-29T16:32:28","date_gmt":"2021-01-29T09:32:28","guid":{"rendered":"http:\/\/staging.velooutlets.com\/?page_id=357"},"modified":"2025-12-28T12:18:53","modified_gmt":"2025-12-28T10:18:53","slug":"piegade-2","status":"publish","type":"page","link":"https:\/\/velooutlets.com\/en\/piegade-2\/","title":{"rendered":"Delivery"},"content":{"rendered":"<div data-elementor-type=\"wp-page\" data-elementor-id=\"357\" class=\"elementor elementor-357\">\n\t\t\t\t<div class=\"elementor-element elementor-element-e97da00 e-flex e-con-boxed e-con e-parent\" data-id=\"e97da00\" data-element_type=\"container\" data-e-type=\"container\">\n\t\t\t\t\t<div class=\"e-con-inner\">\n\t\t\t\t<div class=\"elementor-element elementor-element-fed037a elementor-widget elementor-widget-heading\" data-id=\"fed037a\" data-element_type=\"widget\" data-e-type=\"widget\" data-widget_type=\"heading.default\">\n\t\t\t\t\t<h2 class=\"elementor-heading-title elementor-size-default\">Delivery<\/h2>\t\t\t\t<\/div>\n\t\t\t\t\t<\/div>\n\t\t\t\t<\/div>\n\t\t<div class=\"elementor-element elementor-element-a9de50f e-flex e-con-boxed e-con e-parent\" data-id=\"a9de50f\" data-element_type=\"container\" data-e-type=\"container\">\n\t\t\t\t\t<div class=\"e-con-inner\">\n\t\t\t\t<div class=\"elementor-element elementor-element-3db961e elementor-widget elementor-widget-text-editor\" data-id=\"3db961e\" data-element_type=\"widget\" data-e-type=\"widget\" data-widget_type=\"text-editor.default\">\n\t\t\t\t\t\t\t\t\t<p data-start=\"197\" data-end=\"326\">We deliver the goods on the next working day after receipt of payment. Delivery time: <strong data-start=\"305\" data-end=\"325\">1-2 working days<\/strong>.<\/p><p data-start=\"328\" data-end=\"349\"><strong data-start=\"328\" data-end=\"347\">Types of delivery:<\/strong><\/p><ul><li data-start=\"352\" data-end=\"476\"><strong data-start=\"352\" data-end=\"376\">Courier throughout Latvia<\/strong> - the bike is delivered <strong data-start=\"405\" data-end=\"448\">in the original packaging, unassembled<\/strong> (unless otherwise agreed).<\/li><li data-start=\"352\" data-end=\"476\"><strong data-start=\"479\" data-end=\"500\">In-store collection<\/strong> \u2013 <strong data-start=\"503\" data-end=\"529\">Ventas street 56, Marupe<\/strong> (access from <strong data-start=\"547\" data-end=\"566\">Unity Avenue<\/strong>).<\/li><\/ul><p data-start=\"570\" data-end=\"585\"><strong data-start=\"570\" data-end=\"583\">Notes:<\/strong><\/p><ul><li data-start=\"588\" data-end=\"672\">During delivery, the courier will contact you using the phone number on your order.<\/li><li data-start=\"588\" data-end=\"672\">Please ensure access to the address and telephone availability on the day of delivery.<\/li><li data-start=\"588\" data-end=\"672\">If you find any damage to the packaging, please note it with the courier and inform us immediately.<\/li><\/ul><h4 data-start=\"854\" data-end=\"873\">Return of goods<\/h4><p data-start=\"875\" data-end=\"1070\">In the online shop <strong data-start=\"893\" data-end=\"917\"><a class=\"decorated-link\" href=\"https:\/\/velooutlets.com\/en\/\" target=\"_new\" rel=\"noopener\" data-start=\"895\" data-end=\"915\">www.velooutlets.com<\/a><\/strong> you can return the goods you have bought <strong data-start=\"955\" data-end=\"973\">within 14 days<\/strong>, according to <strong data-start=\"986\" data-end=\"1069\">Cabinet of Ministers Regulation No 207 of 30 May 2002 \u201cRegulations on Distance Contracts\u201d<\/strong>.<\/p><p data-start=\"1072\" data-end=\"1101\"><strong data-start=\"1072\" data-end=\"1099\">How to apply for a refund:<\/strong><\/p><ol><li data-start=\"1105\" data-end=\"1239\">Request a return in your order (specify order number, reason and preferred solution: <strong data-start=\"1201\" data-end=\"1212\">Exchange<\/strong> or <strong data-start=\"1217\" data-end=\"1235\">cashback<\/strong>).<\/li><li data-start=\"1105\" data-end=\"1239\">Prepare the product for safe dispatch <strong data-start=\"1281\" data-end=\"1307\">in the original packaging<\/strong> with all parts and documents.<\/li><li data-start=\"1105\" data-end=\"1239\">Take the product to:<\/li><\/ol><ul><li data-start=\"1384\" data-end=\"1422\">See <strong data-start=\"1387\" data-end=\"1396\">email<\/strong> or with <strong data-start=\"1404\" data-end=\"1415\">courier<\/strong>, or<\/li><li data-start=\"1384\" data-end=\"1422\"><strong data-start=\"1428\" data-end=\"1442\">in person<\/strong> in the shop <strong data-start=\"1451\" data-end=\"1467\">Velo Outlets<\/strong>, <strong data-start=\"1469\" data-end=\"1495\">Ventas street 56, Marupe<\/strong> (access from Vien\u012bbas avenue).<\/li><\/ul><p data-start=\"1532\" data-end=\"1547\"><strong data-start=\"1532\" data-end=\"1545\">Cost:<\/strong><\/p><ul><li data-start=\"1550\" data-end=\"1612\">Return transport costs (post\/courier) are borne by the customer.<\/li><\/ul><p data-start=\"1614\" data-end=\"1651\"><strong data-start=\"1614\" data-end=\"1649\">Restrictions on the right of withdrawal:<\/strong><\/p><ul><li data-start=\"1654\" data-end=\"1746\">Right of withdrawal <strong data-start=\"1673\" data-end=\"1686\">not valid<\/strong>, if the product is used, damaged or incomplete.<\/li><li data-start=\"1654\" data-end=\"1746\">The goods must be returned <strong data-start=\"1773\" data-end=\"1782\">for clean<\/strong>, without signs of use and <strong data-start=\"1810\" data-end=\"1836\">in the original packaging<\/strong>.<\/li><\/ul><p data-start=\"1839\" data-end=\"1870\"><strong data-start=\"1839\" data-end=\"1868\">Refund\/exchange:<\/strong><\/p><ul><li data-start=\"1873\" data-end=\"2062\">We will refund the money after receiving and assessing the returned goods <strong data-start=\"1939\" data-end=\"1962\">within 2 working days<\/strong> to the same means of payment you used to make the purchase, or we <strong data-start=\"2029\" data-end=\"2040\">exchange<\/strong> (your choice).<\/li><li data-start=\"1873\" data-end=\"2062\">If you choose to exchange, please specify the size\/model you prefer.<\/li><\/ul><p data-start=\"2127\" data-end=\"2162\"><strong data-start=\"2127\" data-end=\"2160\">Recommendations for safe return:<\/strong><\/p><ul><li data-start=\"2165\" data-end=\"2253\">Pack your bike and parts carefully so they are not damaged during transport.<\/li><li data-start=\"2165\" data-end=\"2253\">Include <strong data-start=\"2267\" data-end=\"2288\">order number<\/strong> and contact details in the shipment to speed up processing.<\/li><\/ul>\t\t\t\t\t\t\t\t<\/div>\n\t\t\t\t\t<\/div>\n\t\t\t\t<\/div>\n\t\t\t\t<\/div>","protected":false},"excerpt":{"rendered":"<p>Pieg\u0101de Preces nododam pieg\u0101dei n\u0101kamaj\u0101 darba dien\u0101 p\u0113c apmaksas sa\u0146em\u0161anas. Pieg\u0101des ilgums: 1\u20132 darba dienas. Pieg\u0101des veidi: Kurjers vis\u0101 Latvij\u0101 \u2013 velosip\u0113ds tiek pieg\u0101d\u0101ts ori\u0123in\u0101laj\u0101 iepakojum\u0101, nesalikt\u0101 veid\u0101 (ja nav norun\u0101ts cit\u0101di). Sa\u0146em\u0161ana veikal\u0101 \u2013 Ventas iela 56, M\u0101rupe (piebrauk\u0161ana no Vien\u012bbas gatves). Piez\u012bmes: Pieg\u0101des laik\u0101 kurjers sazin\u0101sies ar Jums, izmantojot pas\u016bt\u012bjum\u0101 nor\u0101d\u012bto t\u0101lruni. L\u016bdzam [&hellip;]<\/p>\n","protected":false},"author":1,"featured_media":0,"parent":0,"menu_order":0,"comment_status":"closed","ping_status":"closed","template":"","meta":{"_monsterinsights_skip_tracking":false,"_monsterinsights_sitenote_active":false,"_monsterinsights_sitenote_note":"","_monsterinsights_sitenote_category":0,"footnotes":""},"class_list":["post-357","page","type-page","status-publish","hentry"],"yoast_head":"<!-- This site is optimized with the Yoast SEO plugin v27.2 - https:\/\/yoast.com\/product\/yoast-seo-wordpress\/ -->\n<title>Pieg\u0101de - Velo Outlets<\/title>\n<meta name=\"robots\" content=\"index, follow, max-snippet:-1, max-image-preview:large, max-video-preview:-1\" \/>\n<link rel=\"canonical\" href=\"https:\/\/velooutlets.com\/en\/piegade-2\/\" \/>\n<meta property=\"og:locale\" content=\"en_US\" \/>\n<meta property=\"og:type\" content=\"article\" \/>\n<meta property=\"og:title\" content=\"Pieg\u0101de - Velo Outlets\" \/>\n<meta property=\"og:description\" content=\"Pieg\u0101de Preces nododam pieg\u0101dei n\u0101kamaj\u0101 darba dien\u0101 p\u0113c apmaksas sa\u0146em\u0161anas. Pieg\u0101des ilgums: 1\u20132 darba dienas. Pieg\u0101des veidi: Kurjers vis\u0101 Latvij\u0101 \u2013 velosip\u0113ds tiek pieg\u0101d\u0101ts ori\u0123in\u0101laj\u0101 iepakojum\u0101, nesalikt\u0101 veid\u0101 (ja nav norun\u0101ts cit\u0101di). Sa\u0146em\u0161ana veikal\u0101 \u2013 Ventas iela 56, M\u0101rupe (piebrauk\u0161ana no Vien\u012bbas gatves). Piez\u012bmes: Pieg\u0101des laik\u0101 kurjers sazin\u0101sies ar Jums, izmantojot pas\u016bt\u012bjum\u0101 nor\u0101d\u012bto t\u0101lruni. L\u016bdzam [&hellip;]\" \/>\n<meta property=\"og:url\" content=\"https:\/\/velooutlets.com\/en\/piegade-2\/\" \/>\n<meta property=\"og:site_name\" content=\"Velo Outlets\" \/>\n<meta property=\"article:modified_time\" content=\"2025-12-28T10:18:53+00:00\" \/>\n<meta name=\"twitter:card\" content=\"summary_large_image\" \/>\n<meta name=\"twitter:label1\" content=\"Est. reading time\" \/>\n\t<meta name=\"twitter:data1\" content=\"2 minutes\" \/>\n<script type=\"application\/ld+json\" class=\"yoast-schema-graph\">{\"@context\":\"https:\/\/schema.org\",\"@graph\":[{\"@type\":\"WebPage\",\"@id\":\"https:\/\/velooutlets.com\/piegade-2\/\",\"url\":\"https:\/\/velooutlets.com\/piegade-2\/\",\"name\":\"Pieg\u0101de - Velo Outlets\",\"isPartOf\":{\"@id\":\"https:\/\/velooutlets.com\/en\/#website\"},\"datePublished\":\"2021-01-29T09:32:28+00:00\",\"dateModified\":\"2025-12-28T10:18:53+00:00\",\"breadcrumb\":{\"@id\":\"https:\/\/velooutlets.com\/piegade-2\/#breadcrumb\"},\"inLanguage\":\"en-US\",\"potentialAction\":[{\"@type\":\"ReadAction\",\"target\":[\"https:\/\/velooutlets.com\/piegade-2\/\"]}]},{\"@type\":\"BreadcrumbList\",\"@id\":\"https:\/\/velooutlets.com\/piegade-2\/#breadcrumb\",\"itemListElement\":[{\"@type\":\"ListItem\",\"position\":1,\"name\":\"Home\",\"item\":\"https:\/\/velooutlets.com\/\"},{\"@type\":\"ListItem\",\"position\":2,\"name\":\"Pieg\u0101de\"}]},{\"@type\":\"WebSite\",\"@id\":\"https:\/\/velooutlets.com\/en\/#website\",\"url\":\"https:\/\/velooutlets.com\/en\/\",\"name\":\"Velo Outlets\",\"description\":\"Velosip\u0113di visai \u0123imenei\",\"potentialAction\":[{\"@type\":\"SearchAction\",\"target\":{\"@type\":\"EntryPoint\",\"urlTemplate\":\"https:\/\/velooutlets.com\/en\/?s={search_term_string}\"},\"query-input\":{\"@type\":\"PropertyValueSpecification\",\"valueRequired\":true,\"valueName\":\"search_term_string\"}}],\"inLanguage\":\"en-US\"}]}<\/script>\n<!-- \/ Yoast SEO plugin. -->","yoast_head_json":{"title":"Pieg\u0101de - Velo Outlets","robots":{"index":"index","follow":"follow","max-snippet":"max-snippet:-1","max-image-preview":"max-image-preview:large","max-video-preview":"max-video-preview:-1"},"canonical":"https:\/\/velooutlets.com\/en\/piegade-2\/","og_locale":"en_US","og_type":"article","og_title":"Pieg\u0101de - Velo Outlets","og_description":"Pieg\u0101de Preces nododam pieg\u0101dei n\u0101kamaj\u0101 darba dien\u0101 p\u0113c apmaksas sa\u0146em\u0161anas. Pieg\u0101des ilgums: 1\u20132 darba dienas. Pieg\u0101des veidi: Kurjers vis\u0101 Latvij\u0101 \u2013 velosip\u0113ds tiek pieg\u0101d\u0101ts ori\u0123in\u0101laj\u0101 iepakojum\u0101, nesalikt\u0101 veid\u0101 (ja nav norun\u0101ts cit\u0101di). Sa\u0146em\u0161ana veikal\u0101 \u2013 Ventas iela 56, M\u0101rupe (piebrauk\u0161ana no Vien\u012bbas gatves). Piez\u012bmes: Pieg\u0101des laik\u0101 kurjers sazin\u0101sies ar Jums, izmantojot pas\u016bt\u012bjum\u0101 nor\u0101d\u012bto t\u0101lruni. L\u016bdzam [&hellip;]","og_url":"https:\/\/velooutlets.com\/en\/piegade-2\/","og_site_name":"Velo Outlets","article_modified_time":"2025-12-28T10:18:53+00:00","twitter_card":"summary_large_image","twitter_misc":{"Est. reading time":"2 minutes"},"schema":{"@context":"https:\/\/schema.org","@graph":[{"@type":"WebPage","@id":"https:\/\/velooutlets.com\/piegade-2\/","url":"https:\/\/velooutlets.com\/piegade-2\/","name":"Pieg\u0101de - Velo Outlets","isPartOf":{"@id":"https:\/\/velooutlets.com\/en\/#website"},"datePublished":"2021-01-29T09:32:28+00:00","dateModified":"2025-12-28T10:18:53+00:00","breadcrumb":{"@id":"https:\/\/velooutlets.com\/piegade-2\/#breadcrumb"},"inLanguage":"en-US","potentialAction":[{"@type":"ReadAction","target":["https:\/\/velooutlets.com\/piegade-2\/"]}]},{"@type":"BreadcrumbList","@id":"https:\/\/velooutlets.com\/piegade-2\/#breadcrumb","itemListElement":[{"@type":"ListItem","position":1,"name":"Home","item":"https:\/\/velooutlets.com\/"},{"@type":"ListItem","position":2,"name":"Pieg\u0101de"}]},{"@type":"WebSite","@id":"https:\/\/velooutlets.com\/en\/#website","url":"https:\/\/velooutlets.com\/en\/","name":"Velo Outlets","description":"Velosip\u0113di visai \u0123imenei","potentialAction":[{"@type":"SearchAction","target":{"@type":"EntryPoint","urlTemplate":"https:\/\/velooutlets.com\/en\/?s={search_term_string}"},"query-input":{"@type":"PropertyValueSpecification","valueRequired":true,"valueName":"search_term_string"}}],"inLanguage":"en-US"}]}},"jetpack_sharing_enabled":true,"_links":{"self":[{"href":"https:\/\/velooutlets.com\/en\/wp-json\/wp\/v2\/pages\/357","targetHints":{"allow":["GET"]}}],"collection":[{"href":"https:\/\/velooutlets.com\/en\/wp-json\/wp\/v2\/pages"}],"about":[{"href":"https:\/\/velooutlets.com\/en\/wp-json\/wp\/v2\/types\/page"}],"author":[{"embeddable":true,"href":"https:\/\/velooutlets.com\/en\/wp-json\/wp\/v2\/users\/1"}],"replies":[{"embeddable":true,"href":"https:\/\/velooutlets.com\/en\/wp-json\/wp\/v2\/comments?post=357"}],"version-history":[{"count":14,"href":"https:\/\/velooutlets.com\/en\/wp-json\/wp\/v2\/pages\/357\/revisions"}],"predecessor-version":[{"id":12518,"href":"https:\/\/velooutlets.com\/en\/wp-json\/wp\/v2\/pages\/357\/revisions\/12518"}],"wp:attachment":[{"href":"https:\/\/velooutlets.com\/en\/wp-json\/wp\/v2\/media?parent=357"}],"curies":[{"name":"wp","href":"https:\/\/api.w.org\/{rel}","templated":true}]}}