{"id":5089,"date":"2021-01-18T14:54:53","date_gmt":"2021-01-18T07:54:53","guid":{"rendered":"http:\/\/staging.velooutlets.com\/?page_id=21"},"modified":"2026-04-07T12:26:02","modified_gmt":"2026-04-07T09:26:02","slug":"kontakti","status":"publish","type":"page","link":"https:\/\/velooutlets.com\/en\/kontakti\/","title":{"rendered":"Contacts"},"content":{"rendered":"<div data-elementor-type=\"wp-page\" data-elementor-id=\"5089\" class=\"elementor elementor-5089\">\n\t\t\t\t\t\t<section class=\"elementor-section elementor-top-section elementor-element elementor-element-42a3316 elementor-section-boxed elementor-section-height-default elementor-section-height-default\" data-id=\"42a3316\" data-element_type=\"section\" data-e-type=\"section\">\n\t\t\t\t\t\t<div class=\"elementor-container elementor-column-gap-default\">\n\t\t\t\t\t<div class=\"elementor-column elementor-col-50 elementor-top-column elementor-element elementor-element-539e1e9\" data-id=\"539e1e9\" data-element_type=\"column\" data-e-type=\"column\">\n\t\t\t<div class=\"elementor-widget-wrap elementor-element-populated\">\n\t\t\t\t\t\t<div class=\"elementor-element elementor-element-b4df1ff elementor-widget elementor-widget-text-editor\" data-id=\"b4df1ff\" data-element_type=\"widget\" data-e-type=\"widget\" data-widget_type=\"text-editor.default\">\n\t\t\t\t\t\t\t\t\t<h4><img decoding=\"async\" class=\"alignnone\" src=\"https:\/\/velooutlets.com\/wp-content\/uploads\/2022\/07\/location.png\" alt=\"\" \/>VeloOutlets store:<\/h4>\t\t\t\t\t\t\t\t<\/div>\n\t\t\t\t<div class=\"elementor-element elementor-element-6d8fd5e elementor-widget elementor-widget-text-editor\" data-id=\"6d8fd5e\" data-element_type=\"widget\" data-e-type=\"widget\" data-widget_type=\"text-editor.default\">\n\t\t\t\t\t\t\t\t\t<p><strong><span style=\"color: #f20524;\">Opening hours:<\/span><\/strong><br \/><strong>Weekdays: 9:00-19:00<\/strong><br \/><strong>Sat: 9:00-18:00 <\/strong><br \/><strong>Sun: 9:00-17:00<\/strong><\/p>\t\t\t\t\t\t\t\t<\/div>\n\t\t\t\t<div class=\"elementor-element elementor-element-3d898b5 elementor-widget elementor-widget-text-editor\" data-id=\"3d898b5\" data-element_type=\"widget\" data-e-type=\"widget\" data-widget_type=\"text-editor.default\">\n\t\t\t\t\t\t\t\t\t<p><a title=\"https:\/\/maps.app.goo.gl\/uuxMm4t4A5CDTheq6\" href=\"https:\/\/maps.app.goo.gl\/uuxMm4t4A5CDTheq6\" target=\"_blank\" rel=\"noopener\">56 Ventas Street, Marupe, Latvia<\/a><\/p>\t\t\t\t\t\t\t\t<\/div>\n\t\t\t\t<div class=\"elementor-element elementor-element-dc53079 elementor-widget elementor-widget-text-editor\" data-id=\"dc53079\" data-element_type=\"widget\" data-e-type=\"widget\" data-widget_type=\"text-editor.default\">\n\t\t\t\t\t\t\t\t\t<h4><img decoding=\"async\" class=\"alignnone\" src=\"https:\/\/velooutlets.com\/wp-content\/uploads\/2022\/07\/phone.png\" alt=\"\" \/>Contact us:<\/h4>\t\t\t\t\t\t\t\t<\/div>\n\t\t\t\t<div class=\"elementor-element elementor-element-8b17d31 elementor-widget elementor-widget-text-editor\" data-id=\"8b17d31\" data-element_type=\"widget\" data-e-type=\"widget\" data-widget_type=\"text-editor.default\">\n\t\t\t\t\t\t\t\t\t<p>Shop: +371 28880123<\/p><p>Service: +371 24882383<\/p>\t\t\t\t\t\t\t\t<\/div>\n\t\t\t\t<div class=\"elementor-element elementor-element-c49aa0f elementor-widget elementor-widget-text-editor\" data-id=\"c49aa0f\" data-element_type=\"widget\" data-e-type=\"widget\" data-widget_type=\"text-editor.default\">\n\t\t\t\t\t\t\t\t\t<h4><img decoding=\"async\" class=\"alignnone\" src=\"https:\/\/velooutlets.com\/wp-content\/uploads\/2022\/07\/mail.png\" alt=\"\" \/>Write to us:<\/h4>\t\t\t\t\t\t\t\t<\/div>\n\t\t\t\t<div class=\"elementor-element elementor-element-d56059e elementor-widget elementor-widget-text-editor\" data-id=\"d56059e\" data-element_type=\"widget\" data-e-type=\"widget\" data-widget_type=\"text-editor.default\">\n\t\t\t\t\t\t\t\t\t<p>Fill in our form and we'll get back to you within 24 hours.<\/p>\t\t\t\t\t\t\t\t<\/div>\n\t\t\t\t<div class=\"elementor-element elementor-element-2a1bb8f elementor-widget elementor-widget-text-editor\" data-id=\"2a1bb8f\" data-element_type=\"widget\" data-e-type=\"widget\" data-widget_type=\"text-editor.default\">\n\t\t\t\t\t\t\t\t\t<p>Email: pasutijumi@vienibasgatve.lv<\/p>\t\t\t\t\t\t\t\t<\/div>\n\t\t\t\t\t<\/div>\n\t\t<\/div>\n\t\t\t\t<div class=\"elementor-column elementor-col-50 elementor-top-column elementor-element elementor-element-8e24c8e\" data-id=\"8e24c8e\" data-element_type=\"column\" data-e-type=\"column\">\n\t\t\t<div class=\"elementor-widget-wrap elementor-element-populated\">\n\t\t\t\t\t\t<div class=\"elementor-element elementor-element-399eed3 contact-form elementor-widget elementor-widget-shortcode\" data-id=\"399eed3\" data-element_type=\"widget\" data-e-type=\"widget\" data-widget_type=\"shortcode.default\">\n\t\t\t\t\t\t\t<div class=\"elementor-shortcode\">\n<div class=\"wpcf7 no-js\" id=\"wpcf7-f16-o1\" lang=\"en-US\" dir=\"ltr\" data-wpcf7-id=\"16\">\n<div class=\"screen-reader-response\"><p role=\"status\" aria-live=\"polite\" aria-atomic=\"true\"><\/p> <ul><\/ul><\/div>\n<form action=\"\/en\/wp-json\/wp\/v2\/pages\/5089#wpcf7-f16-o1\" method=\"post\" class=\"wpcf7-form init\" aria-label=\"Contact form\" novalidate=\"novalidate\" data-status=\"init\" data-trp-original-action=\"\/en\/wp-json\/wp\/v2\/pages\/5089#wpcf7-f16-o1\">\n<fieldset class=\"hidden-fields-container\"><input type=\"hidden\" name=\"_wpcf7\" value=\"16\" \/><input type=\"hidden\" name=\"_wpcf7_version\" value=\"6.1.5\" \/><input type=\"hidden\" name=\"_wpcf7_locale\" value=\"en_US\" \/><input type=\"hidden\" name=\"_wpcf7_unit_tag\" value=\"wpcf7-f16-o1\" \/><input type=\"hidden\" name=\"_wpcf7_container_post\" value=\"0\" \/><input type=\"hidden\" name=\"_wpcf7_posted_data_hash\" value=\"\" \/>\n<\/fieldset>\n<p><label> Your name<br \/>\n<span class=\"wpcf7-form-control-wrap\" data-name=\"your-name\"><input size=\"40\" maxlength=\"400\" class=\"wpcf7-form-control wpcf7-text wpcf7-validates-as-required\" autocomplete=\"name\" aria-required=\"true\" aria-invalid=\"false\" value=\"\" type=\"text\" name=\"your-name\" \/><\/span> <\/label>\n<\/p>\n<p><label> Your e-mail<br \/>\n<span class=\"wpcf7-form-control-wrap\" data-name=\"your-email\"><input size=\"40\" maxlength=\"400\" class=\"wpcf7-form-control wpcf7-email wpcf7-validates-as-required wpcf7-text wpcf7-validates-as-email\" autocomplete=\"email\" aria-required=\"true\" aria-invalid=\"false\" value=\"\" type=\"email\" name=\"your-email\" \/><\/span> <\/label>\n<\/p>\n<p><label> Subject<br \/>\n<span class=\"wpcf7-form-control-wrap\" data-name=\"your-subject\"><input size=\"40\" maxlength=\"400\" class=\"wpcf7-form-control wpcf7-text wpcf7-validates-as-required\" aria-required=\"true\" aria-invalid=\"false\" value=\"\" type=\"text\" name=\"your-subject\" \/><\/span> <\/label>\n<\/p>\n<p><label> Your message (optional)<br \/>\n<span class=\"wpcf7-form-control-wrap\" data-name=\"your-message\"><textarea cols=\"40\" rows=\"10\" maxlength=\"2000\" class=\"wpcf7-form-control wpcf7-textarea\" aria-invalid=\"false\" name=\"your-message\"><\/textarea><\/span> <\/label>\n<\/p>\n<p><input class=\"wpcf7-form-control wpcf7-submit has-spinner\" type=\"submit\" value=\"Send to\" \/>\n<\/p><div class=\"wpcf7-response-output\" aria-hidden=\"true\"><\/div>\n<input type=\"hidden\" name=\"trp-form-language\" value=\"en\"\/><\/form>\n<\/div>\n<\/div>\n\t\t\t\t\t\t<\/div>\n\t\t\t\t\t<\/div>\n\t\t<\/div>\n\t\t\t\t\t<\/div>\n\t\t<\/section>\n\t\t\t\t<section class=\"elementor-section elementor-top-section elementor-element elementor-element-092c798 elementor-section-boxed elementor-section-height-default elementor-section-height-default\" data-id=\"092c798\" data-element_type=\"section\" data-e-type=\"section\">\n\t\t\t\t\t\t<div class=\"elementor-container elementor-column-gap-default\">\n\t\t\t\t\t<div class=\"elementor-column elementor-col-100 elementor-top-column elementor-element elementor-element-35ece0b\" data-id=\"35ece0b\" data-element_type=\"column\" data-e-type=\"column\">\n\t\t\t<div class=\"elementor-widget-wrap elementor-element-populated\">\n\t\t\t\t\t\t<div class=\"elementor-element elementor-element-10af796 elementor-widget elementor-widget-html\" data-id=\"10af796\" data-element_type=\"widget\" data-e-type=\"widget\" data-widget_type=\"html.default\">\n\t\t\t\t\t<iframe src=\"https:\/\/www.google.com\/maps\/embed?pb=!1m18!1m12!1m3!1d2178.982583967052!2d24.07190737695443!3d56.89768617352942!2m3!1f0!2f0!3f0!3m2!1i1024!2i768!4f13.1!3m3!1m2!1s0x46eed101e598fcd3%3A0x26945a70f66578cc!2zVmVudGFzIGllbGEgNTYsIE3EgXJ1cGUsIE3EgXJ1cGUgcGlsc8STdGEsIE3EgXJ1cGVzIG5vdmFkcywgTFYtMjE2NywgTGF0dmlh!5e0!3m2!1sen!2sin!4v1770702830140!5m2!1sen!2sin\" width=\"600\" height=\"560\" style=\"border:0;\" allowfullscreen=\"\" loading=\"lazy\" referrerpolicy=\"no-referrer-when-downgrade\"><\/iframe>\t\t\t\t<\/div>\n\t\t\t\t<div class=\"elementor-element elementor-element-cee11e4 elementor-hidden-widescreen elementor-hidden-desktop elementor-hidden-laptop elementor-hidden-tablet_extra elementor-hidden-tablet elementor-hidden-mobile_extra elementor-hidden-mobile elementor-widget elementor-widget-google_maps\" data-id=\"cee11e4\" data-element_type=\"widget\" data-e-type=\"widget\" data-widget_type=\"google_maps.default\">\n\t\t\t\t\t\t\t<div class=\"elementor-custom-embed\">\n\t\t\t<iframe loading=\"lazy\"\n\t\t\t\t\tsrc=\"https:\/\/maps.google.com\/maps?q=Ventas%20iela%2056%2C%20M%C4%81rupe&#038;t=m&#038;z=15&#038;output=embed&#038;iwloc=near\"\n\t\t\t\t\ttitle=\"Ventas street 56, Marupe\"\n\t\t\t\t\taria-label=\"Ventas street 56, Marupe\"\n\t\t\t><\/iframe>\n\t\t<\/div>\n\t\t\t\t\t\t<\/div>\n\t\t\t\t<div class=\"elementor-element elementor-element-501a365 elementor-widget elementor-widget-text-editor\" data-id=\"501a365\" data-element_type=\"widget\" data-e-type=\"widget\" data-widget_type=\"text-editor.default\">\n\t\t\t\t\t\t\t\t\t<h5>SIA GJ Bikes<br \/>Reg. Reg.<strong>\u00a0<\/strong>44103131383<br \/>M\u0101rupe, Ventas iela 56, LV-2167, Latvia<\/h5>\t\t\t\t\t\t\t\t<\/div>\n\t\t\t\t\t<\/div>\n\t\t<\/div>\n\t\t\t\t\t<\/div>\n\t\t<\/section>\n\t\t\t\t<\/div>","protected":false},"excerpt":{"rendered":"<p>VeloOutlets veikals: Veikala darba laiks:Darba dien\u0101s: 9:00-19:00Se: 9:00-18:00 Sv: 9:00-17:00 Ventas iela 56, M\u0101rupe, Latvija Sazinies ar mums: Veikals: +371 28880123 Serviss: +371 24882383 Uzraksti mums: Aizpildiet m\u016bsu formu, un m\u0113s sazin\u0101simies ar jums 24 stundu laik\u0101. Epasts: pasutijumi@vienibasgatve.lv SIA GJ BikesRe\u0123. nr.\u00a044103131383M\u0101rupe, Ventas iela 56, LV-2167, Latvija<\/p>","protected":false},"author":1,"featured_media":0,"parent":0,"menu_order":0,"comment_status":"closed","ping_status":"closed","template":"","meta":{"_monsterinsights_skip_tracking":false,"_monsterinsights_sitenote_active":false,"_monsterinsights_sitenote_note":"","_monsterinsights_sitenote_category":0,"footnotes":""},"class_list":["post-5089","page","type-page","status-publish","hentry"],"yoast_head":"<!-- This site is optimized with the Yoast SEO plugin v27.2 - https:\/\/yoast.com\/product\/yoast-seo-wordpress\/ -->\n<title>Kontakti - Velo Outlets<\/title>\n<meta name=\"robots\" content=\"index, follow, max-snippet:-1, max-image-preview:large, max-video-preview:-1\" \/>\n<link rel=\"canonical\" href=\"https:\/\/velooutlets.com\/en\/kontakti\/\" \/>\n<meta property=\"og:locale\" content=\"en_US\" \/>\n<meta property=\"og:type\" content=\"article\" \/>\n<meta property=\"og:title\" content=\"Kontakti - Velo Outlets\" \/>\n<meta property=\"og:description\" content=\"VeloOutlets veikals: Veikala darba laiks:Darba dien\u0101s: 9:00-19:00Se: 9:00-18:00 Sv: 9:00-17:00 Ventas iela 56, M\u0101rupe, Latvija Sazinies ar mums: Veikals: +371 28880123 Serviss: +371 24882383 Uzraksti mums: Aizpildiet m\u016bsu formu, un m\u0113s sazin\u0101simies ar jums 24 stundu laik\u0101. Epasts: pasutijumi@vienibasgatve.lv SIA GJ BikesRe\u0123. nr.\u00a044103131383M\u0101rupe, Ventas iela 56, LV-2167, Latvija\" \/>\n<meta property=\"og:url\" content=\"https:\/\/velooutlets.com\/en\/kontakti\/\" \/>\n<meta property=\"og:site_name\" content=\"Velo Outlets\" \/>\n<meta property=\"article:modified_time\" content=\"2026-04-07T09:26:02+00:00\" \/>\n<meta property=\"og:image\" content=\"https:\/\/velooutlets.com\/wp-content\/uploads\/2022\/07\/location.png\" \/>\n<meta name=\"twitter:card\" content=\"summary_large_image\" \/>\n<meta name=\"twitter:label1\" content=\"Est. reading time\" \/>\n\t<meta name=\"twitter:data1\" content=\"1 minute\" \/>\n<script type=\"application\/ld+json\" class=\"yoast-schema-graph\">{\"@context\":\"https:\/\/schema.org\",\"@graph\":[{\"@type\":\"WebPage\",\"@id\":\"https:\/\/velooutlets.com\/kontakti\/\",\"url\":\"https:\/\/velooutlets.com\/kontakti\/\",\"name\":\"Kontakti - Velo Outlets\",\"isPartOf\":{\"@id\":\"https:\/\/velooutlets.com\/en\/#website\"},\"primaryImageOfPage\":{\"@id\":\"https:\/\/velooutlets.com\/kontakti\/#primaryimage\"},\"image\":{\"@id\":\"https:\/\/velooutlets.com\/kontakti\/#primaryimage\"},\"thumbnailUrl\":\"https:\/\/velooutlets.com\/wp-content\/uploads\/2022\/07\/location.png\",\"datePublished\":\"2021-01-18T07:54:53+00:00\",\"dateModified\":\"2026-04-07T09:26:02+00:00\",\"breadcrumb\":{\"@id\":\"https:\/\/velooutlets.com\/kontakti\/#breadcrumb\"},\"inLanguage\":\"en-US\",\"potentialAction\":[{\"@type\":\"ReadAction\",\"target\":[\"https:\/\/velooutlets.com\/kontakti\/\"]}]},{\"@type\":\"ImageObject\",\"inLanguage\":\"en-US\",\"@id\":\"https:\/\/velooutlets.com\/kontakti\/#primaryimage\",\"url\":\"https:\/\/velooutlets.com\/wp-content\/uploads\/2022\/07\/location.png\",\"contentUrl\":\"https:\/\/velooutlets.com\/wp-content\/uploads\/2022\/07\/location.png\"},{\"@type\":\"BreadcrumbList\",\"@id\":\"https:\/\/velooutlets.com\/kontakti\/#breadcrumb\",\"itemListElement\":[{\"@type\":\"ListItem\",\"position\":1,\"name\":\"Home\",\"item\":\"https:\/\/velooutlets.com\/\"},{\"@type\":\"ListItem\",\"position\":2,\"name\":\"Kontakti\"}]},{\"@type\":\"WebSite\",\"@id\":\"https:\/\/velooutlets.com\/en\/#website\",\"url\":\"https:\/\/velooutlets.com\/en\/\",\"name\":\"Velo Outlets\",\"description\":\"Velosip\u0113di visai \u0123imenei\",\"potentialAction\":[{\"@type\":\"SearchAction\",\"target\":{\"@type\":\"EntryPoint\",\"urlTemplate\":\"https:\/\/velooutlets.com\/en\/?s={search_term_string}\"},\"query-input\":{\"@type\":\"PropertyValueSpecification\",\"valueRequired\":true,\"valueName\":\"search_term_string\"}}],\"inLanguage\":\"en-US\"}]}<\/script>\n<!-- \/ Yoast SEO plugin. -->","yoast_head_json":{"title":"Kontakti - Velo Outlets","robots":{"index":"index","follow":"follow","max-snippet":"max-snippet:-1","max-image-preview":"max-image-preview:large","max-video-preview":"max-video-preview:-1"},"canonical":"https:\/\/velooutlets.com\/en\/kontakti\/","og_locale":"en_US","og_type":"article","og_title":"Kontakti - Velo Outlets","og_description":"VeloOutlets veikals: Veikala darba laiks:Darba dien\u0101s: 9:00-19:00Se: 9:00-18:00 Sv: 9:00-17:00 Ventas iela 56, M\u0101rupe, Latvija Sazinies ar mums: Veikals: +371 28880123 Serviss: +371 24882383 Uzraksti mums: Aizpildiet m\u016bsu formu, un m\u0113s sazin\u0101simies ar jums 24 stundu laik\u0101. Epasts: pasutijumi@vienibasgatve.lv SIA GJ BikesRe\u0123. nr.\u00a044103131383M\u0101rupe, Ventas iela 56, LV-2167, Latvija","og_url":"https:\/\/velooutlets.com\/en\/kontakti\/","og_site_name":"Velo Outlets","article_modified_time":"2026-04-07T09:26:02+00:00","og_image":[{"url":"https:\/\/velooutlets.com\/wp-content\/uploads\/2022\/07\/location.png","type":"","width":"","height":""}],"twitter_card":"summary_large_image","twitter_misc":{"Est. reading time":"1 minute"},"schema":{"@context":"https:\/\/schema.org","@graph":[{"@type":"WebPage","@id":"https:\/\/velooutlets.com\/kontakti\/","url":"https:\/\/velooutlets.com\/kontakti\/","name":"Kontakti - Velo Outlets","isPartOf":{"@id":"https:\/\/velooutlets.com\/en\/#website"},"primaryImageOfPage":{"@id":"https:\/\/velooutlets.com\/kontakti\/#primaryimage"},"image":{"@id":"https:\/\/velooutlets.com\/kontakti\/#primaryimage"},"thumbnailUrl":"https:\/\/velooutlets.com\/wp-content\/uploads\/2022\/07\/location.png","datePublished":"2021-01-18T07:54:53+00:00","dateModified":"2026-04-07T09:26:02+00:00","breadcrumb":{"@id":"https:\/\/velooutlets.com\/kontakti\/#breadcrumb"},"inLanguage":"en-US","potentialAction":[{"@type":"ReadAction","target":["https:\/\/velooutlets.com\/kontakti\/"]}]},{"@type":"ImageObject","inLanguage":"en-US","@id":"https:\/\/velooutlets.com\/kontakti\/#primaryimage","url":"https:\/\/velooutlets.com\/wp-content\/uploads\/2022\/07\/location.png","contentUrl":"https:\/\/velooutlets.com\/wp-content\/uploads\/2022\/07\/location.png"},{"@type":"BreadcrumbList","@id":"https:\/\/velooutlets.com\/kontakti\/#breadcrumb","itemListElement":[{"@type":"ListItem","position":1,"name":"Home","item":"https:\/\/velooutlets.com\/"},{"@type":"ListItem","position":2,"name":"Kontakti"}]},{"@type":"WebSite","@id":"https:\/\/velooutlets.com\/en\/#website","url":"https:\/\/velooutlets.com\/en\/","name":"Velo Outlets","description":"Velosip\u0113di visai \u0123imenei","potentialAction":[{"@type":"SearchAction","target":{"@type":"EntryPoint","urlTemplate":"https:\/\/velooutlets.com\/en\/?s={search_term_string}"},"query-input":{"@type":"PropertyValueSpecification","valueRequired":true,"valueName":"search_term_string"}}],"inLanguage":"en-US"}]}},"jetpack_sharing_enabled":true,"_links":{"self":[{"href":"https:\/\/velooutlets.com\/en\/wp-json\/wp\/v2\/pages\/5089","targetHints":{"allow":["GET"]}}],"collection":[{"href":"https:\/\/velooutlets.com\/en\/wp-json\/wp\/v2\/pages"}],"about":[{"href":"https:\/\/velooutlets.com\/en\/wp-json\/wp\/v2\/types\/page"}],"author":[{"embeddable":true,"href":"https:\/\/velooutlets.com\/en\/wp-json\/wp\/v2\/users\/1"}],"replies":[{"embeddable":true,"href":"https:\/\/velooutlets.com\/en\/wp-json\/wp\/v2\/comments?post=5089"}],"version-history":[{"count":45,"href":"https:\/\/velooutlets.com\/en\/wp-json\/wp\/v2\/pages\/5089\/revisions"}],"predecessor-version":[{"id":37952,"href":"https:\/\/velooutlets.com\/en\/wp-json\/wp\/v2\/pages\/5089\/revisions\/37952"}],"wp:attachment":[{"href":"https:\/\/velooutlets.com\/en\/wp-json\/wp\/v2\/media?parent=5089"}],"curies":[{"name":"wp","href":"https:\/\/api.w.org\/{rel}","templated":true}]}}