{"id":10952,"date":"2025-10-08T07:07:29","date_gmt":"2025-10-08T07:07:29","guid":{"rendered":"https:\/\/staging.velooutlets.com\/product\/classic-team-29-21s\/"},"modified":"2026-04-27T12:28:19","modified_gmt":"2026-04-27T09:28:19","slug":"classic-team-29-21s","status":"publish","type":"product","link":"https:\/\/velooutlets.com\/en\/product\/classic-team-29-21s\/","title":{"rendered":"Classic TEAM 29 21s"},"content":{"rendered":"<p>The Classic TEAM 29 21S is a versatile mountain bike suitable for both casual and light off-road use. It combines large 29\" wheels with a reliable Shimano gear system for a stable and comfortable ride in a variety of conditions.<\/p>\n<p>The aluminium frame makes the bike lighter and easier to handle, while the shock-absorbing fork with 100 mm of travel helps absorb shocks and improves control on uneven surfaces. Large wheels with quality Schwalbe tyres ensure good grip and smooth rolling.<\/p>\n<p>The 21-speed Shimano Tourney system (3\u00d77) offers enough gear range for different terrains. V-brakes provide simple, reliable and easy-to-maintain braking.<\/p>\n<p>Specification:<br \/>\nWheel size: 29\u2033<br \/>\nFrame: aluminium<br \/>\nFork: HL Zoom 565, 100 mm damping fork<br \/>\nNumber of speeds: 3\u00d77 (21 speeds)<br \/>\nFront derailleur: Shimano Tourney TY-500<br \/>\nRear derailleur: Shimano Tourney TY-300<br \/>\nBrakes: v-shaped<br \/>\nWheels: aluminium, double wall, 36H<br \/>\nTyres: Schwalbe Rapid Rob 29 \u00d7 2.25<br \/>\nFront sprocket: Shimano TY-301, 42\/34\/24T, 170 mm<br \/>\nChain guard, reflectors<br \/>\nWeight: ~14.6 kg<\/p>","protected":false},"excerpt":{"rendered":"<p>Classic TEAM 29 21S ir daudzpus\u012bgs kalnu velosip\u0113ds, kas piem\u0113rots gan ikdienas braucieniem, gan vieglam bezce\u013cam. Tas apvieno lielus 29 collu rite\u0146us ar uzticamu Shimano p\u0101rnesumu sist\u0113mu, nodro\u0161inot stabilu un komfortablu brauk\u0161anu da\u017e\u0101dos apst\u0101k\u013cos. Alum\u012bnija r\u0101mis padara velosip\u0113du viegl\u0101ku un viegl\u0101k vad\u0101mu, savuk\u0101rt amortiz\u0101cijas dak\u0161a ar 100 mm g\u0101jienu pal\u012bdz absorb\u0113t triecienus un uzlabo kontroli [&hellip;]<\/p>\n","protected":false},"featured_media":10975,"template":"","meta":{"_monsterinsights_skip_tracking":false,"_monsterinsights_sitenote_active":false,"_monsterinsights_sitenote_note":"","_monsterinsights_sitenote_category":0,"_iconic_wsb_product_page_order_bump_ids":[[]],"_sku":["10732638011659"],"_iconic_wsb_product_page_bump_modal_ids":[[]]},"product_brand":[1174],"product_cat":[980,1127],"product_tag":[211,212],"class_list":{"0":"post-10952","1":"product","2":"type-product","3":"status-publish","4":"has-post-thumbnail","6":"product_brand-classic","7":"product_cat-kalnu-velosipedi","8":"product_cat-velosipedi","9":"product_tag-kalnu-velosipedi","10":"product_tag-velosipedi","11":"product_shipping_class-pieauguso-velosipedi","12":"pa_materials-aluminija","14":"first","15":"instock","16":"sale","17":"taxable","18":"shipping-taxable","19":"purchasable","20":"product-type-simple"},"yoast_head":"<!-- This site is optimized with the Yoast SEO plugin v27.2 - https:\/\/yoast.com\/product\/yoast-seo-wordpress\/ -->\n<title>Classic TEAM 29 21s - Velo Outlets<\/title>\n<meta name=\"description\" content=\"Stabils 29\u2033 MTB velosip\u0113ds ar 21 \u0101trumu un labu sa\u0137eri da\u017e\u0101dos segumos.\" \/>\n<meta name=\"robots\" content=\"index, follow, max-snippet:-1, max-image-preview:large, max-video-preview:-1\" \/>\n<link rel=\"canonical\" href=\"https:\/\/velooutlets.com\/en\/product\/classic-team-29-21s\/\" \/>\n<meta property=\"og:locale\" content=\"en_US\" \/>\n<meta property=\"og:type\" content=\"article\" \/>\n<meta property=\"og:title\" content=\"Classic TEAM 29 21s - Velo Outlets\" \/>\n<meta property=\"og:description\" content=\"Stabils 29\u2033 MTB velosip\u0113ds ar 21 \u0101trumu un labu sa\u0137eri da\u017e\u0101dos segumos.\" \/>\n<meta property=\"og:url\" content=\"https:\/\/velooutlets.com\/en\/product\/classic-team-29-21s\/\" \/>\n<meta property=\"og:site_name\" content=\"Velo Outlets\" \/>\n<meta property=\"article:modified_time\" content=\"2026-04-27T09:28:19+00:00\" \/>\n<meta property=\"og:image\" content=\"https:\/\/velooutlets.com\/wp-content\/uploads\/2025\/10\/29MA-21S-COL1-24.jpg\" \/>\n\t<meta property=\"og:image:width\" content=\"2500\" \/>\n\t<meta property=\"og:image:height\" content=\"1406\" \/>\n\t<meta property=\"og:image:type\" content=\"image\/jpeg\" \/>\n<meta name=\"twitter:card\" content=\"summary_large_image\" \/>\n<meta name=\"twitter:label1\" content=\"Est. reading time\" \/>\n\t<meta name=\"twitter:data1\" content=\"1 minute\" \/>\n<script type=\"application\/ld+json\" class=\"yoast-schema-graph\">{\"@context\":\"https:\/\/schema.org\",\"@graph\":[{\"@type\":\"WebPage\",\"@id\":\"https:\/\/velooutlets.com\/products\/classic-team-29-21s\/\",\"url\":\"https:\/\/velooutlets.com\/products\/classic-team-29-21s\/\",\"name\":\"Classic TEAM 29 21s - Velo Outlets\",\"isPartOf\":{\"@id\":\"https:\/\/velooutlets.com\/en\/#website\"},\"primaryImageOfPage\":{\"@id\":\"https:\/\/velooutlets.com\/products\/classic-team-29-21s\/#primaryimage\"},\"image\":{\"@id\":\"https:\/\/velooutlets.com\/products\/classic-team-29-21s\/#primaryimage\"},\"thumbnailUrl\":\"https:\/\/velooutlets.com\/wp-content\/uploads\/2025\/10\/29MA-21S-COL1-24.jpg\",\"datePublished\":\"2025-10-08T07:07:29+00:00\",\"dateModified\":\"2026-04-27T09:28:19+00:00\",\"description\":\"Stabils 29\u2033 MTB velosip\u0113ds ar 21 \u0101trumu un labu sa\u0137eri da\u017e\u0101dos segumos.\",\"breadcrumb\":{\"@id\":\"https:\/\/velooutlets.com\/products\/classic-team-29-21s\/#breadcrumb\"},\"inLanguage\":\"en-US\",\"potentialAction\":[{\"@type\":\"ReadAction\",\"target\":[\"https:\/\/velooutlets.com\/products\/classic-team-29-21s\/\"]}]},{\"@type\":\"ImageObject\",\"inLanguage\":\"en-US\",\"@id\":\"https:\/\/velooutlets.com\/products\/classic-team-29-21s\/#primaryimage\",\"url\":\"https:\/\/velooutlets.com\/wp-content\/uploads\/2025\/10\/29MA-21S-COL1-24.jpg\",\"contentUrl\":\"https:\/\/velooutlets.com\/wp-content\/uploads\/2025\/10\/29MA-21S-COL1-24.jpg\",\"width\":2500,\"height\":1406},{\"@type\":\"BreadcrumbList\",\"@id\":\"https:\/\/velooutlets.com\/products\/classic-team-29-21s\/#breadcrumb\",\"itemListElement\":[{\"@type\":\"ListItem\",\"position\":1,\"name\":\"Home\",\"item\":\"https:\/\/velooutlets.com\/\"},{\"@type\":\"ListItem\",\"position\":2,\"name\":\"Veikals\",\"item\":\"https:\/\/velooutlets.com\/shop\/\"},{\"@type\":\"ListItem\",\"position\":3,\"name\":\"Classic TEAM 29 21s\"}]},{\"@type\":\"WebSite\",\"@id\":\"https:\/\/velooutlets.com\/en\/#website\",\"url\":\"https:\/\/velooutlets.com\/en\/\",\"name\":\"Velo Outlets\",\"description\":\"Velosip\u0113di visai \u0123imenei\",\"potentialAction\":[{\"@type\":\"SearchAction\",\"target\":{\"@type\":\"EntryPoint\",\"urlTemplate\":\"https:\/\/velooutlets.com\/en\/?s={search_term_string}\"},\"query-input\":{\"@type\":\"PropertyValueSpecification\",\"valueRequired\":true,\"valueName\":\"search_term_string\"}}],\"inLanguage\":\"en-US\"}]}<\/script>\n<!-- \/ Yoast SEO plugin. -->","yoast_head_json":{"title":"Classic TEAM 29 21s - Velo Outlets","description":"Stabils 29\u2033 MTB velosip\u0113ds ar 21 \u0101trumu un labu sa\u0137eri da\u017e\u0101dos segumos.","robots":{"index":"index","follow":"follow","max-snippet":"max-snippet:-1","max-image-preview":"max-image-preview:large","max-video-preview":"max-video-preview:-1"},"canonical":"https:\/\/velooutlets.com\/en\/product\/classic-team-29-21s\/","og_locale":"en_US","og_type":"article","og_title":"Classic TEAM 29 21s - Velo Outlets","og_description":"Stabils 29\u2033 MTB velosip\u0113ds ar 21 \u0101trumu un labu sa\u0137eri da\u017e\u0101dos segumos.","og_url":"https:\/\/velooutlets.com\/en\/product\/classic-team-29-21s\/","og_site_name":"Velo Outlets","article_modified_time":"2026-04-27T09:28:19+00:00","og_image":[{"width":2500,"height":1406,"url":"https:\/\/velooutlets.com\/wp-content\/uploads\/2025\/10\/29MA-21S-COL1-24.jpg","type":"image\/jpeg"}],"twitter_card":"summary_large_image","twitter_misc":{"Est. reading time":"1 minute"},"schema":{"@context":"https:\/\/schema.org","@graph":[{"@type":"WebPage","@id":"https:\/\/velooutlets.com\/products\/classic-team-29-21s\/","url":"https:\/\/velooutlets.com\/products\/classic-team-29-21s\/","name":"Classic TEAM 29 21s - Velo Outlets","isPartOf":{"@id":"https:\/\/velooutlets.com\/en\/#website"},"primaryImageOfPage":{"@id":"https:\/\/velooutlets.com\/products\/classic-team-29-21s\/#primaryimage"},"image":{"@id":"https:\/\/velooutlets.com\/products\/classic-team-29-21s\/#primaryimage"},"thumbnailUrl":"https:\/\/velooutlets.com\/wp-content\/uploads\/2025\/10\/29MA-21S-COL1-24.jpg","datePublished":"2025-10-08T07:07:29+00:00","dateModified":"2026-04-27T09:28:19+00:00","description":"Stabils 29\u2033 MTB velosip\u0113ds ar 21 \u0101trumu un labu sa\u0137eri da\u017e\u0101dos segumos.","breadcrumb":{"@id":"https:\/\/velooutlets.com\/products\/classic-team-29-21s\/#breadcrumb"},"inLanguage":"en-US","potentialAction":[{"@type":"ReadAction","target":["https:\/\/velooutlets.com\/products\/classic-team-29-21s\/"]}]},{"@type":"ImageObject","inLanguage":"en-US","@id":"https:\/\/velooutlets.com\/products\/classic-team-29-21s\/#primaryimage","url":"https:\/\/velooutlets.com\/wp-content\/uploads\/2025\/10\/29MA-21S-COL1-24.jpg","contentUrl":"https:\/\/velooutlets.com\/wp-content\/uploads\/2025\/10\/29MA-21S-COL1-24.jpg","width":2500,"height":1406},{"@type":"BreadcrumbList","@id":"https:\/\/velooutlets.com\/products\/classic-team-29-21s\/#breadcrumb","itemListElement":[{"@type":"ListItem","position":1,"name":"Home","item":"https:\/\/velooutlets.com\/"},{"@type":"ListItem","position":2,"name":"Veikals","item":"https:\/\/velooutlets.com\/shop\/"},{"@type":"ListItem","position":3,"name":"Classic TEAM 29 21s"}]},{"@type":"WebSite","@id":"https:\/\/velooutlets.com\/en\/#website","url":"https:\/\/velooutlets.com\/en\/","name":"Velo Outlets","description":"Velosip\u0113di visai \u0123imenei","potentialAction":[{"@type":"SearchAction","target":{"@type":"EntryPoint","urlTemplate":"https:\/\/velooutlets.com\/en\/?s={search_term_string}"},"query-input":{"@type":"PropertyValueSpecification","valueRequired":true,"valueName":"search_term_string"}}],"inLanguage":"en-US"}]}},"jetpack_sharing_enabled":true,"_links":{"self":[{"href":"https:\/\/velooutlets.com\/en\/wp-json\/wp\/v2\/product\/10952","targetHints":{"allow":["GET"]}}],"collection":[{"href":"https:\/\/velooutlets.com\/en\/wp-json\/wp\/v2\/product"}],"about":[{"href":"https:\/\/velooutlets.com\/en\/wp-json\/wp\/v2\/types\/product"}],"wp:featuredmedia":[{"embeddable":true,"href":"https:\/\/velooutlets.com\/en\/wp-json\/wp\/v2\/media\/10975"}],"wp:attachment":[{"href":"https:\/\/velooutlets.com\/en\/wp-json\/wp\/v2\/media?parent=10952"}],"wp:term":[{"taxonomy":"product_brand","embeddable":true,"href":"https:\/\/velooutlets.com\/en\/wp-json\/wp\/v2\/product_brand?post=10952"},{"taxonomy":"product_cat","embeddable":true,"href":"https:\/\/velooutlets.com\/en\/wp-json\/wp\/v2\/product_cat?post=10952"},{"taxonomy":"product_tag","embeddable":true,"href":"https:\/\/velooutlets.com\/en\/wp-json\/wp\/v2\/product_tag?post=10952"}],"curies":[{"name":"wp","href":"https:\/\/api.w.org\/{rel}","templated":true}]}}