{"id":11230,"date":"2025-10-08T07:52:12","date_gmt":"2025-10-08T07:52:12","guid":{"rendered":"https:\/\/staging.velooutlets.com\/product\/powerdome-blaze-red-s\/"},"modified":"2026-03-18T12:54:34","modified_gmt":"2026-03-18T10:54:34","slug":"powerdome-blaze-red-s","status":"publish","type":"product","link":"https:\/\/velooutlets.com\/en\/product\/powerdome-blaze-red-s\/","title":{"rendered":"POWERDOME blaze red"},"content":{"rendered":"<p>The ABUS PowerDome is a high-performance road helmet inspired by professional cycling that combines aerodynamics, ventilation and comfort in one advanced solution. It's designed for riders who value speed, efficiency and comfort in both training and competition.<\/p>\n<p>The helmet's design ensures efficient airflow, helping to maintain an optimal temperature even during intense exercise. The aerodynamic shape reduces air resistance, while the light weight allows you to ride for longer without unnecessary fatigue.<\/p>\n<p>The precise adjustment system ensures a stable and individually tailored fit, while the high-quality inner padding guarantees all-day comfort. The PowerDome is the perfect choice for those looking for professional-level performance on their daily commute.<\/p>","protected":false},"excerpt":{"rendered":"<p>ABUS PowerDome ir augstas veiktsp\u0113jas \u0161osejas \u0137ivere, kas iedvesmota no profesion\u0101l\u0101 rite\u0146brauk\u0161anas sporta un apvieno aerodinamiku, ventil\u0101ciju un komfortu vien\u0101 modern\u0101 risin\u0101jum\u0101. T\u0101 rad\u012bta brauc\u0113jiem, kuri nov\u0113rt\u0113 \u0101trumu, efektivit\u0101ti un \u0113rt\u012bbas gan treni\u0146os, gan sacens\u012bb\u0101s. \u0136iveres konstrukcija nodro\u0161ina efekt\u012bvu gaisa pl\u016bsmu, pal\u012bdzot uztur\u0113t optim\u0101lu temperat\u016bru ar\u012b intens\u012bvas slodzes laik\u0101. Aerodinamisk\u0101 forma samazina gaisa pretest\u012bbu, bet [&hellip;]<\/p>\n","protected":false},"featured_media":11234,"template":"","meta":{"_monsterinsights_skip_tracking":false,"_monsterinsights_sitenote_active":false,"_monsterinsights_sitenote_note":"","_monsterinsights_sitenote_category":0,"_iconic_wsb_product_page_order_bump_ids":[],"_sku":["8951128621323"],"_iconic_wsb_product_page_bump_modal_ids":[]},"product_brand":[1346],"product_cat":[910,992,994,1735],"product_tag":[214,215,216],"class_list":{"0":"post-11230","1":"product","2":"type-product","3":"status-publish","4":"has-post-thumbnail","6":"product_brand-abus","7":"product_cat-aksesuari","8":"product_cat-kiveres","9":"product_cat-aizsargkiveres-pieaugusajiem","10":"product_cat-sosejas-kiveres","11":"product_tag-aizsargkiveres","12":"product_tag-kiveres","13":"product_tag-kiveres-pieaugusajiem","14":"product_shipping_class-aksesuari","15":"ts_product_brand-abus","17":"first","18":"instock","19":"taxable","20":"shipping-taxable","21":"purchasable","22":"product-type-simple"},"yoast_head":"<!-- This site is optimized with the Yoast SEO plugin v27.2 - https:\/\/yoast.com\/product\/yoast-seo-wordpress\/ -->\n<title>POWERDOME blaze red - Velo Outlets<\/title>\n<meta name=\"robots\" content=\"index, follow, max-snippet:-1, max-image-preview:large, max-video-preview:-1\" \/>\n<link rel=\"canonical\" href=\"https:\/\/velooutlets.com\/en\/product\/powerdome-blaze-red-s\/\" \/>\n<meta property=\"og:locale\" content=\"en_US\" \/>\n<meta property=\"og:type\" content=\"article\" \/>\n<meta property=\"og:title\" content=\"POWERDOME blaze red - Velo Outlets\" \/>\n<meta property=\"og:description\" content=\"ABUS PowerDome ir augstas veiktsp\u0113jas \u0161osejas \u0137ivere, kas iedvesmota no profesion\u0101l\u0101 rite\u0146brauk\u0161anas sporta un apvieno aerodinamiku, ventil\u0101ciju un komfortu vien\u0101 modern\u0101 risin\u0101jum\u0101. T\u0101 rad\u012bta brauc\u0113jiem, kuri nov\u0113rt\u0113 \u0101trumu, efektivit\u0101ti un \u0113rt\u012bbas gan treni\u0146os, gan sacens\u012bb\u0101s. \u0136iveres konstrukcija nodro\u0161ina efekt\u012bvu gaisa pl\u016bsmu, pal\u012bdzot uztur\u0113t optim\u0101lu temperat\u016bru ar\u012b intens\u012bvas slodzes laik\u0101. Aerodinamisk\u0101 forma samazina gaisa pretest\u012bbu, bet [&hellip;]\" \/>\n<meta property=\"og:url\" content=\"https:\/\/velooutlets.com\/en\/product\/powerdome-blaze-red-s\/\" \/>\n<meta property=\"og:site_name\" content=\"Velo Outlets\" \/>\n<meta property=\"article:modified_time\" content=\"2026-03-18T10:54:34+00:00\" \/>\n<meta property=\"og:image\" content=\"https:\/\/velooutlets.com\/wp-content\/uploads\/2025\/10\/91944_POWERDOME_BLAZE-RED_SIDE_CMYK_abus_1920_8b5973ac-2b30-40a4-8329-77c0abb12ff0.jpg\" \/>\n\t<meta property=\"og:image:width\" content=\"1920\" \/>\n\t<meta property=\"og:image:height\" content=\"1961\" \/>\n\t<meta property=\"og:image:type\" content=\"image\/jpeg\" \/>\n<meta name=\"twitter:card\" content=\"summary_large_image\" \/>\n<meta name=\"twitter:label1\" content=\"Est. reading time\" \/>\n\t<meta name=\"twitter:data1\" content=\"1 minute\" \/>\n<script type=\"application\/ld+json\" class=\"yoast-schema-graph\">{\"@context\":\"https:\/\/schema.org\",\"@graph\":[{\"@type\":\"WebPage\",\"@id\":\"https:\/\/velooutlets.com\/products\/powerdome-blaze-red-s\/\",\"url\":\"https:\/\/velooutlets.com\/products\/powerdome-blaze-red-s\/\",\"name\":\"POWERDOME blaze red - Velo Outlets\",\"isPartOf\":{\"@id\":\"https:\/\/velooutlets.com\/en\/#website\"},\"primaryImageOfPage\":{\"@id\":\"https:\/\/velooutlets.com\/products\/powerdome-blaze-red-s\/#primaryimage\"},\"image\":{\"@id\":\"https:\/\/velooutlets.com\/products\/powerdome-blaze-red-s\/#primaryimage\"},\"thumbnailUrl\":\"https:\/\/velooutlets.com\/wp-content\/uploads\/2025\/10\/91944_POWERDOME_BLAZE-RED_SIDE_CMYK_abus_1920_8b5973ac-2b30-40a4-8329-77c0abb12ff0.jpg\",\"datePublished\":\"2025-10-08T07:52:12+00:00\",\"dateModified\":\"2026-03-18T10:54:34+00:00\",\"breadcrumb\":{\"@id\":\"https:\/\/velooutlets.com\/products\/powerdome-blaze-red-s\/#breadcrumb\"},\"inLanguage\":\"en-US\",\"potentialAction\":[{\"@type\":\"ReadAction\",\"target\":[\"https:\/\/velooutlets.com\/products\/powerdome-blaze-red-s\/\"]}]},{\"@type\":\"ImageObject\",\"inLanguage\":\"en-US\",\"@id\":\"https:\/\/velooutlets.com\/products\/powerdome-blaze-red-s\/#primaryimage\",\"url\":\"https:\/\/velooutlets.com\/wp-content\/uploads\/2025\/10\/91944_POWERDOME_BLAZE-RED_SIDE_CMYK_abus_1920_8b5973ac-2b30-40a4-8329-77c0abb12ff0.jpg\",\"contentUrl\":\"https:\/\/velooutlets.com\/wp-content\/uploads\/2025\/10\/91944_POWERDOME_BLAZE-RED_SIDE_CMYK_abus_1920_8b5973ac-2b30-40a4-8329-77c0abb12ff0.jpg\",\"width\":1920,\"height\":1961},{\"@type\":\"BreadcrumbList\",\"@id\":\"https:\/\/velooutlets.com\/products\/powerdome-blaze-red-s\/#breadcrumb\",\"itemListElement\":[{\"@type\":\"ListItem\",\"position\":1,\"name\":\"Home\",\"item\":\"https:\/\/velooutlets.com\/\"},{\"@type\":\"ListItem\",\"position\":2,\"name\":\"Veikals\",\"item\":\"https:\/\/velooutlets.com\/shop\/\"},{\"@type\":\"ListItem\",\"position\":3,\"name\":\"POWERDOME blaze red\"}]},{\"@type\":\"WebSite\",\"@id\":\"https:\/\/velooutlets.com\/en\/#website\",\"url\":\"https:\/\/velooutlets.com\/en\/\",\"name\":\"Velo Outlets\",\"description\":\"Velosip\u0113di visai \u0123imenei\",\"potentialAction\":[{\"@type\":\"SearchAction\",\"target\":{\"@type\":\"EntryPoint\",\"urlTemplate\":\"https:\/\/velooutlets.com\/en\/?s={search_term_string}\"},\"query-input\":{\"@type\":\"PropertyValueSpecification\",\"valueRequired\":true,\"valueName\":\"search_term_string\"}}],\"inLanguage\":\"en-US\"}]}<\/script>\n<!-- \/ Yoast SEO plugin. -->","yoast_head_json":{"title":"POWERDOME blaze red - Velo Outlets","robots":{"index":"index","follow":"follow","max-snippet":"max-snippet:-1","max-image-preview":"max-image-preview:large","max-video-preview":"max-video-preview:-1"},"canonical":"https:\/\/velooutlets.com\/en\/product\/powerdome-blaze-red-s\/","og_locale":"en_US","og_type":"article","og_title":"POWERDOME blaze red - Velo Outlets","og_description":"ABUS PowerDome ir augstas veiktsp\u0113jas \u0161osejas \u0137ivere, kas iedvesmota no profesion\u0101l\u0101 rite\u0146brauk\u0161anas sporta un apvieno aerodinamiku, ventil\u0101ciju un komfortu vien\u0101 modern\u0101 risin\u0101jum\u0101. T\u0101 rad\u012bta brauc\u0113jiem, kuri nov\u0113rt\u0113 \u0101trumu, efektivit\u0101ti un \u0113rt\u012bbas gan treni\u0146os, gan sacens\u012bb\u0101s. \u0136iveres konstrukcija nodro\u0161ina efekt\u012bvu gaisa pl\u016bsmu, pal\u012bdzot uztur\u0113t optim\u0101lu temperat\u016bru ar\u012b intens\u012bvas slodzes laik\u0101. Aerodinamisk\u0101 forma samazina gaisa pretest\u012bbu, bet [&hellip;]","og_url":"https:\/\/velooutlets.com\/en\/product\/powerdome-blaze-red-s\/","og_site_name":"Velo Outlets","article_modified_time":"2026-03-18T10:54:34+00:00","og_image":[{"width":1920,"height":1961,"url":"https:\/\/velooutlets.com\/wp-content\/uploads\/2025\/10\/91944_POWERDOME_BLAZE-RED_SIDE_CMYK_abus_1920_8b5973ac-2b30-40a4-8329-77c0abb12ff0.jpg","type":"image\/jpeg"}],"twitter_card":"summary_large_image","twitter_misc":{"Est. reading time":"1 minute"},"schema":{"@context":"https:\/\/schema.org","@graph":[{"@type":"WebPage","@id":"https:\/\/velooutlets.com\/products\/powerdome-blaze-red-s\/","url":"https:\/\/velooutlets.com\/products\/powerdome-blaze-red-s\/","name":"POWERDOME blaze red - Velo Outlets","isPartOf":{"@id":"https:\/\/velooutlets.com\/en\/#website"},"primaryImageOfPage":{"@id":"https:\/\/velooutlets.com\/products\/powerdome-blaze-red-s\/#primaryimage"},"image":{"@id":"https:\/\/velooutlets.com\/products\/powerdome-blaze-red-s\/#primaryimage"},"thumbnailUrl":"https:\/\/velooutlets.com\/wp-content\/uploads\/2025\/10\/91944_POWERDOME_BLAZE-RED_SIDE_CMYK_abus_1920_8b5973ac-2b30-40a4-8329-77c0abb12ff0.jpg","datePublished":"2025-10-08T07:52:12+00:00","dateModified":"2026-03-18T10:54:34+00:00","breadcrumb":{"@id":"https:\/\/velooutlets.com\/products\/powerdome-blaze-red-s\/#breadcrumb"},"inLanguage":"en-US","potentialAction":[{"@type":"ReadAction","target":["https:\/\/velooutlets.com\/products\/powerdome-blaze-red-s\/"]}]},{"@type":"ImageObject","inLanguage":"en-US","@id":"https:\/\/velooutlets.com\/products\/powerdome-blaze-red-s\/#primaryimage","url":"https:\/\/velooutlets.com\/wp-content\/uploads\/2025\/10\/91944_POWERDOME_BLAZE-RED_SIDE_CMYK_abus_1920_8b5973ac-2b30-40a4-8329-77c0abb12ff0.jpg","contentUrl":"https:\/\/velooutlets.com\/wp-content\/uploads\/2025\/10\/91944_POWERDOME_BLAZE-RED_SIDE_CMYK_abus_1920_8b5973ac-2b30-40a4-8329-77c0abb12ff0.jpg","width":1920,"height":1961},{"@type":"BreadcrumbList","@id":"https:\/\/velooutlets.com\/products\/powerdome-blaze-red-s\/#breadcrumb","itemListElement":[{"@type":"ListItem","position":1,"name":"Home","item":"https:\/\/velooutlets.com\/"},{"@type":"ListItem","position":2,"name":"Veikals","item":"https:\/\/velooutlets.com\/shop\/"},{"@type":"ListItem","position":3,"name":"POWERDOME blaze red"}]},{"@type":"WebSite","@id":"https:\/\/velooutlets.com\/en\/#website","url":"https:\/\/velooutlets.com\/en\/","name":"Velo Outlets","description":"Velosip\u0113di visai \u0123imenei","potentialAction":[{"@type":"SearchAction","target":{"@type":"EntryPoint","urlTemplate":"https:\/\/velooutlets.com\/en\/?s={search_term_string}"},"query-input":{"@type":"PropertyValueSpecification","valueRequired":true,"valueName":"search_term_string"}}],"inLanguage":"en-US"}]}},"jetpack_sharing_enabled":true,"_links":{"self":[{"href":"https:\/\/velooutlets.com\/en\/wp-json\/wp\/v2\/product\/11230","targetHints":{"allow":["GET"]}}],"collection":[{"href":"https:\/\/velooutlets.com\/en\/wp-json\/wp\/v2\/product"}],"about":[{"href":"https:\/\/velooutlets.com\/en\/wp-json\/wp\/v2\/types\/product"}],"wp:featuredmedia":[{"embeddable":true,"href":"https:\/\/velooutlets.com\/en\/wp-json\/wp\/v2\/media\/11234"}],"wp:attachment":[{"href":"https:\/\/velooutlets.com\/en\/wp-json\/wp\/v2\/media?parent=11230"}],"wp:term":[{"taxonomy":"product_brand","embeddable":true,"href":"https:\/\/velooutlets.com\/en\/wp-json\/wp\/v2\/product_brand?post=11230"},{"taxonomy":"product_cat","embeddable":true,"href":"https:\/\/velooutlets.com\/en\/wp-json\/wp\/v2\/product_cat?post=11230"},{"taxonomy":"product_tag","embeddable":true,"href":"https:\/\/velooutlets.com\/en\/wp-json\/wp\/v2\/product_tag?post=11230"}],"curies":[{"name":"wp","href":"https:\/\/api.w.org\/{rel}","templated":true}]}}