{"id":11240,"date":"2025-10-08T07:52:17","date_gmt":"2025-10-08T07:52:17","guid":{"rendered":"https:\/\/staging.velooutlets.com\/product\/purl-y-ace-light-lavender-s\/"},"modified":"2026-03-18T13:14:25","modified_gmt":"2026-03-18T11:14:25","slug":"purl-y-ace-light-lavender-s","status":"publish","type":"product","link":"https:\/\/velooutlets.com\/en\/product\/purl-y-ace-light-lavender-s\/","title":{"rendered":"PURL-Y ACE light lavender"},"content":{"rendered":"<p>The ABUS Purl-Y is a modern urban cycling helmet with an in-mold construction for durability and effective shock absorption. It complies with the NTA 8776 standard, making it also suitable for e-bikes and faster rides up to 45 km\/h.<\/p>\n<p>The extended back provides better head and neck protection, while the precise adjustment system guarantees a stable fit. The helmet is equipped with air vents, a removable claw protector and washable padding for comfort on everyday rides in the city<\/p>","protected":false},"excerpt":{"rendered":"<p>ABUS Purl-Y ir moderna pils\u0113tas velo \u0137ivere ar in-mold konstrukciju, kas nodro\u0161ina iztur\u012bbu un efekt\u012bvu triecienu absorbciju. T\u0101 atbilst NTA 8776 standartam, padarot to piem\u0113rotu ar\u012b e-bike un \u0101tr\u0101kiem braucieniem l\u012bdz 45 km h. Pagarin\u0101t\u0101 aizmugures da\u013ca nodro\u0161ina lab\u0101ku galvas un kakla aizsardz\u012bbu, savuk\u0101rt prec\u012bz\u0101 regul\u0113\u0161anas sist\u0113ma garant\u0113 stabilu piegul\u0161anu. \u0136ivere apr\u012bkota ar ventil\u0101cijas atver\u0113m, [&hellip;]<\/p>\n","protected":false},"featured_media":11244,"template":"","meta":{"_monsterinsights_skip_tracking":false,"_monsterinsights_sitenote_active":false,"_monsterinsights_sitenote_note":"","_monsterinsights_sitenote_category":0,"_iconic_wsb_product_page_order_bump_ids":[],"_sku":["8951147200779"],"_iconic_wsb_product_page_bump_modal_ids":[]},"product_brand":[1346],"product_cat":[910,992,994,1736,1137],"product_tag":[214,215,216,217],"class_list":{"0":"post-11240","1":"product","2":"type-product","3":"status-publish","4":"has-post-thumbnail","6":"product_brand-abus","7":"product_cat-aksesuari","8":"product_cat-kiveres","9":"product_cat-aizsargkiveres-pieaugusajiem","10":"product_cat-pilsetas-kiveres","11":"product_cat-viss-ekipejums","12":"product_tag-aizsargkiveres","13":"product_tag-kiveres","14":"product_tag-kiveres-pieaugusajiem","15":"product_tag-kiveres-pusaudziem","16":"product_shipping_class-aksesuari","17":"ts_product_brand-abus","19":"first","20":"instock","21":"taxable","22":"shipping-taxable","23":"purchasable","24":"product-type-simple"},"yoast_head":"<!-- This site is optimized with the Yoast SEO plugin v27.2 - https:\/\/yoast.com\/product\/yoast-seo-wordpress\/ -->\n<title>PURL-Y ACE light lavender - Velo Outlets<\/title>\n<meta name=\"robots\" content=\"index, follow, max-snippet:-1, max-image-preview:large, max-video-preview:-1\" \/>\n<link rel=\"canonical\" href=\"https:\/\/velooutlets.com\/en\/product\/purl-y-ace-light-lavender-s\/\" \/>\n<meta property=\"og:locale\" content=\"en_US\" \/>\n<meta property=\"og:type\" content=\"article\" \/>\n<meta property=\"og:title\" content=\"PURL-Y ACE light lavender - Velo Outlets\" \/>\n<meta property=\"og:description\" content=\"ABUS Purl-Y ir moderna pils\u0113tas velo \u0137ivere ar in-mold konstrukciju, kas nodro\u0161ina iztur\u012bbu un efekt\u012bvu triecienu absorbciju. T\u0101 atbilst NTA 8776 standartam, padarot to piem\u0113rotu ar\u012b e-bike un \u0101tr\u0101kiem braucieniem l\u012bdz 45 km h. Pagarin\u0101t\u0101 aizmugures da\u013ca nodro\u0161ina lab\u0101ku galvas un kakla aizsardz\u012bbu, savuk\u0101rt prec\u012bz\u0101 regul\u0113\u0161anas sist\u0113ma garant\u0113 stabilu piegul\u0161anu. \u0136ivere apr\u012bkota ar ventil\u0101cijas atver\u0113m, [&hellip;]\" \/>\n<meta property=\"og:url\" content=\"https:\/\/velooutlets.com\/en\/product\/purl-y-ace-light-lavender-s\/\" \/>\n<meta property=\"og:site_name\" content=\"Velo Outlets\" \/>\n<meta property=\"article:modified_time\" content=\"2026-03-18T11:14:25+00:00\" \/>\n<meta property=\"og:image\" content=\"https:\/\/velooutlets.com\/wp-content\/uploads\/2025\/10\/40964_PURL_Y_ACE_LIGHT_LAVENDER_QUARTER_REAR_SK_3.jpg\" \/>\n\t<meta property=\"og:image:width\" content=\"875\" \/>\n\t<meta property=\"og:image:height\" content=\"1000\" \/>\n\t<meta property=\"og:image:type\" content=\"image\/jpeg\" \/>\n<meta name=\"twitter:card\" content=\"summary_large_image\" \/>\n<script type=\"application\/ld+json\" class=\"yoast-schema-graph\">{\"@context\":\"https:\/\/schema.org\",\"@graph\":[{\"@type\":\"WebPage\",\"@id\":\"https:\/\/velooutlets.com\/products\/purl-y-ace-light-lavender-s\/\",\"url\":\"https:\/\/velooutlets.com\/products\/purl-y-ace-light-lavender-s\/\",\"name\":\"PURL-Y ACE light lavender - Velo Outlets\",\"isPartOf\":{\"@id\":\"https:\/\/velooutlets.com\/en\/#website\"},\"primaryImageOfPage\":{\"@id\":\"https:\/\/velooutlets.com\/products\/purl-y-ace-light-lavender-s\/#primaryimage\"},\"image\":{\"@id\":\"https:\/\/velooutlets.com\/products\/purl-y-ace-light-lavender-s\/#primaryimage\"},\"thumbnailUrl\":\"https:\/\/velooutlets.com\/wp-content\/uploads\/2025\/10\/40964_PURL_Y_ACE_LIGHT_LAVENDER_QUARTER_REAR_SK_3.jpg\",\"datePublished\":\"2025-10-08T07:52:17+00:00\",\"dateModified\":\"2026-03-18T11:14:25+00:00\",\"breadcrumb\":{\"@id\":\"https:\/\/velooutlets.com\/products\/purl-y-ace-light-lavender-s\/#breadcrumb\"},\"inLanguage\":\"en-US\",\"potentialAction\":[{\"@type\":\"ReadAction\",\"target\":[\"https:\/\/velooutlets.com\/products\/purl-y-ace-light-lavender-s\/\"]}]},{\"@type\":\"ImageObject\",\"inLanguage\":\"en-US\",\"@id\":\"https:\/\/velooutlets.com\/products\/purl-y-ace-light-lavender-s\/#primaryimage\",\"url\":\"https:\/\/velooutlets.com\/wp-content\/uploads\/2025\/10\/40964_PURL_Y_ACE_LIGHT_LAVENDER_QUARTER_REAR_SK_3.jpg\",\"contentUrl\":\"https:\/\/velooutlets.com\/wp-content\/uploads\/2025\/10\/40964_PURL_Y_ACE_LIGHT_LAVENDER_QUARTER_REAR_SK_3.jpg\",\"width\":875,\"height\":1000},{\"@type\":\"BreadcrumbList\",\"@id\":\"https:\/\/velooutlets.com\/products\/purl-y-ace-light-lavender-s\/#breadcrumb\",\"itemListElement\":[{\"@type\":\"ListItem\",\"position\":1,\"name\":\"Home\",\"item\":\"https:\/\/velooutlets.com\/\"},{\"@type\":\"ListItem\",\"position\":2,\"name\":\"Veikals\",\"item\":\"https:\/\/velooutlets.com\/shop\/\"},{\"@type\":\"ListItem\",\"position\":3,\"name\":\"PURL-Y ACE light lavender\"}]},{\"@type\":\"WebSite\",\"@id\":\"https:\/\/velooutlets.com\/en\/#website\",\"url\":\"https:\/\/velooutlets.com\/en\/\",\"name\":\"Velo Outlets\",\"description\":\"Velosip\u0113di visai \u0123imenei\",\"potentialAction\":[{\"@type\":\"SearchAction\",\"target\":{\"@type\":\"EntryPoint\",\"urlTemplate\":\"https:\/\/velooutlets.com\/en\/?s={search_term_string}\"},\"query-input\":{\"@type\":\"PropertyValueSpecification\",\"valueRequired\":true,\"valueName\":\"search_term_string\"}}],\"inLanguage\":\"en-US\"}]}<\/script>\n<!-- \/ Yoast SEO plugin. -->","yoast_head_json":{"title":"PURL-Y ACE light lavender - Velo Outlets","robots":{"index":"index","follow":"follow","max-snippet":"max-snippet:-1","max-image-preview":"max-image-preview:large","max-video-preview":"max-video-preview:-1"},"canonical":"https:\/\/velooutlets.com\/en\/product\/purl-y-ace-light-lavender-s\/","og_locale":"en_US","og_type":"article","og_title":"PURL-Y ACE light lavender - Velo Outlets","og_description":"ABUS Purl-Y ir moderna pils\u0113tas velo \u0137ivere ar in-mold konstrukciju, kas nodro\u0161ina iztur\u012bbu un efekt\u012bvu triecienu absorbciju. T\u0101 atbilst NTA 8776 standartam, padarot to piem\u0113rotu ar\u012b e-bike un \u0101tr\u0101kiem braucieniem l\u012bdz 45 km h. Pagarin\u0101t\u0101 aizmugures da\u013ca nodro\u0161ina lab\u0101ku galvas un kakla aizsardz\u012bbu, savuk\u0101rt prec\u012bz\u0101 regul\u0113\u0161anas sist\u0113ma garant\u0113 stabilu piegul\u0161anu. \u0136ivere apr\u012bkota ar ventil\u0101cijas atver\u0113m, [&hellip;]","og_url":"https:\/\/velooutlets.com\/en\/product\/purl-y-ace-light-lavender-s\/","og_site_name":"Velo Outlets","article_modified_time":"2026-03-18T11:14:25+00:00","og_image":[{"width":875,"height":1000,"url":"https:\/\/velooutlets.com\/wp-content\/uploads\/2025\/10\/40964_PURL_Y_ACE_LIGHT_LAVENDER_QUARTER_REAR_SK_3.jpg","type":"image\/jpeg"}],"twitter_card":"summary_large_image","schema":{"@context":"https:\/\/schema.org","@graph":[{"@type":"WebPage","@id":"https:\/\/velooutlets.com\/products\/purl-y-ace-light-lavender-s\/","url":"https:\/\/velooutlets.com\/products\/purl-y-ace-light-lavender-s\/","name":"PURL-Y ACE light lavender - Velo Outlets","isPartOf":{"@id":"https:\/\/velooutlets.com\/en\/#website"},"primaryImageOfPage":{"@id":"https:\/\/velooutlets.com\/products\/purl-y-ace-light-lavender-s\/#primaryimage"},"image":{"@id":"https:\/\/velooutlets.com\/products\/purl-y-ace-light-lavender-s\/#primaryimage"},"thumbnailUrl":"https:\/\/velooutlets.com\/wp-content\/uploads\/2025\/10\/40964_PURL_Y_ACE_LIGHT_LAVENDER_QUARTER_REAR_SK_3.jpg","datePublished":"2025-10-08T07:52:17+00:00","dateModified":"2026-03-18T11:14:25+00:00","breadcrumb":{"@id":"https:\/\/velooutlets.com\/products\/purl-y-ace-light-lavender-s\/#breadcrumb"},"inLanguage":"en-US","potentialAction":[{"@type":"ReadAction","target":["https:\/\/velooutlets.com\/products\/purl-y-ace-light-lavender-s\/"]}]},{"@type":"ImageObject","inLanguage":"en-US","@id":"https:\/\/velooutlets.com\/products\/purl-y-ace-light-lavender-s\/#primaryimage","url":"https:\/\/velooutlets.com\/wp-content\/uploads\/2025\/10\/40964_PURL_Y_ACE_LIGHT_LAVENDER_QUARTER_REAR_SK_3.jpg","contentUrl":"https:\/\/velooutlets.com\/wp-content\/uploads\/2025\/10\/40964_PURL_Y_ACE_LIGHT_LAVENDER_QUARTER_REAR_SK_3.jpg","width":875,"height":1000},{"@type":"BreadcrumbList","@id":"https:\/\/velooutlets.com\/products\/purl-y-ace-light-lavender-s\/#breadcrumb","itemListElement":[{"@type":"ListItem","position":1,"name":"Home","item":"https:\/\/velooutlets.com\/"},{"@type":"ListItem","position":2,"name":"Veikals","item":"https:\/\/velooutlets.com\/shop\/"},{"@type":"ListItem","position":3,"name":"PURL-Y ACE light lavender"}]},{"@type":"WebSite","@id":"https:\/\/velooutlets.com\/en\/#website","url":"https:\/\/velooutlets.com\/en\/","name":"Velo Outlets","description":"Velosip\u0113di visai \u0123imenei","potentialAction":[{"@type":"SearchAction","target":{"@type":"EntryPoint","urlTemplate":"https:\/\/velooutlets.com\/en\/?s={search_term_string}"},"query-input":{"@type":"PropertyValueSpecification","valueRequired":true,"valueName":"search_term_string"}}],"inLanguage":"en-US"}]}},"jetpack_sharing_enabled":true,"_links":{"self":[{"href":"https:\/\/velooutlets.com\/en\/wp-json\/wp\/v2\/product\/11240","targetHints":{"allow":["GET"]}}],"collection":[{"href":"https:\/\/velooutlets.com\/en\/wp-json\/wp\/v2\/product"}],"about":[{"href":"https:\/\/velooutlets.com\/en\/wp-json\/wp\/v2\/types\/product"}],"wp:featuredmedia":[{"embeddable":true,"href":"https:\/\/velooutlets.com\/en\/wp-json\/wp\/v2\/media\/11244"}],"wp:attachment":[{"href":"https:\/\/velooutlets.com\/en\/wp-json\/wp\/v2\/media?parent=11240"}],"wp:term":[{"taxonomy":"product_brand","embeddable":true,"href":"https:\/\/velooutlets.com\/en\/wp-json\/wp\/v2\/product_brand?post=11240"},{"taxonomy":"product_cat","embeddable":true,"href":"https:\/\/velooutlets.com\/en\/wp-json\/wp\/v2\/product_cat?post=11240"},{"taxonomy":"product_tag","embeddable":true,"href":"https:\/\/velooutlets.com\/en\/wp-json\/wp\/v2\/product_tag?post=11240"}],"curies":[{"name":"wp","href":"https:\/\/api.w.org\/{rel}","templated":true}]}}