{"id":11313,"date":"2025-10-08T07:52:59","date_gmt":"2025-10-08T07:52:59","guid":{"rendered":"https:\/\/staging.velooutlets.com\/product\/skurb-kid-shiny-pink-s\/"},"modified":"2026-03-18T11:26:16","modified_gmt":"2026-03-18T09:26:16","slug":"skurb-kid-shiny-pink-s","status":"publish","type":"product","link":"https:\/\/velooutlets.com\/en\/product\/skurb-kid-shiny-pink-s\/","title":{"rendered":"Skurb Kid shiny pink"},"content":{"rendered":"<p>The Skurb Kid combines a stylish rollerblading helmet with durable head protection. For kids looking for an everyday skater style bike helmet.<\/p>","protected":false},"excerpt":{"rendered":"<p>The Skurb Kid combines a stylish rollerblading helmet with durable head protection. For kids looking for an everyday skater style bike helmet.<\/p>","protected":false},"featured_media":11316,"template":"","meta":{"_monsterinsights_skip_tracking":false,"_monsterinsights_sitenote_active":false,"_monsterinsights_sitenote_note":"","_monsterinsights_sitenote_category":0,"_iconic_wsb_product_page_order_bump_ids":[],"_sku":["8951105782027"],"_iconic_wsb_product_page_bump_modal_ids":[]},"product_brand":[1346],"product_cat":[910,911,992,993,1137],"product_tag":[214,881,880,215,882,217],"class_list":{"0":"post-11313","1":"product","2":"type-product","3":"status-publish","4":"has-post-thumbnail","6":"product_brand-abus","7":"product_cat-aksesuari","8":"product_cat-aksesuari-berniem","9":"product_cat-kiveres","10":"product_cat-aizsargkiveres-berniem","11":"product_cat-viss-ekipejums","12":"product_tag-aizsargkiveres","13":"product_tag-aizsargkiveres-berniem","14":"product_tag-aizsargkiveres-pusaudziem","15":"product_tag-kiveres","16":"product_tag-kiveres-berniem","17":"product_tag-kiveres-pusaudziem","18":"product_shipping_class-aksesuari","19":"ts_product_brand-abus","21":"first","22":"instock","23":"taxable","24":"shipping-taxable","25":"purchasable","26":"product-type-simple"},"yoast_head":"<!-- This site is optimized with the Yoast SEO plugin v27.2 - https:\/\/yoast.com\/product\/yoast-seo-wordpress\/ -->\n<title>Skurb Kid shiny pink - Velo Outlets<\/title>\n<meta name=\"robots\" content=\"index, follow, max-snippet:-1, max-image-preview:large, max-video-preview:-1\" \/>\n<link rel=\"canonical\" href=\"https:\/\/velooutlets.com\/en\/product\/skurb-kid-shiny-pink-s\/\" \/>\n<meta property=\"og:locale\" content=\"en_US\" \/>\n<meta property=\"og:type\" content=\"article\" \/>\n<meta property=\"og:title\" content=\"Skurb Kid shiny pink - Velo Outlets\" \/>\n<meta property=\"og:description\" content=\"Skurb Kid savieno stil\u012bgu skritu\u013cslidot\u0101ju \u0137iveri un iztur\u012bgu galvas aizsardz\u012bbu. B\u0113rniem, kuri mekl\u0113 ikdienas skeitera stila velosip\u0113da \u0137iveri.\" \/>\n<meta property=\"og:url\" content=\"https:\/\/velooutlets.com\/en\/product\/skurb-kid-shiny-pink-s\/\" \/>\n<meta property=\"og:site_name\" content=\"Velo Outlets\" \/>\n<meta property=\"article:modified_time\" content=\"2026-03-18T09:26:16+00:00\" \/>\n<meta property=\"og:image\" content=\"https:\/\/velooutlets.com\/wp-content\/uploads\/2025\/10\/04650_SKURB_KID_SHINY_PINK_SIDE_CMYK_abus_1920_2f9024ad-f594-4fce-9866-174b66b14fe5.jpg\" \/>\n\t<meta property=\"og:image:width\" content=\"1920\" \/>\n\t<meta property=\"og:image:height\" content=\"2181\" \/>\n\t<meta property=\"og:image:type\" content=\"image\/jpeg\" \/>\n<meta name=\"twitter:card\" content=\"summary_large_image\" \/>\n<script type=\"application\/ld+json\" class=\"yoast-schema-graph\">{\"@context\":\"https:\/\/schema.org\",\"@graph\":[{\"@type\":\"WebPage\",\"@id\":\"https:\/\/velooutlets.com\/products\/skurb-kid-shiny-pink-s\/\",\"url\":\"https:\/\/velooutlets.com\/products\/skurb-kid-shiny-pink-s\/\",\"name\":\"Skurb Kid shiny pink - Velo Outlets\",\"isPartOf\":{\"@id\":\"https:\/\/velooutlets.com\/en\/#website\"},\"primaryImageOfPage\":{\"@id\":\"https:\/\/velooutlets.com\/products\/skurb-kid-shiny-pink-s\/#primaryimage\"},\"image\":{\"@id\":\"https:\/\/velooutlets.com\/products\/skurb-kid-shiny-pink-s\/#primaryimage\"},\"thumbnailUrl\":\"https:\/\/velooutlets.com\/wp-content\/uploads\/2025\/10\/04650_SKURB_KID_SHINY_PINK_SIDE_CMYK_abus_1920_2f9024ad-f594-4fce-9866-174b66b14fe5.jpg\",\"datePublished\":\"2025-10-08T07:52:59+00:00\",\"dateModified\":\"2026-03-18T09:26:16+00:00\",\"breadcrumb\":{\"@id\":\"https:\/\/velooutlets.com\/products\/skurb-kid-shiny-pink-s\/#breadcrumb\"},\"inLanguage\":\"en-US\",\"potentialAction\":[{\"@type\":\"ReadAction\",\"target\":[\"https:\/\/velooutlets.com\/products\/skurb-kid-shiny-pink-s\/\"]}]},{\"@type\":\"ImageObject\",\"inLanguage\":\"en-US\",\"@id\":\"https:\/\/velooutlets.com\/products\/skurb-kid-shiny-pink-s\/#primaryimage\",\"url\":\"https:\/\/velooutlets.com\/wp-content\/uploads\/2025\/10\/04650_SKURB_KID_SHINY_PINK_SIDE_CMYK_abus_1920_2f9024ad-f594-4fce-9866-174b66b14fe5.jpg\",\"contentUrl\":\"https:\/\/velooutlets.com\/wp-content\/uploads\/2025\/10\/04650_SKURB_KID_SHINY_PINK_SIDE_CMYK_abus_1920_2f9024ad-f594-4fce-9866-174b66b14fe5.jpg\",\"width\":1920,\"height\":2181},{\"@type\":\"BreadcrumbList\",\"@id\":\"https:\/\/velooutlets.com\/products\/skurb-kid-shiny-pink-s\/#breadcrumb\",\"itemListElement\":[{\"@type\":\"ListItem\",\"position\":1,\"name\":\"Home\",\"item\":\"https:\/\/velooutlets.com\/\"},{\"@type\":\"ListItem\",\"position\":2,\"name\":\"Veikals\",\"item\":\"https:\/\/velooutlets.com\/shop\/\"},{\"@type\":\"ListItem\",\"position\":3,\"name\":\"Skurb Kid shiny pink\"}]},{\"@type\":\"WebSite\",\"@id\":\"https:\/\/velooutlets.com\/en\/#website\",\"url\":\"https:\/\/velooutlets.com\/en\/\",\"name\":\"Velo Outlets\",\"description\":\"Velosip\u0113di visai \u0123imenei\",\"potentialAction\":[{\"@type\":\"SearchAction\",\"target\":{\"@type\":\"EntryPoint\",\"urlTemplate\":\"https:\/\/velooutlets.com\/en\/?s={search_term_string}\"},\"query-input\":{\"@type\":\"PropertyValueSpecification\",\"valueRequired\":true,\"valueName\":\"search_term_string\"}}],\"inLanguage\":\"en-US\"}]}<\/script>\n<!-- \/ Yoast SEO plugin. -->","yoast_head_json":{"title":"Skurb Kid shiny pink - Velo Outlets","robots":{"index":"index","follow":"follow","max-snippet":"max-snippet:-1","max-image-preview":"max-image-preview:large","max-video-preview":"max-video-preview:-1"},"canonical":"https:\/\/velooutlets.com\/en\/product\/skurb-kid-shiny-pink-s\/","og_locale":"en_US","og_type":"article","og_title":"Skurb Kid shiny pink - Velo Outlets","og_description":"Skurb Kid savieno stil\u012bgu skritu\u013cslidot\u0101ju \u0137iveri un iztur\u012bgu galvas aizsardz\u012bbu. B\u0113rniem, kuri mekl\u0113 ikdienas skeitera stila velosip\u0113da \u0137iveri.","og_url":"https:\/\/velooutlets.com\/en\/product\/skurb-kid-shiny-pink-s\/","og_site_name":"Velo Outlets","article_modified_time":"2026-03-18T09:26:16+00:00","og_image":[{"width":1920,"height":2181,"url":"https:\/\/velooutlets.com\/wp-content\/uploads\/2025\/10\/04650_SKURB_KID_SHINY_PINK_SIDE_CMYK_abus_1920_2f9024ad-f594-4fce-9866-174b66b14fe5.jpg","type":"image\/jpeg"}],"twitter_card":"summary_large_image","schema":{"@context":"https:\/\/schema.org","@graph":[{"@type":"WebPage","@id":"https:\/\/velooutlets.com\/products\/skurb-kid-shiny-pink-s\/","url":"https:\/\/velooutlets.com\/products\/skurb-kid-shiny-pink-s\/","name":"Skurb Kid shiny pink - Velo Outlets","isPartOf":{"@id":"https:\/\/velooutlets.com\/en\/#website"},"primaryImageOfPage":{"@id":"https:\/\/velooutlets.com\/products\/skurb-kid-shiny-pink-s\/#primaryimage"},"image":{"@id":"https:\/\/velooutlets.com\/products\/skurb-kid-shiny-pink-s\/#primaryimage"},"thumbnailUrl":"https:\/\/velooutlets.com\/wp-content\/uploads\/2025\/10\/04650_SKURB_KID_SHINY_PINK_SIDE_CMYK_abus_1920_2f9024ad-f594-4fce-9866-174b66b14fe5.jpg","datePublished":"2025-10-08T07:52:59+00:00","dateModified":"2026-03-18T09:26:16+00:00","breadcrumb":{"@id":"https:\/\/velooutlets.com\/products\/skurb-kid-shiny-pink-s\/#breadcrumb"},"inLanguage":"en-US","potentialAction":[{"@type":"ReadAction","target":["https:\/\/velooutlets.com\/products\/skurb-kid-shiny-pink-s\/"]}]},{"@type":"ImageObject","inLanguage":"en-US","@id":"https:\/\/velooutlets.com\/products\/skurb-kid-shiny-pink-s\/#primaryimage","url":"https:\/\/velooutlets.com\/wp-content\/uploads\/2025\/10\/04650_SKURB_KID_SHINY_PINK_SIDE_CMYK_abus_1920_2f9024ad-f594-4fce-9866-174b66b14fe5.jpg","contentUrl":"https:\/\/velooutlets.com\/wp-content\/uploads\/2025\/10\/04650_SKURB_KID_SHINY_PINK_SIDE_CMYK_abus_1920_2f9024ad-f594-4fce-9866-174b66b14fe5.jpg","width":1920,"height":2181},{"@type":"BreadcrumbList","@id":"https:\/\/velooutlets.com\/products\/skurb-kid-shiny-pink-s\/#breadcrumb","itemListElement":[{"@type":"ListItem","position":1,"name":"Home","item":"https:\/\/velooutlets.com\/"},{"@type":"ListItem","position":2,"name":"Veikals","item":"https:\/\/velooutlets.com\/shop\/"},{"@type":"ListItem","position":3,"name":"Skurb Kid shiny pink"}]},{"@type":"WebSite","@id":"https:\/\/velooutlets.com\/en\/#website","url":"https:\/\/velooutlets.com\/en\/","name":"Velo Outlets","description":"Velosip\u0113di visai \u0123imenei","potentialAction":[{"@type":"SearchAction","target":{"@type":"EntryPoint","urlTemplate":"https:\/\/velooutlets.com\/en\/?s={search_term_string}"},"query-input":{"@type":"PropertyValueSpecification","valueRequired":true,"valueName":"search_term_string"}}],"inLanguage":"en-US"}]}},"jetpack_sharing_enabled":true,"_links":{"self":[{"href":"https:\/\/velooutlets.com\/en\/wp-json\/wp\/v2\/product\/11313","targetHints":{"allow":["GET"]}}],"collection":[{"href":"https:\/\/velooutlets.com\/en\/wp-json\/wp\/v2\/product"}],"about":[{"href":"https:\/\/velooutlets.com\/en\/wp-json\/wp\/v2\/types\/product"}],"wp:featuredmedia":[{"embeddable":true,"href":"https:\/\/velooutlets.com\/en\/wp-json\/wp\/v2\/media\/11316"}],"wp:attachment":[{"href":"https:\/\/velooutlets.com\/en\/wp-json\/wp\/v2\/media?parent=11313"}],"wp:term":[{"taxonomy":"product_brand","embeddable":true,"href":"https:\/\/velooutlets.com\/en\/wp-json\/wp\/v2\/product_brand?post=11313"},{"taxonomy":"product_cat","embeddable":true,"href":"https:\/\/velooutlets.com\/en\/wp-json\/wp\/v2\/product_cat?post=11313"},{"taxonomy":"product_tag","embeddable":true,"href":"https:\/\/velooutlets.com\/en\/wp-json\/wp\/v2\/product_tag?post=11313"}],"curies":[{"name":"wp","href":"https:\/\/api.w.org\/{rel}","templated":true}]}}