{"id":11367,"date":"2025-10-08T07:53:32","date_gmt":"2025-10-08T07:53:32","guid":{"rendered":"https:\/\/staging.velooutlets.com\/product\/smiley-3-0-green-robo-m\/"},"modified":"2026-04-01T17:08:50","modified_gmt":"2026-04-01T14:08:50","slug":"smiley-3-0-green-robo","status":"publish","type":"product","link":"https:\/\/velooutlets.com\/en\/product\/smiley-3-0-green-robo\/","title":{"rendered":"SMILEY 3.0 green robo"},"content":{"rendered":"<p data-start=\"0\" data-end=\"429\">The Smiley 3.0 children's bike helmet is the perfect choice for your child's first rides on a balance bike, trike or first bike. The deep fit and extended front edge provide extra head protection, while the adjustable system makes it easy to adjust the helmet in both width and height at the nape of the neck. This ensures a comfortable fit even for children with long hair, while extra comfort is provided by the thick chin padding.<\/p>\n<p data-start=\"431\" data-end=\"651\" data-is-last-node=\"\" data-is-only-node=\"\">The Smiley 3.0 children's bike helmet is available in 16 different designs with child-friendly patterns and monochrome versions, so that every child can find a helmet they love and feel safe wearing on their rides.<\/p>\n<div style=\"font-family: Arial, sans-serif; margin: 20px 0; color: #111;\">\n<div style=\"border: 1px solid #e7e7e7; border-radius: 12px; background: #fff; overflow: hidden;\">\n<div style=\"background: #111; color: #fff; padding: 12px 16px;\">\n<div style=\"font-size: 11px; letter-spacing: 1px; text-transform: uppercase; opacity: 0.8;\">ABUS Smiley 3.0<\/div>\n<div style=\"font-size: 16px; font-weight: 600; margin-top: 2px;\">Size guide<\/div>\n<\/div>\n<div style=\"padding: 14px 16px;\">\n<div style=\"grid-template-columns: repeat(auto-fit,minmax(140px,1fr)); gap: 10px; margin-bottom: 12px;\">\n<div style=\"border: 1px solid #ececec; border-radius: 10px; padding: 10px 12px; background: #fafafa;\">\n<div style=\"font-size: 10px; text-transform: uppercase; letter-spacing: .7px; color: #666;\">Size<\/div>\n<div style=\"font-size: 18px; font-weight: bold; margin-top: 2px;\">S<\/div>\n<div style=\"font-size: 13px; font-weight: 600; margin-top: 3px;\">45-50 cm<\/div>\n<\/div>\n<div style=\"border: 1px solid #ececec; border-radius: 10px; padding: 10px 12px; background: #fafafa;\">\n<div style=\"font-size: 10px; text-transform: uppercase; letter-spacing: .7px; color: #666;\">Size<\/div>\n<div style=\"font-size: 18px; font-weight: bold; margin-top: 2px;\">M<\/div>\n<div style=\"font-size: 13px; font-weight: 600; margin-top: 3px;\">50-55 cm<\/div>\n<\/div>\n<\/div>\n<div style=\"border-top: 1px solid #efefef; padding-top: 10px; font-size: 12px; color: #555; line-height: 1.5;\">Measure the circumference of the child's head about 1 cm above the eyebrows and choose the appropriate size.<\/div>\n<\/div>\n<\/div>\n<\/div>","protected":false},"excerpt":{"rendered":"<p>Smiley 3.0 b\u0113rnu velosip\u0113da \u0137ivere ir lieliska izv\u0113le b\u0113rna pirmajiem braucieniem ar l\u012bdzsvara velosip\u0113du, tr\u012bsriteni vai pirmo velosip\u0113du. Dzi\u013cais piegulums un pagarin\u0101t\u0101 priek\u0161\u0113j\u0101 mala nodro\u0161ina papildu galvas aizsardz\u012bbu, bet regul\u0113jam\u0101 sist\u0113ma \u013cauj viegli piel\u0101got \u0137iveri gan platum\u0101, gan augstum\u0101 pakau\u0161a da\u013c\u0101. Tas nodro\u0161ina \u0113rtu piegulumu ar\u012b b\u0113rniem ar gariem matiem, bet papildu komfortu sniedz biezs [&hellip;]<\/p>\n","protected":false},"featured_media":11370,"template":"","meta":{"_monsterinsights_skip_tracking":false,"_monsterinsights_sitenote_active":false,"_monsterinsights_sitenote_note":"","_monsterinsights_sitenote_category":0,"_iconic_wsb_product_page_order_bump_ids":[[]],"_sku":[],"_iconic_wsb_product_page_bump_modal_ids":[[]]},"product_brand":[1346],"product_cat":[910,911,992,993,1137],"product_tag":[214,881,880,215,882,217],"class_list":{"0":"post-11367","1":"product","2":"type-product","3":"status-publish","4":"has-post-thumbnail","6":"product_brand-abus","7":"product_cat-aksesuari","8":"product_cat-aksesuari-berniem","9":"product_cat-kiveres","10":"product_cat-aizsargkiveres-berniem","11":"product_cat-viss-ekipejums","12":"product_tag-aizsargkiveres","13":"product_tag-aizsargkiveres-berniem","14":"product_tag-aizsargkiveres-pusaudziem","15":"product_tag-kiveres","16":"product_tag-kiveres-berniem","17":"product_tag-kiveres-pusaudziem","18":"product_shipping_class-aksesuari","19":"ts_product_brand-abus","21":"first","22":"instock","23":"taxable","24":"shipping-taxable","25":"purchasable","26":"product-type-variable","27":"has-default-attributes","28":"wvs-archive-product-wrapper"},"yoast_head":"<!-- This site is optimized with the Yoast SEO plugin v27.2 - https:\/\/yoast.com\/product\/yoast-seo-wordpress\/ -->\n<title>SMILEY 3.0 green robo - Velo Outlets<\/title>\n<meta name=\"description\" content=\"ABUS Smiley 3.0 b\u0113rnu velo \u0137ivere ar augstu dro\u0161\u012bbu, \u0113rtu regul\u0113\u0161anu un labu ventil\u0101ciju. Ide\u0101li piem\u0113rota dro\u0161ai brauk\u0161anai ikdien\u0101.\" \/>\n<meta name=\"robots\" content=\"index, follow, max-snippet:-1, max-image-preview:large, max-video-preview:-1\" \/>\n<link rel=\"canonical\" href=\"https:\/\/velooutlets.com\/en\/product\/smiley-3-0-green-robo\/\" \/>\n<meta property=\"og:locale\" content=\"en_US\" \/>\n<meta property=\"og:type\" content=\"article\" \/>\n<meta property=\"og:title\" content=\"SMILEY 3.0 green robo - Velo Outlets\" \/>\n<meta property=\"og:description\" content=\"ABUS Smiley 3.0 b\u0113rnu velo \u0137ivere ar augstu dro\u0161\u012bbu, \u0113rtu regul\u0113\u0161anu un labu ventil\u0101ciju. Ide\u0101li piem\u0113rota dro\u0161ai brauk\u0161anai ikdien\u0101.\" \/>\n<meta property=\"og:url\" content=\"https:\/\/velooutlets.com\/en\/product\/smiley-3-0-green-robo\/\" \/>\n<meta property=\"og:site_name\" content=\"Velo Outlets\" \/>\n<meta property=\"article:modified_time\" content=\"2026-04-01T14:08:50+00:00\" \/>\n<meta property=\"og:image\" content=\"https:\/\/velooutlets.com\/wp-content\/uploads\/2025\/10\/672682_SMILEY_3.0_GREEN_ROBO_SIDE_CMYK_abus_1920_941c3ad7-886d-4b80-9286-229d490e0330.jpg\" \/>\n\t<meta property=\"og:image:width\" content=\"1920\" \/>\n\t<meta property=\"og:image:height\" content=\"2003\" \/>\n\t<meta property=\"og:image:type\" content=\"image\/jpeg\" \/>\n<meta name=\"twitter:card\" content=\"summary_large_image\" \/>\n<meta name=\"twitter:label1\" content=\"Est. reading time\" \/>\n\t<meta name=\"twitter:data1\" content=\"1 minute\" \/>\n<script type=\"application\/ld+json\" class=\"yoast-schema-graph\">{\"@context\":\"https:\/\/schema.org\",\"@graph\":[{\"@type\":\"WebPage\",\"@id\":\"https:\/\/velooutlets.com\/products\/smiley-3-0-green-robo\/\",\"url\":\"https:\/\/velooutlets.com\/products\/smiley-3-0-green-robo\/\",\"name\":\"SMILEY 3.0 green robo - Velo Outlets\",\"isPartOf\":{\"@id\":\"https:\/\/velooutlets.com\/en\/#website\"},\"primaryImageOfPage\":{\"@id\":\"https:\/\/velooutlets.com\/products\/smiley-3-0-green-robo\/#primaryimage\"},\"image\":{\"@id\":\"https:\/\/velooutlets.com\/products\/smiley-3-0-green-robo\/#primaryimage\"},\"thumbnailUrl\":\"https:\/\/velooutlets.com\/wp-content\/uploads\/2025\/10\/672682_SMILEY_3.0_GREEN_ROBO_SIDE_CMYK_abus_1920_941c3ad7-886d-4b80-9286-229d490e0330.jpg\",\"datePublished\":\"2025-10-08T07:53:32+00:00\",\"dateModified\":\"2026-04-01T14:08:50+00:00\",\"description\":\"ABUS Smiley 3.0 b\u0113rnu velo \u0137ivere ar augstu dro\u0161\u012bbu, \u0113rtu regul\u0113\u0161anu un labu ventil\u0101ciju. Ide\u0101li piem\u0113rota dro\u0161ai brauk\u0161anai ikdien\u0101.\",\"breadcrumb\":{\"@id\":\"https:\/\/velooutlets.com\/products\/smiley-3-0-green-robo\/#breadcrumb\"},\"inLanguage\":\"en-US\",\"potentialAction\":[{\"@type\":\"ReadAction\",\"target\":[\"https:\/\/velooutlets.com\/products\/smiley-3-0-green-robo\/\"]}]},{\"@type\":\"ImageObject\",\"inLanguage\":\"en-US\",\"@id\":\"https:\/\/velooutlets.com\/products\/smiley-3-0-green-robo\/#primaryimage\",\"url\":\"https:\/\/velooutlets.com\/wp-content\/uploads\/2025\/10\/672682_SMILEY_3.0_GREEN_ROBO_SIDE_CMYK_abus_1920_941c3ad7-886d-4b80-9286-229d490e0330.jpg\",\"contentUrl\":\"https:\/\/velooutlets.com\/wp-content\/uploads\/2025\/10\/672682_SMILEY_3.0_GREEN_ROBO_SIDE_CMYK_abus_1920_941c3ad7-886d-4b80-9286-229d490e0330.jpg\",\"width\":1920,\"height\":2003},{\"@type\":\"BreadcrumbList\",\"@id\":\"https:\/\/velooutlets.com\/products\/smiley-3-0-green-robo\/#breadcrumb\",\"itemListElement\":[{\"@type\":\"ListItem\",\"position\":1,\"name\":\"Home\",\"item\":\"https:\/\/velooutlets.com\/\"},{\"@type\":\"ListItem\",\"position\":2,\"name\":\"Veikals\",\"item\":\"https:\/\/velooutlets.com\/shop\/\"},{\"@type\":\"ListItem\",\"position\":3,\"name\":\"SMILEY 3.0 green robo\"}]},{\"@type\":\"WebSite\",\"@id\":\"https:\/\/velooutlets.com\/en\/#website\",\"url\":\"https:\/\/velooutlets.com\/en\/\",\"name\":\"Velo Outlets\",\"description\":\"Velosip\u0113di visai \u0123imenei\",\"potentialAction\":[{\"@type\":\"SearchAction\",\"target\":{\"@type\":\"EntryPoint\",\"urlTemplate\":\"https:\/\/velooutlets.com\/en\/?s={search_term_string}\"},\"query-input\":{\"@type\":\"PropertyValueSpecification\",\"valueRequired\":true,\"valueName\":\"search_term_string\"}}],\"inLanguage\":\"en-US\"}]}<\/script>\n<!-- \/ Yoast SEO plugin. -->","yoast_head_json":{"title":"SMILEY 3.0 green robo - Velo Outlets","description":"ABUS Smiley 3.0 b\u0113rnu velo \u0137ivere ar augstu dro\u0161\u012bbu, \u0113rtu regul\u0113\u0161anu un labu ventil\u0101ciju. Ide\u0101li piem\u0113rota dro\u0161ai brauk\u0161anai ikdien\u0101.","robots":{"index":"index","follow":"follow","max-snippet":"max-snippet:-1","max-image-preview":"max-image-preview:large","max-video-preview":"max-video-preview:-1"},"canonical":"https:\/\/velooutlets.com\/en\/product\/smiley-3-0-green-robo\/","og_locale":"en_US","og_type":"article","og_title":"SMILEY 3.0 green robo - Velo Outlets","og_description":"ABUS Smiley 3.0 b\u0113rnu velo \u0137ivere ar augstu dro\u0161\u012bbu, \u0113rtu regul\u0113\u0161anu un labu ventil\u0101ciju. Ide\u0101li piem\u0113rota dro\u0161ai brauk\u0161anai ikdien\u0101.","og_url":"https:\/\/velooutlets.com\/en\/product\/smiley-3-0-green-robo\/","og_site_name":"Velo Outlets","article_modified_time":"2026-04-01T14:08:50+00:00","og_image":[{"width":1920,"height":2003,"url":"https:\/\/velooutlets.com\/wp-content\/uploads\/2025\/10\/672682_SMILEY_3.0_GREEN_ROBO_SIDE_CMYK_abus_1920_941c3ad7-886d-4b80-9286-229d490e0330.jpg","type":"image\/jpeg"}],"twitter_card":"summary_large_image","twitter_misc":{"Est. reading time":"1 minute"},"schema":{"@context":"https:\/\/schema.org","@graph":[{"@type":"WebPage","@id":"https:\/\/velooutlets.com\/products\/smiley-3-0-green-robo\/","url":"https:\/\/velooutlets.com\/products\/smiley-3-0-green-robo\/","name":"SMILEY 3.0 green robo - Velo Outlets","isPartOf":{"@id":"https:\/\/velooutlets.com\/en\/#website"},"primaryImageOfPage":{"@id":"https:\/\/velooutlets.com\/products\/smiley-3-0-green-robo\/#primaryimage"},"image":{"@id":"https:\/\/velooutlets.com\/products\/smiley-3-0-green-robo\/#primaryimage"},"thumbnailUrl":"https:\/\/velooutlets.com\/wp-content\/uploads\/2025\/10\/672682_SMILEY_3.0_GREEN_ROBO_SIDE_CMYK_abus_1920_941c3ad7-886d-4b80-9286-229d490e0330.jpg","datePublished":"2025-10-08T07:53:32+00:00","dateModified":"2026-04-01T14:08:50+00:00","description":"ABUS Smiley 3.0 b\u0113rnu velo \u0137ivere ar augstu dro\u0161\u012bbu, \u0113rtu regul\u0113\u0161anu un labu ventil\u0101ciju. Ide\u0101li piem\u0113rota dro\u0161ai brauk\u0161anai ikdien\u0101.","breadcrumb":{"@id":"https:\/\/velooutlets.com\/products\/smiley-3-0-green-robo\/#breadcrumb"},"inLanguage":"en-US","potentialAction":[{"@type":"ReadAction","target":["https:\/\/velooutlets.com\/products\/smiley-3-0-green-robo\/"]}]},{"@type":"ImageObject","inLanguage":"en-US","@id":"https:\/\/velooutlets.com\/products\/smiley-3-0-green-robo\/#primaryimage","url":"https:\/\/velooutlets.com\/wp-content\/uploads\/2025\/10\/672682_SMILEY_3.0_GREEN_ROBO_SIDE_CMYK_abus_1920_941c3ad7-886d-4b80-9286-229d490e0330.jpg","contentUrl":"https:\/\/velooutlets.com\/wp-content\/uploads\/2025\/10\/672682_SMILEY_3.0_GREEN_ROBO_SIDE_CMYK_abus_1920_941c3ad7-886d-4b80-9286-229d490e0330.jpg","width":1920,"height":2003},{"@type":"BreadcrumbList","@id":"https:\/\/velooutlets.com\/products\/smiley-3-0-green-robo\/#breadcrumb","itemListElement":[{"@type":"ListItem","position":1,"name":"Home","item":"https:\/\/velooutlets.com\/"},{"@type":"ListItem","position":2,"name":"Veikals","item":"https:\/\/velooutlets.com\/shop\/"},{"@type":"ListItem","position":3,"name":"SMILEY 3.0 green robo"}]},{"@type":"WebSite","@id":"https:\/\/velooutlets.com\/en\/#website","url":"https:\/\/velooutlets.com\/en\/","name":"Velo Outlets","description":"Velosip\u0113di visai \u0123imenei","potentialAction":[{"@type":"SearchAction","target":{"@type":"EntryPoint","urlTemplate":"https:\/\/velooutlets.com\/en\/?s={search_term_string}"},"query-input":{"@type":"PropertyValueSpecification","valueRequired":true,"valueName":"search_term_string"}}],"inLanguage":"en-US"}]}},"jetpack_sharing_enabled":true,"_links":{"self":[{"href":"https:\/\/velooutlets.com\/en\/wp-json\/wp\/v2\/product\/11367","targetHints":{"allow":["GET"]}}],"collection":[{"href":"https:\/\/velooutlets.com\/en\/wp-json\/wp\/v2\/product"}],"about":[{"href":"https:\/\/velooutlets.com\/en\/wp-json\/wp\/v2\/types\/product"}],"wp:featuredmedia":[{"embeddable":true,"href":"https:\/\/velooutlets.com\/en\/wp-json\/wp\/v2\/media\/11370"}],"wp:attachment":[{"href":"https:\/\/velooutlets.com\/en\/wp-json\/wp\/v2\/media?parent=11367"}],"wp:term":[{"taxonomy":"product_brand","embeddable":true,"href":"https:\/\/velooutlets.com\/en\/wp-json\/wp\/v2\/product_brand?post=11367"},{"taxonomy":"product_cat","embeddable":true,"href":"https:\/\/velooutlets.com\/en\/wp-json\/wp\/v2\/product_cat?post=11367"},{"taxonomy":"product_tag","embeddable":true,"href":"https:\/\/velooutlets.com\/en\/wp-json\/wp\/v2\/product_tag?post=11367"}],"curies":[{"name":"wp","href":"https:\/\/api.w.org\/{rel}","templated":true}]}}