{"id":11460,"date":"2025-10-08T07:54:35","date_gmt":"2025-10-08T07:54:35","guid":{"rendered":"https:\/\/staging.velooutlets.com\/product\/wingback-performance-red-s\/"},"modified":"2026-03-18T12:50:06","modified_gmt":"2026-03-18T10:50:06","slug":"wingback-performance-red-s","status":"publish","type":"product","link":"https:\/\/velooutlets.com\/en\/product\/wingback-performance-red-s\/","title":{"rendered":"WINGBACK performance red"},"content":{"rendered":"<p>The ABUS WingBack is a modern road helmet that combines minimalist design with high functionality, making it the perfect choice for both sportive riding and everyday training. It features clean lines and an aerodynamic shape that helps reduce air resistance and improve riding efficiency.<\/p>\n<p>The helmet provides good ventilation thanks to cleverly placed vents that promote continuous airflow and comfort even on longer rides. The lightweight construction reduces fatigue, while the precise adjustment system allows it to be adapted to the individual shape of the head, ensuring a stable and secure fit.<\/p>\n<p>WingBack is suitable for riders looking for a reliable and stylish road helmet with good value for money<\/p>","protected":false},"excerpt":{"rendered":"<p>ABUS WingBack ir moderna \u0161osejas tipa \u0137ivere, kas apvieno minim\u0101listisku dizainu ar augstu funkcionalit\u0101ti, padarot to par lielisku izv\u0113li gan sportiskai brauk\u0161anai, gan ikdienas treni\u0146iem. T\u0101 izce\u013cas ar t\u012br\u0101m l\u012bnij\u0101m un aerodinamisku formu, kas pal\u012bdz samazin\u0101t gaisa pretest\u012bbu un uzlabo brauk\u0161anas efektivit\u0101ti. \u0136ivere nodro\u0161ina labu ventil\u0101ciju, pateicoties p\u0101rdom\u0101ti izvietot\u0101m atver\u0113m, kas veicina nep\u0101rtrauktu gaisa pl\u016bsmu [&hellip;]<\/p>\n","protected":false},"featured_media":11464,"template":"","meta":{"_monsterinsights_skip_tracking":false,"_monsterinsights_sitenote_active":false,"_monsterinsights_sitenote_note":"","_monsterinsights_sitenote_category":0,"_iconic_wsb_product_page_order_bump_ids":[],"_sku":["8951129276683"],"_iconic_wsb_product_page_bump_modal_ids":[]},"product_brand":[1346],"product_cat":[910,994,1735,1137],"product_tag":[214,215,216,217],"class_list":{"0":"post-11460","1":"product","2":"type-product","3":"status-publish","4":"has-post-thumbnail","6":"product_brand-abus","7":"product_cat-aksesuari","8":"product_cat-aizsargkiveres-pieaugusajiem","9":"product_cat-sosejas-kiveres","10":"product_cat-viss-ekipejums","11":"product_tag-aizsargkiveres","12":"product_tag-kiveres","13":"product_tag-kiveres-pieaugusajiem","14":"product_tag-kiveres-pusaudziem","15":"product_shipping_class-aksesuari","16":"ts_product_brand-abus","18":"first","19":"instock","20":"taxable","21":"shipping-taxable","22":"purchasable","23":"product-type-simple"},"yoast_head":"<!-- This site is optimized with the Yoast SEO plugin v27.2 - https:\/\/yoast.com\/product\/yoast-seo-wordpress\/ -->\n<title>WINGBACK performance red - Velo Outlets<\/title>\n<meta name=\"robots\" content=\"index, follow, max-snippet:-1, max-image-preview:large, max-video-preview:-1\" \/>\n<link rel=\"canonical\" href=\"https:\/\/velooutlets.com\/en\/product\/wingback-performance-red-s\/\" \/>\n<meta property=\"og:locale\" content=\"en_US\" \/>\n<meta property=\"og:type\" content=\"article\" \/>\n<meta property=\"og:title\" content=\"WINGBACK performance red - Velo Outlets\" \/>\n<meta property=\"og:description\" content=\"ABUS WingBack ir moderna \u0161osejas tipa \u0137ivere, kas apvieno minim\u0101listisku dizainu ar augstu funkcionalit\u0101ti, padarot to par lielisku izv\u0113li gan sportiskai brauk\u0161anai, gan ikdienas treni\u0146iem. T\u0101 izce\u013cas ar t\u012br\u0101m l\u012bnij\u0101m un aerodinamisku formu, kas pal\u012bdz samazin\u0101t gaisa pretest\u012bbu un uzlabo brauk\u0161anas efektivit\u0101ti. \u0136ivere nodro\u0161ina labu ventil\u0101ciju, pateicoties p\u0101rdom\u0101ti izvietot\u0101m atver\u0113m, kas veicina nep\u0101rtrauktu gaisa pl\u016bsmu [&hellip;]\" \/>\n<meta property=\"og:url\" content=\"https:\/\/velooutlets.com\/en\/product\/wingback-performance-red-s\/\" \/>\n<meta property=\"og:site_name\" content=\"Velo Outlets\" \/>\n<meta property=\"article:modified_time\" content=\"2026-03-18T10:50:06+00:00\" \/>\n<meta property=\"og:image\" content=\"https:\/\/velooutlets.com\/wp-content\/uploads\/2025\/10\/98069_WINGBACK_PERFORMANCE-RED_SIDE_abus_1920_185b9f0a-2e1a-4eb5-b04c-f3149ea4549f.jpg\" \/>\n\t<meta property=\"og:image:width\" content=\"1920\" \/>\n\t<meta property=\"og:image:height\" content=\"1932\" \/>\n\t<meta property=\"og:image:type\" content=\"image\/jpeg\" \/>\n<meta name=\"twitter:card\" content=\"summary_large_image\" \/>\n<meta name=\"twitter:label1\" content=\"Est. reading time\" \/>\n\t<meta name=\"twitter:data1\" content=\"1 minute\" \/>\n<script type=\"application\/ld+json\" class=\"yoast-schema-graph\">{\"@context\":\"https:\/\/schema.org\",\"@graph\":[{\"@type\":\"WebPage\",\"@id\":\"https:\/\/velooutlets.com\/products\/wingback-performance-red-s\/\",\"url\":\"https:\/\/velooutlets.com\/products\/wingback-performance-red-s\/\",\"name\":\"WINGBACK performance red - Velo Outlets\",\"isPartOf\":{\"@id\":\"https:\/\/velooutlets.com\/en\/#website\"},\"primaryImageOfPage\":{\"@id\":\"https:\/\/velooutlets.com\/products\/wingback-performance-red-s\/#primaryimage\"},\"image\":{\"@id\":\"https:\/\/velooutlets.com\/products\/wingback-performance-red-s\/#primaryimage\"},\"thumbnailUrl\":\"https:\/\/velooutlets.com\/wp-content\/uploads\/2025\/10\/98069_WINGBACK_PERFORMANCE-RED_SIDE_abus_1920_185b9f0a-2e1a-4eb5-b04c-f3149ea4549f.jpg\",\"datePublished\":\"2025-10-08T07:54:35+00:00\",\"dateModified\":\"2026-03-18T10:50:06+00:00\",\"breadcrumb\":{\"@id\":\"https:\/\/velooutlets.com\/products\/wingback-performance-red-s\/#breadcrumb\"},\"inLanguage\":\"en-US\",\"potentialAction\":[{\"@type\":\"ReadAction\",\"target\":[\"https:\/\/velooutlets.com\/products\/wingback-performance-red-s\/\"]}]},{\"@type\":\"ImageObject\",\"inLanguage\":\"en-US\",\"@id\":\"https:\/\/velooutlets.com\/products\/wingback-performance-red-s\/#primaryimage\",\"url\":\"https:\/\/velooutlets.com\/wp-content\/uploads\/2025\/10\/98069_WINGBACK_PERFORMANCE-RED_SIDE_abus_1920_185b9f0a-2e1a-4eb5-b04c-f3149ea4549f.jpg\",\"contentUrl\":\"https:\/\/velooutlets.com\/wp-content\/uploads\/2025\/10\/98069_WINGBACK_PERFORMANCE-RED_SIDE_abus_1920_185b9f0a-2e1a-4eb5-b04c-f3149ea4549f.jpg\",\"width\":1920,\"height\":1932},{\"@type\":\"BreadcrumbList\",\"@id\":\"https:\/\/velooutlets.com\/products\/wingback-performance-red-s\/#breadcrumb\",\"itemListElement\":[{\"@type\":\"ListItem\",\"position\":1,\"name\":\"Home\",\"item\":\"https:\/\/velooutlets.com\/\"},{\"@type\":\"ListItem\",\"position\":2,\"name\":\"Veikals\",\"item\":\"https:\/\/velooutlets.com\/shop\/\"},{\"@type\":\"ListItem\",\"position\":3,\"name\":\"WINGBACK performance red\"}]},{\"@type\":\"WebSite\",\"@id\":\"https:\/\/velooutlets.com\/en\/#website\",\"url\":\"https:\/\/velooutlets.com\/en\/\",\"name\":\"Velo Outlets\",\"description\":\"Velosip\u0113di visai \u0123imenei\",\"potentialAction\":[{\"@type\":\"SearchAction\",\"target\":{\"@type\":\"EntryPoint\",\"urlTemplate\":\"https:\/\/velooutlets.com\/en\/?s={search_term_string}\"},\"query-input\":{\"@type\":\"PropertyValueSpecification\",\"valueRequired\":true,\"valueName\":\"search_term_string\"}}],\"inLanguage\":\"en-US\"}]}<\/script>\n<!-- \/ Yoast SEO plugin. -->","yoast_head_json":{"title":"WINGBACK performance red - Velo Outlets","robots":{"index":"index","follow":"follow","max-snippet":"max-snippet:-1","max-image-preview":"max-image-preview:large","max-video-preview":"max-video-preview:-1"},"canonical":"https:\/\/velooutlets.com\/en\/product\/wingback-performance-red-s\/","og_locale":"en_US","og_type":"article","og_title":"WINGBACK performance red - Velo Outlets","og_description":"ABUS WingBack ir moderna \u0161osejas tipa \u0137ivere, kas apvieno minim\u0101listisku dizainu ar augstu funkcionalit\u0101ti, padarot to par lielisku izv\u0113li gan sportiskai brauk\u0161anai, gan ikdienas treni\u0146iem. T\u0101 izce\u013cas ar t\u012br\u0101m l\u012bnij\u0101m un aerodinamisku formu, kas pal\u012bdz samazin\u0101t gaisa pretest\u012bbu un uzlabo brauk\u0161anas efektivit\u0101ti. \u0136ivere nodro\u0161ina labu ventil\u0101ciju, pateicoties p\u0101rdom\u0101ti izvietot\u0101m atver\u0113m, kas veicina nep\u0101rtrauktu gaisa pl\u016bsmu [&hellip;]","og_url":"https:\/\/velooutlets.com\/en\/product\/wingback-performance-red-s\/","og_site_name":"Velo Outlets","article_modified_time":"2026-03-18T10:50:06+00:00","og_image":[{"width":1920,"height":1932,"url":"https:\/\/velooutlets.com\/wp-content\/uploads\/2025\/10\/98069_WINGBACK_PERFORMANCE-RED_SIDE_abus_1920_185b9f0a-2e1a-4eb5-b04c-f3149ea4549f.jpg","type":"image\/jpeg"}],"twitter_card":"summary_large_image","twitter_misc":{"Est. reading time":"1 minute"},"schema":{"@context":"https:\/\/schema.org","@graph":[{"@type":"WebPage","@id":"https:\/\/velooutlets.com\/products\/wingback-performance-red-s\/","url":"https:\/\/velooutlets.com\/products\/wingback-performance-red-s\/","name":"WINGBACK performance red - Velo Outlets","isPartOf":{"@id":"https:\/\/velooutlets.com\/en\/#website"},"primaryImageOfPage":{"@id":"https:\/\/velooutlets.com\/products\/wingback-performance-red-s\/#primaryimage"},"image":{"@id":"https:\/\/velooutlets.com\/products\/wingback-performance-red-s\/#primaryimage"},"thumbnailUrl":"https:\/\/velooutlets.com\/wp-content\/uploads\/2025\/10\/98069_WINGBACK_PERFORMANCE-RED_SIDE_abus_1920_185b9f0a-2e1a-4eb5-b04c-f3149ea4549f.jpg","datePublished":"2025-10-08T07:54:35+00:00","dateModified":"2026-03-18T10:50:06+00:00","breadcrumb":{"@id":"https:\/\/velooutlets.com\/products\/wingback-performance-red-s\/#breadcrumb"},"inLanguage":"en-US","potentialAction":[{"@type":"ReadAction","target":["https:\/\/velooutlets.com\/products\/wingback-performance-red-s\/"]}]},{"@type":"ImageObject","inLanguage":"en-US","@id":"https:\/\/velooutlets.com\/products\/wingback-performance-red-s\/#primaryimage","url":"https:\/\/velooutlets.com\/wp-content\/uploads\/2025\/10\/98069_WINGBACK_PERFORMANCE-RED_SIDE_abus_1920_185b9f0a-2e1a-4eb5-b04c-f3149ea4549f.jpg","contentUrl":"https:\/\/velooutlets.com\/wp-content\/uploads\/2025\/10\/98069_WINGBACK_PERFORMANCE-RED_SIDE_abus_1920_185b9f0a-2e1a-4eb5-b04c-f3149ea4549f.jpg","width":1920,"height":1932},{"@type":"BreadcrumbList","@id":"https:\/\/velooutlets.com\/products\/wingback-performance-red-s\/#breadcrumb","itemListElement":[{"@type":"ListItem","position":1,"name":"Home","item":"https:\/\/velooutlets.com\/"},{"@type":"ListItem","position":2,"name":"Veikals","item":"https:\/\/velooutlets.com\/shop\/"},{"@type":"ListItem","position":3,"name":"WINGBACK performance red"}]},{"@type":"WebSite","@id":"https:\/\/velooutlets.com\/en\/#website","url":"https:\/\/velooutlets.com\/en\/","name":"Velo Outlets","description":"Velosip\u0113di visai \u0123imenei","potentialAction":[{"@type":"SearchAction","target":{"@type":"EntryPoint","urlTemplate":"https:\/\/velooutlets.com\/en\/?s={search_term_string}"},"query-input":{"@type":"PropertyValueSpecification","valueRequired":true,"valueName":"search_term_string"}}],"inLanguage":"en-US"}]}},"jetpack_sharing_enabled":true,"_links":{"self":[{"href":"https:\/\/velooutlets.com\/en\/wp-json\/wp\/v2\/product\/11460","targetHints":{"allow":["GET"]}}],"collection":[{"href":"https:\/\/velooutlets.com\/en\/wp-json\/wp\/v2\/product"}],"about":[{"href":"https:\/\/velooutlets.com\/en\/wp-json\/wp\/v2\/types\/product"}],"wp:featuredmedia":[{"embeddable":true,"href":"https:\/\/velooutlets.com\/en\/wp-json\/wp\/v2\/media\/11464"}],"wp:attachment":[{"href":"https:\/\/velooutlets.com\/en\/wp-json\/wp\/v2\/media?parent=11460"}],"wp:term":[{"taxonomy":"product_brand","embeddable":true,"href":"https:\/\/velooutlets.com\/en\/wp-json\/wp\/v2\/product_brand?post=11460"},{"taxonomy":"product_cat","embeddable":true,"href":"https:\/\/velooutlets.com\/en\/wp-json\/wp\/v2\/product_cat?post=11460"},{"taxonomy":"product_tag","embeddable":true,"href":"https:\/\/velooutlets.com\/en\/wp-json\/wp\/v2\/product_tag?post=11460"}],"curies":[{"name":"wp","href":"https:\/\/api.w.org\/{rel}","templated":true}]}}