{"id":11553,"date":"2025-10-08T07:55:37","date_gmt":"2025-10-08T07:55:37","guid":{"rendered":"https:\/\/staging.velooutlets.com\/product\/youn-i-2-0-sparkling-titan-s\/"},"modified":"2026-04-04T17:37:04","modified_gmt":"2026-04-04T14:37:04","slug":"youn-i-2-0-sparkling-titan","status":"publish","type":"product","link":"https:\/\/velooutlets.com\/en\/product\/youn-i-2-0-sparkling-titan\/","title":{"rendered":"YOUN-I 2.0 sparkling titanium"},"content":{"rendered":"<div class=\"flex flex-col text-sm pb-25\">\n<article class=\"text-token-text-primary w-full focus:outline-none [--shadow-height:45px] has-data-writing-block:pointer-events-none has-data-writing-block:-mt-(--shadow-height) has-data-writing-block:pt-(--shadow-height) [&amp;:has([data-writing-block])&gt;*]:pointer-events-auto scroll-mt-[calc(var(--header-height)+min(200px,max(70px,20svh)))]\" dir=\"auto\" data-turn-id=\"request-WEB:edd99f51-3b67-4bff-ad33-ac933358f50b-16\" data-testid=\"conversation-turn-34\" data-scroll-anchor=\"true\" data-turn=\"assistant\">\n<div class=\"text-base my-auto mx-auto pb-10 [--thread-content-margin:var(--thread-content-margin-xs,calc(var(--spacing)*4))] @w-sm\/main:[--thread-content-margin:var(--thread-content-margin-sm,calc(var(--spacing)*6))] @w-lg\/main:[--thread-content-margin:var(--thread-content-margin-lg,calc(var(--spacing)*16))] px-(--thread-content-margin)\">\n<div class=\"[--thread-content-max-width:40rem] @w-lg\/main:[--thread-content-max-width:48rem] mx-auto max-w-(--thread-content-max-width) flex-1 group\/turn-messages focus-visible:outline-hidden relative flex w-full min-w-0 flex-col agent-turn\">\n<div class=\"flex max-w-full flex-col gap-4 grow\">\n<div class=\"min-h-8 text-message relative flex w-full flex-col items-end gap-2 text-start break-words whitespace-normal [.text-message+&amp;]:mt-1\" dir=\"auto\" data-message-author-role=\"assistant\" data-message-id=\"96c9848c-007c-4117-8792-50666a1ced10\" data-message-model-slug=\"gpt-5-mini\">\n<div class=\"flex w-full flex-col gap-1 empty:hidden\">\n<div class=\"markdown prose dark:prose-invert w-full wrap-break-word light markdown-new-styling\">\n<p data-start=\"0\" data-end=\"289\">Youn-I 2.0 velosip\u0113da \u0137ivere ir piem\u0113rota jaunie\u0161iem un pieaugu\u0161ajiem ar maz\u0101ku galvas apk\u0101rtm\u0113ru, \u012bpa\u0161i sieviet\u0113m, kur\u0101m bie\u017ei ir gr\u016bti atrast labi piegulo\u0161u \u0137iveri. T\u0101 nodro\u0161ina dro\u0161u galvas aizsardz\u012bbu brauk\u0161anas laik\u0101 un pal\u012bdz samazin\u0101t nopietnu traumu risku velosip\u0113da negad\u012bjumos.<\/p>\n<p data-start=\"291\" data-end=\"551\" data-is-last-node=\"\" data-is-only-node=\"\">\u0136iverei ir vienk\u0101r\u0161s, moderns un pils\u0113tniec\u012bgs dizains, kas apvieno stilu un komfortu. Youn-I 2.0 velosip\u0113da \u0137ivere ir lieliska izv\u0113le ikdienas braucieniem, pied\u0101v\u0101jot \u0113rtu piegulumu un m\u016bsdien\u012bgu izskatu gan jaunajiem rite\u0146brauc\u0113jiem, gan pieaugu\u0161ajiem.<\/p>\n<\/div>\n<\/div>\n<\/div>\n<\/div>\n<div class=\"z-0 flex min-h-[46px] justify-start\"><\/div>\n<\/div>\n<\/div>\n<\/article>\n<\/div>\n<div class=\"pointer-events-none h-px w-px absolute bottom-0\" aria-hidden=\"true\" data-edge=\"true\"><\/div>\n<div style=\"font-family: Arial, sans-serif; margin: 20px 0; color: #111;\">\n<div style=\"border: 1px solid #e7e7e7; border-radius: 12px; background: #fff; overflow: hidden;\">\n<div style=\"background: #111; color: #fff; padding: 12px 16px;\">\n<div style=\"font-size: 11px; letter-spacing: 1px; text-transform: uppercase; opacity: 0.8;\">ABUS Youn-I 2.0<\/div>\n<div style=\"font-size: 16px; font-weight: 600; margin-top: 2px;\">Izm\u0113ru ce\u013cvedis<\/div>\n<\/div>\n<div style=\"padding: 14px 16px;\">\n<div style=\"grid-template-columns: repeat(auto-fit,minmax(140px,1fr)); gap: 10px; margin-bottom: 12px;\">\n<div style=\"border: 1px solid #ececec; border-radius: 10px; padding: 10px 12px; background: #fafafa;\">\n<div style=\"font-size: 10px; text-transform: uppercase; letter-spacing: .7px; color: #666;\">Izm\u0113rs<\/div>\n<div style=\"font-size: 18px; font-weight: bold; margin-top: 2px;\">S<\/div>\n<div style=\"font-size: 13px; font-weight: 600; margin-top: 3px;\">48\u201354 cm<\/div>\n<\/div>\n<div style=\"border: 1px solid #ececec; border-radius: 10px; padding: 10px 12px; background: #fafafa;\">\n<div style=\"font-size: 10px; text-transform: uppercase; letter-spacing: .7px; color: #666;\">Izm\u0113rs<\/div>\n<div style=\"font-size: 18px; font-weight: bold; margin-top: 2px;\">M<\/div>\n<div style=\"font-size: 13px; font-weight: 600; margin-top: 3px;\">52\u201357 cm<\/div>\n<\/div>\n<\/div>\n<div style=\"border-top: 1px solid #efefef; padding-top: 10px; font-size: 12px; color: #555; line-height: 1.5;\">Izm\u0113riet b\u0113rna galvas apk\u0101rtm\u0113ru apm\u0113ram 1 cm virs uzac\u012bm un izv\u0113lieties atbilsto\u0161o izm\u0113ru.<\/div>\n<\/div>\n<\/div>\n<\/div>\n","protected":false},"excerpt":{"rendered":"<p>Youn-I 2.0 velosip\u0113da \u0137ivere ir piem\u0113rota jaunie\u0161iem un pieaugu\u0161ajiem ar maz\u0101ku galvas apk\u0101rtm\u0113ru, \u012bpa\u0161i sieviet\u0113m, kur\u0101m bie\u017ei ir gr\u016bti atrast labi piegulo\u0161u \u0137iveri. T\u0101 nodro\u0161ina dro\u0161u galvas aizsardz\u012bbu brauk\u0161anas laik\u0101 un pal\u012bdz samazin\u0101t nopietnu traumu risku velosip\u0113da negad\u012bjumos. \u0136iverei ir vienk\u0101r\u0161s, moderns un pils\u0113tniec\u012bgs dizains, kas apvieno stilu un komfortu. Youn-I 2.0 velosip\u0113da \u0137ivere ir [&hellip;]<\/p>\n","protected":false},"featured_media":11556,"template":"","meta":{"_monsterinsights_skip_tracking":false,"_monsterinsights_sitenote_active":false,"_monsterinsights_sitenote_note":"","_monsterinsights_sitenote_category":0,"_iconic_wsb_product_page_order_bump_ids":[[]],"_sku":[],"_iconic_wsb_product_page_bump_modal_ids":[[]]},"product_brand":[1346],"product_cat":[910,992,995,1137],"product_tag":[214,881,880,215,882,217],"class_list":{"0":"post-11553","1":"product","2":"type-product","3":"status-publish","4":"has-post-thumbnail","6":"product_brand-abus","7":"product_cat-aksesuari","8":"product_cat-kiveres","9":"product_cat-kiveres-pusaudziem","10":"product_cat-viss-ekipejums","11":"product_tag-aizsargkiveres","12":"product_tag-aizsargkiveres-berniem","13":"product_tag-aizsargkiveres-pusaudziem","14":"product_tag-kiveres","15":"product_tag-kiveres-berniem","16":"product_tag-kiveres-pusaudziem","17":"product_shipping_class-aksesuari","18":"ts_product_brand-abus","20":"first","21":"instock","22":"taxable","23":"shipping-taxable","24":"purchasable","25":"product-type-variable","26":"wvs-archive-product-wrapper"},"yoast_head":"<!-- This site is optimized with the Yoast SEO plugin v27.2 - https:\/\/yoast.com\/product\/yoast-seo-wordpress\/ -->\n<title>YOUN-I 2.0 sparkling titan - Velo Outlets<\/title>\n<meta name=\"robots\" content=\"index, follow, max-snippet:-1, max-image-preview:large, max-video-preview:-1\" \/>\n<link rel=\"canonical\" href=\"https:\/\/velooutlets.com\/en\/product\/youn-i-2-0-sparkling-titan\/\" \/>\n<meta property=\"og:locale\" content=\"en_US\" \/>\n<meta property=\"og:type\" content=\"article\" \/>\n<meta property=\"og:title\" content=\"YOUN-I 2.0 sparkling titan - Velo Outlets\" \/>\n<meta property=\"og:description\" content=\"Youn-I 2.0 velosip\u0113da \u0137ivere ir piem\u0113rota jaunie\u0161iem un pieaugu\u0161ajiem ar maz\u0101ku galvas apk\u0101rtm\u0113ru, \u012bpa\u0161i sieviet\u0113m, kur\u0101m bie\u017ei ir gr\u016bti atrast labi piegulo\u0161u \u0137iveri. T\u0101 nodro\u0161ina dro\u0161u galvas aizsardz\u012bbu brauk\u0161anas laik\u0101 un pal\u012bdz samazin\u0101t nopietnu traumu risku velosip\u0113da negad\u012bjumos. \u0136iverei ir vienk\u0101r\u0161s, moderns un pils\u0113tniec\u012bgs dizains, kas apvieno stilu un komfortu. Youn-I 2.0 velosip\u0113da \u0137ivere ir [&hellip;]\" \/>\n<meta property=\"og:url\" content=\"https:\/\/velooutlets.com\/en\/product\/youn-i-2-0-sparkling-titan\/\" \/>\n<meta property=\"og:site_name\" content=\"Velo Outlets\" \/>\n<meta property=\"article:modified_time\" content=\"2026-04-04T14:37:04+00:00\" \/>\n<meta property=\"og:image\" content=\"https:\/\/velooutlets.com\/wp-content\/uploads\/2025\/10\/40171_YOUN-I-2.0_sparkling-titan_side_abus_1920_9e60dcc9-5dda-46f9-9700-b54c736df404.jpg\" \/>\n\t<meta property=\"og:image:width\" content=\"1920\" \/>\n\t<meta property=\"og:image:height\" content=\"2009\" \/>\n\t<meta property=\"og:image:type\" content=\"image\/jpeg\" \/>\n<meta name=\"twitter:card\" content=\"summary_large_image\" \/>\n<meta name=\"twitter:label1\" content=\"Est. reading time\" \/>\n\t<meta name=\"twitter:data1\" content=\"1 minute\" \/>\n<script type=\"application\/ld+json\" class=\"yoast-schema-graph\">{\"@context\":\"https:\/\/schema.org\",\"@graph\":[{\"@type\":\"WebPage\",\"@id\":\"https:\/\/velooutlets.com\/products\/youn-i-2-0-sparkling-titan\/\",\"url\":\"https:\/\/velooutlets.com\/products\/youn-i-2-0-sparkling-titan\/\",\"name\":\"YOUN-I 2.0 sparkling titan - Velo Outlets\",\"isPartOf\":{\"@id\":\"https:\/\/velooutlets.com\/en\/#website\"},\"primaryImageOfPage\":{\"@id\":\"https:\/\/velooutlets.com\/products\/youn-i-2-0-sparkling-titan\/#primaryimage\"},\"image\":{\"@id\":\"https:\/\/velooutlets.com\/products\/youn-i-2-0-sparkling-titan\/#primaryimage\"},\"thumbnailUrl\":\"https:\/\/velooutlets.com\/wp-content\/uploads\/2025\/10\/40171_YOUN-I-2.0_sparkling-titan_side_abus_1920_9e60dcc9-5dda-46f9-9700-b54c736df404.jpg\",\"datePublished\":\"2025-10-08T07:55:37+00:00\",\"dateModified\":\"2026-04-04T14:37:04+00:00\",\"breadcrumb\":{\"@id\":\"https:\/\/velooutlets.com\/products\/youn-i-2-0-sparkling-titan\/#breadcrumb\"},\"inLanguage\":\"en-US\",\"potentialAction\":[{\"@type\":\"ReadAction\",\"target\":[\"https:\/\/velooutlets.com\/products\/youn-i-2-0-sparkling-titan\/\"]}]},{\"@type\":\"ImageObject\",\"inLanguage\":\"en-US\",\"@id\":\"https:\/\/velooutlets.com\/products\/youn-i-2-0-sparkling-titan\/#primaryimage\",\"url\":\"https:\/\/velooutlets.com\/wp-content\/uploads\/2025\/10\/40171_YOUN-I-2.0_sparkling-titan_side_abus_1920_9e60dcc9-5dda-46f9-9700-b54c736df404.jpg\",\"contentUrl\":\"https:\/\/velooutlets.com\/wp-content\/uploads\/2025\/10\/40171_YOUN-I-2.0_sparkling-titan_side_abus_1920_9e60dcc9-5dda-46f9-9700-b54c736df404.jpg\",\"width\":1920,\"height\":2009},{\"@type\":\"BreadcrumbList\",\"@id\":\"https:\/\/velooutlets.com\/products\/youn-i-2-0-sparkling-titan\/#breadcrumb\",\"itemListElement\":[{\"@type\":\"ListItem\",\"position\":1,\"name\":\"Home\",\"item\":\"https:\/\/velooutlets.com\/\"},{\"@type\":\"ListItem\",\"position\":2,\"name\":\"Veikals\",\"item\":\"https:\/\/velooutlets.com\/shop\/\"},{\"@type\":\"ListItem\",\"position\":3,\"name\":\"YOUN-I 2.0 sparkling titan\"}]},{\"@type\":\"WebSite\",\"@id\":\"https:\/\/velooutlets.com\/en\/#website\",\"url\":\"https:\/\/velooutlets.com\/en\/\",\"name\":\"Velo Outlets\",\"description\":\"Velosip\u0113di visai \u0123imenei\",\"potentialAction\":[{\"@type\":\"SearchAction\",\"target\":{\"@type\":\"EntryPoint\",\"urlTemplate\":\"https:\/\/velooutlets.com\/en\/?s={search_term_string}\"},\"query-input\":{\"@type\":\"PropertyValueSpecification\",\"valueRequired\":true,\"valueName\":\"search_term_string\"}}],\"inLanguage\":\"en-US\"}]}<\/script>\n<!-- \/ Yoast SEO plugin. -->","yoast_head_json":{"title":"YOUN-I 2.0 sparkling titan - Velo Outlets","robots":{"index":"index","follow":"follow","max-snippet":"max-snippet:-1","max-image-preview":"max-image-preview:large","max-video-preview":"max-video-preview:-1"},"canonical":"https:\/\/velooutlets.com\/en\/product\/youn-i-2-0-sparkling-titan\/","og_locale":"en_US","og_type":"article","og_title":"YOUN-I 2.0 sparkling titan - Velo Outlets","og_description":"Youn-I 2.0 velosip\u0113da \u0137ivere ir piem\u0113rota jaunie\u0161iem un pieaugu\u0161ajiem ar maz\u0101ku galvas apk\u0101rtm\u0113ru, \u012bpa\u0161i sieviet\u0113m, kur\u0101m bie\u017ei ir gr\u016bti atrast labi piegulo\u0161u \u0137iveri. T\u0101 nodro\u0161ina dro\u0161u galvas aizsardz\u012bbu brauk\u0161anas laik\u0101 un pal\u012bdz samazin\u0101t nopietnu traumu risku velosip\u0113da negad\u012bjumos. \u0136iverei ir vienk\u0101r\u0161s, moderns un pils\u0113tniec\u012bgs dizains, kas apvieno stilu un komfortu. Youn-I 2.0 velosip\u0113da \u0137ivere ir [&hellip;]","og_url":"https:\/\/velooutlets.com\/en\/product\/youn-i-2-0-sparkling-titan\/","og_site_name":"Velo Outlets","article_modified_time":"2026-04-04T14:37:04+00:00","og_image":[{"width":1920,"height":2009,"url":"https:\/\/velooutlets.com\/wp-content\/uploads\/2025\/10\/40171_YOUN-I-2.0_sparkling-titan_side_abus_1920_9e60dcc9-5dda-46f9-9700-b54c736df404.jpg","type":"image\/jpeg"}],"twitter_card":"summary_large_image","twitter_misc":{"Est. reading time":"1 minute"},"schema":{"@context":"https:\/\/schema.org","@graph":[{"@type":"WebPage","@id":"https:\/\/velooutlets.com\/products\/youn-i-2-0-sparkling-titan\/","url":"https:\/\/velooutlets.com\/products\/youn-i-2-0-sparkling-titan\/","name":"YOUN-I 2.0 sparkling titan - Velo Outlets","isPartOf":{"@id":"https:\/\/velooutlets.com\/en\/#website"},"primaryImageOfPage":{"@id":"https:\/\/velooutlets.com\/products\/youn-i-2-0-sparkling-titan\/#primaryimage"},"image":{"@id":"https:\/\/velooutlets.com\/products\/youn-i-2-0-sparkling-titan\/#primaryimage"},"thumbnailUrl":"https:\/\/velooutlets.com\/wp-content\/uploads\/2025\/10\/40171_YOUN-I-2.0_sparkling-titan_side_abus_1920_9e60dcc9-5dda-46f9-9700-b54c736df404.jpg","datePublished":"2025-10-08T07:55:37+00:00","dateModified":"2026-04-04T14:37:04+00:00","breadcrumb":{"@id":"https:\/\/velooutlets.com\/products\/youn-i-2-0-sparkling-titan\/#breadcrumb"},"inLanguage":"en-US","potentialAction":[{"@type":"ReadAction","target":["https:\/\/velooutlets.com\/products\/youn-i-2-0-sparkling-titan\/"]}]},{"@type":"ImageObject","inLanguage":"en-US","@id":"https:\/\/velooutlets.com\/products\/youn-i-2-0-sparkling-titan\/#primaryimage","url":"https:\/\/velooutlets.com\/wp-content\/uploads\/2025\/10\/40171_YOUN-I-2.0_sparkling-titan_side_abus_1920_9e60dcc9-5dda-46f9-9700-b54c736df404.jpg","contentUrl":"https:\/\/velooutlets.com\/wp-content\/uploads\/2025\/10\/40171_YOUN-I-2.0_sparkling-titan_side_abus_1920_9e60dcc9-5dda-46f9-9700-b54c736df404.jpg","width":1920,"height":2009},{"@type":"BreadcrumbList","@id":"https:\/\/velooutlets.com\/products\/youn-i-2-0-sparkling-titan\/#breadcrumb","itemListElement":[{"@type":"ListItem","position":1,"name":"Home","item":"https:\/\/velooutlets.com\/"},{"@type":"ListItem","position":2,"name":"Veikals","item":"https:\/\/velooutlets.com\/shop\/"},{"@type":"ListItem","position":3,"name":"YOUN-I 2.0 sparkling titan"}]},{"@type":"WebSite","@id":"https:\/\/velooutlets.com\/en\/#website","url":"https:\/\/velooutlets.com\/en\/","name":"Velo Outlets","description":"Velosip\u0113di visai \u0123imenei","potentialAction":[{"@type":"SearchAction","target":{"@type":"EntryPoint","urlTemplate":"https:\/\/velooutlets.com\/en\/?s={search_term_string}"},"query-input":{"@type":"PropertyValueSpecification","valueRequired":true,"valueName":"search_term_string"}}],"inLanguage":"en-US"}]}},"jetpack_sharing_enabled":true,"_links":{"self":[{"href":"https:\/\/velooutlets.com\/en\/wp-json\/wp\/v2\/product\/11553","targetHints":{"allow":["GET"]}}],"collection":[{"href":"https:\/\/velooutlets.com\/en\/wp-json\/wp\/v2\/product"}],"about":[{"href":"https:\/\/velooutlets.com\/en\/wp-json\/wp\/v2\/types\/product"}],"wp:featuredmedia":[{"embeddable":true,"href":"https:\/\/velooutlets.com\/en\/wp-json\/wp\/v2\/media\/11556"}],"wp:attachment":[{"href":"https:\/\/velooutlets.com\/en\/wp-json\/wp\/v2\/media?parent=11553"}],"wp:term":[{"taxonomy":"product_brand","embeddable":true,"href":"https:\/\/velooutlets.com\/en\/wp-json\/wp\/v2\/product_brand?post=11553"},{"taxonomy":"product_cat","embeddable":true,"href":"https:\/\/velooutlets.com\/en\/wp-json\/wp\/v2\/product_cat?post=11553"},{"taxonomy":"product_tag","embeddable":true,"href":"https:\/\/velooutlets.com\/en\/wp-json\/wp\/v2\/product_tag?post=11553"}],"curies":[{"name":"wp","href":"https:\/\/api.w.org\/{rel}","templated":true}]}}