{"id":11706,"date":"2025-10-10T09:23:26","date_gmt":"2025-10-10T06:23:26","guid":{"rendered":"https:\/\/staging.velooutlets.com\/product\/dublusargu-komplekts-29-blade-set-blue\/"},"modified":"2026-02-11T13:13:25","modified_gmt":"2026-02-11T11:13:25","slug":"dublusargu-komplekts-29-blade-set-blue","status":"publish","type":"product","link":"https:\/\/velooutlets.com\/en\/product\/dublusargu-komplekts-29-blade-set-blue\/","title":{"rendered":"Dub\u013cusargu komplekts 29&#8221; Blade Set Blue"},"content":{"rendered":"<p>SKS Mudguard Kit. Suitable for 29\u201d bikes.\u00a0<\/p>\n<pre class=\"tw-data-text tw-text-large tw-ta\" data-placeholder=\"Translation\" id=\"tw-target-text\" data-ved=\"2ahUKEwjXxYCgjsiLAxVb_7sIHaMWC7kQ3ewLegQIBxAV\" dir=\"ltr\" aria-label=\"Mudguard Set with coloured accentsWith quick-release adapter for easy mounting- Quick-release fastener- Made of 2-component plastic- With coloured accents- Ideal for mountain bikes- Made in GermanyColour your ride! The SKS BLADE SET BLUE mudguard set, made of unbreakable 2-component plastic, adds colour to the game. The blue spoilers of the tried and tested SHOCKBLADE and X-BLADE mudguards not only improve protection against splashes, but thanks to the softer plastic, also serve as edge protectors when getting on and off the bike. Thanks to the quick-release adapter, the kit can be easily attached and optimally adapted to the mountain bike. It is equipped with five cone adapters from 15 to 35 mm.\"><span class=\"Y2IQFc\" lang=\"lv\">With quick-release adapter for easy mounting\n\n- Quick-release fastener\n- Made of 2-component plastic\n- With coloured accents\n- Ideal for mountain bikes\n- Made in Germany<\/span><\/pre>","protected":false},"excerpt":{"rendered":"<p>SKS dub\u013cu sargu komplekts. Piem\u0113rots 29&#8221; velosip\u0113diem.\u00a0 Ar \u0101tri no\u0146emamu adapteri \u0113rtai mont\u0101\u017eai \u2022 \u0100tri atvienojams stiprin\u0101jums \u2022 Izgatavots no 2-komponentu plastmasas \u2022 Ar kr\u0101sainiem akcentiem \u2022 Ide\u0101li piem\u0113rots kalnu velosip\u0113diem \u2022 Ra\u017eots V\u0101cij\u0101<\/p>","protected":false},"featured_media":11708,"template":"","meta":{"_monsterinsights_skip_tracking":false,"_monsterinsights_sitenote_active":false,"_monsterinsights_sitenote_note":"","_monsterinsights_sitenote_category":0,"_iconic_wsb_product_page_order_bump_ids":[],"_sku":["11606"],"_iconic_wsb_product_page_bump_modal_ids":[]},"product_brand":[1347],"product_cat":[910,958],"product_tag":[221,891],"class_list":{"0":"post-11706","1":"product","2":"type-product","3":"status-publish","4":"has-post-thumbnail","6":"product_brand-sks","7":"product_cat-aksesuari","8":"product_cat-dublusargi","9":"product_tag-aksesuari","10":"product_tag-dublusargi","11":"product_shipping_class-aksesuari","12":"ts_product_brand-sks","14":"first","15":"instock","16":"taxable","17":"shipping-taxable","18":"purchasable","19":"product-type-simple"},"yoast_head":"<!-- This site is optimized with the Yoast SEO plugin v27.2 - https:\/\/yoast.com\/product\/yoast-seo-wordpress\/ -->\n<title>Dub\u013cusargu komplekts 29&#039;&#039; Blade Set Blue - Velo Outlets<\/title>\n<meta name=\"robots\" content=\"index, follow, max-snippet:-1, max-image-preview:large, max-video-preview:-1\" \/>\n<link rel=\"canonical\" href=\"https:\/\/velooutlets.com\/en\/product\/dublusargu-komplekts-29-blade-set-blue\/\" \/>\n<meta property=\"og:locale\" content=\"en_US\" \/>\n<meta property=\"og:type\" content=\"article\" \/>\n<meta property=\"og:title\" content=\"Dub\u013cusargu komplekts 29&#039;&#039; Blade Set Blue - Velo Outlets\" \/>\n<meta property=\"og:description\" content=\"SKS dub\u013cu sargu komplekts. Piem\u0113rots 29&#8221; velosip\u0113diem.\u00a0 Ar \u0101tri no\u0146emamu adapteri \u0113rtai mont\u0101\u017eai \u2022 \u0100tri atvienojams stiprin\u0101jums \u2022 Izgatavots no 2-komponentu plastmasas \u2022 Ar kr\u0101sainiem akcentiem \u2022 Ide\u0101li piem\u0113rots kalnu velosip\u0113diem \u2022 Ra\u017eots V\u0101cij\u0101\" \/>\n<meta property=\"og:url\" content=\"https:\/\/velooutlets.com\/en\/product\/dublusargu-komplekts-29-blade-set-blue\/\" \/>\n<meta property=\"og:site_name\" content=\"Velo Outlets\" \/>\n<meta property=\"article:modified_time\" content=\"2026-02-11T11:13:25+00:00\" \/>\n<meta property=\"og:image\" content=\"https:\/\/velooutlets.com\/wp-content\/uploads\/2025\/10\/690scr_5d370cae18a1770.jpg\" \/>\n\t<meta property=\"og:image:width\" content=\"841\" \/>\n\t<meta property=\"og:image:height\" content=\"800\" \/>\n\t<meta property=\"og:image:type\" content=\"image\/jpeg\" \/>\n<meta name=\"twitter:card\" content=\"summary_large_image\" \/>\n<script type=\"application\/ld+json\" class=\"yoast-schema-graph\">{\"@context\":\"https:\/\/schema.org\",\"@graph\":[{\"@type\":\"WebPage\",\"@id\":\"https:\/\/velooutlets.com\/products\/dublusargu-komplekts-29-blade-set-blue\/\",\"url\":\"https:\/\/velooutlets.com\/products\/dublusargu-komplekts-29-blade-set-blue\/\",\"name\":\"Dub\u013cusargu komplekts 29'' Blade Set Blue - Velo Outlets\",\"isPartOf\":{\"@id\":\"https:\/\/velooutlets.com\/en\/#website\"},\"primaryImageOfPage\":{\"@id\":\"https:\/\/velooutlets.com\/products\/dublusargu-komplekts-29-blade-set-blue\/#primaryimage\"},\"image\":{\"@id\":\"https:\/\/velooutlets.com\/products\/dublusargu-komplekts-29-blade-set-blue\/#primaryimage\"},\"thumbnailUrl\":\"https:\/\/velooutlets.com\/wp-content\/uploads\/2025\/10\/690scr_5d370cae18a1770.jpg\",\"datePublished\":\"2025-10-10T06:23:26+00:00\",\"dateModified\":\"2026-02-11T11:13:25+00:00\",\"breadcrumb\":{\"@id\":\"https:\/\/velooutlets.com\/products\/dublusargu-komplekts-29-blade-set-blue\/#breadcrumb\"},\"inLanguage\":\"en-US\",\"potentialAction\":[{\"@type\":\"ReadAction\",\"target\":[\"https:\/\/velooutlets.com\/products\/dublusargu-komplekts-29-blade-set-blue\/\"]}]},{\"@type\":\"ImageObject\",\"inLanguage\":\"en-US\",\"@id\":\"https:\/\/velooutlets.com\/products\/dublusargu-komplekts-29-blade-set-blue\/#primaryimage\",\"url\":\"https:\/\/velooutlets.com\/wp-content\/uploads\/2025\/10\/690scr_5d370cae18a1770.jpg\",\"contentUrl\":\"https:\/\/velooutlets.com\/wp-content\/uploads\/2025\/10\/690scr_5d370cae18a1770.jpg\",\"width\":841,\"height\":800},{\"@type\":\"BreadcrumbList\",\"@id\":\"https:\/\/velooutlets.com\/products\/dublusargu-komplekts-29-blade-set-blue\/#breadcrumb\",\"itemListElement\":[{\"@type\":\"ListItem\",\"position\":1,\"name\":\"Home\",\"item\":\"https:\/\/velooutlets.com\/\"},{\"@type\":\"ListItem\",\"position\":2,\"name\":\"Veikals\",\"item\":\"https:\/\/velooutlets.com\/shop\/\"},{\"@type\":\"ListItem\",\"position\":3,\"name\":\"Dub\u013cusargu komplekts 29&#8221; Blade Set Blue\"}]},{\"@type\":\"WebSite\",\"@id\":\"https:\/\/velooutlets.com\/en\/#website\",\"url\":\"https:\/\/velooutlets.com\/en\/\",\"name\":\"Velo Outlets\",\"description\":\"Velosip\u0113di visai \u0123imenei\",\"potentialAction\":[{\"@type\":\"SearchAction\",\"target\":{\"@type\":\"EntryPoint\",\"urlTemplate\":\"https:\/\/velooutlets.com\/en\/?s={search_term_string}\"},\"query-input\":{\"@type\":\"PropertyValueSpecification\",\"valueRequired\":true,\"valueName\":\"search_term_string\"}}],\"inLanguage\":\"en-US\"}]}<\/script>\n<!-- \/ Yoast SEO plugin. -->","yoast_head_json":{"title":"Dub\u013cusargu komplekts 29'' Blade Set Blue - Velo Outlets","robots":{"index":"index","follow":"follow","max-snippet":"max-snippet:-1","max-image-preview":"max-image-preview:large","max-video-preview":"max-video-preview:-1"},"canonical":"https:\/\/velooutlets.com\/en\/product\/dublusargu-komplekts-29-blade-set-blue\/","og_locale":"en_US","og_type":"article","og_title":"Dub\u013cusargu komplekts 29'' Blade Set Blue - Velo Outlets","og_description":"SKS dub\u013cu sargu komplekts. Piem\u0113rots 29&#8221; velosip\u0113diem.\u00a0 Ar \u0101tri no\u0146emamu adapteri \u0113rtai mont\u0101\u017eai \u2022 \u0100tri atvienojams stiprin\u0101jums \u2022 Izgatavots no 2-komponentu plastmasas \u2022 Ar kr\u0101sainiem akcentiem \u2022 Ide\u0101li piem\u0113rots kalnu velosip\u0113diem \u2022 Ra\u017eots V\u0101cij\u0101","og_url":"https:\/\/velooutlets.com\/en\/product\/dublusargu-komplekts-29-blade-set-blue\/","og_site_name":"Velo Outlets","article_modified_time":"2026-02-11T11:13:25+00:00","og_image":[{"width":841,"height":800,"url":"https:\/\/velooutlets.com\/wp-content\/uploads\/2025\/10\/690scr_5d370cae18a1770.jpg","type":"image\/jpeg"}],"twitter_card":"summary_large_image","schema":{"@context":"https:\/\/schema.org","@graph":[{"@type":"WebPage","@id":"https:\/\/velooutlets.com\/products\/dublusargu-komplekts-29-blade-set-blue\/","url":"https:\/\/velooutlets.com\/products\/dublusargu-komplekts-29-blade-set-blue\/","name":"Dub\u013cusargu komplekts 29'' Blade Set Blue - Velo Outlets","isPartOf":{"@id":"https:\/\/velooutlets.com\/en\/#website"},"primaryImageOfPage":{"@id":"https:\/\/velooutlets.com\/products\/dublusargu-komplekts-29-blade-set-blue\/#primaryimage"},"image":{"@id":"https:\/\/velooutlets.com\/products\/dublusargu-komplekts-29-blade-set-blue\/#primaryimage"},"thumbnailUrl":"https:\/\/velooutlets.com\/wp-content\/uploads\/2025\/10\/690scr_5d370cae18a1770.jpg","datePublished":"2025-10-10T06:23:26+00:00","dateModified":"2026-02-11T11:13:25+00:00","breadcrumb":{"@id":"https:\/\/velooutlets.com\/products\/dublusargu-komplekts-29-blade-set-blue\/#breadcrumb"},"inLanguage":"en-US","potentialAction":[{"@type":"ReadAction","target":["https:\/\/velooutlets.com\/products\/dublusargu-komplekts-29-blade-set-blue\/"]}]},{"@type":"ImageObject","inLanguage":"en-US","@id":"https:\/\/velooutlets.com\/products\/dublusargu-komplekts-29-blade-set-blue\/#primaryimage","url":"https:\/\/velooutlets.com\/wp-content\/uploads\/2025\/10\/690scr_5d370cae18a1770.jpg","contentUrl":"https:\/\/velooutlets.com\/wp-content\/uploads\/2025\/10\/690scr_5d370cae18a1770.jpg","width":841,"height":800},{"@type":"BreadcrumbList","@id":"https:\/\/velooutlets.com\/products\/dublusargu-komplekts-29-blade-set-blue\/#breadcrumb","itemListElement":[{"@type":"ListItem","position":1,"name":"Home","item":"https:\/\/velooutlets.com\/"},{"@type":"ListItem","position":2,"name":"Veikals","item":"https:\/\/velooutlets.com\/shop\/"},{"@type":"ListItem","position":3,"name":"Dub\u013cusargu komplekts 29&#8221; Blade Set Blue"}]},{"@type":"WebSite","@id":"https:\/\/velooutlets.com\/en\/#website","url":"https:\/\/velooutlets.com\/en\/","name":"Velo Outlets","description":"Velosip\u0113di visai \u0123imenei","potentialAction":[{"@type":"SearchAction","target":{"@type":"EntryPoint","urlTemplate":"https:\/\/velooutlets.com\/en\/?s={search_term_string}"},"query-input":{"@type":"PropertyValueSpecification","valueRequired":true,"valueName":"search_term_string"}}],"inLanguage":"en-US"}]}},"jetpack_sharing_enabled":true,"_links":{"self":[{"href":"https:\/\/velooutlets.com\/en\/wp-json\/wp\/v2\/product\/11706","targetHints":{"allow":["GET"]}}],"collection":[{"href":"https:\/\/velooutlets.com\/en\/wp-json\/wp\/v2\/product"}],"about":[{"href":"https:\/\/velooutlets.com\/en\/wp-json\/wp\/v2\/types\/product"}],"wp:featuredmedia":[{"embeddable":true,"href":"https:\/\/velooutlets.com\/en\/wp-json\/wp\/v2\/media\/11708"}],"wp:attachment":[{"href":"https:\/\/velooutlets.com\/en\/wp-json\/wp\/v2\/media?parent=11706"}],"wp:term":[{"taxonomy":"product_brand","embeddable":true,"href":"https:\/\/velooutlets.com\/en\/wp-json\/wp\/v2\/product_brand?post=11706"},{"taxonomy":"product_cat","embeddable":true,"href":"https:\/\/velooutlets.com\/en\/wp-json\/wp\/v2\/product_cat?post=11706"},{"taxonomy":"product_tag","embeddable":true,"href":"https:\/\/velooutlets.com\/en\/wp-json\/wp\/v2\/product_tag?post=11706"}],"curies":[{"name":"wp","href":"https:\/\/api.w.org\/{rel}","templated":true}]}}