{"id":11775,"date":"2025-10-10T09:24:39","date_gmt":"2025-10-10T06:24:39","guid":{"rendered":"https:\/\/staging.velooutlets.com\/product\/somina-traveller-edge\/"},"modified":"2026-02-11T13:13:45","modified_gmt":"2026-02-11T11:13:45","slug":"somina-traveller-edge","status":"publish","type":"product","link":"https:\/\/velooutlets.com\/en\/product\/somina-traveller-edge\/","title":{"rendered":"Soma Traveller Edge"},"content":{"rendered":"<p>Frame holder, 1000 ml, watertight<\/p>\n<pre class=\"tw-data-text tw-text-large tw-ta\" data-placeholder=\"Translation\" id=\"tw-target-text\" data-ved=\"2ahUKEwjz6LzjqsiLAxWG87sIHafKLigQ3ewLegQIBxAV\" aria-label=\"Sporty, chic and practical- For trekking and city bikes- Rubberised hook and loop fasteners- Water-repellent fabric- Laminated zippers- Reflective elements- Carry bag for BOSCH compact charger\" dir=\"ltr\"><span class=\"Y2IQFc\" lang=\"lv\">Bike bag for trekking and city bikes\n<br>- For trekking and city bikes\n- Rubberised hook and eye fasteners\n- Water-repellent fabric\n- Laminated zippers\n- Reflective elements\n- Transport bag for BOSCH compact charger<\/span><\/pre>","protected":false},"excerpt":{"rendered":"<p>R\u0101mja stiprin\u0101jums, 1000 ml, \u016bdensnecaurlaid\u012bgs Velosip\u0113du soma trekingam un pils\u0113tas velosip\u0113diem \u2022 Trekingam un pils\u0113tas velosip\u0113diem \u2022 Gumijoti \u0101\u0137a un izskata stiprin\u0101jumi \u2022 \u016adeni atgr\u016bdo\u0161s audums \u2022 Lamin\u0113ti r\u0101v\u0113jsl\u0113dz\u0113ji \u2022 Atstarojo\u0161i elementi \u2022 Transport\u0113\u0161anas soma BOSCH kompaktajam l\u0101d\u0113t\u0101jam<\/p>","protected":false},"featured_media":11776,"template":"","meta":{"_monsterinsights_skip_tracking":false,"_monsterinsights_sitenote_active":false,"_monsterinsights_sitenote_note":"","_monsterinsights_sitenote_category":0,"_iconic_wsb_product_page_order_bump_ids":[],"_sku":["11514"],"_iconic_wsb_product_page_bump_modal_ids":[]},"product_brand":[1347],"product_cat":[910,1115],"product_tag":[209,898],"class_list":{"0":"post-11775","1":"product","2":"type-product","3":"status-publish","4":"has-post-thumbnail","6":"product_brand-sks","7":"product_cat-aksesuari","8":"product_cat-velo-somas","9":"product_tag-imenza","10":"product_tag-velo-somas","11":"product_shipping_class-aksesuari","12":"ts_product_brand-sks","14":"first","15":"instock","16":"taxable","17":"shipping-taxable","18":"purchasable","19":"product-type-simple"},"yoast_head":"<!-- This site is optimized with the Yoast SEO plugin v27.2 - https:\/\/yoast.com\/product\/yoast-seo-wordpress\/ -->\n<title>Soma Traveller Edge - Velo Outlets<\/title>\n<meta name=\"robots\" content=\"index, follow, max-snippet:-1, max-image-preview:large, max-video-preview:-1\" \/>\n<link rel=\"canonical\" href=\"https:\/\/velooutlets.com\/en\/product\/somina-traveller-edge\/\" \/>\n<meta property=\"og:locale\" content=\"en_US\" \/>\n<meta property=\"og:type\" content=\"article\" \/>\n<meta property=\"og:title\" content=\"Soma Traveller Edge - Velo Outlets\" \/>\n<meta property=\"og:description\" content=\"R\u0101mja stiprin\u0101jums, 1000 ml, \u016bdensnecaurlaid\u012bgs Velosip\u0113du soma trekingam un pils\u0113tas velosip\u0113diem \u2022 Trekingam un pils\u0113tas velosip\u0113diem \u2022 Gumijoti \u0101\u0137a un izskata stiprin\u0101jumi \u2022 \u016adeni atgr\u016bdo\u0161s audums \u2022 Lamin\u0113ti r\u0101v\u0113jsl\u0113dz\u0113ji \u2022 Atstarojo\u0161i elementi \u2022 Transport\u0113\u0161anas soma BOSCH kompaktajam l\u0101d\u0113t\u0101jam\" \/>\n<meta property=\"og:url\" content=\"https:\/\/velooutlets.com\/en\/product\/somina-traveller-edge\/\" \/>\n<meta property=\"og:site_name\" content=\"Velo Outlets\" \/>\n<meta property=\"article:modified_time\" content=\"2026-02-11T11:13:45+00:00\" \/>\n<meta property=\"og:image\" content=\"https:\/\/velooutlets.com\/wp-content\/uploads\/2025\/10\/3446.jpg\" \/>\n\t<meta property=\"og:image:width\" content=\"1134\" \/>\n\t<meta property=\"og:image:height\" content=\"709\" \/>\n\t<meta property=\"og:image:type\" content=\"image\/jpeg\" \/>\n<meta name=\"twitter:card\" content=\"summary_large_image\" \/>\n<script type=\"application\/ld+json\" class=\"yoast-schema-graph\">{\"@context\":\"https:\/\/schema.org\",\"@graph\":[{\"@type\":\"WebPage\",\"@id\":\"https:\/\/velooutlets.com\/products\/somina-traveller-edge\/\",\"url\":\"https:\/\/velooutlets.com\/products\/somina-traveller-edge\/\",\"name\":\"Soma Traveller Edge - Velo Outlets\",\"isPartOf\":{\"@id\":\"https:\/\/velooutlets.com\/en\/#website\"},\"primaryImageOfPage\":{\"@id\":\"https:\/\/velooutlets.com\/products\/somina-traveller-edge\/#primaryimage\"},\"image\":{\"@id\":\"https:\/\/velooutlets.com\/products\/somina-traveller-edge\/#primaryimage\"},\"thumbnailUrl\":\"https:\/\/velooutlets.com\/wp-content\/uploads\/2025\/10\/3446.jpg\",\"datePublished\":\"2025-10-10T06:24:39+00:00\",\"dateModified\":\"2026-02-11T11:13:45+00:00\",\"breadcrumb\":{\"@id\":\"https:\/\/velooutlets.com\/products\/somina-traveller-edge\/#breadcrumb\"},\"inLanguage\":\"en-US\",\"potentialAction\":[{\"@type\":\"ReadAction\",\"target\":[\"https:\/\/velooutlets.com\/products\/somina-traveller-edge\/\"]}]},{\"@type\":\"ImageObject\",\"inLanguage\":\"en-US\",\"@id\":\"https:\/\/velooutlets.com\/products\/somina-traveller-edge\/#primaryimage\",\"url\":\"https:\/\/velooutlets.com\/wp-content\/uploads\/2025\/10\/3446.jpg\",\"contentUrl\":\"https:\/\/velooutlets.com\/wp-content\/uploads\/2025\/10\/3446.jpg\",\"width\":1134,\"height\":709},{\"@type\":\"BreadcrumbList\",\"@id\":\"https:\/\/velooutlets.com\/products\/somina-traveller-edge\/#breadcrumb\",\"itemListElement\":[{\"@type\":\"ListItem\",\"position\":1,\"name\":\"Home\",\"item\":\"https:\/\/velooutlets.com\/\"},{\"@type\":\"ListItem\",\"position\":2,\"name\":\"Veikals\",\"item\":\"https:\/\/velooutlets.com\/shop\/\"},{\"@type\":\"ListItem\",\"position\":3,\"name\":\"Soma Traveller Edge\"}]},{\"@type\":\"WebSite\",\"@id\":\"https:\/\/velooutlets.com\/en\/#website\",\"url\":\"https:\/\/velooutlets.com\/en\/\",\"name\":\"Velo Outlets\",\"description\":\"Velosip\u0113di visai \u0123imenei\",\"potentialAction\":[{\"@type\":\"SearchAction\",\"target\":{\"@type\":\"EntryPoint\",\"urlTemplate\":\"https:\/\/velooutlets.com\/en\/?s={search_term_string}\"},\"query-input\":{\"@type\":\"PropertyValueSpecification\",\"valueRequired\":true,\"valueName\":\"search_term_string\"}}],\"inLanguage\":\"en-US\"}]}<\/script>\n<!-- \/ Yoast SEO plugin. -->","yoast_head_json":{"title":"Soma Traveller Edge - Velo Outlets","robots":{"index":"index","follow":"follow","max-snippet":"max-snippet:-1","max-image-preview":"max-image-preview:large","max-video-preview":"max-video-preview:-1"},"canonical":"https:\/\/velooutlets.com\/en\/product\/somina-traveller-edge\/","og_locale":"en_US","og_type":"article","og_title":"Soma Traveller Edge - Velo Outlets","og_description":"R\u0101mja stiprin\u0101jums, 1000 ml, \u016bdensnecaurlaid\u012bgs Velosip\u0113du soma trekingam un pils\u0113tas velosip\u0113diem \u2022 Trekingam un pils\u0113tas velosip\u0113diem \u2022 Gumijoti \u0101\u0137a un izskata stiprin\u0101jumi \u2022 \u016adeni atgr\u016bdo\u0161s audums \u2022 Lamin\u0113ti r\u0101v\u0113jsl\u0113dz\u0113ji \u2022 Atstarojo\u0161i elementi \u2022 Transport\u0113\u0161anas soma BOSCH kompaktajam l\u0101d\u0113t\u0101jam","og_url":"https:\/\/velooutlets.com\/en\/product\/somina-traveller-edge\/","og_site_name":"Velo Outlets","article_modified_time":"2026-02-11T11:13:45+00:00","og_image":[{"width":1134,"height":709,"url":"https:\/\/velooutlets.com\/wp-content\/uploads\/2025\/10\/3446.jpg","type":"image\/jpeg"}],"twitter_card":"summary_large_image","schema":{"@context":"https:\/\/schema.org","@graph":[{"@type":"WebPage","@id":"https:\/\/velooutlets.com\/products\/somina-traveller-edge\/","url":"https:\/\/velooutlets.com\/products\/somina-traveller-edge\/","name":"Soma Traveller Edge - Velo Outlets","isPartOf":{"@id":"https:\/\/velooutlets.com\/en\/#website"},"primaryImageOfPage":{"@id":"https:\/\/velooutlets.com\/products\/somina-traveller-edge\/#primaryimage"},"image":{"@id":"https:\/\/velooutlets.com\/products\/somina-traveller-edge\/#primaryimage"},"thumbnailUrl":"https:\/\/velooutlets.com\/wp-content\/uploads\/2025\/10\/3446.jpg","datePublished":"2025-10-10T06:24:39+00:00","dateModified":"2026-02-11T11:13:45+00:00","breadcrumb":{"@id":"https:\/\/velooutlets.com\/products\/somina-traveller-edge\/#breadcrumb"},"inLanguage":"en-US","potentialAction":[{"@type":"ReadAction","target":["https:\/\/velooutlets.com\/products\/somina-traveller-edge\/"]}]},{"@type":"ImageObject","inLanguage":"en-US","@id":"https:\/\/velooutlets.com\/products\/somina-traveller-edge\/#primaryimage","url":"https:\/\/velooutlets.com\/wp-content\/uploads\/2025\/10\/3446.jpg","contentUrl":"https:\/\/velooutlets.com\/wp-content\/uploads\/2025\/10\/3446.jpg","width":1134,"height":709},{"@type":"BreadcrumbList","@id":"https:\/\/velooutlets.com\/products\/somina-traveller-edge\/#breadcrumb","itemListElement":[{"@type":"ListItem","position":1,"name":"Home","item":"https:\/\/velooutlets.com\/"},{"@type":"ListItem","position":2,"name":"Veikals","item":"https:\/\/velooutlets.com\/shop\/"},{"@type":"ListItem","position":3,"name":"Soma Traveller Edge"}]},{"@type":"WebSite","@id":"https:\/\/velooutlets.com\/en\/#website","url":"https:\/\/velooutlets.com\/en\/","name":"Velo Outlets","description":"Velosip\u0113di visai \u0123imenei","potentialAction":[{"@type":"SearchAction","target":{"@type":"EntryPoint","urlTemplate":"https:\/\/velooutlets.com\/en\/?s={search_term_string}"},"query-input":{"@type":"PropertyValueSpecification","valueRequired":true,"valueName":"search_term_string"}}],"inLanguage":"en-US"}]}},"jetpack_sharing_enabled":true,"_links":{"self":[{"href":"https:\/\/velooutlets.com\/en\/wp-json\/wp\/v2\/product\/11775","targetHints":{"allow":["GET"]}}],"collection":[{"href":"https:\/\/velooutlets.com\/en\/wp-json\/wp\/v2\/product"}],"about":[{"href":"https:\/\/velooutlets.com\/en\/wp-json\/wp\/v2\/types\/product"}],"wp:featuredmedia":[{"embeddable":true,"href":"https:\/\/velooutlets.com\/en\/wp-json\/wp\/v2\/media\/11776"}],"wp:attachment":[{"href":"https:\/\/velooutlets.com\/en\/wp-json\/wp\/v2\/media?parent=11775"}],"wp:term":[{"taxonomy":"product_brand","embeddable":true,"href":"https:\/\/velooutlets.com\/en\/wp-json\/wp\/v2\/product_brand?post=11775"},{"taxonomy":"product_cat","embeddable":true,"href":"https:\/\/velooutlets.com\/en\/wp-json\/wp\/v2\/product_cat?post=11775"},{"taxonomy":"product_tag","embeddable":true,"href":"https:\/\/velooutlets.com\/en\/wp-json\/wp\/v2\/product_tag?post=11775"}],"curies":[{"name":"wp","href":"https:\/\/api.w.org\/{rel}","templated":true}]}}