{"id":13581,"date":"2025-12-10T14:46:47","date_gmt":"2025-12-10T12:46:47","guid":{"rendered":"https:\/\/staging.velooutlets.com\/product\/little-duck-bernu-sedeklis\/"},"modified":"2026-03-18T16:25:09","modified_gmt":"2026-03-18T14:25:09","slug":"little-duck-bernu-sedeklis","status":"publish","type":"product","link":"https:\/\/velooutlets.com\/en\/product\/little-duck-bernu-sedeklis\/","title":{"rendered":"Little Duck baby seat"},"content":{"rendered":"<p><strong>Bellelli Little Duck - safe and comfortable rear child bike seat<\/strong><\/p>\n<p><strong>Lotus<\/strong>\u00a0has a high quality rear bike seat suitable for children weighing up to <strong>22 kg<\/strong>. It is available <strong>standard and relax<\/strong> versions, offering outstanding comfort and safety when driving.<\/p>\n<h3><strong>Key features:<\/strong><\/h3>\n<p>\u2714 <strong>Adjustable backrest<\/strong> - height-adjustable and reclinable backrest (Tiger Relax version with 10\u00b0 inclination).<br \/>\u2714 <strong>Five-point seat belt<\/strong> - adjustable in length, height and depth, providing stability and protection.<br \/>\u2714 <strong>Adjustable footrests<\/strong> - continuously adjustable to the child's height.<br \/>\u2714 <strong>Comfort and ergonomics<\/strong> - the seat is designed to provide maximum comfort and stability for the child.<\/p>\n<h3><strong>Strengthening opportunities:<\/strong><\/h3>\n<p>\ud83d\udd39 <strong>Little Duck Standard<\/strong> - attachment to the bicycle frame.<\/p>\n<ul>\n<li>\u2705 Wheel diameter: <strong>26\u201d \/ 28\u201d<\/strong>\n<\/li>\n<li>\u2705 Seat tube diameter: <strong>28-45 mm (1.10\u201d - 1.77\u201d)<\/strong>\n<\/li>\n<li>\u2705 Seat tube height: <strong>28-80 mm (1.10\u201d - 2.36\u201d)<\/strong>\n<\/li>\n<\/ul>\n<p>\ud83d\udd39 <strong>Little Duck Relax<\/strong> - reclining model with 10\u00b0 inclination.<\/p>\n<ul>\n<li>\u2705 Wheel diameter: <strong>26\u201d \/ 28\u201d<\/strong>\n<\/li>\n<li>\u2705 Seat tube diameter: <strong>28-45 mm (1.10\u201d - 1.77\u201d)<\/strong>\n<\/li>\n<li>\u2705 Seat tube height: <strong>28-60 mm (1.10\u201d - 2.36\u201d)<\/strong>\n<\/li>\n<\/ul>\n<p>\ud83d\udd39 <strong>Little Duck Clamp<\/strong> - rack mount (compatible with ISO 11243 standards, rack width 120-175 mm, up to 190 mm for E-bikes).<\/p>\n<ul>\n<li>\u2705 Wheel diameter: <strong>26\u201d \/ 28\u201d<\/strong>\n<\/li>\n<li>\u2705 Trunk width: <strong>120-175 mm<\/strong>\n<\/li>\n<li>\u2705 Compatible with E-bikes up to <strong>185 mm<br \/><\/strong>\n<\/li>\n<\/ul>\n<p><strong>Further information PDF:<br \/><a href=\"https:\/\/www.bellelli.com\/wp-content\/uploads\/2021\/05\/BFIX-REAR-MOUNT-SYSTEM.pdf\" rel=\"noopener\" target=\"_blank\"><span style=\"color: rgb(43, 0, 255);\">Little Duck Standard<\/span><\/a><br \/><a href=\"https:\/\/www.bellelli.com\/wp-content\/uploads\/2021\/05\/RELAX-BFIX-REAR-MOUNT-SYSTEM.pdf\" rel=\"noopener\" target=\"_blank\"><span style=\"color: rgb(43, 0, 255);\">Little Duck Relax<\/span><\/a><br \/><a href=\"https:\/\/www.bellelli.com\/wp-content\/uploads\/2021\/05\/03CLAMP_compressed.pdf\" rel=\"noopener\" target=\"_blank\"><span style=\"color: rgb(43, 0, 255);\">Little Duck Clamp<\/span><\/a><\/p>\n<p><\/strong><strong><\/strong><strong>Bellelli Little Duck<\/strong>\u00a0is the perfect choice for parents who want to provide their child with a safe, comfortable and ergonomic driving experience!<\/p>\n<p><img><img decoding=\"async\" src=\"https:\/\/velooutlets.com\/wp-content\/uploads\/2025\/12\/Screenshot_2025-02-10_082814.png?v=1739168934\" alt=\"\"><\/p>","protected":false},"excerpt":{"rendered":"<p>Bellelli Little Duck \u2013 dro\u0161s un \u0113rts aizmugur\u0113jais b\u0113rnu velos\u0113deklis Lotus\u00a0ir augstas kvalit\u0101tes aizmugur\u0113jais velos\u0113deklis, kas ir piem\u0113rots b\u0113rniem ar svaru l\u012bdz 22 kg. Tas ir pieejams standarta un relaks versij\u0101s, pied\u0101v\u0101jot izcilu komfortu un dro\u0161\u012bbu brauk\u0161anas laik\u0101. Galven\u0101s \u012bpa\u0161\u012bbas: \u2714 Regul\u0113jama atzveltne \u2013 augstum\u0101 piel\u0101gojama un atg\u0101\u017eama atzveltne (Tiger Relax versij\u0101 ar 10\u00b0 sl\u012bpumu).\u2714 [&hellip;]<\/p>\n","protected":false},"featured_media":13646,"template":"","meta":{"_monsterinsights_skip_tracking":false,"_monsterinsights_sitenote_active":false,"_monsterinsights_sitenote_note":"","_monsterinsights_sitenote_category":0,"_iconic_wsb_product_page_order_bump_ids":[],"_sku":[""],"_iconic_wsb_product_page_bump_modal_ids":[]},"product_brand":[1348],"product_cat":[910,930],"product_tag":[221,1195],"class_list":{"0":"post-13581","1":"product","2":"type-product","3":"status-publish","4":"has-post-thumbnail","6":"product_brand-bellelli","7":"product_cat-aksesuari","8":"product_cat-bernu-sedekli","9":"product_tag-aksesuari","10":"product_tag-bernu-sedekli","11":"product_shipping_class-bernu-velosipedi","13":"first","14":"instock","15":"taxable","16":"shipping-taxable","17":"purchasable","18":"product-type-variable","19":"wvs-archive-product-wrapper"},"yoast_head":"<!-- This site is optimized with the Yoast SEO plugin v27.2 - https:\/\/yoast.com\/product\/yoast-seo-wordpress\/ -->\n<title>Little Duck b\u0113rnu s\u0113deklis - Velo Outlets<\/title>\n<meta name=\"robots\" content=\"index, follow, max-snippet:-1, max-image-preview:large, max-video-preview:-1\" \/>\n<link rel=\"canonical\" href=\"https:\/\/velooutlets.com\/en\/product\/little-duck-bernu-sedeklis\/\" \/>\n<meta property=\"og:locale\" content=\"en_US\" \/>\n<meta property=\"og:type\" content=\"article\" \/>\n<meta property=\"og:title\" content=\"Little Duck b\u0113rnu s\u0113deklis - Velo Outlets\" \/>\n<meta property=\"og:description\" content=\"Bellelli Little Duck \u2013 dro\u0161s un \u0113rts aizmugur\u0113jais b\u0113rnu velos\u0113deklis Lotus\u00a0ir augstas kvalit\u0101tes aizmugur\u0113jais velos\u0113deklis, kas ir piem\u0113rots b\u0113rniem ar svaru l\u012bdz 22 kg. Tas ir pieejams standarta un relaks versij\u0101s, pied\u0101v\u0101jot izcilu komfortu un dro\u0161\u012bbu brauk\u0161anas laik\u0101. Galven\u0101s \u012bpa\u0161\u012bbas: \u2714 Regul\u0113jama atzveltne \u2013 augstum\u0101 piel\u0101gojama un atg\u0101\u017eama atzveltne (Tiger Relax versij\u0101 ar 10\u00b0 sl\u012bpumu).\u2714 [&hellip;]\" \/>\n<meta property=\"og:url\" content=\"https:\/\/velooutlets.com\/en\/product\/little-duck-bernu-sedeklis\/\" \/>\n<meta property=\"og:site_name\" content=\"Velo Outlets\" \/>\n<meta property=\"article:modified_time\" content=\"2026-03-18T14:25:09+00:00\" \/>\n<meta property=\"og:image\" content=\"https:\/\/velooutlets.com\/wp-content\/uploads\/2025\/12\/Little-Duck-Dark-Grey-Standard.jpg\" \/>\n\t<meta property=\"og:image:width\" content=\"482\" \/>\n\t<meta property=\"og:image:height\" content=\"624\" \/>\n\t<meta property=\"og:image:type\" content=\"image\/jpeg\" \/>\n<meta name=\"twitter:card\" content=\"summary_large_image\" \/>\n<meta name=\"twitter:label1\" content=\"Est. reading time\" \/>\n\t<meta name=\"twitter:data1\" content=\"1 minute\" \/>\n<script type=\"application\/ld+json\" class=\"yoast-schema-graph\">{\"@context\":\"https:\/\/schema.org\",\"@graph\":[{\"@type\":\"WebPage\",\"@id\":\"https:\/\/velooutlets.com\/products\/little-duck-bernu-sedeklis\/\",\"url\":\"https:\/\/velooutlets.com\/products\/little-duck-bernu-sedeklis\/\",\"name\":\"Little Duck b\u0113rnu s\u0113deklis - Velo Outlets\",\"isPartOf\":{\"@id\":\"https:\/\/velooutlets.com\/en\/#website\"},\"primaryImageOfPage\":{\"@id\":\"https:\/\/velooutlets.com\/products\/little-duck-bernu-sedeklis\/#primaryimage\"},\"image\":{\"@id\":\"https:\/\/velooutlets.com\/products\/little-duck-bernu-sedeklis\/#primaryimage\"},\"thumbnailUrl\":\"https:\/\/velooutlets.com\/wp-content\/uploads\/2025\/12\/Little-Duck-Dark-Grey-Standard.jpg\",\"datePublished\":\"2025-12-10T12:46:47+00:00\",\"dateModified\":\"2026-03-18T14:25:09+00:00\",\"breadcrumb\":{\"@id\":\"https:\/\/velooutlets.com\/products\/little-duck-bernu-sedeklis\/#breadcrumb\"},\"inLanguage\":\"en-US\",\"potentialAction\":[{\"@type\":\"ReadAction\",\"target\":[\"https:\/\/velooutlets.com\/products\/little-duck-bernu-sedeklis\/\"]}]},{\"@type\":\"ImageObject\",\"inLanguage\":\"en-US\",\"@id\":\"https:\/\/velooutlets.com\/products\/little-duck-bernu-sedeklis\/#primaryimage\",\"url\":\"https:\/\/velooutlets.com\/wp-content\/uploads\/2025\/12\/Little-Duck-Dark-Grey-Standard.jpg\",\"contentUrl\":\"https:\/\/velooutlets.com\/wp-content\/uploads\/2025\/12\/Little-Duck-Dark-Grey-Standard.jpg\",\"width\":482,\"height\":624},{\"@type\":\"BreadcrumbList\",\"@id\":\"https:\/\/velooutlets.com\/products\/little-duck-bernu-sedeklis\/#breadcrumb\",\"itemListElement\":[{\"@type\":\"ListItem\",\"position\":1,\"name\":\"Home\",\"item\":\"https:\/\/velooutlets.com\/\"},{\"@type\":\"ListItem\",\"position\":2,\"name\":\"Veikals\",\"item\":\"https:\/\/velooutlets.com\/shop\/\"},{\"@type\":\"ListItem\",\"position\":3,\"name\":\"Little Duck b\u0113rnu s\u0113deklis\"}]},{\"@type\":\"WebSite\",\"@id\":\"https:\/\/velooutlets.com\/en\/#website\",\"url\":\"https:\/\/velooutlets.com\/en\/\",\"name\":\"Velo Outlets\",\"description\":\"Velosip\u0113di visai \u0123imenei\",\"potentialAction\":[{\"@type\":\"SearchAction\",\"target\":{\"@type\":\"EntryPoint\",\"urlTemplate\":\"https:\/\/velooutlets.com\/en\/?s={search_term_string}\"},\"query-input\":{\"@type\":\"PropertyValueSpecification\",\"valueRequired\":true,\"valueName\":\"search_term_string\"}}],\"inLanguage\":\"en-US\"}]}<\/script>\n<!-- \/ Yoast SEO plugin. -->","yoast_head_json":{"title":"Little Duck b\u0113rnu s\u0113deklis - Velo Outlets","robots":{"index":"index","follow":"follow","max-snippet":"max-snippet:-1","max-image-preview":"max-image-preview:large","max-video-preview":"max-video-preview:-1"},"canonical":"https:\/\/velooutlets.com\/en\/product\/little-duck-bernu-sedeklis\/","og_locale":"en_US","og_type":"article","og_title":"Little Duck b\u0113rnu s\u0113deklis - Velo Outlets","og_description":"Bellelli Little Duck \u2013 dro\u0161s un \u0113rts aizmugur\u0113jais b\u0113rnu velos\u0113deklis Lotus\u00a0ir augstas kvalit\u0101tes aizmugur\u0113jais velos\u0113deklis, kas ir piem\u0113rots b\u0113rniem ar svaru l\u012bdz 22 kg. Tas ir pieejams standarta un relaks versij\u0101s, pied\u0101v\u0101jot izcilu komfortu un dro\u0161\u012bbu brauk\u0161anas laik\u0101. Galven\u0101s \u012bpa\u0161\u012bbas: \u2714 Regul\u0113jama atzveltne \u2013 augstum\u0101 piel\u0101gojama un atg\u0101\u017eama atzveltne (Tiger Relax versij\u0101 ar 10\u00b0 sl\u012bpumu).\u2714 [&hellip;]","og_url":"https:\/\/velooutlets.com\/en\/product\/little-duck-bernu-sedeklis\/","og_site_name":"Velo Outlets","article_modified_time":"2026-03-18T14:25:09+00:00","og_image":[{"width":482,"height":624,"url":"https:\/\/velooutlets.com\/wp-content\/uploads\/2025\/12\/Little-Duck-Dark-Grey-Standard.jpg","type":"image\/jpeg"}],"twitter_card":"summary_large_image","twitter_misc":{"Est. reading time":"1 minute"},"schema":{"@context":"https:\/\/schema.org","@graph":[{"@type":"WebPage","@id":"https:\/\/velooutlets.com\/products\/little-duck-bernu-sedeklis\/","url":"https:\/\/velooutlets.com\/products\/little-duck-bernu-sedeklis\/","name":"Little Duck b\u0113rnu s\u0113deklis - Velo Outlets","isPartOf":{"@id":"https:\/\/velooutlets.com\/en\/#website"},"primaryImageOfPage":{"@id":"https:\/\/velooutlets.com\/products\/little-duck-bernu-sedeklis\/#primaryimage"},"image":{"@id":"https:\/\/velooutlets.com\/products\/little-duck-bernu-sedeklis\/#primaryimage"},"thumbnailUrl":"https:\/\/velooutlets.com\/wp-content\/uploads\/2025\/12\/Little-Duck-Dark-Grey-Standard.jpg","datePublished":"2025-12-10T12:46:47+00:00","dateModified":"2026-03-18T14:25:09+00:00","breadcrumb":{"@id":"https:\/\/velooutlets.com\/products\/little-duck-bernu-sedeklis\/#breadcrumb"},"inLanguage":"en-US","potentialAction":[{"@type":"ReadAction","target":["https:\/\/velooutlets.com\/products\/little-duck-bernu-sedeklis\/"]}]},{"@type":"ImageObject","inLanguage":"en-US","@id":"https:\/\/velooutlets.com\/products\/little-duck-bernu-sedeklis\/#primaryimage","url":"https:\/\/velooutlets.com\/wp-content\/uploads\/2025\/12\/Little-Duck-Dark-Grey-Standard.jpg","contentUrl":"https:\/\/velooutlets.com\/wp-content\/uploads\/2025\/12\/Little-Duck-Dark-Grey-Standard.jpg","width":482,"height":624},{"@type":"BreadcrumbList","@id":"https:\/\/velooutlets.com\/products\/little-duck-bernu-sedeklis\/#breadcrumb","itemListElement":[{"@type":"ListItem","position":1,"name":"Home","item":"https:\/\/velooutlets.com\/"},{"@type":"ListItem","position":2,"name":"Veikals","item":"https:\/\/velooutlets.com\/shop\/"},{"@type":"ListItem","position":3,"name":"Little Duck b\u0113rnu s\u0113deklis"}]},{"@type":"WebSite","@id":"https:\/\/velooutlets.com\/en\/#website","url":"https:\/\/velooutlets.com\/en\/","name":"Velo Outlets","description":"Velosip\u0113di visai \u0123imenei","potentialAction":[{"@type":"SearchAction","target":{"@type":"EntryPoint","urlTemplate":"https:\/\/velooutlets.com\/en\/?s={search_term_string}"},"query-input":{"@type":"PropertyValueSpecification","valueRequired":true,"valueName":"search_term_string"}}],"inLanguage":"en-US"}]}},"jetpack_sharing_enabled":true,"_links":{"self":[{"href":"https:\/\/velooutlets.com\/en\/wp-json\/wp\/v2\/product\/13581","targetHints":{"allow":["GET"]}}],"collection":[{"href":"https:\/\/velooutlets.com\/en\/wp-json\/wp\/v2\/product"}],"about":[{"href":"https:\/\/velooutlets.com\/en\/wp-json\/wp\/v2\/types\/product"}],"wp:featuredmedia":[{"embeddable":true,"href":"https:\/\/velooutlets.com\/en\/wp-json\/wp\/v2\/media\/13646"}],"wp:attachment":[{"href":"https:\/\/velooutlets.com\/en\/wp-json\/wp\/v2\/media?parent=13581"}],"wp:term":[{"taxonomy":"product_brand","embeddable":true,"href":"https:\/\/velooutlets.com\/en\/wp-json\/wp\/v2\/product_brand?post=13581"},{"taxonomy":"product_cat","embeddable":true,"href":"https:\/\/velooutlets.com\/en\/wp-json\/wp\/v2\/product_cat?post=13581"},{"taxonomy":"product_tag","embeddable":true,"href":"https:\/\/velooutlets.com\/en\/wp-json\/wp\/v2\/product_tag?post=13581"}],"curies":[{"name":"wp","href":"https:\/\/api.w.org\/{rel}","templated":true}]}}