{"id":13627,"date":"2025-12-10T14:47:52","date_gmt":"2025-12-10T12:47:52","guid":{"rendered":"https:\/\/staging.velooutlets.com\/product\/pepe-bernu-sedeklis-sarkans-copy\/"},"modified":"2026-03-06T23:32:06","modified_gmt":"2026-03-06T21:32:06","slug":"pepe-bernu-sedeklis-melns-sarkans","status":"publish","type":"product","link":"https:\/\/velooutlets.com\/en\/product\/pepe-bernu-sedeklis-melns-sarkans\/","title":{"rendered":"Pepe child seat Black\/Red"},"content":{"rendered":"<p data-start=\"0\" data-end=\"501\">Pepe is a high-quality rear child bike seat designed to ensure maximum safety and comfort during the ride. It is suitable for children up to 22 kg and is available in both standard and relaxed versions, allowing parents to choose the right solution depending on their needs. The ergonomically designed seat with adjustable backrest and five-point seat belt guarantees stability and protection on every ride, while the adjustable footrests allow you to adapt it to your child's height.<\/p>\n<p data-start=\"503\" data-end=\"847\">The Pepe seat can be easily adapted to different anchorages. The standard version attaches to the bike frame and is compatible with 26\u201d and 28\u201d wheels and seat tubes 28-45 mm in diameter. The Relax and Clamp versions offer rack mounting for extra stability and ease of use also on E-bikes.<\/p>\n<p data-start=\"849\" data-end=\"1143\" data-is-last-node=\"\" data-is-only-node=\"\">With Pepe, parents get a reliable, ergonomic and comfortable solution that allows their child to enjoy every ride safely and enjoyably. This seat combines modern design, adjustable elements and top-class safety features, making it the ideal choice for everyday cycling.<\/p>","protected":false},"excerpt":{"rendered":"<p>Pepe ir augstas kvalit\u0101tes aizmugur\u0113jais b\u0113rnu velos\u0113deklis, kas rad\u012bts, lai nodro\u0161in\u0101tu maksim\u0101lu dro\u0161\u012bbu un komfortu brauciena laik\u0101. Tas ir piem\u0113rots b\u0113rniem l\u012bdz 22 kg un pieejams gan standarta, gan relaks versij\u0101s, \u013caujot vec\u0101kiem izv\u0113l\u0113ties piem\u0113rot\u0101ko risin\u0101jumu atkar\u012bb\u0101 no vajadz\u012bb\u0101m. Ergonomiski izstr\u0101d\u0101tais s\u0113deklis ar regul\u0113jamu atzveltni un piecu punktu dro\u0161\u012bbas jostu garant\u0113 stabilit\u0101ti un aizsardz\u012bbu katr\u0101 [&hellip;]<\/p>\n","protected":false},"featured_media":13755,"template":"","meta":{"_monsterinsights_skip_tracking":false,"_monsterinsights_sitenote_active":false,"_monsterinsights_sitenote_note":"","_monsterinsights_sitenote_category":0,"_iconic_wsb_product_page_order_bump_ids":[[]],"_sku":[""],"_iconic_wsb_product_page_bump_modal_ids":[[]]},"product_brand":[1348],"product_cat":[910,930],"product_tag":[221,1195],"class_list":{"0":"post-13627","1":"product","2":"type-product","3":"status-publish","4":"has-post-thumbnail","6":"product_brand-bellelli","7":"product_cat-aksesuari","8":"product_cat-bernu-sedekli","9":"product_tag-aksesuari","10":"product_tag-bernu-sedekli","11":"product_shipping_class-bernu-velosipedi","13":"first","14":"instock","15":"taxable","16":"shipping-taxable","17":"purchasable","18":"product-type-variable","19":"wvs-archive-product-wrapper"},"yoast_head":"<!-- This site is optimized with the Yoast SEO plugin v27.2 - https:\/\/yoast.com\/product\/yoast-seo-wordpress\/ -->\n<title>Pepe b\u0113rnu s\u0113deklis Melns\/Sarkans - Velo Outlets<\/title>\n<meta name=\"robots\" content=\"index, follow, max-snippet:-1, max-image-preview:large, max-video-preview:-1\" \/>\n<link rel=\"canonical\" href=\"https:\/\/velooutlets.com\/en\/product\/pepe-bernu-sedeklis-melns-sarkans\/\" \/>\n<meta property=\"og:locale\" content=\"en_US\" \/>\n<meta property=\"og:type\" content=\"article\" \/>\n<meta property=\"og:title\" content=\"Pepe b\u0113rnu s\u0113deklis Melns\/Sarkans - Velo Outlets\" \/>\n<meta property=\"og:description\" content=\"Pepe ir augstas kvalit\u0101tes aizmugur\u0113jais b\u0113rnu velos\u0113deklis, kas rad\u012bts, lai nodro\u0161in\u0101tu maksim\u0101lu dro\u0161\u012bbu un komfortu brauciena laik\u0101. Tas ir piem\u0113rots b\u0113rniem l\u012bdz 22 kg un pieejams gan standarta, gan relaks versij\u0101s, \u013caujot vec\u0101kiem izv\u0113l\u0113ties piem\u0113rot\u0101ko risin\u0101jumu atkar\u012bb\u0101 no vajadz\u012bb\u0101m. Ergonomiski izstr\u0101d\u0101tais s\u0113deklis ar regul\u0113jamu atzveltni un piecu punktu dro\u0161\u012bbas jostu garant\u0113 stabilit\u0101ti un aizsardz\u012bbu katr\u0101 [&hellip;]\" \/>\n<meta property=\"og:url\" content=\"https:\/\/velooutlets.com\/en\/product\/pepe-bernu-sedeklis-melns-sarkans\/\" \/>\n<meta property=\"og:site_name\" content=\"Velo Outlets\" \/>\n<meta property=\"article:modified_time\" content=\"2026-03-06T21:32:06+00:00\" \/>\n<meta property=\"og:image\" content=\"https:\/\/velooutlets.com\/wp-content\/uploads\/2025\/12\/pepe_black_standard_1.jpg\" \/>\n\t<meta property=\"og:image:width\" content=\"1200\" \/>\n\t<meta property=\"og:image:height\" content=\"1500\" \/>\n\t<meta property=\"og:image:type\" content=\"image\/jpeg\" \/>\n<meta name=\"twitter:card\" content=\"summary_large_image\" \/>\n<meta name=\"twitter:label1\" content=\"Est. reading time\" \/>\n\t<meta name=\"twitter:data1\" content=\"2 minutes\" \/>\n<script type=\"application\/ld+json\" class=\"yoast-schema-graph\">{\"@context\":\"https:\/\/schema.org\",\"@graph\":[{\"@type\":\"WebPage\",\"@id\":\"https:\/\/velooutlets.com\/products\/pepe-bernu-sedeklis-melns-sarkans\/\",\"url\":\"https:\/\/velooutlets.com\/products\/pepe-bernu-sedeklis-melns-sarkans\/\",\"name\":\"Pepe b\u0113rnu s\u0113deklis Melns\/Sarkans - Velo Outlets\",\"isPartOf\":{\"@id\":\"https:\/\/velooutlets.com\/en\/#website\"},\"primaryImageOfPage\":{\"@id\":\"https:\/\/velooutlets.com\/products\/pepe-bernu-sedeklis-melns-sarkans\/#primaryimage\"},\"image\":{\"@id\":\"https:\/\/velooutlets.com\/products\/pepe-bernu-sedeklis-melns-sarkans\/#primaryimage\"},\"thumbnailUrl\":\"https:\/\/velooutlets.com\/wp-content\/uploads\/2025\/12\/pepe_black_standard_1.jpg\",\"datePublished\":\"2025-12-10T12:47:52+00:00\",\"dateModified\":\"2026-03-06T21:32:06+00:00\",\"breadcrumb\":{\"@id\":\"https:\/\/velooutlets.com\/products\/pepe-bernu-sedeklis-melns-sarkans\/#breadcrumb\"},\"inLanguage\":\"en-US\",\"potentialAction\":[{\"@type\":\"ReadAction\",\"target\":[\"https:\/\/velooutlets.com\/products\/pepe-bernu-sedeklis-melns-sarkans\/\"]}]},{\"@type\":\"ImageObject\",\"inLanguage\":\"en-US\",\"@id\":\"https:\/\/velooutlets.com\/products\/pepe-bernu-sedeklis-melns-sarkans\/#primaryimage\",\"url\":\"https:\/\/velooutlets.com\/wp-content\/uploads\/2025\/12\/pepe_black_standard_1.jpg\",\"contentUrl\":\"https:\/\/velooutlets.com\/wp-content\/uploads\/2025\/12\/pepe_black_standard_1.jpg\",\"width\":1200,\"height\":1500},{\"@type\":\"BreadcrumbList\",\"@id\":\"https:\/\/velooutlets.com\/products\/pepe-bernu-sedeklis-melns-sarkans\/#breadcrumb\",\"itemListElement\":[{\"@type\":\"ListItem\",\"position\":1,\"name\":\"Home\",\"item\":\"https:\/\/velooutlets.com\/\"},{\"@type\":\"ListItem\",\"position\":2,\"name\":\"Veikals\",\"item\":\"https:\/\/velooutlets.com\/shop\/\"},{\"@type\":\"ListItem\",\"position\":3,\"name\":\"Pepe b\u0113rnu s\u0113deklis Melns\/Sarkans\"}]},{\"@type\":\"WebSite\",\"@id\":\"https:\/\/velooutlets.com\/en\/#website\",\"url\":\"https:\/\/velooutlets.com\/en\/\",\"name\":\"Velo Outlets\",\"description\":\"Velosip\u0113di visai \u0123imenei\",\"potentialAction\":[{\"@type\":\"SearchAction\",\"target\":{\"@type\":\"EntryPoint\",\"urlTemplate\":\"https:\/\/velooutlets.com\/en\/?s={search_term_string}\"},\"query-input\":{\"@type\":\"PropertyValueSpecification\",\"valueRequired\":true,\"valueName\":\"search_term_string\"}}],\"inLanguage\":\"en-US\"}]}<\/script>\n<!-- \/ Yoast SEO plugin. -->","yoast_head_json":{"title":"Pepe b\u0113rnu s\u0113deklis Melns\/Sarkans - Velo Outlets","robots":{"index":"index","follow":"follow","max-snippet":"max-snippet:-1","max-image-preview":"max-image-preview:large","max-video-preview":"max-video-preview:-1"},"canonical":"https:\/\/velooutlets.com\/en\/product\/pepe-bernu-sedeklis-melns-sarkans\/","og_locale":"en_US","og_type":"article","og_title":"Pepe b\u0113rnu s\u0113deklis Melns\/Sarkans - Velo Outlets","og_description":"Pepe ir augstas kvalit\u0101tes aizmugur\u0113jais b\u0113rnu velos\u0113deklis, kas rad\u012bts, lai nodro\u0161in\u0101tu maksim\u0101lu dro\u0161\u012bbu un komfortu brauciena laik\u0101. Tas ir piem\u0113rots b\u0113rniem l\u012bdz 22 kg un pieejams gan standarta, gan relaks versij\u0101s, \u013caujot vec\u0101kiem izv\u0113l\u0113ties piem\u0113rot\u0101ko risin\u0101jumu atkar\u012bb\u0101 no vajadz\u012bb\u0101m. Ergonomiski izstr\u0101d\u0101tais s\u0113deklis ar regul\u0113jamu atzveltni un piecu punktu dro\u0161\u012bbas jostu garant\u0113 stabilit\u0101ti un aizsardz\u012bbu katr\u0101 [&hellip;]","og_url":"https:\/\/velooutlets.com\/en\/product\/pepe-bernu-sedeklis-melns-sarkans\/","og_site_name":"Velo Outlets","article_modified_time":"2026-03-06T21:32:06+00:00","og_image":[{"width":1200,"height":1500,"url":"https:\/\/velooutlets.com\/wp-content\/uploads\/2025\/12\/pepe_black_standard_1.jpg","type":"image\/jpeg"}],"twitter_card":"summary_large_image","twitter_misc":{"Est. reading time":"2 minutes"},"schema":{"@context":"https:\/\/schema.org","@graph":[{"@type":"WebPage","@id":"https:\/\/velooutlets.com\/products\/pepe-bernu-sedeklis-melns-sarkans\/","url":"https:\/\/velooutlets.com\/products\/pepe-bernu-sedeklis-melns-sarkans\/","name":"Pepe b\u0113rnu s\u0113deklis Melns\/Sarkans - Velo Outlets","isPartOf":{"@id":"https:\/\/velooutlets.com\/en\/#website"},"primaryImageOfPage":{"@id":"https:\/\/velooutlets.com\/products\/pepe-bernu-sedeklis-melns-sarkans\/#primaryimage"},"image":{"@id":"https:\/\/velooutlets.com\/products\/pepe-bernu-sedeklis-melns-sarkans\/#primaryimage"},"thumbnailUrl":"https:\/\/velooutlets.com\/wp-content\/uploads\/2025\/12\/pepe_black_standard_1.jpg","datePublished":"2025-12-10T12:47:52+00:00","dateModified":"2026-03-06T21:32:06+00:00","breadcrumb":{"@id":"https:\/\/velooutlets.com\/products\/pepe-bernu-sedeklis-melns-sarkans\/#breadcrumb"},"inLanguage":"en-US","potentialAction":[{"@type":"ReadAction","target":["https:\/\/velooutlets.com\/products\/pepe-bernu-sedeklis-melns-sarkans\/"]}]},{"@type":"ImageObject","inLanguage":"en-US","@id":"https:\/\/velooutlets.com\/products\/pepe-bernu-sedeklis-melns-sarkans\/#primaryimage","url":"https:\/\/velooutlets.com\/wp-content\/uploads\/2025\/12\/pepe_black_standard_1.jpg","contentUrl":"https:\/\/velooutlets.com\/wp-content\/uploads\/2025\/12\/pepe_black_standard_1.jpg","width":1200,"height":1500},{"@type":"BreadcrumbList","@id":"https:\/\/velooutlets.com\/products\/pepe-bernu-sedeklis-melns-sarkans\/#breadcrumb","itemListElement":[{"@type":"ListItem","position":1,"name":"Home","item":"https:\/\/velooutlets.com\/"},{"@type":"ListItem","position":2,"name":"Veikals","item":"https:\/\/velooutlets.com\/shop\/"},{"@type":"ListItem","position":3,"name":"Pepe b\u0113rnu s\u0113deklis Melns\/Sarkans"}]},{"@type":"WebSite","@id":"https:\/\/velooutlets.com\/en\/#website","url":"https:\/\/velooutlets.com\/en\/","name":"Velo Outlets","description":"Velosip\u0113di visai \u0123imenei","potentialAction":[{"@type":"SearchAction","target":{"@type":"EntryPoint","urlTemplate":"https:\/\/velooutlets.com\/en\/?s={search_term_string}"},"query-input":{"@type":"PropertyValueSpecification","valueRequired":true,"valueName":"search_term_string"}}],"inLanguage":"en-US"}]}},"jetpack_sharing_enabled":true,"_links":{"self":[{"href":"https:\/\/velooutlets.com\/en\/wp-json\/wp\/v2\/product\/13627","targetHints":{"allow":["GET"]}}],"collection":[{"href":"https:\/\/velooutlets.com\/en\/wp-json\/wp\/v2\/product"}],"about":[{"href":"https:\/\/velooutlets.com\/en\/wp-json\/wp\/v2\/types\/product"}],"wp:featuredmedia":[{"embeddable":true,"href":"https:\/\/velooutlets.com\/en\/wp-json\/wp\/v2\/media\/13755"}],"wp:attachment":[{"href":"https:\/\/velooutlets.com\/en\/wp-json\/wp\/v2\/media?parent=13627"}],"wp:term":[{"taxonomy":"product_brand","embeddable":true,"href":"https:\/\/velooutlets.com\/en\/wp-json\/wp\/v2\/product_brand?post=13627"},{"taxonomy":"product_cat","embeddable":true,"href":"https:\/\/velooutlets.com\/en\/wp-json\/wp\/v2\/product_cat?post=13627"},{"taxonomy":"product_tag","embeddable":true,"href":"https:\/\/velooutlets.com\/en\/wp-json\/wp\/v2\/product_tag?post=13627"}],"curies":[{"name":"wp","href":"https:\/\/api.w.org\/{rel}","templated":true}]}}