{"id":14528,"date":"2025-12-28T12:37:12","date_gmt":"2025-12-28T10:37:12","guid":{"rendered":"https:\/\/staging.velooutlets.com\/product\/urbanicer-2-0-white-copy\/"},"modified":"2026-04-16T14:39:11","modified_gmt":"2026-04-16T11:39:11","slug":"urbanicer-2-0-white-copy","status":"publish","type":"product","link":"https:\/\/velooutlets.com\/en\/product\/urbanicer-2-0-white-copy\/","title":{"rendered":"Urbanicer 2.0 Black"},"content":{"rendered":"<p data-start=\"0\" data-end=\"494\">The Urbanicer 2.0 is a little-used but fully functional urban electric bike that combines a comfortable ride, modern design and efficient propulsion. Its lightweight 48 cm aluminium frame ensures a comfortable stance and good handling on city streets, while the rigid aluminium fork maintains stability on uneven surfaces. This e-bike is suitable for both daily commuting and longer rides thanks to its powerful and reliable drive system.<\/p>\n<p data-start=\"496\" data-end=\"999\">The Urbanicer 2.0 features an Enovation rear motor with torque sensor for up to five levels of pedal assist up to 25 km\/h. The push assist system allows easy cruising up to 6 km\/h, while the integrated 36 V, 10 Ah (360 Wh) battery offers a range of up to 110 km. The Smart Charger allows fast charging in around 3.5 hours and the LCD multi-function display provides convenient information on speed, assist levels and distance travelled.<\/p>\n<p data-start=\"1001\" data-end=\"1458\">The bike is equipped with a Shimano Alivio 9-speed gear system for smooth and precise shifting, while Shimano MT200 hydraulic disc brakes guarantee safe and efficient stopping.The 28-inch Continental Contact Urban tyres with reflective edges and puncture protection offer stability and safety on city rides, while the aluminium hollow tube rims and Steckachse hub mount ensure reliable wheel construction.<\/p>\n<p data-start=\"1460\" data-end=\"1925\" data-is-last-node=\"\" data-is-only-node=\"\">The Urbanicer 2.0 is equipped with a comfortable sports handlebar, lockable grips, Prophete seat and Promax's patented seat bar, as well as LED headlights and LED taillights with after-lighting. The bike also includes an aluminium pannier rack, mudguards, rear footpeg and mini bell. With a weight of approximately 18.5 kg and a maximum load capacity of 130 kg, the Urbanicer 2.0 is a comfortable and reliable urban e-bike for daily commuting and leisure trips.<\/p>","protected":false},"excerpt":{"rendered":"<p>Urbanicer 2.0 ir mazlietots, bet piln\u012bb\u0101 funkcion\u0101ls pils\u0113tas elektriskais velosip\u0113ds, kas apvieno \u0113rtu brauk\u0161anu, modernu dizainu un efekt\u012bvu piedzi\u0146u. T\u0101 vieglais alum\u012bnija r\u0101mis ar 48 cm augstumu nodro\u0161ina \u0113rtu st\u0101ju un labu vad\u0101m\u012bbu pils\u0113tas iel\u0101s, savuk\u0101rt stingr\u0101 alum\u012bnija dak\u0161a uztur stabilit\u0101ti braucienos pa nel\u012bdzeniem segumiem. \u0160is e-velosip\u0113ds ir piem\u0113rots gan ikdienas p\u0101rvieto\u0161an\u0101s vajadz\u012bb\u0101m, gan gar\u0101kiem [&hellip;]<\/p>\n","protected":false},"featured_media":14531,"template":"","meta":{"_monsterinsights_skip_tracking":false,"_monsterinsights_sitenote_active":false,"_monsterinsights_sitenote_note":"","_monsterinsights_sitenote_category":0,"_iconic_wsb_product_page_order_bump_ids":[],"_sku":[""],"_iconic_wsb_product_page_bump_modal_ids":[]},"product_brand":[1164],"product_cat":[963,1437,1127],"product_tag":[848,847,219,212],"class_list":{"0":"post-14528","1":"product","2":"type-product","3":"status-publish","4":"has-post-thumbnail","6":"product_brand-prophete","7":"product_cat-elektro-velosipedi","8":"product_cat-outlets","9":"product_cat-velosipedi","10":"product_tag-elektriskais-pilsetas-velosipeds","11":"product_tag-elektro-velosipedi","12":"product_tag-pilsetas-velosipedi","13":"product_tag-velosipedi","14":"product_shipping_class-elektro-velosipedi","15":"pa_ramja-izmers-uni","16":"ts_product_brand-prophete","18":"first","19":"instock","20":"sale","21":"taxable","22":"shipping-taxable","23":"purchasable","24":"product-type-simple"},"yoast_head":"<!-- This site is optimized with the Yoast SEO plugin v27.2 - https:\/\/yoast.com\/product\/yoast-seo-wordpress\/ -->\n<title>Urbanicer 2.0 Black - Velo Outlets<\/title>\n<meta name=\"robots\" content=\"index, follow, max-snippet:-1, max-image-preview:large, max-video-preview:-1\" \/>\n<link rel=\"canonical\" href=\"https:\/\/velooutlets.com\/en\/product\/urbanicer-2-0-white-copy\/\" \/>\n<meta property=\"og:locale\" content=\"en_US\" \/>\n<meta property=\"og:type\" content=\"article\" \/>\n<meta property=\"og:title\" content=\"Urbanicer 2.0 Black - Velo Outlets\" \/>\n<meta property=\"og:description\" content=\"Urbanicer 2.0 ir mazlietots, bet piln\u012bb\u0101 funkcion\u0101ls pils\u0113tas elektriskais velosip\u0113ds, kas apvieno \u0113rtu brauk\u0161anu, modernu dizainu un efekt\u012bvu piedzi\u0146u. T\u0101 vieglais alum\u012bnija r\u0101mis ar 48 cm augstumu nodro\u0161ina \u0113rtu st\u0101ju un labu vad\u0101m\u012bbu pils\u0113tas iel\u0101s, savuk\u0101rt stingr\u0101 alum\u012bnija dak\u0161a uztur stabilit\u0101ti braucienos pa nel\u012bdzeniem segumiem. \u0160is e-velosip\u0113ds ir piem\u0113rots gan ikdienas p\u0101rvieto\u0161an\u0101s vajadz\u012bb\u0101m, gan gar\u0101kiem [&hellip;]\" \/>\n<meta property=\"og:url\" content=\"https:\/\/velooutlets.com\/en\/product\/urbanicer-2-0-white-copy\/\" \/>\n<meta property=\"og:site_name\" content=\"Velo Outlets\" \/>\n<meta property=\"article:modified_time\" content=\"2026-04-16T11:39:11+00:00\" \/>\n<meta property=\"og:image\" content=\"https:\/\/velooutlets.com\/wp-content\/uploads\/2025\/12\/WhatsAppImage2025-12-03at10.23.32.jpg\" \/>\n\t<meta property=\"og:image:width\" content=\"1280\" \/>\n\t<meta property=\"og:image:height\" content=\"960\" \/>\n\t<meta property=\"og:image:type\" content=\"image\/jpeg\" \/>\n<meta name=\"twitter:card\" content=\"summary_large_image\" \/>\n<meta name=\"twitter:label1\" content=\"Est. reading time\" \/>\n\t<meta name=\"twitter:data1\" content=\"2 minutes\" \/>\n<script type=\"application\/ld+json\" class=\"yoast-schema-graph\">{\"@context\":\"https:\/\/schema.org\",\"@graph\":[{\"@type\":\"WebPage\",\"@id\":\"https:\/\/velooutlets.com\/products\/urbanicer-2-0-white-copy\/\",\"url\":\"https:\/\/velooutlets.com\/products\/urbanicer-2-0-white-copy\/\",\"name\":\"Urbanicer 2.0 Black - Velo Outlets\",\"isPartOf\":{\"@id\":\"https:\/\/velooutlets.com\/en\/#website\"},\"primaryImageOfPage\":{\"@id\":\"https:\/\/velooutlets.com\/products\/urbanicer-2-0-white-copy\/#primaryimage\"},\"image\":{\"@id\":\"https:\/\/velooutlets.com\/products\/urbanicer-2-0-white-copy\/#primaryimage\"},\"thumbnailUrl\":\"https:\/\/velooutlets.com\/wp-content\/uploads\/2025\/12\/WhatsAppImage2025-12-03at10.23.32.jpg\",\"datePublished\":\"2025-12-28T10:37:12+00:00\",\"dateModified\":\"2026-04-16T11:39:11+00:00\",\"breadcrumb\":{\"@id\":\"https:\/\/velooutlets.com\/products\/urbanicer-2-0-white-copy\/#breadcrumb\"},\"inLanguage\":\"en-US\",\"potentialAction\":[{\"@type\":\"ReadAction\",\"target\":[\"https:\/\/velooutlets.com\/products\/urbanicer-2-0-white-copy\/\"]}]},{\"@type\":\"ImageObject\",\"inLanguage\":\"en-US\",\"@id\":\"https:\/\/velooutlets.com\/products\/urbanicer-2-0-white-copy\/#primaryimage\",\"url\":\"https:\/\/velooutlets.com\/wp-content\/uploads\/2025\/12\/WhatsAppImage2025-12-03at10.23.32.jpg\",\"contentUrl\":\"https:\/\/velooutlets.com\/wp-content\/uploads\/2025\/12\/WhatsAppImage2025-12-03at10.23.32.jpg\",\"width\":1280,\"height\":960},{\"@type\":\"BreadcrumbList\",\"@id\":\"https:\/\/velooutlets.com\/products\/urbanicer-2-0-white-copy\/#breadcrumb\",\"itemListElement\":[{\"@type\":\"ListItem\",\"position\":1,\"name\":\"Home\",\"item\":\"https:\/\/velooutlets.com\/\"},{\"@type\":\"ListItem\",\"position\":2,\"name\":\"Veikals\",\"item\":\"https:\/\/velooutlets.com\/shop\/\"},{\"@type\":\"ListItem\",\"position\":3,\"name\":\"Urbanicer 2.0 Black\"}]},{\"@type\":\"WebSite\",\"@id\":\"https:\/\/velooutlets.com\/en\/#website\",\"url\":\"https:\/\/velooutlets.com\/en\/\",\"name\":\"Velo Outlets\",\"description\":\"Velosip\u0113di visai \u0123imenei\",\"potentialAction\":[{\"@type\":\"SearchAction\",\"target\":{\"@type\":\"EntryPoint\",\"urlTemplate\":\"https:\/\/velooutlets.com\/en\/?s={search_term_string}\"},\"query-input\":{\"@type\":\"PropertyValueSpecification\",\"valueRequired\":true,\"valueName\":\"search_term_string\"}}],\"inLanguage\":\"en-US\"}]}<\/script>\n<!-- \/ Yoast SEO plugin. -->","yoast_head_json":{"title":"Urbanicer 2.0 Black - Velo Outlets","robots":{"index":"index","follow":"follow","max-snippet":"max-snippet:-1","max-image-preview":"max-image-preview:large","max-video-preview":"max-video-preview:-1"},"canonical":"https:\/\/velooutlets.com\/en\/product\/urbanicer-2-0-white-copy\/","og_locale":"en_US","og_type":"article","og_title":"Urbanicer 2.0 Black - Velo Outlets","og_description":"Urbanicer 2.0 ir mazlietots, bet piln\u012bb\u0101 funkcion\u0101ls pils\u0113tas elektriskais velosip\u0113ds, kas apvieno \u0113rtu brauk\u0161anu, modernu dizainu un efekt\u012bvu piedzi\u0146u. T\u0101 vieglais alum\u012bnija r\u0101mis ar 48 cm augstumu nodro\u0161ina \u0113rtu st\u0101ju un labu vad\u0101m\u012bbu pils\u0113tas iel\u0101s, savuk\u0101rt stingr\u0101 alum\u012bnija dak\u0161a uztur stabilit\u0101ti braucienos pa nel\u012bdzeniem segumiem. \u0160is e-velosip\u0113ds ir piem\u0113rots gan ikdienas p\u0101rvieto\u0161an\u0101s vajadz\u012bb\u0101m, gan gar\u0101kiem [&hellip;]","og_url":"https:\/\/velooutlets.com\/en\/product\/urbanicer-2-0-white-copy\/","og_site_name":"Velo Outlets","article_modified_time":"2026-04-16T11:39:11+00:00","og_image":[{"width":1280,"height":960,"url":"https:\/\/velooutlets.com\/wp-content\/uploads\/2025\/12\/WhatsAppImage2025-12-03at10.23.32.jpg","type":"image\/jpeg"}],"twitter_card":"summary_large_image","twitter_misc":{"Est. reading time":"2 minutes"},"schema":{"@context":"https:\/\/schema.org","@graph":[{"@type":"WebPage","@id":"https:\/\/velooutlets.com\/products\/urbanicer-2-0-white-copy\/","url":"https:\/\/velooutlets.com\/products\/urbanicer-2-0-white-copy\/","name":"Urbanicer 2.0 Black - Velo Outlets","isPartOf":{"@id":"https:\/\/velooutlets.com\/en\/#website"},"primaryImageOfPage":{"@id":"https:\/\/velooutlets.com\/products\/urbanicer-2-0-white-copy\/#primaryimage"},"image":{"@id":"https:\/\/velooutlets.com\/products\/urbanicer-2-0-white-copy\/#primaryimage"},"thumbnailUrl":"https:\/\/velooutlets.com\/wp-content\/uploads\/2025\/12\/WhatsAppImage2025-12-03at10.23.32.jpg","datePublished":"2025-12-28T10:37:12+00:00","dateModified":"2026-04-16T11:39:11+00:00","breadcrumb":{"@id":"https:\/\/velooutlets.com\/products\/urbanicer-2-0-white-copy\/#breadcrumb"},"inLanguage":"en-US","potentialAction":[{"@type":"ReadAction","target":["https:\/\/velooutlets.com\/products\/urbanicer-2-0-white-copy\/"]}]},{"@type":"ImageObject","inLanguage":"en-US","@id":"https:\/\/velooutlets.com\/products\/urbanicer-2-0-white-copy\/#primaryimage","url":"https:\/\/velooutlets.com\/wp-content\/uploads\/2025\/12\/WhatsAppImage2025-12-03at10.23.32.jpg","contentUrl":"https:\/\/velooutlets.com\/wp-content\/uploads\/2025\/12\/WhatsAppImage2025-12-03at10.23.32.jpg","width":1280,"height":960},{"@type":"BreadcrumbList","@id":"https:\/\/velooutlets.com\/products\/urbanicer-2-0-white-copy\/#breadcrumb","itemListElement":[{"@type":"ListItem","position":1,"name":"Home","item":"https:\/\/velooutlets.com\/"},{"@type":"ListItem","position":2,"name":"Veikals","item":"https:\/\/velooutlets.com\/shop\/"},{"@type":"ListItem","position":3,"name":"Urbanicer 2.0 Black"}]},{"@type":"WebSite","@id":"https:\/\/velooutlets.com\/en\/#website","url":"https:\/\/velooutlets.com\/en\/","name":"Velo Outlets","description":"Velosip\u0113di visai \u0123imenei","potentialAction":[{"@type":"SearchAction","target":{"@type":"EntryPoint","urlTemplate":"https:\/\/velooutlets.com\/en\/?s={search_term_string}"},"query-input":{"@type":"PropertyValueSpecification","valueRequired":true,"valueName":"search_term_string"}}],"inLanguage":"en-US"}]}},"jetpack_sharing_enabled":true,"_links":{"self":[{"href":"https:\/\/velooutlets.com\/en\/wp-json\/wp\/v2\/product\/14528","targetHints":{"allow":["GET"]}}],"collection":[{"href":"https:\/\/velooutlets.com\/en\/wp-json\/wp\/v2\/product"}],"about":[{"href":"https:\/\/velooutlets.com\/en\/wp-json\/wp\/v2\/types\/product"}],"wp:featuredmedia":[{"embeddable":true,"href":"https:\/\/velooutlets.com\/en\/wp-json\/wp\/v2\/media\/14531"}],"wp:attachment":[{"href":"https:\/\/velooutlets.com\/en\/wp-json\/wp\/v2\/media?parent=14528"}],"wp:term":[{"taxonomy":"product_brand","embeddable":true,"href":"https:\/\/velooutlets.com\/en\/wp-json\/wp\/v2\/product_brand?post=14528"},{"taxonomy":"product_cat","embeddable":true,"href":"https:\/\/velooutlets.com\/en\/wp-json\/wp\/v2\/product_cat?post=14528"},{"taxonomy":"product_tag","embeddable":true,"href":"https:\/\/velooutlets.com\/en\/wp-json\/wp\/v2\/product_tag?post=14528"}],"curies":[{"name":"wp","href":"https:\/\/api.w.org\/{rel}","templated":true}]}}