{"id":14590,"date":"2025-12-28T12:49:16","date_gmt":"2025-12-28T10:49:16","guid":{"rendered":"https:\/\/staging.velooutlets.com\/product\/chilli-pro-scooter-3000-zals-melns-copy\/"},"modified":"2026-01-19T11:21:18","modified_gmt":"2026-01-19T09:21:18","slug":"chilli-pro-scooter-3000-zals-melns-copy","status":"publish","type":"product","link":"https:\/\/velooutlets.com\/en\/product\/chilli-pro-scooter-3000-zals-melns-copy\/","title":{"rendered":"Scooter Chilli Pro Scooter 3000 - Blue\/Black"},"content":{"rendered":"<p><strong>Chilli Pro Scooter 3000 - Blue\/Black<\/strong><\/p>\n<h3><strong>Key features:<\/strong><\/h3>\n<ul>\n<li>Lightweight and durable aluminium alloy frame<\/li>\n<li>Compact and manoeuvrable design, suitable for children and teenagers<\/li>\n<li>High quality 100 mm wheels for a smooth and stable ride<\/li>\n<li>Maximum load: 100 kg<\/li>\n<\/ul>\n<h3><strong>Specification:<\/strong><\/h3>\n<ul>\n<li>\n<strong>Age group:<\/strong> Children and adolescents<\/li>\n<li>\n<strong>Colour:<\/strong> Blue\/black<\/li>\n<li>\n<strong>Frame material:<\/strong> Aluminium<\/li>\n<li>\n<strong>Material:<\/strong> Aluminium alloy, steel<\/li>\n<li>\n<strong>Skill level:<\/strong> Suitable for all levels<\/li>\n<li>\n<strong>Wheel size:<\/strong> 100 mm<\/li>\n<li>\n<strong>Manufacturer:<\/strong> Chilli Scooter<\/li>\n<li>\n<strong>Model:<\/strong> 110-4<\/li>\n<li>\n<strong>Dimensions:<\/strong> 48 x 11,5 x 70 cm<\/li>\n<li>\n<strong>Weight:<\/strong> 3,1 kg<\/li>\n<\/ul>","protected":false},"excerpt":{"rendered":"<p>Chilli Pro Scooter 3000 &#8211; Zils\/Melns Galven\u0101s \u012bpa\u0161\u012bbas: Viegls un iztur\u012bgs alum\u012bnija sakaus\u0113juma r\u0101mis Kompakts un manevr\u0113tsp\u0113j\u012bgs dizains, piem\u0113rots b\u0113rniem un pusaud\u017eiem Augstas kvalit\u0101tes 100 mm rite\u0146i gludai un stabilai brauk\u0161anai Maksim\u0101l\u0101 slodze: 100 kg Specifik\u0101cija: Vecuma grupa: B\u0113rni un pusaud\u017ei Kr\u0101sa: Zila\/melna R\u0101mja materi\u0101ls: Alum\u012bnijs Materi\u0101ls: Alum\u012bnija sakaus\u0113jums, t\u0113rauds Prasmes l\u012bmenis: Piem\u0113rots visiem l\u012bme\u0146iem [&hellip;]<\/p>\n","protected":false},"featured_media":14621,"template":"","meta":{"_monsterinsights_skip_tracking":false,"_monsterinsights_sitenote_active":false,"_monsterinsights_sitenote_note":"","_monsterinsights_sitenote_category":0,"_iconic_wsb_product_page_order_bump_ids":[],"_sku":[""],"_iconic_wsb_product_page_bump_modal_ids":[]},"product_brand":[1363],"product_cat":[1361],"product_tag":[1353,1355],"class_list":{"0":"post-14590","1":"product","2":"type-product","3":"status-publish","4":"has-post-thumbnail","6":"product_brand-chilli","7":"product_cat-skrejriteni","8":"product_tag-skrejriteni","9":"product_tag-skuteri","10":"product_shipping_class-skrejriteni","11":"ts_product_brand-chilli-pro","13":"first","14":"instock","15":"taxable","16":"shipping-taxable","17":"purchasable","18":"product-type-simple"},"yoast_head":"<!-- This site is optimized with the Yoast SEO plugin v27.2 - https:\/\/yoast.com\/product\/yoast-seo-wordpress\/ -->\n<title>Skrejritenis Chilli Pro Scooter 3000 - Zils\/Melns - Velo Outlets<\/title>\n<meta name=\"robots\" content=\"index, follow, max-snippet:-1, max-image-preview:large, max-video-preview:-1\" \/>\n<link rel=\"canonical\" href=\"https:\/\/velooutlets.com\/en\/product\/chilli-pro-scooter-3000-zals-melns-copy\/\" \/>\n<meta property=\"og:locale\" content=\"en_US\" \/>\n<meta property=\"og:type\" content=\"article\" \/>\n<meta property=\"og:title\" content=\"Skrejritenis Chilli Pro Scooter 3000 - Zils\/Melns - Velo Outlets\" \/>\n<meta property=\"og:description\" content=\"Chilli Pro Scooter 3000 &#8211; Zils\/Melns Galven\u0101s \u012bpa\u0161\u012bbas: Viegls un iztur\u012bgs alum\u012bnija sakaus\u0113juma r\u0101mis Kompakts un manevr\u0113tsp\u0113j\u012bgs dizains, piem\u0113rots b\u0113rniem un pusaud\u017eiem Augstas kvalit\u0101tes 100 mm rite\u0146i gludai un stabilai brauk\u0161anai Maksim\u0101l\u0101 slodze: 100 kg Specifik\u0101cija: Vecuma grupa: B\u0113rni un pusaud\u017ei Kr\u0101sa: Zila\/melna R\u0101mja materi\u0101ls: Alum\u012bnijs Materi\u0101ls: Alum\u012bnija sakaus\u0113jums, t\u0113rauds Prasmes l\u012bmenis: Piem\u0113rots visiem l\u012bme\u0146iem [&hellip;]\" \/>\n<meta property=\"og:url\" content=\"https:\/\/velooutlets.com\/en\/product\/chilli-pro-scooter-3000-zals-melns-copy\/\" \/>\n<meta property=\"og:site_name\" content=\"Velo Outlets\" \/>\n<meta property=\"article:modified_time\" content=\"2026-01-19T09:21:18+00:00\" \/>\n<meta property=\"og:image\" content=\"https:\/\/velooutlets.com\/wp-content\/uploads\/2025\/12\/Velooutlets-Bernu-Velosipeds-Polar_47.png\" \/>\n\t<meta property=\"og:image:width\" content=\"1200\" \/>\n\t<meta property=\"og:image:height\" content=\"870\" \/>\n\t<meta property=\"og:image:type\" content=\"image\/png\" \/>\n<meta name=\"twitter:card\" content=\"summary_large_image\" \/>\n<meta name=\"twitter:label1\" content=\"Est. reading time\" \/>\n\t<meta name=\"twitter:data1\" content=\"1 minute\" \/>\n<script type=\"application\/ld+json\" class=\"yoast-schema-graph\">{\"@context\":\"https:\/\/schema.org\",\"@graph\":[{\"@type\":\"WebPage\",\"@id\":\"https:\/\/velooutlets.com\/products\/chilli-pro-scooter-3000-zals-melns-copy\/\",\"url\":\"https:\/\/velooutlets.com\/products\/chilli-pro-scooter-3000-zals-melns-copy\/\",\"name\":\"Skrejritenis Chilli Pro Scooter 3000 - Zils\/Melns - Velo Outlets\",\"isPartOf\":{\"@id\":\"https:\/\/velooutlets.com\/en\/#website\"},\"primaryImageOfPage\":{\"@id\":\"https:\/\/velooutlets.com\/products\/chilli-pro-scooter-3000-zals-melns-copy\/#primaryimage\"},\"image\":{\"@id\":\"https:\/\/velooutlets.com\/products\/chilli-pro-scooter-3000-zals-melns-copy\/#primaryimage\"},\"thumbnailUrl\":\"https:\/\/velooutlets.com\/wp-content\/uploads\/2025\/12\/Velooutlets-Bernu-Velosipeds-Polar_47.png\",\"datePublished\":\"2025-12-28T10:49:16+00:00\",\"dateModified\":\"2026-01-19T09:21:18+00:00\",\"breadcrumb\":{\"@id\":\"https:\/\/velooutlets.com\/products\/chilli-pro-scooter-3000-zals-melns-copy\/#breadcrumb\"},\"inLanguage\":\"en-US\",\"potentialAction\":[{\"@type\":\"ReadAction\",\"target\":[\"https:\/\/velooutlets.com\/products\/chilli-pro-scooter-3000-zals-melns-copy\/\"]}]},{\"@type\":\"ImageObject\",\"inLanguage\":\"en-US\",\"@id\":\"https:\/\/velooutlets.com\/products\/chilli-pro-scooter-3000-zals-melns-copy\/#primaryimage\",\"url\":\"https:\/\/velooutlets.com\/wp-content\/uploads\/2025\/12\/Velooutlets-Bernu-Velosipeds-Polar_47.png\",\"contentUrl\":\"https:\/\/velooutlets.com\/wp-content\/uploads\/2025\/12\/Velooutlets-Bernu-Velosipeds-Polar_47.png\",\"width\":1200,\"height\":870},{\"@type\":\"BreadcrumbList\",\"@id\":\"https:\/\/velooutlets.com\/products\/chilli-pro-scooter-3000-zals-melns-copy\/#breadcrumb\",\"itemListElement\":[{\"@type\":\"ListItem\",\"position\":1,\"name\":\"Home\",\"item\":\"https:\/\/velooutlets.com\/\"},{\"@type\":\"ListItem\",\"position\":2,\"name\":\"Veikals\",\"item\":\"https:\/\/velooutlets.com\/shop\/\"},{\"@type\":\"ListItem\",\"position\":3,\"name\":\"Skrejritenis Chilli Pro Scooter 3000 &#8211; Zils\/Melns\"}]},{\"@type\":\"WebSite\",\"@id\":\"https:\/\/velooutlets.com\/en\/#website\",\"url\":\"https:\/\/velooutlets.com\/en\/\",\"name\":\"Velo Outlets\",\"description\":\"Velosip\u0113di visai \u0123imenei\",\"potentialAction\":[{\"@type\":\"SearchAction\",\"target\":{\"@type\":\"EntryPoint\",\"urlTemplate\":\"https:\/\/velooutlets.com\/en\/?s={search_term_string}\"},\"query-input\":{\"@type\":\"PropertyValueSpecification\",\"valueRequired\":true,\"valueName\":\"search_term_string\"}}],\"inLanguage\":\"en-US\"}]}<\/script>\n<!-- \/ Yoast SEO plugin. -->","yoast_head_json":{"title":"Skrejritenis Chilli Pro Scooter 3000 - Zils\/Melns - Velo Outlets","robots":{"index":"index","follow":"follow","max-snippet":"max-snippet:-1","max-image-preview":"max-image-preview:large","max-video-preview":"max-video-preview:-1"},"canonical":"https:\/\/velooutlets.com\/en\/product\/chilli-pro-scooter-3000-zals-melns-copy\/","og_locale":"en_US","og_type":"article","og_title":"Skrejritenis Chilli Pro Scooter 3000 - Zils\/Melns - Velo Outlets","og_description":"Chilli Pro Scooter 3000 &#8211; Zils\/Melns Galven\u0101s \u012bpa\u0161\u012bbas: Viegls un iztur\u012bgs alum\u012bnija sakaus\u0113juma r\u0101mis Kompakts un manevr\u0113tsp\u0113j\u012bgs dizains, piem\u0113rots b\u0113rniem un pusaud\u017eiem Augstas kvalit\u0101tes 100 mm rite\u0146i gludai un stabilai brauk\u0161anai Maksim\u0101l\u0101 slodze: 100 kg Specifik\u0101cija: Vecuma grupa: B\u0113rni un pusaud\u017ei Kr\u0101sa: Zila\/melna R\u0101mja materi\u0101ls: Alum\u012bnijs Materi\u0101ls: Alum\u012bnija sakaus\u0113jums, t\u0113rauds Prasmes l\u012bmenis: Piem\u0113rots visiem l\u012bme\u0146iem [&hellip;]","og_url":"https:\/\/velooutlets.com\/en\/product\/chilli-pro-scooter-3000-zals-melns-copy\/","og_site_name":"Velo Outlets","article_modified_time":"2026-01-19T09:21:18+00:00","og_image":[{"width":1200,"height":870,"url":"https:\/\/velooutlets.com\/wp-content\/uploads\/2025\/12\/Velooutlets-Bernu-Velosipeds-Polar_47.png","type":"image\/png"}],"twitter_card":"summary_large_image","twitter_misc":{"Est. reading time":"1 minute"},"schema":{"@context":"https:\/\/schema.org","@graph":[{"@type":"WebPage","@id":"https:\/\/velooutlets.com\/products\/chilli-pro-scooter-3000-zals-melns-copy\/","url":"https:\/\/velooutlets.com\/products\/chilli-pro-scooter-3000-zals-melns-copy\/","name":"Skrejritenis Chilli Pro Scooter 3000 - Zils\/Melns - Velo Outlets","isPartOf":{"@id":"https:\/\/velooutlets.com\/en\/#website"},"primaryImageOfPage":{"@id":"https:\/\/velooutlets.com\/products\/chilli-pro-scooter-3000-zals-melns-copy\/#primaryimage"},"image":{"@id":"https:\/\/velooutlets.com\/products\/chilli-pro-scooter-3000-zals-melns-copy\/#primaryimage"},"thumbnailUrl":"https:\/\/velooutlets.com\/wp-content\/uploads\/2025\/12\/Velooutlets-Bernu-Velosipeds-Polar_47.png","datePublished":"2025-12-28T10:49:16+00:00","dateModified":"2026-01-19T09:21:18+00:00","breadcrumb":{"@id":"https:\/\/velooutlets.com\/products\/chilli-pro-scooter-3000-zals-melns-copy\/#breadcrumb"},"inLanguage":"en-US","potentialAction":[{"@type":"ReadAction","target":["https:\/\/velooutlets.com\/products\/chilli-pro-scooter-3000-zals-melns-copy\/"]}]},{"@type":"ImageObject","inLanguage":"en-US","@id":"https:\/\/velooutlets.com\/products\/chilli-pro-scooter-3000-zals-melns-copy\/#primaryimage","url":"https:\/\/velooutlets.com\/wp-content\/uploads\/2025\/12\/Velooutlets-Bernu-Velosipeds-Polar_47.png","contentUrl":"https:\/\/velooutlets.com\/wp-content\/uploads\/2025\/12\/Velooutlets-Bernu-Velosipeds-Polar_47.png","width":1200,"height":870},{"@type":"BreadcrumbList","@id":"https:\/\/velooutlets.com\/products\/chilli-pro-scooter-3000-zals-melns-copy\/#breadcrumb","itemListElement":[{"@type":"ListItem","position":1,"name":"Home","item":"https:\/\/velooutlets.com\/"},{"@type":"ListItem","position":2,"name":"Veikals","item":"https:\/\/velooutlets.com\/shop\/"},{"@type":"ListItem","position":3,"name":"Skrejritenis Chilli Pro Scooter 3000 &#8211; Zils\/Melns"}]},{"@type":"WebSite","@id":"https:\/\/velooutlets.com\/en\/#website","url":"https:\/\/velooutlets.com\/en\/","name":"Velo Outlets","description":"Velosip\u0113di visai \u0123imenei","potentialAction":[{"@type":"SearchAction","target":{"@type":"EntryPoint","urlTemplate":"https:\/\/velooutlets.com\/en\/?s={search_term_string}"},"query-input":{"@type":"PropertyValueSpecification","valueRequired":true,"valueName":"search_term_string"}}],"inLanguage":"en-US"}]}},"jetpack_sharing_enabled":true,"_links":{"self":[{"href":"https:\/\/velooutlets.com\/en\/wp-json\/wp\/v2\/product\/14590","targetHints":{"allow":["GET"]}}],"collection":[{"href":"https:\/\/velooutlets.com\/en\/wp-json\/wp\/v2\/product"}],"about":[{"href":"https:\/\/velooutlets.com\/en\/wp-json\/wp\/v2\/types\/product"}],"wp:featuredmedia":[{"embeddable":true,"href":"https:\/\/velooutlets.com\/en\/wp-json\/wp\/v2\/media\/14621"}],"wp:attachment":[{"href":"https:\/\/velooutlets.com\/en\/wp-json\/wp\/v2\/media?parent=14590"}],"wp:term":[{"taxonomy":"product_brand","embeddable":true,"href":"https:\/\/velooutlets.com\/en\/wp-json\/wp\/v2\/product_brand?post=14590"},{"taxonomy":"product_cat","embeddable":true,"href":"https:\/\/velooutlets.com\/en\/wp-json\/wp\/v2\/product_cat?post=14590"},{"taxonomy":"product_tag","embeddable":true,"href":"https:\/\/velooutlets.com\/en\/wp-json\/wp\/v2\/product_tag?post=14590"}],"curies":[{"name":"wp","href":"https:\/\/api.w.org\/{rel}","templated":true}]}}