{"id":15790,"date":"2026-02-02T15:02:58","date_gmt":"2026-02-02T13:02:58","guid":{"rendered":"https:\/\/staging.velooutlets.com\/product\/cool-splash-velosipeda-kivere\/"},"modified":"2026-02-11T13:14:33","modified_gmt":"2026-02-11T11:14:33","slug":"cool-splash-velosipeda-kivere","status":"publish","type":"product","link":"https:\/\/velooutlets.com\/en\/product\/cool-splash-velosipeda-kivere\/","title":{"rendered":"Cool Splash Bicycle Helmet"},"content":{"rendered":"<p><strong>Designed for children<\/strong><br \/>Tired of constantly reminding your kids to put on a bike helmet? By <em>Crazy Safety<\/em> a stylish bike helmet - it's so cool, kids will want to wear it themselves! The unique shape and detailed designs ensure that children wear the helmet not out of obligation, but because they love it.<\/p>\n<p><strong>Stylish security<\/strong><br \/>Our mission is to combine design and safety in the coolest way, so that safety becomes something fun and stylish. Early safety habits are very important, so <em>Crazy Safety<\/em> offers a wide range of unique and colourful products for both children and parents.<\/p>\n<p><strong>Give your kids the safety edge with a stylish helmet<\/strong><br \/><em>Crazy Safety<\/em> helmets are designed for children aged 6 to 12 years. Made of high-quality lightweight EPS foam, these helmets offer both protection and comfort. The adjustable internal rotating adjustment system allows the helmet size to be adjusted from 54 cm to 58 cm. For added safety, the helmet is equipped with a USB rechargeable red LED light with 9 functions, conveniently built into the back. With 15 strategically placed ventilation holes on the front, top and back, the helmet ensures constant airflow. Each helmet is equipped with a chin pad, removable and washable inner pads. It is ideal for cycling, rollerblading, scooter riding, balance bikes and rollerblading, ensuring safety and style!<\/p>\n<p><strong>Safety first<\/strong><br \/><em>Crazy Safety<\/em> helmets meet all required safety standards. They have been thoroughly tested and comply with EN1078:2012 + A1 regulations. For extra visibility, the helmets are equipped with a built-in USB rechargeable red LED light with 9 functions.<\/p>\n<p><strong>Important to know<\/strong><br \/>Children's head sizes can vary greatly. To ensure the helmet fits and is safe, measure the circumference of your child's head before buying. Here's how:<\/p>\n<ol>\n<li>Make your child stand upright facing forwards.<\/li>\n<li>Find the widest part of your head (just above your eyebrows).<\/li>\n<li>Wrap the tape measure around your head, keeping it level, to measure the circumference.<\/li>\n<li>Compare the measurement (cm) with our size chart. If it is between 54 cm and 58 cm, the helmet fits perfectly!<\/li>\n<\/ol>\n<p><strong>Product details:<\/strong><\/p>\n<ul>\n<li>\n<strong>Origin:<\/strong> Designed and developed in Denmark, manufactured in a high quality factory in China<\/li>\n<li>\n<strong>Safety:<\/strong> Tested and certified to EN1078:2012 + A1 safety standards<\/li>\n<li>\n<strong>Material:<\/strong> In-mold polycarbonate shell with protective EPS foam layer<\/li>\n<li>\n<strong>Weight:<\/strong> Very light - only 220 g<\/li>\n<li>\n<strong>Ventilation:<\/strong> 15 ventilation holes<\/li>\n<li>\n<strong>Maintenance:<\/strong> Removable and washable inner pads<\/li>\n<li>\n<strong>Additional features:<\/strong> Built-in USB rechargeable red LED light with 9 functions<\/li>\n<li>\n<strong>Size:<\/strong> Head size 54-58 cm<\/li>\n<\/ul>","protected":false},"excerpt":{"rendered":"<p>Rad\u012bts b\u0113rniemNoguru\u0161i no t\u0101, ka past\u0101v\u012bgi j\u0101atg\u0101dina b\u0113rniem uzlikt velosip\u0113da \u0137iveri? Ar Crazy Safety stil\u012bgo velosip\u0113da \u0137iveri tas neb\u016bs probl\u0113ma \u2013 t\u0101 ir tik for\u0161a, ka b\u0113rni pa\u0161i v\u0113l\u0113sies to n\u0113s\u0101t! Unik\u0101l\u0101 forma un detaliz\u0113tie dizaini nodro\u0161ina, ka b\u0113rni \u0137iveri n\u0113s\u0101 nevis pien\u0101kuma d\u0113\u013c, bet t\u0101p\u0113c, ka vi\u0146iem t\u0101 pat\u012bk. Stil\u012bga dro\u0161\u012bbaM\u016bsu misija ir apvienot [&hellip;]<\/p>\n","protected":false},"featured_media":17217,"template":"","meta":{"_monsterinsights_skip_tracking":false,"_monsterinsights_sitenote_active":false,"_monsterinsights_sitenote_note":"","_monsterinsights_sitenote_category":0,"_iconic_wsb_product_page_order_bump_ids":[],"_sku":["cool-splash-velosipeda-kivere"],"_iconic_wsb_product_page_bump_modal_ids":[]},"product_brand":[1491],"product_cat":[910,992,995,1137],"product_tag":[1488,214,880,215,217],"class_list":{"0":"post-15790","1":"product","2":"type-product","3":"status-publish","4":"has-post-thumbnail","6":"product_brand-crazy-safety","7":"product_cat-aksesuari","8":"product_cat-kiveres","9":"product_cat-kiveres-pusaudziem","10":"product_cat-viss-ekipejums","11":"product_tag-02_02_2026","12":"product_tag-aizsargkiveres","13":"product_tag-aizsargkiveres-pusaudziem","14":"product_tag-kiveres","15":"product_tag-kiveres-pusaudziem","16":"product_shipping_class-aksesuari","18":"first","19":"instock","20":"taxable","21":"shipping-taxable","22":"purchasable","23":"product-type-variable","24":"has-default-attributes","25":"wvs-archive-product-wrapper"},"yoast_head":"<!-- This site is optimized with the Yoast SEO plugin v27.2 - https:\/\/yoast.com\/product\/yoast-seo-wordpress\/ -->\n<title>Cool Splash velosip\u0113da \u0137ivere - Velo Outlets<\/title>\n<meta name=\"robots\" content=\"index, follow, max-snippet:-1, max-image-preview:large, max-video-preview:-1\" \/>\n<link rel=\"canonical\" href=\"https:\/\/velooutlets.com\/en\/product\/cool-splash-velosipeda-kivere\/\" \/>\n<meta property=\"og:locale\" content=\"en_US\" \/>\n<meta property=\"og:type\" content=\"article\" \/>\n<meta property=\"og:title\" content=\"Cool Splash velosip\u0113da \u0137ivere - Velo Outlets\" \/>\n<meta property=\"og:description\" content=\"Rad\u012bts b\u0113rniemNoguru\u0161i no t\u0101, ka past\u0101v\u012bgi j\u0101atg\u0101dina b\u0113rniem uzlikt velosip\u0113da \u0137iveri? Ar Crazy Safety stil\u012bgo velosip\u0113da \u0137iveri tas neb\u016bs probl\u0113ma \u2013 t\u0101 ir tik for\u0161a, ka b\u0113rni pa\u0161i v\u0113l\u0113sies to n\u0113s\u0101t! Unik\u0101l\u0101 forma un detaliz\u0113tie dizaini nodro\u0161ina, ka b\u0113rni \u0137iveri n\u0113s\u0101 nevis pien\u0101kuma d\u0113\u013c, bet t\u0101p\u0113c, ka vi\u0146iem t\u0101 pat\u012bk. Stil\u012bga dro\u0161\u012bbaM\u016bsu misija ir apvienot [&hellip;]\" \/>\n<meta property=\"og:url\" content=\"https:\/\/velooutlets.com\/en\/product\/cool-splash-velosipeda-kivere\/\" \/>\n<meta property=\"og:site_name\" content=\"Velo Outlets\" \/>\n<meta property=\"article:modified_time\" content=\"2026-02-11T11:14:33+00:00\" \/>\n<meta property=\"og:image\" content=\"https:\/\/velooutlets.com\/wp-content\/uploads\/2026\/02\/CrazySafety_helmets_master_dkweb_cool_art_1-min-3.jpg\" \/>\n\t<meta property=\"og:image:width\" content=\"2000\" \/>\n\t<meta property=\"og:image:height\" content=\"2000\" \/>\n\t<meta property=\"og:image:type\" content=\"image\/jpeg\" \/>\n<meta name=\"twitter:card\" content=\"summary_large_image\" \/>\n<meta name=\"twitter:label1\" content=\"Est. reading time\" \/>\n\t<meta name=\"twitter:data1\" content=\"3 minutes\" \/>\n<script type=\"application\/ld+json\" class=\"yoast-schema-graph\">{\"@context\":\"https:\/\/schema.org\",\"@graph\":[{\"@type\":\"WebPage\",\"@id\":\"https:\/\/velooutlets.com\/products\/cool-splash-velosipeda-kivere\/\",\"url\":\"https:\/\/velooutlets.com\/products\/cool-splash-velosipeda-kivere\/\",\"name\":\"Cool Splash velosip\u0113da \u0137ivere - Velo Outlets\",\"isPartOf\":{\"@id\":\"https:\/\/velooutlets.com\/en\/#website\"},\"primaryImageOfPage\":{\"@id\":\"https:\/\/velooutlets.com\/products\/cool-splash-velosipeda-kivere\/#primaryimage\"},\"image\":{\"@id\":\"https:\/\/velooutlets.com\/products\/cool-splash-velosipeda-kivere\/#primaryimage\"},\"thumbnailUrl\":\"https:\/\/velooutlets.com\/wp-content\/uploads\/2026\/02\/CrazySafety_helmets_master_dkweb_cool_art_1-min-3.jpg\",\"datePublished\":\"2026-02-02T13:02:58+00:00\",\"dateModified\":\"2026-02-11T11:14:33+00:00\",\"breadcrumb\":{\"@id\":\"https:\/\/velooutlets.com\/products\/cool-splash-velosipeda-kivere\/#breadcrumb\"},\"inLanguage\":\"en-US\",\"potentialAction\":[{\"@type\":\"ReadAction\",\"target\":[\"https:\/\/velooutlets.com\/products\/cool-splash-velosipeda-kivere\/\"]}]},{\"@type\":\"ImageObject\",\"inLanguage\":\"en-US\",\"@id\":\"https:\/\/velooutlets.com\/products\/cool-splash-velosipeda-kivere\/#primaryimage\",\"url\":\"https:\/\/velooutlets.com\/wp-content\/uploads\/2026\/02\/CrazySafety_helmets_master_dkweb_cool_art_1-min-3.jpg\",\"contentUrl\":\"https:\/\/velooutlets.com\/wp-content\/uploads\/2026\/02\/CrazySafety_helmets_master_dkweb_cool_art_1-min-3.jpg\",\"width\":2000,\"height\":2000},{\"@type\":\"BreadcrumbList\",\"@id\":\"https:\/\/velooutlets.com\/products\/cool-splash-velosipeda-kivere\/#breadcrumb\",\"itemListElement\":[{\"@type\":\"ListItem\",\"position\":1,\"name\":\"Home\",\"item\":\"https:\/\/velooutlets.com\/\"},{\"@type\":\"ListItem\",\"position\":2,\"name\":\"Veikals\",\"item\":\"https:\/\/velooutlets.com\/shop\/\"},{\"@type\":\"ListItem\",\"position\":3,\"name\":\"Cool Splash velosip\u0113da \u0137ivere\"}]},{\"@type\":\"WebSite\",\"@id\":\"https:\/\/velooutlets.com\/en\/#website\",\"url\":\"https:\/\/velooutlets.com\/en\/\",\"name\":\"Velo Outlets\",\"description\":\"Velosip\u0113di visai \u0123imenei\",\"potentialAction\":[{\"@type\":\"SearchAction\",\"target\":{\"@type\":\"EntryPoint\",\"urlTemplate\":\"https:\/\/velooutlets.com\/en\/?s={search_term_string}\"},\"query-input\":{\"@type\":\"PropertyValueSpecification\",\"valueRequired\":true,\"valueName\":\"search_term_string\"}}],\"inLanguage\":\"en-US\"}]}<\/script>\n<!-- \/ Yoast SEO plugin. -->","yoast_head_json":{"title":"Cool Splash velosip\u0113da \u0137ivere - Velo Outlets","robots":{"index":"index","follow":"follow","max-snippet":"max-snippet:-1","max-image-preview":"max-image-preview:large","max-video-preview":"max-video-preview:-1"},"canonical":"https:\/\/velooutlets.com\/en\/product\/cool-splash-velosipeda-kivere\/","og_locale":"en_US","og_type":"article","og_title":"Cool Splash velosip\u0113da \u0137ivere - Velo Outlets","og_description":"Rad\u012bts b\u0113rniemNoguru\u0161i no t\u0101, ka past\u0101v\u012bgi j\u0101atg\u0101dina b\u0113rniem uzlikt velosip\u0113da \u0137iveri? Ar Crazy Safety stil\u012bgo velosip\u0113da \u0137iveri tas neb\u016bs probl\u0113ma \u2013 t\u0101 ir tik for\u0161a, ka b\u0113rni pa\u0161i v\u0113l\u0113sies to n\u0113s\u0101t! Unik\u0101l\u0101 forma un detaliz\u0113tie dizaini nodro\u0161ina, ka b\u0113rni \u0137iveri n\u0113s\u0101 nevis pien\u0101kuma d\u0113\u013c, bet t\u0101p\u0113c, ka vi\u0146iem t\u0101 pat\u012bk. Stil\u012bga dro\u0161\u012bbaM\u016bsu misija ir apvienot [&hellip;]","og_url":"https:\/\/velooutlets.com\/en\/product\/cool-splash-velosipeda-kivere\/","og_site_name":"Velo Outlets","article_modified_time":"2026-02-11T11:14:33+00:00","og_image":[{"width":2000,"height":2000,"url":"https:\/\/velooutlets.com\/wp-content\/uploads\/2026\/02\/CrazySafety_helmets_master_dkweb_cool_art_1-min-3.jpg","type":"image\/jpeg"}],"twitter_card":"summary_large_image","twitter_misc":{"Est. reading time":"3 minutes"},"schema":{"@context":"https:\/\/schema.org","@graph":[{"@type":"WebPage","@id":"https:\/\/velooutlets.com\/products\/cool-splash-velosipeda-kivere\/","url":"https:\/\/velooutlets.com\/products\/cool-splash-velosipeda-kivere\/","name":"Cool Splash velosip\u0113da \u0137ivere - Velo Outlets","isPartOf":{"@id":"https:\/\/velooutlets.com\/en\/#website"},"primaryImageOfPage":{"@id":"https:\/\/velooutlets.com\/products\/cool-splash-velosipeda-kivere\/#primaryimage"},"image":{"@id":"https:\/\/velooutlets.com\/products\/cool-splash-velosipeda-kivere\/#primaryimage"},"thumbnailUrl":"https:\/\/velooutlets.com\/wp-content\/uploads\/2026\/02\/CrazySafety_helmets_master_dkweb_cool_art_1-min-3.jpg","datePublished":"2026-02-02T13:02:58+00:00","dateModified":"2026-02-11T11:14:33+00:00","breadcrumb":{"@id":"https:\/\/velooutlets.com\/products\/cool-splash-velosipeda-kivere\/#breadcrumb"},"inLanguage":"en-US","potentialAction":[{"@type":"ReadAction","target":["https:\/\/velooutlets.com\/products\/cool-splash-velosipeda-kivere\/"]}]},{"@type":"ImageObject","inLanguage":"en-US","@id":"https:\/\/velooutlets.com\/products\/cool-splash-velosipeda-kivere\/#primaryimage","url":"https:\/\/velooutlets.com\/wp-content\/uploads\/2026\/02\/CrazySafety_helmets_master_dkweb_cool_art_1-min-3.jpg","contentUrl":"https:\/\/velooutlets.com\/wp-content\/uploads\/2026\/02\/CrazySafety_helmets_master_dkweb_cool_art_1-min-3.jpg","width":2000,"height":2000},{"@type":"BreadcrumbList","@id":"https:\/\/velooutlets.com\/products\/cool-splash-velosipeda-kivere\/#breadcrumb","itemListElement":[{"@type":"ListItem","position":1,"name":"Home","item":"https:\/\/velooutlets.com\/"},{"@type":"ListItem","position":2,"name":"Veikals","item":"https:\/\/velooutlets.com\/shop\/"},{"@type":"ListItem","position":3,"name":"Cool Splash velosip\u0113da \u0137ivere"}]},{"@type":"WebSite","@id":"https:\/\/velooutlets.com\/en\/#website","url":"https:\/\/velooutlets.com\/en\/","name":"Velo Outlets","description":"Velosip\u0113di visai \u0123imenei","potentialAction":[{"@type":"SearchAction","target":{"@type":"EntryPoint","urlTemplate":"https:\/\/velooutlets.com\/en\/?s={search_term_string}"},"query-input":{"@type":"PropertyValueSpecification","valueRequired":true,"valueName":"search_term_string"}}],"inLanguage":"en-US"}]}},"jetpack_sharing_enabled":true,"_links":{"self":[{"href":"https:\/\/velooutlets.com\/en\/wp-json\/wp\/v2\/product\/15790","targetHints":{"allow":["GET"]}}],"collection":[{"href":"https:\/\/velooutlets.com\/en\/wp-json\/wp\/v2\/product"}],"about":[{"href":"https:\/\/velooutlets.com\/en\/wp-json\/wp\/v2\/types\/product"}],"wp:featuredmedia":[{"embeddable":true,"href":"https:\/\/velooutlets.com\/en\/wp-json\/wp\/v2\/media\/17217"}],"wp:attachment":[{"href":"https:\/\/velooutlets.com\/en\/wp-json\/wp\/v2\/media?parent=15790"}],"wp:term":[{"taxonomy":"product_brand","embeddable":true,"href":"https:\/\/velooutlets.com\/en\/wp-json\/wp\/v2\/product_brand?post=15790"},{"taxonomy":"product_cat","embeddable":true,"href":"https:\/\/velooutlets.com\/en\/wp-json\/wp\/v2\/product_cat?post=15790"},{"taxonomy":"product_tag","embeddable":true,"href":"https:\/\/velooutlets.com\/en\/wp-json\/wp\/v2\/product_tag?post=15790"}],"curies":[{"name":"wp","href":"https:\/\/api.w.org\/{rel}","templated":true}]}}