{"id":29198,"date":"2026-02-05T13:51:30","date_gmt":"2026-02-05T11:51:30","guid":{"rendered":"https:\/\/staging.velooutlets.com\/?post_type=product&#038;p=29198"},"modified":"2026-04-17T18:40:54","modified_gmt":"2026-04-17T15:40:54","slug":"dyu-c6","status":"publish","type":"product","link":"https:\/\/velooutlets.com\/en\/product\/dyu-c6\/","title":{"rendered":"Dyu C6 White"},"content":{"rendered":"<p data-start=\"73\" data-end=\"496\">The DYU C6 is a stable and comfortable urban electric bicycle designed for everyday commuting and leisure time. The classic design combined with larger 26\" wheels ensures a smooth and safe ride in urban environments. The high-strength steel frame gives the bike stability, while the suspension fork and seat cushioning significantly improve comfort on rougher roads.<\/p>\n<p data-start=\"498\" data-end=\"900\">The bike is equipped with a 250W motor and a 36V 12.5Ah battery, giving you up to 60 km of range on a single charge. The removable battery allows easy recharging and increases safety in everyday use. The top speed reaches 25 km\/h, which is suitable for urban traffic. The Shimano gear system ensures a smooth ride in a variety of conditions, while the disc brakes guarantee reliable braking.<\/p>\n<p data-start=\"902\" data-end=\"1081\">For added practicality, the DYU C6 is equipped with a front basket and a rear rack for easy transport of everyday items, making it the ideal choice for city life.<\/p>\n<p>-rite\u0146u izm\u0113rs: 26&#8243;<br \/>\n-frame: high-carbon steel<br \/>\n-motor: 250W<br \/>\n-battery: 36V 12.5Ah (removable)<br \/>\n-maximum speed: 25 km\/h<br \/>\n-distance: up to 60 km<br \/>\n-brakes (front\/rear): disc brakes<br \/>\n-gear system: Shimano<br \/>\n-fork: depreciation<br \/>\n-seat post: cushioned<br \/>\n-weight: 27 kg<br \/>\n-load capacity: 120 kg<br \/>\n-Furnishing: front basket, luggage rack<br \/>\n-Size: 1820 \u00d7 650 \u00d7 1160 mm<br \/>\n-packing size: 1510 \u00d7 240 \u00d7 790 mm<\/p>","protected":false},"excerpt":{"rendered":"<p>DYU C6 ir stabils un komfortabls pils\u0113tas elektriskais velosip\u0113ds, kas paredz\u0113ts ikdienas p\u0101rvieto\u0161anai gan uz darbu, gan br\u012bvaj\u0101 laik\u0101. Klasisk\u0101 konstrukcija apvienojum\u0101 ar liel\u0101kiem 26 collu rite\u0146iem nodro\u0161ina vienm\u0113r\u012bgu un dro\u0161u brauk\u0161anu pils\u0113tas vid\u0113. Augstas iztur\u012bbas t\u0113rauda r\u0101mis pie\u0161\u0137ir velosip\u0113dam stabilit\u0101ti, savuk\u0101rt amortiz\u0101cijas dak\u0161a un s\u0113dek\u013ca amortiz\u0101cija b\u016btiski uzlabo komfortu uz nel\u012bdzen\u0101kiem ce\u013ciem. Velosip\u0113ds apr\u012bkots [&hellip;]<\/p>\n","protected":false},"featured_media":36217,"template":"","meta":{"_monsterinsights_skip_tracking":false,"_monsterinsights_sitenote_active":false,"_monsterinsights_sitenote_note":"","_monsterinsights_sitenote_category":0,"_iconic_wsb_product_page_order_bump_ids":[[]],"_sku":["9785699856930"],"_iconic_wsb_product_page_bump_modal_ids":[[]]},"product_brand":[1161],"product_cat":[963,1127],"product_tag":[1525,847,212],"class_list":{"0":"post-29198","1":"product","2":"type-product","3":"status-publish","4":"has-post-thumbnail","6":"product_brand-dyu","7":"product_cat-elektro-velosipedi","8":"product_cat-velosipedi","9":"product_tag-04_02_26","10":"product_tag-elektro-velosipedi","11":"product_tag-velosipedi","12":"product_shipping_class-elektro-velosipedi","13":"pa_materials-augstas-izturibas-terauds","14":"pa_ramja-izmers-uni","16":"first","17":"outofstock","18":"sale","19":"taxable","20":"shipping-taxable","21":"purchasable","22":"product-type-simple"},"yoast_head":"<!-- This site is optimized with the Yoast SEO plugin v27.2 - https:\/\/yoast.com\/product\/yoast-seo-wordpress\/ -->\n<title>Dyu C6 White - Velo Outlets<\/title>\n<meta name=\"robots\" content=\"index, follow, max-snippet:-1, max-image-preview:large, max-video-preview:-1\" \/>\n<link rel=\"canonical\" href=\"https:\/\/velooutlets.com\/en\/product\/dyu-c6\/\" \/>\n<meta property=\"og:locale\" content=\"en_US\" \/>\n<meta property=\"og:type\" content=\"article\" \/>\n<meta property=\"og:title\" content=\"Dyu C6 White - Velo Outlets\" \/>\n<meta property=\"og:description\" content=\"DYU C6 ir stabils un komfortabls pils\u0113tas elektriskais velosip\u0113ds, kas paredz\u0113ts ikdienas p\u0101rvieto\u0161anai gan uz darbu, gan br\u012bvaj\u0101 laik\u0101. Klasisk\u0101 konstrukcija apvienojum\u0101 ar liel\u0101kiem 26 collu rite\u0146iem nodro\u0161ina vienm\u0113r\u012bgu un dro\u0161u brauk\u0161anu pils\u0113tas vid\u0113. Augstas iztur\u012bbas t\u0113rauda r\u0101mis pie\u0161\u0137ir velosip\u0113dam stabilit\u0101ti, savuk\u0101rt amortiz\u0101cijas dak\u0161a un s\u0113dek\u013ca amortiz\u0101cija b\u016btiski uzlabo komfortu uz nel\u012bdzen\u0101kiem ce\u013ciem. Velosip\u0113ds apr\u012bkots [&hellip;]\" \/>\n<meta property=\"og:url\" content=\"https:\/\/velooutlets.com\/en\/product\/dyu-c6\/\" \/>\n<meta property=\"og:site_name\" content=\"Velo Outlets\" \/>\n<meta property=\"article:modified_time\" content=\"2026-04-17T15:40:54+00:00\" \/>\n<meta property=\"og:image\" content=\"https:\/\/velooutlets.com\/wp-content\/uploads\/2026\/02\/1000193683.jpg\" \/>\n\t<meta property=\"og:image:width\" content=\"1527\" \/>\n\t<meta property=\"og:image:height\" content=\"1145\" \/>\n\t<meta property=\"og:image:type\" content=\"image\/jpeg\" \/>\n<meta name=\"twitter:card\" content=\"summary_large_image\" \/>\n<meta name=\"twitter:label1\" content=\"Est. reading time\" \/>\n\t<meta name=\"twitter:data1\" content=\"2 minutes\" \/>\n<script type=\"application\/ld+json\" class=\"yoast-schema-graph\">{\"@context\":\"https:\/\/schema.org\",\"@graph\":[{\"@type\":\"WebPage\",\"@id\":\"https:\/\/velooutlets.com\/products\/dyu-c6\/\",\"url\":\"https:\/\/velooutlets.com\/products\/dyu-c6\/\",\"name\":\"Dyu C6 White - Velo Outlets\",\"isPartOf\":{\"@id\":\"https:\/\/velooutlets.com\/en\/#website\"},\"primaryImageOfPage\":{\"@id\":\"https:\/\/velooutlets.com\/products\/dyu-c6\/#primaryimage\"},\"image\":{\"@id\":\"https:\/\/velooutlets.com\/products\/dyu-c6\/#primaryimage\"},\"thumbnailUrl\":\"https:\/\/velooutlets.com\/wp-content\/uploads\/2026\/02\/1000193683.jpg\",\"datePublished\":\"2026-02-05T11:51:30+00:00\",\"dateModified\":\"2026-04-17T15:40:54+00:00\",\"breadcrumb\":{\"@id\":\"https:\/\/velooutlets.com\/products\/dyu-c6\/#breadcrumb\"},\"inLanguage\":\"en-US\",\"potentialAction\":[{\"@type\":\"ReadAction\",\"target\":[\"https:\/\/velooutlets.com\/products\/dyu-c6\/\"]}]},{\"@type\":\"ImageObject\",\"inLanguage\":\"en-US\",\"@id\":\"https:\/\/velooutlets.com\/products\/dyu-c6\/#primaryimage\",\"url\":\"https:\/\/velooutlets.com\/wp-content\/uploads\/2026\/02\/1000193683.jpg\",\"contentUrl\":\"https:\/\/velooutlets.com\/wp-content\/uploads\/2026\/02\/1000193683.jpg\",\"width\":1527,\"height\":1145},{\"@type\":\"BreadcrumbList\",\"@id\":\"https:\/\/velooutlets.com\/products\/dyu-c6\/#breadcrumb\",\"itemListElement\":[{\"@type\":\"ListItem\",\"position\":1,\"name\":\"Home\",\"item\":\"https:\/\/velooutlets.com\/\"},{\"@type\":\"ListItem\",\"position\":2,\"name\":\"Veikals\",\"item\":\"https:\/\/velooutlets.com\/shop\/\"},{\"@type\":\"ListItem\",\"position\":3,\"name\":\"Dyu C6 White\"}]},{\"@type\":\"WebSite\",\"@id\":\"https:\/\/velooutlets.com\/en\/#website\",\"url\":\"https:\/\/velooutlets.com\/en\/\",\"name\":\"Velo Outlets\",\"description\":\"Velosip\u0113di visai \u0123imenei\",\"potentialAction\":[{\"@type\":\"SearchAction\",\"target\":{\"@type\":\"EntryPoint\",\"urlTemplate\":\"https:\/\/velooutlets.com\/en\/?s={search_term_string}\"},\"query-input\":{\"@type\":\"PropertyValueSpecification\",\"valueRequired\":true,\"valueName\":\"search_term_string\"}}],\"inLanguage\":\"en-US\"}]}<\/script>\n<!-- \/ Yoast SEO plugin. -->","yoast_head_json":{"title":"Dyu C6 White - Velo Outlets","robots":{"index":"index","follow":"follow","max-snippet":"max-snippet:-1","max-image-preview":"max-image-preview:large","max-video-preview":"max-video-preview:-1"},"canonical":"https:\/\/velooutlets.com\/en\/product\/dyu-c6\/","og_locale":"en_US","og_type":"article","og_title":"Dyu C6 White - Velo Outlets","og_description":"DYU C6 ir stabils un komfortabls pils\u0113tas elektriskais velosip\u0113ds, kas paredz\u0113ts ikdienas p\u0101rvieto\u0161anai gan uz darbu, gan br\u012bvaj\u0101 laik\u0101. Klasisk\u0101 konstrukcija apvienojum\u0101 ar liel\u0101kiem 26 collu rite\u0146iem nodro\u0161ina vienm\u0113r\u012bgu un dro\u0161u brauk\u0161anu pils\u0113tas vid\u0113. Augstas iztur\u012bbas t\u0113rauda r\u0101mis pie\u0161\u0137ir velosip\u0113dam stabilit\u0101ti, savuk\u0101rt amortiz\u0101cijas dak\u0161a un s\u0113dek\u013ca amortiz\u0101cija b\u016btiski uzlabo komfortu uz nel\u012bdzen\u0101kiem ce\u013ciem. Velosip\u0113ds apr\u012bkots [&hellip;]","og_url":"https:\/\/velooutlets.com\/en\/product\/dyu-c6\/","og_site_name":"Velo Outlets","article_modified_time":"2026-04-17T15:40:54+00:00","og_image":[{"width":1527,"height":1145,"url":"https:\/\/velooutlets.com\/wp-content\/uploads\/2026\/02\/1000193683.jpg","type":"image\/jpeg"}],"twitter_card":"summary_large_image","twitter_misc":{"Est. reading time":"2 minutes"},"schema":{"@context":"https:\/\/schema.org","@graph":[{"@type":"WebPage","@id":"https:\/\/velooutlets.com\/products\/dyu-c6\/","url":"https:\/\/velooutlets.com\/products\/dyu-c6\/","name":"Dyu C6 White - Velo Outlets","isPartOf":{"@id":"https:\/\/velooutlets.com\/en\/#website"},"primaryImageOfPage":{"@id":"https:\/\/velooutlets.com\/products\/dyu-c6\/#primaryimage"},"image":{"@id":"https:\/\/velooutlets.com\/products\/dyu-c6\/#primaryimage"},"thumbnailUrl":"https:\/\/velooutlets.com\/wp-content\/uploads\/2026\/02\/1000193683.jpg","datePublished":"2026-02-05T11:51:30+00:00","dateModified":"2026-04-17T15:40:54+00:00","breadcrumb":{"@id":"https:\/\/velooutlets.com\/products\/dyu-c6\/#breadcrumb"},"inLanguage":"en-US","potentialAction":[{"@type":"ReadAction","target":["https:\/\/velooutlets.com\/products\/dyu-c6\/"]}]},{"@type":"ImageObject","inLanguage":"en-US","@id":"https:\/\/velooutlets.com\/products\/dyu-c6\/#primaryimage","url":"https:\/\/velooutlets.com\/wp-content\/uploads\/2026\/02\/1000193683.jpg","contentUrl":"https:\/\/velooutlets.com\/wp-content\/uploads\/2026\/02\/1000193683.jpg","width":1527,"height":1145},{"@type":"BreadcrumbList","@id":"https:\/\/velooutlets.com\/products\/dyu-c6\/#breadcrumb","itemListElement":[{"@type":"ListItem","position":1,"name":"Home","item":"https:\/\/velooutlets.com\/"},{"@type":"ListItem","position":2,"name":"Veikals","item":"https:\/\/velooutlets.com\/shop\/"},{"@type":"ListItem","position":3,"name":"Dyu C6 White"}]},{"@type":"WebSite","@id":"https:\/\/velooutlets.com\/en\/#website","url":"https:\/\/velooutlets.com\/en\/","name":"Velo Outlets","description":"Velosip\u0113di visai \u0123imenei","potentialAction":[{"@type":"SearchAction","target":{"@type":"EntryPoint","urlTemplate":"https:\/\/velooutlets.com\/en\/?s={search_term_string}"},"query-input":{"@type":"PropertyValueSpecification","valueRequired":true,"valueName":"search_term_string"}}],"inLanguage":"en-US"}]}},"jetpack_sharing_enabled":true,"_links":{"self":[{"href":"https:\/\/velooutlets.com\/en\/wp-json\/wp\/v2\/product\/29198","targetHints":{"allow":["GET"]}}],"collection":[{"href":"https:\/\/velooutlets.com\/en\/wp-json\/wp\/v2\/product"}],"about":[{"href":"https:\/\/velooutlets.com\/en\/wp-json\/wp\/v2\/types\/product"}],"wp:featuredmedia":[{"embeddable":true,"href":"https:\/\/velooutlets.com\/en\/wp-json\/wp\/v2\/media\/36217"}],"wp:attachment":[{"href":"https:\/\/velooutlets.com\/en\/wp-json\/wp\/v2\/media?parent=29198"}],"wp:term":[{"taxonomy":"product_brand","embeddable":true,"href":"https:\/\/velooutlets.com\/en\/wp-json\/wp\/v2\/product_brand?post=29198"},{"taxonomy":"product_cat","embeddable":true,"href":"https:\/\/velooutlets.com\/en\/wp-json\/wp\/v2\/product_cat?post=29198"},{"taxonomy":"product_tag","embeddable":true,"href":"https:\/\/velooutlets.com\/en\/wp-json\/wp\/v2\/product_tag?post=29198"}],"curies":[{"name":"wp","href":"https:\/\/api.w.org\/{rel}","templated":true}]}}