{"id":29846,"date":"2026-02-05T14:56:20","date_gmt":"2026-02-05T12:56:20","guid":{"rendered":"https:\/\/staging.velooutlets.com\/?post_type=product&#038;p=29846"},"modified":"2026-04-03T17:55:19","modified_gmt":"2026-04-03T14:55:19","slug":"scott-aspect-960-melns-xl","status":"publish","type":"product","link":"https:\/\/velooutlets.com\/en\/product\/scott-aspect-960-melns-xl\/","title":{"rendered":"SCOTT Aspect 960 Black"},"content":{"rendered":"<div class=\"flex max-w-full flex-col flex-grow\">\n<div class=\"min-h-8 text-message flex w-full flex-col items-end gap-2 whitespace-normal break-words [.text-message+&amp;]:mt-5\" dir=\"auto\" data-message-model-slug=\"gpt-4o\" data-message-id=\"a4233b14-48b4-4c4a-a2a7-24c7f897ac05\" data-message-author-role=\"assistant\">\n<div class=\"flex w-full flex-col gap-1 empty:hidden first:pt-[3px]\">\n<div class=\"markdown prose w-full break-words dark:prose-invert dark\">\n<div class=\"flex max-w-full flex-col flex-grow\">\n<div class=\"min-h-8 text-message flex w-full flex-col items-end gap-2 whitespace-normal break-words [.text-message+&amp;]:mt-5\" dir=\"auto\" data-message-model-slug=\"gpt-4o\" data-message-id=\"28920f8d-aca7-445d-9ff5-7885f6a4d644\" data-message-author-role=\"assistant\">\n<div class=\"flex w-full flex-col gap-1 empty:hidden first:pt-[3px]\">\n<div class=\"markdown prose w-full break-words dark:prose-invert dark\">\n<p data-start=\"0\" data-end=\"502\">SCOTT Aspect 960 ir uzticams hardtail tipa kalnu velosip\u0113ds, kas rad\u012bts brauc\u0113jiem, kuri mekl\u0113 vieglu, efekt\u012bvu un pieejamu velosip\u0113du akt\u012bvai brauk\u0161anai. Tas ir \u012bpa\u0161i piem\u0113rots ies\u0101c\u0113jiem vai tiem, kuri v\u0113las kvalitat\u012bvu bud\u017eeta klases kalnu velosip\u0113du ikdienas izbraucieniem, brauk\u0161anai pa me\u017ea tak\u0101m un viegl\u0101kiem bezce\u013ca mar\u0161rutiem. Pateicoties iztur\u012bgajam alum\u012bnija r\u0101mim un kvalitat\u012bvaj\u0101m komponent\u0113m, SCOTT Aspect 960 nodro\u0161ina stabilu vad\u0101m\u012bbu un pat\u012bkamu brauk\u0161anas pieredzi da\u017e\u0101dos apst\u0101k\u013cos.<\/p>\n<p data-start=\"504\" data-end=\"1151\">Velosip\u0113ds apr\u012bkots ar vieglu alum\u012bnija sakaus\u0113juma r\u0101mi, un t\u0101 kop\u0113jais svars ir aptuveni 14,6 kg, kas padara to sal\u012bdzino\u0161i vieglu un \u0113rti vad\u0101mu. 29 collu rite\u0146i pal\u012bdz nodro\u0161in\u0101t lab\u0101ku stabilit\u0101ti un viegl\u0101ku \u0161\u0137\u0113r\u0161\u013cu p\u0101rvar\u0113\u0161anu uz nel\u012bdzeniem ce\u013ciem. P\u0101rnesumu sist\u0113ma pied\u0101v\u0101 16 \u0101trumus, kas \u013cauj piel\u0101got brauk\u0161anas tempu da\u017e\u0101dam reljefam. Par vienm\u0113r\u012bgu p\u0101rnesumu mai\u0146u r\u016bp\u0113jas Shimano Tourney aizmugur\u0113jais p\u0101rsl\u0113dz\u0113js un Shimano Altus priek\u0161\u0113jais p\u0101rsl\u0113dz\u0113js, savuk\u0101rt Prowheel TM-CY01 kla\u0146i ar 36\/22T konfigur\u0101ciju un Sunrace CSM55 kasete ar 11\u201334T diapazonu nodro\u0161ina pla\u0161u p\u0101rnesumu izv\u0113li. Sist\u0113mu papildina iztur\u012bg\u0101 KMC Z-8.3 \u0137\u0113de.<\/p>\n<p data-start=\"1153\" data-end=\"1613\">Brauk\u0161anas komfortu uz nel\u012bdzeniem ce\u013ciem nodro\u0161ina Suntour XCE28 amortiz\u0101cijas dak\u0161a ar 100 mm g\u0101jienu, kas pal\u012bdz absorb\u0113t triecienus un uzlabo velosip\u0113da kontroli. Dro\u0161u apst\u0101\u0161anos nodro\u0161ina Tektro HDM275 hidraulisk\u0101s disku bremzes gan priek\u0161\u0101, gan aizmugur\u0113, kas sniedz labu bremz\u0113\u0161anas jaudu ar\u012b slapjos vai dub\u013cainos apst\u0101k\u013cos. Velosip\u0113ds apr\u012bkots ar Syncros X-20 aplokiem un Kenda Booster 2.4 collu riep\u0101m ar 30 TPI, kas nodro\u0161ina labu sa\u0137eri ar segumu.<\/p>\n<p data-start=\"1615\" data-end=\"2006\" data-is-last-node=\"\" data-is-only-node=\"\">Stabilai un \u0113rtai vad\u012bbai velosip\u0113ds apr\u012bkots ar 720 mm platu alum\u012bnija st\u016bri, kas pal\u012bdz saglab\u0101t kontroli ar\u012b sare\u017e\u0123\u012bt\u0101kos mar\u0161rutos. Komfortu brauciena laik\u0101 nodro\u0161ina Syncros 3.0 s\u0113deklis un HL SP C207 s\u0113dek\u013ca stute ar 31,6 mm diametru un 350 mm garumu. Kopum\u0101 SCOTT Aspect 960 ir praktisks un uzticams kalnu velosip\u0113ds, kas pied\u0101v\u0101 lielisku l\u012bdzsvaru starp cenu, veiktsp\u0113ju un iztur\u012bbu.<\/p>\n<\/div>\n<\/div>\n<\/div>\n<\/div>\n<\/div>\n<\/div>\n<\/div>\n<\/div>\n","protected":false},"excerpt":{"rendered":"<p>SCOTT Aspect 960 ir uzticams hardtail tipa kalnu velosip\u0113ds, kas rad\u012bts brauc\u0113jiem, kuri mekl\u0113 vieglu, efekt\u012bvu un pieejamu velosip\u0113du akt\u012bvai brauk\u0161anai. Tas ir \u012bpa\u0161i piem\u0113rots ies\u0101c\u0113jiem vai tiem, kuri v\u0113las kvalitat\u012bvu bud\u017eeta klases kalnu velosip\u0113du ikdienas izbraucieniem, brauk\u0161anai pa me\u017ea tak\u0101m un viegl\u0101kiem bezce\u013ca mar\u0161rutiem. Pateicoties iztur\u012bgajam alum\u012bnija r\u0101mim un kvalitat\u012bvaj\u0101m komponent\u0113m, SCOTT Aspect 960 [&hellip;]<\/p>\n","protected":false},"featured_media":35674,"template":"","meta":{"_monsterinsights_skip_tracking":false,"_monsterinsights_sitenote_active":false,"_monsterinsights_sitenote_note":"","_monsterinsights_sitenote_category":0,"_iconic_wsb_product_page_order_bump_ids":[[]],"_sku":[],"_iconic_wsb_product_page_bump_modal_ids":[[]]},"product_brand":[872],"product_cat":[980,1127],"product_tag":[1522],"class_list":{"0":"post-29846","1":"product","2":"type-product","3":"status-publish","4":"has-post-thumbnail","6":"product_brand-scott","7":"product_cat-kalnu-velosipedi","8":"product_cat-velosipedi","9":"product_tag-scott","11":"first","12":"instock","13":"sale","14":"taxable","15":"shipping-taxable","16":"purchasable","17":"product-type-variable","18":"has-default-attributes","19":"wvs-archive-product-wrapper"},"yoast_head":"<!-- This site is optimized with the Yoast SEO plugin v27.2 - https:\/\/yoast.com\/product\/yoast-seo-wordpress\/ -->\n<title>SCOTT Aspect 960 \u2013 Viegla konstrukcija, iztur\u012bgs r\u0101mis un maksim\u0101ls \u0101trums | Velo Outlets<\/title>\n<meta name=\"description\" content=\"Ieg\u0101d\u0101jies SCOTT velosip\u0113du Velo Outlets! Pla\u0161\u0101k\u0101 izv\u0113le no SCOTT mode\u013ciem, kas piem\u0113roti da\u017e\u0101d\u0101m dz\u012bves situ\u0101cij\u0101m, nodro\u0161inot komfortu, kvalit\u0101ti un augsta l\u012bme\u0146a veiktsp\u0113ju.\" \/>\n<meta name=\"robots\" content=\"index, follow, max-snippet:-1, max-image-preview:large, max-video-preview:-1\" \/>\n<link rel=\"canonical\" href=\"https:\/\/velooutlets.com\/en\/product\/scott-aspect-960-melns-xl\/\" \/>\n<meta property=\"og:locale\" content=\"en_US\" \/>\n<meta property=\"og:type\" content=\"article\" \/>\n<meta property=\"og:title\" content=\"SCOTT Aspect 960 \u2013 Viegla konstrukcija, iztur\u012bgs r\u0101mis un maksim\u0101ls \u0101trums | Velo Outlets\" \/>\n<meta property=\"og:description\" content=\"Ieg\u0101d\u0101jies SCOTT velosip\u0113du Velo Outlets! Pla\u0161\u0101k\u0101 izv\u0113le no SCOTT mode\u013ciem, kas piem\u0113roti da\u017e\u0101d\u0101m dz\u012bves situ\u0101cij\u0101m, nodro\u0161inot komfortu, kvalit\u0101ti un augsta l\u012bme\u0146a veiktsp\u0113ju.\" \/>\n<meta property=\"og:url\" content=\"https:\/\/velooutlets.com\/en\/product\/scott-aspect-960-melns-xl\/\" \/>\n<meta property=\"og:site_name\" content=\"Velo Outlets\" \/>\n<meta property=\"article:modified_time\" content=\"2026-04-03T14:55:19+00:00\" \/>\n<meta property=\"og:image\" content=\"https:\/\/velooutlets.com\/wp-content\/uploads\/2026\/02\/1000191767.jpg\" \/>\n\t<meta property=\"og:image:width\" content=\"837\" \/>\n\t<meta property=\"og:image:height\" content=\"492\" \/>\n\t<meta property=\"og:image:type\" content=\"image\/jpeg\" \/>\n<meta name=\"twitter:card\" content=\"summary_large_image\" \/>\n<meta name=\"twitter:label1\" content=\"Est. reading time\" \/>\n\t<meta name=\"twitter:data1\" content=\"1 minute\" \/>\n<script type=\"application\/ld+json\" class=\"yoast-schema-graph\">{\"@context\":\"https:\/\/schema.org\",\"@graph\":[{\"@type\":\"WebPage\",\"@id\":\"https:\/\/velooutlets.com\/products\/scott-aspect-960-melns-xl\/\",\"url\":\"https:\/\/velooutlets.com\/products\/scott-aspect-960-melns-xl\/\",\"name\":\"SCOTT Aspect 960 \u2013 Viegla konstrukcija, iztur\u012bgs r\u0101mis un maksim\u0101ls \u0101trums | Velo Outlets\",\"isPartOf\":{\"@id\":\"https:\/\/velooutlets.com\/en\/#website\"},\"primaryImageOfPage\":{\"@id\":\"https:\/\/velooutlets.com\/products\/scott-aspect-960-melns-xl\/#primaryimage\"},\"image\":{\"@id\":\"https:\/\/velooutlets.com\/products\/scott-aspect-960-melns-xl\/#primaryimage\"},\"thumbnailUrl\":\"https:\/\/velooutlets.com\/wp-content\/uploads\/2026\/02\/1000191767.jpg\",\"datePublished\":\"2026-02-05T12:56:20+00:00\",\"dateModified\":\"2026-04-03T14:55:19+00:00\",\"description\":\"Ieg\u0101d\u0101jies SCOTT velosip\u0113du Velo Outlets! Pla\u0161\u0101k\u0101 izv\u0113le no SCOTT mode\u013ciem, kas piem\u0113roti da\u017e\u0101d\u0101m dz\u012bves situ\u0101cij\u0101m, nodro\u0161inot komfortu, kvalit\u0101ti un augsta l\u012bme\u0146a veiktsp\u0113ju.\",\"breadcrumb\":{\"@id\":\"https:\/\/velooutlets.com\/products\/scott-aspect-960-melns-xl\/#breadcrumb\"},\"inLanguage\":\"en-US\",\"potentialAction\":[{\"@type\":\"ReadAction\",\"target\":[\"https:\/\/velooutlets.com\/products\/scott-aspect-960-melns-xl\/\"]}]},{\"@type\":\"ImageObject\",\"inLanguage\":\"en-US\",\"@id\":\"https:\/\/velooutlets.com\/products\/scott-aspect-960-melns-xl\/#primaryimage\",\"url\":\"https:\/\/velooutlets.com\/wp-content\/uploads\/2026\/02\/1000191767.jpg\",\"contentUrl\":\"https:\/\/velooutlets.com\/wp-content\/uploads\/2026\/02\/1000191767.jpg\",\"width\":837,\"height\":492},{\"@type\":\"BreadcrumbList\",\"@id\":\"https:\/\/velooutlets.com\/products\/scott-aspect-960-melns-xl\/#breadcrumb\",\"itemListElement\":[{\"@type\":\"ListItem\",\"position\":1,\"name\":\"Home\",\"item\":\"https:\/\/velooutlets.com\/\"},{\"@type\":\"ListItem\",\"position\":2,\"name\":\"Veikals\",\"item\":\"https:\/\/velooutlets.com\/shop\/\"},{\"@type\":\"ListItem\",\"position\":3,\"name\":\"SCOTT Aspect 960 Black\"}]},{\"@type\":\"WebSite\",\"@id\":\"https:\/\/velooutlets.com\/en\/#website\",\"url\":\"https:\/\/velooutlets.com\/en\/\",\"name\":\"Velo Outlets\",\"description\":\"Velosip\u0113di visai \u0123imenei\",\"potentialAction\":[{\"@type\":\"SearchAction\",\"target\":{\"@type\":\"EntryPoint\",\"urlTemplate\":\"https:\/\/velooutlets.com\/en\/?s={search_term_string}\"},\"query-input\":{\"@type\":\"PropertyValueSpecification\",\"valueRequired\":true,\"valueName\":\"search_term_string\"}}],\"inLanguage\":\"en-US\"}]}<\/script>\n<!-- \/ Yoast SEO plugin. -->","yoast_head_json":{"title":"SCOTT Aspect 960 \u2013 Viegla konstrukcija, iztur\u012bgs r\u0101mis un maksim\u0101ls \u0101trums | Velo Outlets","description":"Ieg\u0101d\u0101jies SCOTT velosip\u0113du Velo Outlets! Pla\u0161\u0101k\u0101 izv\u0113le no SCOTT mode\u013ciem, kas piem\u0113roti da\u017e\u0101d\u0101m dz\u012bves situ\u0101cij\u0101m, nodro\u0161inot komfortu, kvalit\u0101ti un augsta l\u012bme\u0146a veiktsp\u0113ju.","robots":{"index":"index","follow":"follow","max-snippet":"max-snippet:-1","max-image-preview":"max-image-preview:large","max-video-preview":"max-video-preview:-1"},"canonical":"https:\/\/velooutlets.com\/en\/product\/scott-aspect-960-melns-xl\/","og_locale":"en_US","og_type":"article","og_title":"SCOTT Aspect 960 \u2013 Viegla konstrukcija, iztur\u012bgs r\u0101mis un maksim\u0101ls \u0101trums | Velo Outlets","og_description":"Ieg\u0101d\u0101jies SCOTT velosip\u0113du Velo Outlets! Pla\u0161\u0101k\u0101 izv\u0113le no SCOTT mode\u013ciem, kas piem\u0113roti da\u017e\u0101d\u0101m dz\u012bves situ\u0101cij\u0101m, nodro\u0161inot komfortu, kvalit\u0101ti un augsta l\u012bme\u0146a veiktsp\u0113ju.","og_url":"https:\/\/velooutlets.com\/en\/product\/scott-aspect-960-melns-xl\/","og_site_name":"Velo Outlets","article_modified_time":"2026-04-03T14:55:19+00:00","og_image":[{"width":837,"height":492,"url":"https:\/\/velooutlets.com\/wp-content\/uploads\/2026\/02\/1000191767.jpg","type":"image\/jpeg"}],"twitter_card":"summary_large_image","twitter_misc":{"Est. reading time":"1 minute"},"schema":{"@context":"https:\/\/schema.org","@graph":[{"@type":"WebPage","@id":"https:\/\/velooutlets.com\/products\/scott-aspect-960-melns-xl\/","url":"https:\/\/velooutlets.com\/products\/scott-aspect-960-melns-xl\/","name":"SCOTT Aspect 960 \u2013 Viegla konstrukcija, iztur\u012bgs r\u0101mis un maksim\u0101ls \u0101trums | Velo Outlets","isPartOf":{"@id":"https:\/\/velooutlets.com\/en\/#website"},"primaryImageOfPage":{"@id":"https:\/\/velooutlets.com\/products\/scott-aspect-960-melns-xl\/#primaryimage"},"image":{"@id":"https:\/\/velooutlets.com\/products\/scott-aspect-960-melns-xl\/#primaryimage"},"thumbnailUrl":"https:\/\/velooutlets.com\/wp-content\/uploads\/2026\/02\/1000191767.jpg","datePublished":"2026-02-05T12:56:20+00:00","dateModified":"2026-04-03T14:55:19+00:00","description":"Ieg\u0101d\u0101jies SCOTT velosip\u0113du Velo Outlets! Pla\u0161\u0101k\u0101 izv\u0113le no SCOTT mode\u013ciem, kas piem\u0113roti da\u017e\u0101d\u0101m dz\u012bves situ\u0101cij\u0101m, nodro\u0161inot komfortu, kvalit\u0101ti un augsta l\u012bme\u0146a veiktsp\u0113ju.","breadcrumb":{"@id":"https:\/\/velooutlets.com\/products\/scott-aspect-960-melns-xl\/#breadcrumb"},"inLanguage":"en-US","potentialAction":[{"@type":"ReadAction","target":["https:\/\/velooutlets.com\/products\/scott-aspect-960-melns-xl\/"]}]},{"@type":"ImageObject","inLanguage":"en-US","@id":"https:\/\/velooutlets.com\/products\/scott-aspect-960-melns-xl\/#primaryimage","url":"https:\/\/velooutlets.com\/wp-content\/uploads\/2026\/02\/1000191767.jpg","contentUrl":"https:\/\/velooutlets.com\/wp-content\/uploads\/2026\/02\/1000191767.jpg","width":837,"height":492},{"@type":"BreadcrumbList","@id":"https:\/\/velooutlets.com\/products\/scott-aspect-960-melns-xl\/#breadcrumb","itemListElement":[{"@type":"ListItem","position":1,"name":"Home","item":"https:\/\/velooutlets.com\/"},{"@type":"ListItem","position":2,"name":"Veikals","item":"https:\/\/velooutlets.com\/shop\/"},{"@type":"ListItem","position":3,"name":"SCOTT Aspect 960 Black"}]},{"@type":"WebSite","@id":"https:\/\/velooutlets.com\/en\/#website","url":"https:\/\/velooutlets.com\/en\/","name":"Velo Outlets","description":"Velosip\u0113di visai \u0123imenei","potentialAction":[{"@type":"SearchAction","target":{"@type":"EntryPoint","urlTemplate":"https:\/\/velooutlets.com\/en\/?s={search_term_string}"},"query-input":{"@type":"PropertyValueSpecification","valueRequired":true,"valueName":"search_term_string"}}],"inLanguage":"en-US"}]}},"jetpack_sharing_enabled":true,"_links":{"self":[{"href":"https:\/\/velooutlets.com\/en\/wp-json\/wp\/v2\/product\/29846","targetHints":{"allow":["GET"]}}],"collection":[{"href":"https:\/\/velooutlets.com\/en\/wp-json\/wp\/v2\/product"}],"about":[{"href":"https:\/\/velooutlets.com\/en\/wp-json\/wp\/v2\/types\/product"}],"wp:featuredmedia":[{"embeddable":true,"href":"https:\/\/velooutlets.com\/en\/wp-json\/wp\/v2\/media\/35674"}],"wp:attachment":[{"href":"https:\/\/velooutlets.com\/en\/wp-json\/wp\/v2\/media?parent=29846"}],"wp:term":[{"taxonomy":"product_brand","embeddable":true,"href":"https:\/\/velooutlets.com\/en\/wp-json\/wp\/v2\/product_brand?post=29846"},{"taxonomy":"product_cat","embeddable":true,"href":"https:\/\/velooutlets.com\/en\/wp-json\/wp\/v2\/product_cat?post=29846"},{"taxonomy":"product_tag","embeddable":true,"href":"https:\/\/velooutlets.com\/en\/wp-json\/wp\/v2\/product_tag?post=29846"}],"curies":[{"name":"wp","href":"https:\/\/api.w.org\/{rel}","templated":true}]}}