{"id":30028,"date":"2026-02-05T15:17:04","date_gmt":"2026-02-05T13:17:04","guid":{"rendered":"https:\/\/staging.velooutlets.com\/product\/juhi-lily-20\/"},"modified":"2026-04-18T13:13:42","modified_gmt":"2026-04-18T10:13:42","slug":"juhi-lily-20","status":"publish","type":"product","link":"https:\/\/velooutlets.com\/en\/product\/juhi-lily-20\/","title":{"rendered":"Juhi Lily 20\u201d"},"content":{"rendered":"<p data-start=\"0\" data-end=\"256\">The Gust Lily 20\u2033 is a bright and practical children's bike, designed for children between 122 and 128 cm tall. It is equipped with 20 inch tyres that provide good stability and easy handling, making it safe and comfortable for everyday rides.<\/p>\n<p data-start=\"258\" data-end=\"615\" data-is-last-node=\"\" data-is-only-node=\"\">The bike has a sturdy steel frame and fork, one speed, and front and rear V-brakes for easy and safe stopping. Includes auxiliary wheels, full chain guard, mudguards, bell and reflectors for added safety. The Gust Lily 20\u2033 is the perfect choice for children taking their first independent steps in cycling.<\/p>","protected":false},"excerpt":{"rendered":"<p>Gust Lily 20&#8243; ir ko\u0161s un praktisks b\u0113rnu velosip\u0113ds, kas paredz\u0113ts b\u0113rniem ar augumu aptuveni no 122 l\u012bdz 128 cm. Tas ir apr\u012bkots ar 20 collu riep\u0101m, kas nodro\u0161ina labu stabilit\u0101ti un vieglu vad\u0101m\u012bbu, padarot brauk\u0161anu dro\u0161u un \u0113rtu ikdienas izbraucieniem. Velosip\u0113dam ir iztur\u012bgs t\u0113rauda r\u0101mis un dak\u0161a, viens \u0101trums, k\u0101 ar\u012b priek\u0161\u0113j\u0101s un aizmugur\u0113j\u0101s [&hellip;]<\/p>\n","protected":false},"featured_media":34057,"template":"","meta":{"_monsterinsights_skip_tracking":false,"_monsterinsights_sitenote_active":false,"_monsterinsights_sitenote_note":"","_monsterinsights_sitenote_category":0,"_iconic_wsb_product_page_order_bump_ids":[[]],"_sku":["4751051680050"],"_iconic_wsb_product_page_bump_modal_ids":[[]]},"product_brand":[1162],"product_cat":[1610,932,1576,1127],"product_tag":[220,212],"class_list":{"0":"post-30028","1":"product","2":"type-product","3":"status-publish","4":"has-post-thumbnail","6":"product_brand-gustjuhi","7":"product_cat-1axml","8":"product_cat-bernu-velosipedi","9":"product_cat-gust-juhi","10":"product_cat-velosipedi","11":"product_tag-bernu-velosipedi","12":"product_tag-velosipedi","13":"product_shipping_class-bernu-velosipedi","14":"pa_height-range-122-128cm","15":"pa_materials-hi-ten-terauds","16":"pa_ramja-izmers-uni","17":"pa_razosanas-gads-1253","19":"first","20":"instock","21":"sale","22":"taxable","23":"shipping-taxable","24":"purchasable","25":"product-type-simple"},"yoast_head":"<!-- This site is optimized with the Yoast SEO plugin v27.2 - https:\/\/yoast.com\/product\/yoast-seo-wordpress\/ -->\n<title>Juhi Lily 20&#039;&#039; b\u0113rnu velosip\u0113ds \u2013 Komforts, stabilit\u0101te un uzticam\u012bba mazajiem brauc\u0113jiem visos apst\u0101k\u013cos | Velo Outlets<\/title>\n<meta name=\"description\" content=\"B\u0113rnu velosip\u0113di Velo Outlets: Izv\u0113lies dro\u0161us, \u0113rtus un kvalitat\u012bvus velosip\u0113dus, kas nodro\u0161ina prieku un dro\u0161\u012bbu vis\u0101s brauk\u0161anas situ\u0101cij\u0101s.\" \/>\n<meta name=\"robots\" content=\"index, follow, max-snippet:-1, max-image-preview:large, max-video-preview:-1\" \/>\n<link rel=\"canonical\" href=\"https:\/\/velooutlets.com\/en\/product\/juhi-lily-20\/\" \/>\n<meta property=\"og:locale\" content=\"en_US\" \/>\n<meta property=\"og:type\" content=\"article\" \/>\n<meta property=\"og:title\" content=\"Juhi Lily 20&#039;&#039; b\u0113rnu velosip\u0113ds \u2013 Komforts, stabilit\u0101te un uzticam\u012bba mazajiem brauc\u0113jiem visos apst\u0101k\u013cos | Velo Outlets\" \/>\n<meta property=\"og:description\" content=\"B\u0113rnu velosip\u0113di Velo Outlets: Izv\u0113lies dro\u0161us, \u0113rtus un kvalitat\u012bvus velosip\u0113dus, kas nodro\u0161ina prieku un dro\u0161\u012bbu vis\u0101s brauk\u0161anas situ\u0101cij\u0101s.\" \/>\n<meta property=\"og:url\" content=\"https:\/\/velooutlets.com\/en\/product\/juhi-lily-20\/\" \/>\n<meta property=\"og:site_name\" content=\"Velo Outlets\" \/>\n<meta property=\"article:modified_time\" content=\"2026-04-18T10:13:42+00:00\" \/>\n<meta property=\"og:image\" content=\"https:\/\/velooutlets.com\/wp-content\/uploads\/2026\/02\/VeloOutlets_Velosipeds-1.jpg\" \/>\n\t<meta property=\"og:image:width\" content=\"2330\" \/>\n\t<meta property=\"og:image:height\" content=\"1553\" \/>\n\t<meta property=\"og:image:type\" content=\"image\/jpeg\" \/>\n<meta name=\"twitter:card\" content=\"summary_large_image\" \/>\n<meta name=\"twitter:label1\" content=\"Est. reading time\" \/>\n\t<meta name=\"twitter:data1\" content=\"1 minute\" \/>\n<script type=\"application\/ld+json\" class=\"yoast-schema-graph\">{\"@context\":\"https:\/\/schema.org\",\"@graph\":[{\"@type\":\"WebPage\",\"@id\":\"https:\/\/velooutlets.com\/products\/juhi-lily-20\/\",\"url\":\"https:\/\/velooutlets.com\/products\/juhi-lily-20\/\",\"name\":\"Juhi Lily 20'' b\u0113rnu velosip\u0113ds \u2013 Komforts, stabilit\u0101te un uzticam\u012bba mazajiem brauc\u0113jiem visos apst\u0101k\u013cos | Velo Outlets\",\"isPartOf\":{\"@id\":\"https:\/\/velooutlets.com\/en\/#website\"},\"primaryImageOfPage\":{\"@id\":\"https:\/\/velooutlets.com\/products\/juhi-lily-20\/#primaryimage\"},\"image\":{\"@id\":\"https:\/\/velooutlets.com\/products\/juhi-lily-20\/#primaryimage\"},\"thumbnailUrl\":\"https:\/\/velooutlets.com\/wp-content\/uploads\/2026\/02\/VeloOutlets_Velosipeds-1.jpg\",\"datePublished\":\"2026-02-05T13:17:04+00:00\",\"dateModified\":\"2026-04-18T10:13:42+00:00\",\"description\":\"B\u0113rnu velosip\u0113di Velo Outlets: Izv\u0113lies dro\u0161us, \u0113rtus un kvalitat\u012bvus velosip\u0113dus, kas nodro\u0161ina prieku un dro\u0161\u012bbu vis\u0101s brauk\u0161anas situ\u0101cij\u0101s.\",\"breadcrumb\":{\"@id\":\"https:\/\/velooutlets.com\/products\/juhi-lily-20\/#breadcrumb\"},\"inLanguage\":\"en-US\",\"potentialAction\":[{\"@type\":\"ReadAction\",\"target\":[\"https:\/\/velooutlets.com\/products\/juhi-lily-20\/\"]}]},{\"@type\":\"ImageObject\",\"inLanguage\":\"en-US\",\"@id\":\"https:\/\/velooutlets.com\/products\/juhi-lily-20\/#primaryimage\",\"url\":\"https:\/\/velooutlets.com\/wp-content\/uploads\/2026\/02\/VeloOutlets_Velosipeds-1.jpg\",\"contentUrl\":\"https:\/\/velooutlets.com\/wp-content\/uploads\/2026\/02\/VeloOutlets_Velosipeds-1.jpg\",\"width\":2330,\"height\":1553},{\"@type\":\"BreadcrumbList\",\"@id\":\"https:\/\/velooutlets.com\/products\/juhi-lily-20\/#breadcrumb\",\"itemListElement\":[{\"@type\":\"ListItem\",\"position\":1,\"name\":\"Home\",\"item\":\"https:\/\/velooutlets.com\/\"},{\"@type\":\"ListItem\",\"position\":2,\"name\":\"Veikals\",\"item\":\"https:\/\/velooutlets.com\/shop\/\"},{\"@type\":\"ListItem\",\"position\":3,\"name\":\"Juhi Lily 20&#8221;\"}]},{\"@type\":\"WebSite\",\"@id\":\"https:\/\/velooutlets.com\/en\/#website\",\"url\":\"https:\/\/velooutlets.com\/en\/\",\"name\":\"Velo Outlets\",\"description\":\"Velosip\u0113di visai \u0123imenei\",\"potentialAction\":[{\"@type\":\"SearchAction\",\"target\":{\"@type\":\"EntryPoint\",\"urlTemplate\":\"https:\/\/velooutlets.com\/en\/?s={search_term_string}\"},\"query-input\":{\"@type\":\"PropertyValueSpecification\",\"valueRequired\":true,\"valueName\":\"search_term_string\"}}],\"inLanguage\":\"en-US\"}]}<\/script>\n<!-- \/ Yoast SEO plugin. -->","yoast_head_json":{"title":"Juhi Lily 20'' b\u0113rnu velosip\u0113ds \u2013 Komforts, stabilit\u0101te un uzticam\u012bba mazajiem brauc\u0113jiem visos apst\u0101k\u013cos | Velo Outlets","description":"B\u0113rnu velosip\u0113di Velo Outlets: Izv\u0113lies dro\u0161us, \u0113rtus un kvalitat\u012bvus velosip\u0113dus, kas nodro\u0161ina prieku un dro\u0161\u012bbu vis\u0101s brauk\u0161anas situ\u0101cij\u0101s.","robots":{"index":"index","follow":"follow","max-snippet":"max-snippet:-1","max-image-preview":"max-image-preview:large","max-video-preview":"max-video-preview:-1"},"canonical":"https:\/\/velooutlets.com\/en\/product\/juhi-lily-20\/","og_locale":"en_US","og_type":"article","og_title":"Juhi Lily 20'' b\u0113rnu velosip\u0113ds \u2013 Komforts, stabilit\u0101te un uzticam\u012bba mazajiem brauc\u0113jiem visos apst\u0101k\u013cos | Velo Outlets","og_description":"B\u0113rnu velosip\u0113di Velo Outlets: Izv\u0113lies dro\u0161us, \u0113rtus un kvalitat\u012bvus velosip\u0113dus, kas nodro\u0161ina prieku un dro\u0161\u012bbu vis\u0101s brauk\u0161anas situ\u0101cij\u0101s.","og_url":"https:\/\/velooutlets.com\/en\/product\/juhi-lily-20\/","og_site_name":"Velo Outlets","article_modified_time":"2026-04-18T10:13:42+00:00","og_image":[{"width":2330,"height":1553,"url":"https:\/\/velooutlets.com\/wp-content\/uploads\/2026\/02\/VeloOutlets_Velosipeds-1.jpg","type":"image\/jpeg"}],"twitter_card":"summary_large_image","twitter_misc":{"Est. reading time":"1 minute"},"schema":{"@context":"https:\/\/schema.org","@graph":[{"@type":"WebPage","@id":"https:\/\/velooutlets.com\/products\/juhi-lily-20\/","url":"https:\/\/velooutlets.com\/products\/juhi-lily-20\/","name":"Juhi Lily 20'' b\u0113rnu velosip\u0113ds \u2013 Komforts, stabilit\u0101te un uzticam\u012bba mazajiem brauc\u0113jiem visos apst\u0101k\u013cos | Velo Outlets","isPartOf":{"@id":"https:\/\/velooutlets.com\/en\/#website"},"primaryImageOfPage":{"@id":"https:\/\/velooutlets.com\/products\/juhi-lily-20\/#primaryimage"},"image":{"@id":"https:\/\/velooutlets.com\/products\/juhi-lily-20\/#primaryimage"},"thumbnailUrl":"https:\/\/velooutlets.com\/wp-content\/uploads\/2026\/02\/VeloOutlets_Velosipeds-1.jpg","datePublished":"2026-02-05T13:17:04+00:00","dateModified":"2026-04-18T10:13:42+00:00","description":"B\u0113rnu velosip\u0113di Velo Outlets: Izv\u0113lies dro\u0161us, \u0113rtus un kvalitat\u012bvus velosip\u0113dus, kas nodro\u0161ina prieku un dro\u0161\u012bbu vis\u0101s brauk\u0161anas situ\u0101cij\u0101s.","breadcrumb":{"@id":"https:\/\/velooutlets.com\/products\/juhi-lily-20\/#breadcrumb"},"inLanguage":"en-US","potentialAction":[{"@type":"ReadAction","target":["https:\/\/velooutlets.com\/products\/juhi-lily-20\/"]}]},{"@type":"ImageObject","inLanguage":"en-US","@id":"https:\/\/velooutlets.com\/products\/juhi-lily-20\/#primaryimage","url":"https:\/\/velooutlets.com\/wp-content\/uploads\/2026\/02\/VeloOutlets_Velosipeds-1.jpg","contentUrl":"https:\/\/velooutlets.com\/wp-content\/uploads\/2026\/02\/VeloOutlets_Velosipeds-1.jpg","width":2330,"height":1553},{"@type":"BreadcrumbList","@id":"https:\/\/velooutlets.com\/products\/juhi-lily-20\/#breadcrumb","itemListElement":[{"@type":"ListItem","position":1,"name":"Home","item":"https:\/\/velooutlets.com\/"},{"@type":"ListItem","position":2,"name":"Veikals","item":"https:\/\/velooutlets.com\/shop\/"},{"@type":"ListItem","position":3,"name":"Juhi Lily 20&#8221;"}]},{"@type":"WebSite","@id":"https:\/\/velooutlets.com\/en\/#website","url":"https:\/\/velooutlets.com\/en\/","name":"Velo Outlets","description":"Velosip\u0113di visai \u0123imenei","potentialAction":[{"@type":"SearchAction","target":{"@type":"EntryPoint","urlTemplate":"https:\/\/velooutlets.com\/en\/?s={search_term_string}"},"query-input":{"@type":"PropertyValueSpecification","valueRequired":true,"valueName":"search_term_string"}}],"inLanguage":"en-US"}]}},"jetpack_sharing_enabled":true,"_links":{"self":[{"href":"https:\/\/velooutlets.com\/en\/wp-json\/wp\/v2\/product\/30028","targetHints":{"allow":["GET"]}}],"collection":[{"href":"https:\/\/velooutlets.com\/en\/wp-json\/wp\/v2\/product"}],"about":[{"href":"https:\/\/velooutlets.com\/en\/wp-json\/wp\/v2\/types\/product"}],"wp:featuredmedia":[{"embeddable":true,"href":"https:\/\/velooutlets.com\/en\/wp-json\/wp\/v2\/media\/34057"}],"wp:attachment":[{"href":"https:\/\/velooutlets.com\/en\/wp-json\/wp\/v2\/media?parent=30028"}],"wp:term":[{"taxonomy":"product_brand","embeddable":true,"href":"https:\/\/velooutlets.com\/en\/wp-json\/wp\/v2\/product_brand?post=30028"},{"taxonomy":"product_cat","embeddable":true,"href":"https:\/\/velooutlets.com\/en\/wp-json\/wp\/v2\/product_cat?post=30028"},{"taxonomy":"product_tag","embeddable":true,"href":"https:\/\/velooutlets.com\/en\/wp-json\/wp\/v2\/product_tag?post=30028"}],"curies":[{"name":"wp","href":"https:\/\/api.w.org\/{rel}","templated":true}]}}