{"id":32655,"date":"2026-02-06T11:41:55","date_gmt":"2026-02-06T09:41:55","guid":{"rendered":"https:\/\/staging.velooutlets.com\/product\/scott-addict-gravel-30-white-splatter-blue-2026\/"},"modified":"2026-04-15T15:30:13","modified_gmt":"2026-04-15T12:30:13","slug":"scott-addict-gravel-30-white-splatter-blue-2026","status":"publish","type":"product","link":"https:\/\/velooutlets.com\/en\/product\/scott-addict-gravel-30-white-splatter-blue-2026\/","title":{"rendered":"Scott Addict Gravel 30 White \/ Splatter Blue 2026"},"content":{"rendered":"<p>The Scott Addict Gravel 30 White Splatter Blue 2026 is a high-performance gravel bike designed for fast and long rides on tarmac, gravel and forest roads. The lightweight Addict Gravel HMF carbon frame with Scott gravel geometry provides the perfect balance of comfort, stability and efficiency, while the internal cable routing adds a modern and clean design.<\/p>\n<p>The bike is equipped with a Shimano GRX single-over-12-speed system and a wide cassette for precise performance and confident control on climbs and faster sections. The carbon seatpost improves comfort on long rides, the hydraulic disc brakes guarantee reliable braking and the Schwalbe G One RX 700x45C tyres offer excellent grip on a wide range of surfaces. This model is the ideal choice for sporty gravel rides and adventures.<\/p>","protected":false},"excerpt":{"rendered":"<p>Scott Addict Gravel 30 White Splatter Blue 2026 ir augstas veiktsp\u0113jas gravel velosip\u0113ds, kas paredz\u0113ts \u0101triem un gariem braucieniem pa asfaltu, grants un me\u017ea ce\u013ciem. Viegls Addict Gravel HMF karbona r\u0101mis ar Scott gravel \u0123eometriju nodro\u0161ina lielisku komforta, stabilit\u0101tes un efektivit\u0101tes l\u012bdzsvaru, savuk\u0101rt iek\u0161\u0113jais kabe\u013cu izvads pie\u0161\u0137ir modernu un t\u012bru dizainu. Velosip\u0113ds apr\u012bkots ar Shimano [&hellip;]<\/p>\n","protected":false},"featured_media":33171,"template":"","meta":{"_monsterinsights_skip_tracking":false,"_monsterinsights_sitenote_active":false,"_monsterinsights_sitenote_note":"","_monsterinsights_sitenote_category":0,"_iconic_wsb_product_page_order_bump_ids":[[]],"_sku":[],"_iconic_wsb_product_page_bump_modal_ids":[[]]},"product_brand":[872],"product_cat":[967,1540,1127],"product_tag":[1522],"class_list":{"0":"post-32655","1":"product","2":"type-product","3":"status-publish","4":"has-post-thumbnail","6":"product_brand-scott","7":"product_cat-gravel-velosipedi","8":"product_cat-gravel-velosipedi-700c","9":"product_cat-velosipedi","10":"product_tag-scott","11":"product_shipping_class-pieauguso-velosipedi","13":"first","14":"instock","15":"sale","16":"taxable","17":"shipping-taxable","18":"purchasable","19":"product-type-variable","20":"wvs-archive-product-wrapper"},"yoast_head":"<!-- This site is optimized with the Yoast SEO plugin v27.2 - https:\/\/yoast.com\/product\/yoast-seo-wordpress\/ -->\n<title>Scott Addict Gravel 30 White \/ Splatter Blue 2026 - Velo Outlets<\/title>\n<meta name=\"robots\" content=\"index, follow, max-snippet:-1, max-image-preview:large, max-video-preview:-1\" \/>\n<link rel=\"canonical\" href=\"https:\/\/velooutlets.com\/en\/product\/scott-addict-gravel-30-white-splatter-blue-2026\/\" \/>\n<meta property=\"og:locale\" content=\"en_US\" \/>\n<meta property=\"og:type\" content=\"article\" \/>\n<meta property=\"og:title\" content=\"Scott Addict Gravel 30 White \/ Splatter Blue 2026 - Velo Outlets\" \/>\n<meta property=\"og:description\" content=\"Scott Addict Gravel 30 White Splatter Blue 2026 ir augstas veiktsp\u0113jas gravel velosip\u0113ds, kas paredz\u0113ts \u0101triem un gariem braucieniem pa asfaltu, grants un me\u017ea ce\u013ciem. Viegls Addict Gravel HMF karbona r\u0101mis ar Scott gravel \u0123eometriju nodro\u0161ina lielisku komforta, stabilit\u0101tes un efektivit\u0101tes l\u012bdzsvaru, savuk\u0101rt iek\u0161\u0113jais kabe\u013cu izvads pie\u0161\u0137ir modernu un t\u012bru dizainu. Velosip\u0113ds apr\u012bkots ar Shimano [&hellip;]\" \/>\n<meta property=\"og:url\" content=\"https:\/\/velooutlets.com\/en\/product\/scott-addict-gravel-30-white-splatter-blue-2026\/\" \/>\n<meta property=\"og:site_name\" content=\"Velo Outlets\" \/>\n<meta property=\"article:modified_time\" content=\"2026-04-15T12:30:13+00:00\" \/>\n<meta property=\"og:image\" content=\"https:\/\/velooutlets.com\/wp-content\/uploads\/2026\/02\/Ekranuznemums2025-08-13003956.jpg\" \/>\n\t<meta property=\"og:image:width\" content=\"922\" \/>\n\t<meta property=\"og:image:height\" content=\"678\" \/>\n\t<meta property=\"og:image:type\" content=\"image\/jpeg\" \/>\n<meta name=\"twitter:card\" content=\"summary_large_image\" \/>\n<meta name=\"twitter:label1\" content=\"Est. reading time\" \/>\n\t<meta name=\"twitter:data1\" content=\"1 minute\" \/>\n<script type=\"application\/ld+json\" class=\"yoast-schema-graph\">{\"@context\":\"https:\/\/schema.org\",\"@graph\":[{\"@type\":\"WebPage\",\"@id\":\"https:\/\/velooutlets.com\/products\/scott-addict-gravel-30-white-splatter-blue-2026\/\",\"url\":\"https:\/\/velooutlets.com\/products\/scott-addict-gravel-30-white-splatter-blue-2026\/\",\"name\":\"Scott Addict Gravel 30 White \/ Splatter Blue 2026 - Velo Outlets\",\"isPartOf\":{\"@id\":\"https:\/\/velooutlets.com\/en\/#website\"},\"primaryImageOfPage\":{\"@id\":\"https:\/\/velooutlets.com\/products\/scott-addict-gravel-30-white-splatter-blue-2026\/#primaryimage\"},\"image\":{\"@id\":\"https:\/\/velooutlets.com\/products\/scott-addict-gravel-30-white-splatter-blue-2026\/#primaryimage\"},\"thumbnailUrl\":\"https:\/\/velooutlets.com\/wp-content\/uploads\/2026\/02\/Ekranuznemums2025-08-13003956.jpg\",\"datePublished\":\"2026-02-06T09:41:55+00:00\",\"dateModified\":\"2026-04-15T12:30:13+00:00\",\"breadcrumb\":{\"@id\":\"https:\/\/velooutlets.com\/products\/scott-addict-gravel-30-white-splatter-blue-2026\/#breadcrumb\"},\"inLanguage\":\"en-US\",\"potentialAction\":[{\"@type\":\"ReadAction\",\"target\":[\"https:\/\/velooutlets.com\/products\/scott-addict-gravel-30-white-splatter-blue-2026\/\"]}]},{\"@type\":\"ImageObject\",\"inLanguage\":\"en-US\",\"@id\":\"https:\/\/velooutlets.com\/products\/scott-addict-gravel-30-white-splatter-blue-2026\/#primaryimage\",\"url\":\"https:\/\/velooutlets.com\/wp-content\/uploads\/2026\/02\/Ekranuznemums2025-08-13003956.jpg\",\"contentUrl\":\"https:\/\/velooutlets.com\/wp-content\/uploads\/2026\/02\/Ekranuznemums2025-08-13003956.jpg\",\"width\":922,\"height\":678},{\"@type\":\"BreadcrumbList\",\"@id\":\"https:\/\/velooutlets.com\/products\/scott-addict-gravel-30-white-splatter-blue-2026\/#breadcrumb\",\"itemListElement\":[{\"@type\":\"ListItem\",\"position\":1,\"name\":\"Home\",\"item\":\"https:\/\/velooutlets.com\/\"},{\"@type\":\"ListItem\",\"position\":2,\"name\":\"Veikals\",\"item\":\"https:\/\/velooutlets.com\/shop\/\"},{\"@type\":\"ListItem\",\"position\":3,\"name\":\"Scott Addict Gravel 30 White \/ Splatter Blue 2026\"}]},{\"@type\":\"WebSite\",\"@id\":\"https:\/\/velooutlets.com\/en\/#website\",\"url\":\"https:\/\/velooutlets.com\/en\/\",\"name\":\"Velo Outlets\",\"description\":\"Velosip\u0113di visai \u0123imenei\",\"potentialAction\":[{\"@type\":\"SearchAction\",\"target\":{\"@type\":\"EntryPoint\",\"urlTemplate\":\"https:\/\/velooutlets.com\/en\/?s={search_term_string}\"},\"query-input\":{\"@type\":\"PropertyValueSpecification\",\"valueRequired\":true,\"valueName\":\"search_term_string\"}}],\"inLanguage\":\"en-US\"}]}<\/script>\n<!-- \/ Yoast SEO plugin. -->","yoast_head_json":{"title":"Scott Addict Gravel 30 White \/ Splatter Blue 2026 - Velo Outlets","robots":{"index":"index","follow":"follow","max-snippet":"max-snippet:-1","max-image-preview":"max-image-preview:large","max-video-preview":"max-video-preview:-1"},"canonical":"https:\/\/velooutlets.com\/en\/product\/scott-addict-gravel-30-white-splatter-blue-2026\/","og_locale":"en_US","og_type":"article","og_title":"Scott Addict Gravel 30 White \/ Splatter Blue 2026 - Velo Outlets","og_description":"Scott Addict Gravel 30 White Splatter Blue 2026 ir augstas veiktsp\u0113jas gravel velosip\u0113ds, kas paredz\u0113ts \u0101triem un gariem braucieniem pa asfaltu, grants un me\u017ea ce\u013ciem. Viegls Addict Gravel HMF karbona r\u0101mis ar Scott gravel \u0123eometriju nodro\u0161ina lielisku komforta, stabilit\u0101tes un efektivit\u0101tes l\u012bdzsvaru, savuk\u0101rt iek\u0161\u0113jais kabe\u013cu izvads pie\u0161\u0137ir modernu un t\u012bru dizainu. Velosip\u0113ds apr\u012bkots ar Shimano [&hellip;]","og_url":"https:\/\/velooutlets.com\/en\/product\/scott-addict-gravel-30-white-splatter-blue-2026\/","og_site_name":"Velo Outlets","article_modified_time":"2026-04-15T12:30:13+00:00","og_image":[{"width":922,"height":678,"url":"https:\/\/velooutlets.com\/wp-content\/uploads\/2026\/02\/Ekranuznemums2025-08-13003956.jpg","type":"image\/jpeg"}],"twitter_card":"summary_large_image","twitter_misc":{"Est. reading time":"1 minute"},"schema":{"@context":"https:\/\/schema.org","@graph":[{"@type":"WebPage","@id":"https:\/\/velooutlets.com\/products\/scott-addict-gravel-30-white-splatter-blue-2026\/","url":"https:\/\/velooutlets.com\/products\/scott-addict-gravel-30-white-splatter-blue-2026\/","name":"Scott Addict Gravel 30 White \/ Splatter Blue 2026 - Velo Outlets","isPartOf":{"@id":"https:\/\/velooutlets.com\/en\/#website"},"primaryImageOfPage":{"@id":"https:\/\/velooutlets.com\/products\/scott-addict-gravel-30-white-splatter-blue-2026\/#primaryimage"},"image":{"@id":"https:\/\/velooutlets.com\/products\/scott-addict-gravel-30-white-splatter-blue-2026\/#primaryimage"},"thumbnailUrl":"https:\/\/velooutlets.com\/wp-content\/uploads\/2026\/02\/Ekranuznemums2025-08-13003956.jpg","datePublished":"2026-02-06T09:41:55+00:00","dateModified":"2026-04-15T12:30:13+00:00","breadcrumb":{"@id":"https:\/\/velooutlets.com\/products\/scott-addict-gravel-30-white-splatter-blue-2026\/#breadcrumb"},"inLanguage":"en-US","potentialAction":[{"@type":"ReadAction","target":["https:\/\/velooutlets.com\/products\/scott-addict-gravel-30-white-splatter-blue-2026\/"]}]},{"@type":"ImageObject","inLanguage":"en-US","@id":"https:\/\/velooutlets.com\/products\/scott-addict-gravel-30-white-splatter-blue-2026\/#primaryimage","url":"https:\/\/velooutlets.com\/wp-content\/uploads\/2026\/02\/Ekranuznemums2025-08-13003956.jpg","contentUrl":"https:\/\/velooutlets.com\/wp-content\/uploads\/2026\/02\/Ekranuznemums2025-08-13003956.jpg","width":922,"height":678},{"@type":"BreadcrumbList","@id":"https:\/\/velooutlets.com\/products\/scott-addict-gravel-30-white-splatter-blue-2026\/#breadcrumb","itemListElement":[{"@type":"ListItem","position":1,"name":"Home","item":"https:\/\/velooutlets.com\/"},{"@type":"ListItem","position":2,"name":"Veikals","item":"https:\/\/velooutlets.com\/shop\/"},{"@type":"ListItem","position":3,"name":"Scott Addict Gravel 30 White \/ Splatter Blue 2026"}]},{"@type":"WebSite","@id":"https:\/\/velooutlets.com\/en\/#website","url":"https:\/\/velooutlets.com\/en\/","name":"Velo Outlets","description":"Velosip\u0113di visai \u0123imenei","potentialAction":[{"@type":"SearchAction","target":{"@type":"EntryPoint","urlTemplate":"https:\/\/velooutlets.com\/en\/?s={search_term_string}"},"query-input":{"@type":"PropertyValueSpecification","valueRequired":true,"valueName":"search_term_string"}}],"inLanguage":"en-US"}]}},"jetpack_sharing_enabled":true,"_links":{"self":[{"href":"https:\/\/velooutlets.com\/en\/wp-json\/wp\/v2\/product\/32655","targetHints":{"allow":["GET"]}}],"collection":[{"href":"https:\/\/velooutlets.com\/en\/wp-json\/wp\/v2\/product"}],"about":[{"href":"https:\/\/velooutlets.com\/en\/wp-json\/wp\/v2\/types\/product"}],"wp:featuredmedia":[{"embeddable":true,"href":"https:\/\/velooutlets.com\/en\/wp-json\/wp\/v2\/media\/33171"}],"wp:attachment":[{"href":"https:\/\/velooutlets.com\/en\/wp-json\/wp\/v2\/media?parent=32655"}],"wp:term":[{"taxonomy":"product_brand","embeddable":true,"href":"https:\/\/velooutlets.com\/en\/wp-json\/wp\/v2\/product_brand?post=32655"},{"taxonomy":"product_cat","embeddable":true,"href":"https:\/\/velooutlets.com\/en\/wp-json\/wp\/v2\/product_cat?post=32655"},{"taxonomy":"product_tag","embeddable":true,"href":"https:\/\/velooutlets.com\/en\/wp-json\/wp\/v2\/product_tag?post=32655"}],"curies":[{"name":"wp","href":"https:\/\/api.w.org\/{rel}","templated":true}]}}