{"id":35290,"date":"2026-02-15T23:19:50","date_gmt":"2026-02-15T21:19:50","guid":{"rendered":"https:\/\/staging.velooutlets.com\/?post_type=product&#038;p=35290"},"modified":"2026-04-18T13:03:13","modified_gmt":"2026-04-18T10:03:13","slug":"gust-brave-black","status":"publish","type":"product","link":"https:\/\/velooutlets.com\/en\/product\/gust-brave-black\/","title":{"rendered":"Gust Brave Black 2026 L"},"content":{"rendered":"<p>Gust Brave 29\u2033 (2026) ir moderns un jaud\u012bgs kalnu velosip\u0113ds, kas izstr\u0101d\u0101ts akt\u012bvai brauk\u0161anai gan pils\u0113t\u0101, gan bezce\u013c\u0101. \u0160is modelis izce\u013cas ar uzlabotu r\u0101mja \u0123eometriju, kvalitat\u012bviem komponentiem un sportisku dizainu, pied\u0101v\u0101jot lielisku veiktsp\u0113ju sav\u0101 klas\u0113.<\/p>\n<p>Viegls alum\u012bnija r\u0101mis nodro\u0161ina labu iztur\u012bbas un svara balansu, savuk\u0101rt Suntour amortiz\u0101cijas dak\u0161a ar 100 mm g\u0101jienu efekt\u012bvi absorb\u0113 triecienus un uzlabo kontroli uz nel\u012bdzeniem segumiem. Lielie 29 collu rite\u0146i ar plat\u0101m riep\u0101m nodro\u0161ina stabilit\u0101ti, labu sa\u0137eri un viegl\u0101ku \u0161\u0137\u0113r\u0161\u013cu p\u0101rvar\u0113\u0161anu.<\/p>\n<p>21 \u0101truma Shimano Tourney sist\u0113ma (3\u00d77) \u013cauj prec\u012bzi piel\u0101got brauk\u0161anu da\u017e\u0101diem reljefiem, bet meh\u0101nisk\u0101s disku bremzes nodro\u0161ina dro\u0161u un uzticamu bremz\u0113\u0161anu jebkuros laikapst\u0101k\u013cos. Viegl\u0101 konstrukcija (~11 kg) padara velosip\u0113du \u012bpa\u0161i labi vad\u0101mu un piem\u0113rotu ar\u012b gar\u0101kiem braucieniem.<\/p>\n<p>Specification:<br \/>\nR\u0101mis: Alum\u012bnija<br \/>\nDak\u0161a: SUNTOUR XCE28 DS 29\u2033, 100 mm g\u0101jiens<br \/>\n\u0100trumu skaits: 3\u00d77 (21 \u0101trums)<br \/>\nPriek\u0161\u0113jais p\u0101rsl\u0113dz\u0113js: Shimano FD-TZ500<br \/>\nAizmugur\u0113jais p\u0101rsl\u0113dz\u0113js: Shimano Tourney RD-TY300<br \/>\nP\u0101rsl\u0113dz\u0113ju rokturi: Shimano EF500<br \/>\nAizmugur\u0113jais zobrats: Shimano CS-HG200-7<br \/>\nBremzes: Meh\u0101nisk\u0101s disku (SF-M350E)<br \/>\nAploces: Alum\u012bnija, dubultsienu<br \/>\nRiepas: Kenda 29 \u00d7 2.2<br \/>\nS\u0113deklis: Gust<br \/>\nPapildapr\u012bkojums: Atbalsta k\u0101ji\u0146a<br \/>\nSvars: ~11 kg<\/p>","protected":false},"excerpt":{"rendered":"<p><a href=\"https:\/\/velooutlets.com\/wp-content\/uploads\/2026\/02\/VeloOutlets_Gust-Banner-2.jpg\"><img fetchpriority=\"high\" decoding=\"async\" class=\"alignnone wp-image-37935 size-full\" src=\"https:\/\/velooutlets.com\/wp-content\/uploads\/2026\/02\/VeloOutlets_Gust-Banner-2.jpg\" alt=\"Gust_Veloisp\u0113di_VeloOutlets\" width=\"600\" height=\"200\" srcset=\"https:\/\/velooutlets.com\/wp-content\/uploads\/2026\/02\/VeloOutlets_Gust-Banner-2.jpg 600w, https:\/\/velooutlets.com\/wp-content\/uploads\/2026\/02\/VeloOutlets_Gust-Banner-2-300x100.jpg 300w, https:\/\/velooutlets.com\/wp-content\/uploads\/2026\/02\/VeloOutlets_Gust-Banner-2-18x6.jpg 18w\" sizes=\"(max-width: 600px) 100vw, 600px\" \/><\/a><\/p>","protected":false},"featured_media":35339,"template":"","meta":{"_monsterinsights_skip_tracking":false,"_monsterinsights_sitenote_active":false,"_monsterinsights_sitenote_note":"","_monsterinsights_sitenote_category":0,"_iconic_wsb_product_page_order_bump_ids":[[]],"_sku":["4751051680173"],"_iconic_wsb_product_page_bump_modal_ids":[[]]},"product_brand":[1187],"product_cat":[1620,980,1127],"product_tag":[212],"class_list":{"0":"post-35290","1":"product","2":"type-product","3":"status-publish","4":"has-post-thumbnail","6":"product_brand-gust","7":"product_cat-gust-2026","8":"product_cat-kalnu-velosipedi","9":"product_cat-velosipedi","10":"product_tag-velosipedi","11":"product_shipping_class-pieauguso-velosipedi","12":"pa_augums-170-190cm","13":"pa_height-range-185-195cm","14":"pa_materials-aluminija-ramis","15":"pa_ramja-izmers-l","16":"pa_razosanas-gads-1253","18":"first","19":"instock","20":"taxable","21":"shipping-taxable","22":"purchasable","23":"product-type-simple"},"yoast_head":"<!-- This site is optimized with the Yoast SEO plugin v27.2 - https:\/\/yoast.com\/product\/yoast-seo-wordpress\/ -->\n<title>Gust Brave Black 2026 L - Velo Outlets<\/title>\n<meta name=\"robots\" content=\"index, follow, max-snippet:-1, max-image-preview:large, max-video-preview:-1\" \/>\n<link rel=\"canonical\" href=\"https:\/\/velooutlets.com\/en\/product\/gust-brave-black\/\" \/>\n<meta property=\"og:locale\" content=\"en_US\" \/>\n<meta property=\"og:type\" content=\"article\" \/>\n<meta property=\"og:title\" content=\"Gust Brave Black 2026 L - Velo Outlets\" \/>\n<meta property=\"og:url\" content=\"https:\/\/velooutlets.com\/en\/product\/gust-brave-black\/\" \/>\n<meta property=\"og:site_name\" content=\"Velo Outlets\" \/>\n<meta property=\"article:modified_time\" content=\"2026-04-18T10:03:13+00:00\" \/>\n<meta property=\"og:image\" content=\"https:\/\/velooutlets.com\/wp-content\/uploads\/2026\/02\/1000190644.jpg\" \/>\n\t<meta property=\"og:image:width\" content=\"2560\" \/>\n\t<meta property=\"og:image:height\" content=\"1708\" \/>\n\t<meta property=\"og:image:type\" content=\"image\/jpeg\" \/>\n<meta name=\"twitter:card\" content=\"summary_large_image\" \/>\n<meta name=\"twitter:label1\" content=\"Est. reading time\" \/>\n\t<meta name=\"twitter:data1\" content=\"1 minute\" \/>\n<script type=\"application\/ld+json\" class=\"yoast-schema-graph\">{\"@context\":\"https:\/\/schema.org\",\"@graph\":[{\"@type\":\"WebPage\",\"@id\":\"https:\/\/velooutlets.com\/products\/gust-brave-black\/\",\"url\":\"https:\/\/velooutlets.com\/products\/gust-brave-black\/\",\"name\":\"Gust Brave Black 2026 L - Velo Outlets\",\"isPartOf\":{\"@id\":\"https:\/\/velooutlets.com\/en\/#website\"},\"primaryImageOfPage\":{\"@id\":\"https:\/\/velooutlets.com\/products\/gust-brave-black\/#primaryimage\"},\"image\":{\"@id\":\"https:\/\/velooutlets.com\/products\/gust-brave-black\/#primaryimage\"},\"thumbnailUrl\":\"https:\/\/velooutlets.com\/wp-content\/uploads\/2026\/02\/1000190644.jpg\",\"datePublished\":\"2026-02-15T21:19:50+00:00\",\"dateModified\":\"2026-04-18T10:03:13+00:00\",\"breadcrumb\":{\"@id\":\"https:\/\/velooutlets.com\/products\/gust-brave-black\/#breadcrumb\"},\"inLanguage\":\"en-US\",\"potentialAction\":[{\"@type\":\"ReadAction\",\"target\":[\"https:\/\/velooutlets.com\/products\/gust-brave-black\/\"]}]},{\"@type\":\"ImageObject\",\"inLanguage\":\"en-US\",\"@id\":\"https:\/\/velooutlets.com\/products\/gust-brave-black\/#primaryimage\",\"url\":\"https:\/\/velooutlets.com\/wp-content\/uploads\/2026\/02\/1000190644.jpg\",\"contentUrl\":\"https:\/\/velooutlets.com\/wp-content\/uploads\/2026\/02\/1000190644.jpg\",\"width\":2560,\"height\":1708},{\"@type\":\"BreadcrumbList\",\"@id\":\"https:\/\/velooutlets.com\/products\/gust-brave-black\/#breadcrumb\",\"itemListElement\":[{\"@type\":\"ListItem\",\"position\":1,\"name\":\"Home\",\"item\":\"https:\/\/velooutlets.com\/\"},{\"@type\":\"ListItem\",\"position\":2,\"name\":\"Veikals\",\"item\":\"https:\/\/velooutlets.com\/shop\/\"},{\"@type\":\"ListItem\",\"position\":3,\"name\":\"Gust Brave Black 2026 L\"}]},{\"@type\":\"WebSite\",\"@id\":\"https:\/\/velooutlets.com\/en\/#website\",\"url\":\"https:\/\/velooutlets.com\/en\/\",\"name\":\"Velo Outlets\",\"description\":\"Velosip\u0113di visai \u0123imenei\",\"potentialAction\":[{\"@type\":\"SearchAction\",\"target\":{\"@type\":\"EntryPoint\",\"urlTemplate\":\"https:\/\/velooutlets.com\/en\/?s={search_term_string}\"},\"query-input\":{\"@type\":\"PropertyValueSpecification\",\"valueRequired\":true,\"valueName\":\"search_term_string\"}}],\"inLanguage\":\"en-US\"}]}<\/script>\n<!-- \/ Yoast SEO plugin. -->","yoast_head_json":{"title":"Gust Brave Black 2026 L - Velo Outlets","robots":{"index":"index","follow":"follow","max-snippet":"max-snippet:-1","max-image-preview":"max-image-preview:large","max-video-preview":"max-video-preview:-1"},"canonical":"https:\/\/velooutlets.com\/en\/product\/gust-brave-black\/","og_locale":"en_US","og_type":"article","og_title":"Gust Brave Black 2026 L - Velo Outlets","og_url":"https:\/\/velooutlets.com\/en\/product\/gust-brave-black\/","og_site_name":"Velo Outlets","article_modified_time":"2026-04-18T10:03:13+00:00","og_image":[{"width":2560,"height":1708,"url":"https:\/\/velooutlets.com\/wp-content\/uploads\/2026\/02\/1000190644.jpg","type":"image\/jpeg"}],"twitter_card":"summary_large_image","twitter_misc":{"Est. reading time":"1 minute"},"schema":{"@context":"https:\/\/schema.org","@graph":[{"@type":"WebPage","@id":"https:\/\/velooutlets.com\/products\/gust-brave-black\/","url":"https:\/\/velooutlets.com\/products\/gust-brave-black\/","name":"Gust Brave Black 2026 L - Velo Outlets","isPartOf":{"@id":"https:\/\/velooutlets.com\/en\/#website"},"primaryImageOfPage":{"@id":"https:\/\/velooutlets.com\/products\/gust-brave-black\/#primaryimage"},"image":{"@id":"https:\/\/velooutlets.com\/products\/gust-brave-black\/#primaryimage"},"thumbnailUrl":"https:\/\/velooutlets.com\/wp-content\/uploads\/2026\/02\/1000190644.jpg","datePublished":"2026-02-15T21:19:50+00:00","dateModified":"2026-04-18T10:03:13+00:00","breadcrumb":{"@id":"https:\/\/velooutlets.com\/products\/gust-brave-black\/#breadcrumb"},"inLanguage":"en-US","potentialAction":[{"@type":"ReadAction","target":["https:\/\/velooutlets.com\/products\/gust-brave-black\/"]}]},{"@type":"ImageObject","inLanguage":"en-US","@id":"https:\/\/velooutlets.com\/products\/gust-brave-black\/#primaryimage","url":"https:\/\/velooutlets.com\/wp-content\/uploads\/2026\/02\/1000190644.jpg","contentUrl":"https:\/\/velooutlets.com\/wp-content\/uploads\/2026\/02\/1000190644.jpg","width":2560,"height":1708},{"@type":"BreadcrumbList","@id":"https:\/\/velooutlets.com\/products\/gust-brave-black\/#breadcrumb","itemListElement":[{"@type":"ListItem","position":1,"name":"Home","item":"https:\/\/velooutlets.com\/"},{"@type":"ListItem","position":2,"name":"Veikals","item":"https:\/\/velooutlets.com\/shop\/"},{"@type":"ListItem","position":3,"name":"Gust Brave Black 2026 L"}]},{"@type":"WebSite","@id":"https:\/\/velooutlets.com\/en\/#website","url":"https:\/\/velooutlets.com\/en\/","name":"Velo Outlets","description":"Velosip\u0113di visai \u0123imenei","potentialAction":[{"@type":"SearchAction","target":{"@type":"EntryPoint","urlTemplate":"https:\/\/velooutlets.com\/en\/?s={search_term_string}"},"query-input":{"@type":"PropertyValueSpecification","valueRequired":true,"valueName":"search_term_string"}}],"inLanguage":"en-US"}]}},"jetpack_sharing_enabled":true,"_links":{"self":[{"href":"https:\/\/velooutlets.com\/en\/wp-json\/wp\/v2\/product\/35290","targetHints":{"allow":["GET"]}}],"collection":[{"href":"https:\/\/velooutlets.com\/en\/wp-json\/wp\/v2\/product"}],"about":[{"href":"https:\/\/velooutlets.com\/en\/wp-json\/wp\/v2\/types\/product"}],"wp:featuredmedia":[{"embeddable":true,"href":"https:\/\/velooutlets.com\/en\/wp-json\/wp\/v2\/media\/35339"}],"wp:attachment":[{"href":"https:\/\/velooutlets.com\/en\/wp-json\/wp\/v2\/media?parent=35290"}],"wp:term":[{"taxonomy":"product_brand","embeddable":true,"href":"https:\/\/velooutlets.com\/en\/wp-json\/wp\/v2\/product_brand?post=35290"},{"taxonomy":"product_cat","embeddable":true,"href":"https:\/\/velooutlets.com\/en\/wp-json\/wp\/v2\/product_cat?post=35290"},{"taxonomy":"product_tag","embeddable":true,"href":"https:\/\/velooutlets.com\/en\/wp-json\/wp\/v2\/product_tag?post=35290"}],"curies":[{"name":"wp","href":"https:\/\/api.w.org\/{rel}","templated":true}]}}