{"id":35301,"date":"2026-02-15T23:54:08","date_gmt":"2026-02-15T21:54:08","guid":{"rendered":"https:\/\/staging.velooutlets.com\/?post_type=product&#038;p=35301"},"modified":"2026-04-18T13:03:13","modified_gmt":"2026-04-18T10:03:13","slug":"gust-flow-light-blue","status":"publish","type":"product","link":"https:\/\/velooutlets.com\/en\/product\/gust-flow-light-blue\/","title":{"rendered":"Gust Flow Light Blue 2026"},"content":{"rendered":"<p>Gust Flow Light 20\u2033 (2026) ir viegls un \u0113rti vad\u0101ms b\u0113rnu velosip\u0113ds, kas paredz\u0113ts akt\u012bvai ikdienas brauk\u0161anai. Tas ir lieliska izv\u0113le b\u0113rniem, kuri jau p\u0101rliecino\u0161i brauc un v\u0113las vieglu, dinamisku velosip\u0113du ar p\u0101rnesumiem.<\/p>\n<p>Alum\u012bnija r\u0101mis un ciet\u0101 dak\u0161a nodro\u0161ina maz\u0101ku svaru un lab\u0101ku vad\u0101m\u012bbu, kas b\u016btiski atvieglo brauk\u0161anu un manevr\u0113\u0161anu. 20 collu rite\u0146i ar \u0161aur\u0101k\u0101m riep\u0101m pied\u0101v\u0101 labu ripo\u0161anu un stabilit\u0101ti uz da\u017e\u0101diem segumiem.<\/p>\n<p>6 \u0101trumu Shimano Tourney sist\u0113ma \u013cauj vienk\u0101r\u0161i piel\u0101got brauk\u0161anas tempu, savuk\u0101rt V-veida bremzes nodro\u0161ina dro\u0161u un efekt\u012bvu bremz\u0113\u0161anu. Ergonomiskie rokturi un komfortablais s\u0113deklis uzlabo brauk\u0161anas pieredzi, bet atbalsta k\u0101ji\u0146a padara velosip\u0113du \u0113rtu ikdienas lieto\u0161an\u0101.<\/p>\n<p>Specification:<br \/>\nR\u0101mis: Alum\u012bnija<br \/>\nDak\u0161a: Ciet\u0101, alum\u012bnija<br \/>\nNumber of speeds: 6<br \/>\nAizmugur\u0113jais p\u0101rsl\u0113dz\u0113js: Shimano Tourney RD-TZ500<br \/>\nP\u0101rsl\u0113dz\u0113ju rokturis: Shimano SL-RV300-6R<br \/>\nAizmugur\u0113jais zobrats: Shimano MF-TZ500-6<br \/>\nBremzes: Alum\u012bnija V-veida<br \/>\nAploces: Alum\u012bnija, dubultsienu<br \/>\nRiepas: 20 \u00d7 1.75<br \/>\nS\u0113deklis: Gust (ar alum\u012bnija stuti)<br \/>\nRokturi: Ergonomiski<br \/>\nPapildapr\u012bkojums: Atbalsta k\u0101ji\u0146a<br \/>\nSvars: ~11.2 kg<\/p>","protected":false},"excerpt":{"rendered":"<p><a href=\"https:\/\/velooutlets.com\/wp-content\/uploads\/2026\/02\/VeloOutlets_Gust-Banner-2.jpg\"><img fetchpriority=\"high\" decoding=\"async\" class=\"alignnone wp-image-37935 size-full\" src=\"https:\/\/velooutlets.com\/wp-content\/uploads\/2026\/02\/VeloOutlets_Gust-Banner-2.jpg\" alt=\"Gust_Veloisp\u0113di_VeloOutlets\" width=\"600\" height=\"200\" srcset=\"https:\/\/velooutlets.com\/wp-content\/uploads\/2026\/02\/VeloOutlets_Gust-Banner-2.jpg 600w, https:\/\/velooutlets.com\/wp-content\/uploads\/2026\/02\/VeloOutlets_Gust-Banner-2-300x100.jpg 300w, https:\/\/velooutlets.com\/wp-content\/uploads\/2026\/02\/VeloOutlets_Gust-Banner-2-18x6.jpg 18w\" sizes=\"(max-width: 600px) 100vw, 600px\" \/><\/a><\/p>","protected":false},"featured_media":36949,"template":"","meta":{"_monsterinsights_skip_tracking":false,"_monsterinsights_sitenote_active":false,"_monsterinsights_sitenote_note":"","_monsterinsights_sitenote_category":0,"_iconic_wsb_product_page_order_bump_ids":[[]],"_sku":["4751051680265"],"_iconic_wsb_product_page_bump_modal_ids":[[]]},"product_brand":[1162],"product_cat":[932,1620,1127],"product_tag":[212],"class_list":{"0":"post-35301","1":"product","2":"type-product","3":"status-publish","4":"has-post-thumbnail","6":"product_brand-gustjuhi","7":"product_cat-bernu-velosipedi","8":"product_cat-gust-2026","9":"product_cat-velosipedi","10":"product_tag-velosipedi","11":"product_shipping_class-bernu-velosipedi","12":"pa_height-range-122-134cm","13":"pa_materials-aluminija-ramis","14":"pa_ramja-izmers-uni","15":"pa_razosanas-gads-1253","17":"first","18":"instock","19":"taxable","20":"shipping-taxable","21":"purchasable","22":"product-type-simple"},"yoast_head":"<!-- This site is optimized with the Yoast SEO plugin v27.2 - https:\/\/yoast.com\/product\/yoast-seo-wordpress\/ -->\n<title>Gust Flow Light Blue 2026 - Velo Outlets<\/title>\n<meta name=\"description\" content=\"Gust Flow Light 20\u201d Blue ir viegls un iztur\u012bgs b\u0113rnu velosip\u0113ds ar alum\u012bnija r\u0101mi un 20 collu rite\u0146iem, kas nodro\u0161ina stabilu un dro\u0161u brauk\u0161anu.\" \/>\n<meta name=\"robots\" content=\"index, follow, max-snippet:-1, max-image-preview:large, max-video-preview:-1\" \/>\n<link rel=\"canonical\" href=\"https:\/\/velooutlets.com\/en\/product\/gust-flow-light-blue\/\" \/>\n<meta property=\"og:locale\" content=\"en_US\" \/>\n<meta property=\"og:type\" content=\"article\" \/>\n<meta property=\"og:title\" content=\"Gust Flow Light Blue 2026 - Velo Outlets\" \/>\n<meta property=\"og:description\" content=\"Gust Flow Light 20\u201d Blue ir viegls un iztur\u012bgs b\u0113rnu velosip\u0113ds ar alum\u012bnija r\u0101mi un 20 collu rite\u0146iem, kas nodro\u0161ina stabilu un dro\u0161u brauk\u0161anu.\" \/>\n<meta property=\"og:url\" content=\"https:\/\/velooutlets.com\/en\/product\/gust-flow-light-blue\/\" \/>\n<meta property=\"og:site_name\" content=\"Velo Outlets\" \/>\n<meta property=\"article:modified_time\" content=\"2026-04-18T10:03:13+00:00\" \/>\n<meta property=\"og:image\" content=\"https:\/\/velooutlets.com\/wp-content\/uploads\/2026\/02\/1000196508.jpg\" \/>\n\t<meta property=\"og:image:width\" content=\"1600\" \/>\n\t<meta property=\"og:image:height\" content=\"1067\" \/>\n\t<meta property=\"og:image:type\" content=\"image\/jpeg\" \/>\n<meta name=\"twitter:card\" content=\"summary_large_image\" \/>\n<meta name=\"twitter:label1\" content=\"Est. reading time\" \/>\n\t<meta name=\"twitter:data1\" content=\"1 minute\" \/>\n<script type=\"application\/ld+json\" class=\"yoast-schema-graph\">{\"@context\":\"https:\/\/schema.org\",\"@graph\":[{\"@type\":\"WebPage\",\"@id\":\"https:\/\/velooutlets.com\/products\/gust-flow-light-blue\/\",\"url\":\"https:\/\/velooutlets.com\/products\/gust-flow-light-blue\/\",\"name\":\"Gust Flow Light Blue 2026 - Velo Outlets\",\"isPartOf\":{\"@id\":\"https:\/\/velooutlets.com\/en\/#website\"},\"primaryImageOfPage\":{\"@id\":\"https:\/\/velooutlets.com\/products\/gust-flow-light-blue\/#primaryimage\"},\"image\":{\"@id\":\"https:\/\/velooutlets.com\/products\/gust-flow-light-blue\/#primaryimage\"},\"thumbnailUrl\":\"https:\/\/velooutlets.com\/wp-content\/uploads\/2026\/02\/1000196508.jpg\",\"datePublished\":\"2026-02-15T21:54:08+00:00\",\"dateModified\":\"2026-04-18T10:03:13+00:00\",\"description\":\"Gust Flow Light 20\u201d Blue ir viegls un iztur\u012bgs b\u0113rnu velosip\u0113ds ar alum\u012bnija r\u0101mi un 20 collu rite\u0146iem, kas nodro\u0161ina stabilu un dro\u0161u brauk\u0161anu.\",\"breadcrumb\":{\"@id\":\"https:\/\/velooutlets.com\/products\/gust-flow-light-blue\/#breadcrumb\"},\"inLanguage\":\"en-US\",\"potentialAction\":[{\"@type\":\"ReadAction\",\"target\":[\"https:\/\/velooutlets.com\/products\/gust-flow-light-blue\/\"]}]},{\"@type\":\"ImageObject\",\"inLanguage\":\"en-US\",\"@id\":\"https:\/\/velooutlets.com\/products\/gust-flow-light-blue\/#primaryimage\",\"url\":\"https:\/\/velooutlets.com\/wp-content\/uploads\/2026\/02\/1000196508.jpg\",\"contentUrl\":\"https:\/\/velooutlets.com\/wp-content\/uploads\/2026\/02\/1000196508.jpg\",\"width\":1600,\"height\":1067},{\"@type\":\"BreadcrumbList\",\"@id\":\"https:\/\/velooutlets.com\/products\/gust-flow-light-blue\/#breadcrumb\",\"itemListElement\":[{\"@type\":\"ListItem\",\"position\":1,\"name\":\"Home\",\"item\":\"https:\/\/velooutlets.com\/\"},{\"@type\":\"ListItem\",\"position\":2,\"name\":\"Veikals\",\"item\":\"https:\/\/velooutlets.com\/shop\/\"},{\"@type\":\"ListItem\",\"position\":3,\"name\":\"Gust Flow Light Blue 2026\"}]},{\"@type\":\"WebSite\",\"@id\":\"https:\/\/velooutlets.com\/en\/#website\",\"url\":\"https:\/\/velooutlets.com\/en\/\",\"name\":\"Velo Outlets\",\"description\":\"Velosip\u0113di visai \u0123imenei\",\"potentialAction\":[{\"@type\":\"SearchAction\",\"target\":{\"@type\":\"EntryPoint\",\"urlTemplate\":\"https:\/\/velooutlets.com\/en\/?s={search_term_string}\"},\"query-input\":{\"@type\":\"PropertyValueSpecification\",\"valueRequired\":true,\"valueName\":\"search_term_string\"}}],\"inLanguage\":\"en-US\"}]}<\/script>\n<!-- \/ Yoast SEO plugin. -->","yoast_head_json":{"title":"Gust Flow Light Blue 2026 - Velo Outlets","description":"Gust Flow Light 20\u201d Blue ir viegls un iztur\u012bgs b\u0113rnu velosip\u0113ds ar alum\u012bnija r\u0101mi un 20 collu rite\u0146iem, kas nodro\u0161ina stabilu un dro\u0161u brauk\u0161anu.","robots":{"index":"index","follow":"follow","max-snippet":"max-snippet:-1","max-image-preview":"max-image-preview:large","max-video-preview":"max-video-preview:-1"},"canonical":"https:\/\/velooutlets.com\/en\/product\/gust-flow-light-blue\/","og_locale":"en_US","og_type":"article","og_title":"Gust Flow Light Blue 2026 - Velo Outlets","og_description":"Gust Flow Light 20\u201d Blue ir viegls un iztur\u012bgs b\u0113rnu velosip\u0113ds ar alum\u012bnija r\u0101mi un 20 collu rite\u0146iem, kas nodro\u0161ina stabilu un dro\u0161u brauk\u0161anu.","og_url":"https:\/\/velooutlets.com\/en\/product\/gust-flow-light-blue\/","og_site_name":"Velo Outlets","article_modified_time":"2026-04-18T10:03:13+00:00","og_image":[{"width":1600,"height":1067,"url":"https:\/\/velooutlets.com\/wp-content\/uploads\/2026\/02\/1000196508.jpg","type":"image\/jpeg"}],"twitter_card":"summary_large_image","twitter_misc":{"Est. reading time":"1 minute"},"schema":{"@context":"https:\/\/schema.org","@graph":[{"@type":"WebPage","@id":"https:\/\/velooutlets.com\/products\/gust-flow-light-blue\/","url":"https:\/\/velooutlets.com\/products\/gust-flow-light-blue\/","name":"Gust Flow Light Blue 2026 - Velo Outlets","isPartOf":{"@id":"https:\/\/velooutlets.com\/en\/#website"},"primaryImageOfPage":{"@id":"https:\/\/velooutlets.com\/products\/gust-flow-light-blue\/#primaryimage"},"image":{"@id":"https:\/\/velooutlets.com\/products\/gust-flow-light-blue\/#primaryimage"},"thumbnailUrl":"https:\/\/velooutlets.com\/wp-content\/uploads\/2026\/02\/1000196508.jpg","datePublished":"2026-02-15T21:54:08+00:00","dateModified":"2026-04-18T10:03:13+00:00","description":"Gust Flow Light 20\u201d Blue ir viegls un iztur\u012bgs b\u0113rnu velosip\u0113ds ar alum\u012bnija r\u0101mi un 20 collu rite\u0146iem, kas nodro\u0161ina stabilu un dro\u0161u brauk\u0161anu.","breadcrumb":{"@id":"https:\/\/velooutlets.com\/products\/gust-flow-light-blue\/#breadcrumb"},"inLanguage":"en-US","potentialAction":[{"@type":"ReadAction","target":["https:\/\/velooutlets.com\/products\/gust-flow-light-blue\/"]}]},{"@type":"ImageObject","inLanguage":"en-US","@id":"https:\/\/velooutlets.com\/products\/gust-flow-light-blue\/#primaryimage","url":"https:\/\/velooutlets.com\/wp-content\/uploads\/2026\/02\/1000196508.jpg","contentUrl":"https:\/\/velooutlets.com\/wp-content\/uploads\/2026\/02\/1000196508.jpg","width":1600,"height":1067},{"@type":"BreadcrumbList","@id":"https:\/\/velooutlets.com\/products\/gust-flow-light-blue\/#breadcrumb","itemListElement":[{"@type":"ListItem","position":1,"name":"Home","item":"https:\/\/velooutlets.com\/"},{"@type":"ListItem","position":2,"name":"Veikals","item":"https:\/\/velooutlets.com\/shop\/"},{"@type":"ListItem","position":3,"name":"Gust Flow Light Blue 2026"}]},{"@type":"WebSite","@id":"https:\/\/velooutlets.com\/en\/#website","url":"https:\/\/velooutlets.com\/en\/","name":"Velo Outlets","description":"Velosip\u0113di visai \u0123imenei","potentialAction":[{"@type":"SearchAction","target":{"@type":"EntryPoint","urlTemplate":"https:\/\/velooutlets.com\/en\/?s={search_term_string}"},"query-input":{"@type":"PropertyValueSpecification","valueRequired":true,"valueName":"search_term_string"}}],"inLanguage":"en-US"}]}},"jetpack_sharing_enabled":true,"_links":{"self":[{"href":"https:\/\/velooutlets.com\/en\/wp-json\/wp\/v2\/product\/35301","targetHints":{"allow":["GET"]}}],"collection":[{"href":"https:\/\/velooutlets.com\/en\/wp-json\/wp\/v2\/product"}],"about":[{"href":"https:\/\/velooutlets.com\/en\/wp-json\/wp\/v2\/types\/product"}],"wp:featuredmedia":[{"embeddable":true,"href":"https:\/\/velooutlets.com\/en\/wp-json\/wp\/v2\/media\/36949"}],"wp:attachment":[{"href":"https:\/\/velooutlets.com\/en\/wp-json\/wp\/v2\/media?parent=35301"}],"wp:term":[{"taxonomy":"product_brand","embeddable":true,"href":"https:\/\/velooutlets.com\/en\/wp-json\/wp\/v2\/product_brand?post=35301"},{"taxonomy":"product_cat","embeddable":true,"href":"https:\/\/velooutlets.com\/en\/wp-json\/wp\/v2\/product_cat?post=35301"},{"taxonomy":"product_tag","embeddable":true,"href":"https:\/\/velooutlets.com\/en\/wp-json\/wp\/v2\/product_tag?post=35301"}],"curies":[{"name":"wp","href":"https:\/\/api.w.org\/{rel}","templated":true}]}}