{"id":35596,"date":"2026-02-24T17:03:29","date_gmt":"2026-02-24T15:03:29","guid":{"rendered":"https:\/\/velooutlets.com\/?post_type=product&#038;p=35596"},"modified":"2026-04-18T11:38:42","modified_gmt":"2026-04-18T08:38:42","slug":"polar-sonic-20-blue-orange","status":"publish","type":"product","link":"https:\/\/velooutlets.com\/en\/product\/polar-sonic-20-blue-orange\/","title":{"rendered":"Polar Sonic 20&#8221; Blue\/Orange"},"content":{"rendered":"<p>Polar Sonic 20\u2033 ir uzticams un daudzpus\u012bgs b\u0113rnu kalnu tipa velosip\u0113ds, kas piem\u0113rots akt\u012bvai brauk\u0161anai gan pils\u0113t\u0101, gan pa parka vai grants ce\u013ciem. Tas ir lieliska izv\u0113le b\u0113rniem, kuri jau p\u0101rliecino\u0161i brauc un v\u0113las velosip\u0113du ar p\u0101rnesumiem.<\/p>\n<p>Iztur\u012bgais Hi-Ten t\u0113rauda r\u0101mis un dak\u0161a nodro\u0161ina stabilu un dro\u0161u brauk\u0161anu, savuk\u0101rt 6 \u0101trumu sist\u0113ma ar Shimano komponent\u0113m \u013cauj viegli piel\u0101goties da\u017e\u0101diem reljefiem un brauk\u0161anas tempam. \u0160\u0101ds p\u0101rnesumu diapazons ir ide\u0101li piem\u0113rots b\u0113rniem \u0161aj\u0101 vecuma grup\u0101 .<\/p>\n<p>V-veida bremzes nodro\u0161ina efekt\u012bvu un vienk\u0101r\u0161i kontrol\u0113jamu bremz\u0113\u0161anu, bet 20 collu rite\u0146i ar plat\u0101m riep\u0101m garant\u0113 labu stabilit\u0101ti un sa\u0137eri. Dubultsienu aploces palielina iztur\u012bbu, savuk\u0101rt atbalsta k\u0101ji\u0146a padara velosip\u0113du \u0113rtu ikdienas lieto\u0161an\u0101.<\/p>\n<p>Specification:<br \/>\nR\u0101mis: Hi-Ten t\u0113rauds<br \/>\nDak\u0161a: Hi-Ten t\u0113rauda (rigid)<br \/>\nNumber of speeds: 6<br \/>\nAizmugur\u0113jais p\u0101rsl\u0113dz\u0113js: Shimano RD-TY21<br \/>\nBremzes: V-veida<br \/>\nS\u0113deklis: Vader Junior<br \/>\nAploces: Beretta Double Wall<br \/>\nRiepas: 20 \u00d7 2.10<br \/>\nPed\u0101\u013ci: PVC<br \/>\nPapildapr\u012bkojums: Atbalsta k\u0101ji\u0146a<\/p>","protected":false},"excerpt":{"rendered":"<p>Polar Sonic 20\u2033 ir uzticams un daudzpus\u012bgs b\u0113rnu kalnu tipa velosip\u0113ds, kas piem\u0113rots akt\u012bvai brauk\u0161anai gan pils\u0113t\u0101, gan pa parka vai grants ce\u013ciem. Tas ir lieliska izv\u0113le b\u0113rniem, kuri jau p\u0101rliecino\u0161i brauc un v\u0113las velosip\u0113du ar p\u0101rnesumiem. Iztur\u012bgais Hi-Ten t\u0113rauda r\u0101mis un dak\u0161a nodro\u0161ina stabilu un dro\u0161u brauk\u0161anu, savuk\u0101rt 6 \u0101trumu sist\u0113ma ar Shimano komponent\u0113m [&hellip;]<\/p>\n","protected":false},"featured_media":36041,"template":"","meta":{"_monsterinsights_skip_tracking":false,"_monsterinsights_sitenote_active":false,"_monsterinsights_sitenote_note":"","_monsterinsights_sitenote_category":0,"_iconic_wsb_product_page_order_bump_ids":[],"_sku":[],"_iconic_wsb_product_page_bump_modal_ids":[]},"product_brand":[871],"product_cat":[932,1127],"product_tag":[1525,220,212],"class_list":{"0":"post-35596","1":"product","2":"type-product","3":"status-publish","4":"has-post-thumbnail","6":"product_brand-polar","7":"product_cat-bernu-velosipedi","8":"product_cat-velosipedi","9":"product_tag-04_02_26","10":"product_tag-bernu-velosipedi","11":"product_tag-velosipedi","12":"product_shipping_class-bernu-velosipedi","13":"pa_height-range-115-135cm","14":"pa_materials-hi-ten-steel-ramis","15":"pa_ramja-izmers-uni","17":"first","18":"instock","19":"taxable","20":"shipping-taxable","21":"purchasable","22":"product-type-simple"},"yoast_head":"<!-- This site is optimized with the Yoast SEO plugin v27.2 - https:\/\/yoast.com\/product\/yoast-seo-wordpress\/ -->\n<title>Polar Sonic 20&#039;&#039; Blue\/Orange - Velo Outlets<\/title>\n<meta name=\"robots\" content=\"index, follow, max-snippet:-1, max-image-preview:large, max-video-preview:-1\" \/>\n<link rel=\"canonical\" href=\"https:\/\/velooutlets.com\/en\/product\/polar-sonic-20-blue-orange\/\" \/>\n<meta property=\"og:locale\" content=\"en_US\" \/>\n<meta property=\"og:type\" content=\"article\" \/>\n<meta property=\"og:title\" content=\"Polar Sonic 20&#039;&#039; Blue\/Orange - Velo Outlets\" \/>\n<meta property=\"og:description\" content=\"Polar Sonic 20\u2033 ir uzticams un daudzpus\u012bgs b\u0113rnu kalnu tipa velosip\u0113ds, kas piem\u0113rots akt\u012bvai brauk\u0161anai gan pils\u0113t\u0101, gan pa parka vai grants ce\u013ciem. Tas ir lieliska izv\u0113le b\u0113rniem, kuri jau p\u0101rliecino\u0161i brauc un v\u0113las velosip\u0113du ar p\u0101rnesumiem. Iztur\u012bgais Hi-Ten t\u0113rauda r\u0101mis un dak\u0161a nodro\u0161ina stabilu un dro\u0161u brauk\u0161anu, savuk\u0101rt 6 \u0101trumu sist\u0113ma ar Shimano komponent\u0113m [&hellip;]\" \/>\n<meta property=\"og:url\" content=\"https:\/\/velooutlets.com\/en\/product\/polar-sonic-20-blue-orange\/\" \/>\n<meta property=\"og:site_name\" content=\"Velo Outlets\" \/>\n<meta property=\"article:modified_time\" content=\"2026-04-18T08:38:42+00:00\" \/>\n<meta property=\"og:image\" content=\"https:\/\/velooutlets.com\/wp-content\/uploads\/2026\/02\/1000193042.jpg\" \/>\n\t<meta property=\"og:image:width\" content=\"2000\" \/>\n\t<meta property=\"og:image:height\" content=\"1333\" \/>\n\t<meta property=\"og:image:type\" content=\"image\/jpeg\" \/>\n<meta name=\"twitter:card\" content=\"summary_large_image\" \/>\n<meta name=\"twitter:label1\" content=\"Est. reading time\" \/>\n\t<meta name=\"twitter:data1\" content=\"1 minute\" \/>\n<script type=\"application\/ld+json\" class=\"yoast-schema-graph\">{\"@context\":\"https:\/\/schema.org\",\"@graph\":[{\"@type\":\"WebPage\",\"@id\":\"https:\/\/velooutlets.com\/products\/polar-sonic-20-blue-orange\/\",\"url\":\"https:\/\/velooutlets.com\/products\/polar-sonic-20-blue-orange\/\",\"name\":\"Polar Sonic 20'' Blue\/Orange - Velo Outlets\",\"isPartOf\":{\"@id\":\"https:\/\/velooutlets.com\/en\/#website\"},\"primaryImageOfPage\":{\"@id\":\"https:\/\/velooutlets.com\/products\/polar-sonic-20-blue-orange\/#primaryimage\"},\"image\":{\"@id\":\"https:\/\/velooutlets.com\/products\/polar-sonic-20-blue-orange\/#primaryimage\"},\"thumbnailUrl\":\"https:\/\/velooutlets.com\/wp-content\/uploads\/2026\/02\/1000193042.jpg\",\"datePublished\":\"2026-02-24T15:03:29+00:00\",\"dateModified\":\"2026-04-18T08:38:42+00:00\",\"breadcrumb\":{\"@id\":\"https:\/\/velooutlets.com\/products\/polar-sonic-20-blue-orange\/#breadcrumb\"},\"inLanguage\":\"en-US\",\"potentialAction\":[{\"@type\":\"ReadAction\",\"target\":[\"https:\/\/velooutlets.com\/products\/polar-sonic-20-blue-orange\/\"]}]},{\"@type\":\"ImageObject\",\"inLanguage\":\"en-US\",\"@id\":\"https:\/\/velooutlets.com\/products\/polar-sonic-20-blue-orange\/#primaryimage\",\"url\":\"https:\/\/velooutlets.com\/wp-content\/uploads\/2026\/02\/1000193042.jpg\",\"contentUrl\":\"https:\/\/velooutlets.com\/wp-content\/uploads\/2026\/02\/1000193042.jpg\",\"width\":2000,\"height\":1333},{\"@type\":\"BreadcrumbList\",\"@id\":\"https:\/\/velooutlets.com\/products\/polar-sonic-20-blue-orange\/#breadcrumb\",\"itemListElement\":[{\"@type\":\"ListItem\",\"position\":1,\"name\":\"Home\",\"item\":\"https:\/\/velooutlets.com\/\"},{\"@type\":\"ListItem\",\"position\":2,\"name\":\"Veikals\",\"item\":\"https:\/\/velooutlets.com\/shop\/\"},{\"@type\":\"ListItem\",\"position\":3,\"name\":\"Polar Sonic 20&#8221; Blue\/Orange\"}]},{\"@type\":\"WebSite\",\"@id\":\"https:\/\/velooutlets.com\/en\/#website\",\"url\":\"https:\/\/velooutlets.com\/en\/\",\"name\":\"Velo Outlets\",\"description\":\"Velosip\u0113di visai \u0123imenei\",\"potentialAction\":[{\"@type\":\"SearchAction\",\"target\":{\"@type\":\"EntryPoint\",\"urlTemplate\":\"https:\/\/velooutlets.com\/en\/?s={search_term_string}\"},\"query-input\":{\"@type\":\"PropertyValueSpecification\",\"valueRequired\":true,\"valueName\":\"search_term_string\"}}],\"inLanguage\":\"en-US\"}]}<\/script>\n<!-- \/ Yoast SEO plugin. -->","yoast_head_json":{"title":"Polar Sonic 20'' Blue\/Orange - Velo Outlets","robots":{"index":"index","follow":"follow","max-snippet":"max-snippet:-1","max-image-preview":"max-image-preview:large","max-video-preview":"max-video-preview:-1"},"canonical":"https:\/\/velooutlets.com\/en\/product\/polar-sonic-20-blue-orange\/","og_locale":"en_US","og_type":"article","og_title":"Polar Sonic 20'' Blue\/Orange - Velo Outlets","og_description":"Polar Sonic 20\u2033 ir uzticams un daudzpus\u012bgs b\u0113rnu kalnu tipa velosip\u0113ds, kas piem\u0113rots akt\u012bvai brauk\u0161anai gan pils\u0113t\u0101, gan pa parka vai grants ce\u013ciem. Tas ir lieliska izv\u0113le b\u0113rniem, kuri jau p\u0101rliecino\u0161i brauc un v\u0113las velosip\u0113du ar p\u0101rnesumiem. Iztur\u012bgais Hi-Ten t\u0113rauda r\u0101mis un dak\u0161a nodro\u0161ina stabilu un dro\u0161u brauk\u0161anu, savuk\u0101rt 6 \u0101trumu sist\u0113ma ar Shimano komponent\u0113m [&hellip;]","og_url":"https:\/\/velooutlets.com\/en\/product\/polar-sonic-20-blue-orange\/","og_site_name":"Velo Outlets","article_modified_time":"2026-04-18T08:38:42+00:00","og_image":[{"width":2000,"height":1333,"url":"https:\/\/velooutlets.com\/wp-content\/uploads\/2026\/02\/1000193042.jpg","type":"image\/jpeg"}],"twitter_card":"summary_large_image","twitter_misc":{"Est. reading time":"1 minute"},"schema":{"@context":"https:\/\/schema.org","@graph":[{"@type":"WebPage","@id":"https:\/\/velooutlets.com\/products\/polar-sonic-20-blue-orange\/","url":"https:\/\/velooutlets.com\/products\/polar-sonic-20-blue-orange\/","name":"Polar Sonic 20'' Blue\/Orange - Velo Outlets","isPartOf":{"@id":"https:\/\/velooutlets.com\/en\/#website"},"primaryImageOfPage":{"@id":"https:\/\/velooutlets.com\/products\/polar-sonic-20-blue-orange\/#primaryimage"},"image":{"@id":"https:\/\/velooutlets.com\/products\/polar-sonic-20-blue-orange\/#primaryimage"},"thumbnailUrl":"https:\/\/velooutlets.com\/wp-content\/uploads\/2026\/02\/1000193042.jpg","datePublished":"2026-02-24T15:03:29+00:00","dateModified":"2026-04-18T08:38:42+00:00","breadcrumb":{"@id":"https:\/\/velooutlets.com\/products\/polar-sonic-20-blue-orange\/#breadcrumb"},"inLanguage":"en-US","potentialAction":[{"@type":"ReadAction","target":["https:\/\/velooutlets.com\/products\/polar-sonic-20-blue-orange\/"]}]},{"@type":"ImageObject","inLanguage":"en-US","@id":"https:\/\/velooutlets.com\/products\/polar-sonic-20-blue-orange\/#primaryimage","url":"https:\/\/velooutlets.com\/wp-content\/uploads\/2026\/02\/1000193042.jpg","contentUrl":"https:\/\/velooutlets.com\/wp-content\/uploads\/2026\/02\/1000193042.jpg","width":2000,"height":1333},{"@type":"BreadcrumbList","@id":"https:\/\/velooutlets.com\/products\/polar-sonic-20-blue-orange\/#breadcrumb","itemListElement":[{"@type":"ListItem","position":1,"name":"Home","item":"https:\/\/velooutlets.com\/"},{"@type":"ListItem","position":2,"name":"Veikals","item":"https:\/\/velooutlets.com\/shop\/"},{"@type":"ListItem","position":3,"name":"Polar Sonic 20&#8221; Blue\/Orange"}]},{"@type":"WebSite","@id":"https:\/\/velooutlets.com\/en\/#website","url":"https:\/\/velooutlets.com\/en\/","name":"Velo Outlets","description":"Velosip\u0113di visai \u0123imenei","potentialAction":[{"@type":"SearchAction","target":{"@type":"EntryPoint","urlTemplate":"https:\/\/velooutlets.com\/en\/?s={search_term_string}"},"query-input":{"@type":"PropertyValueSpecification","valueRequired":true,"valueName":"search_term_string"}}],"inLanguage":"en-US"}]}},"jetpack_sharing_enabled":true,"_links":{"self":[{"href":"https:\/\/velooutlets.com\/en\/wp-json\/wp\/v2\/product\/35596","targetHints":{"allow":["GET"]}}],"collection":[{"href":"https:\/\/velooutlets.com\/en\/wp-json\/wp\/v2\/product"}],"about":[{"href":"https:\/\/velooutlets.com\/en\/wp-json\/wp\/v2\/types\/product"}],"wp:featuredmedia":[{"embeddable":true,"href":"https:\/\/velooutlets.com\/en\/wp-json\/wp\/v2\/media\/36041"}],"wp:attachment":[{"href":"https:\/\/velooutlets.com\/en\/wp-json\/wp\/v2\/media?parent=35596"}],"wp:term":[{"taxonomy":"product_brand","embeddable":true,"href":"https:\/\/velooutlets.com\/en\/wp-json\/wp\/v2\/product_brand?post=35596"},{"taxonomy":"product_cat","embeddable":true,"href":"https:\/\/velooutlets.com\/en\/wp-json\/wp\/v2\/product_cat?post=35596"},{"taxonomy":"product_tag","embeddable":true,"href":"https:\/\/velooutlets.com\/en\/wp-json\/wp\/v2\/product_tag?post=35596"}],"curies":[{"name":"wp","href":"https:\/\/api.w.org\/{rel}","templated":true}]}}