{"id":35804,"date":"2026-02-27T22:02:25","date_gmt":"2026-02-27T20:02:25","guid":{"rendered":"https:\/\/velooutlets.com\/?post_type=product&#038;p=35804"},"modified":"2026-04-19T14:41:42","modified_gmt":"2026-04-19T11:41:42","slug":"scott-contessa-active-50-green","status":"publish","type":"product","link":"https:\/\/velooutlets.com\/en\/product\/scott-contessa-active-50-green\/","title":{"rendered":"SCOTT Contessa Active 50 Green"},"content":{"rendered":"<p>Contessa Active 50 green ir daudzpus\u012bgs un uzticams hardtail kalnu velosip\u0113ds, kas rad\u012bts akt\u012bvai brauk\u0161anai gan pa me\u017ea tak\u0101m, gan ikdienas mar\u0161rutos. Tas apvieno vieglu konstrukciju, komfortu un stabilu vad\u0101m\u012bbu, padarot to par labu izv\u0113li gan ies\u0101c\u0113j\u0101m, gan pieredzes kr\u0101\u0161anai da\u017e\u0101dos reljefos.<\/p>\n<p>Velosip\u0113ds veidots uz Contessa Active s\u0113rijas alum\u012bnija r\u0101mja, kas nodro\u0161ina labu iztur\u012bbas un svara balansu, k\u0101 ar\u012b \u0113rtu, sieviet\u0113m piel\u0101gotu \u0123eometriju. Suntour amortiz\u0101cijas dak\u0161a ar 100 mm g\u0101jienu pal\u012bdz efekt\u012bvi absorb\u0113t nel\u012bdzenumus, uzlabojot kontroli un komfortu uz nel\u012bdzeniem segumiem.<\/p>\n<p>16 \u0101trumu Shimano transmisija \u013cauj vienm\u0113r\u012bgi piel\u0101goties gan k\u0101pumiem, gan \u0101tr\u0101kiem posmiem, savuk\u0101rt hidraulisk\u0101s disku bremzes nodro\u0161ina dro\u0161u un prec\u012bzu bremz\u0113\u0161anu da\u017e\u0101dos laikapst\u0101k\u013cos. Platie Kenda Booster riepu protektori garant\u0113 labu sa\u0137eri un stabilit\u0101ti uz da\u017e\u0101diem segumiem.<\/p>\n<p>Ergonomiskie komponenti, tostarp sieviet\u0113m piel\u0101gots s\u0113deklis un rokturi, nodro\u0161ina komfortu ar\u012b gar\u0101kos braucienos, savuk\u0101rt plata st\u016bre uzlabo kontroli tehnisk\u0101kos posmos.<\/p>\n<p>Specification:<br \/>\nR\u0101mis: Contessa Active 700\/900 s\u0113rija, alum\u012bnija 6061 (custom tubing, iek\u0161\u0113j\u0101 kabe\u013cu vad\u012bba)<br \/>\nDak\u0161a: Suntour XCE28, 100 mm g\u0101jiens<br \/>\n\u0100trumu skaits: 2\u00d78 (16 \u0101trumi)<br \/>\nAizmugur\u0113jais p\u0101rsl\u0113dz\u0113js: Shimano Tourney RD-TX800<br \/>\nPriek\u0161\u0113jais p\u0101rsl\u0113dz\u0113js: Shimano FD-M315-TS<br \/>\nP\u0101rsl\u0113dz\u0113ji: Shimano SL-M315 (ar p\u0101rnesumu indikatoru)<br \/>\nKla\u0146i: Prowheel TM-CY01, 36\/22T (ar \u0137\u0113des aizsargu)<br \/>\nKasete: Sunrace CSM55, 11\u201334T<br \/>\n\u0136\u0113de: KMC Z8.3<br \/>\nBremzes: Clarks Clout hidraulisk\u0101s disku<br \/>\nDiski: Clarks, 160 mm (priek\u0161\u0101 \/ aizmugur\u0113, 6-bolt)<br \/>\nRati: Syncros X-20 Disc, 32H<br \/>\nRumbas: Formula DC-19 (priek\u0161\u0101) \/ DC-25 (aizmugur\u0113)<br \/>\nRiepas: Kenda Booster, 2.4&#8243;<br \/>\nSt\u016bre: HL MTB-AL-312BT, 680 mm, ar 12 mm rise<br \/>\nIznesums: TDS-C301-8FOV, +10\u00b0<br \/>\nS\u0113dek\u013ca stute: HL SP C207, 31.6 mm<br \/>\nS\u0113deklis: Syncros Savona 2.5 V-Concept<br \/>\nPed\u0101\u013ci: Feimin FP-873-ZU<br \/>\nSvars: ~14.5 kg<\/p>","protected":false},"excerpt":{"rendered":"<p>Contessa Active 50 green ir daudzpus\u012bgs un uzticams hardtail kalnu velosip\u0113ds, kas rad\u012bts akt\u012bvai brauk\u0161anai gan pa me\u017ea tak\u0101m, gan ikdienas mar\u0161rutos. Tas apvieno vieglu konstrukciju, komfortu un stabilu vad\u0101m\u012bbu, padarot to par labu izv\u0113li gan ies\u0101c\u0113j\u0101m, gan pieredzes kr\u0101\u0161anai da\u017e\u0101dos reljefos. Velosip\u0113ds veidots uz Contessa Active s\u0113rijas alum\u012bnija r\u0101mja, kas nodro\u0161ina labu iztur\u012bbas un [&hellip;]<\/p>\n","protected":false},"featured_media":38128,"template":"","meta":{"_monsterinsights_skip_tracking":false,"_monsterinsights_sitenote_active":false,"_monsterinsights_sitenote_note":"","_monsterinsights_sitenote_category":0,"_iconic_wsb_product_page_order_bump_ids":[[]],"_sku":[],"_iconic_wsb_product_page_bump_modal_ids":[[]]},"product_brand":[872],"product_cat":[980,1064,1068,1127],"product_tag":[1522],"class_list":{"0":"post-35804","1":"product","2":"type-product","3":"status-publish","4":"has-post-thumbnail","6":"product_brand-scott","7":"product_cat-kalnu-velosipedi","8":"product_cat-scott","9":"product_cat-sieviesu-velosipedi","10":"product_cat-velosipedi","11":"product_tag-scott","12":"product_shipping_class-pieauguso-velosipedi","14":"first","15":"instock","16":"sale","17":"taxable","18":"shipping-taxable","19":"purchasable","20":"product-type-variable","21":"wvs-archive-product-wrapper"},"yoast_head":"<!-- This site is optimized with the Yoast SEO plugin v27.2 - https:\/\/yoast.com\/product\/yoast-seo-wordpress\/ -->\n<title>SCOTT Contessa Active 50 \u2013 Ikonisks velosip\u0113ds ar augst\u0101k\u0101 l\u012bme\u0146a veiktsp\u0113ju | Velo Outlets<\/title>\n<meta name=\"description\" content=\"SCOTT velosip\u0113di Velo Outlets! Ieg\u0101d\u0101jies augst\u0101k\u0101s kvalit\u0101tes mode\u013cus, kas garant\u0113 komfortu un dro\u0161\u012bbu pat ekstrem\u0101l\u0101kajos apst\u0101k\u013cos.\" \/>\n<meta name=\"robots\" content=\"index, follow, max-snippet:-1, max-image-preview:large, max-video-preview:-1\" \/>\n<link rel=\"canonical\" href=\"https:\/\/velooutlets.com\/en\/product\/scott-contessa-active-50-green\/\" \/>\n<meta property=\"og:locale\" content=\"en_US\" \/>\n<meta property=\"og:type\" content=\"article\" \/>\n<meta property=\"og:title\" content=\"SCOTT Contessa Active 50 \u2013 Ikonisks velosip\u0113ds ar augst\u0101k\u0101 l\u012bme\u0146a veiktsp\u0113ju | Velo Outlets\" \/>\n<meta property=\"og:description\" content=\"SCOTT velosip\u0113di Velo Outlets! Ieg\u0101d\u0101jies augst\u0101k\u0101s kvalit\u0101tes mode\u013cus, kas garant\u0113 komfortu un dro\u0161\u012bbu pat ekstrem\u0101l\u0101kajos apst\u0101k\u013cos.\" \/>\n<meta property=\"og:url\" content=\"https:\/\/velooutlets.com\/en\/product\/scott-contessa-active-50-green\/\" \/>\n<meta property=\"og:site_name\" content=\"Velo Outlets\" \/>\n<meta property=\"article:modified_time\" content=\"2026-04-19T11:41:42+00:00\" \/>\n<meta property=\"og:image\" content=\"https:\/\/velooutlets.com\/wp-content\/uploads\/2026\/02\/1000200072.jpg\" \/>\n\t<meta property=\"og:image:width\" content=\"1012\" \/>\n\t<meta property=\"og:image:height\" content=\"564\" \/>\n\t<meta property=\"og:image:type\" content=\"image\/jpeg\" \/>\n<meta name=\"twitter:card\" content=\"summary_large_image\" \/>\n<meta name=\"twitter:label1\" content=\"Est. reading time\" \/>\n\t<meta name=\"twitter:data1\" content=\"1 minute\" \/>\n<script type=\"application\/ld+json\" class=\"yoast-schema-graph\">{\"@context\":\"https:\/\/schema.org\",\"@graph\":[{\"@type\":\"WebPage\",\"@id\":\"https:\/\/velooutlets.com\/products\/scott-contessa-active-50-green\/\",\"url\":\"https:\/\/velooutlets.com\/products\/scott-contessa-active-50-green\/\",\"name\":\"SCOTT Contessa Active 50 \u2013 Ikonisks velosip\u0113ds ar augst\u0101k\u0101 l\u012bme\u0146a veiktsp\u0113ju | Velo Outlets\",\"isPartOf\":{\"@id\":\"https:\/\/velooutlets.com\/en\/#website\"},\"primaryImageOfPage\":{\"@id\":\"https:\/\/velooutlets.com\/products\/scott-contessa-active-50-green\/#primaryimage\"},\"image\":{\"@id\":\"https:\/\/velooutlets.com\/products\/scott-contessa-active-50-green\/#primaryimage\"},\"thumbnailUrl\":\"https:\/\/velooutlets.com\/wp-content\/uploads\/2026\/02\/1000200072.jpg\",\"datePublished\":\"2026-02-27T20:02:25+00:00\",\"dateModified\":\"2026-04-19T11:41:42+00:00\",\"description\":\"SCOTT velosip\u0113di Velo Outlets! Ieg\u0101d\u0101jies augst\u0101k\u0101s kvalit\u0101tes mode\u013cus, kas garant\u0113 komfortu un dro\u0161\u012bbu pat ekstrem\u0101l\u0101kajos apst\u0101k\u013cos.\",\"breadcrumb\":{\"@id\":\"https:\/\/velooutlets.com\/products\/scott-contessa-active-50-green\/#breadcrumb\"},\"inLanguage\":\"en-US\",\"potentialAction\":[{\"@type\":\"ReadAction\",\"target\":[\"https:\/\/velooutlets.com\/products\/scott-contessa-active-50-green\/\"]}]},{\"@type\":\"ImageObject\",\"inLanguage\":\"en-US\",\"@id\":\"https:\/\/velooutlets.com\/products\/scott-contessa-active-50-green\/#primaryimage\",\"url\":\"https:\/\/velooutlets.com\/wp-content\/uploads\/2026\/02\/1000200072.jpg\",\"contentUrl\":\"https:\/\/velooutlets.com\/wp-content\/uploads\/2026\/02\/1000200072.jpg\",\"width\":1012,\"height\":564},{\"@type\":\"BreadcrumbList\",\"@id\":\"https:\/\/velooutlets.com\/products\/scott-contessa-active-50-green\/#breadcrumb\",\"itemListElement\":[{\"@type\":\"ListItem\",\"position\":1,\"name\":\"Home\",\"item\":\"https:\/\/velooutlets.com\/\"},{\"@type\":\"ListItem\",\"position\":2,\"name\":\"Veikals\",\"item\":\"https:\/\/velooutlets.com\/shop\/\"},{\"@type\":\"ListItem\",\"position\":3,\"name\":\"SCOTT Contessa Active 50 Green\"}]},{\"@type\":\"WebSite\",\"@id\":\"https:\/\/velooutlets.com\/en\/#website\",\"url\":\"https:\/\/velooutlets.com\/en\/\",\"name\":\"Velo Outlets\",\"description\":\"Velosip\u0113di visai \u0123imenei\",\"potentialAction\":[{\"@type\":\"SearchAction\",\"target\":{\"@type\":\"EntryPoint\",\"urlTemplate\":\"https:\/\/velooutlets.com\/en\/?s={search_term_string}\"},\"query-input\":{\"@type\":\"PropertyValueSpecification\",\"valueRequired\":true,\"valueName\":\"search_term_string\"}}],\"inLanguage\":\"en-US\"}]}<\/script>\n<!-- \/ Yoast SEO plugin. -->","yoast_head_json":{"title":"SCOTT Contessa Active 50 \u2013 Ikonisks velosip\u0113ds ar augst\u0101k\u0101 l\u012bme\u0146a veiktsp\u0113ju | Velo Outlets","description":"SCOTT velosip\u0113di Velo Outlets! Ieg\u0101d\u0101jies augst\u0101k\u0101s kvalit\u0101tes mode\u013cus, kas garant\u0113 komfortu un dro\u0161\u012bbu pat ekstrem\u0101l\u0101kajos apst\u0101k\u013cos.","robots":{"index":"index","follow":"follow","max-snippet":"max-snippet:-1","max-image-preview":"max-image-preview:large","max-video-preview":"max-video-preview:-1"},"canonical":"https:\/\/velooutlets.com\/en\/product\/scott-contessa-active-50-green\/","og_locale":"en_US","og_type":"article","og_title":"SCOTT Contessa Active 50 \u2013 Ikonisks velosip\u0113ds ar augst\u0101k\u0101 l\u012bme\u0146a veiktsp\u0113ju | Velo Outlets","og_description":"SCOTT velosip\u0113di Velo Outlets! Ieg\u0101d\u0101jies augst\u0101k\u0101s kvalit\u0101tes mode\u013cus, kas garant\u0113 komfortu un dro\u0161\u012bbu pat ekstrem\u0101l\u0101kajos apst\u0101k\u013cos.","og_url":"https:\/\/velooutlets.com\/en\/product\/scott-contessa-active-50-green\/","og_site_name":"Velo Outlets","article_modified_time":"2026-04-19T11:41:42+00:00","og_image":[{"width":1012,"height":564,"url":"https:\/\/velooutlets.com\/wp-content\/uploads\/2026\/02\/1000200072.jpg","type":"image\/jpeg"}],"twitter_card":"summary_large_image","twitter_misc":{"Est. reading time":"1 minute"},"schema":{"@context":"https:\/\/schema.org","@graph":[{"@type":"WebPage","@id":"https:\/\/velooutlets.com\/products\/scott-contessa-active-50-green\/","url":"https:\/\/velooutlets.com\/products\/scott-contessa-active-50-green\/","name":"SCOTT Contessa Active 50 \u2013 Ikonisks velosip\u0113ds ar augst\u0101k\u0101 l\u012bme\u0146a veiktsp\u0113ju | Velo Outlets","isPartOf":{"@id":"https:\/\/velooutlets.com\/en\/#website"},"primaryImageOfPage":{"@id":"https:\/\/velooutlets.com\/products\/scott-contessa-active-50-green\/#primaryimage"},"image":{"@id":"https:\/\/velooutlets.com\/products\/scott-contessa-active-50-green\/#primaryimage"},"thumbnailUrl":"https:\/\/velooutlets.com\/wp-content\/uploads\/2026\/02\/1000200072.jpg","datePublished":"2026-02-27T20:02:25+00:00","dateModified":"2026-04-19T11:41:42+00:00","description":"SCOTT velosip\u0113di Velo Outlets! Ieg\u0101d\u0101jies augst\u0101k\u0101s kvalit\u0101tes mode\u013cus, kas garant\u0113 komfortu un dro\u0161\u012bbu pat ekstrem\u0101l\u0101kajos apst\u0101k\u013cos.","breadcrumb":{"@id":"https:\/\/velooutlets.com\/products\/scott-contessa-active-50-green\/#breadcrumb"},"inLanguage":"en-US","potentialAction":[{"@type":"ReadAction","target":["https:\/\/velooutlets.com\/products\/scott-contessa-active-50-green\/"]}]},{"@type":"ImageObject","inLanguage":"en-US","@id":"https:\/\/velooutlets.com\/products\/scott-contessa-active-50-green\/#primaryimage","url":"https:\/\/velooutlets.com\/wp-content\/uploads\/2026\/02\/1000200072.jpg","contentUrl":"https:\/\/velooutlets.com\/wp-content\/uploads\/2026\/02\/1000200072.jpg","width":1012,"height":564},{"@type":"BreadcrumbList","@id":"https:\/\/velooutlets.com\/products\/scott-contessa-active-50-green\/#breadcrumb","itemListElement":[{"@type":"ListItem","position":1,"name":"Home","item":"https:\/\/velooutlets.com\/"},{"@type":"ListItem","position":2,"name":"Veikals","item":"https:\/\/velooutlets.com\/shop\/"},{"@type":"ListItem","position":3,"name":"SCOTT Contessa Active 50 Green"}]},{"@type":"WebSite","@id":"https:\/\/velooutlets.com\/en\/#website","url":"https:\/\/velooutlets.com\/en\/","name":"Velo Outlets","description":"Velosip\u0113di visai \u0123imenei","potentialAction":[{"@type":"SearchAction","target":{"@type":"EntryPoint","urlTemplate":"https:\/\/velooutlets.com\/en\/?s={search_term_string}"},"query-input":{"@type":"PropertyValueSpecification","valueRequired":true,"valueName":"search_term_string"}}],"inLanguage":"en-US"}]}},"jetpack_sharing_enabled":true,"_links":{"self":[{"href":"https:\/\/velooutlets.com\/en\/wp-json\/wp\/v2\/product\/35804","targetHints":{"allow":["GET"]}}],"collection":[{"href":"https:\/\/velooutlets.com\/en\/wp-json\/wp\/v2\/product"}],"about":[{"href":"https:\/\/velooutlets.com\/en\/wp-json\/wp\/v2\/types\/product"}],"wp:featuredmedia":[{"embeddable":true,"href":"https:\/\/velooutlets.com\/en\/wp-json\/wp\/v2\/media\/38128"}],"wp:attachment":[{"href":"https:\/\/velooutlets.com\/en\/wp-json\/wp\/v2\/media?parent=35804"}],"wp:term":[{"taxonomy":"product_brand","embeddable":true,"href":"https:\/\/velooutlets.com\/en\/wp-json\/wp\/v2\/product_brand?post=35804"},{"taxonomy":"product_cat","embeddable":true,"href":"https:\/\/velooutlets.com\/en\/wp-json\/wp\/v2\/product_cat?post=35804"},{"taxonomy":"product_tag","embeddable":true,"href":"https:\/\/velooutlets.com\/en\/wp-json\/wp\/v2\/product_tag?post=35804"}],"curies":[{"name":"wp","href":"https:\/\/api.w.org\/{rel}","templated":true}]}}