{"id":36025,"date":"2026-03-06T11:53:36","date_gmt":"2026-03-06T09:53:36","guid":{"rendered":"https:\/\/velooutlets.com\/?post_type=product&#038;p=36025"},"modified":"2026-04-18T12:41:43","modified_gmt":"2026-04-18T09:41:43","slug":"sieviesu-velosipeds-grazia-nexus-beige-new","status":"publish","type":"product","link":"https:\/\/velooutlets.com\/en\/product\/sieviesu-velosipeds-grazia-nexus-beige-new\/","title":{"rendered":"Polar Grazia Nexus Beige 28\u2033 L 2026"},"content":{"rendered":"<p>Polar Grazia Nexus 3 28\u2033 ir elegants un \u0113rts pils\u0113tas velosip\u0113ds ar iek\u0161\u0113jo p\u0101rnesumu rumbu, kas paredz\u0113ts vienk\u0101r\u0161ai un uzticamai ikdienas lieto\u0161anai. Tas ir ide\u0101li piem\u0113rots mier\u012bgiem braucieniem pa pils\u0113tu, pied\u0101v\u0101jot komfortu, t\u012bru dizainu un minim\u0101lu apkopi.<\/p>\n<p>Viegls alum\u012bnija r\u0101mis nodro\u0161ina labu vad\u0101m\u012bbu un iztur\u012bbu, savuk\u0101rt ciet\u0101 dak\u0161a padara velosip\u0113du vienk\u0101r\u0161u un uzticamu ekspluat\u0101cij\u0101. Shimano Nexus 3 \u0101trumu rumbas sist\u0113ma \u013cauj p\u0101rsl\u0113gt \u0101trumus \u0113rti un bez piep\u016bles, pat st\u0101vot uz vietas, kas ir \u012bpa\u0161i praktiski pils\u0113tas satiksm\u0113.<\/p>\n<p>28 collu rite\u0146i ar plat\u0101k\u0101m riep\u0101m nodro\u0161ina stabilu un komfortablu brauk\u0161anu, bet priek\u0161\u0113j\u0101s V-veida bremzes garant\u0113 efekt\u012bvu bremz\u0113\u0161anu. Velosip\u0113ds ir apr\u012bkots ar praktisku atbalsta k\u0101ji\u0146u, kas atvieglo t\u0101 lieto\u0161anu ikdien\u0101.<\/p>\n<p>Specification:<br \/>\nR\u0101mis: Alum\u012bnija<br \/>\nDak\u0161a: Ciet\u0101 (rigid)<br \/>\n\u0100trumu skaits: 3 (Shimano Nexus iek\u0161\u0113j\u0101 rumba)<br \/>\nAizmugur\u0113jais p\u0101rsl\u0113dz\u0113js \/ rumba: Shimano Nexus 3<br \/>\nBremzes: Priek\u0161\u0113j\u0101s V-veida<br \/>\nAploces: Beretta Double Wall<br \/>\nRiepas: 700 \u00d7 40C<br \/>\nPed\u0101\u013ci: City PVC<br \/>\nPapildapr\u012bkojums: Atbalsta k\u0101ji\u0146a<\/p>","protected":false},"excerpt":{"rendered":"<p>Polar Grazia Nexus 3 28\u2033 ir elegants un \u0113rts pils\u0113tas velosip\u0113ds ar iek\u0161\u0113jo p\u0101rnesumu rumbu, kas paredz\u0113ts vienk\u0101r\u0161ai un uzticamai ikdienas lieto\u0161anai. Tas ir ide\u0101li piem\u0113rots mier\u012bgiem braucieniem pa pils\u0113tu, pied\u0101v\u0101jot komfortu, t\u012bru dizainu un minim\u0101lu apkopi. Viegls alum\u012bnija r\u0101mis nodro\u0161ina labu vad\u0101m\u012bbu un iztur\u012bbu, savuk\u0101rt ciet\u0101 dak\u0161a padara velosip\u0113du vienk\u0101r\u0161u un uzticamu ekspluat\u0101cij\u0101. Shimano [&hellip;]<\/p>\n","protected":false},"featured_media":36030,"template":"","meta":{"_monsterinsights_skip_tracking":false,"_monsterinsights_sitenote_active":false,"_monsterinsights_sitenote_note":"","_monsterinsights_sitenote_category":0,"_iconic_wsb_product_page_order_bump_ids":[[]],"_sku":["8605044956300"],"_iconic_wsb_product_page_bump_modal_ids":[[]]},"product_brand":[871],"product_cat":[1068,1127],"product_tag":[1525,850,846,212],"class_list":{"0":"post-36025","1":"product","2":"type-product","3":"status-publish","4":"has-post-thumbnail","6":"product_brand-polar","7":"product_cat-sieviesu-velosipedi","8":"product_cat-velosipedi","9":"product_tag-04_02_26","10":"product_tag-polar","11":"product_tag-sieviesu-velosipedi","12":"product_tag-velosipedi","13":"product_shipping_class-pieauguso-velosipedi","14":"pa_materials-hi-ten-steel-ramis","16":"first","17":"instock","18":"sale","19":"taxable","20":"shipping-taxable","21":"purchasable","22":"product-type-simple"},"yoast_head":"<!-- This site is optimized with the Yoast SEO plugin v27.2 - https:\/\/yoast.com\/product\/yoast-seo-wordpress\/ -->\n<title>Polar Grazia Nexus Beige 28&quot; L 2026 - Velo Outlets<\/title>\n<meta name=\"robots\" content=\"index, follow, max-snippet:-1, max-image-preview:large, max-video-preview:-1\" \/>\n<link rel=\"canonical\" href=\"https:\/\/velooutlets.com\/en\/product\/sieviesu-velosipeds-grazia-nexus-beige-new\/\" \/>\n<meta property=\"og:locale\" content=\"en_US\" \/>\n<meta property=\"og:type\" content=\"article\" \/>\n<meta property=\"og:title\" content=\"Polar Grazia Nexus Beige 28&quot; L 2026 - Velo Outlets\" \/>\n<meta property=\"og:description\" content=\"Polar Grazia Nexus 3 28\u2033 ir elegants un \u0113rts pils\u0113tas velosip\u0113ds ar iek\u0161\u0113jo p\u0101rnesumu rumbu, kas paredz\u0113ts vienk\u0101r\u0161ai un uzticamai ikdienas lieto\u0161anai. Tas ir ide\u0101li piem\u0113rots mier\u012bgiem braucieniem pa pils\u0113tu, pied\u0101v\u0101jot komfortu, t\u012bru dizainu un minim\u0101lu apkopi. Viegls alum\u012bnija r\u0101mis nodro\u0161ina labu vad\u0101m\u012bbu un iztur\u012bbu, savuk\u0101rt ciet\u0101 dak\u0161a padara velosip\u0113du vienk\u0101r\u0161u un uzticamu ekspluat\u0101cij\u0101. Shimano [&hellip;]\" \/>\n<meta property=\"og:url\" content=\"https:\/\/velooutlets.com\/en\/product\/sieviesu-velosipeds-grazia-nexus-beige-new\/\" \/>\n<meta property=\"og:site_name\" content=\"Velo Outlets\" \/>\n<meta property=\"article:modified_time\" content=\"2026-04-18T09:41:43+00:00\" \/>\n<meta property=\"og:image\" content=\"https:\/\/velooutlets.com\/wp-content\/uploads\/2026\/03\/1000193027.jpg\" \/>\n\t<meta property=\"og:image:width\" content=\"2000\" \/>\n\t<meta property=\"og:image:height\" content=\"1333\" \/>\n\t<meta property=\"og:image:type\" content=\"image\/jpeg\" \/>\n<meta name=\"twitter:card\" content=\"summary_large_image\" \/>\n<meta name=\"twitter:label1\" content=\"Est. reading time\" \/>\n\t<meta name=\"twitter:data1\" content=\"1 minute\" \/>\n<script type=\"application\/ld+json\" class=\"yoast-schema-graph\">{\"@context\":\"https:\/\/schema.org\",\"@graph\":[{\"@type\":\"WebPage\",\"@id\":\"https:\/\/velooutlets.com\/products\/sieviesu-velosipeds-grazia-nexus-beige-new\/\",\"url\":\"https:\/\/velooutlets.com\/products\/sieviesu-velosipeds-grazia-nexus-beige-new\/\",\"name\":\"Polar Grazia Nexus Beige 28\\\" L 2026 - Velo Outlets\",\"isPartOf\":{\"@id\":\"https:\/\/velooutlets.com\/en\/#website\"},\"primaryImageOfPage\":{\"@id\":\"https:\/\/velooutlets.com\/products\/sieviesu-velosipeds-grazia-nexus-beige-new\/#primaryimage\"},\"image\":{\"@id\":\"https:\/\/velooutlets.com\/products\/sieviesu-velosipeds-grazia-nexus-beige-new\/#primaryimage\"},\"thumbnailUrl\":\"https:\/\/velooutlets.com\/wp-content\/uploads\/2026\/03\/1000193027.jpg\",\"datePublished\":\"2026-03-06T09:53:36+00:00\",\"dateModified\":\"2026-04-18T09:41:43+00:00\",\"breadcrumb\":{\"@id\":\"https:\/\/velooutlets.com\/products\/sieviesu-velosipeds-grazia-nexus-beige-new\/#breadcrumb\"},\"inLanguage\":\"en-US\",\"potentialAction\":[{\"@type\":\"ReadAction\",\"target\":[\"https:\/\/velooutlets.com\/products\/sieviesu-velosipeds-grazia-nexus-beige-new\/\"]}]},{\"@type\":\"ImageObject\",\"inLanguage\":\"en-US\",\"@id\":\"https:\/\/velooutlets.com\/products\/sieviesu-velosipeds-grazia-nexus-beige-new\/#primaryimage\",\"url\":\"https:\/\/velooutlets.com\/wp-content\/uploads\/2026\/03\/1000193027.jpg\",\"contentUrl\":\"https:\/\/velooutlets.com\/wp-content\/uploads\/2026\/03\/1000193027.jpg\",\"width\":2000,\"height\":1333},{\"@type\":\"BreadcrumbList\",\"@id\":\"https:\/\/velooutlets.com\/products\/sieviesu-velosipeds-grazia-nexus-beige-new\/#breadcrumb\",\"itemListElement\":[{\"@type\":\"ListItem\",\"position\":1,\"name\":\"Home\",\"item\":\"https:\/\/velooutlets.com\/\"},{\"@type\":\"ListItem\",\"position\":2,\"name\":\"Veikals\",\"item\":\"https:\/\/velooutlets.com\/shop\/\"},{\"@type\":\"ListItem\",\"position\":3,\"name\":\"Polar Grazia Nexus Beige 28&#8243; L 2026\"}]},{\"@type\":\"WebSite\",\"@id\":\"https:\/\/velooutlets.com\/en\/#website\",\"url\":\"https:\/\/velooutlets.com\/en\/\",\"name\":\"Velo Outlets\",\"description\":\"Velosip\u0113di visai \u0123imenei\",\"potentialAction\":[{\"@type\":\"SearchAction\",\"target\":{\"@type\":\"EntryPoint\",\"urlTemplate\":\"https:\/\/velooutlets.com\/en\/?s={search_term_string}\"},\"query-input\":{\"@type\":\"PropertyValueSpecification\",\"valueRequired\":true,\"valueName\":\"search_term_string\"}}],\"inLanguage\":\"en-US\"}]}<\/script>\n<!-- \/ Yoast SEO plugin. -->","yoast_head_json":{"title":"Polar Grazia Nexus Beige 28\" L 2026 - Velo Outlets","robots":{"index":"index","follow":"follow","max-snippet":"max-snippet:-1","max-image-preview":"max-image-preview:large","max-video-preview":"max-video-preview:-1"},"canonical":"https:\/\/velooutlets.com\/en\/product\/sieviesu-velosipeds-grazia-nexus-beige-new\/","og_locale":"en_US","og_type":"article","og_title":"Polar Grazia Nexus Beige 28\" L 2026 - Velo Outlets","og_description":"Polar Grazia Nexus 3 28\u2033 ir elegants un \u0113rts pils\u0113tas velosip\u0113ds ar iek\u0161\u0113jo p\u0101rnesumu rumbu, kas paredz\u0113ts vienk\u0101r\u0161ai un uzticamai ikdienas lieto\u0161anai. Tas ir ide\u0101li piem\u0113rots mier\u012bgiem braucieniem pa pils\u0113tu, pied\u0101v\u0101jot komfortu, t\u012bru dizainu un minim\u0101lu apkopi. Viegls alum\u012bnija r\u0101mis nodro\u0161ina labu vad\u0101m\u012bbu un iztur\u012bbu, savuk\u0101rt ciet\u0101 dak\u0161a padara velosip\u0113du vienk\u0101r\u0161u un uzticamu ekspluat\u0101cij\u0101. Shimano [&hellip;]","og_url":"https:\/\/velooutlets.com\/en\/product\/sieviesu-velosipeds-grazia-nexus-beige-new\/","og_site_name":"Velo Outlets","article_modified_time":"2026-04-18T09:41:43+00:00","og_image":[{"width":2000,"height":1333,"url":"https:\/\/velooutlets.com\/wp-content\/uploads\/2026\/03\/1000193027.jpg","type":"image\/jpeg"}],"twitter_card":"summary_large_image","twitter_misc":{"Est. reading time":"1 minute"},"schema":{"@context":"https:\/\/schema.org","@graph":[{"@type":"WebPage","@id":"https:\/\/velooutlets.com\/products\/sieviesu-velosipeds-grazia-nexus-beige-new\/","url":"https:\/\/velooutlets.com\/products\/sieviesu-velosipeds-grazia-nexus-beige-new\/","name":"Polar Grazia Nexus Beige 28\" L 2026 - Velo Outlets","isPartOf":{"@id":"https:\/\/velooutlets.com\/en\/#website"},"primaryImageOfPage":{"@id":"https:\/\/velooutlets.com\/products\/sieviesu-velosipeds-grazia-nexus-beige-new\/#primaryimage"},"image":{"@id":"https:\/\/velooutlets.com\/products\/sieviesu-velosipeds-grazia-nexus-beige-new\/#primaryimage"},"thumbnailUrl":"https:\/\/velooutlets.com\/wp-content\/uploads\/2026\/03\/1000193027.jpg","datePublished":"2026-03-06T09:53:36+00:00","dateModified":"2026-04-18T09:41:43+00:00","breadcrumb":{"@id":"https:\/\/velooutlets.com\/products\/sieviesu-velosipeds-grazia-nexus-beige-new\/#breadcrumb"},"inLanguage":"en-US","potentialAction":[{"@type":"ReadAction","target":["https:\/\/velooutlets.com\/products\/sieviesu-velosipeds-grazia-nexus-beige-new\/"]}]},{"@type":"ImageObject","inLanguage":"en-US","@id":"https:\/\/velooutlets.com\/products\/sieviesu-velosipeds-grazia-nexus-beige-new\/#primaryimage","url":"https:\/\/velooutlets.com\/wp-content\/uploads\/2026\/03\/1000193027.jpg","contentUrl":"https:\/\/velooutlets.com\/wp-content\/uploads\/2026\/03\/1000193027.jpg","width":2000,"height":1333},{"@type":"BreadcrumbList","@id":"https:\/\/velooutlets.com\/products\/sieviesu-velosipeds-grazia-nexus-beige-new\/#breadcrumb","itemListElement":[{"@type":"ListItem","position":1,"name":"Home","item":"https:\/\/velooutlets.com\/"},{"@type":"ListItem","position":2,"name":"Veikals","item":"https:\/\/velooutlets.com\/shop\/"},{"@type":"ListItem","position":3,"name":"Polar Grazia Nexus Beige 28&#8243; L 2026"}]},{"@type":"WebSite","@id":"https:\/\/velooutlets.com\/en\/#website","url":"https:\/\/velooutlets.com\/en\/","name":"Velo Outlets","description":"Velosip\u0113di visai \u0123imenei","potentialAction":[{"@type":"SearchAction","target":{"@type":"EntryPoint","urlTemplate":"https:\/\/velooutlets.com\/en\/?s={search_term_string}"},"query-input":{"@type":"PropertyValueSpecification","valueRequired":true,"valueName":"search_term_string"}}],"inLanguage":"en-US"}]}},"jetpack_sharing_enabled":true,"_links":{"self":[{"href":"https:\/\/velooutlets.com\/en\/wp-json\/wp\/v2\/product\/36025","targetHints":{"allow":["GET"]}}],"collection":[{"href":"https:\/\/velooutlets.com\/en\/wp-json\/wp\/v2\/product"}],"about":[{"href":"https:\/\/velooutlets.com\/en\/wp-json\/wp\/v2\/types\/product"}],"wp:featuredmedia":[{"embeddable":true,"href":"https:\/\/velooutlets.com\/en\/wp-json\/wp\/v2\/media\/36030"}],"wp:attachment":[{"href":"https:\/\/velooutlets.com\/en\/wp-json\/wp\/v2\/media?parent=36025"}],"wp:term":[{"taxonomy":"product_brand","embeddable":true,"href":"https:\/\/velooutlets.com\/en\/wp-json\/wp\/v2\/product_brand?post=36025"},{"taxonomy":"product_cat","embeddable":true,"href":"https:\/\/velooutlets.com\/en\/wp-json\/wp\/v2\/product_cat?post=36025"},{"taxonomy":"product_tag","embeddable":true,"href":"https:\/\/velooutlets.com\/en\/wp-json\/wp\/v2\/product_tag?post=36025"}],"curies":[{"name":"wp","href":"https:\/\/api.w.org\/{rel}","templated":true}]}}