{"id":36054,"date":"2026-03-06T12:54:09","date_gmt":"2026-03-06T10:54:09","guid":{"rendered":"https:\/\/velooutlets.com\/?post_type=product&#038;p=36054"},"modified":"2026-05-11T15:22:24","modified_gmt":"2026-05-11T12:22:24","slug":"maccina-avenue-26-2026","status":"publish","type":"product","link":"https:\/\/velooutlets.com\/en\/product\/maccina-avenue-26-2026\/","title":{"rendered":"Polar Maccina Avenue 26\u2033 6SP"},"content":{"rendered":"<p>The Maccina Avenue 26\u2033 is a simple and reliable city bike designed for easy everyday commuting. It is suitable for riders looking for a practical and easy to maintain bike with gear for urban conditions.<\/p>\n<p>The sturdy Hi-Ten steel frame and fork ensure a stable construction and durability. The 26-inch wheels offer good manoeuvrability and comfort, while the 6-speed system with Shimano components makes it easy to adapt the ride to different routes.<\/p>\n<p>V-brakes provide efficient and easy-to-maintain braking, while double-wall rims increase durability. The comfortable seat and support stem make the bike comfortable for everyday use.<\/p>\n<p>Specification:<br \/>\nFrame: Hi-Ten steel<br \/>\nFork: Hi-Ten steel (rigid)<br \/>\nNumber of speeds: 6<br \/>\nRear derailleur: Shimano RD-TY21<br \/>\nShifter handle: Shimano SL-RS36-6 (Revo)<br \/>\nBrakes: v-shaped<br \/>\nSeat: Bassano City<br \/>\nAploces: Beretta Double Wall<br \/>\nTyres: 26\u2033<br \/>\nPedals: City PVC<br \/>\nOptional accessories: support leg<\/p>","protected":false},"excerpt":{"rendered":"<p>Maccina Avenue 26\u2033 ir vienk\u0101r\u0161s un uzticams pils\u0113tas velosip\u0113ds, kas paredz\u0113ts \u0113rtai ikdienas p\u0101rvieto\u0161anai. Tas ir piem\u0113rots brauc\u0113jiem, kuri mekl\u0113 praktisku un viegli kopjamu velosip\u0113du ar p\u0101rnesumiem pils\u0113tas apst\u0101k\u013ciem. Iztur\u012bgais Hi-Ten t\u0113rauda r\u0101mis un dak\u0161a nodro\u0161ina stabilu konstrukciju un ilgm\u016b\u017e\u012bbu. 26 collu rite\u0146i pied\u0101v\u0101 labu manevr\u0113tsp\u0113ju un komfortu, savuk\u0101rt 6 \u0101trumu sist\u0113ma ar Shimano komponent\u0113m [&hellip;]<\/p>\n","protected":false},"featured_media":36062,"template":"","meta":{"_monsterinsights_skip_tracking":false,"_monsterinsights_sitenote_active":false,"_monsterinsights_sitenote_note":"","_monsterinsights_sitenote_category":0,"_iconic_wsb_product_page_order_bump_ids":[[]],"_sku":["8605044956195"],"_iconic_wsb_product_page_bump_modal_ids":[[]]},"product_brand":[871],"product_cat":[1068,1127],"product_tag":[1525,846,212],"class_list":{"0":"post-36054","1":"product","2":"type-product","3":"status-publish","4":"has-post-thumbnail","6":"product_brand-polar","7":"product_cat-sieviesu-velosipedi","8":"product_cat-velosipedi","9":"product_tag-04_02_26","10":"product_tag-sieviesu-velosipedi","11":"product_tag-velosipedi","12":"product_shipping_class-pieauguso-velosipedi","13":"pa_materials-hi-ten-terauds","14":"pa_razosanas-gads-1240","16":"first","17":"instock","18":"sale","19":"taxable","20":"shipping-taxable","21":"purchasable","22":"product-type-simple"},"yoast_head":"<!-- This site is optimized with the Yoast SEO plugin v27.2 - https:\/\/yoast.com\/product\/yoast-seo-wordpress\/ -->\n<title>Polar Maccina Avenue 26&quot; 6SP - Velo Outlets<\/title>\n<meta name=\"robots\" content=\"index, follow, max-snippet:-1, max-image-preview:large, max-video-preview:-1\" \/>\n<link rel=\"canonical\" href=\"https:\/\/velooutlets.com\/en\/product\/maccina-avenue-26-2026\/\" \/>\n<meta property=\"og:locale\" content=\"en_US\" \/>\n<meta property=\"og:type\" content=\"article\" \/>\n<meta property=\"og:title\" content=\"Polar Maccina Avenue 26&quot; 6SP - Velo Outlets\" \/>\n<meta property=\"og:description\" content=\"Maccina Avenue 26\u2033 ir vienk\u0101r\u0161s un uzticams pils\u0113tas velosip\u0113ds, kas paredz\u0113ts \u0113rtai ikdienas p\u0101rvieto\u0161anai. Tas ir piem\u0113rots brauc\u0113jiem, kuri mekl\u0113 praktisku un viegli kopjamu velosip\u0113du ar p\u0101rnesumiem pils\u0113tas apst\u0101k\u013ciem. Iztur\u012bgais Hi-Ten t\u0113rauda r\u0101mis un dak\u0161a nodro\u0161ina stabilu konstrukciju un ilgm\u016b\u017e\u012bbu. 26 collu rite\u0146i pied\u0101v\u0101 labu manevr\u0113tsp\u0113ju un komfortu, savuk\u0101rt 6 \u0101trumu sist\u0113ma ar Shimano komponent\u0113m [&hellip;]\" \/>\n<meta property=\"og:url\" content=\"https:\/\/velooutlets.com\/en\/product\/maccina-avenue-26-2026\/\" \/>\n<meta property=\"og:site_name\" content=\"Velo Outlets\" \/>\n<meta property=\"article:modified_time\" content=\"2026-05-11T12:22:24+00:00\" \/>\n<meta property=\"og:image\" content=\"https:\/\/velooutlets.com\/wp-content\/uploads\/2026\/03\/1000193062.jpg\" \/>\n\t<meta property=\"og:image:width\" content=\"2000\" \/>\n\t<meta property=\"og:image:height\" content=\"1333\" \/>\n\t<meta property=\"og:image:type\" content=\"image\/jpeg\" \/>\n<meta name=\"twitter:card\" content=\"summary_large_image\" \/>\n<meta name=\"twitter:label1\" content=\"Est. reading time\" \/>\n\t<meta name=\"twitter:data1\" content=\"1 minute\" \/>\n<script type=\"application\/ld+json\" class=\"yoast-schema-graph\">{\"@context\":\"https:\/\/schema.org\",\"@graph\":[{\"@type\":\"WebPage\",\"@id\":\"https:\/\/velooutlets.com\/products\/maccina-avenue-26-2026\/\",\"url\":\"https:\/\/velooutlets.com\/products\/maccina-avenue-26-2026\/\",\"name\":\"Polar Maccina Avenue 26\\\" 6SP - Velo Outlets\",\"isPartOf\":{\"@id\":\"https:\/\/velooutlets.com\/en\/#website\"},\"primaryImageOfPage\":{\"@id\":\"https:\/\/velooutlets.com\/products\/maccina-avenue-26-2026\/#primaryimage\"},\"image\":{\"@id\":\"https:\/\/velooutlets.com\/products\/maccina-avenue-26-2026\/#primaryimage\"},\"thumbnailUrl\":\"https:\/\/velooutlets.com\/wp-content\/uploads\/2026\/03\/1000193062.jpg\",\"datePublished\":\"2026-03-06T10:54:09+00:00\",\"dateModified\":\"2026-05-11T12:22:24+00:00\",\"breadcrumb\":{\"@id\":\"https:\/\/velooutlets.com\/products\/maccina-avenue-26-2026\/#breadcrumb\"},\"inLanguage\":\"en-US\",\"potentialAction\":[{\"@type\":\"ReadAction\",\"target\":[\"https:\/\/velooutlets.com\/products\/maccina-avenue-26-2026\/\"]}]},{\"@type\":\"ImageObject\",\"inLanguage\":\"en-US\",\"@id\":\"https:\/\/velooutlets.com\/products\/maccina-avenue-26-2026\/#primaryimage\",\"url\":\"https:\/\/velooutlets.com\/wp-content\/uploads\/2026\/03\/1000193062.jpg\",\"contentUrl\":\"https:\/\/velooutlets.com\/wp-content\/uploads\/2026\/03\/1000193062.jpg\",\"width\":2000,\"height\":1333},{\"@type\":\"BreadcrumbList\",\"@id\":\"https:\/\/velooutlets.com\/products\/maccina-avenue-26-2026\/#breadcrumb\",\"itemListElement\":[{\"@type\":\"ListItem\",\"position\":1,\"name\":\"Home\",\"item\":\"https:\/\/velooutlets.com\/\"},{\"@type\":\"ListItem\",\"position\":2,\"name\":\"Veikals\",\"item\":\"https:\/\/velooutlets.com\/shop\/\"},{\"@type\":\"ListItem\",\"position\":3,\"name\":\"Polar Maccina Avenue 26&#8243; 6SP\"}]},{\"@type\":\"WebSite\",\"@id\":\"https:\/\/velooutlets.com\/en\/#website\",\"url\":\"https:\/\/velooutlets.com\/en\/\",\"name\":\"Velo Outlets\",\"description\":\"Velosip\u0113di visai \u0123imenei\",\"potentialAction\":[{\"@type\":\"SearchAction\",\"target\":{\"@type\":\"EntryPoint\",\"urlTemplate\":\"https:\/\/velooutlets.com\/en\/?s={search_term_string}\"},\"query-input\":{\"@type\":\"PropertyValueSpecification\",\"valueRequired\":true,\"valueName\":\"search_term_string\"}}],\"inLanguage\":\"en-US\"}]}<\/script>\n<!-- \/ Yoast SEO plugin. -->","yoast_head_json":{"title":"Polar Maccina Avenue 26\" 6SP - Velo Outlets","robots":{"index":"index","follow":"follow","max-snippet":"max-snippet:-1","max-image-preview":"max-image-preview:large","max-video-preview":"max-video-preview:-1"},"canonical":"https:\/\/velooutlets.com\/en\/product\/maccina-avenue-26-2026\/","og_locale":"en_US","og_type":"article","og_title":"Polar Maccina Avenue 26\" 6SP - Velo Outlets","og_description":"Maccina Avenue 26\u2033 ir vienk\u0101r\u0161s un uzticams pils\u0113tas velosip\u0113ds, kas paredz\u0113ts \u0113rtai ikdienas p\u0101rvieto\u0161anai. Tas ir piem\u0113rots brauc\u0113jiem, kuri mekl\u0113 praktisku un viegli kopjamu velosip\u0113du ar p\u0101rnesumiem pils\u0113tas apst\u0101k\u013ciem. Iztur\u012bgais Hi-Ten t\u0113rauda r\u0101mis un dak\u0161a nodro\u0161ina stabilu konstrukciju un ilgm\u016b\u017e\u012bbu. 26 collu rite\u0146i pied\u0101v\u0101 labu manevr\u0113tsp\u0113ju un komfortu, savuk\u0101rt 6 \u0101trumu sist\u0113ma ar Shimano komponent\u0113m [&hellip;]","og_url":"https:\/\/velooutlets.com\/en\/product\/maccina-avenue-26-2026\/","og_site_name":"Velo Outlets","article_modified_time":"2026-05-11T12:22:24+00:00","og_image":[{"width":2000,"height":1333,"url":"https:\/\/velooutlets.com\/wp-content\/uploads\/2026\/03\/1000193062.jpg","type":"image\/jpeg"}],"twitter_card":"summary_large_image","twitter_misc":{"Est. reading time":"1 minute"},"schema":{"@context":"https:\/\/schema.org","@graph":[{"@type":"WebPage","@id":"https:\/\/velooutlets.com\/products\/maccina-avenue-26-2026\/","url":"https:\/\/velooutlets.com\/products\/maccina-avenue-26-2026\/","name":"Polar Maccina Avenue 26\" 6SP - Velo Outlets","isPartOf":{"@id":"https:\/\/velooutlets.com\/en\/#website"},"primaryImageOfPage":{"@id":"https:\/\/velooutlets.com\/products\/maccina-avenue-26-2026\/#primaryimage"},"image":{"@id":"https:\/\/velooutlets.com\/products\/maccina-avenue-26-2026\/#primaryimage"},"thumbnailUrl":"https:\/\/velooutlets.com\/wp-content\/uploads\/2026\/03\/1000193062.jpg","datePublished":"2026-03-06T10:54:09+00:00","dateModified":"2026-05-11T12:22:24+00:00","breadcrumb":{"@id":"https:\/\/velooutlets.com\/products\/maccina-avenue-26-2026\/#breadcrumb"},"inLanguage":"en-US","potentialAction":[{"@type":"ReadAction","target":["https:\/\/velooutlets.com\/products\/maccina-avenue-26-2026\/"]}]},{"@type":"ImageObject","inLanguage":"en-US","@id":"https:\/\/velooutlets.com\/products\/maccina-avenue-26-2026\/#primaryimage","url":"https:\/\/velooutlets.com\/wp-content\/uploads\/2026\/03\/1000193062.jpg","contentUrl":"https:\/\/velooutlets.com\/wp-content\/uploads\/2026\/03\/1000193062.jpg","width":2000,"height":1333},{"@type":"BreadcrumbList","@id":"https:\/\/velooutlets.com\/products\/maccina-avenue-26-2026\/#breadcrumb","itemListElement":[{"@type":"ListItem","position":1,"name":"Home","item":"https:\/\/velooutlets.com\/"},{"@type":"ListItem","position":2,"name":"Veikals","item":"https:\/\/velooutlets.com\/shop\/"},{"@type":"ListItem","position":3,"name":"Polar Maccina Avenue 26&#8243; 6SP"}]},{"@type":"WebSite","@id":"https:\/\/velooutlets.com\/en\/#website","url":"https:\/\/velooutlets.com\/en\/","name":"Velo Outlets","description":"Velosip\u0113di visai \u0123imenei","potentialAction":[{"@type":"SearchAction","target":{"@type":"EntryPoint","urlTemplate":"https:\/\/velooutlets.com\/en\/?s={search_term_string}"},"query-input":{"@type":"PropertyValueSpecification","valueRequired":true,"valueName":"search_term_string"}}],"inLanguage":"en-US"}]}},"jetpack_sharing_enabled":true,"_links":{"self":[{"href":"https:\/\/velooutlets.com\/en\/wp-json\/wp\/v2\/product\/36054","targetHints":{"allow":["GET"]}}],"collection":[{"href":"https:\/\/velooutlets.com\/en\/wp-json\/wp\/v2\/product"}],"about":[{"href":"https:\/\/velooutlets.com\/en\/wp-json\/wp\/v2\/types\/product"}],"wp:featuredmedia":[{"embeddable":true,"href":"https:\/\/velooutlets.com\/en\/wp-json\/wp\/v2\/media\/36062"}],"wp:attachment":[{"href":"https:\/\/velooutlets.com\/en\/wp-json\/wp\/v2\/media?parent=36054"}],"wp:term":[{"taxonomy":"product_brand","embeddable":true,"href":"https:\/\/velooutlets.com\/en\/wp-json\/wp\/v2\/product_brand?post=36054"},{"taxonomy":"product_cat","embeddable":true,"href":"https:\/\/velooutlets.com\/en\/wp-json\/wp\/v2\/product_cat?post=36054"},{"taxonomy":"product_tag","embeddable":true,"href":"https:\/\/velooutlets.com\/en\/wp-json\/wp\/v2\/product_tag?post=36054"}],"curies":[{"name":"wp","href":"https:\/\/api.w.org\/{rel}","templated":true}]}}