{"id":36284,"date":"2026-03-19T01:36:11","date_gmt":"2026-03-18T23:36:11","guid":{"rendered":"https:\/\/velooutlets.com\/?post_type=product&#038;p=36284"},"modified":"2026-03-19T08:21:01","modified_gmt":"2026-03-19T06:21:01","slug":"youdrop-ff-midnight-blue","status":"publish","type":"product","link":"https:\/\/velooutlets.com\/en\/product\/youdrop-ff-midnight-blue\/","title":{"rendered":"YOUDROP FF midnight blue"},"content":{"rendered":"<div class=\"flex flex-col text-sm pb-25\">\n<article class=\"text-token-text-primary w-full focus:outline-none [--shadow-height:45px] has-data-writing-block:pointer-events-none has-data-writing-block:-mt-(--shadow-height) has-data-writing-block:pt-(--shadow-height) [&amp;:has([data-writing-block])&gt;*]:pointer-events-auto scroll-mt-[calc(var(--header-height)+min(200px,max(70px,20svh)))]\" dir=\"auto\" tabindex=\"-1\" data-turn-id=\"request-WEB:edd99f51-3b67-4bff-ad33-ac933358f50b-1\" data-testid=\"conversation-turn-4\" data-scroll-anchor=\"true\" data-turn=\"assistant\">\n<div class=\"text-base my-auto mx-auto pb-10 [--thread-content-margin:var(--thread-content-margin-xs,calc(var(--spacing)*4))] @w-sm\/main:[--thread-content-margin:var(--thread-content-margin-sm,calc(var(--spacing)*6))] @w-lg\/main:[--thread-content-margin:var(--thread-content-margin-lg,calc(var(--spacing)*16))] px-(--thread-content-margin)\">\n<div class=\"[--thread-content-max-width:40rem] @w-lg\/main:[--thread-content-max-width:48rem] mx-auto max-w-(--thread-content-max-width) flex-1 group\/turn-messages focus-visible:outline-hidden relative flex w-full min-w-0 flex-col agent-turn\" tabindex=\"-1\">\n<div class=\"flex max-w-full flex-col gap-4 grow\">\n<div class=\"min-h-8 text-message relative flex w-full flex-col items-end gap-2 text-start break-words whitespace-normal [.text-message+&amp;]:mt-1\" dir=\"auto\" data-message-author-role=\"assistant\" data-message-id=\"08da5cb7-1776-4451-af5d-4e944cb76ae9\" data-message-model-slug=\"gpt-5-3\">\n<div class=\"flex w-full flex-col gap-1 empty:hidden\">\n<div class=\"markdown prose dark:prose-invert w-full wrap-break-word light markdown-new-styling\">\n<p data-start=\"0\" data-end=\"714\" data-is-last-node=\"\" data-is-only-node=\"\">YouDrop FF pilnas sejas velosip\u0113da \u0137ivere ir dro\u0161a un \u0113rta izv\u0113le b\u0113rniem un jaunie\u0161iem, kas brauc ar l\u012bdzsvara velosip\u0113du vai kalnu velosip\u0113du. No\u0146emamais zoda aizsargs pal\u012bdz pasarg\u0101t \u017eokli un zodu, bet nepiecie\u0161am\u012bbas gad\u012bjum\u0101 to var viegli no\u0146emt un izmantot \u0137iveri k\u0101 atv\u0113rta tipa velosip\u0113da \u0137iveri ikdienas braucieniem. P\u0101rdom\u0101t\u0101 ventil\u0101cijas sist\u0113ma nodro\u0161ina labu gaisa pl\u016bsmu un pal\u012bdz saglab\u0101t galvu v\u0113su ar\u012b akt\u012bv\u0101kas brauk\u0161anas laik\u0101. \u0136iveres iek\u0161\u0113jie polsteri ir \u0113rti, iz\u0146emami un mazg\u0101jami ar rok\u0101m, kas pal\u012bdz uztur\u0113t t\u012br\u012bbu un komfortu. Papildu dro\u0161\u012bbu un \u0113rt\u012bbu nodro\u0161ina no\u0146emams vizieris ar dro\u0161\u012bbas atbr\u012bvo\u0161anas funkciju, integr\u0113ts kukai\u0146u siets un MTB brauk\u0161anai piem\u0113rota regul\u0113\u0161anas sist\u0113ma.<\/p>\n<\/div>\n<\/div>\n<\/div>\n<\/div>\n<div class=\"z-0 flex min-h-[46px] justify-start\"><\/div>\n<\/div>\n<\/div>\n<\/article>\n<\/div>\n<div class=\"pointer-events-none h-px w-px absolute bottom-0\" aria-hidden=\"true\" data-edge=\"true\"><\/div>\n","protected":false},"excerpt":{"rendered":"<p>YouDrop FF pilnas sejas velosip\u0113da \u0137ivere ir dro\u0161a un \u0113rta izv\u0113le b\u0113rniem un jaunie\u0161iem, kas brauc ar l\u012bdzsvara velosip\u0113du vai kalnu velosip\u0113du. No\u0146emamais zoda aizsargs pal\u012bdz pasarg\u0101t \u017eokli un zodu, bet nepiecie\u0161am\u012bbas gad\u012bjum\u0101 to var viegli no\u0146emt un izmantot \u0137iveri k\u0101 atv\u0113rta tipa velosip\u0113da \u0137iveri ikdienas braucieniem. P\u0101rdom\u0101t\u0101 ventil\u0101cijas sist\u0113ma nodro\u0161ina labu gaisa pl\u016bsmu un [&hellip;]<\/p>\n","protected":false},"featured_media":36285,"template":"","meta":{"_monsterinsights_skip_tracking":false,"_monsterinsights_sitenote_active":false,"_monsterinsights_sitenote_note":"","_monsterinsights_sitenote_category":0,"_iconic_wsb_product_page_order_bump_ids":[[]],"_sku":[],"_iconic_wsb_product_page_bump_modal_ids":[[]]},"product_brand":[1346],"product_cat":[910,992,995,1727,1137],"product_tag":[214,881,880,215,882,217],"class_list":{"0":"post-36284","1":"product","2":"type-product","3":"status-publish","4":"has-post-thumbnail","6":"product_brand-abus","7":"product_cat-aksesuari","8":"product_cat-kiveres","9":"product_cat-kiveres-pusaudziem","10":"product_cat-mtb-kiveres","11":"product_cat-viss-ekipejums","12":"product_tag-aizsargkiveres","13":"product_tag-aizsargkiveres-berniem","14":"product_tag-aizsargkiveres-pusaudziem","15":"product_tag-kiveres","16":"product_tag-kiveres-berniem","17":"product_tag-kiveres-pusaudziem","18":"product_shipping_class-aksesuari","19":"ts_product_brand-abus","21":"first","22":"instock","23":"taxable","24":"shipping-taxable","25":"purchasable","26":"product-type-variable","27":"has-default-attributes","28":"wvs-archive-product-wrapper"},"yoast_head":"<!-- This site is optimized with the Yoast SEO plugin v27.2 - https:\/\/yoast.com\/product\/yoast-seo-wordpress\/ -->\n<title>YOUDROP FF midnight blue - Velo Outlets<\/title>\n<meta name=\"robots\" content=\"index, follow, max-snippet:-1, max-image-preview:large, max-video-preview:-1\" \/>\n<link rel=\"canonical\" href=\"https:\/\/velooutlets.com\/en\/product\/youdrop-ff-midnight-blue\/\" \/>\n<meta property=\"og:locale\" content=\"en_US\" \/>\n<meta property=\"og:type\" content=\"article\" \/>\n<meta property=\"og:title\" content=\"YOUDROP FF midnight blue - Velo Outlets\" \/>\n<meta property=\"og:description\" content=\"YouDrop FF pilnas sejas velosip\u0113da \u0137ivere ir dro\u0161a un \u0113rta izv\u0113le b\u0113rniem un jaunie\u0161iem, kas brauc ar l\u012bdzsvara velosip\u0113du vai kalnu velosip\u0113du. No\u0146emamais zoda aizsargs pal\u012bdz pasarg\u0101t \u017eokli un zodu, bet nepiecie\u0161am\u012bbas gad\u012bjum\u0101 to var viegli no\u0146emt un izmantot \u0137iveri k\u0101 atv\u0113rta tipa velosip\u0113da \u0137iveri ikdienas braucieniem. P\u0101rdom\u0101t\u0101 ventil\u0101cijas sist\u0113ma nodro\u0161ina labu gaisa pl\u016bsmu un [&hellip;]\" \/>\n<meta property=\"og:url\" content=\"https:\/\/velooutlets.com\/en\/product\/youdrop-ff-midnight-blue\/\" \/>\n<meta property=\"og:site_name\" content=\"Velo Outlets\" \/>\n<meta property=\"article:modified_time\" content=\"2026-03-19T06:21:01+00:00\" \/>\n<meta property=\"og:image\" content=\"https:\/\/velooutlets.com\/wp-content\/uploads\/2026\/03\/kivere-abus-youdrop-ff-midnight-blue.jpg\" \/>\n\t<meta property=\"og:image:width\" content=\"2000\" \/>\n\t<meta property=\"og:image:height\" content=\"1794\" \/>\n\t<meta property=\"og:image:type\" content=\"image\/jpeg\" \/>\n<meta name=\"twitter:card\" content=\"summary_large_image\" \/>\n<meta name=\"twitter:label1\" content=\"Est. reading time\" \/>\n\t<meta name=\"twitter:data1\" content=\"1 minute\" \/>\n<script type=\"application\/ld+json\" class=\"yoast-schema-graph\">{\"@context\":\"https:\/\/schema.org\",\"@graph\":[{\"@type\":\"WebPage\",\"@id\":\"https:\/\/velooutlets.com\/products\/youdrop-ff-midnight-blue\/\",\"url\":\"https:\/\/velooutlets.com\/products\/youdrop-ff-midnight-blue\/\",\"name\":\"YOUDROP FF midnight blue - Velo Outlets\",\"isPartOf\":{\"@id\":\"https:\/\/velooutlets.com\/en\/#website\"},\"primaryImageOfPage\":{\"@id\":\"https:\/\/velooutlets.com\/products\/youdrop-ff-midnight-blue\/#primaryimage\"},\"image\":{\"@id\":\"https:\/\/velooutlets.com\/products\/youdrop-ff-midnight-blue\/#primaryimage\"},\"thumbnailUrl\":\"https:\/\/velooutlets.com\/wp-content\/uploads\/2026\/03\/kivere-abus-youdrop-ff-midnight-blue.jpg\",\"datePublished\":\"2026-03-18T23:36:11+00:00\",\"dateModified\":\"2026-03-19T06:21:01+00:00\",\"breadcrumb\":{\"@id\":\"https:\/\/velooutlets.com\/products\/youdrop-ff-midnight-blue\/#breadcrumb\"},\"inLanguage\":\"en-US\",\"potentialAction\":[{\"@type\":\"ReadAction\",\"target\":[\"https:\/\/velooutlets.com\/products\/youdrop-ff-midnight-blue\/\"]}]},{\"@type\":\"ImageObject\",\"inLanguage\":\"en-US\",\"@id\":\"https:\/\/velooutlets.com\/products\/youdrop-ff-midnight-blue\/#primaryimage\",\"url\":\"https:\/\/velooutlets.com\/wp-content\/uploads\/2026\/03\/kivere-abus-youdrop-ff-midnight-blue.jpg\",\"contentUrl\":\"https:\/\/velooutlets.com\/wp-content\/uploads\/2026\/03\/kivere-abus-youdrop-ff-midnight-blue.jpg\",\"width\":2000,\"height\":1794,\"caption\":\"Abus \u0137ivere\"},{\"@type\":\"BreadcrumbList\",\"@id\":\"https:\/\/velooutlets.com\/products\/youdrop-ff-midnight-blue\/#breadcrumb\",\"itemListElement\":[{\"@type\":\"ListItem\",\"position\":1,\"name\":\"Home\",\"item\":\"https:\/\/velooutlets.com\/\"},{\"@type\":\"ListItem\",\"position\":2,\"name\":\"Veikals\",\"item\":\"https:\/\/velooutlets.com\/shop\/\"},{\"@type\":\"ListItem\",\"position\":3,\"name\":\"YOUDROP FF midnight blue\"}]},{\"@type\":\"WebSite\",\"@id\":\"https:\/\/velooutlets.com\/en\/#website\",\"url\":\"https:\/\/velooutlets.com\/en\/\",\"name\":\"Velo Outlets\",\"description\":\"Velosip\u0113di visai \u0123imenei\",\"potentialAction\":[{\"@type\":\"SearchAction\",\"target\":{\"@type\":\"EntryPoint\",\"urlTemplate\":\"https:\/\/velooutlets.com\/en\/?s={search_term_string}\"},\"query-input\":{\"@type\":\"PropertyValueSpecification\",\"valueRequired\":true,\"valueName\":\"search_term_string\"}}],\"inLanguage\":\"en-US\"}]}<\/script>\n<!-- \/ Yoast SEO plugin. -->","yoast_head_json":{"title":"YOUDROP FF midnight blue - Velo Outlets","robots":{"index":"index","follow":"follow","max-snippet":"max-snippet:-1","max-image-preview":"max-image-preview:large","max-video-preview":"max-video-preview:-1"},"canonical":"https:\/\/velooutlets.com\/en\/product\/youdrop-ff-midnight-blue\/","og_locale":"en_US","og_type":"article","og_title":"YOUDROP FF midnight blue - Velo Outlets","og_description":"YouDrop FF pilnas sejas velosip\u0113da \u0137ivere ir dro\u0161a un \u0113rta izv\u0113le b\u0113rniem un jaunie\u0161iem, kas brauc ar l\u012bdzsvara velosip\u0113du vai kalnu velosip\u0113du. No\u0146emamais zoda aizsargs pal\u012bdz pasarg\u0101t \u017eokli un zodu, bet nepiecie\u0161am\u012bbas gad\u012bjum\u0101 to var viegli no\u0146emt un izmantot \u0137iveri k\u0101 atv\u0113rta tipa velosip\u0113da \u0137iveri ikdienas braucieniem. P\u0101rdom\u0101t\u0101 ventil\u0101cijas sist\u0113ma nodro\u0161ina labu gaisa pl\u016bsmu un [&hellip;]","og_url":"https:\/\/velooutlets.com\/en\/product\/youdrop-ff-midnight-blue\/","og_site_name":"Velo Outlets","article_modified_time":"2026-03-19T06:21:01+00:00","og_image":[{"width":2000,"height":1794,"url":"https:\/\/velooutlets.com\/wp-content\/uploads\/2026\/03\/kivere-abus-youdrop-ff-midnight-blue.jpg","type":"image\/jpeg"}],"twitter_card":"summary_large_image","twitter_misc":{"Est. reading time":"1 minute"},"schema":{"@context":"https:\/\/schema.org","@graph":[{"@type":"WebPage","@id":"https:\/\/velooutlets.com\/products\/youdrop-ff-midnight-blue\/","url":"https:\/\/velooutlets.com\/products\/youdrop-ff-midnight-blue\/","name":"YOUDROP FF midnight blue - Velo Outlets","isPartOf":{"@id":"https:\/\/velooutlets.com\/en\/#website"},"primaryImageOfPage":{"@id":"https:\/\/velooutlets.com\/products\/youdrop-ff-midnight-blue\/#primaryimage"},"image":{"@id":"https:\/\/velooutlets.com\/products\/youdrop-ff-midnight-blue\/#primaryimage"},"thumbnailUrl":"https:\/\/velooutlets.com\/wp-content\/uploads\/2026\/03\/kivere-abus-youdrop-ff-midnight-blue.jpg","datePublished":"2026-03-18T23:36:11+00:00","dateModified":"2026-03-19T06:21:01+00:00","breadcrumb":{"@id":"https:\/\/velooutlets.com\/products\/youdrop-ff-midnight-blue\/#breadcrumb"},"inLanguage":"en-US","potentialAction":[{"@type":"ReadAction","target":["https:\/\/velooutlets.com\/products\/youdrop-ff-midnight-blue\/"]}]},{"@type":"ImageObject","inLanguage":"en-US","@id":"https:\/\/velooutlets.com\/products\/youdrop-ff-midnight-blue\/#primaryimage","url":"https:\/\/velooutlets.com\/wp-content\/uploads\/2026\/03\/kivere-abus-youdrop-ff-midnight-blue.jpg","contentUrl":"https:\/\/velooutlets.com\/wp-content\/uploads\/2026\/03\/kivere-abus-youdrop-ff-midnight-blue.jpg","width":2000,"height":1794,"caption":"Abus \u0137ivere"},{"@type":"BreadcrumbList","@id":"https:\/\/velooutlets.com\/products\/youdrop-ff-midnight-blue\/#breadcrumb","itemListElement":[{"@type":"ListItem","position":1,"name":"Home","item":"https:\/\/velooutlets.com\/"},{"@type":"ListItem","position":2,"name":"Veikals","item":"https:\/\/velooutlets.com\/shop\/"},{"@type":"ListItem","position":3,"name":"YOUDROP FF midnight blue"}]},{"@type":"WebSite","@id":"https:\/\/velooutlets.com\/en\/#website","url":"https:\/\/velooutlets.com\/en\/","name":"Velo Outlets","description":"Velosip\u0113di visai \u0123imenei","potentialAction":[{"@type":"SearchAction","target":{"@type":"EntryPoint","urlTemplate":"https:\/\/velooutlets.com\/en\/?s={search_term_string}"},"query-input":{"@type":"PropertyValueSpecification","valueRequired":true,"valueName":"search_term_string"}}],"inLanguage":"en-US"}]}},"jetpack_sharing_enabled":true,"_links":{"self":[{"href":"https:\/\/velooutlets.com\/en\/wp-json\/wp\/v2\/product\/36284","targetHints":{"allow":["GET"]}}],"collection":[{"href":"https:\/\/velooutlets.com\/en\/wp-json\/wp\/v2\/product"}],"about":[{"href":"https:\/\/velooutlets.com\/en\/wp-json\/wp\/v2\/types\/product"}],"wp:featuredmedia":[{"embeddable":true,"href":"https:\/\/velooutlets.com\/en\/wp-json\/wp\/v2\/media\/36285"}],"wp:attachment":[{"href":"https:\/\/velooutlets.com\/en\/wp-json\/wp\/v2\/media?parent=36284"}],"wp:term":[{"taxonomy":"product_brand","embeddable":true,"href":"https:\/\/velooutlets.com\/en\/wp-json\/wp\/v2\/product_brand?post=36284"},{"taxonomy":"product_cat","embeddable":true,"href":"https:\/\/velooutlets.com\/en\/wp-json\/wp\/v2\/product_cat?post=36284"},{"taxonomy":"product_tag","embeddable":true,"href":"https:\/\/velooutlets.com\/en\/wp-json\/wp\/v2\/product_tag?post=36284"}],"curies":[{"name":"wp","href":"https:\/\/api.w.org\/{rel}","templated":true}]}}