{"id":36524,"date":"2026-03-16T16:08:56","date_gmt":"2026-03-16T14:08:56","guid":{"rendered":"https:\/\/velooutlets.com\/?post_type=product&#038;p=36524"},"modified":"2026-04-01T17:06:59","modified_gmt":"2026-04-01T14:06:59","slug":"ixs-xult-dh-full-face-helmet-lagoon","status":"publish","type":"product","link":"https:\/\/velooutlets.com\/en\/product\/ixs-xult-dh-full-face-helmet-lagoon\/","title":{"rendered":"IXS Xult DH Full Face Helmet Lagoon (S\/M)"},"content":{"rendered":"<p data-start=\"0\" data-end=\"285\">The Xult DH Full Face Helmet is a premium full face helmet designed for riders with an active and dynamic lifestyle. It provides the perfect balance between maximum protection, low weight and effective ventilation for a safe and comfortable ride even in the most intense conditions.<\/p>\n<p data-start=\"287\" data-end=\"612\">The helmet is made using FRP technology, or fibre-reinforced polymer, which makes the shell both durable and lightweight. The Xmatter and Xrail shock-absorbing layer integrated inside helps reduce the impact and rotational forces, thus increasing the level of protection and reducing the risk of injury.<\/p>\n<p data-start=\"614\" data-end=\"936\">The Vortex ventilation duct system ensures continuous air circulation and efficient cooling. Ergonomic cheek pads and soft inner padding guarantee a comfortable fit, and the padding is removable and washable. The adjustable visor and the secure Double D fastening ensure a stable and reliable hold.<\/p>\n<p data-start=\"938\" data-end=\"1067\" data-is-last-node=\"\" data-is-only-node=\"\">The helmet complies with international safety standards EN1078:2012+A1, CPSC, ASTM F1952 15 and F1446 15b as well as KC certification.<\/p>\n<div style=\"font-family: Arial, sans-serif; margin: 20px 0; color: #111;\">\n<div style=\"border: 1px solid #e7e7e7; border-radius: 12px; background: #fff; overflow: hidden;\">\n<div style=\"background: #111; color: #fff; padding: 12px 16px;\">\n<div style=\"font-size: 11px; letter-spacing: 1px; text-transform: uppercase; opacity: 0.8;\">iXS Xult DH Full Face<\/div>\n<div style=\"font-size: 16px; font-weight: 600; margin-top: 2px;\">Size guide<\/div>\n<\/div>\n<div style=\"padding: 14px 16px;\">\n<div style=\"display: grid; grid-template-columns: repeat(auto-fit,minmax(120px,1fr)); gap: 10px; margin-bottom: 12px;\">\n<div style=\"border: 1px solid #ececec; border-radius: 10px; padding: 10px 12px; background: #fafafa;\">\n<div style=\"font-size: 10px; text-transform: uppercase; letter-spacing: .7px; color: #666;\">Size<\/div>\n<div style=\"font-size: 18px; font-weight: bold; margin-top: 2px;\">SM<\/div>\n<div style=\"font-size: 13px; font-weight: 600; margin-top: 3px;\">53-56 cm<\/div>\n<\/div>\n<div style=\"border: 1px solid #ececec; border-radius: 10px; padding: 10px 12px; background: #fafafa;\">\n<div style=\"font-size: 10px; text-transform: uppercase; letter-spacing: .7px; color: #666;\">Size<\/div>\n<div style=\"font-size: 18px; font-weight: bold; margin-top: 2px;\">ML<\/div>\n<div style=\"font-size: 13px; font-weight: 600; margin-top: 3px;\">57-59 cm<\/div>\n<\/div>\n<div style=\"border: 1px solid #ececec; border-radius: 10px; padding: 10px 12px; background: #fafafa;\">\n<div style=\"font-size: 10px; text-transform: uppercase; letter-spacing: .7px; color: #666;\">Size<\/div>\n<div style=\"font-size: 18px; font-weight: bold; margin-top: 2px;\">LXL<\/div>\n<div style=\"font-size: 13px; font-weight: 600; margin-top: 3px;\">60-62 cm<\/div>\n<\/div>\n<\/div>\n<div style=\"border-top: 1px solid #efefef; padding-top: 10px; font-size: 12px; color: #555; line-height: 1.5;\">Measure the circumference of your head about 1 cm above your eyebrows and choose the appropriate size.<\/div>\n<\/div>\n<\/div>\n<\/div>","protected":false},"excerpt":{"rendered":"<p>S\/M size<\/p>","protected":false},"featured_media":36526,"template":"","meta":{"_monsterinsights_skip_tracking":false,"_monsterinsights_sitenote_active":false,"_monsterinsights_sitenote_note":"","_monsterinsights_sitenote_category":0,"_iconic_wsb_product_page_order_bump_ids":[[]],"_sku":["7613019497780"],"_iconic_wsb_product_page_bump_modal_ids":[[]]},"product_brand":[1728],"product_cat":[910,992,994,1727,1137],"product_tag":[],"class_list":{"0":"post-36524","1":"product","2":"type-product","3":"status-publish","4":"has-post-thumbnail","6":"product_brand-ixs","7":"product_cat-aksesuari","8":"product_cat-kiveres","9":"product_cat-aizsargkiveres-pieaugusajiem","10":"product_cat-mtb-kiveres","11":"product_cat-viss-ekipejums","12":"product_shipping_class-aksesuari","14":"first","15":"instock","16":"sale","17":"taxable","18":"shipping-taxable","19":"purchasable","20":"product-type-simple"},"yoast_head":"<!-- This site is optimized with the Yoast SEO plugin v27.2 - https:\/\/yoast.com\/product\/yoast-seo-wordpress\/ -->\n<title>IXS Xult DH Full Face Helmet Lagoon (S\/M) - Velo Outlets<\/title>\n<meta name=\"description\" content=\"Trigger FF velo \u0137ivere ar \u012bpa\u0161i vieglu konstrukciju un izcilu ventil\u0101ciju. Maksim\u0101la aizsardz\u012bba un komforts MTB, enduro un trail braucieniem.\" \/>\n<meta name=\"robots\" content=\"index, follow, max-snippet:-1, max-image-preview:large, max-video-preview:-1\" \/>\n<link rel=\"canonical\" href=\"https:\/\/velooutlets.com\/en\/product\/ixs-xult-dh-full-face-helmet-lagoon\/\" \/>\n<meta property=\"og:locale\" content=\"en_US\" \/>\n<meta property=\"og:type\" content=\"article\" \/>\n<meta property=\"og:title\" content=\"IXS Xult DH Full Face Helmet Lagoon (S\/M) - Velo Outlets\" \/>\n<meta property=\"og:description\" content=\"Trigger FF velo \u0137ivere ar \u012bpa\u0161i vieglu konstrukciju un izcilu ventil\u0101ciju. Maksim\u0101la aizsardz\u012bba un komforts MTB, enduro un trail braucieniem.\" \/>\n<meta property=\"og:url\" content=\"https:\/\/velooutlets.com\/en\/product\/ixs-xult-dh-full-face-helmet-lagoon\/\" \/>\n<meta property=\"og:site_name\" content=\"Velo Outlets\" \/>\n<meta property=\"article:modified_time\" content=\"2026-04-01T14:06:59+00:00\" \/>\n<meta property=\"og:image\" content=\"https:\/\/velooutlets.com\/wp-content\/uploads\/2026\/03\/MTB_Velosipeda_Kivere_VeloOutlets.jpg\" \/>\n\t<meta property=\"og:image:width\" content=\"1000\" \/>\n\t<meta property=\"og:image:height\" content=\"1000\" \/>\n\t<meta property=\"og:image:type\" content=\"image\/jpeg\" \/>\n<meta name=\"twitter:card\" content=\"summary_large_image\" \/>\n<meta name=\"twitter:label1\" content=\"Est. reading time\" \/>\n\t<meta name=\"twitter:data1\" content=\"2 minutes\" \/>\n<script type=\"application\/ld+json\" class=\"yoast-schema-graph\">{\"@context\":\"https:\/\/schema.org\",\"@graph\":[{\"@type\":\"WebPage\",\"@id\":\"https:\/\/velooutlets.com\/products\/ixs-xult-dh-full-face-helmet-lagoon\/\",\"url\":\"https:\/\/velooutlets.com\/products\/ixs-xult-dh-full-face-helmet-lagoon\/\",\"name\":\"IXS Xult DH Full Face Helmet Lagoon (S\/M) - Velo Outlets\",\"isPartOf\":{\"@id\":\"https:\/\/velooutlets.com\/en\/#website\"},\"primaryImageOfPage\":{\"@id\":\"https:\/\/velooutlets.com\/products\/ixs-xult-dh-full-face-helmet-lagoon\/#primaryimage\"},\"image\":{\"@id\":\"https:\/\/velooutlets.com\/products\/ixs-xult-dh-full-face-helmet-lagoon\/#primaryimage\"},\"thumbnailUrl\":\"https:\/\/velooutlets.com\/wp-content\/uploads\/2026\/03\/ixs-xult-dh-helm-17-1088853.jpg\",\"datePublished\":\"2026-03-16T14:08:56+00:00\",\"dateModified\":\"2026-04-01T14:06:59+00:00\",\"description\":\"Trigger FF velo \u0137ivere ar \u012bpa\u0161i vieglu konstrukciju un izcilu ventil\u0101ciju. Maksim\u0101la aizsardz\u012bba un komforts MTB, enduro un trail braucieniem.\",\"breadcrumb\":{\"@id\":\"https:\/\/velooutlets.com\/products\/ixs-xult-dh-full-face-helmet-lagoon\/#breadcrumb\"},\"inLanguage\":\"en-US\",\"potentialAction\":[{\"@type\":\"ReadAction\",\"target\":[\"https:\/\/velooutlets.com\/products\/ixs-xult-dh-full-face-helmet-lagoon\/\"]}]},{\"@type\":\"ImageObject\",\"inLanguage\":\"en-US\",\"@id\":\"https:\/\/velooutlets.com\/products\/ixs-xult-dh-full-face-helmet-lagoon\/#primaryimage\",\"url\":\"https:\/\/velooutlets.com\/wp-content\/uploads\/2026\/03\/ixs-xult-dh-helm-17-1088853.jpg\",\"contentUrl\":\"https:\/\/velooutlets.com\/wp-content\/uploads\/2026\/03\/ixs-xult-dh-helm-17-1088853.jpg\",\"width\":1200,\"height\":1200,\"caption\":\"IXS \u0137ivere Velosip\u0113da aksesu\u0101ri velosip\u0113da \u0137ivere\"},{\"@type\":\"BreadcrumbList\",\"@id\":\"https:\/\/velooutlets.com\/products\/ixs-xult-dh-full-face-helmet-lagoon\/#breadcrumb\",\"itemListElement\":[{\"@type\":\"ListItem\",\"position\":1,\"name\":\"Home\",\"item\":\"https:\/\/velooutlets.com\/\"},{\"@type\":\"ListItem\",\"position\":2,\"name\":\"Veikals\",\"item\":\"https:\/\/velooutlets.com\/shop\/\"},{\"@type\":\"ListItem\",\"position\":3,\"name\":\"IXS Xult DH Full Face Helmet Lagoon (S\/M)\"}]},{\"@type\":\"WebSite\",\"@id\":\"https:\/\/velooutlets.com\/en\/#website\",\"url\":\"https:\/\/velooutlets.com\/en\/\",\"name\":\"Velo Outlets\",\"description\":\"Velosip\u0113di visai \u0123imenei\",\"potentialAction\":[{\"@type\":\"SearchAction\",\"target\":{\"@type\":\"EntryPoint\",\"urlTemplate\":\"https:\/\/velooutlets.com\/en\/?s={search_term_string}\"},\"query-input\":{\"@type\":\"PropertyValueSpecification\",\"valueRequired\":true,\"valueName\":\"search_term_string\"}}],\"inLanguage\":\"en-US\"}]}<\/script>\n<!-- \/ Yoast SEO plugin. -->","yoast_head_json":{"title":"IXS Xult DH Full Face Helmet Lagoon (S\/M) - Velo Outlets","description":"Trigger FF velo \u0137ivere ar \u012bpa\u0161i vieglu konstrukciju un izcilu ventil\u0101ciju. Maksim\u0101la aizsardz\u012bba un komforts MTB, enduro un trail braucieniem.","robots":{"index":"index","follow":"follow","max-snippet":"max-snippet:-1","max-image-preview":"max-image-preview:large","max-video-preview":"max-video-preview:-1"},"canonical":"https:\/\/velooutlets.com\/en\/product\/ixs-xult-dh-full-face-helmet-lagoon\/","og_locale":"en_US","og_type":"article","og_title":"IXS Xult DH Full Face Helmet Lagoon (S\/M) - Velo Outlets","og_description":"Trigger FF velo \u0137ivere ar \u012bpa\u0161i vieglu konstrukciju un izcilu ventil\u0101ciju. Maksim\u0101la aizsardz\u012bba un komforts MTB, enduro un trail braucieniem.","og_url":"https:\/\/velooutlets.com\/en\/product\/ixs-xult-dh-full-face-helmet-lagoon\/","og_site_name":"Velo Outlets","article_modified_time":"2026-04-01T14:06:59+00:00","og_image":[{"width":1000,"height":1000,"url":"https:\/\/velooutlets.com\/wp-content\/uploads\/2026\/03\/MTB_Velosipeda_Kivere_VeloOutlets.jpg","type":"image\/jpeg"}],"twitter_card":"summary_large_image","twitter_misc":{"Est. reading time":"2 minutes"},"schema":{"@context":"https:\/\/schema.org","@graph":[{"@type":"WebPage","@id":"https:\/\/velooutlets.com\/products\/ixs-xult-dh-full-face-helmet-lagoon\/","url":"https:\/\/velooutlets.com\/products\/ixs-xult-dh-full-face-helmet-lagoon\/","name":"IXS Xult DH Full Face Helmet Lagoon (S\/M) - Velo Outlets","isPartOf":{"@id":"https:\/\/velooutlets.com\/en\/#website"},"primaryImageOfPage":{"@id":"https:\/\/velooutlets.com\/products\/ixs-xult-dh-full-face-helmet-lagoon\/#primaryimage"},"image":{"@id":"https:\/\/velooutlets.com\/products\/ixs-xult-dh-full-face-helmet-lagoon\/#primaryimage"},"thumbnailUrl":"https:\/\/velooutlets.com\/wp-content\/uploads\/2026\/03\/ixs-xult-dh-helm-17-1088853.jpg","datePublished":"2026-03-16T14:08:56+00:00","dateModified":"2026-04-01T14:06:59+00:00","description":"Trigger FF velo \u0137ivere ar \u012bpa\u0161i vieglu konstrukciju un izcilu ventil\u0101ciju. Maksim\u0101la aizsardz\u012bba un komforts MTB, enduro un trail braucieniem.","breadcrumb":{"@id":"https:\/\/velooutlets.com\/products\/ixs-xult-dh-full-face-helmet-lagoon\/#breadcrumb"},"inLanguage":"en-US","potentialAction":[{"@type":"ReadAction","target":["https:\/\/velooutlets.com\/products\/ixs-xult-dh-full-face-helmet-lagoon\/"]}]},{"@type":"ImageObject","inLanguage":"en-US","@id":"https:\/\/velooutlets.com\/products\/ixs-xult-dh-full-face-helmet-lagoon\/#primaryimage","url":"https:\/\/velooutlets.com\/wp-content\/uploads\/2026\/03\/ixs-xult-dh-helm-17-1088853.jpg","contentUrl":"https:\/\/velooutlets.com\/wp-content\/uploads\/2026\/03\/ixs-xult-dh-helm-17-1088853.jpg","width":1200,"height":1200,"caption":"IXS \u0137ivere Velosip\u0113da aksesu\u0101ri velosip\u0113da \u0137ivere"},{"@type":"BreadcrumbList","@id":"https:\/\/velooutlets.com\/products\/ixs-xult-dh-full-face-helmet-lagoon\/#breadcrumb","itemListElement":[{"@type":"ListItem","position":1,"name":"Home","item":"https:\/\/velooutlets.com\/"},{"@type":"ListItem","position":2,"name":"Veikals","item":"https:\/\/velooutlets.com\/shop\/"},{"@type":"ListItem","position":3,"name":"IXS Xult DH Full Face Helmet Lagoon (S\/M)"}]},{"@type":"WebSite","@id":"https:\/\/velooutlets.com\/en\/#website","url":"https:\/\/velooutlets.com\/en\/","name":"Velo Outlets","description":"Velosip\u0113di visai \u0123imenei","potentialAction":[{"@type":"SearchAction","target":{"@type":"EntryPoint","urlTemplate":"https:\/\/velooutlets.com\/en\/?s={search_term_string}"},"query-input":{"@type":"PropertyValueSpecification","valueRequired":true,"valueName":"search_term_string"}}],"inLanguage":"en-US"}]}},"jetpack_sharing_enabled":true,"_links":{"self":[{"href":"https:\/\/velooutlets.com\/en\/wp-json\/wp\/v2\/product\/36524","targetHints":{"allow":["GET"]}}],"collection":[{"href":"https:\/\/velooutlets.com\/en\/wp-json\/wp\/v2\/product"}],"about":[{"href":"https:\/\/velooutlets.com\/en\/wp-json\/wp\/v2\/types\/product"}],"wp:featuredmedia":[{"embeddable":true,"href":"https:\/\/velooutlets.com\/en\/wp-json\/wp\/v2\/media\/36526"}],"wp:attachment":[{"href":"https:\/\/velooutlets.com\/en\/wp-json\/wp\/v2\/media?parent=36524"}],"wp:term":[{"taxonomy":"product_brand","embeddable":true,"href":"https:\/\/velooutlets.com\/en\/wp-json\/wp\/v2\/product_brand?post=36524"},{"taxonomy":"product_cat","embeddable":true,"href":"https:\/\/velooutlets.com\/en\/wp-json\/wp\/v2\/product_cat?post=36524"},{"taxonomy":"product_tag","embeddable":true,"href":"https:\/\/velooutlets.com\/en\/wp-json\/wp\/v2\/product_tag?post=36524"}],"curies":[{"name":"wp","href":"https:\/\/api.w.org\/{rel}","templated":true}]}}