{"id":36869,"date":"2026-03-18T15:53:48","date_gmt":"2026-03-18T13:53:48","guid":{"rendered":"https:\/\/velooutlets.com\/?post_type=product&#038;p=36869"},"modified":"2026-04-01T17:07:58","modified_gmt":"2026-04-01T14:07:58","slug":"ivy-kedes-sledzene-85cm","status":"publish","type":"product","link":"https:\/\/velooutlets.com\/en\/product\/ivy-kedes-sledzene-85cm\/","title":{"rendered":"Ivy Chain 9210 \u0137\u0113des sl\u0113dzene 85cm (atsl\u0113ga)"},"content":{"rendered":"<p>Premium klases \u0137\u0113des sl\u0113dzene ar augstu dro\u0161\u012bbas l\u012bmeni, kas paredz\u0113ta velosip\u0113du aizsardz\u012bbai augsta riska zon\u0101s. Bieza r\u016bd\u012bta t\u0113rauda \u0137\u0113de nodro\u0161ina izcilu iztur\u012bbu pret grie\u0161anu un lau\u0161anu. Tekstila p\u0101rkl\u0101jums pasarg\u0101 r\u0101mi no skr\u0101p\u0113jumiem un nodro\u0161ina \u0113rtu lieto\u0161anu.<\/p>","protected":false},"excerpt":{"rendered":"<p>Premium klases \u0137\u0113des sl\u0113dzene ar augstu dro\u0161\u012bbas l\u012bmeni, kas paredz\u0113ta velosip\u0113du aizsardz\u012bbai augsta riska zon\u0101s. Bieza r\u016bd\u012bta t\u0113rauda \u0137\u0113de nodro\u0161ina izcilu iztur\u012bbu pret grie\u0161anu un lau\u0161anu. Tekstila p\u0101rkl\u0101jums pasarg\u0101 r\u0101mi no skr\u0101p\u0113jumiem un nodro\u0161ina \u0113rtu lieto\u0161anu.<\/p>","protected":false},"featured_media":37289,"template":"","meta":{"_monsterinsights_skip_tracking":false,"_monsterinsights_sitenote_active":false,"_monsterinsights_sitenote_note":"","_monsterinsights_sitenote_category":0,"_iconic_wsb_product_page_order_bump_ids":[],"_sku":["4003318886911"],"_iconic_wsb_product_page_bump_modal_ids":[]},"product_brand":[1346],"product_cat":[910,1743,1114,1740],"product_tag":[221,210],"class_list":{"0":"post-36869","1":"product","2":"type-product","3":"status-publish","4":"has-post-thumbnail","6":"product_brand-abus","7":"product_cat-aksesuari","8":"product_cat-kezu-sledzenes","9":"product_cat-velo-sasledzeji","10":"product_cat-velosipedu-sledzenes","11":"product_tag-aksesuari","12":"product_tag-velo-sasledzeji","13":"product_shipping_class-aksesuari","15":"first","16":"instock","17":"taxable","18":"shipping-taxable","19":"purchasable","20":"product-type-simple"},"yoast_head":"<!-- This site is optimized with the Yoast SEO plugin v27.2 - https:\/\/yoast.com\/product\/yoast-seo-wordpress\/ -->\n<title>Ivy Chain 9210 \u0137\u0113des sl\u0113dzene 85cm (atsl\u0113ga) - Velo Outlets<\/title>\n<meta name=\"robots\" content=\"index, follow, max-snippet:-1, max-image-preview:large, max-video-preview:-1\" \/>\n<link rel=\"canonical\" href=\"https:\/\/velooutlets.com\/en\/product\/ivy-kedes-sledzene-85cm\/\" \/>\n<meta property=\"og:locale\" content=\"en_US\" \/>\n<meta property=\"og:type\" content=\"article\" \/>\n<meta property=\"og:title\" content=\"Ivy Chain 9210 \u0137\u0113des sl\u0113dzene 85cm (atsl\u0113ga) - Velo Outlets\" \/>\n<meta property=\"og:description\" content=\"Premium klases \u0137\u0113des sl\u0113dzene ar augstu dro\u0161\u012bbas l\u012bmeni, kas paredz\u0113ta velosip\u0113du aizsardz\u012bbai augsta riska zon\u0101s. Bieza r\u016bd\u012bta t\u0113rauda \u0137\u0113de nodro\u0161ina izcilu iztur\u012bbu pret grie\u0161anu un lau\u0161anu. Tekstila p\u0101rkl\u0101jums pasarg\u0101 r\u0101mi no skr\u0101p\u0113jumiem un nodro\u0161ina \u0113rtu lieto\u0161anu.\" \/>\n<meta property=\"og:url\" content=\"https:\/\/velooutlets.com\/en\/product\/ivy-kedes-sledzene-85cm\/\" \/>\n<meta property=\"og:site_name\" content=\"Velo Outlets\" \/>\n<meta property=\"article:modified_time\" content=\"2026-04-01T14:07:58+00:00\" \/>\n<meta property=\"og:image\" content=\"https:\/\/velooutlets.com\/wp-content\/uploads\/2026\/03\/1000197198.jpg\" \/>\n\t<meta property=\"og:image:width\" content=\"1200\" \/>\n\t<meta property=\"og:image:height\" content=\"1200\" \/>\n\t<meta property=\"og:image:type\" content=\"image\/jpeg\" \/>\n<meta name=\"twitter:card\" content=\"summary_large_image\" \/>\n<script type=\"application\/ld+json\" class=\"yoast-schema-graph\">{\"@context\":\"https:\/\/schema.org\",\"@graph\":[{\"@type\":\"WebPage\",\"@id\":\"https:\/\/velooutlets.com\/products\/ivy-kedes-sledzene-85cm\/\",\"url\":\"https:\/\/velooutlets.com\/products\/ivy-kedes-sledzene-85cm\/\",\"name\":\"Ivy Chain 9210 \u0137\u0113des sl\u0113dzene 85cm (atsl\u0113ga) - Velo Outlets\",\"isPartOf\":{\"@id\":\"https:\/\/velooutlets.com\/en\/#website\"},\"primaryImageOfPage\":{\"@id\":\"https:\/\/velooutlets.com\/products\/ivy-kedes-sledzene-85cm\/#primaryimage\"},\"image\":{\"@id\":\"https:\/\/velooutlets.com\/products\/ivy-kedes-sledzene-85cm\/#primaryimage\"},\"thumbnailUrl\":\"https:\/\/velooutlets.com\/wp-content\/uploads\/2026\/03\/1000197198.jpg\",\"datePublished\":\"2026-03-18T13:53:48+00:00\",\"dateModified\":\"2026-04-01T14:07:58+00:00\",\"breadcrumb\":{\"@id\":\"https:\/\/velooutlets.com\/products\/ivy-kedes-sledzene-85cm\/#breadcrumb\"},\"inLanguage\":\"en-US\",\"potentialAction\":[{\"@type\":\"ReadAction\",\"target\":[\"https:\/\/velooutlets.com\/products\/ivy-kedes-sledzene-85cm\/\"]}]},{\"@type\":\"ImageObject\",\"inLanguage\":\"en-US\",\"@id\":\"https:\/\/velooutlets.com\/products\/ivy-kedes-sledzene-85cm\/#primaryimage\",\"url\":\"https:\/\/velooutlets.com\/wp-content\/uploads\/2026\/03\/1000197198.jpg\",\"contentUrl\":\"https:\/\/velooutlets.com\/wp-content\/uploads\/2026\/03\/1000197198.jpg\",\"width\":1200,\"height\":1200},{\"@type\":\"BreadcrumbList\",\"@id\":\"https:\/\/velooutlets.com\/products\/ivy-kedes-sledzene-85cm\/#breadcrumb\",\"itemListElement\":[{\"@type\":\"ListItem\",\"position\":1,\"name\":\"Home\",\"item\":\"https:\/\/velooutlets.com\/\"},{\"@type\":\"ListItem\",\"position\":2,\"name\":\"Veikals\",\"item\":\"https:\/\/velooutlets.com\/shop\/\"},{\"@type\":\"ListItem\",\"position\":3,\"name\":\"Ivy Chain 9210 \u0137\u0113des sl\u0113dzene 85cm (atsl\u0113ga)\"}]},{\"@type\":\"WebSite\",\"@id\":\"https:\/\/velooutlets.com\/en\/#website\",\"url\":\"https:\/\/velooutlets.com\/en\/\",\"name\":\"Velo Outlets\",\"description\":\"Velosip\u0113di visai \u0123imenei\",\"potentialAction\":[{\"@type\":\"SearchAction\",\"target\":{\"@type\":\"EntryPoint\",\"urlTemplate\":\"https:\/\/velooutlets.com\/en\/?s={search_term_string}\"},\"query-input\":{\"@type\":\"PropertyValueSpecification\",\"valueRequired\":true,\"valueName\":\"search_term_string\"}}],\"inLanguage\":\"en-US\"}]}<\/script>\n<!-- \/ Yoast SEO plugin. -->","yoast_head_json":{"title":"Ivy Chain 9210 \u0137\u0113des sl\u0113dzene 85cm (atsl\u0113ga) - Velo Outlets","robots":{"index":"index","follow":"follow","max-snippet":"max-snippet:-1","max-image-preview":"max-image-preview:large","max-video-preview":"max-video-preview:-1"},"canonical":"https:\/\/velooutlets.com\/en\/product\/ivy-kedes-sledzene-85cm\/","og_locale":"en_US","og_type":"article","og_title":"Ivy Chain 9210 \u0137\u0113des sl\u0113dzene 85cm (atsl\u0113ga) - Velo Outlets","og_description":"Premium klases \u0137\u0113des sl\u0113dzene ar augstu dro\u0161\u012bbas l\u012bmeni, kas paredz\u0113ta velosip\u0113du aizsardz\u012bbai augsta riska zon\u0101s. Bieza r\u016bd\u012bta t\u0113rauda \u0137\u0113de nodro\u0161ina izcilu iztur\u012bbu pret grie\u0161anu un lau\u0161anu. Tekstila p\u0101rkl\u0101jums pasarg\u0101 r\u0101mi no skr\u0101p\u0113jumiem un nodro\u0161ina \u0113rtu lieto\u0161anu.","og_url":"https:\/\/velooutlets.com\/en\/product\/ivy-kedes-sledzene-85cm\/","og_site_name":"Velo Outlets","article_modified_time":"2026-04-01T14:07:58+00:00","og_image":[{"width":1200,"height":1200,"url":"https:\/\/velooutlets.com\/wp-content\/uploads\/2026\/03\/1000197198.jpg","type":"image\/jpeg"}],"twitter_card":"summary_large_image","schema":{"@context":"https:\/\/schema.org","@graph":[{"@type":"WebPage","@id":"https:\/\/velooutlets.com\/products\/ivy-kedes-sledzene-85cm\/","url":"https:\/\/velooutlets.com\/products\/ivy-kedes-sledzene-85cm\/","name":"Ivy Chain 9210 \u0137\u0113des sl\u0113dzene 85cm (atsl\u0113ga) - Velo Outlets","isPartOf":{"@id":"https:\/\/velooutlets.com\/en\/#website"},"primaryImageOfPage":{"@id":"https:\/\/velooutlets.com\/products\/ivy-kedes-sledzene-85cm\/#primaryimage"},"image":{"@id":"https:\/\/velooutlets.com\/products\/ivy-kedes-sledzene-85cm\/#primaryimage"},"thumbnailUrl":"https:\/\/velooutlets.com\/wp-content\/uploads\/2026\/03\/1000197198.jpg","datePublished":"2026-03-18T13:53:48+00:00","dateModified":"2026-04-01T14:07:58+00:00","breadcrumb":{"@id":"https:\/\/velooutlets.com\/products\/ivy-kedes-sledzene-85cm\/#breadcrumb"},"inLanguage":"en-US","potentialAction":[{"@type":"ReadAction","target":["https:\/\/velooutlets.com\/products\/ivy-kedes-sledzene-85cm\/"]}]},{"@type":"ImageObject","inLanguage":"en-US","@id":"https:\/\/velooutlets.com\/products\/ivy-kedes-sledzene-85cm\/#primaryimage","url":"https:\/\/velooutlets.com\/wp-content\/uploads\/2026\/03\/1000197198.jpg","contentUrl":"https:\/\/velooutlets.com\/wp-content\/uploads\/2026\/03\/1000197198.jpg","width":1200,"height":1200},{"@type":"BreadcrumbList","@id":"https:\/\/velooutlets.com\/products\/ivy-kedes-sledzene-85cm\/#breadcrumb","itemListElement":[{"@type":"ListItem","position":1,"name":"Home","item":"https:\/\/velooutlets.com\/"},{"@type":"ListItem","position":2,"name":"Veikals","item":"https:\/\/velooutlets.com\/shop\/"},{"@type":"ListItem","position":3,"name":"Ivy Chain 9210 \u0137\u0113des sl\u0113dzene 85cm (atsl\u0113ga)"}]},{"@type":"WebSite","@id":"https:\/\/velooutlets.com\/en\/#website","url":"https:\/\/velooutlets.com\/en\/","name":"Velo Outlets","description":"Velosip\u0113di visai \u0123imenei","potentialAction":[{"@type":"SearchAction","target":{"@type":"EntryPoint","urlTemplate":"https:\/\/velooutlets.com\/en\/?s={search_term_string}"},"query-input":{"@type":"PropertyValueSpecification","valueRequired":true,"valueName":"search_term_string"}}],"inLanguage":"en-US"}]}},"jetpack_sharing_enabled":true,"_links":{"self":[{"href":"https:\/\/velooutlets.com\/en\/wp-json\/wp\/v2\/product\/36869","targetHints":{"allow":["GET"]}}],"collection":[{"href":"https:\/\/velooutlets.com\/en\/wp-json\/wp\/v2\/product"}],"about":[{"href":"https:\/\/velooutlets.com\/en\/wp-json\/wp\/v2\/types\/product"}],"wp:featuredmedia":[{"embeddable":true,"href":"https:\/\/velooutlets.com\/en\/wp-json\/wp\/v2\/media\/37289"}],"wp:attachment":[{"href":"https:\/\/velooutlets.com\/en\/wp-json\/wp\/v2\/media?parent=36869"}],"wp:term":[{"taxonomy":"product_brand","embeddable":true,"href":"https:\/\/velooutlets.com\/en\/wp-json\/wp\/v2\/product_brand?post=36869"},{"taxonomy":"product_cat","embeddable":true,"href":"https:\/\/velooutlets.com\/en\/wp-json\/wp\/v2\/product_cat?post=36869"},{"taxonomy":"product_tag","embeddable":true,"href":"https:\/\/velooutlets.com\/en\/wp-json\/wp\/v2\/product_tag?post=36869"}],"curies":[{"name":"wp","href":"https:\/\/api.w.org\/{rel}","templated":true}]}}