{"id":36998,"date":"2026-03-19T03:06:58","date_gmt":"2026-03-19T01:06:58","guid":{"rendered":"https:\/\/velooutlets.com\/?post_type=product&#038;p=36998"},"modified":"2026-03-19T08:25:53","modified_gmt":"2026-03-19T06:25:53","slug":"modrop-polar-white","status":"publish","type":"product","link":"https:\/\/velooutlets.com\/en\/product\/modrop-polar-white\/","title":{"rendered":"MODROP polar white"},"content":{"rendered":"<p>The Abus MoDrop is a durable and versatile MTB helmet with excellent ventilation and a comfortable fit. Thanks to its internal construction, the helmet is stable yet lightweight, and the fit and straps can be individually adjusted. Ideal for trails, mountain bike touring or everyday use - safe, comfortable and practical.<\/p>","protected":false},"excerpt":{"rendered":"<p>The Abus MoDrop is a durable and versatile MTB helmet with excellent ventilation and a comfortable fit. Thanks to its internal construction, the helmet is stable yet lightweight, and the fit and straps can be individually adjusted. Ideal for trails, mountain bike touring or everyday use - safe, comfortable and practical.<\/p>","protected":false},"featured_media":37000,"template":"","meta":{"_monsterinsights_skip_tracking":false,"_monsterinsights_sitenote_active":false,"_monsterinsights_sitenote_note":"","_monsterinsights_sitenote_category":0,"_iconic_wsb_product_page_order_bump_ids":[[]],"_sku":[],"_iconic_wsb_product_page_bump_modal_ids":[[]]},"product_brand":[1346],"product_cat":[910,992,994,1727],"product_tag":[],"class_list":{"0":"post-36998","1":"product","2":"type-product","3":"status-publish","4":"has-post-thumbnail","6":"product_brand-abus","7":"product_cat-aksesuari","8":"product_cat-kiveres","9":"product_cat-aizsargkiveres-pieaugusajiem","10":"product_cat-mtb-kiveres","11":"ts_product_brand-abus","13":"first","14":"outofstock","15":"taxable","16":"shipping-taxable","17":"product-type-variable","18":"has-default-attributes","19":"wvs-archive-product-wrapper"},"yoast_head":"<!-- This site is optimized with the Yoast SEO plugin v27.2 - https:\/\/yoast.com\/product\/yoast-seo-wordpress\/ -->\n<title>MODROP polar white - Velo Outlets<\/title>\n<meta name=\"robots\" content=\"index, follow, max-snippet:-1, max-image-preview:large, max-video-preview:-1\" \/>\n<link rel=\"canonical\" href=\"https:\/\/velooutlets.com\/en\/product\/modrop-polar-white\/\" \/>\n<meta property=\"og:locale\" content=\"en_US\" \/>\n<meta property=\"og:type\" content=\"article\" \/>\n<meta property=\"og:title\" content=\"MODROP polar white - Velo Outlets\" \/>\n<meta property=\"og:description\" content=\"Abus MoDrop ir iztur\u012bga un daudzpus\u012bga MTB \u0137ivere ar lielisku ventil\u0101ciju un \u0113rtu piegul\u0161anu. Pateicoties t\u0101s iek\u0161\u0113jai konstrukcijai, \u0137ivere ir stabila, bet viegla, un piegulumu un siksnas var regul\u0113t individu\u0101li. Ide\u0101li piem\u0113rota tak\u0101m, kalnu velosip\u0113du t\u016br\u0113m vai ikdienas lieto\u0161anai \u2014 dro\u0161a, \u0113rta un praktiska.\" \/>\n<meta property=\"og:url\" content=\"https:\/\/velooutlets.com\/en\/product\/modrop-polar-white\/\" \/>\n<meta property=\"og:site_name\" content=\"Velo Outlets\" \/>\n<meta property=\"article:modified_time\" content=\"2026-03-19T06:25:53+00:00\" \/>\n<meta property=\"og:image\" content=\"https:\/\/velooutlets.com\/wp-content\/uploads\/2026\/03\/MODROP-polar-white-M.webp\" \/>\n\t<meta property=\"og:image:width\" content=\"1000\" \/>\n\t<meta property=\"og:image:height\" content=\"879\" \/>\n\t<meta property=\"og:image:type\" content=\"image\/webp\" \/>\n<meta name=\"twitter:card\" content=\"summary_large_image\" \/>\n<meta name=\"twitter:label1\" content=\"Est. reading time\" \/>\n\t<meta name=\"twitter:data1\" content=\"1 minute\" \/>\n<script type=\"application\/ld+json\" class=\"yoast-schema-graph\">{\"@context\":\"https:\/\/schema.org\",\"@graph\":[{\"@type\":\"WebPage\",\"@id\":\"https:\/\/velooutlets.com\/products\/modrop-polar-white\/\",\"url\":\"https:\/\/velooutlets.com\/products\/modrop-polar-white\/\",\"name\":\"MODROP polar white - Velo Outlets\",\"isPartOf\":{\"@id\":\"https:\/\/velooutlets.com\/en\/#website\"},\"primaryImageOfPage\":{\"@id\":\"https:\/\/velooutlets.com\/products\/modrop-polar-white\/#primaryimage\"},\"image\":{\"@id\":\"https:\/\/velooutlets.com\/products\/modrop-polar-white\/#primaryimage\"},\"thumbnailUrl\":\"https:\/\/velooutlets.com\/wp-content\/uploads\/2026\/03\/MODROP-polar-white-M.webp\",\"datePublished\":\"2026-03-19T01:06:58+00:00\",\"dateModified\":\"2026-03-19T06:25:53+00:00\",\"breadcrumb\":{\"@id\":\"https:\/\/velooutlets.com\/products\/modrop-polar-white\/#breadcrumb\"},\"inLanguage\":\"en-US\",\"potentialAction\":[{\"@type\":\"ReadAction\",\"target\":[\"https:\/\/velooutlets.com\/products\/modrop-polar-white\/\"]}]},{\"@type\":\"ImageObject\",\"inLanguage\":\"en-US\",\"@id\":\"https:\/\/velooutlets.com\/products\/modrop-polar-white\/#primaryimage\",\"url\":\"https:\/\/velooutlets.com\/wp-content\/uploads\/2026\/03\/MODROP-polar-white-M.webp\",\"contentUrl\":\"https:\/\/velooutlets.com\/wp-content\/uploads\/2026\/03\/MODROP-polar-white-M.webp\",\"width\":1000,\"height\":879},{\"@type\":\"BreadcrumbList\",\"@id\":\"https:\/\/velooutlets.com\/products\/modrop-polar-white\/#breadcrumb\",\"itemListElement\":[{\"@type\":\"ListItem\",\"position\":1,\"name\":\"Home\",\"item\":\"https:\/\/velooutlets.com\/\"},{\"@type\":\"ListItem\",\"position\":2,\"name\":\"Veikals\",\"item\":\"https:\/\/velooutlets.com\/shop\/\"},{\"@type\":\"ListItem\",\"position\":3,\"name\":\"MODROP polar white\"}]},{\"@type\":\"WebSite\",\"@id\":\"https:\/\/velooutlets.com\/en\/#website\",\"url\":\"https:\/\/velooutlets.com\/en\/\",\"name\":\"Velo Outlets\",\"description\":\"Velosip\u0113di visai \u0123imenei\",\"potentialAction\":[{\"@type\":\"SearchAction\",\"target\":{\"@type\":\"EntryPoint\",\"urlTemplate\":\"https:\/\/velooutlets.com\/en\/?s={search_term_string}\"},\"query-input\":{\"@type\":\"PropertyValueSpecification\",\"valueRequired\":true,\"valueName\":\"search_term_string\"}}],\"inLanguage\":\"en-US\"}]}<\/script>\n<!-- \/ Yoast SEO plugin. -->","yoast_head_json":{"title":"MODROP polar white - Velo Outlets","robots":{"index":"index","follow":"follow","max-snippet":"max-snippet:-1","max-image-preview":"max-image-preview:large","max-video-preview":"max-video-preview:-1"},"canonical":"https:\/\/velooutlets.com\/en\/product\/modrop-polar-white\/","og_locale":"en_US","og_type":"article","og_title":"MODROP polar white - Velo Outlets","og_description":"Abus MoDrop ir iztur\u012bga un daudzpus\u012bga MTB \u0137ivere ar lielisku ventil\u0101ciju un \u0113rtu piegul\u0161anu. Pateicoties t\u0101s iek\u0161\u0113jai konstrukcijai, \u0137ivere ir stabila, bet viegla, un piegulumu un siksnas var regul\u0113t individu\u0101li. Ide\u0101li piem\u0113rota tak\u0101m, kalnu velosip\u0113du t\u016br\u0113m vai ikdienas lieto\u0161anai \u2014 dro\u0161a, \u0113rta un praktiska.","og_url":"https:\/\/velooutlets.com\/en\/product\/modrop-polar-white\/","og_site_name":"Velo Outlets","article_modified_time":"2026-03-19T06:25:53+00:00","og_image":[{"width":1000,"height":879,"url":"https:\/\/velooutlets.com\/wp-content\/uploads\/2026\/03\/MODROP-polar-white-M.webp","type":"image\/webp"}],"twitter_card":"summary_large_image","twitter_misc":{"Est. reading time":"1 minute"},"schema":{"@context":"https:\/\/schema.org","@graph":[{"@type":"WebPage","@id":"https:\/\/velooutlets.com\/products\/modrop-polar-white\/","url":"https:\/\/velooutlets.com\/products\/modrop-polar-white\/","name":"MODROP polar white - Velo Outlets","isPartOf":{"@id":"https:\/\/velooutlets.com\/en\/#website"},"primaryImageOfPage":{"@id":"https:\/\/velooutlets.com\/products\/modrop-polar-white\/#primaryimage"},"image":{"@id":"https:\/\/velooutlets.com\/products\/modrop-polar-white\/#primaryimage"},"thumbnailUrl":"https:\/\/velooutlets.com\/wp-content\/uploads\/2026\/03\/MODROP-polar-white-M.webp","datePublished":"2026-03-19T01:06:58+00:00","dateModified":"2026-03-19T06:25:53+00:00","breadcrumb":{"@id":"https:\/\/velooutlets.com\/products\/modrop-polar-white\/#breadcrumb"},"inLanguage":"en-US","potentialAction":[{"@type":"ReadAction","target":["https:\/\/velooutlets.com\/products\/modrop-polar-white\/"]}]},{"@type":"ImageObject","inLanguage":"en-US","@id":"https:\/\/velooutlets.com\/products\/modrop-polar-white\/#primaryimage","url":"https:\/\/velooutlets.com\/wp-content\/uploads\/2026\/03\/MODROP-polar-white-M.webp","contentUrl":"https:\/\/velooutlets.com\/wp-content\/uploads\/2026\/03\/MODROP-polar-white-M.webp","width":1000,"height":879},{"@type":"BreadcrumbList","@id":"https:\/\/velooutlets.com\/products\/modrop-polar-white\/#breadcrumb","itemListElement":[{"@type":"ListItem","position":1,"name":"Home","item":"https:\/\/velooutlets.com\/"},{"@type":"ListItem","position":2,"name":"Veikals","item":"https:\/\/velooutlets.com\/shop\/"},{"@type":"ListItem","position":3,"name":"MODROP polar white"}]},{"@type":"WebSite","@id":"https:\/\/velooutlets.com\/en\/#website","url":"https:\/\/velooutlets.com\/en\/","name":"Velo Outlets","description":"Velosip\u0113di visai \u0123imenei","potentialAction":[{"@type":"SearchAction","target":{"@type":"EntryPoint","urlTemplate":"https:\/\/velooutlets.com\/en\/?s={search_term_string}"},"query-input":{"@type":"PropertyValueSpecification","valueRequired":true,"valueName":"search_term_string"}}],"inLanguage":"en-US"}]}},"jetpack_sharing_enabled":true,"_links":{"self":[{"href":"https:\/\/velooutlets.com\/en\/wp-json\/wp\/v2\/product\/36998","targetHints":{"allow":["GET"]}}],"collection":[{"href":"https:\/\/velooutlets.com\/en\/wp-json\/wp\/v2\/product"}],"about":[{"href":"https:\/\/velooutlets.com\/en\/wp-json\/wp\/v2\/types\/product"}],"wp:featuredmedia":[{"embeddable":true,"href":"https:\/\/velooutlets.com\/en\/wp-json\/wp\/v2\/media\/37000"}],"wp:attachment":[{"href":"https:\/\/velooutlets.com\/en\/wp-json\/wp\/v2\/media?parent=36998"}],"wp:term":[{"taxonomy":"product_brand","embeddable":true,"href":"https:\/\/velooutlets.com\/en\/wp-json\/wp\/v2\/product_brand?post=36998"},{"taxonomy":"product_cat","embeddable":true,"href":"https:\/\/velooutlets.com\/en\/wp-json\/wp\/v2\/product_cat?post=36998"},{"taxonomy":"product_tag","embeddable":true,"href":"https:\/\/velooutlets.com\/en\/wp-json\/wp\/v2\/product_tag?post=36998"}],"curies":[{"name":"wp","href":"https:\/\/api.w.org\/{rel}","templated":true}]}}