{"id":37187,"date":"2026-03-23T15:53:32","date_gmt":"2026-03-23T13:53:32","guid":{"rendered":"https:\/\/velooutlets.com\/products\/elton-termo-udens-pudele-600ml-terauds-black\/"},"modified":"2026-04-01T17:09:52","modified_gmt":"2026-04-01T14:09:52","slug":"elton-termo-udens-pudele-600ml-terauds-black","status":"publish","type":"product","link":"https:\/\/velooutlets.com\/en\/product\/elton-termo-udens-pudele-600ml-terauds-black\/","title":{"rendered":"ELTON termo \u016bdens pudele 600ml, t\u0113rauds, Black"},"content":{"rendered":"<p>Stylish 600 ml steel thermo bottle that keeps drinks at the right temperature for a long time. Ideal for both hot and cold drinks. A durable and elegant solution for everyday use.<\/p>","protected":false},"excerpt":{"rendered":"<p>Stylish 600 ml steel thermo bottle that keeps drinks at the right temperature for a long time. Ideal for both hot and cold drinks. A durable and elegant solution for everyday use.<\/p>","protected":false},"featured_media":37265,"template":"","meta":{"_monsterinsights_skip_tracking":false,"_monsterinsights_sitenote_active":false,"_monsterinsights_sitenote_note":"","_monsterinsights_sitenote_category":0,"_iconic_wsb_product_page_order_bump_ids":[],"_sku":["5407005144015"],"_iconic_wsb_product_page_bump_modal_ids":[]},"product_brand":[1775],"product_cat":[910,1760,1773],"product_tag":[221,1763],"class_list":{"0":"post-37187","1":"product","2":"type-product","3":"status-publish","4":"has-post-thumbnail","6":"product_brand-kambukka","7":"product_cat-aksesuari","8":"product_cat-pudeles","9":"product_cat-termo-pudeles-pudeles","10":"product_tag-aksesuari","11":"product_tag-termo-pudeles","12":"product_shipping_class-aksesuari","14":"first","15":"instock","16":"taxable","17":"shipping-taxable","18":"purchasable","19":"product-type-simple"},"yoast_head":"<!-- This site is optimized with the Yoast SEO plugin v27.2 - https:\/\/yoast.com\/product\/yoast-seo-wordpress\/ -->\n<title>ELTON termo \u016bdens pudele 600ml, t\u0113rauds, Black - Velo Outlets<\/title>\n<meta name=\"robots\" content=\"index, follow, max-snippet:-1, max-image-preview:large, max-video-preview:-1\" \/>\n<link rel=\"canonical\" href=\"https:\/\/velooutlets.com\/en\/product\/elton-termo-udens-pudele-600ml-terauds-black\/\" \/>\n<meta property=\"og:locale\" content=\"en_US\" \/>\n<meta property=\"og:type\" content=\"article\" \/>\n<meta property=\"og:title\" content=\"ELTON termo \u016bdens pudele 600ml, t\u0113rauds, Black - Velo Outlets\" \/>\n<meta property=\"og:description\" content=\"Stil\u012bga t\u0113rauda termo pudele ar 600 ml tilpumu, kas saglab\u0101 dz\u0113rienu temperat\u016bru ilgsto\u0161i. Ide\u0101li piem\u0113rota gan karstiem, gan aukstiem dz\u0113rieniem. Iztur\u012bgs un elegants risin\u0101jums ikdienas lieto\u0161anai.\" \/>\n<meta property=\"og:url\" content=\"https:\/\/velooutlets.com\/en\/product\/elton-termo-udens-pudele-600ml-terauds-black\/\" \/>\n<meta property=\"og:site_name\" content=\"Velo Outlets\" \/>\n<meta property=\"article:modified_time\" content=\"2026-04-01T14:09:52+00:00\" \/>\n<meta property=\"og:image\" content=\"https:\/\/velooutlets.com\/wp-content\/uploads\/2026\/03\/1000197170.jpg\" \/>\n\t<meta property=\"og:image:width\" content=\"423\" \/>\n\t<meta property=\"og:image:height\" content=\"423\" \/>\n\t<meta property=\"og:image:type\" content=\"image\/jpeg\" \/>\n<meta name=\"twitter:card\" content=\"summary_large_image\" \/>\n<script type=\"application\/ld+json\" class=\"yoast-schema-graph\">{\"@context\":\"https:\/\/schema.org\",\"@graph\":[{\"@type\":\"WebPage\",\"@id\":\"https:\/\/velooutlets.com\/products\/elton-termo-udens-pudele-600ml-terauds-black\/\",\"url\":\"https:\/\/velooutlets.com\/products\/elton-termo-udens-pudele-600ml-terauds-black\/\",\"name\":\"ELTON termo \u016bdens pudele 600ml, t\u0113rauds, Black - Velo Outlets\",\"isPartOf\":{\"@id\":\"https:\/\/velooutlets.com\/en\/#website\"},\"primaryImageOfPage\":{\"@id\":\"https:\/\/velooutlets.com\/products\/elton-termo-udens-pudele-600ml-terauds-black\/#primaryimage\"},\"image\":{\"@id\":\"https:\/\/velooutlets.com\/products\/elton-termo-udens-pudele-600ml-terauds-black\/#primaryimage\"},\"thumbnailUrl\":\"https:\/\/velooutlets.com\/wp-content\/uploads\/2026\/03\/1000197170.jpg\",\"datePublished\":\"2026-03-23T13:53:32+00:00\",\"dateModified\":\"2026-04-01T14:09:52+00:00\",\"breadcrumb\":{\"@id\":\"https:\/\/velooutlets.com\/products\/elton-termo-udens-pudele-600ml-terauds-black\/#breadcrumb\"},\"inLanguage\":\"en-US\",\"potentialAction\":[{\"@type\":\"ReadAction\",\"target\":[\"https:\/\/velooutlets.com\/products\/elton-termo-udens-pudele-600ml-terauds-black\/\"]}]},{\"@type\":\"ImageObject\",\"inLanguage\":\"en-US\",\"@id\":\"https:\/\/velooutlets.com\/products\/elton-termo-udens-pudele-600ml-terauds-black\/#primaryimage\",\"url\":\"https:\/\/velooutlets.com\/wp-content\/uploads\/2026\/03\/1000197170.jpg\",\"contentUrl\":\"https:\/\/velooutlets.com\/wp-content\/uploads\/2026\/03\/1000197170.jpg\",\"width\":423,\"height\":423},{\"@type\":\"BreadcrumbList\",\"@id\":\"https:\/\/velooutlets.com\/products\/elton-termo-udens-pudele-600ml-terauds-black\/#breadcrumb\",\"itemListElement\":[{\"@type\":\"ListItem\",\"position\":1,\"name\":\"Home\",\"item\":\"https:\/\/velooutlets.com\/\"},{\"@type\":\"ListItem\",\"position\":2,\"name\":\"Veikals\",\"item\":\"https:\/\/velooutlets.com\/shop\/\"},{\"@type\":\"ListItem\",\"position\":3,\"name\":\"ELTON termo \u016bdens pudele 600ml, t\u0113rauds, Black\"}]},{\"@type\":\"WebSite\",\"@id\":\"https:\/\/velooutlets.com\/en\/#website\",\"url\":\"https:\/\/velooutlets.com\/en\/\",\"name\":\"Velo Outlets\",\"description\":\"Velosip\u0113di visai \u0123imenei\",\"potentialAction\":[{\"@type\":\"SearchAction\",\"target\":{\"@type\":\"EntryPoint\",\"urlTemplate\":\"https:\/\/velooutlets.com\/en\/?s={search_term_string}\"},\"query-input\":{\"@type\":\"PropertyValueSpecification\",\"valueRequired\":true,\"valueName\":\"search_term_string\"}}],\"inLanguage\":\"en-US\"}]}<\/script>\n<!-- \/ Yoast SEO plugin. -->","yoast_head_json":{"title":"ELTON termo \u016bdens pudele 600ml, t\u0113rauds, Black - Velo Outlets","robots":{"index":"index","follow":"follow","max-snippet":"max-snippet:-1","max-image-preview":"max-image-preview:large","max-video-preview":"max-video-preview:-1"},"canonical":"https:\/\/velooutlets.com\/en\/product\/elton-termo-udens-pudele-600ml-terauds-black\/","og_locale":"en_US","og_type":"article","og_title":"ELTON termo \u016bdens pudele 600ml, t\u0113rauds, Black - Velo Outlets","og_description":"Stil\u012bga t\u0113rauda termo pudele ar 600 ml tilpumu, kas saglab\u0101 dz\u0113rienu temperat\u016bru ilgsto\u0161i. Ide\u0101li piem\u0113rota gan karstiem, gan aukstiem dz\u0113rieniem. Iztur\u012bgs un elegants risin\u0101jums ikdienas lieto\u0161anai.","og_url":"https:\/\/velooutlets.com\/en\/product\/elton-termo-udens-pudele-600ml-terauds-black\/","og_site_name":"Velo Outlets","article_modified_time":"2026-04-01T14:09:52+00:00","og_image":[{"width":423,"height":423,"url":"https:\/\/velooutlets.com\/wp-content\/uploads\/2026\/03\/1000197170.jpg","type":"image\/jpeg"}],"twitter_card":"summary_large_image","schema":{"@context":"https:\/\/schema.org","@graph":[{"@type":"WebPage","@id":"https:\/\/velooutlets.com\/products\/elton-termo-udens-pudele-600ml-terauds-black\/","url":"https:\/\/velooutlets.com\/products\/elton-termo-udens-pudele-600ml-terauds-black\/","name":"ELTON termo \u016bdens pudele 600ml, t\u0113rauds, Black - Velo Outlets","isPartOf":{"@id":"https:\/\/velooutlets.com\/en\/#website"},"primaryImageOfPage":{"@id":"https:\/\/velooutlets.com\/products\/elton-termo-udens-pudele-600ml-terauds-black\/#primaryimage"},"image":{"@id":"https:\/\/velooutlets.com\/products\/elton-termo-udens-pudele-600ml-terauds-black\/#primaryimage"},"thumbnailUrl":"https:\/\/velooutlets.com\/wp-content\/uploads\/2026\/03\/1000197170.jpg","datePublished":"2026-03-23T13:53:32+00:00","dateModified":"2026-04-01T14:09:52+00:00","breadcrumb":{"@id":"https:\/\/velooutlets.com\/products\/elton-termo-udens-pudele-600ml-terauds-black\/#breadcrumb"},"inLanguage":"en-US","potentialAction":[{"@type":"ReadAction","target":["https:\/\/velooutlets.com\/products\/elton-termo-udens-pudele-600ml-terauds-black\/"]}]},{"@type":"ImageObject","inLanguage":"en-US","@id":"https:\/\/velooutlets.com\/products\/elton-termo-udens-pudele-600ml-terauds-black\/#primaryimage","url":"https:\/\/velooutlets.com\/wp-content\/uploads\/2026\/03\/1000197170.jpg","contentUrl":"https:\/\/velooutlets.com\/wp-content\/uploads\/2026\/03\/1000197170.jpg","width":423,"height":423},{"@type":"BreadcrumbList","@id":"https:\/\/velooutlets.com\/products\/elton-termo-udens-pudele-600ml-terauds-black\/#breadcrumb","itemListElement":[{"@type":"ListItem","position":1,"name":"Home","item":"https:\/\/velooutlets.com\/"},{"@type":"ListItem","position":2,"name":"Veikals","item":"https:\/\/velooutlets.com\/shop\/"},{"@type":"ListItem","position":3,"name":"ELTON termo \u016bdens pudele 600ml, t\u0113rauds, Black"}]},{"@type":"WebSite","@id":"https:\/\/velooutlets.com\/en\/#website","url":"https:\/\/velooutlets.com\/en\/","name":"Velo Outlets","description":"Velosip\u0113di visai \u0123imenei","potentialAction":[{"@type":"SearchAction","target":{"@type":"EntryPoint","urlTemplate":"https:\/\/velooutlets.com\/en\/?s={search_term_string}"},"query-input":{"@type":"PropertyValueSpecification","valueRequired":true,"valueName":"search_term_string"}}],"inLanguage":"en-US"}]}},"jetpack_sharing_enabled":true,"_links":{"self":[{"href":"https:\/\/velooutlets.com\/en\/wp-json\/wp\/v2\/product\/37187","targetHints":{"allow":["GET"]}}],"collection":[{"href":"https:\/\/velooutlets.com\/en\/wp-json\/wp\/v2\/product"}],"about":[{"href":"https:\/\/velooutlets.com\/en\/wp-json\/wp\/v2\/types\/product"}],"wp:featuredmedia":[{"embeddable":true,"href":"https:\/\/velooutlets.com\/en\/wp-json\/wp\/v2\/media\/37265"}],"wp:attachment":[{"href":"https:\/\/velooutlets.com\/en\/wp-json\/wp\/v2\/media?parent=37187"}],"wp:term":[{"taxonomy":"product_brand","embeddable":true,"href":"https:\/\/velooutlets.com\/en\/wp-json\/wp\/v2\/product_brand?post=37187"},{"taxonomy":"product_cat","embeddable":true,"href":"https:\/\/velooutlets.com\/en\/wp-json\/wp\/v2\/product_cat?post=37187"},{"taxonomy":"product_tag","embeddable":true,"href":"https:\/\/velooutlets.com\/en\/wp-json\/wp\/v2\/product_tag?post=37187"}],"curies":[{"name":"wp","href":"https:\/\/api.w.org\/{rel}","templated":true}]}}