{"id":37188,"date":"2026-03-23T15:53:33","date_gmt":"2026-03-23T13:53:33","guid":{"rendered":"https:\/\/velooutlets.com\/products\/elton-udens-pudele-750ml-tritan-teal\/"},"modified":"2026-04-01T17:09:11","modified_gmt":"2026-04-01T14:09:11","slug":"elton-udens-pudele-750ml-tritan-teal","status":"publish","type":"product","link":"https:\/\/velooutlets.com\/en\/product\/elton-udens-pudele-750ml-tritan-teal\/","title":{"rendered":"ELTON \u016bdens pudele 750ml Tritan, Teal"},"content":{"rendered":"<p>Praktiska \u016bdens pudele ar 750 ml tilpumu, kas piem\u0113rota ikdienas lieto\u0161anai un sportam. Izgatavota no Tritan materi\u0101la, kas ir iztur\u012bgs un dro\u0161s. Saglab\u0101 dz\u0113riena kvalit\u0101ti un gar\u0161u.<\/p>","protected":false},"excerpt":{"rendered":"<p>Praktiska \u016bdens pudele ar 750 ml tilpumu, kas piem\u0113rota ikdienas lieto\u0161anai un sportam. Izgatavota no Tritan materi\u0101la, kas ir iztur\u012bgs un dro\u0161s. Saglab\u0101 dz\u0113riena kvalit\u0101ti un gar\u0161u.<\/p>","protected":false},"featured_media":37231,"template":"","meta":{"_monsterinsights_skip_tracking":false,"_monsterinsights_sitenote_active":false,"_monsterinsights_sitenote_note":"","_monsterinsights_sitenote_category":0,"_iconic_wsb_product_page_order_bump_ids":[],"_sku":["5407005143438"],"_iconic_wsb_product_page_bump_modal_ids":[]},"product_brand":[1775],"product_cat":[910,1760],"product_tag":[221,899],"class_list":{"0":"post-37188","1":"product","2":"type-product","3":"status-publish","4":"has-post-thumbnail","6":"product_brand-kambukka","7":"product_cat-aksesuari","8":"product_cat-pudeles","9":"product_tag-aksesuari","10":"product_tag-pudeles","11":"product_shipping_class-aksesuari","13":"first","14":"instock","15":"taxable","16":"shipping-taxable","17":"purchasable","18":"product-type-simple"},"yoast_head":"<!-- This site is optimized with the Yoast SEO plugin v27.2 - https:\/\/yoast.com\/product\/yoast-seo-wordpress\/ -->\n<title>ELTON \u016bdens pudele 750ml Tritan, Teal - Velo Outlets<\/title>\n<meta name=\"robots\" content=\"index, follow, max-snippet:-1, max-image-preview:large, max-video-preview:-1\" \/>\n<link rel=\"canonical\" href=\"https:\/\/velooutlets.com\/en\/product\/elton-udens-pudele-750ml-tritan-teal\/\" \/>\n<meta property=\"og:locale\" content=\"en_US\" \/>\n<meta property=\"og:type\" content=\"article\" \/>\n<meta property=\"og:title\" content=\"ELTON \u016bdens pudele 750ml Tritan, Teal - Velo Outlets\" \/>\n<meta property=\"og:description\" content=\"Praktiska \u016bdens pudele ar 750 ml tilpumu, kas piem\u0113rota ikdienas lieto\u0161anai un sportam. Izgatavota no Tritan materi\u0101la, kas ir iztur\u012bgs un dro\u0161s. Saglab\u0101 dz\u0113riena kvalit\u0101ti un gar\u0161u.\" \/>\n<meta property=\"og:url\" content=\"https:\/\/velooutlets.com\/en\/product\/elton-udens-pudele-750ml-tritan-teal\/\" \/>\n<meta property=\"og:site_name\" content=\"Velo Outlets\" \/>\n<meta property=\"article:modified_time\" content=\"2026-04-01T14:09:11+00:00\" \/>\n<meta property=\"og:image\" content=\"https:\/\/velooutlets.com\/wp-content\/uploads\/2026\/03\/1000197139.jpg\" \/>\n\t<meta property=\"og:image:width\" content=\"1512\" \/>\n\t<meta property=\"og:image:height\" content=\"1512\" \/>\n\t<meta property=\"og:image:type\" content=\"image\/jpeg\" \/>\n<meta name=\"twitter:card\" content=\"summary_large_image\" \/>\n<script type=\"application\/ld+json\" class=\"yoast-schema-graph\">{\"@context\":\"https:\/\/schema.org\",\"@graph\":[{\"@type\":\"WebPage\",\"@id\":\"https:\/\/velooutlets.com\/products\/elton-udens-pudele-750ml-tritan-teal\/\",\"url\":\"https:\/\/velooutlets.com\/products\/elton-udens-pudele-750ml-tritan-teal\/\",\"name\":\"ELTON \u016bdens pudele 750ml Tritan, Teal - Velo Outlets\",\"isPartOf\":{\"@id\":\"https:\/\/velooutlets.com\/en\/#website\"},\"primaryImageOfPage\":{\"@id\":\"https:\/\/velooutlets.com\/products\/elton-udens-pudele-750ml-tritan-teal\/#primaryimage\"},\"image\":{\"@id\":\"https:\/\/velooutlets.com\/products\/elton-udens-pudele-750ml-tritan-teal\/#primaryimage\"},\"thumbnailUrl\":\"https:\/\/velooutlets.com\/wp-content\/uploads\/2026\/03\/1000197139.jpg\",\"datePublished\":\"2026-03-23T13:53:33+00:00\",\"dateModified\":\"2026-04-01T14:09:11+00:00\",\"breadcrumb\":{\"@id\":\"https:\/\/velooutlets.com\/products\/elton-udens-pudele-750ml-tritan-teal\/#breadcrumb\"},\"inLanguage\":\"en-US\",\"potentialAction\":[{\"@type\":\"ReadAction\",\"target\":[\"https:\/\/velooutlets.com\/products\/elton-udens-pudele-750ml-tritan-teal\/\"]}]},{\"@type\":\"ImageObject\",\"inLanguage\":\"en-US\",\"@id\":\"https:\/\/velooutlets.com\/products\/elton-udens-pudele-750ml-tritan-teal\/#primaryimage\",\"url\":\"https:\/\/velooutlets.com\/wp-content\/uploads\/2026\/03\/1000197139.jpg\",\"contentUrl\":\"https:\/\/velooutlets.com\/wp-content\/uploads\/2026\/03\/1000197139.jpg\",\"width\":1512,\"height\":1512},{\"@type\":\"BreadcrumbList\",\"@id\":\"https:\/\/velooutlets.com\/products\/elton-udens-pudele-750ml-tritan-teal\/#breadcrumb\",\"itemListElement\":[{\"@type\":\"ListItem\",\"position\":1,\"name\":\"Home\",\"item\":\"https:\/\/velooutlets.com\/\"},{\"@type\":\"ListItem\",\"position\":2,\"name\":\"Veikals\",\"item\":\"https:\/\/velooutlets.com\/shop\/\"},{\"@type\":\"ListItem\",\"position\":3,\"name\":\"ELTON \u016bdens pudele 750ml Tritan, Teal\"}]},{\"@type\":\"WebSite\",\"@id\":\"https:\/\/velooutlets.com\/en\/#website\",\"url\":\"https:\/\/velooutlets.com\/en\/\",\"name\":\"Velo Outlets\",\"description\":\"Velosip\u0113di visai \u0123imenei\",\"potentialAction\":[{\"@type\":\"SearchAction\",\"target\":{\"@type\":\"EntryPoint\",\"urlTemplate\":\"https:\/\/velooutlets.com\/en\/?s={search_term_string}\"},\"query-input\":{\"@type\":\"PropertyValueSpecification\",\"valueRequired\":true,\"valueName\":\"search_term_string\"}}],\"inLanguage\":\"en-US\"}]}<\/script>\n<!-- \/ Yoast SEO plugin. -->","yoast_head_json":{"title":"ELTON \u016bdens pudele 750ml Tritan, Teal - Velo Outlets","robots":{"index":"index","follow":"follow","max-snippet":"max-snippet:-1","max-image-preview":"max-image-preview:large","max-video-preview":"max-video-preview:-1"},"canonical":"https:\/\/velooutlets.com\/en\/product\/elton-udens-pudele-750ml-tritan-teal\/","og_locale":"en_US","og_type":"article","og_title":"ELTON \u016bdens pudele 750ml Tritan, Teal - Velo Outlets","og_description":"Praktiska \u016bdens pudele ar 750 ml tilpumu, kas piem\u0113rota ikdienas lieto\u0161anai un sportam. Izgatavota no Tritan materi\u0101la, kas ir iztur\u012bgs un dro\u0161s. Saglab\u0101 dz\u0113riena kvalit\u0101ti un gar\u0161u.","og_url":"https:\/\/velooutlets.com\/en\/product\/elton-udens-pudele-750ml-tritan-teal\/","og_site_name":"Velo Outlets","article_modified_time":"2026-04-01T14:09:11+00:00","og_image":[{"width":1512,"height":1512,"url":"https:\/\/velooutlets.com\/wp-content\/uploads\/2026\/03\/1000197139.jpg","type":"image\/jpeg"}],"twitter_card":"summary_large_image","schema":{"@context":"https:\/\/schema.org","@graph":[{"@type":"WebPage","@id":"https:\/\/velooutlets.com\/products\/elton-udens-pudele-750ml-tritan-teal\/","url":"https:\/\/velooutlets.com\/products\/elton-udens-pudele-750ml-tritan-teal\/","name":"ELTON \u016bdens pudele 750ml Tritan, Teal - Velo Outlets","isPartOf":{"@id":"https:\/\/velooutlets.com\/en\/#website"},"primaryImageOfPage":{"@id":"https:\/\/velooutlets.com\/products\/elton-udens-pudele-750ml-tritan-teal\/#primaryimage"},"image":{"@id":"https:\/\/velooutlets.com\/products\/elton-udens-pudele-750ml-tritan-teal\/#primaryimage"},"thumbnailUrl":"https:\/\/velooutlets.com\/wp-content\/uploads\/2026\/03\/1000197139.jpg","datePublished":"2026-03-23T13:53:33+00:00","dateModified":"2026-04-01T14:09:11+00:00","breadcrumb":{"@id":"https:\/\/velooutlets.com\/products\/elton-udens-pudele-750ml-tritan-teal\/#breadcrumb"},"inLanguage":"en-US","potentialAction":[{"@type":"ReadAction","target":["https:\/\/velooutlets.com\/products\/elton-udens-pudele-750ml-tritan-teal\/"]}]},{"@type":"ImageObject","inLanguage":"en-US","@id":"https:\/\/velooutlets.com\/products\/elton-udens-pudele-750ml-tritan-teal\/#primaryimage","url":"https:\/\/velooutlets.com\/wp-content\/uploads\/2026\/03\/1000197139.jpg","contentUrl":"https:\/\/velooutlets.com\/wp-content\/uploads\/2026\/03\/1000197139.jpg","width":1512,"height":1512},{"@type":"BreadcrumbList","@id":"https:\/\/velooutlets.com\/products\/elton-udens-pudele-750ml-tritan-teal\/#breadcrumb","itemListElement":[{"@type":"ListItem","position":1,"name":"Home","item":"https:\/\/velooutlets.com\/"},{"@type":"ListItem","position":2,"name":"Veikals","item":"https:\/\/velooutlets.com\/shop\/"},{"@type":"ListItem","position":3,"name":"ELTON \u016bdens pudele 750ml Tritan, Teal"}]},{"@type":"WebSite","@id":"https:\/\/velooutlets.com\/en\/#website","url":"https:\/\/velooutlets.com\/en\/","name":"Velo Outlets","description":"Velosip\u0113di visai \u0123imenei","potentialAction":[{"@type":"SearchAction","target":{"@type":"EntryPoint","urlTemplate":"https:\/\/velooutlets.com\/en\/?s={search_term_string}"},"query-input":{"@type":"PropertyValueSpecification","valueRequired":true,"valueName":"search_term_string"}}],"inLanguage":"en-US"}]}},"jetpack_sharing_enabled":true,"_links":{"self":[{"href":"https:\/\/velooutlets.com\/en\/wp-json\/wp\/v2\/product\/37188","targetHints":{"allow":["GET"]}}],"collection":[{"href":"https:\/\/velooutlets.com\/en\/wp-json\/wp\/v2\/product"}],"about":[{"href":"https:\/\/velooutlets.com\/en\/wp-json\/wp\/v2\/types\/product"}],"wp:featuredmedia":[{"embeddable":true,"href":"https:\/\/velooutlets.com\/en\/wp-json\/wp\/v2\/media\/37231"}],"wp:attachment":[{"href":"https:\/\/velooutlets.com\/en\/wp-json\/wp\/v2\/media?parent=37188"}],"wp:term":[{"taxonomy":"product_brand","embeddable":true,"href":"https:\/\/velooutlets.com\/en\/wp-json\/wp\/v2\/product_brand?post=37188"},{"taxonomy":"product_cat","embeddable":true,"href":"https:\/\/velooutlets.com\/en\/wp-json\/wp\/v2\/product_cat?post=37188"},{"taxonomy":"product_tag","embeddable":true,"href":"https:\/\/velooutlets.com\/en\/wp-json\/wp\/v2\/product_tag?post=37188"}],"curies":[{"name":"wp","href":"https:\/\/api.w.org\/{rel}","templated":true}]}}