{"id":37501,"date":"2026-03-27T13:51:55","date_gmt":"2026-03-27T11:51:55","guid":{"rendered":"https:\/\/velooutlets.com\/products\/bernu-grozs-frozen-ii\/"},"modified":"2026-04-09T14:44:04","modified_gmt":"2026-04-09T11:44:04","slug":"bernu-grozs-frozen-ii","status":"publish","type":"product","link":"https:\/\/velooutlets.com\/en\/product\/bernu-grozs-frozen-ii\/","title":{"rendered":"B\u0113rnu grozs Frozen II"},"content":{"rendered":"<p>B\u0113rnu velosip\u0113da grozs ar Frozen II dizainu, kas pie\u0161\u0137ir velosip\u0113dam pievilc\u012bgu izskatu. Viegls un iztur\u012bgs, piem\u0113rots b\u0113rnu vajadz\u012bb\u0101m.<\/p>","protected":false},"excerpt":{"rendered":"<p>B\u0113rnu velosip\u0113da grozs ar Frozen II dizainu, kas pie\u0161\u0137ir velosip\u0113dam pievilc\u012bgu izskatu. Viegls un iztur\u012bgs, piem\u0113rots b\u0113rnu vajadz\u012bb\u0101m.<\/p>","protected":false},"featured_media":38010,"template":"","meta":{"_monsterinsights_skip_tracking":false,"_monsterinsights_sitenote_active":false,"_monsterinsights_sitenote_note":"","_monsterinsights_sitenote_category":0,"_iconic_wsb_product_page_order_bump_ids":[],"_sku":["5902308592292"],"_iconic_wsb_product_page_bump_modal_ids":[]},"product_brand":[1787],"product_cat":[910,911],"product_tag":[1819,221,1785,1796],"class_list":{"0":"post-37501","1":"product","2":"type-product","3":"status-publish","4":"has-post-thumbnail","6":"product_brand-disney","7":"product_cat-aksesuari","8":"product_cat-aksesuari-berniem","9":"product_tag-accessories_25-03","10":"product_tag-aksesuari","11":"product_tag-berniem","12":"product_tag-grozi","13":"product_shipping_class-aksesuari","15":"first","16":"instock","17":"taxable","18":"shipping-taxable","19":"purchasable","20":"product-type-simple"},"yoast_head":"<!-- This site is optimized with the Yoast SEO plugin v27.2 - https:\/\/yoast.com\/product\/yoast-seo-wordpress\/ -->\n<title>B\u0113rnu grozs Frozen II - Velo Outlets<\/title>\n<meta name=\"robots\" content=\"index, follow, max-snippet:-1, max-image-preview:large, max-video-preview:-1\" \/>\n<link rel=\"canonical\" href=\"https:\/\/velooutlets.com\/en\/product\/bernu-grozs-frozen-ii\/\" \/>\n<meta property=\"og:locale\" content=\"en_US\" \/>\n<meta property=\"og:type\" content=\"article\" \/>\n<meta property=\"og:title\" content=\"B\u0113rnu grozs Frozen II - Velo Outlets\" \/>\n<meta property=\"og:description\" content=\"B\u0113rnu velosip\u0113da grozs ar Frozen II dizainu, kas pie\u0161\u0137ir velosip\u0113dam pievilc\u012bgu izskatu. Viegls un iztur\u012bgs, piem\u0113rots b\u0113rnu vajadz\u012bb\u0101m.\" \/>\n<meta property=\"og:url\" content=\"https:\/\/velooutlets.com\/en\/product\/bernu-grozs-frozen-ii\/\" \/>\n<meta property=\"og:site_name\" content=\"Velo Outlets\" \/>\n<meta property=\"article:modified_time\" content=\"2026-04-09T11:44:04+00:00\" \/>\n<meta property=\"og:image\" content=\"https:\/\/velooutlets.com\/wp-content\/uploads\/2026\/03\/1000199213.jpg\" \/>\n\t<meta property=\"og:image:width\" content=\"640\" \/>\n\t<meta property=\"og:image:height\" content=\"480\" \/>\n\t<meta property=\"og:image:type\" content=\"image\/jpeg\" \/>\n<meta name=\"twitter:card\" content=\"summary_large_image\" \/>\n<script type=\"application\/ld+json\" class=\"yoast-schema-graph\">{\"@context\":\"https:\/\/schema.org\",\"@graph\":[{\"@type\":\"WebPage\",\"@id\":\"https:\/\/velooutlets.com\/products\/bernu-grozs-frozen-ii\/\",\"url\":\"https:\/\/velooutlets.com\/products\/bernu-grozs-frozen-ii\/\",\"name\":\"B\u0113rnu grozs Frozen II - Velo Outlets\",\"isPartOf\":{\"@id\":\"https:\/\/velooutlets.com\/en\/#website\"},\"primaryImageOfPage\":{\"@id\":\"https:\/\/velooutlets.com\/products\/bernu-grozs-frozen-ii\/#primaryimage\"},\"image\":{\"@id\":\"https:\/\/velooutlets.com\/products\/bernu-grozs-frozen-ii\/#primaryimage\"},\"thumbnailUrl\":\"https:\/\/velooutlets.com\/wp-content\/uploads\/2026\/03\/1000199213.jpg\",\"datePublished\":\"2026-03-27T11:51:55+00:00\",\"dateModified\":\"2026-04-09T11:44:04+00:00\",\"breadcrumb\":{\"@id\":\"https:\/\/velooutlets.com\/products\/bernu-grozs-frozen-ii\/#breadcrumb\"},\"inLanguage\":\"en-US\",\"potentialAction\":[{\"@type\":\"ReadAction\",\"target\":[\"https:\/\/velooutlets.com\/products\/bernu-grozs-frozen-ii\/\"]}]},{\"@type\":\"ImageObject\",\"inLanguage\":\"en-US\",\"@id\":\"https:\/\/velooutlets.com\/products\/bernu-grozs-frozen-ii\/#primaryimage\",\"url\":\"https:\/\/velooutlets.com\/wp-content\/uploads\/2026\/03\/1000199213.jpg\",\"contentUrl\":\"https:\/\/velooutlets.com\/wp-content\/uploads\/2026\/03\/1000199213.jpg\",\"width\":640,\"height\":480},{\"@type\":\"BreadcrumbList\",\"@id\":\"https:\/\/velooutlets.com\/products\/bernu-grozs-frozen-ii\/#breadcrumb\",\"itemListElement\":[{\"@type\":\"ListItem\",\"position\":1,\"name\":\"Home\",\"item\":\"https:\/\/velooutlets.com\/\"},{\"@type\":\"ListItem\",\"position\":2,\"name\":\"Veikals\",\"item\":\"https:\/\/velooutlets.com\/shop\/\"},{\"@type\":\"ListItem\",\"position\":3,\"name\":\"B\u0113rnu grozs Frozen II\"}]},{\"@type\":\"WebSite\",\"@id\":\"https:\/\/velooutlets.com\/en\/#website\",\"url\":\"https:\/\/velooutlets.com\/en\/\",\"name\":\"Velo Outlets\",\"description\":\"Velosip\u0113di visai \u0123imenei\",\"potentialAction\":[{\"@type\":\"SearchAction\",\"target\":{\"@type\":\"EntryPoint\",\"urlTemplate\":\"https:\/\/velooutlets.com\/en\/?s={search_term_string}\"},\"query-input\":{\"@type\":\"PropertyValueSpecification\",\"valueRequired\":true,\"valueName\":\"search_term_string\"}}],\"inLanguage\":\"en-US\"}]}<\/script>\n<!-- \/ Yoast SEO plugin. -->","yoast_head_json":{"title":"B\u0113rnu grozs Frozen II - Velo Outlets","robots":{"index":"index","follow":"follow","max-snippet":"max-snippet:-1","max-image-preview":"max-image-preview:large","max-video-preview":"max-video-preview:-1"},"canonical":"https:\/\/velooutlets.com\/en\/product\/bernu-grozs-frozen-ii\/","og_locale":"en_US","og_type":"article","og_title":"B\u0113rnu grozs Frozen II - Velo Outlets","og_description":"B\u0113rnu velosip\u0113da grozs ar Frozen II dizainu, kas pie\u0161\u0137ir velosip\u0113dam pievilc\u012bgu izskatu. Viegls un iztur\u012bgs, piem\u0113rots b\u0113rnu vajadz\u012bb\u0101m.","og_url":"https:\/\/velooutlets.com\/en\/product\/bernu-grozs-frozen-ii\/","og_site_name":"Velo Outlets","article_modified_time":"2026-04-09T11:44:04+00:00","og_image":[{"width":640,"height":480,"url":"https:\/\/velooutlets.com\/wp-content\/uploads\/2026\/03\/1000199213.jpg","type":"image\/jpeg"}],"twitter_card":"summary_large_image","schema":{"@context":"https:\/\/schema.org","@graph":[{"@type":"WebPage","@id":"https:\/\/velooutlets.com\/products\/bernu-grozs-frozen-ii\/","url":"https:\/\/velooutlets.com\/products\/bernu-grozs-frozen-ii\/","name":"B\u0113rnu grozs Frozen II - Velo Outlets","isPartOf":{"@id":"https:\/\/velooutlets.com\/en\/#website"},"primaryImageOfPage":{"@id":"https:\/\/velooutlets.com\/products\/bernu-grozs-frozen-ii\/#primaryimage"},"image":{"@id":"https:\/\/velooutlets.com\/products\/bernu-grozs-frozen-ii\/#primaryimage"},"thumbnailUrl":"https:\/\/velooutlets.com\/wp-content\/uploads\/2026\/03\/1000199213.jpg","datePublished":"2026-03-27T11:51:55+00:00","dateModified":"2026-04-09T11:44:04+00:00","breadcrumb":{"@id":"https:\/\/velooutlets.com\/products\/bernu-grozs-frozen-ii\/#breadcrumb"},"inLanguage":"en-US","potentialAction":[{"@type":"ReadAction","target":["https:\/\/velooutlets.com\/products\/bernu-grozs-frozen-ii\/"]}]},{"@type":"ImageObject","inLanguage":"en-US","@id":"https:\/\/velooutlets.com\/products\/bernu-grozs-frozen-ii\/#primaryimage","url":"https:\/\/velooutlets.com\/wp-content\/uploads\/2026\/03\/1000199213.jpg","contentUrl":"https:\/\/velooutlets.com\/wp-content\/uploads\/2026\/03\/1000199213.jpg","width":640,"height":480},{"@type":"BreadcrumbList","@id":"https:\/\/velooutlets.com\/products\/bernu-grozs-frozen-ii\/#breadcrumb","itemListElement":[{"@type":"ListItem","position":1,"name":"Home","item":"https:\/\/velooutlets.com\/"},{"@type":"ListItem","position":2,"name":"Veikals","item":"https:\/\/velooutlets.com\/shop\/"},{"@type":"ListItem","position":3,"name":"B\u0113rnu grozs Frozen II"}]},{"@type":"WebSite","@id":"https:\/\/velooutlets.com\/en\/#website","url":"https:\/\/velooutlets.com\/en\/","name":"Velo Outlets","description":"Velosip\u0113di visai \u0123imenei","potentialAction":[{"@type":"SearchAction","target":{"@type":"EntryPoint","urlTemplate":"https:\/\/velooutlets.com\/en\/?s={search_term_string}"},"query-input":{"@type":"PropertyValueSpecification","valueRequired":true,"valueName":"search_term_string"}}],"inLanguage":"en-US"}]}},"jetpack_sharing_enabled":true,"_links":{"self":[{"href":"https:\/\/velooutlets.com\/en\/wp-json\/wp\/v2\/product\/37501","targetHints":{"allow":["GET"]}}],"collection":[{"href":"https:\/\/velooutlets.com\/en\/wp-json\/wp\/v2\/product"}],"about":[{"href":"https:\/\/velooutlets.com\/en\/wp-json\/wp\/v2\/types\/product"}],"wp:featuredmedia":[{"embeddable":true,"href":"https:\/\/velooutlets.com\/en\/wp-json\/wp\/v2\/media\/38010"}],"wp:attachment":[{"href":"https:\/\/velooutlets.com\/en\/wp-json\/wp\/v2\/media?parent=37501"}],"wp:term":[{"taxonomy":"product_brand","embeddable":true,"href":"https:\/\/velooutlets.com\/en\/wp-json\/wp\/v2\/product_brand?post=37501"},{"taxonomy":"product_cat","embeddable":true,"href":"https:\/\/velooutlets.com\/en\/wp-json\/wp\/v2\/product_cat?post=37501"},{"taxonomy":"product_tag","embeddable":true,"href":"https:\/\/velooutlets.com\/en\/wp-json\/wp\/v2\/product_tag?post=37501"}],"curies":[{"name":"wp","href":"https:\/\/api.w.org\/{rel}","templated":true}]}}