{"id":38123,"date":"2026-04-15T16:21:32","date_gmt":"2026-04-15T13:21:32","guid":{"rendered":"https:\/\/velooutlets.com\/?post_type=product&#038;p=38123"},"modified":"2026-04-17T17:58:49","modified_gmt":"2026-04-17T14:58:49","slug":"tabou-tabspin-1-0-red-black","status":"publish","type":"product","link":"https:\/\/velooutlets.com\/en\/product\/tabou-tabspin-1-0-red-black\/","title":{"rendered":"Tabou Tabspin 1.0"},"content":{"rendered":"<p>Tabou Tabspin 1.0 ir iztur\u012bgs un viegli vad\u0101ms dirt un freestyle velosip\u0113ds, kas lieliski piem\u0113rots gan ies\u0101c\u0113jiem, gan akt\u012bvai brauk\u0161anai pumptrack tras\u0113s un skeitparkos.<\/p>\n<p>Alum\u012bnija r\u0101mis nodro\u0161ina optim\u0101lu balansu starp svaru un iztur\u012bbu, savuk\u0101rt amortiz\u0101cijas dak\u0161a pal\u012bdz absorb\u0113t triecienus l\u0113cienu laik\u0101. Vienk\u0101r\u0161\u0101 single speed piedzi\u0146a un uzticam\u0101s disku bremzes garant\u0113 kontroli un dro\u0161\u012bbu, bet 26 collu rite\u0146i ar kvalitat\u012bv\u0101m riep\u0101m nodro\u0161ina stabilit\u0101ti da\u017e\u0101dos segumos. Tas ir lielisks risin\u0101jums tiem, kas v\u0113las att\u012bst\u012bt savas prasmes un izbaud\u012bt dinamisku brauk\u0161anu.<\/p>","protected":false},"excerpt":{"rendered":"<p>Tabou Tabspin 1.0 ir iztur\u012bgs un viegli vad\u0101ms dirt un freestyle velosip\u0113ds, kas lieliski piem\u0113rots gan ies\u0101c\u0113jiem, gan akt\u012bvai brauk\u0161anai pumptrack tras\u0113s un skeitparkos. Alum\u012bnija r\u0101mis nodro\u0161ina optim\u0101lu balansu starp svaru un iztur\u012bbu, savuk\u0101rt amortiz\u0101cijas dak\u0161a pal\u012bdz absorb\u0113t triecienus l\u0113cienu laik\u0101. Vienk\u0101r\u0161\u0101 single speed piedzi\u0146a un uzticam\u0101s disku bremzes garant\u0113 kontroli un dro\u0161\u012bbu, bet 26 [&hellip;]<\/p>\n","protected":false},"featured_media":38125,"template":"","meta":{"_monsterinsights_skip_tracking":false,"_monsterinsights_sitenote_active":false,"_monsterinsights_sitenote_note":"","_monsterinsights_sitenote_category":0,"_iconic_wsb_product_page_order_bump_ids":[],"_sku":[],"_iconic_wsb_product_page_bump_modal_ids":[]},"product_brand":[],"product_cat":[1627,1043,1127],"product_tag":[1525,849,212],"class_list":{"0":"post-38123","1":"product","2":"type-product","3":"status-publish","4":"has-post-thumbnail","6":"product_cat-bmx-dirt-velosipedi-20-26","7":"product_cat-pusaudzu-velosipedi-24-27-5","8":"product_cat-velosipedi","9":"product_tag-04_02_26","10":"product_tag-bmx-dirt-velosipedi","11":"product_tag-velosipedi","12":"product_shipping_class-pieauguso-velosipedi","14":"first","15":"instock","16":"sale","17":"taxable","18":"shipping-taxable","19":"purchasable","20":"product-type-simple"},"yoast_head":"<!-- This site is optimized with the Yoast SEO plugin v27.2 - https:\/\/yoast.com\/product\/yoast-seo-wordpress\/ -->\n<title>Tabou Tabspin 1.0 - Velo Outlets<\/title>\n<meta name=\"robots\" content=\"index, follow, max-snippet:-1, max-image-preview:large, max-video-preview:-1\" \/>\n<link rel=\"canonical\" href=\"https:\/\/velooutlets.com\/en\/product\/tabou-tabspin-1-0-red-black\/\" \/>\n<meta property=\"og:locale\" content=\"en_US\" \/>\n<meta property=\"og:type\" content=\"article\" \/>\n<meta property=\"og:title\" content=\"Tabou Tabspin 1.0 - Velo Outlets\" \/>\n<meta property=\"og:description\" content=\"Tabou Tabspin 1.0 ir iztur\u012bgs un viegli vad\u0101ms dirt un freestyle velosip\u0113ds, kas lieliski piem\u0113rots gan ies\u0101c\u0113jiem, gan akt\u012bvai brauk\u0161anai pumptrack tras\u0113s un skeitparkos. Alum\u012bnija r\u0101mis nodro\u0161ina optim\u0101lu balansu starp svaru un iztur\u012bbu, savuk\u0101rt amortiz\u0101cijas dak\u0161a pal\u012bdz absorb\u0113t triecienus l\u0113cienu laik\u0101. Vienk\u0101r\u0161\u0101 single speed piedzi\u0146a un uzticam\u0101s disku bremzes garant\u0113 kontroli un dro\u0161\u012bbu, bet 26 [&hellip;]\" \/>\n<meta property=\"og:url\" content=\"https:\/\/velooutlets.com\/en\/product\/tabou-tabspin-1-0-red-black\/\" \/>\n<meta property=\"og:site_name\" content=\"Velo Outlets\" \/>\n<meta property=\"article:modified_time\" content=\"2026-04-17T14:58:49+00:00\" \/>\n<meta property=\"og:image\" content=\"https:\/\/velooutlets.com\/wp-content\/uploads\/2026\/04\/1000199989.jpg\" \/>\n\t<meta property=\"og:image:width\" content=\"547\" \/>\n\t<meta property=\"og:image:height\" content=\"365\" \/>\n\t<meta property=\"og:image:type\" content=\"image\/jpeg\" \/>\n<meta name=\"twitter:card\" content=\"summary_large_image\" \/>\n<meta name=\"twitter:label1\" content=\"Est. reading time\" \/>\n\t<meta name=\"twitter:data1\" content=\"1 minute\" \/>\n<script type=\"application\/ld+json\" class=\"yoast-schema-graph\">{\"@context\":\"https:\/\/schema.org\",\"@graph\":[{\"@type\":\"WebPage\",\"@id\":\"https:\/\/velooutlets.com\/products\/tabou-tabspin-1-0-red-black\/\",\"url\":\"https:\/\/velooutlets.com\/products\/tabou-tabspin-1-0-red-black\/\",\"name\":\"Tabou Tabspin 1.0 - Velo Outlets\",\"isPartOf\":{\"@id\":\"https:\/\/velooutlets.com\/en\/#website\"},\"primaryImageOfPage\":{\"@id\":\"https:\/\/velooutlets.com\/products\/tabou-tabspin-1-0-red-black\/#primaryimage\"},\"image\":{\"@id\":\"https:\/\/velooutlets.com\/products\/tabou-tabspin-1-0-red-black\/#primaryimage\"},\"thumbnailUrl\":\"https:\/\/velooutlets.com\/wp-content\/uploads\/2026\/04\/1000199989.jpg\",\"datePublished\":\"2026-04-15T13:21:32+00:00\",\"dateModified\":\"2026-04-17T14:58:49+00:00\",\"breadcrumb\":{\"@id\":\"https:\/\/velooutlets.com\/products\/tabou-tabspin-1-0-red-black\/#breadcrumb\"},\"inLanguage\":\"en-US\",\"potentialAction\":[{\"@type\":\"ReadAction\",\"target\":[\"https:\/\/velooutlets.com\/products\/tabou-tabspin-1-0-red-black\/\"]}]},{\"@type\":\"ImageObject\",\"inLanguage\":\"en-US\",\"@id\":\"https:\/\/velooutlets.com\/products\/tabou-tabspin-1-0-red-black\/#primaryimage\",\"url\":\"https:\/\/velooutlets.com\/wp-content\/uploads\/2026\/04\/1000199989.jpg\",\"contentUrl\":\"https:\/\/velooutlets.com\/wp-content\/uploads\/2026\/04\/1000199989.jpg\",\"width\":547,\"height\":365},{\"@type\":\"BreadcrumbList\",\"@id\":\"https:\/\/velooutlets.com\/products\/tabou-tabspin-1-0-red-black\/#breadcrumb\",\"itemListElement\":[{\"@type\":\"ListItem\",\"position\":1,\"name\":\"Home\",\"item\":\"https:\/\/velooutlets.com\/\"},{\"@type\":\"ListItem\",\"position\":2,\"name\":\"Veikals\",\"item\":\"https:\/\/velooutlets.com\/shop\/\"},{\"@type\":\"ListItem\",\"position\":3,\"name\":\"Tabou Tabspin 1.0\"}]},{\"@type\":\"WebSite\",\"@id\":\"https:\/\/velooutlets.com\/en\/#website\",\"url\":\"https:\/\/velooutlets.com\/en\/\",\"name\":\"Velo Outlets\",\"description\":\"Velosip\u0113di visai \u0123imenei\",\"potentialAction\":[{\"@type\":\"SearchAction\",\"target\":{\"@type\":\"EntryPoint\",\"urlTemplate\":\"https:\/\/velooutlets.com\/en\/?s={search_term_string}\"},\"query-input\":{\"@type\":\"PropertyValueSpecification\",\"valueRequired\":true,\"valueName\":\"search_term_string\"}}],\"inLanguage\":\"en-US\"}]}<\/script>\n<!-- \/ Yoast SEO plugin. -->","yoast_head_json":{"title":"Tabou Tabspin 1.0 - Velo Outlets","robots":{"index":"index","follow":"follow","max-snippet":"max-snippet:-1","max-image-preview":"max-image-preview:large","max-video-preview":"max-video-preview:-1"},"canonical":"https:\/\/velooutlets.com\/en\/product\/tabou-tabspin-1-0-red-black\/","og_locale":"en_US","og_type":"article","og_title":"Tabou Tabspin 1.0 - Velo Outlets","og_description":"Tabou Tabspin 1.0 ir iztur\u012bgs un viegli vad\u0101ms dirt un freestyle velosip\u0113ds, kas lieliski piem\u0113rots gan ies\u0101c\u0113jiem, gan akt\u012bvai brauk\u0161anai pumptrack tras\u0113s un skeitparkos. Alum\u012bnija r\u0101mis nodro\u0161ina optim\u0101lu balansu starp svaru un iztur\u012bbu, savuk\u0101rt amortiz\u0101cijas dak\u0161a pal\u012bdz absorb\u0113t triecienus l\u0113cienu laik\u0101. Vienk\u0101r\u0161\u0101 single speed piedzi\u0146a un uzticam\u0101s disku bremzes garant\u0113 kontroli un dro\u0161\u012bbu, bet 26 [&hellip;]","og_url":"https:\/\/velooutlets.com\/en\/product\/tabou-tabspin-1-0-red-black\/","og_site_name":"Velo Outlets","article_modified_time":"2026-04-17T14:58:49+00:00","og_image":[{"width":547,"height":365,"url":"https:\/\/velooutlets.com\/wp-content\/uploads\/2026\/04\/1000199989.jpg","type":"image\/jpeg"}],"twitter_card":"summary_large_image","twitter_misc":{"Est. reading time":"1 minute"},"schema":{"@context":"https:\/\/schema.org","@graph":[{"@type":"WebPage","@id":"https:\/\/velooutlets.com\/products\/tabou-tabspin-1-0-red-black\/","url":"https:\/\/velooutlets.com\/products\/tabou-tabspin-1-0-red-black\/","name":"Tabou Tabspin 1.0 - Velo Outlets","isPartOf":{"@id":"https:\/\/velooutlets.com\/en\/#website"},"primaryImageOfPage":{"@id":"https:\/\/velooutlets.com\/products\/tabou-tabspin-1-0-red-black\/#primaryimage"},"image":{"@id":"https:\/\/velooutlets.com\/products\/tabou-tabspin-1-0-red-black\/#primaryimage"},"thumbnailUrl":"https:\/\/velooutlets.com\/wp-content\/uploads\/2026\/04\/1000199989.jpg","datePublished":"2026-04-15T13:21:32+00:00","dateModified":"2026-04-17T14:58:49+00:00","breadcrumb":{"@id":"https:\/\/velooutlets.com\/products\/tabou-tabspin-1-0-red-black\/#breadcrumb"},"inLanguage":"en-US","potentialAction":[{"@type":"ReadAction","target":["https:\/\/velooutlets.com\/products\/tabou-tabspin-1-0-red-black\/"]}]},{"@type":"ImageObject","inLanguage":"en-US","@id":"https:\/\/velooutlets.com\/products\/tabou-tabspin-1-0-red-black\/#primaryimage","url":"https:\/\/velooutlets.com\/wp-content\/uploads\/2026\/04\/1000199989.jpg","contentUrl":"https:\/\/velooutlets.com\/wp-content\/uploads\/2026\/04\/1000199989.jpg","width":547,"height":365},{"@type":"BreadcrumbList","@id":"https:\/\/velooutlets.com\/products\/tabou-tabspin-1-0-red-black\/#breadcrumb","itemListElement":[{"@type":"ListItem","position":1,"name":"Home","item":"https:\/\/velooutlets.com\/"},{"@type":"ListItem","position":2,"name":"Veikals","item":"https:\/\/velooutlets.com\/shop\/"},{"@type":"ListItem","position":3,"name":"Tabou Tabspin 1.0"}]},{"@type":"WebSite","@id":"https:\/\/velooutlets.com\/en\/#website","url":"https:\/\/velooutlets.com\/en\/","name":"Velo Outlets","description":"Velosip\u0113di visai \u0123imenei","potentialAction":[{"@type":"SearchAction","target":{"@type":"EntryPoint","urlTemplate":"https:\/\/velooutlets.com\/en\/?s={search_term_string}"},"query-input":{"@type":"PropertyValueSpecification","valueRequired":true,"valueName":"search_term_string"}}],"inLanguage":"en-US"}]}},"jetpack_sharing_enabled":true,"_links":{"self":[{"href":"https:\/\/velooutlets.com\/en\/wp-json\/wp\/v2\/product\/38123","targetHints":{"allow":["GET"]}}],"collection":[{"href":"https:\/\/velooutlets.com\/en\/wp-json\/wp\/v2\/product"}],"about":[{"href":"https:\/\/velooutlets.com\/en\/wp-json\/wp\/v2\/types\/product"}],"wp:featuredmedia":[{"embeddable":true,"href":"https:\/\/velooutlets.com\/en\/wp-json\/wp\/v2\/media\/38125"}],"wp:attachment":[{"href":"https:\/\/velooutlets.com\/en\/wp-json\/wp\/v2\/media?parent=38123"}],"wp:term":[{"taxonomy":"product_brand","embeddable":true,"href":"https:\/\/velooutlets.com\/en\/wp-json\/wp\/v2\/product_brand?post=38123"},{"taxonomy":"product_cat","embeddable":true,"href":"https:\/\/velooutlets.com\/en\/wp-json\/wp\/v2\/product_cat?post=38123"},{"taxonomy":"product_tag","embeddable":true,"href":"https:\/\/velooutlets.com\/en\/wp-json\/wp\/v2\/product_tag?post=38123"}],"curies":[{"name":"wp","href":"https:\/\/api.w.org\/{rel}","templated":true}]}}