{"id":38317,"date":"2026-04-24T17:01:52","date_gmt":"2026-04-24T14:01:52","guid":{"rendered":"https:\/\/velooutlets.com\/?post_type=product&#038;p=38317"},"modified":"2026-04-24T17:13:09","modified_gmt":"2026-04-24T14:13:09","slug":"doc-green-mtb-27-5","status":"publish","type":"product","link":"https:\/\/velooutlets.com\/en\/product\/doc-green-mtb-27-5\/","title":{"rendered":"Doc Green MTB 27.5&#8243;"},"content":{"rendered":"<p data-start=\"0\" data-end=\"306\">Doc Green MTB 27.5&#8243; ir vienk\u0101r\u0161s un uzticams elektro kalnu velosip\u0113ds, kas labi piem\u0113rots gan ikdienas braucieniem, gan viegl\u0101kiem bezce\u013ciem. Alum\u012bnija r\u0101mis un priek\u0161\u0113jais amortizators nodro\u0161ina komfortu uz nel\u012bdzeniem ce\u013ciem, savuk\u0101rt 27.5&#8243; rite\u0146i pied\u0101v\u0101 labu balansu starp manevr\u0113tsp\u0113ju un stabilit\u0101ti.<\/p>\n<p data-start=\"308\" data-end=\"579\">The bike is equipped with a VINKA RH30 rear wheel motor (250W) for smooth and quiet electric support. 36V 14Ah battery with <span class=\"hover:entity-accent entity-underline inline cursor-pointer align-baseline\"><span class=\"whitespace-normal\">Samsung<\/span><\/span> cells allow a range of up to ~110 km on a single charge, depending on driving conditions.<\/p>\n<p data-start=\"581\" data-end=\"841\"><span class=\"hover:entity-accent entity-underline inline cursor-pointer align-baseline\"><span class=\"whitespace-normal\">Shimano<\/span><\/span> The Tourney 7-speed system is simple and practical for everyday use, while the Tektro mechanical disc brakes provide ample stopping power. The bike is also equipped with lights for safety in the dark.<\/p>\n<p data-start=\"848\" data-end=\"866\"><strong data-start=\"848\" data-end=\"866\">Specification:<\/strong><\/p>\n<p data-start=\"868\" data-end=\"1331\" data-is-last-node=\"\" data-is-only-node=\"\">Frame: aluminium<br data-start=\"884\" data-end=\"887\" \/>Rite\u0146u izm\u0113rs: 27.5&#8243;<br data-start=\"907\" data-end=\"910\" \/>Motor: VINKA RH30 rear hub (36V, 250W)<br data-start=\"949\" data-end=\"952\" \/>Battery: 36V 14Ah (508 Wh, Samsung cells)<br data-start=\"997\" data-end=\"1000\" data-is-only-node=\"\" \/>Display: VINKA DR24<br data-start=\"1020\" data-end=\"1023\" \/>Maximum speed: 25 km\/h<br data-start=\"1050\" data-end=\"1053\" \/>Maximum range: up to 110 km<br data-start=\"1088\" data-end=\"1091\" \/>Fork: Front shock absorber<br data-start=\"1122\" data-end=\"1125\" \/>Gear system: Shimano Tourney 7 speeds<br data-start=\"1168\" data-end=\"1171\" \/>Shimano Tourney<br data-start=\"1199\" data-end=\"1202\" \/>Rear sprocket: Shimano<br data-start=\"1232\" data-end=\"1235\" \/>Brakes: TEKTRO MD-M280 mechanical disc<br data-start=\"1275\" data-end=\"1278\" \/>Riepas: CST PATROL 27.5&#8243;<br data-start=\"1302\" data-end=\"1305\" \/>Lighting: SBC, K-Light<\/p>","protected":false},"excerpt":{"rendered":"<p>Doc Green MTB 27.5&#8243; ir vienk\u0101r\u0161s un uzticams elektro kalnu velosip\u0113ds, kas labi piem\u0113rots gan ikdienas braucieniem, gan viegl\u0101kiem bezce\u013ciem. Alum\u012bnija r\u0101mis un priek\u0161\u0113jais amortizators nodro\u0161ina komfortu uz nel\u012bdzeniem ce\u013ciem, savuk\u0101rt 27.5&#8243; rite\u0146i pied\u0101v\u0101 labu balansu starp manevr\u0113tsp\u0113ju un stabilit\u0101ti. Velosip\u0113ds apr\u012bkots ar VINKA RH30 aizmugur\u0113j\u0101 rata motoru (250W), kas nodro\u0161ina vienm\u0113r\u012bgu un klusu elektrisko [&hellip;]<\/p>\n","protected":false},"featured_media":38318,"template":"","meta":{"_monsterinsights_skip_tracking":false,"_monsterinsights_sitenote_active":false,"_monsterinsights_sitenote_note":"","_monsterinsights_sitenote_category":0,"_iconic_wsb_product_page_order_bump_ids":[[]],"_sku":[],"_iconic_wsb_product_page_bump_modal_ids":[[]]},"product_brand":[],"product_cat":[963,1127],"product_tag":[1832,212],"class_list":{"0":"post-38317","1":"product","2":"type-product","3":"status-publish","4":"has-post-thumbnail","6":"product_cat-elektro-velosipedi","7":"product_cat-velosipedi","8":"product_tag-trekking","9":"product_tag-velosipedi","10":"product_shipping_class-elektro-velosipedi","12":"first","13":"instock","14":"taxable","15":"shipping-taxable","16":"purchasable","17":"product-type-simple"},"yoast_head":"<!-- This site is optimized with the Yoast SEO plugin v27.2 - https:\/\/yoast.com\/product\/yoast-seo-wordpress\/ -->\n<title>Doc Green MTB 27.5&quot; - Velo Outlets<\/title>\n<meta name=\"description\" content=\"Bergamont Sweep 6 ir viegls un sportisks hibr\u012bda velosip\u0113ds, kas paredz\u0113ts \u0101trai un dinamiskai p\u0101rvieto\u0161anai pils\u0113t\u0101.\" \/>\n<meta name=\"robots\" content=\"index, follow, max-snippet:-1, max-image-preview:large, max-video-preview:-1\" \/>\n<link rel=\"canonical\" href=\"https:\/\/velooutlets.com\/en\/product\/doc-green-mtb-27-5\/\" \/>\n<meta property=\"og:locale\" content=\"en_US\" \/>\n<meta property=\"og:type\" content=\"article\" \/>\n<meta property=\"og:title\" content=\"Doc Green MTB 27.5&quot; - Velo Outlets\" \/>\n<meta property=\"og:description\" content=\"Bergamont Sweep 6 ir viegls un sportisks hibr\u012bda velosip\u0113ds, kas paredz\u0113ts \u0101trai un dinamiskai p\u0101rvieto\u0161anai pils\u0113t\u0101.\" \/>\n<meta property=\"og:url\" content=\"https:\/\/velooutlets.com\/en\/product\/doc-green-mtb-27-5\/\" \/>\n<meta property=\"og:site_name\" content=\"Velo Outlets\" \/>\n<meta property=\"article:modified_time\" content=\"2026-04-24T14:13:09+00:00\" \/>\n<meta property=\"og:image\" content=\"https:\/\/velooutlets.com\/wp-content\/uploads\/2026\/04\/NBF08104.jpg\" \/>\n\t<meta property=\"og:image:width\" content=\"2048\" \/>\n\t<meta property=\"og:image:height\" content=\"1365\" \/>\n\t<meta property=\"og:image:type\" content=\"image\/jpeg\" \/>\n<meta name=\"twitter:card\" content=\"summary_large_image\" \/>\n<meta name=\"twitter:label1\" content=\"Est. reading time\" \/>\n\t<meta name=\"twitter:data1\" content=\"2 minutes\" \/>\n<script type=\"application\/ld+json\" class=\"yoast-schema-graph\">{\"@context\":\"https:\/\/schema.org\",\"@graph\":[{\"@type\":\"WebPage\",\"@id\":\"https:\/\/velooutlets.com\/products\/doc-green-mtb-27-5\/\",\"url\":\"https:\/\/velooutlets.com\/products\/doc-green-mtb-27-5\/\",\"name\":\"Doc Green MTB 27.5\\\" - Velo Outlets\",\"isPartOf\":{\"@id\":\"https:\/\/velooutlets.com\/en\/#website\"},\"primaryImageOfPage\":{\"@id\":\"https:\/\/velooutlets.com\/products\/doc-green-mtb-27-5\/#primaryimage\"},\"image\":{\"@id\":\"https:\/\/velooutlets.com\/products\/doc-green-mtb-27-5\/#primaryimage\"},\"thumbnailUrl\":\"https:\/\/velooutlets.com\/wp-content\/uploads\/2026\/04\/NBF08104.jpg\",\"datePublished\":\"2026-04-24T14:01:52+00:00\",\"dateModified\":\"2026-04-24T14:13:09+00:00\",\"description\":\"Bergamont Sweep 6 ir viegls un sportisks hibr\u012bda velosip\u0113ds, kas paredz\u0113ts \u0101trai un dinamiskai p\u0101rvieto\u0161anai pils\u0113t\u0101.\",\"breadcrumb\":{\"@id\":\"https:\/\/velooutlets.com\/products\/doc-green-mtb-27-5\/#breadcrumb\"},\"inLanguage\":\"en-US\",\"potentialAction\":[{\"@type\":\"ReadAction\",\"target\":[\"https:\/\/velooutlets.com\/products\/doc-green-mtb-27-5\/\"]}]},{\"@type\":\"ImageObject\",\"inLanguage\":\"en-US\",\"@id\":\"https:\/\/velooutlets.com\/products\/doc-green-mtb-27-5\/#primaryimage\",\"url\":\"https:\/\/velooutlets.com\/wp-content\/uploads\/2026\/04\/NBF08104.jpg\",\"contentUrl\":\"https:\/\/velooutlets.com\/wp-content\/uploads\/2026\/04\/NBF08104.jpg\",\"width\":2048,\"height\":1365},{\"@type\":\"BreadcrumbList\",\"@id\":\"https:\/\/velooutlets.com\/products\/doc-green-mtb-27-5\/#breadcrumb\",\"itemListElement\":[{\"@type\":\"ListItem\",\"position\":1,\"name\":\"Home\",\"item\":\"https:\/\/velooutlets.com\/\"},{\"@type\":\"ListItem\",\"position\":2,\"name\":\"Veikals\",\"item\":\"https:\/\/velooutlets.com\/shop\/\"},{\"@type\":\"ListItem\",\"position\":3,\"name\":\"Doc Green MTB 27.5&#8243;\"}]},{\"@type\":\"WebSite\",\"@id\":\"https:\/\/velooutlets.com\/en\/#website\",\"url\":\"https:\/\/velooutlets.com\/en\/\",\"name\":\"Velo Outlets\",\"description\":\"Velosip\u0113di visai \u0123imenei\",\"potentialAction\":[{\"@type\":\"SearchAction\",\"target\":{\"@type\":\"EntryPoint\",\"urlTemplate\":\"https:\/\/velooutlets.com\/en\/?s={search_term_string}\"},\"query-input\":{\"@type\":\"PropertyValueSpecification\",\"valueRequired\":true,\"valueName\":\"search_term_string\"}}],\"inLanguage\":\"en-US\"}]}<\/script>\n<!-- \/ Yoast SEO plugin. -->","yoast_head_json":{"title":"Doc Green MTB 27.5\" - Velo Outlets","description":"Bergamont Sweep 6 ir viegls un sportisks hibr\u012bda velosip\u0113ds, kas paredz\u0113ts \u0101trai un dinamiskai p\u0101rvieto\u0161anai pils\u0113t\u0101.","robots":{"index":"index","follow":"follow","max-snippet":"max-snippet:-1","max-image-preview":"max-image-preview:large","max-video-preview":"max-video-preview:-1"},"canonical":"https:\/\/velooutlets.com\/en\/product\/doc-green-mtb-27-5\/","og_locale":"en_US","og_type":"article","og_title":"Doc Green MTB 27.5\" - Velo Outlets","og_description":"Bergamont Sweep 6 ir viegls un sportisks hibr\u012bda velosip\u0113ds, kas paredz\u0113ts \u0101trai un dinamiskai p\u0101rvieto\u0161anai pils\u0113t\u0101.","og_url":"https:\/\/velooutlets.com\/en\/product\/doc-green-mtb-27-5\/","og_site_name":"Velo Outlets","article_modified_time":"2026-04-24T14:13:09+00:00","og_image":[{"width":2048,"height":1365,"url":"https:\/\/velooutlets.com\/wp-content\/uploads\/2026\/04\/NBF08104.jpg","type":"image\/jpeg"}],"twitter_card":"summary_large_image","twitter_misc":{"Est. reading time":"2 minutes"},"schema":{"@context":"https:\/\/schema.org","@graph":[{"@type":"WebPage","@id":"https:\/\/velooutlets.com\/products\/doc-green-mtb-27-5\/","url":"https:\/\/velooutlets.com\/products\/doc-green-mtb-27-5\/","name":"Doc Green MTB 27.5\" - Velo Outlets","isPartOf":{"@id":"https:\/\/velooutlets.com\/en\/#website"},"primaryImageOfPage":{"@id":"https:\/\/velooutlets.com\/products\/doc-green-mtb-27-5\/#primaryimage"},"image":{"@id":"https:\/\/velooutlets.com\/products\/doc-green-mtb-27-5\/#primaryimage"},"thumbnailUrl":"https:\/\/velooutlets.com\/wp-content\/uploads\/2026\/04\/NBF08104.jpg","datePublished":"2026-04-24T14:01:52+00:00","dateModified":"2026-04-24T14:13:09+00:00","description":"Bergamont Sweep 6 ir viegls un sportisks hibr\u012bda velosip\u0113ds, kas paredz\u0113ts \u0101trai un dinamiskai p\u0101rvieto\u0161anai pils\u0113t\u0101.","breadcrumb":{"@id":"https:\/\/velooutlets.com\/products\/doc-green-mtb-27-5\/#breadcrumb"},"inLanguage":"en-US","potentialAction":[{"@type":"ReadAction","target":["https:\/\/velooutlets.com\/products\/doc-green-mtb-27-5\/"]}]},{"@type":"ImageObject","inLanguage":"en-US","@id":"https:\/\/velooutlets.com\/products\/doc-green-mtb-27-5\/#primaryimage","url":"https:\/\/velooutlets.com\/wp-content\/uploads\/2026\/04\/NBF08104.jpg","contentUrl":"https:\/\/velooutlets.com\/wp-content\/uploads\/2026\/04\/NBF08104.jpg","width":2048,"height":1365},{"@type":"BreadcrumbList","@id":"https:\/\/velooutlets.com\/products\/doc-green-mtb-27-5\/#breadcrumb","itemListElement":[{"@type":"ListItem","position":1,"name":"Home","item":"https:\/\/velooutlets.com\/"},{"@type":"ListItem","position":2,"name":"Veikals","item":"https:\/\/velooutlets.com\/shop\/"},{"@type":"ListItem","position":3,"name":"Doc Green MTB 27.5&#8243;"}]},{"@type":"WebSite","@id":"https:\/\/velooutlets.com\/en\/#website","url":"https:\/\/velooutlets.com\/en\/","name":"Velo Outlets","description":"Velosip\u0113di visai \u0123imenei","potentialAction":[{"@type":"SearchAction","target":{"@type":"EntryPoint","urlTemplate":"https:\/\/velooutlets.com\/en\/?s={search_term_string}"},"query-input":{"@type":"PropertyValueSpecification","valueRequired":true,"valueName":"search_term_string"}}],"inLanguage":"en-US"}]}},"jetpack_sharing_enabled":true,"_links":{"self":[{"href":"https:\/\/velooutlets.com\/en\/wp-json\/wp\/v2\/product\/38317","targetHints":{"allow":["GET"]}}],"collection":[{"href":"https:\/\/velooutlets.com\/en\/wp-json\/wp\/v2\/product"}],"about":[{"href":"https:\/\/velooutlets.com\/en\/wp-json\/wp\/v2\/types\/product"}],"wp:featuredmedia":[{"embeddable":true,"href":"https:\/\/velooutlets.com\/en\/wp-json\/wp\/v2\/media\/38318"}],"wp:attachment":[{"href":"https:\/\/velooutlets.com\/en\/wp-json\/wp\/v2\/media?parent=38317"}],"wp:term":[{"taxonomy":"product_brand","embeddable":true,"href":"https:\/\/velooutlets.com\/en\/wp-json\/wp\/v2\/product_brand?post=38317"},{"taxonomy":"product_cat","embeddable":true,"href":"https:\/\/velooutlets.com\/en\/wp-json\/wp\/v2\/product_cat?post=38317"},{"taxonomy":"product_tag","embeddable":true,"href":"https:\/\/velooutlets.com\/en\/wp-json\/wp\/v2\/product_tag?post=38317"}],"curies":[{"name":"wp","href":"https:\/\/api.w.org\/{rel}","templated":true}]}}