{"id":38501,"date":"2026-05-05T20:12:51","date_gmt":"2026-05-05T17:12:51","guid":{"rendered":"https:\/\/velooutlets.com\/?post_type=product&#038;p=38501"},"modified":"2026-05-05T23:39:08","modified_gmt":"2026-05-05T20:39:08","slug":"bergamont-vitess-30-amsterdam-red","status":"publish","type":"product","link":"https:\/\/velooutlets.com\/en\/product\/bergamont-vitess-30-amsterdam-red\/","title":{"rendered":"Bergamont VITESS 30 AMSTERDAM Red"},"content":{"rendered":"<p>Bergamont Vitess 30 Amsterdam ir komfortabls pils\u0113tas\/trekinga velosip\u0113ds, kas paredz\u0113ts ikdienas brauk\u0161anai un gar\u0101kiem izbraucieniem. Tas pied\u0101v\u0101 \u0113rtu s\u0113dpoz\u012bciju, stabilu vad\u0101m\u012bbu un pilnu apr\u012bkojumu pils\u0113tas lieto\u0161anai.<\/p>\n<p>Velosip\u0113ds veidots uz viegla alum\u012bnija r\u0101mja ar pazemin\u0101tu aug\u0161\u0113jo cauruli, kas atvieglo uzk\u0101p\u0161anu. Suntour amortiz\u0101cijas dak\u0161a ar 63 mm g\u0101jienu un amortiz\u0113ta s\u0113dek\u013ca stute uzlabo komfortu uz nel\u012bdzeniem segumiem. Shimano Cues 2\u00d711 transmisija nodro\u0161ina vienm\u0113r\u012bgu p\u0101rsl\u0113g\u0161anos, bet hidraulisk\u0101s disku bremzes &#8211; dro\u0161u bremz\u0113\u0161anu.<\/p>\n<p>Specification:<br \/>\nWheel size: 28\u2033<br \/>\nR\u0101mis: Alum\u012bnija AL-6061<br \/>\nDak\u0161a: Suntour NCX-D LO, 63 mm<br \/>\n\u0100trumu skaits: 2\u00d711<br \/>\nAizmugur\u0113jais p\u0101rsl\u0113dz\u0113js: Shimano Cues RD-U6020<br \/>\nPriek\u0161\u0113jais p\u0101rsl\u0113dz\u0113js: Shimano Cues FD-U6010<br \/>\nP\u0101rsl\u0113dz\u0113ji: Shimano Cues SL-U6000<br \/>\nKla\u0146i: Shimano Cues FC-U6010, 46\/32T<br \/>\nKasete: Shimano Cues CS-LG400-11, 11\u201345T<br \/>\nChain: Shimano CN-LG500<br \/>\nK\u0101rbas mezgls (BB): Shimano Hollowtech II<br \/>\nBremzes: Shimano BR-MT200 hidraulisk\u0101s disku<br \/>\nBrem\u017eu diski: Shimano SM-RT10, 160 mm<br \/>\nRati: Syncros X15 Disc, 32H<br \/>\nRumbas: Shimano (priek\u0161\u0101 ar dinamohubu DH-3D37)<br \/>\nRiepas: Schwalbe Energizer Active Plus, 50-622<br \/>\nSt\u016bre: Syncros 3.0, 660 mm<br \/>\nIznesums: Syncros<br \/>\nRokturi: Syncros lock-on<br \/>\nS\u0113dek\u013ca stute: Syncros, amortiz\u0113ta<br \/>\nS\u0113deklis: Syncros Capilano City<br \/>\nPed\u0101\u013ci: Trekking alum\u012bnija<br \/>\nPapildapr\u012bkojums: Apgaismojums, bag\u0101\u017enieks, dub\u013cusargi, k\u0101ji\u0146a<\/p>","protected":false},"excerpt":{"rendered":"<p>Bergamont Vitess 30 Amsterdam ir komfortabls pils\u0113tas\/trekinga velosip\u0113ds, kas paredz\u0113ts ikdienas brauk\u0161anai un gar\u0101kiem izbraucieniem. Tas pied\u0101v\u0101 \u0113rtu s\u0113dpoz\u012bciju, stabilu vad\u0101m\u012bbu un pilnu apr\u012bkojumu pils\u0113tas lieto\u0161anai. Velosip\u0113ds veidots uz viegla alum\u012bnija r\u0101mja ar pazemin\u0101tu aug\u0161\u0113jo cauruli, kas atvieglo uzk\u0101p\u0161anu. Suntour amortiz\u0101cijas dak\u0161a ar 63 mm g\u0101jienu un amortiz\u0113ta s\u0113dek\u013ca stute uzlabo komfortu uz nel\u012bdzeniem segumiem. [&hellip;]<\/p>\n","protected":false},"featured_media":38508,"template":"","meta":{"_monsterinsights_skip_tracking":false,"_monsterinsights_sitenote_active":false,"_monsterinsights_sitenote_note":"","_monsterinsights_sitenote_category":0,"_iconic_wsb_product_page_order_bump_ids":[[]],"_sku":[],"_iconic_wsb_product_page_bump_modal_ids":[[]]},"product_brand":[],"product_cat":[1833,1032,1068,1127],"product_tag":[1832,212],"class_list":{"0":"post-38501","1":"product","2":"type-product","3":"status-publish","4":"has-post-thumbnail","6":"product_cat-online","7":"product_cat-pilsetas-velosipedi","8":"product_cat-sieviesu-velosipedi","9":"product_cat-velosipedi","10":"product_tag-trekking","11":"product_tag-velosipedi","12":"product_shipping_class-pieauguso-velosipedi","13":"pa_ramja-izmers-l","14":"pa_ramja-izmers-m","15":"pa_ramja-izmers-s","16":"pa_razosanas-gads-1253","18":"first","19":"instock","20":"sale","21":"taxable","22":"shipping-taxable","23":"purchasable","24":"product-type-variable","25":"wvs-archive-product-wrapper"},"yoast_head":"<!-- This site is optimized with the Yoast SEO plugin v27.2 - https:\/\/yoast.com\/product\/yoast-seo-wordpress\/ -->\n<title>Bergamont VITESS 30 AMSTERDAM Red - Velo Outlets<\/title>\n<meta name=\"robots\" content=\"index, follow, max-snippet:-1, max-image-preview:large, max-video-preview:-1\" \/>\n<link rel=\"canonical\" href=\"https:\/\/velooutlets.com\/en\/product\/bergamont-vitess-30-amsterdam-red\/\" \/>\n<meta property=\"og:locale\" content=\"en_US\" \/>\n<meta property=\"og:type\" content=\"article\" \/>\n<meta property=\"og:title\" content=\"Bergamont VITESS 30 AMSTERDAM Red - Velo Outlets\" \/>\n<meta property=\"og:description\" content=\"Bergamont Vitess 30 Amsterdam ir komfortabls pils\u0113tas\/trekinga velosip\u0113ds, kas paredz\u0113ts ikdienas brauk\u0161anai un gar\u0101kiem izbraucieniem. Tas pied\u0101v\u0101 \u0113rtu s\u0113dpoz\u012bciju, stabilu vad\u0101m\u012bbu un pilnu apr\u012bkojumu pils\u0113tas lieto\u0161anai. Velosip\u0113ds veidots uz viegla alum\u012bnija r\u0101mja ar pazemin\u0101tu aug\u0161\u0113jo cauruli, kas atvieglo uzk\u0101p\u0161anu. Suntour amortiz\u0101cijas dak\u0161a ar 63 mm g\u0101jienu un amortiz\u0113ta s\u0113dek\u013ca stute uzlabo komfortu uz nel\u012bdzeniem segumiem. [&hellip;]\" \/>\n<meta property=\"og:url\" content=\"https:\/\/velooutlets.com\/en\/product\/bergamont-vitess-30-amsterdam-red\/\" \/>\n<meta property=\"og:site_name\" content=\"Velo Outlets\" \/>\n<meta property=\"article:modified_time\" content=\"2026-05-05T20:39:08+00:00\" \/>\n<meta property=\"og:image\" content=\"https:\/\/velooutlets.com\/wp-content\/uploads\/2026\/05\/1000202951.jpg\" \/>\n\t<meta property=\"og:image:width\" content=\"1080\" \/>\n\t<meta property=\"og:image:height\" content=\"669\" \/>\n\t<meta property=\"og:image:type\" content=\"image\/jpeg\" \/>\n<meta name=\"twitter:card\" content=\"summary_large_image\" \/>\n<meta name=\"twitter:label1\" content=\"Est. reading time\" \/>\n\t<meta name=\"twitter:data1\" content=\"2 minutes\" \/>\n<script type=\"application\/ld+json\" class=\"yoast-schema-graph\">{\"@context\":\"https:\/\/schema.org\",\"@graph\":[{\"@type\":\"WebPage\",\"@id\":\"https:\/\/velooutlets.com\/products\/bergamont-vitess-30-amsterdam-red\/\",\"url\":\"https:\/\/velooutlets.com\/products\/bergamont-vitess-30-amsterdam-red\/\",\"name\":\"Bergamont VITESS 30 AMSTERDAM Red - Velo Outlets\",\"isPartOf\":{\"@id\":\"https:\/\/velooutlets.com\/en\/#website\"},\"primaryImageOfPage\":{\"@id\":\"https:\/\/velooutlets.com\/products\/bergamont-vitess-30-amsterdam-red\/#primaryimage\"},\"image\":{\"@id\":\"https:\/\/velooutlets.com\/products\/bergamont-vitess-30-amsterdam-red\/#primaryimage\"},\"thumbnailUrl\":\"https:\/\/velooutlets.com\/wp-content\/uploads\/2026\/05\/1000202951.jpg\",\"datePublished\":\"2026-05-05T17:12:51+00:00\",\"dateModified\":\"2026-05-05T20:39:08+00:00\",\"breadcrumb\":{\"@id\":\"https:\/\/velooutlets.com\/products\/bergamont-vitess-30-amsterdam-red\/#breadcrumb\"},\"inLanguage\":\"en-US\",\"potentialAction\":[{\"@type\":\"ReadAction\",\"target\":[\"https:\/\/velooutlets.com\/products\/bergamont-vitess-30-amsterdam-red\/\"]}]},{\"@type\":\"ImageObject\",\"inLanguage\":\"en-US\",\"@id\":\"https:\/\/velooutlets.com\/products\/bergamont-vitess-30-amsterdam-red\/#primaryimage\",\"url\":\"https:\/\/velooutlets.com\/wp-content\/uploads\/2026\/05\/1000202951.jpg\",\"contentUrl\":\"https:\/\/velooutlets.com\/wp-content\/uploads\/2026\/05\/1000202951.jpg\",\"width\":1080,\"height\":669},{\"@type\":\"BreadcrumbList\",\"@id\":\"https:\/\/velooutlets.com\/products\/bergamont-vitess-30-amsterdam-red\/#breadcrumb\",\"itemListElement\":[{\"@type\":\"ListItem\",\"position\":1,\"name\":\"Home\",\"item\":\"https:\/\/velooutlets.com\/\"},{\"@type\":\"ListItem\",\"position\":2,\"name\":\"Veikals\",\"item\":\"https:\/\/velooutlets.com\/shop\/\"},{\"@type\":\"ListItem\",\"position\":3,\"name\":\"Bergamont VITESS 30 AMSTERDAM Red\"}]},{\"@type\":\"WebSite\",\"@id\":\"https:\/\/velooutlets.com\/en\/#website\",\"url\":\"https:\/\/velooutlets.com\/en\/\",\"name\":\"Velo Outlets\",\"description\":\"Velosip\u0113di visai \u0123imenei\",\"potentialAction\":[{\"@type\":\"SearchAction\",\"target\":{\"@type\":\"EntryPoint\",\"urlTemplate\":\"https:\/\/velooutlets.com\/en\/?s={search_term_string}\"},\"query-input\":{\"@type\":\"PropertyValueSpecification\",\"valueRequired\":true,\"valueName\":\"search_term_string\"}}],\"inLanguage\":\"en-US\"}]}<\/script>\n<!-- \/ Yoast SEO plugin. -->","yoast_head_json":{"title":"Bergamont VITESS 30 AMSTERDAM Red - Velo Outlets","robots":{"index":"index","follow":"follow","max-snippet":"max-snippet:-1","max-image-preview":"max-image-preview:large","max-video-preview":"max-video-preview:-1"},"canonical":"https:\/\/velooutlets.com\/en\/product\/bergamont-vitess-30-amsterdam-red\/","og_locale":"en_US","og_type":"article","og_title":"Bergamont VITESS 30 AMSTERDAM Red - Velo Outlets","og_description":"Bergamont Vitess 30 Amsterdam ir komfortabls pils\u0113tas\/trekinga velosip\u0113ds, kas paredz\u0113ts ikdienas brauk\u0161anai un gar\u0101kiem izbraucieniem. Tas pied\u0101v\u0101 \u0113rtu s\u0113dpoz\u012bciju, stabilu vad\u0101m\u012bbu un pilnu apr\u012bkojumu pils\u0113tas lieto\u0161anai. Velosip\u0113ds veidots uz viegla alum\u012bnija r\u0101mja ar pazemin\u0101tu aug\u0161\u0113jo cauruli, kas atvieglo uzk\u0101p\u0161anu. Suntour amortiz\u0101cijas dak\u0161a ar 63 mm g\u0101jienu un amortiz\u0113ta s\u0113dek\u013ca stute uzlabo komfortu uz nel\u012bdzeniem segumiem. [&hellip;]","og_url":"https:\/\/velooutlets.com\/en\/product\/bergamont-vitess-30-amsterdam-red\/","og_site_name":"Velo Outlets","article_modified_time":"2026-05-05T20:39:08+00:00","og_image":[{"width":1080,"height":669,"url":"https:\/\/velooutlets.com\/wp-content\/uploads\/2026\/05\/1000202951.jpg","type":"image\/jpeg"}],"twitter_card":"summary_large_image","twitter_misc":{"Est. reading time":"2 minutes"},"schema":{"@context":"https:\/\/schema.org","@graph":[{"@type":"WebPage","@id":"https:\/\/velooutlets.com\/products\/bergamont-vitess-30-amsterdam-red\/","url":"https:\/\/velooutlets.com\/products\/bergamont-vitess-30-amsterdam-red\/","name":"Bergamont VITESS 30 AMSTERDAM Red - Velo Outlets","isPartOf":{"@id":"https:\/\/velooutlets.com\/en\/#website"},"primaryImageOfPage":{"@id":"https:\/\/velooutlets.com\/products\/bergamont-vitess-30-amsterdam-red\/#primaryimage"},"image":{"@id":"https:\/\/velooutlets.com\/products\/bergamont-vitess-30-amsterdam-red\/#primaryimage"},"thumbnailUrl":"https:\/\/velooutlets.com\/wp-content\/uploads\/2026\/05\/1000202951.jpg","datePublished":"2026-05-05T17:12:51+00:00","dateModified":"2026-05-05T20:39:08+00:00","breadcrumb":{"@id":"https:\/\/velooutlets.com\/products\/bergamont-vitess-30-amsterdam-red\/#breadcrumb"},"inLanguage":"en-US","potentialAction":[{"@type":"ReadAction","target":["https:\/\/velooutlets.com\/products\/bergamont-vitess-30-amsterdam-red\/"]}]},{"@type":"ImageObject","inLanguage":"en-US","@id":"https:\/\/velooutlets.com\/products\/bergamont-vitess-30-amsterdam-red\/#primaryimage","url":"https:\/\/velooutlets.com\/wp-content\/uploads\/2026\/05\/1000202951.jpg","contentUrl":"https:\/\/velooutlets.com\/wp-content\/uploads\/2026\/05\/1000202951.jpg","width":1080,"height":669},{"@type":"BreadcrumbList","@id":"https:\/\/velooutlets.com\/products\/bergamont-vitess-30-amsterdam-red\/#breadcrumb","itemListElement":[{"@type":"ListItem","position":1,"name":"Home","item":"https:\/\/velooutlets.com\/"},{"@type":"ListItem","position":2,"name":"Veikals","item":"https:\/\/velooutlets.com\/shop\/"},{"@type":"ListItem","position":3,"name":"Bergamont VITESS 30 AMSTERDAM Red"}]},{"@type":"WebSite","@id":"https:\/\/velooutlets.com\/en\/#website","url":"https:\/\/velooutlets.com\/en\/","name":"Velo Outlets","description":"Velosip\u0113di visai \u0123imenei","potentialAction":[{"@type":"SearchAction","target":{"@type":"EntryPoint","urlTemplate":"https:\/\/velooutlets.com\/en\/?s={search_term_string}"},"query-input":{"@type":"PropertyValueSpecification","valueRequired":true,"valueName":"search_term_string"}}],"inLanguage":"en-US"}]}},"jetpack_sharing_enabled":true,"_links":{"self":[{"href":"https:\/\/velooutlets.com\/en\/wp-json\/wp\/v2\/product\/38501","targetHints":{"allow":["GET"]}}],"collection":[{"href":"https:\/\/velooutlets.com\/en\/wp-json\/wp\/v2\/product"}],"about":[{"href":"https:\/\/velooutlets.com\/en\/wp-json\/wp\/v2\/types\/product"}],"wp:featuredmedia":[{"embeddable":true,"href":"https:\/\/velooutlets.com\/en\/wp-json\/wp\/v2\/media\/38508"}],"wp:attachment":[{"href":"https:\/\/velooutlets.com\/en\/wp-json\/wp\/v2\/media?parent=38501"}],"wp:term":[{"taxonomy":"product_brand","embeddable":true,"href":"https:\/\/velooutlets.com\/en\/wp-json\/wp\/v2\/product_brand?post=38501"},{"taxonomy":"product_cat","embeddable":true,"href":"https:\/\/velooutlets.com\/en\/wp-json\/wp\/v2\/product_cat?post=38501"},{"taxonomy":"product_tag","embeddable":true,"href":"https:\/\/velooutlets.com\/en\/wp-json\/wp\/v2\/product_tag?post=38501"}],"curies":[{"name":"wp","href":"https:\/\/api.w.org\/{rel}","templated":true}]}}