{"id":9133,"date":"2025-10-03T11:39:05","date_gmt":"2025-10-03T11:39:05","guid":{"rendered":"https:\/\/staging.velooutlets.com\/product\/haro-inspired-20-pink\/"},"modified":"2026-03-26T11:43:22","modified_gmt":"2026-03-26T09:43:22","slug":"haro-inspired-20-pink","status":"publish","type":"product","link":"https:\/\/velooutlets.com\/en\/product\/haro-inspired-20-pink\/","title":{"rendered":"HARO Inspired - 20\u2033 Pink"},"content":{"rendered":"<p>The HARO Inspired 20\u2033 is a durable freestyle BMX bike designed for street and park trick training. The Hi Ten steel frame and fork ensure a stable construction and durability for active use for youth and adults.<\/p>\n<p>The bike is equipped with a two-piece handlebar with 9\" of travel, Premium CK 20\u00d72.4\" tyres and three-piece CrMo cranks with 175 mm of length for good control and durability. The Die Cast aluminium 990 U-brake guarantees reliable braking, while the Premium Slim one-piece seat gives a classic BMX look. The bike weighs approximately 12.6 kg and is suitable for riders looking for a reliable freestyle BMX for everyday training.<\/p>","protected":false},"excerpt":{"rendered":"<p>HARO Inspired 20&#8243; ir iztur\u012bgs freestyle BMX velosip\u0113ds, kas paredz\u0113ts ielu un parka triku treni\u0146iem. Hi Ten t\u0113rauda r\u0101mis un dak\u0161a nodro\u0161ina stabilu konstrukciju un ilgm\u016b\u017e\u012bbu akt\u012bvai lieto\u0161anai jaunie\u0161iem un pieaugu\u0161ajiem. Velosip\u0113ds apr\u012bkots ar divda\u013c\u012bgu st\u016bri ar 9 collu pac\u0113lumu, Premium CK 20&#215;2.4 collu riep\u0101m un tr\u012bsda\u013c\u012bgiem CrMo klo\u0137iem ar 175 mm garumu, kas nodro\u0161ina [&hellip;]<\/p>\n","protected":false},"featured_media":9965,"template":"","meta":{"_monsterinsights_skip_tracking":false,"_monsterinsights_sitenote_active":false,"_monsterinsights_sitenote_note":"","_monsterinsights_sitenote_category":0,"_iconic_wsb_product_page_order_bump_ids":[],"_sku":["PB21921"],"_iconic_wsb_product_page_bump_modal_ids":[]},"product_brand":[1622],"product_cat":[1627,1127],"product_tag":[849,212],"class_list":{"0":"post-9133","1":"product","2":"type-product","3":"status-publish","4":"has-post-thumbnail","6":"product_brand-haro","7":"product_cat-bmx-dirt-velosipedi-20-26","8":"product_cat-velosipedi","9":"product_tag-bmx-dirt-velosipedi","10":"product_tag-velosipedi","11":"product_shipping_class-pieauguso-velosipedi","12":"pa_materials-hi-ten-terauds","13":"ts_product_brand-courier_only","15":"first","16":"instock","17":"sale","18":"taxable","19":"shipping-taxable","20":"purchasable","21":"product-type-simple"},"yoast_head":"<!-- This site is optimized with the Yoast SEO plugin v27.2 - https:\/\/yoast.com\/product\/yoast-seo-wordpress\/ -->\n<title>HARO Inspired \u2013 20&quot; Pink - Velo Outlets<\/title>\n<meta name=\"robots\" content=\"index, follow, max-snippet:-1, max-image-preview:large, max-video-preview:-1\" \/>\n<link rel=\"canonical\" href=\"https:\/\/velooutlets.com\/en\/product\/haro-inspired-20-pink\/\" \/>\n<meta property=\"og:locale\" content=\"en_US\" \/>\n<meta property=\"og:type\" content=\"article\" \/>\n<meta property=\"og:title\" content=\"HARO Inspired \u2013 20&quot; Pink - Velo Outlets\" \/>\n<meta property=\"og:description\" content=\"HARO Inspired 20&#8243; ir iztur\u012bgs freestyle BMX velosip\u0113ds, kas paredz\u0113ts ielu un parka triku treni\u0146iem. Hi Ten t\u0113rauda r\u0101mis un dak\u0161a nodro\u0161ina stabilu konstrukciju un ilgm\u016b\u017e\u012bbu akt\u012bvai lieto\u0161anai jaunie\u0161iem un pieaugu\u0161ajiem. Velosip\u0113ds apr\u012bkots ar divda\u013c\u012bgu st\u016bri ar 9 collu pac\u0113lumu, Premium CK 20&#215;2.4 collu riep\u0101m un tr\u012bsda\u013c\u012bgiem CrMo klo\u0137iem ar 175 mm garumu, kas nodro\u0161ina [&hellip;]\" \/>\n<meta property=\"og:url\" content=\"https:\/\/velooutlets.com\/en\/product\/haro-inspired-20-pink\/\" \/>\n<meta property=\"og:site_name\" content=\"Velo Outlets\" \/>\n<meta property=\"article:modified_time\" content=\"2026-03-26T09:43:22+00:00\" \/>\n<meta property=\"og:image\" content=\"https:\/\/velooutlets.com\/wp-content\/uploads\/2025\/10\/PB21921.jpg\" \/>\n\t<meta property=\"og:image:width\" content=\"774\" \/>\n\t<meta property=\"og:image:height\" content=\"552\" \/>\n\t<meta property=\"og:image:type\" content=\"image\/jpeg\" \/>\n<meta name=\"twitter:card\" content=\"summary_large_image\" \/>\n<meta name=\"twitter:label1\" content=\"Est. reading time\" \/>\n\t<meta name=\"twitter:data1\" content=\"1 minute\" \/>\n<script type=\"application\/ld+json\" class=\"yoast-schema-graph\">{\"@context\":\"https:\/\/schema.org\",\"@graph\":[{\"@type\":\"WebPage\",\"@id\":\"https:\/\/velooutlets.com\/products\/haro-inspired-20-pink\/\",\"url\":\"https:\/\/velooutlets.com\/products\/haro-inspired-20-pink\/\",\"name\":\"HARO Inspired \u2013 20\\\" Pink - Velo Outlets\",\"isPartOf\":{\"@id\":\"https:\/\/velooutlets.com\/en\/#website\"},\"primaryImageOfPage\":{\"@id\":\"https:\/\/velooutlets.com\/products\/haro-inspired-20-pink\/#primaryimage\"},\"image\":{\"@id\":\"https:\/\/velooutlets.com\/products\/haro-inspired-20-pink\/#primaryimage\"},\"thumbnailUrl\":\"https:\/\/velooutlets.com\/wp-content\/uploads\/2025\/10\/PB21921.jpg\",\"datePublished\":\"2025-10-03T11:39:05+00:00\",\"dateModified\":\"2026-03-26T09:43:22+00:00\",\"breadcrumb\":{\"@id\":\"https:\/\/velooutlets.com\/products\/haro-inspired-20-pink\/#breadcrumb\"},\"inLanguage\":\"en-US\",\"potentialAction\":[{\"@type\":\"ReadAction\",\"target\":[\"https:\/\/velooutlets.com\/products\/haro-inspired-20-pink\/\"]}]},{\"@type\":\"ImageObject\",\"inLanguage\":\"en-US\",\"@id\":\"https:\/\/velooutlets.com\/products\/haro-inspired-20-pink\/#primaryimage\",\"url\":\"https:\/\/velooutlets.com\/wp-content\/uploads\/2025\/10\/PB21921.jpg\",\"contentUrl\":\"https:\/\/velooutlets.com\/wp-content\/uploads\/2025\/10\/PB21921.jpg\",\"width\":774,\"height\":552},{\"@type\":\"BreadcrumbList\",\"@id\":\"https:\/\/velooutlets.com\/products\/haro-inspired-20-pink\/#breadcrumb\",\"itemListElement\":[{\"@type\":\"ListItem\",\"position\":1,\"name\":\"Home\",\"item\":\"https:\/\/velooutlets.com\/\"},{\"@type\":\"ListItem\",\"position\":2,\"name\":\"Veikals\",\"item\":\"https:\/\/velooutlets.com\/shop\/\"},{\"@type\":\"ListItem\",\"position\":3,\"name\":\"HARO Inspired \u2013 20&#8243; Pink\"}]},{\"@type\":\"WebSite\",\"@id\":\"https:\/\/velooutlets.com\/en\/#website\",\"url\":\"https:\/\/velooutlets.com\/en\/\",\"name\":\"Velo Outlets\",\"description\":\"Velosip\u0113di visai \u0123imenei\",\"potentialAction\":[{\"@type\":\"SearchAction\",\"target\":{\"@type\":\"EntryPoint\",\"urlTemplate\":\"https:\/\/velooutlets.com\/en\/?s={search_term_string}\"},\"query-input\":{\"@type\":\"PropertyValueSpecification\",\"valueRequired\":true,\"valueName\":\"search_term_string\"}}],\"inLanguage\":\"en-US\"}]}<\/script>\n<!-- \/ Yoast SEO plugin. -->","yoast_head_json":{"title":"HARO Inspired \u2013 20\" Pink - Velo Outlets","robots":{"index":"index","follow":"follow","max-snippet":"max-snippet:-1","max-image-preview":"max-image-preview:large","max-video-preview":"max-video-preview:-1"},"canonical":"https:\/\/velooutlets.com\/en\/product\/haro-inspired-20-pink\/","og_locale":"en_US","og_type":"article","og_title":"HARO Inspired \u2013 20\" Pink - Velo Outlets","og_description":"HARO Inspired 20&#8243; ir iztur\u012bgs freestyle BMX velosip\u0113ds, kas paredz\u0113ts ielu un parka triku treni\u0146iem. Hi Ten t\u0113rauda r\u0101mis un dak\u0161a nodro\u0161ina stabilu konstrukciju un ilgm\u016b\u017e\u012bbu akt\u012bvai lieto\u0161anai jaunie\u0161iem un pieaugu\u0161ajiem. Velosip\u0113ds apr\u012bkots ar divda\u013c\u012bgu st\u016bri ar 9 collu pac\u0113lumu, Premium CK 20&#215;2.4 collu riep\u0101m un tr\u012bsda\u013c\u012bgiem CrMo klo\u0137iem ar 175 mm garumu, kas nodro\u0161ina [&hellip;]","og_url":"https:\/\/velooutlets.com\/en\/product\/haro-inspired-20-pink\/","og_site_name":"Velo Outlets","article_modified_time":"2026-03-26T09:43:22+00:00","og_image":[{"width":774,"height":552,"url":"https:\/\/velooutlets.com\/wp-content\/uploads\/2025\/10\/PB21921.jpg","type":"image\/jpeg"}],"twitter_card":"summary_large_image","twitter_misc":{"Est. reading time":"1 minute"},"schema":{"@context":"https:\/\/schema.org","@graph":[{"@type":"WebPage","@id":"https:\/\/velooutlets.com\/products\/haro-inspired-20-pink\/","url":"https:\/\/velooutlets.com\/products\/haro-inspired-20-pink\/","name":"HARO Inspired \u2013 20\" Pink - Velo Outlets","isPartOf":{"@id":"https:\/\/velooutlets.com\/en\/#website"},"primaryImageOfPage":{"@id":"https:\/\/velooutlets.com\/products\/haro-inspired-20-pink\/#primaryimage"},"image":{"@id":"https:\/\/velooutlets.com\/products\/haro-inspired-20-pink\/#primaryimage"},"thumbnailUrl":"https:\/\/velooutlets.com\/wp-content\/uploads\/2025\/10\/PB21921.jpg","datePublished":"2025-10-03T11:39:05+00:00","dateModified":"2026-03-26T09:43:22+00:00","breadcrumb":{"@id":"https:\/\/velooutlets.com\/products\/haro-inspired-20-pink\/#breadcrumb"},"inLanguage":"en-US","potentialAction":[{"@type":"ReadAction","target":["https:\/\/velooutlets.com\/products\/haro-inspired-20-pink\/"]}]},{"@type":"ImageObject","inLanguage":"en-US","@id":"https:\/\/velooutlets.com\/products\/haro-inspired-20-pink\/#primaryimage","url":"https:\/\/velooutlets.com\/wp-content\/uploads\/2025\/10\/PB21921.jpg","contentUrl":"https:\/\/velooutlets.com\/wp-content\/uploads\/2025\/10\/PB21921.jpg","width":774,"height":552},{"@type":"BreadcrumbList","@id":"https:\/\/velooutlets.com\/products\/haro-inspired-20-pink\/#breadcrumb","itemListElement":[{"@type":"ListItem","position":1,"name":"Home","item":"https:\/\/velooutlets.com\/"},{"@type":"ListItem","position":2,"name":"Veikals","item":"https:\/\/velooutlets.com\/shop\/"},{"@type":"ListItem","position":3,"name":"HARO Inspired \u2013 20&#8243; Pink"}]},{"@type":"WebSite","@id":"https:\/\/velooutlets.com\/en\/#website","url":"https:\/\/velooutlets.com\/en\/","name":"Velo Outlets","description":"Velosip\u0113di visai \u0123imenei","potentialAction":[{"@type":"SearchAction","target":{"@type":"EntryPoint","urlTemplate":"https:\/\/velooutlets.com\/en\/?s={search_term_string}"},"query-input":{"@type":"PropertyValueSpecification","valueRequired":true,"valueName":"search_term_string"}}],"inLanguage":"en-US"}]}},"jetpack_sharing_enabled":true,"_links":{"self":[{"href":"https:\/\/velooutlets.com\/en\/wp-json\/wp\/v2\/product\/9133","targetHints":{"allow":["GET"]}}],"collection":[{"href":"https:\/\/velooutlets.com\/en\/wp-json\/wp\/v2\/product"}],"about":[{"href":"https:\/\/velooutlets.com\/en\/wp-json\/wp\/v2\/types\/product"}],"wp:featuredmedia":[{"embeddable":true,"href":"https:\/\/velooutlets.com\/en\/wp-json\/wp\/v2\/media\/9965"}],"wp:attachment":[{"href":"https:\/\/velooutlets.com\/en\/wp-json\/wp\/v2\/media?parent=9133"}],"wp:term":[{"taxonomy":"product_brand","embeddable":true,"href":"https:\/\/velooutlets.com\/en\/wp-json\/wp\/v2\/product_brand?post=9133"},{"taxonomy":"product_cat","embeddable":true,"href":"https:\/\/velooutlets.com\/en\/wp-json\/wp\/v2\/product_cat?post=9133"},{"taxonomy":"product_tag","embeddable":true,"href":"https:\/\/velooutlets.com\/en\/wp-json\/wp\/v2\/product_tag?post=9133"}],"curies":[{"name":"wp","href":"https:\/\/api.w.org\/{rel}","templated":true}]}}