{"id":9185,"date":"2025-10-03T14:39:59","date_gmt":"2025-10-03T11:39:59","guid":{"rendered":"https:\/\/staging.velooutlets.com\/product\/polar-grazia-bordo-1\/"},"modified":"2026-04-20T10:54:38","modified_gmt":"2026-04-20T07:54:38","slug":"polar-grazia-bordo-1","status":"publish","type":"product","link":"https:\/\/velooutlets.com\/en\/product\/polar-grazia-bordo-1\/","title":{"rendered":"Polar Grazia Bordo 1 28\u2033 L"},"content":{"rendered":"<p>The Polar Grazia Bordo 28\u2033 is a stylish retro city bike designed for a comfortable and relaxed everyday commuting experience. Its sturdy Hi-Ten steel frame and fork ensure stability and durability, making the bike a reliable companion for city rides. The lightweight, classic-style design gives the bike elegance while maintaining practicality and comfort.<\/p>\n<p>The simple single-speed gear system lets you concentrate on driving fun without worrying about frequent gear changes, while the 28-inch wheels offer comfort and good handling on a variety of urban road surfaces. Additional features including mudguards, chain guard, luggage rack and front basket make the Grazia Bordeaux particularly suitable for daily commuting and small shopping trips. This bike will be the ideal solution for those who appreciate simplicity, retro style and practical comfort in an urban environment.<\/p>","protected":false},"excerpt":{"rendered":"<p>Polar Grazia Bordo 28&#8243; ir stil\u012bgs retro pils\u0113tas velosip\u0113ds, kas izstr\u0101d\u0101ts \u0113rtai un mier\u012bgai p\u0101rvieto\u0161an\u0101s pieredzei ikdien\u0101. T\u0101 iztur\u012bgais Hi-Ten t\u0113rauda r\u0101mis un dak\u0161a nodro\u0161ina stabilit\u0101ti un ilgm\u016b\u017e\u012bbu, padarot velosip\u0113du uzticamu sabiedroto pils\u0113tas braucieniem. Viegls, klasisk\u0101 stila dizains pie\u0161\u0137ir velosip\u0113dam eleganci, vienlaikus saglab\u0101jot praktiskumu un \u0113rt\u012bbas. Vienk\u0101r\u0161\u0101 vien\u0101truma p\u0101rnesumu sist\u0113ma \u013cauj koncentr\u0113ties uz brauk\u0161anas prieku, [&hellip;]<\/p>\n","protected":false},"featured_media":35729,"template":"","meta":{"_monsterinsights_skip_tracking":false,"_monsterinsights_sitenote_active":false,"_monsterinsights_sitenote_note":"","_monsterinsights_sitenote_category":0,"_iconic_wsb_product_page_order_bump_ids":[[]],"_sku":["8605044909399"],"_iconic_wsb_product_page_bump_modal_ids":[[]]},"product_brand":[871],"product_cat":[1068,1127],"product_tag":[1525,850,846,212],"class_list":{"0":"post-9185","1":"product","2":"type-product","3":"status-publish","4":"has-post-thumbnail","6":"product_brand-polar","7":"product_cat-sieviesu-velosipedi","8":"product_cat-velosipedi","9":"product_tag-04_02_26","10":"product_tag-polar","11":"product_tag-sieviesu-velosipedi","12":"product_tag-velosipedi","13":"product_shipping_class-pieauguso-velosipedi","14":"pa_materials-hi-ten-terauds","15":"ts_product_brand-courier_only","17":"first","18":"instock","19":"sale","20":"taxable","21":"shipping-taxable","22":"purchasable","23":"product-type-simple"},"yoast_head":"<!-- This site is optimized with the Yoast SEO plugin v27.2 - https:\/\/yoast.com\/product\/yoast-seo-wordpress\/ -->\n<title>Polar Grazia Bordo 1 28&quot; L - Velo Outlets<\/title>\n<meta name=\"robots\" content=\"index, follow, max-snippet:-1, max-image-preview:large, max-video-preview:-1\" \/>\n<link rel=\"canonical\" href=\"https:\/\/velooutlets.com\/en\/product\/polar-grazia-bordo-1\/\" \/>\n<meta property=\"og:locale\" content=\"en_US\" \/>\n<meta property=\"og:type\" content=\"article\" \/>\n<meta property=\"og:title\" content=\"Polar Grazia Bordo 1 28&quot; L - Velo Outlets\" \/>\n<meta property=\"og:description\" content=\"Polar Grazia Bordo 28&#8243; ir stil\u012bgs retro pils\u0113tas velosip\u0113ds, kas izstr\u0101d\u0101ts \u0113rtai un mier\u012bgai p\u0101rvieto\u0161an\u0101s pieredzei ikdien\u0101. T\u0101 iztur\u012bgais Hi-Ten t\u0113rauda r\u0101mis un dak\u0161a nodro\u0161ina stabilit\u0101ti un ilgm\u016b\u017e\u012bbu, padarot velosip\u0113du uzticamu sabiedroto pils\u0113tas braucieniem. Viegls, klasisk\u0101 stila dizains pie\u0161\u0137ir velosip\u0113dam eleganci, vienlaikus saglab\u0101jot praktiskumu un \u0113rt\u012bbas. Vienk\u0101r\u0161\u0101 vien\u0101truma p\u0101rnesumu sist\u0113ma \u013cauj koncentr\u0113ties uz brauk\u0161anas prieku, [&hellip;]\" \/>\n<meta property=\"og:url\" content=\"https:\/\/velooutlets.com\/en\/product\/polar-grazia-bordo-1\/\" \/>\n<meta property=\"og:site_name\" content=\"Velo Outlets\" \/>\n<meta property=\"article:modified_time\" content=\"2026-04-20T07:54:38+00:00\" \/>\n<meta property=\"og:image\" content=\"https:\/\/velooutlets.com\/wp-content\/uploads\/2025\/10\/1000191871.jpg\" \/>\n\t<meta property=\"og:image:width\" content=\"1156\" \/>\n\t<meta property=\"og:image:height\" content=\"688\" \/>\n\t<meta property=\"og:image:type\" content=\"image\/jpeg\" \/>\n<meta name=\"twitter:card\" content=\"summary_large_image\" \/>\n<meta name=\"twitter:label1\" content=\"Est. reading time\" \/>\n\t<meta name=\"twitter:data1\" content=\"1 minute\" \/>\n<script type=\"application\/ld+json\" class=\"yoast-schema-graph\">{\"@context\":\"https:\/\/schema.org\",\"@graph\":[{\"@type\":\"WebPage\",\"@id\":\"https:\/\/velooutlets.com\/products\/polar-grazia-bordo-1\/\",\"url\":\"https:\/\/velooutlets.com\/products\/polar-grazia-bordo-1\/\",\"name\":\"Polar Grazia Bordo 1 28\\\" L - Velo Outlets\",\"isPartOf\":{\"@id\":\"https:\/\/velooutlets.com\/en\/#website\"},\"primaryImageOfPage\":{\"@id\":\"https:\/\/velooutlets.com\/products\/polar-grazia-bordo-1\/#primaryimage\"},\"image\":{\"@id\":\"https:\/\/velooutlets.com\/products\/polar-grazia-bordo-1\/#primaryimage\"},\"thumbnailUrl\":\"https:\/\/velooutlets.com\/wp-content\/uploads\/2025\/10\/1000191871.jpg\",\"datePublished\":\"2025-10-03T11:39:59+00:00\",\"dateModified\":\"2026-04-20T07:54:38+00:00\",\"breadcrumb\":{\"@id\":\"https:\/\/velooutlets.com\/products\/polar-grazia-bordo-1\/#breadcrumb\"},\"inLanguage\":\"en-US\",\"potentialAction\":[{\"@type\":\"ReadAction\",\"target\":[\"https:\/\/velooutlets.com\/products\/polar-grazia-bordo-1\/\"]}]},{\"@type\":\"ImageObject\",\"inLanguage\":\"en-US\",\"@id\":\"https:\/\/velooutlets.com\/products\/polar-grazia-bordo-1\/#primaryimage\",\"url\":\"https:\/\/velooutlets.com\/wp-content\/uploads\/2025\/10\/1000191871.jpg\",\"contentUrl\":\"https:\/\/velooutlets.com\/wp-content\/uploads\/2025\/10\/1000191871.jpg\",\"width\":1156,\"height\":688},{\"@type\":\"BreadcrumbList\",\"@id\":\"https:\/\/velooutlets.com\/products\/polar-grazia-bordo-1\/#breadcrumb\",\"itemListElement\":[{\"@type\":\"ListItem\",\"position\":1,\"name\":\"Home\",\"item\":\"https:\/\/velooutlets.com\/\"},{\"@type\":\"ListItem\",\"position\":2,\"name\":\"Veikals\",\"item\":\"https:\/\/velooutlets.com\/shop\/\"},{\"@type\":\"ListItem\",\"position\":3,\"name\":\"Polar Grazia Bordo 1 28&#8243; L\"}]},{\"@type\":\"WebSite\",\"@id\":\"https:\/\/velooutlets.com\/en\/#website\",\"url\":\"https:\/\/velooutlets.com\/en\/\",\"name\":\"Velo Outlets\",\"description\":\"Velosip\u0113di visai \u0123imenei\",\"potentialAction\":[{\"@type\":\"SearchAction\",\"target\":{\"@type\":\"EntryPoint\",\"urlTemplate\":\"https:\/\/velooutlets.com\/en\/?s={search_term_string}\"},\"query-input\":{\"@type\":\"PropertyValueSpecification\",\"valueRequired\":true,\"valueName\":\"search_term_string\"}}],\"inLanguage\":\"en-US\"}]}<\/script>\n<!-- \/ Yoast SEO plugin. -->","yoast_head_json":{"title":"Polar Grazia Bordo 1 28\" L - Velo Outlets","robots":{"index":"index","follow":"follow","max-snippet":"max-snippet:-1","max-image-preview":"max-image-preview:large","max-video-preview":"max-video-preview:-1"},"canonical":"https:\/\/velooutlets.com\/en\/product\/polar-grazia-bordo-1\/","og_locale":"en_US","og_type":"article","og_title":"Polar Grazia Bordo 1 28\" L - Velo Outlets","og_description":"Polar Grazia Bordo 28&#8243; ir stil\u012bgs retro pils\u0113tas velosip\u0113ds, kas izstr\u0101d\u0101ts \u0113rtai un mier\u012bgai p\u0101rvieto\u0161an\u0101s pieredzei ikdien\u0101. T\u0101 iztur\u012bgais Hi-Ten t\u0113rauda r\u0101mis un dak\u0161a nodro\u0161ina stabilit\u0101ti un ilgm\u016b\u017e\u012bbu, padarot velosip\u0113du uzticamu sabiedroto pils\u0113tas braucieniem. Viegls, klasisk\u0101 stila dizains pie\u0161\u0137ir velosip\u0113dam eleganci, vienlaikus saglab\u0101jot praktiskumu un \u0113rt\u012bbas. Vienk\u0101r\u0161\u0101 vien\u0101truma p\u0101rnesumu sist\u0113ma \u013cauj koncentr\u0113ties uz brauk\u0161anas prieku, [&hellip;]","og_url":"https:\/\/velooutlets.com\/en\/product\/polar-grazia-bordo-1\/","og_site_name":"Velo Outlets","article_modified_time":"2026-04-20T07:54:38+00:00","og_image":[{"width":1156,"height":688,"url":"https:\/\/velooutlets.com\/wp-content\/uploads\/2025\/10\/1000191871.jpg","type":"image\/jpeg"}],"twitter_card":"summary_large_image","twitter_misc":{"Est. reading time":"1 minute"},"schema":{"@context":"https:\/\/schema.org","@graph":[{"@type":"WebPage","@id":"https:\/\/velooutlets.com\/products\/polar-grazia-bordo-1\/","url":"https:\/\/velooutlets.com\/products\/polar-grazia-bordo-1\/","name":"Polar Grazia Bordo 1 28\" L - Velo Outlets","isPartOf":{"@id":"https:\/\/velooutlets.com\/en\/#website"},"primaryImageOfPage":{"@id":"https:\/\/velooutlets.com\/products\/polar-grazia-bordo-1\/#primaryimage"},"image":{"@id":"https:\/\/velooutlets.com\/products\/polar-grazia-bordo-1\/#primaryimage"},"thumbnailUrl":"https:\/\/velooutlets.com\/wp-content\/uploads\/2025\/10\/1000191871.jpg","datePublished":"2025-10-03T11:39:59+00:00","dateModified":"2026-04-20T07:54:38+00:00","breadcrumb":{"@id":"https:\/\/velooutlets.com\/products\/polar-grazia-bordo-1\/#breadcrumb"},"inLanguage":"en-US","potentialAction":[{"@type":"ReadAction","target":["https:\/\/velooutlets.com\/products\/polar-grazia-bordo-1\/"]}]},{"@type":"ImageObject","inLanguage":"en-US","@id":"https:\/\/velooutlets.com\/products\/polar-grazia-bordo-1\/#primaryimage","url":"https:\/\/velooutlets.com\/wp-content\/uploads\/2025\/10\/1000191871.jpg","contentUrl":"https:\/\/velooutlets.com\/wp-content\/uploads\/2025\/10\/1000191871.jpg","width":1156,"height":688},{"@type":"BreadcrumbList","@id":"https:\/\/velooutlets.com\/products\/polar-grazia-bordo-1\/#breadcrumb","itemListElement":[{"@type":"ListItem","position":1,"name":"Home","item":"https:\/\/velooutlets.com\/"},{"@type":"ListItem","position":2,"name":"Veikals","item":"https:\/\/velooutlets.com\/shop\/"},{"@type":"ListItem","position":3,"name":"Polar Grazia Bordo 1 28&#8243; L"}]},{"@type":"WebSite","@id":"https:\/\/velooutlets.com\/en\/#website","url":"https:\/\/velooutlets.com\/en\/","name":"Velo Outlets","description":"Velosip\u0113di visai \u0123imenei","potentialAction":[{"@type":"SearchAction","target":{"@type":"EntryPoint","urlTemplate":"https:\/\/velooutlets.com\/en\/?s={search_term_string}"},"query-input":{"@type":"PropertyValueSpecification","valueRequired":true,"valueName":"search_term_string"}}],"inLanguage":"en-US"}]}},"jetpack_sharing_enabled":true,"_links":{"self":[{"href":"https:\/\/velooutlets.com\/en\/wp-json\/wp\/v2\/product\/9185","targetHints":{"allow":["GET"]}}],"collection":[{"href":"https:\/\/velooutlets.com\/en\/wp-json\/wp\/v2\/product"}],"about":[{"href":"https:\/\/velooutlets.com\/en\/wp-json\/wp\/v2\/types\/product"}],"wp:featuredmedia":[{"embeddable":true,"href":"https:\/\/velooutlets.com\/en\/wp-json\/wp\/v2\/media\/35729"}],"wp:attachment":[{"href":"https:\/\/velooutlets.com\/en\/wp-json\/wp\/v2\/media?parent=9185"}],"wp:term":[{"taxonomy":"product_brand","embeddable":true,"href":"https:\/\/velooutlets.com\/en\/wp-json\/wp\/v2\/product_brand?post=9185"},{"taxonomy":"product_cat","embeddable":true,"href":"https:\/\/velooutlets.com\/en\/wp-json\/wp\/v2\/product_cat?post=9185"},{"taxonomy":"product_tag","embeddable":true,"href":"https:\/\/velooutlets.com\/en\/wp-json\/wp\/v2\/product_tag?post=9185"}],"curies":[{"name":"wp","href":"https:\/\/api.w.org\/{rel}","templated":true}]}}