{"id":9203,"date":"2025-10-03T14:40:16","date_gmt":"2025-10-03T11:40:16","guid":{"rendered":"https:\/\/staging.velooutlets.com\/product\/polar-junior-spring-20\/"},"modified":"2026-04-27T15:56:16","modified_gmt":"2026-04-27T12:56:16","slug":"polar-junior-spring-20","status":"publish","type":"product","link":"https:\/\/velooutlets.com\/en\/product\/polar-junior-spring-20\/","title":{"rendered":"Polar Junior Spring 20&#8243;"},"content":{"rendered":"<p>The Polar Junior 20\u2033 is suitable for children who are already confident riders and want a more stable and larger bike for everyday adventures. It offers comfort, safety and ease of use in the city, in the backyard or in the park.<\/p>\n<p>The sturdy steel frame and shock-absorbing construction make the bike reliable and easy to maintain. The combined braking system allows your child to choose the braking method that suits them best, while the wide tyres ensure good stability.<\/p>\n<p>Specification:<br \/>\nWheel size: 20\u2033<br \/>\nNumber of speeds: 1<br \/>\nFrame: Hi-Ten steel<br \/>\nFork: Hi-Ten steel (rigid)<br \/>\nBrakes: front V-brake + rear foot brake<br \/>\nSeat: P:Lab Kid<br \/>\nAploces: Single Wall<br \/>\nTyres: 20 \u00d7 2.125<br \/>\nPedals: PVC<br \/>\nOptional equipment: auxiliary wheels<\/p>","protected":false},"excerpt":{"rendered":"<p>Polar Junior 20\u2033 ir piem\u0113rots b\u0113rniem, kuri jau p\u0101rliecino\u0161i brauc un v\u0113las stabil\u0101ku un liel\u0101ku velosip\u0113du ikdienas piedz\u012bvojumiem. Tas nodro\u0161ina komfortu, dro\u0161\u012bbu un vienk\u0101r\u0161u lieto\u0161anu gan pils\u0113t\u0101, gan pagalma vai parka braucienos. Iztur\u012bgais t\u0113rauda r\u0101mis un amortiz\u0101ciju nepraso\u0161\u0101 konstrukcija padara velosip\u0113du uzticamu un viegli kopjamu. Kombin\u0113t\u0101 brem\u017eu sist\u0113ma \u013cauj b\u0113rnam izv\u0113l\u0113ties sev \u0113rt\u0101ko bremz\u0113\u0161anas veidu, [&hellip;]<\/p>\n","protected":false},"featured_media":35686,"template":"","meta":{"_monsterinsights_skip_tracking":false,"_monsterinsights_sitenote_active":false,"_monsterinsights_sitenote_note":"","_monsterinsights_sitenote_category":0,"_iconic_wsb_product_page_order_bump_ids":[[]],"_sku":["8605044944635"],"_iconic_wsb_product_page_bump_modal_ids":[[]]},"product_brand":[871],"product_cat":[932,1127],"product_tag":[1525,220,850,212],"class_list":{"0":"post-9203","1":"product","2":"type-product","3":"status-publish","4":"has-post-thumbnail","6":"product_brand-polar","7":"product_cat-bernu-velosipedi","8":"product_cat-velosipedi","9":"product_tag-04_02_26","10":"product_tag-bernu-velosipedi","11":"product_tag-polar","12":"product_tag-velosipedi","13":"product_shipping_class-bernu-velosipedi","14":"pa_height-range-115-135cm","15":"pa_materials-hi-ten-terauds","16":"pa_ramja-izmers-uni","17":"ts_product_brand-courier_only","19":"first","20":"instock","21":"taxable","22":"shipping-taxable","23":"purchasable","24":"product-type-simple"},"yoast_head":"<!-- This site is optimized with the Yoast SEO plugin v27.2 - https:\/\/yoast.com\/product\/yoast-seo-wordpress\/ -->\n<title>Polar Junior Spring 20&#039;&#039; b\u0113rnu velosip\u0113ds \u2013 Dro\u0161s, \u0113rts un viegli vad\u0101ms ikdienas braucieniem un piedz\u012bvojumiem | Velo Outlets<\/title>\n<meta name=\"description\" content=\"Velo Outlets b\u0113rnu velosip\u0113di: Pla\u0161a izv\u0113le no stabil\u0101m un komfortabl\u0101m iesp\u0113j\u0101m, kas veidotas mazajiem brauc\u0113jiem gan pils\u0113t\u0101, gan dabas tak\u0101s.\" \/>\n<meta name=\"robots\" content=\"index, follow, max-snippet:-1, max-image-preview:large, max-video-preview:-1\" \/>\n<link rel=\"canonical\" href=\"https:\/\/velooutlets.com\/en\/product\/polar-junior-spring-20\/\" \/>\n<meta property=\"og:locale\" content=\"en_US\" \/>\n<meta property=\"og:type\" content=\"article\" \/>\n<meta property=\"og:title\" content=\"Polar Junior Spring 20&#039;&#039; b\u0113rnu velosip\u0113ds \u2013 Dro\u0161s, \u0113rts un viegli vad\u0101ms ikdienas braucieniem un piedz\u012bvojumiem | Velo Outlets\" \/>\n<meta property=\"og:description\" content=\"Velo Outlets b\u0113rnu velosip\u0113di: Pla\u0161a izv\u0113le no stabil\u0101m un komfortabl\u0101m iesp\u0113j\u0101m, kas veidotas mazajiem brauc\u0113jiem gan pils\u0113t\u0101, gan dabas tak\u0101s.\" \/>\n<meta property=\"og:url\" content=\"https:\/\/velooutlets.com\/en\/product\/polar-junior-spring-20\/\" \/>\n<meta property=\"og:site_name\" content=\"Velo Outlets\" \/>\n<meta property=\"article:modified_time\" content=\"2026-04-27T12:56:16+00:00\" \/>\n<meta property=\"og:image\" content=\"https:\/\/velooutlets.com\/wp-content\/uploads\/2025\/10\/1000191787.jpg\" \/>\n\t<meta property=\"og:image:width\" content=\"2016\" \/>\n\t<meta property=\"og:image:height\" content=\"1512\" \/>\n\t<meta property=\"og:image:type\" content=\"image\/jpeg\" \/>\n<meta name=\"twitter:card\" content=\"summary_large_image\" \/>\n<meta name=\"twitter:label1\" content=\"Est. reading time\" \/>\n\t<meta name=\"twitter:data1\" content=\"1 minute\" \/>\n<script type=\"application\/ld+json\" class=\"yoast-schema-graph\">{\"@context\":\"https:\/\/schema.org\",\"@graph\":[{\"@type\":\"WebPage\",\"@id\":\"https:\/\/velooutlets.com\/products\/polar-junior-spring-20\/\",\"url\":\"https:\/\/velooutlets.com\/products\/polar-junior-spring-20\/\",\"name\":\"Polar Junior Spring 20'' b\u0113rnu velosip\u0113ds \u2013 Dro\u0161s, \u0113rts un viegli vad\u0101ms ikdienas braucieniem un piedz\u012bvojumiem | Velo Outlets\",\"isPartOf\":{\"@id\":\"https:\/\/velooutlets.com\/en\/#website\"},\"primaryImageOfPage\":{\"@id\":\"https:\/\/velooutlets.com\/products\/polar-junior-spring-20\/#primaryimage\"},\"image\":{\"@id\":\"https:\/\/velooutlets.com\/products\/polar-junior-spring-20\/#primaryimage\"},\"thumbnailUrl\":\"https:\/\/velooutlets.com\/wp-content\/uploads\/2025\/10\/1000191787.jpg\",\"datePublished\":\"2025-10-03T11:40:16+00:00\",\"dateModified\":\"2026-04-27T12:56:16+00:00\",\"description\":\"Velo Outlets b\u0113rnu velosip\u0113di: Pla\u0161a izv\u0113le no stabil\u0101m un komfortabl\u0101m iesp\u0113j\u0101m, kas veidotas mazajiem brauc\u0113jiem gan pils\u0113t\u0101, gan dabas tak\u0101s.\",\"breadcrumb\":{\"@id\":\"https:\/\/velooutlets.com\/products\/polar-junior-spring-20\/#breadcrumb\"},\"inLanguage\":\"en-US\",\"potentialAction\":[{\"@type\":\"ReadAction\",\"target\":[\"https:\/\/velooutlets.com\/products\/polar-junior-spring-20\/\"]}]},{\"@type\":\"ImageObject\",\"inLanguage\":\"en-US\",\"@id\":\"https:\/\/velooutlets.com\/products\/polar-junior-spring-20\/#primaryimage\",\"url\":\"https:\/\/velooutlets.com\/wp-content\/uploads\/2025\/10\/1000191787.jpg\",\"contentUrl\":\"https:\/\/velooutlets.com\/wp-content\/uploads\/2025\/10\/1000191787.jpg\",\"width\":2016,\"height\":1512},{\"@type\":\"BreadcrumbList\",\"@id\":\"https:\/\/velooutlets.com\/products\/polar-junior-spring-20\/#breadcrumb\",\"itemListElement\":[{\"@type\":\"ListItem\",\"position\":1,\"name\":\"Home\",\"item\":\"https:\/\/velooutlets.com\/\"},{\"@type\":\"ListItem\",\"position\":2,\"name\":\"Veikals\",\"item\":\"https:\/\/velooutlets.com\/shop\/\"},{\"@type\":\"ListItem\",\"position\":3,\"name\":\"Polar Junior Spring 20&#8243;\"}]},{\"@type\":\"WebSite\",\"@id\":\"https:\/\/velooutlets.com\/en\/#website\",\"url\":\"https:\/\/velooutlets.com\/en\/\",\"name\":\"Velo Outlets\",\"description\":\"Velosip\u0113di visai \u0123imenei\",\"potentialAction\":[{\"@type\":\"SearchAction\",\"target\":{\"@type\":\"EntryPoint\",\"urlTemplate\":\"https:\/\/velooutlets.com\/en\/?s={search_term_string}\"},\"query-input\":{\"@type\":\"PropertyValueSpecification\",\"valueRequired\":true,\"valueName\":\"search_term_string\"}}],\"inLanguage\":\"en-US\"}]}<\/script>\n<!-- \/ Yoast SEO plugin. -->","yoast_head_json":{"title":"Polar Junior Spring 20'' b\u0113rnu velosip\u0113ds \u2013 Dro\u0161s, \u0113rts un viegli vad\u0101ms ikdienas braucieniem un piedz\u012bvojumiem | Velo Outlets","description":"Velo Outlets b\u0113rnu velosip\u0113di: Pla\u0161a izv\u0113le no stabil\u0101m un komfortabl\u0101m iesp\u0113j\u0101m, kas veidotas mazajiem brauc\u0113jiem gan pils\u0113t\u0101, gan dabas tak\u0101s.","robots":{"index":"index","follow":"follow","max-snippet":"max-snippet:-1","max-image-preview":"max-image-preview:large","max-video-preview":"max-video-preview:-1"},"canonical":"https:\/\/velooutlets.com\/en\/product\/polar-junior-spring-20\/","og_locale":"en_US","og_type":"article","og_title":"Polar Junior Spring 20'' b\u0113rnu velosip\u0113ds \u2013 Dro\u0161s, \u0113rts un viegli vad\u0101ms ikdienas braucieniem un piedz\u012bvojumiem | Velo Outlets","og_description":"Velo Outlets b\u0113rnu velosip\u0113di: Pla\u0161a izv\u0113le no stabil\u0101m un komfortabl\u0101m iesp\u0113j\u0101m, kas veidotas mazajiem brauc\u0113jiem gan pils\u0113t\u0101, gan dabas tak\u0101s.","og_url":"https:\/\/velooutlets.com\/en\/product\/polar-junior-spring-20\/","og_site_name":"Velo Outlets","article_modified_time":"2026-04-27T12:56:16+00:00","og_image":[{"width":2016,"height":1512,"url":"https:\/\/velooutlets.com\/wp-content\/uploads\/2025\/10\/1000191787.jpg","type":"image\/jpeg"}],"twitter_card":"summary_large_image","twitter_misc":{"Est. reading time":"1 minute"},"schema":{"@context":"https:\/\/schema.org","@graph":[{"@type":"WebPage","@id":"https:\/\/velooutlets.com\/products\/polar-junior-spring-20\/","url":"https:\/\/velooutlets.com\/products\/polar-junior-spring-20\/","name":"Polar Junior Spring 20'' b\u0113rnu velosip\u0113ds \u2013 Dro\u0161s, \u0113rts un viegli vad\u0101ms ikdienas braucieniem un piedz\u012bvojumiem | Velo Outlets","isPartOf":{"@id":"https:\/\/velooutlets.com\/en\/#website"},"primaryImageOfPage":{"@id":"https:\/\/velooutlets.com\/products\/polar-junior-spring-20\/#primaryimage"},"image":{"@id":"https:\/\/velooutlets.com\/products\/polar-junior-spring-20\/#primaryimage"},"thumbnailUrl":"https:\/\/velooutlets.com\/wp-content\/uploads\/2025\/10\/1000191787.jpg","datePublished":"2025-10-03T11:40:16+00:00","dateModified":"2026-04-27T12:56:16+00:00","description":"Velo Outlets b\u0113rnu velosip\u0113di: Pla\u0161a izv\u0113le no stabil\u0101m un komfortabl\u0101m iesp\u0113j\u0101m, kas veidotas mazajiem brauc\u0113jiem gan pils\u0113t\u0101, gan dabas tak\u0101s.","breadcrumb":{"@id":"https:\/\/velooutlets.com\/products\/polar-junior-spring-20\/#breadcrumb"},"inLanguage":"en-US","potentialAction":[{"@type":"ReadAction","target":["https:\/\/velooutlets.com\/products\/polar-junior-spring-20\/"]}]},{"@type":"ImageObject","inLanguage":"en-US","@id":"https:\/\/velooutlets.com\/products\/polar-junior-spring-20\/#primaryimage","url":"https:\/\/velooutlets.com\/wp-content\/uploads\/2025\/10\/1000191787.jpg","contentUrl":"https:\/\/velooutlets.com\/wp-content\/uploads\/2025\/10\/1000191787.jpg","width":2016,"height":1512},{"@type":"BreadcrumbList","@id":"https:\/\/velooutlets.com\/products\/polar-junior-spring-20\/#breadcrumb","itemListElement":[{"@type":"ListItem","position":1,"name":"Home","item":"https:\/\/velooutlets.com\/"},{"@type":"ListItem","position":2,"name":"Veikals","item":"https:\/\/velooutlets.com\/shop\/"},{"@type":"ListItem","position":3,"name":"Polar Junior Spring 20&#8243;"}]},{"@type":"WebSite","@id":"https:\/\/velooutlets.com\/en\/#website","url":"https:\/\/velooutlets.com\/en\/","name":"Velo Outlets","description":"Velosip\u0113di visai \u0123imenei","potentialAction":[{"@type":"SearchAction","target":{"@type":"EntryPoint","urlTemplate":"https:\/\/velooutlets.com\/en\/?s={search_term_string}"},"query-input":{"@type":"PropertyValueSpecification","valueRequired":true,"valueName":"search_term_string"}}],"inLanguage":"en-US"}]}},"jetpack_sharing_enabled":true,"_links":{"self":[{"href":"https:\/\/velooutlets.com\/en\/wp-json\/wp\/v2\/product\/9203","targetHints":{"allow":["GET"]}}],"collection":[{"href":"https:\/\/velooutlets.com\/en\/wp-json\/wp\/v2\/product"}],"about":[{"href":"https:\/\/velooutlets.com\/en\/wp-json\/wp\/v2\/types\/product"}],"wp:featuredmedia":[{"embeddable":true,"href":"https:\/\/velooutlets.com\/en\/wp-json\/wp\/v2\/media\/35686"}],"wp:attachment":[{"href":"https:\/\/velooutlets.com\/en\/wp-json\/wp\/v2\/media?parent=9203"}],"wp:term":[{"taxonomy":"product_brand","embeddable":true,"href":"https:\/\/velooutlets.com\/en\/wp-json\/wp\/v2\/product_brand?post=9203"},{"taxonomy":"product_cat","embeddable":true,"href":"https:\/\/velooutlets.com\/en\/wp-json\/wp\/v2\/product_cat?post=9203"},{"taxonomy":"product_tag","embeddable":true,"href":"https:\/\/velooutlets.com\/en\/wp-json\/wp\/v2\/product_tag?post=9203"}],"curies":[{"name":"wp","href":"https:\/\/api.w.org\/{rel}","templated":true}]}}