{"id":9207,"date":"2025-10-03T14:40:17","date_gmt":"2025-10-03T11:40:17","guid":{"rendered":"https:\/\/staging.velooutlets.com\/product\/polar-summer-14\/"},"modified":"2026-04-18T14:35:43","modified_gmt":"2026-04-18T11:35:43","slug":"polar-summer-14","status":"publish","type":"product","link":"https:\/\/velooutlets.com\/en\/product\/polar-summer-14\/","title":{"rendered":"Polar Junior Summer 14&#8243;"},"content":{"rendered":"<p>Polar Junior 14\u2033 ir lieliska izv\u0113le pa\u0161iem maz\u0101kajiem brauc\u0113jiem, kuri tikai s\u0101k iepaz\u012bt velosip\u0113da vad\u012b\u0161anu. Tas nodro\u0161ina stabilu un dro\u0161u brauk\u0161anu, pal\u012bdzot att\u012bst\u012bt l\u012bdzsvaru un koordin\u0101ciju.<\/p>\n<p>Viegl\u0101 un iztur\u012bg\u0101 konstrukcija ar Hi-Ten t\u0113rauda r\u0101mi padara velosip\u0113du stabilu un viegli vad\u0101mu. Vienk\u0101r\u0161\u0101 uzb\u016bve bez p\u0101rnesumiem \u013cauj b\u0113rnam piln\u012bb\u0101 koncentr\u0113ties uz brauk\u0161anu, savuk\u0101rt pal\u012bgrite\u0146i sniedz papildu dro\u0161\u012bbu m\u0101c\u012bbu proces\u0101.<\/p>\n<p>Specification:<br \/>\nRite\u0146u izm\u0113rs: 14\u2033<br \/>\n\u0100trumu skaits: 1<br \/>\nR\u0101mis: Hi-Ten t\u0113rauds<br \/>\nDak\u0161a: Hi-Ten t\u0113rauda (rigid)<br \/>\nBremzes: V-brake<br \/>\nS\u0113deklis: P:Lab Kid<br \/>\nAploces: Single Wall<br \/>\nRiepas: 14 \u00d7 2.125<br \/>\nPed\u0101\u013ci: PVC<br \/>\nPapildapr\u012bkojums: Pal\u012bgrite\u0146i<\/p>","protected":false},"excerpt":{"rendered":"<p>Polar Junior 14\u2033 ir lieliska izv\u0113le pa\u0161iem maz\u0101kajiem brauc\u0113jiem, kuri tikai s\u0101k iepaz\u012bt velosip\u0113da vad\u012b\u0161anu. Tas nodro\u0161ina stabilu un dro\u0161u brauk\u0161anu, pal\u012bdzot att\u012bst\u012bt l\u012bdzsvaru un koordin\u0101ciju. Viegl\u0101 un iztur\u012bg\u0101 konstrukcija ar Hi-Ten t\u0113rauda r\u0101mi padara velosip\u0113du stabilu un viegli vad\u0101mu. Vienk\u0101r\u0161\u0101 uzb\u016bve bez p\u0101rnesumiem \u013cauj b\u0113rnam piln\u012bb\u0101 koncentr\u0113ties uz brauk\u0161anu, savuk\u0101rt pal\u012bgrite\u0146i sniedz papildu dro\u0161\u012bbu [&hellip;]<\/p>\n","protected":false},"featured_media":35692,"template":"","meta":{"_monsterinsights_skip_tracking":false,"_monsterinsights_sitenote_active":false,"_monsterinsights_sitenote_note":"","_monsterinsights_sitenote_category":0,"_iconic_wsb_product_page_order_bump_ids":[[]],"_sku":["8605044944451"],"_iconic_wsb_product_page_bump_modal_ids":[[]]},"product_brand":[871],"product_cat":[932,1127],"product_tag":[1525,220,850,212],"class_list":{"0":"post-9207","1":"product","2":"type-product","3":"status-publish","4":"has-post-thumbnail","6":"product_brand-polar","7":"product_cat-bernu-velosipedi","8":"product_cat-velosipedi","9":"product_tag-04_02_26","10":"product_tag-bernu-velosipedi","11":"product_tag-polar","12":"product_tag-velosipedi","13":"product_shipping_class-bernu-velosipedi","14":"pa_height-range-95-110cm","15":"pa_materials-hi-ten-terauds","16":"pa_ramja-izmers-uni","17":"pa_razosanas-gads-1240","18":"ts_product_brand-courier_only","20":"first","21":"instock","22":"sale","23":"taxable","24":"shipping-taxable","25":"purchasable","26":"product-type-simple"},"yoast_head":"<!-- This site is optimized with the Yoast SEO plugin v27.2 - https:\/\/yoast.com\/product\/yoast-seo-wordpress\/ -->\n<title>Polar Junior Summer 14&quot; - Velo Outlets<\/title>\n<meta name=\"robots\" content=\"index, follow, max-snippet:-1, max-image-preview:large, max-video-preview:-1\" \/>\n<link rel=\"canonical\" href=\"https:\/\/velooutlets.com\/en\/product\/polar-summer-14\/\" \/>\n<meta property=\"og:locale\" content=\"en_US\" \/>\n<meta property=\"og:type\" content=\"article\" \/>\n<meta property=\"og:title\" content=\"Polar Junior Summer 14&quot; - Velo Outlets\" \/>\n<meta property=\"og:description\" content=\"Polar Junior 14\u2033 ir lieliska izv\u0113le pa\u0161iem maz\u0101kajiem brauc\u0113jiem, kuri tikai s\u0101k iepaz\u012bt velosip\u0113da vad\u012b\u0161anu. Tas nodro\u0161ina stabilu un dro\u0161u brauk\u0161anu, pal\u012bdzot att\u012bst\u012bt l\u012bdzsvaru un koordin\u0101ciju. Viegl\u0101 un iztur\u012bg\u0101 konstrukcija ar Hi-Ten t\u0113rauda r\u0101mi padara velosip\u0113du stabilu un viegli vad\u0101mu. Vienk\u0101r\u0161\u0101 uzb\u016bve bez p\u0101rnesumiem \u013cauj b\u0113rnam piln\u012bb\u0101 koncentr\u0113ties uz brauk\u0161anu, savuk\u0101rt pal\u012bgrite\u0146i sniedz papildu dro\u0161\u012bbu [&hellip;]\" \/>\n<meta property=\"og:url\" content=\"https:\/\/velooutlets.com\/en\/product\/polar-summer-14\/\" \/>\n<meta property=\"og:site_name\" content=\"Velo Outlets\" \/>\n<meta property=\"article:modified_time\" content=\"2026-04-18T11:35:43+00:00\" \/>\n<meta property=\"og:image\" content=\"https:\/\/velooutlets.com\/wp-content\/uploads\/2025\/10\/1000191800.jpg\" \/>\n\t<meta property=\"og:image:width\" content=\"2016\" \/>\n\t<meta property=\"og:image:height\" content=\"1512\" \/>\n\t<meta property=\"og:image:type\" content=\"image\/jpeg\" \/>\n<meta name=\"twitter:card\" content=\"summary_large_image\" \/>\n<meta name=\"twitter:label1\" content=\"Est. reading time\" \/>\n\t<meta name=\"twitter:data1\" content=\"1 minute\" \/>\n<script type=\"application\/ld+json\" class=\"yoast-schema-graph\">{\"@context\":\"https:\/\/schema.org\",\"@graph\":[{\"@type\":\"WebPage\",\"@id\":\"https:\/\/velooutlets.com\/products\/polar-summer-14\/\",\"url\":\"https:\/\/velooutlets.com\/products\/polar-summer-14\/\",\"name\":\"Polar Junior Summer 14\\\" - Velo Outlets\",\"isPartOf\":{\"@id\":\"https:\/\/velooutlets.com\/en\/#website\"},\"primaryImageOfPage\":{\"@id\":\"https:\/\/velooutlets.com\/products\/polar-summer-14\/#primaryimage\"},\"image\":{\"@id\":\"https:\/\/velooutlets.com\/products\/polar-summer-14\/#primaryimage\"},\"thumbnailUrl\":\"https:\/\/velooutlets.com\/wp-content\/uploads\/2025\/10\/1000191800.jpg\",\"datePublished\":\"2025-10-03T11:40:17+00:00\",\"dateModified\":\"2026-04-18T11:35:43+00:00\",\"breadcrumb\":{\"@id\":\"https:\/\/velooutlets.com\/products\/polar-summer-14\/#breadcrumb\"},\"inLanguage\":\"en-US\",\"potentialAction\":[{\"@type\":\"ReadAction\",\"target\":[\"https:\/\/velooutlets.com\/products\/polar-summer-14\/\"]}]},{\"@type\":\"ImageObject\",\"inLanguage\":\"en-US\",\"@id\":\"https:\/\/velooutlets.com\/products\/polar-summer-14\/#primaryimage\",\"url\":\"https:\/\/velooutlets.com\/wp-content\/uploads\/2025\/10\/1000191800.jpg\",\"contentUrl\":\"https:\/\/velooutlets.com\/wp-content\/uploads\/2025\/10\/1000191800.jpg\",\"width\":2016,\"height\":1512},{\"@type\":\"BreadcrumbList\",\"@id\":\"https:\/\/velooutlets.com\/products\/polar-summer-14\/#breadcrumb\",\"itemListElement\":[{\"@type\":\"ListItem\",\"position\":1,\"name\":\"Home\",\"item\":\"https:\/\/velooutlets.com\/\"},{\"@type\":\"ListItem\",\"position\":2,\"name\":\"Veikals\",\"item\":\"https:\/\/velooutlets.com\/shop\/\"},{\"@type\":\"ListItem\",\"position\":3,\"name\":\"Polar Junior Summer 14&#8243;\"}]},{\"@type\":\"WebSite\",\"@id\":\"https:\/\/velooutlets.com\/en\/#website\",\"url\":\"https:\/\/velooutlets.com\/en\/\",\"name\":\"Velo Outlets\",\"description\":\"Velosip\u0113di visai \u0123imenei\",\"potentialAction\":[{\"@type\":\"SearchAction\",\"target\":{\"@type\":\"EntryPoint\",\"urlTemplate\":\"https:\/\/velooutlets.com\/en\/?s={search_term_string}\"},\"query-input\":{\"@type\":\"PropertyValueSpecification\",\"valueRequired\":true,\"valueName\":\"search_term_string\"}}],\"inLanguage\":\"en-US\"}]}<\/script>\n<!-- \/ Yoast SEO plugin. -->","yoast_head_json":{"title":"Polar Junior Summer 14\" - Velo Outlets","robots":{"index":"index","follow":"follow","max-snippet":"max-snippet:-1","max-image-preview":"max-image-preview:large","max-video-preview":"max-video-preview:-1"},"canonical":"https:\/\/velooutlets.com\/en\/product\/polar-summer-14\/","og_locale":"en_US","og_type":"article","og_title":"Polar Junior Summer 14\" - Velo Outlets","og_description":"Polar Junior 14\u2033 ir lieliska izv\u0113le pa\u0161iem maz\u0101kajiem brauc\u0113jiem, kuri tikai s\u0101k iepaz\u012bt velosip\u0113da vad\u012b\u0161anu. Tas nodro\u0161ina stabilu un dro\u0161u brauk\u0161anu, pal\u012bdzot att\u012bst\u012bt l\u012bdzsvaru un koordin\u0101ciju. Viegl\u0101 un iztur\u012bg\u0101 konstrukcija ar Hi-Ten t\u0113rauda r\u0101mi padara velosip\u0113du stabilu un viegli vad\u0101mu. Vienk\u0101r\u0161\u0101 uzb\u016bve bez p\u0101rnesumiem \u013cauj b\u0113rnam piln\u012bb\u0101 koncentr\u0113ties uz brauk\u0161anu, savuk\u0101rt pal\u012bgrite\u0146i sniedz papildu dro\u0161\u012bbu [&hellip;]","og_url":"https:\/\/velooutlets.com\/en\/product\/polar-summer-14\/","og_site_name":"Velo Outlets","article_modified_time":"2026-04-18T11:35:43+00:00","og_image":[{"width":2016,"height":1512,"url":"https:\/\/velooutlets.com\/wp-content\/uploads\/2025\/10\/1000191800.jpg","type":"image\/jpeg"}],"twitter_card":"summary_large_image","twitter_misc":{"Est. reading time":"1 minute"},"schema":{"@context":"https:\/\/schema.org","@graph":[{"@type":"WebPage","@id":"https:\/\/velooutlets.com\/products\/polar-summer-14\/","url":"https:\/\/velooutlets.com\/products\/polar-summer-14\/","name":"Polar Junior Summer 14\" - Velo Outlets","isPartOf":{"@id":"https:\/\/velooutlets.com\/en\/#website"},"primaryImageOfPage":{"@id":"https:\/\/velooutlets.com\/products\/polar-summer-14\/#primaryimage"},"image":{"@id":"https:\/\/velooutlets.com\/products\/polar-summer-14\/#primaryimage"},"thumbnailUrl":"https:\/\/velooutlets.com\/wp-content\/uploads\/2025\/10\/1000191800.jpg","datePublished":"2025-10-03T11:40:17+00:00","dateModified":"2026-04-18T11:35:43+00:00","breadcrumb":{"@id":"https:\/\/velooutlets.com\/products\/polar-summer-14\/#breadcrumb"},"inLanguage":"en-US","potentialAction":[{"@type":"ReadAction","target":["https:\/\/velooutlets.com\/products\/polar-summer-14\/"]}]},{"@type":"ImageObject","inLanguage":"en-US","@id":"https:\/\/velooutlets.com\/products\/polar-summer-14\/#primaryimage","url":"https:\/\/velooutlets.com\/wp-content\/uploads\/2025\/10\/1000191800.jpg","contentUrl":"https:\/\/velooutlets.com\/wp-content\/uploads\/2025\/10\/1000191800.jpg","width":2016,"height":1512},{"@type":"BreadcrumbList","@id":"https:\/\/velooutlets.com\/products\/polar-summer-14\/#breadcrumb","itemListElement":[{"@type":"ListItem","position":1,"name":"Home","item":"https:\/\/velooutlets.com\/"},{"@type":"ListItem","position":2,"name":"Veikals","item":"https:\/\/velooutlets.com\/shop\/"},{"@type":"ListItem","position":3,"name":"Polar Junior Summer 14&#8243;"}]},{"@type":"WebSite","@id":"https:\/\/velooutlets.com\/en\/#website","url":"https:\/\/velooutlets.com\/en\/","name":"Velo Outlets","description":"Velosip\u0113di visai \u0123imenei","potentialAction":[{"@type":"SearchAction","target":{"@type":"EntryPoint","urlTemplate":"https:\/\/velooutlets.com\/en\/?s={search_term_string}"},"query-input":{"@type":"PropertyValueSpecification","valueRequired":true,"valueName":"search_term_string"}}],"inLanguage":"en-US"}]}},"jetpack_sharing_enabled":true,"_links":{"self":[{"href":"https:\/\/velooutlets.com\/en\/wp-json\/wp\/v2\/product\/9207","targetHints":{"allow":["GET"]}}],"collection":[{"href":"https:\/\/velooutlets.com\/en\/wp-json\/wp\/v2\/product"}],"about":[{"href":"https:\/\/velooutlets.com\/en\/wp-json\/wp\/v2\/types\/product"}],"wp:featuredmedia":[{"embeddable":true,"href":"https:\/\/velooutlets.com\/en\/wp-json\/wp\/v2\/media\/35692"}],"wp:attachment":[{"href":"https:\/\/velooutlets.com\/en\/wp-json\/wp\/v2\/media?parent=9207"}],"wp:term":[{"taxonomy":"product_brand","embeddable":true,"href":"https:\/\/velooutlets.com\/en\/wp-json\/wp\/v2\/product_brand?post=9207"},{"taxonomy":"product_cat","embeddable":true,"href":"https:\/\/velooutlets.com\/en\/wp-json\/wp\/v2\/product_cat?post=9207"},{"taxonomy":"product_tag","embeddable":true,"href":"https:\/\/velooutlets.com\/en\/wp-json\/wp\/v2\/product_tag?post=9207"}],"curies":[{"name":"wp","href":"https:\/\/api.w.org\/{rel}","templated":true}]}}