{"id":9224,"date":"2025-10-03T14:40:25","date_gmt":"2025-10-03T11:40:25","guid":{"rendered":"https:\/\/staging.velooutlets.com\/product\/polar-mirage-29-blue\/"},"modified":"2026-04-18T14:35:54","modified_gmt":"2026-04-18T11:35:54","slug":"polar-mirage-29-blue","status":"publish","type":"product","link":"https:\/\/velooutlets.com\/en\/product\/polar-mirage-29-blue\/","title":{"rendered":"Polar Mirage Sport 29\u2033 Black\/Blue L"},"content":{"rendered":"<p>The Polar Mirage Sport 29\u2033 is a sporty and durable mountain bike designed for active riding on both paved roads and off-road trails. The large 29\u2033 wheels provide good speed, stability and easier obstacle clearance, making for a smoother ride even on rough surfaces.<\/p>\n<p>A lightweight aluminium frame ensures durability and comfort in everyday use, while a front shock-absorbing fork helps absorb shocks and improves control in more challenging conditions. The 3\u00d77 gear system makes it easy to adapt to different terrains - both uphill and faster on flat terrain.<\/p>\n<p>The mechanical disc brakes provide reliable and efficient braking in all weather conditions, essential for active and dynamic driving. This model will suit riders looking for a reliable and practical bike with good performance at an affordable price.<\/p>\n<p>Specification:<br \/>\nModel: Polar Mirage Sport 29\u2033<br \/>\nType: mountain\/sport bike<br \/>\nWheel size: 29\u2033<br \/>\nNumber of speeds: 3\u00d77 (21 speeds)<br \/>\nFrame: aluminium<br \/>\nFork: Sus Zoom CH-565D 29\u2033 suspension fork<br \/>\nFront derailleur: Shimano FD-TY300<br \/>\nRear derailleur: Shimano RD-TY200<br \/>\nShimano ST-EF41 3\u00d77<br \/>\nBrakes: mechanical disc brakes<br \/>\nSeat: P:Lab MTB<br \/>\nAploces: Beretta Double Wall<br \/>\nTyres: Kenda 29 \u00d7 2.10<br \/>\nPedals: PVC<br \/>\nOptional accessories: support leg<\/p>","protected":false},"excerpt":{"rendered":"<p>Polar Mirage Sport 29\u2033 ir sportisks un iztur\u012bgs kalnu velosip\u0113ds, kas paredz\u0113ts akt\u012bvai brauk\u0161anai gan pa asfalt\u0113tiem ce\u013ciem, gan bezce\u013ca tras\u0113m. Lielie 29 collu rite\u0146i nodro\u0161ina labu \u0101trumu, stabilit\u0101ti un viegl\u0101ku \u0161\u0137\u0113r\u0161\u013cu p\u0101rvar\u0113\u0161anu, padarot braucienu vienm\u0113r\u012bg\u0101ku ar\u012b uz nel\u012bdzen\u0101m virsm\u0101m. Viegls alum\u012bnija r\u0101mis nodro\u0161ina iztur\u012bbu un komfortu ikdienas lieto\u0161an\u0101, savuk\u0101rt priek\u0161\u0113j\u0101 amortiz\u0101cijas dak\u0161a pal\u012bdz absorb\u0113t [&hellip;]<\/p>\n","protected":false},"featured_media":37977,"template":"","meta":{"_monsterinsights_skip_tracking":false,"_monsterinsights_sitenote_active":false,"_monsterinsights_sitenote_note":"","_monsterinsights_sitenote_category":0,"_iconic_wsb_product_page_order_bump_ids":[],"_sku":["8605044948855"],"_iconic_wsb_product_page_bump_modal_ids":[]},"product_brand":[871],"product_cat":[980,1127],"product_tag":[1525,211,850,212],"class_list":{"0":"post-9224","1":"product","2":"type-product","3":"status-publish","4":"has-post-thumbnail","6":"product_brand-polar","7":"product_cat-kalnu-velosipedi","8":"product_cat-velosipedi","9":"product_tag-04_02_26","10":"product_tag-kalnu-velosipedi","11":"product_tag-polar","12":"product_tag-velosipedi","13":"product_shipping_class-pieauguso-velosipedi","14":"pa_materials-aluminija","15":"pa_ramja-izmers-l","16":"ts_product_brand-courier_only","18":"first","19":"instock","20":"sale","21":"taxable","22":"shipping-taxable","23":"purchasable","24":"product-type-simple"},"yoast_head":"<!-- This site is optimized with the Yoast SEO plugin v27.2 - https:\/\/yoast.com\/product\/yoast-seo-wordpress\/ -->\n<title>Polar Mirage Sport 29&quot; Black\/Blue L - Velo Outlets<\/title>\n<meta name=\"robots\" content=\"index, follow, max-snippet:-1, max-image-preview:large, max-video-preview:-1\" \/>\n<link rel=\"canonical\" href=\"https:\/\/velooutlets.com\/en\/product\/polar-mirage-29-blue\/\" \/>\n<meta property=\"og:locale\" content=\"en_US\" \/>\n<meta property=\"og:type\" content=\"article\" \/>\n<meta property=\"og:title\" content=\"Polar Mirage Sport 29&quot; Black\/Blue L - Velo Outlets\" \/>\n<meta property=\"og:description\" content=\"Polar Mirage Sport 29\u2033 ir sportisks un iztur\u012bgs kalnu velosip\u0113ds, kas paredz\u0113ts akt\u012bvai brauk\u0161anai gan pa asfalt\u0113tiem ce\u013ciem, gan bezce\u013ca tras\u0113m. Lielie 29 collu rite\u0146i nodro\u0161ina labu \u0101trumu, stabilit\u0101ti un viegl\u0101ku \u0161\u0137\u0113r\u0161\u013cu p\u0101rvar\u0113\u0161anu, padarot braucienu vienm\u0113r\u012bg\u0101ku ar\u012b uz nel\u012bdzen\u0101m virsm\u0101m. Viegls alum\u012bnija r\u0101mis nodro\u0161ina iztur\u012bbu un komfortu ikdienas lieto\u0161an\u0101, savuk\u0101rt priek\u0161\u0113j\u0101 amortiz\u0101cijas dak\u0161a pal\u012bdz absorb\u0113t [&hellip;]\" \/>\n<meta property=\"og:url\" content=\"https:\/\/velooutlets.com\/en\/product\/polar-mirage-29-blue\/\" \/>\n<meta property=\"og:site_name\" content=\"Velo Outlets\" \/>\n<meta property=\"article:modified_time\" content=\"2026-04-18T11:35:54+00:00\" \/>\n<meta property=\"og:image\" content=\"https:\/\/velooutlets.com\/wp-content\/uploads\/2025\/10\/1000199043.jpg\" \/>\n\t<meta property=\"og:image:width\" content=\"1165\" \/>\n\t<meta property=\"og:image:height\" content=\"777\" \/>\n\t<meta property=\"og:image:type\" content=\"image\/jpeg\" \/>\n<meta name=\"twitter:card\" content=\"summary_large_image\" \/>\n<meta name=\"twitter:label1\" content=\"Est. reading time\" \/>\n\t<meta name=\"twitter:data1\" content=\"1 minute\" \/>\n<script type=\"application\/ld+json\" class=\"yoast-schema-graph\">{\"@context\":\"https:\/\/schema.org\",\"@graph\":[{\"@type\":\"WebPage\",\"@id\":\"https:\/\/velooutlets.com\/products\/polar-mirage-29-blue\/\",\"url\":\"https:\/\/velooutlets.com\/products\/polar-mirage-29-blue\/\",\"name\":\"Polar Mirage Sport 29\\\" Black\/Blue L - Velo Outlets\",\"isPartOf\":{\"@id\":\"https:\/\/velooutlets.com\/en\/#website\"},\"primaryImageOfPage\":{\"@id\":\"https:\/\/velooutlets.com\/products\/polar-mirage-29-blue\/#primaryimage\"},\"image\":{\"@id\":\"https:\/\/velooutlets.com\/products\/polar-mirage-29-blue\/#primaryimage\"},\"thumbnailUrl\":\"https:\/\/velooutlets.com\/wp-content\/uploads\/2025\/10\/1000199043.jpg\",\"datePublished\":\"2025-10-03T11:40:25+00:00\",\"dateModified\":\"2026-04-18T11:35:54+00:00\",\"breadcrumb\":{\"@id\":\"https:\/\/velooutlets.com\/products\/polar-mirage-29-blue\/#breadcrumb\"},\"inLanguage\":\"en-US\",\"potentialAction\":[{\"@type\":\"ReadAction\",\"target\":[\"https:\/\/velooutlets.com\/products\/polar-mirage-29-blue\/\"]}]},{\"@type\":\"ImageObject\",\"inLanguage\":\"en-US\",\"@id\":\"https:\/\/velooutlets.com\/products\/polar-mirage-29-blue\/#primaryimage\",\"url\":\"https:\/\/velooutlets.com\/wp-content\/uploads\/2025\/10\/1000199043.jpg\",\"contentUrl\":\"https:\/\/velooutlets.com\/wp-content\/uploads\/2025\/10\/1000199043.jpg\",\"width\":1165,\"height\":777},{\"@type\":\"BreadcrumbList\",\"@id\":\"https:\/\/velooutlets.com\/products\/polar-mirage-29-blue\/#breadcrumb\",\"itemListElement\":[{\"@type\":\"ListItem\",\"position\":1,\"name\":\"Home\",\"item\":\"https:\/\/velooutlets.com\/\"},{\"@type\":\"ListItem\",\"position\":2,\"name\":\"Veikals\",\"item\":\"https:\/\/velooutlets.com\/shop\/\"},{\"@type\":\"ListItem\",\"position\":3,\"name\":\"Polar Mirage Sport 29&#8243; Black\/Blue L\"}]},{\"@type\":\"WebSite\",\"@id\":\"https:\/\/velooutlets.com\/en\/#website\",\"url\":\"https:\/\/velooutlets.com\/en\/\",\"name\":\"Velo Outlets\",\"description\":\"Velosip\u0113di visai \u0123imenei\",\"potentialAction\":[{\"@type\":\"SearchAction\",\"target\":{\"@type\":\"EntryPoint\",\"urlTemplate\":\"https:\/\/velooutlets.com\/en\/?s={search_term_string}\"},\"query-input\":{\"@type\":\"PropertyValueSpecification\",\"valueRequired\":true,\"valueName\":\"search_term_string\"}}],\"inLanguage\":\"en-US\"}]}<\/script>\n<!-- \/ Yoast SEO plugin. -->","yoast_head_json":{"title":"Polar Mirage Sport 29\" Black\/Blue L - Velo Outlets","robots":{"index":"index","follow":"follow","max-snippet":"max-snippet:-1","max-image-preview":"max-image-preview:large","max-video-preview":"max-video-preview:-1"},"canonical":"https:\/\/velooutlets.com\/en\/product\/polar-mirage-29-blue\/","og_locale":"en_US","og_type":"article","og_title":"Polar Mirage Sport 29\" Black\/Blue L - Velo Outlets","og_description":"Polar Mirage Sport 29\u2033 ir sportisks un iztur\u012bgs kalnu velosip\u0113ds, kas paredz\u0113ts akt\u012bvai brauk\u0161anai gan pa asfalt\u0113tiem ce\u013ciem, gan bezce\u013ca tras\u0113m. Lielie 29 collu rite\u0146i nodro\u0161ina labu \u0101trumu, stabilit\u0101ti un viegl\u0101ku \u0161\u0137\u0113r\u0161\u013cu p\u0101rvar\u0113\u0161anu, padarot braucienu vienm\u0113r\u012bg\u0101ku ar\u012b uz nel\u012bdzen\u0101m virsm\u0101m. Viegls alum\u012bnija r\u0101mis nodro\u0161ina iztur\u012bbu un komfortu ikdienas lieto\u0161an\u0101, savuk\u0101rt priek\u0161\u0113j\u0101 amortiz\u0101cijas dak\u0161a pal\u012bdz absorb\u0113t [&hellip;]","og_url":"https:\/\/velooutlets.com\/en\/product\/polar-mirage-29-blue\/","og_site_name":"Velo Outlets","article_modified_time":"2026-04-18T11:35:54+00:00","og_image":[{"width":1165,"height":777,"url":"https:\/\/velooutlets.com\/wp-content\/uploads\/2025\/10\/1000199043.jpg","type":"image\/jpeg"}],"twitter_card":"summary_large_image","twitter_misc":{"Est. reading time":"1 minute"},"schema":{"@context":"https:\/\/schema.org","@graph":[{"@type":"WebPage","@id":"https:\/\/velooutlets.com\/products\/polar-mirage-29-blue\/","url":"https:\/\/velooutlets.com\/products\/polar-mirage-29-blue\/","name":"Polar Mirage Sport 29\" Black\/Blue L - Velo Outlets","isPartOf":{"@id":"https:\/\/velooutlets.com\/en\/#website"},"primaryImageOfPage":{"@id":"https:\/\/velooutlets.com\/products\/polar-mirage-29-blue\/#primaryimage"},"image":{"@id":"https:\/\/velooutlets.com\/products\/polar-mirage-29-blue\/#primaryimage"},"thumbnailUrl":"https:\/\/velooutlets.com\/wp-content\/uploads\/2025\/10\/1000199043.jpg","datePublished":"2025-10-03T11:40:25+00:00","dateModified":"2026-04-18T11:35:54+00:00","breadcrumb":{"@id":"https:\/\/velooutlets.com\/products\/polar-mirage-29-blue\/#breadcrumb"},"inLanguage":"en-US","potentialAction":[{"@type":"ReadAction","target":["https:\/\/velooutlets.com\/products\/polar-mirage-29-blue\/"]}]},{"@type":"ImageObject","inLanguage":"en-US","@id":"https:\/\/velooutlets.com\/products\/polar-mirage-29-blue\/#primaryimage","url":"https:\/\/velooutlets.com\/wp-content\/uploads\/2025\/10\/1000199043.jpg","contentUrl":"https:\/\/velooutlets.com\/wp-content\/uploads\/2025\/10\/1000199043.jpg","width":1165,"height":777},{"@type":"BreadcrumbList","@id":"https:\/\/velooutlets.com\/products\/polar-mirage-29-blue\/#breadcrumb","itemListElement":[{"@type":"ListItem","position":1,"name":"Home","item":"https:\/\/velooutlets.com\/"},{"@type":"ListItem","position":2,"name":"Veikals","item":"https:\/\/velooutlets.com\/shop\/"},{"@type":"ListItem","position":3,"name":"Polar Mirage Sport 29&#8243; Black\/Blue L"}]},{"@type":"WebSite","@id":"https:\/\/velooutlets.com\/en\/#website","url":"https:\/\/velooutlets.com\/en\/","name":"Velo Outlets","description":"Velosip\u0113di visai \u0123imenei","potentialAction":[{"@type":"SearchAction","target":{"@type":"EntryPoint","urlTemplate":"https:\/\/velooutlets.com\/en\/?s={search_term_string}"},"query-input":{"@type":"PropertyValueSpecification","valueRequired":true,"valueName":"search_term_string"}}],"inLanguage":"en-US"}]}},"jetpack_sharing_enabled":true,"_links":{"self":[{"href":"https:\/\/velooutlets.com\/en\/wp-json\/wp\/v2\/product\/9224","targetHints":{"allow":["GET"]}}],"collection":[{"href":"https:\/\/velooutlets.com\/en\/wp-json\/wp\/v2\/product"}],"about":[{"href":"https:\/\/velooutlets.com\/en\/wp-json\/wp\/v2\/types\/product"}],"wp:featuredmedia":[{"embeddable":true,"href":"https:\/\/velooutlets.com\/en\/wp-json\/wp\/v2\/media\/37977"}],"wp:attachment":[{"href":"https:\/\/velooutlets.com\/en\/wp-json\/wp\/v2\/media?parent=9224"}],"wp:term":[{"taxonomy":"product_brand","embeddable":true,"href":"https:\/\/velooutlets.com\/en\/wp-json\/wp\/v2\/product_brand?post=9224"},{"taxonomy":"product_cat","embeddable":true,"href":"https:\/\/velooutlets.com\/en\/wp-json\/wp\/v2\/product_cat?post=9224"},{"taxonomy":"product_tag","embeddable":true,"href":"https:\/\/velooutlets.com\/en\/wp-json\/wp\/v2\/product_tag?post=9224"}],"curies":[{"name":"wp","href":"https:\/\/api.w.org\/{rel}","templated":true}]}}