{"id":9266,"date":"2025-10-03T11:41:05","date_gmt":"2025-10-03T11:41:05","guid":{"rendered":"https:\/\/staging.velooutlets.com\/product\/reid-tracker\/"},"modified":"2026-04-16T14:39:00","modified_gmt":"2026-04-16T11:39:00","slug":"reid-tracker","status":"publish","type":"product","link":"https:\/\/velooutlets.com\/en\/product\/reid-tracker\/","title":{"rendered":"Reid Tracker"},"content":{"rendered":"<p data-start=\"806\" data-end=\"1508\">The Reid Tracker is a powerful electric fatbike designed for riding on sand, snow and other difficult surfaces. Its 26-inch wheels with extra-wide 4-inch Kenda Juggernaut tyres provide excellent stability and grip in all conditions. The 750 W motor combined with a 720 Wh battery allows you to tackle long and challenging routes, while the Shimano RD-M310 rear derailleur with 8 speeds allows you to fine-tune the pace of your ride. Equipped with an 80 mm front shock absorber and Tektro disc brakes, mudguards and a luggage rack make the Reid Tracker ready for adventure in any conditions.<\/p>","protected":false},"excerpt":{"rendered":"<p>Reid Tracker ir jaud\u012bgs elektriskais fatbike, kas paredz\u0113ts brauk\u0161anai pa smilt\u012bm, sniegu un cit\u0101m sare\u017e\u0123\u012bt\u0101m virsm\u0101m. T\u0101 26 collu rite\u0146i ar extra plat\u0101m 4 collu Kenda Juggernaut riep\u0101m nodro\u0161ina izcilu stabilit\u0101ti un sa\u0137eri jebkuros apst\u0101k\u013cos. 750 W motors kop\u0101 ar 720 Wh akumulatoru \u013cauj p\u0101rvar\u0113t garus un izaicino\u0161us mar\u0161rutus, bet aizmugur\u0113jais Shimano RD-M310 p\u0101rsl\u0113dz\u0113js ar [&hellip;]<\/p>\n","protected":false},"featured_media":10386,"template":"","meta":{"_monsterinsights_skip_tracking":false,"_monsterinsights_sitenote_active":false,"_monsterinsights_sitenote_note":"","_monsterinsights_sitenote_category":0,"_iconic_wsb_product_page_order_bump_ids":[[]],"_sku":["10694248169739"],"_iconic_wsb_product_page_bump_modal_ids":[[]]},"product_brand":[1442],"product_cat":[963,1127],"product_tag":[847,219,212],"class_list":{"0":"post-9266","1":"product","2":"type-product","3":"status-publish","4":"has-post-thumbnail","6":"product_brand-reid","7":"product_cat-elektro-velosipedi","8":"product_cat-velosipedi","9":"product_tag-elektro-velosipedi","10":"product_tag-pilsetas-velosipedi","11":"product_tag-velosipedi","12":"product_shipping_class-elektro-velosipedi","13":"pa_ramja-izmers-uni","14":"ts_product_brand-courier_only","16":"first","17":"instock","18":"sale","19":"taxable","20":"shipping-taxable","21":"purchasable","22":"product-type-simple"},"yoast_head":"<!-- This site is optimized with the Yoast SEO plugin v27.2 - https:\/\/yoast.com\/product\/yoast-seo-wordpress\/ -->\n<title>Reid Tracker - Velo Outlets<\/title>\n<meta name=\"robots\" content=\"index, follow, max-snippet:-1, max-image-preview:large, max-video-preview:-1\" \/>\n<link rel=\"canonical\" href=\"https:\/\/velooutlets.com\/en\/product\/reid-tracker\/\" \/>\n<meta property=\"og:locale\" content=\"en_US\" \/>\n<meta property=\"og:type\" content=\"article\" \/>\n<meta property=\"og:title\" content=\"Reid Tracker - Velo Outlets\" \/>\n<meta property=\"og:description\" content=\"Reid Tracker ir jaud\u012bgs elektriskais fatbike, kas paredz\u0113ts brauk\u0161anai pa smilt\u012bm, sniegu un cit\u0101m sare\u017e\u0123\u012bt\u0101m virsm\u0101m. T\u0101 26 collu rite\u0146i ar extra plat\u0101m 4 collu Kenda Juggernaut riep\u0101m nodro\u0161ina izcilu stabilit\u0101ti un sa\u0137eri jebkuros apst\u0101k\u013cos. 750 W motors kop\u0101 ar 720 Wh akumulatoru \u013cauj p\u0101rvar\u0113t garus un izaicino\u0161us mar\u0161rutus, bet aizmugur\u0113jais Shimano RD-M310 p\u0101rsl\u0113dz\u0113js ar [&hellip;]\" \/>\n<meta property=\"og:url\" content=\"https:\/\/velooutlets.com\/en\/product\/reid-tracker\/\" \/>\n<meta property=\"og:site_name\" content=\"Velo Outlets\" \/>\n<meta property=\"article:modified_time\" content=\"2026-04-16T11:39:00+00:00\" \/>\n<meta property=\"og:image\" content=\"https:\/\/velooutlets.com\/wp-content\/uploads\/2025\/10\/1246079248HE-scaled.jpg\" \/>\n\t<meta property=\"og:image:width\" content=\"2560\" \/>\n\t<meta property=\"og:image:height\" content=\"1672\" \/>\n\t<meta property=\"og:image:type\" content=\"image\/jpeg\" \/>\n<meta name=\"twitter:card\" content=\"summary_large_image\" \/>\n<meta name=\"twitter:label1\" content=\"Est. reading time\" \/>\n\t<meta name=\"twitter:data1\" content=\"1 minute\" \/>\n<script type=\"application\/ld+json\" class=\"yoast-schema-graph\">{\"@context\":\"https:\/\/schema.org\",\"@graph\":[{\"@type\":\"WebPage\",\"@id\":\"https:\/\/velooutlets.com\/products\/reid-tracker\/\",\"url\":\"https:\/\/velooutlets.com\/products\/reid-tracker\/\",\"name\":\"Reid Tracker - Velo Outlets\",\"isPartOf\":{\"@id\":\"https:\/\/velooutlets.com\/en\/#website\"},\"primaryImageOfPage\":{\"@id\":\"https:\/\/velooutlets.com\/products\/reid-tracker\/#primaryimage\"},\"image\":{\"@id\":\"https:\/\/velooutlets.com\/products\/reid-tracker\/#primaryimage\"},\"thumbnailUrl\":\"https:\/\/velooutlets.com\/wp-content\/uploads\/2025\/10\/1246079248HE-scaled.jpg\",\"datePublished\":\"2025-10-03T11:41:05+00:00\",\"dateModified\":\"2026-04-16T11:39:00+00:00\",\"breadcrumb\":{\"@id\":\"https:\/\/velooutlets.com\/products\/reid-tracker\/#breadcrumb\"},\"inLanguage\":\"en-US\",\"potentialAction\":[{\"@type\":\"ReadAction\",\"target\":[\"https:\/\/velooutlets.com\/products\/reid-tracker\/\"]}]},{\"@type\":\"ImageObject\",\"inLanguage\":\"en-US\",\"@id\":\"https:\/\/velooutlets.com\/products\/reid-tracker\/#primaryimage\",\"url\":\"https:\/\/velooutlets.com\/wp-content\/uploads\/2025\/10\/1246079248HE-scaled.jpg\",\"contentUrl\":\"https:\/\/velooutlets.com\/wp-content\/uploads\/2025\/10\/1246079248HE-scaled.jpg\",\"width\":2560,\"height\":1672},{\"@type\":\"BreadcrumbList\",\"@id\":\"https:\/\/velooutlets.com\/products\/reid-tracker\/#breadcrumb\",\"itemListElement\":[{\"@type\":\"ListItem\",\"position\":1,\"name\":\"Home\",\"item\":\"https:\/\/velooutlets.com\/\"},{\"@type\":\"ListItem\",\"position\":2,\"name\":\"Veikals\",\"item\":\"https:\/\/velooutlets.com\/shop\/\"},{\"@type\":\"ListItem\",\"position\":3,\"name\":\"Reid Tracker\"}]},{\"@type\":\"WebSite\",\"@id\":\"https:\/\/velooutlets.com\/en\/#website\",\"url\":\"https:\/\/velooutlets.com\/en\/\",\"name\":\"Velo Outlets\",\"description\":\"Velosip\u0113di visai \u0123imenei\",\"potentialAction\":[{\"@type\":\"SearchAction\",\"target\":{\"@type\":\"EntryPoint\",\"urlTemplate\":\"https:\/\/velooutlets.com\/en\/?s={search_term_string}\"},\"query-input\":{\"@type\":\"PropertyValueSpecification\",\"valueRequired\":true,\"valueName\":\"search_term_string\"}}],\"inLanguage\":\"en-US\"}]}<\/script>\n<!-- \/ Yoast SEO plugin. -->","yoast_head_json":{"title":"Reid Tracker - Velo Outlets","robots":{"index":"index","follow":"follow","max-snippet":"max-snippet:-1","max-image-preview":"max-image-preview:large","max-video-preview":"max-video-preview:-1"},"canonical":"https:\/\/velooutlets.com\/en\/product\/reid-tracker\/","og_locale":"en_US","og_type":"article","og_title":"Reid Tracker - Velo Outlets","og_description":"Reid Tracker ir jaud\u012bgs elektriskais fatbike, kas paredz\u0113ts brauk\u0161anai pa smilt\u012bm, sniegu un cit\u0101m sare\u017e\u0123\u012bt\u0101m virsm\u0101m. T\u0101 26 collu rite\u0146i ar extra plat\u0101m 4 collu Kenda Juggernaut riep\u0101m nodro\u0161ina izcilu stabilit\u0101ti un sa\u0137eri jebkuros apst\u0101k\u013cos. 750 W motors kop\u0101 ar 720 Wh akumulatoru \u013cauj p\u0101rvar\u0113t garus un izaicino\u0161us mar\u0161rutus, bet aizmugur\u0113jais Shimano RD-M310 p\u0101rsl\u0113dz\u0113js ar [&hellip;]","og_url":"https:\/\/velooutlets.com\/en\/product\/reid-tracker\/","og_site_name":"Velo Outlets","article_modified_time":"2026-04-16T11:39:00+00:00","og_image":[{"width":2560,"height":1672,"url":"https:\/\/velooutlets.com\/wp-content\/uploads\/2025\/10\/1246079248HE-scaled.jpg","type":"image\/jpeg"}],"twitter_card":"summary_large_image","twitter_misc":{"Est. reading time":"1 minute"},"schema":{"@context":"https:\/\/schema.org","@graph":[{"@type":"WebPage","@id":"https:\/\/velooutlets.com\/products\/reid-tracker\/","url":"https:\/\/velooutlets.com\/products\/reid-tracker\/","name":"Reid Tracker - Velo Outlets","isPartOf":{"@id":"https:\/\/velooutlets.com\/en\/#website"},"primaryImageOfPage":{"@id":"https:\/\/velooutlets.com\/products\/reid-tracker\/#primaryimage"},"image":{"@id":"https:\/\/velooutlets.com\/products\/reid-tracker\/#primaryimage"},"thumbnailUrl":"https:\/\/velooutlets.com\/wp-content\/uploads\/2025\/10\/1246079248HE-scaled.jpg","datePublished":"2025-10-03T11:41:05+00:00","dateModified":"2026-04-16T11:39:00+00:00","breadcrumb":{"@id":"https:\/\/velooutlets.com\/products\/reid-tracker\/#breadcrumb"},"inLanguage":"en-US","potentialAction":[{"@type":"ReadAction","target":["https:\/\/velooutlets.com\/products\/reid-tracker\/"]}]},{"@type":"ImageObject","inLanguage":"en-US","@id":"https:\/\/velooutlets.com\/products\/reid-tracker\/#primaryimage","url":"https:\/\/velooutlets.com\/wp-content\/uploads\/2025\/10\/1246079248HE-scaled.jpg","contentUrl":"https:\/\/velooutlets.com\/wp-content\/uploads\/2025\/10\/1246079248HE-scaled.jpg","width":2560,"height":1672},{"@type":"BreadcrumbList","@id":"https:\/\/velooutlets.com\/products\/reid-tracker\/#breadcrumb","itemListElement":[{"@type":"ListItem","position":1,"name":"Home","item":"https:\/\/velooutlets.com\/"},{"@type":"ListItem","position":2,"name":"Veikals","item":"https:\/\/velooutlets.com\/shop\/"},{"@type":"ListItem","position":3,"name":"Reid Tracker"}]},{"@type":"WebSite","@id":"https:\/\/velooutlets.com\/en\/#website","url":"https:\/\/velooutlets.com\/en\/","name":"Velo Outlets","description":"Velosip\u0113di visai \u0123imenei","potentialAction":[{"@type":"SearchAction","target":{"@type":"EntryPoint","urlTemplate":"https:\/\/velooutlets.com\/en\/?s={search_term_string}"},"query-input":{"@type":"PropertyValueSpecification","valueRequired":true,"valueName":"search_term_string"}}],"inLanguage":"en-US"}]}},"jetpack_sharing_enabled":true,"_links":{"self":[{"href":"https:\/\/velooutlets.com\/en\/wp-json\/wp\/v2\/product\/9266","targetHints":{"allow":["GET"]}}],"collection":[{"href":"https:\/\/velooutlets.com\/en\/wp-json\/wp\/v2\/product"}],"about":[{"href":"https:\/\/velooutlets.com\/en\/wp-json\/wp\/v2\/types\/product"}],"wp:featuredmedia":[{"embeddable":true,"href":"https:\/\/velooutlets.com\/en\/wp-json\/wp\/v2\/media\/10386"}],"wp:attachment":[{"href":"https:\/\/velooutlets.com\/en\/wp-json\/wp\/v2\/media?parent=9266"}],"wp:term":[{"taxonomy":"product_brand","embeddable":true,"href":"https:\/\/velooutlets.com\/en\/wp-json\/wp\/v2\/product_brand?post=9266"},{"taxonomy":"product_cat","embeddable":true,"href":"https:\/\/velooutlets.com\/en\/wp-json\/wp\/v2\/product_cat?post=9266"},{"taxonomy":"product_tag","embeddable":true,"href":"https:\/\/velooutlets.com\/en\/wp-json\/wp\/v2\/product_tag?post=9266"}],"curies":[{"name":"wp","href":"https:\/\/api.w.org\/{rel}","templated":true}]}}