{"id":9416,"date":"2025-10-03T14:42:07","date_gmt":"2025-10-03T11:42:07","guid":{"rendered":"https:\/\/staging.velooutlets.com\/product\/scott-contessa-24\/"},"modified":"2026-03-25T10:42:05","modified_gmt":"2026-03-25T08:42:05","slug":"scott-contessa-24","status":"publish","type":"product","link":"https:\/\/velooutlets.com\/en\/product\/scott-contessa-24\/","title":{"rendered":"SCOTT CONTESSA 24"},"content":{"rendered":"<p data-start=\"2059\" data-end=\"2411\">The Scott Contessa 24 is a children's mountain bike especially suited to young cyclists who want to be active outdoors. The aluminium frame is light and durable, while the front suspension makes the ride comfortable and stable, even on rough roads. The low frame provides easy access to the pedals and handlebars, allowing children to feel secure.<\/p>\n<p data-start=\"2413\" data-end=\"2802\">The bike features 8 gears and a Shimano Tourney rear derailleur, which makes it easy to change gears in different road conditions. Kenda K1227 Booster 24\u00d72.2 inch tyres offer excellent grip, while Tektro brakes ensure safe stopping. The Scott Contessa 24 is the perfect bike for kids who want to learn to ride MTB style, combining safety, comfort and easy manoeuvrability.<\/p>","protected":false},"excerpt":{"rendered":"<p>Scott Contessa 24 ir b\u0113rnu kalnu velosip\u0113ds, kas \u012bpa\u0161i piem\u0113rots jaunajiem rite\u0146brauc\u0113jiem, kuri v\u0113las akt\u012bvi pavad\u012bt laiku \u0101r\u0101. Velosip\u0113da alum\u012bnija r\u0101mis ir viegls un iztur\u012bgs, savuk\u0101rt priek\u0161\u0113j\u0101 amortiz\u0101cija padara brauk\u0161anu \u0113rtu un stabilu pat nel\u012bdzenos ce\u013cos. Zems r\u0101mis nodro\u0161ina \u0113rtu piek\u013cuvi ped\u0101\u013ciem un st\u016brei, \u013caujot b\u0113rniem justies dro\u0161i. Velosip\u0113ds apr\u012bkots ar 8 p\u0101rnesumiem un Shimano [&hellip;]<\/p>\n","protected":false},"featured_media":35679,"template":"","meta":{"_monsterinsights_skip_tracking":false,"_monsterinsights_sitenote_active":false,"_monsterinsights_sitenote_note":"","_monsterinsights_sitenote_category":0,"_iconic_wsb_product_page_order_bump_ids":[[]],"_sku":[""],"_iconic_wsb_product_page_bump_modal_ids":[[]]},"product_brand":[872],"product_cat":[1043,1127],"product_tag":[1522],"class_list":{"0":"post-9416","1":"product","2":"type-product","3":"status-publish","4":"has-post-thumbnail","6":"product_brand-scott","7":"product_cat-pusaudzu-velosipedi-24-27-5","8":"product_cat-velosipedi","9":"product_tag-scott","10":"product_shipping_class-bernu-velosipedi","11":"pa_height-range-130-150cm","12":"pa_ramja-izmers-uni","13":"ts_product_brand-courier_only","15":"first","16":"instock","17":"sale","18":"taxable","19":"shipping-taxable","20":"purchasable","21":"product-type-simple"},"yoast_head":"<!-- This site is optimized with the Yoast SEO plugin v27.2 - https:\/\/yoast.com\/product\/yoast-seo-wordpress\/ -->\n<title>SCOTT CONTESSA 24 pusaud\u017eu velosip\u0113ds \u2013 Ide\u0101la izv\u0113le komfortabliem un dro\u0161iem piedz\u012bvojumiem | Velo Outlets<\/title>\n<meta name=\"description\" content=\"Ieg\u0101d\u0101jies SCOTT pusaud\u017eu velosip\u0113du no Velo Outlets! Izv\u0113lies kvalitat\u012bvus un uzticamus mode\u013cus, kas nodro\u0161ina augstu veiktsp\u0113ju, dro\u0161\u012bbu un komfortu.\" \/>\n<meta name=\"robots\" content=\"index, follow, max-snippet:-1, max-image-preview:large, max-video-preview:-1\" \/>\n<link rel=\"canonical\" href=\"https:\/\/velooutlets.com\/en\/product\/scott-contessa-24\/\" \/>\n<meta property=\"og:locale\" content=\"en_US\" \/>\n<meta property=\"og:type\" content=\"article\" \/>\n<meta property=\"og:title\" content=\"SCOTT CONTESSA 24 pusaud\u017eu velosip\u0113ds \u2013 Ide\u0101la izv\u0113le komfortabliem un dro\u0161iem piedz\u012bvojumiem | Velo Outlets\" \/>\n<meta property=\"og:description\" content=\"Ieg\u0101d\u0101jies SCOTT pusaud\u017eu velosip\u0113du no Velo Outlets! Izv\u0113lies kvalitat\u012bvus un uzticamus mode\u013cus, kas nodro\u0161ina augstu veiktsp\u0113ju, dro\u0161\u012bbu un komfortu.\" \/>\n<meta property=\"og:url\" content=\"https:\/\/velooutlets.com\/en\/product\/scott-contessa-24\/\" \/>\n<meta property=\"og:site_name\" content=\"Velo Outlets\" \/>\n<meta property=\"article:modified_time\" content=\"2026-03-25T08:42:05+00:00\" \/>\n<meta property=\"og:image\" content=\"https:\/\/velooutlets.com\/wp-content\/uploads\/2025\/10\/1000191774.jpg\" \/>\n\t<meta property=\"og:image:width\" content=\"2016\" \/>\n\t<meta property=\"og:image:height\" content=\"1512\" \/>\n\t<meta property=\"og:image:type\" content=\"image\/jpeg\" \/>\n<meta name=\"twitter:card\" content=\"summary_large_image\" \/>\n<meta name=\"twitter:label1\" content=\"Est. reading time\" \/>\n\t<meta name=\"twitter:data1\" content=\"1 minute\" \/>\n<script type=\"application\/ld+json\" class=\"yoast-schema-graph\">{\"@context\":\"https:\/\/schema.org\",\"@graph\":[{\"@type\":\"WebPage\",\"@id\":\"https:\/\/velooutlets.com\/products\/scott-contessa-24\/\",\"url\":\"https:\/\/velooutlets.com\/products\/scott-contessa-24\/\",\"name\":\"SCOTT CONTESSA 24 pusaud\u017eu velosip\u0113ds \u2013 Ide\u0101la izv\u0113le komfortabliem un dro\u0161iem piedz\u012bvojumiem | Velo Outlets\",\"isPartOf\":{\"@id\":\"https:\/\/velooutlets.com\/en\/#website\"},\"primaryImageOfPage\":{\"@id\":\"https:\/\/velooutlets.com\/products\/scott-contessa-24\/#primaryimage\"},\"image\":{\"@id\":\"https:\/\/velooutlets.com\/products\/scott-contessa-24\/#primaryimage\"},\"thumbnailUrl\":\"https:\/\/velooutlets.com\/wp-content\/uploads\/2025\/10\/1000191774.jpg\",\"datePublished\":\"2025-10-03T11:42:07+00:00\",\"dateModified\":\"2026-03-25T08:42:05+00:00\",\"description\":\"Ieg\u0101d\u0101jies SCOTT pusaud\u017eu velosip\u0113du no Velo Outlets! Izv\u0113lies kvalitat\u012bvus un uzticamus mode\u013cus, kas nodro\u0161ina augstu veiktsp\u0113ju, dro\u0161\u012bbu un komfortu.\",\"breadcrumb\":{\"@id\":\"https:\/\/velooutlets.com\/products\/scott-contessa-24\/#breadcrumb\"},\"inLanguage\":\"en-US\",\"potentialAction\":[{\"@type\":\"ReadAction\",\"target\":[\"https:\/\/velooutlets.com\/products\/scott-contessa-24\/\"]}]},{\"@type\":\"ImageObject\",\"inLanguage\":\"en-US\",\"@id\":\"https:\/\/velooutlets.com\/products\/scott-contessa-24\/#primaryimage\",\"url\":\"https:\/\/velooutlets.com\/wp-content\/uploads\/2025\/10\/1000191774.jpg\",\"contentUrl\":\"https:\/\/velooutlets.com\/wp-content\/uploads\/2025\/10\/1000191774.jpg\",\"width\":2016,\"height\":1512},{\"@type\":\"BreadcrumbList\",\"@id\":\"https:\/\/velooutlets.com\/products\/scott-contessa-24\/#breadcrumb\",\"itemListElement\":[{\"@type\":\"ListItem\",\"position\":1,\"name\":\"Home\",\"item\":\"https:\/\/velooutlets.com\/\"},{\"@type\":\"ListItem\",\"position\":2,\"name\":\"Veikals\",\"item\":\"https:\/\/velooutlets.com\/shop\/\"},{\"@type\":\"ListItem\",\"position\":3,\"name\":\"SCOTT CONTESSA 24\"}]},{\"@type\":\"WebSite\",\"@id\":\"https:\/\/velooutlets.com\/en\/#website\",\"url\":\"https:\/\/velooutlets.com\/en\/\",\"name\":\"Velo Outlets\",\"description\":\"Velosip\u0113di visai \u0123imenei\",\"potentialAction\":[{\"@type\":\"SearchAction\",\"target\":{\"@type\":\"EntryPoint\",\"urlTemplate\":\"https:\/\/velooutlets.com\/en\/?s={search_term_string}\"},\"query-input\":{\"@type\":\"PropertyValueSpecification\",\"valueRequired\":true,\"valueName\":\"search_term_string\"}}],\"inLanguage\":\"en-US\"}]}<\/script>\n<!-- \/ Yoast SEO plugin. -->","yoast_head_json":{"title":"SCOTT CONTESSA 24 pusaud\u017eu velosip\u0113ds \u2013 Ide\u0101la izv\u0113le komfortabliem un dro\u0161iem piedz\u012bvojumiem | Velo Outlets","description":"Ieg\u0101d\u0101jies SCOTT pusaud\u017eu velosip\u0113du no Velo Outlets! Izv\u0113lies kvalitat\u012bvus un uzticamus mode\u013cus, kas nodro\u0161ina augstu veiktsp\u0113ju, dro\u0161\u012bbu un komfortu.","robots":{"index":"index","follow":"follow","max-snippet":"max-snippet:-1","max-image-preview":"max-image-preview:large","max-video-preview":"max-video-preview:-1"},"canonical":"https:\/\/velooutlets.com\/en\/product\/scott-contessa-24\/","og_locale":"en_US","og_type":"article","og_title":"SCOTT CONTESSA 24 pusaud\u017eu velosip\u0113ds \u2013 Ide\u0101la izv\u0113le komfortabliem un dro\u0161iem piedz\u012bvojumiem | Velo Outlets","og_description":"Ieg\u0101d\u0101jies SCOTT pusaud\u017eu velosip\u0113du no Velo Outlets! Izv\u0113lies kvalitat\u012bvus un uzticamus mode\u013cus, kas nodro\u0161ina augstu veiktsp\u0113ju, dro\u0161\u012bbu un komfortu.","og_url":"https:\/\/velooutlets.com\/en\/product\/scott-contessa-24\/","og_site_name":"Velo Outlets","article_modified_time":"2026-03-25T08:42:05+00:00","og_image":[{"width":2016,"height":1512,"url":"https:\/\/velooutlets.com\/wp-content\/uploads\/2025\/10\/1000191774.jpg","type":"image\/jpeg"}],"twitter_card":"summary_large_image","twitter_misc":{"Est. reading time":"1 minute"},"schema":{"@context":"https:\/\/schema.org","@graph":[{"@type":"WebPage","@id":"https:\/\/velooutlets.com\/products\/scott-contessa-24\/","url":"https:\/\/velooutlets.com\/products\/scott-contessa-24\/","name":"SCOTT CONTESSA 24 pusaud\u017eu velosip\u0113ds \u2013 Ide\u0101la izv\u0113le komfortabliem un dro\u0161iem piedz\u012bvojumiem | Velo Outlets","isPartOf":{"@id":"https:\/\/velooutlets.com\/en\/#website"},"primaryImageOfPage":{"@id":"https:\/\/velooutlets.com\/products\/scott-contessa-24\/#primaryimage"},"image":{"@id":"https:\/\/velooutlets.com\/products\/scott-contessa-24\/#primaryimage"},"thumbnailUrl":"https:\/\/velooutlets.com\/wp-content\/uploads\/2025\/10\/1000191774.jpg","datePublished":"2025-10-03T11:42:07+00:00","dateModified":"2026-03-25T08:42:05+00:00","description":"Ieg\u0101d\u0101jies SCOTT pusaud\u017eu velosip\u0113du no Velo Outlets! Izv\u0113lies kvalitat\u012bvus un uzticamus mode\u013cus, kas nodro\u0161ina augstu veiktsp\u0113ju, dro\u0161\u012bbu un komfortu.","breadcrumb":{"@id":"https:\/\/velooutlets.com\/products\/scott-contessa-24\/#breadcrumb"},"inLanguage":"en-US","potentialAction":[{"@type":"ReadAction","target":["https:\/\/velooutlets.com\/products\/scott-contessa-24\/"]}]},{"@type":"ImageObject","inLanguage":"en-US","@id":"https:\/\/velooutlets.com\/products\/scott-contessa-24\/#primaryimage","url":"https:\/\/velooutlets.com\/wp-content\/uploads\/2025\/10\/1000191774.jpg","contentUrl":"https:\/\/velooutlets.com\/wp-content\/uploads\/2025\/10\/1000191774.jpg","width":2016,"height":1512},{"@type":"BreadcrumbList","@id":"https:\/\/velooutlets.com\/products\/scott-contessa-24\/#breadcrumb","itemListElement":[{"@type":"ListItem","position":1,"name":"Home","item":"https:\/\/velooutlets.com\/"},{"@type":"ListItem","position":2,"name":"Veikals","item":"https:\/\/velooutlets.com\/shop\/"},{"@type":"ListItem","position":3,"name":"SCOTT CONTESSA 24"}]},{"@type":"WebSite","@id":"https:\/\/velooutlets.com\/en\/#website","url":"https:\/\/velooutlets.com\/en\/","name":"Velo Outlets","description":"Velosip\u0113di visai \u0123imenei","potentialAction":[{"@type":"SearchAction","target":{"@type":"EntryPoint","urlTemplate":"https:\/\/velooutlets.com\/en\/?s={search_term_string}"},"query-input":{"@type":"PropertyValueSpecification","valueRequired":true,"valueName":"search_term_string"}}],"inLanguage":"en-US"}]}},"jetpack_sharing_enabled":true,"_links":{"self":[{"href":"https:\/\/velooutlets.com\/en\/wp-json\/wp\/v2\/product\/9416","targetHints":{"allow":["GET"]}}],"collection":[{"href":"https:\/\/velooutlets.com\/en\/wp-json\/wp\/v2\/product"}],"about":[{"href":"https:\/\/velooutlets.com\/en\/wp-json\/wp\/v2\/types\/product"}],"wp:featuredmedia":[{"embeddable":true,"href":"https:\/\/velooutlets.com\/en\/wp-json\/wp\/v2\/media\/35679"}],"wp:attachment":[{"href":"https:\/\/velooutlets.com\/en\/wp-json\/wp\/v2\/media?parent=9416"}],"wp:term":[{"taxonomy":"product_brand","embeddable":true,"href":"https:\/\/velooutlets.com\/en\/wp-json\/wp\/v2\/product_brand?post=9416"},{"taxonomy":"product_cat","embeddable":true,"href":"https:\/\/velooutlets.com\/en\/wp-json\/wp\/v2\/product_cat?post=9416"},{"taxonomy":"product_tag","embeddable":true,"href":"https:\/\/velooutlets.com\/en\/wp-json\/wp\/v2\/product_tag?post=9416"}],"curies":[{"name":"wp","href":"https:\/\/api.w.org\/{rel}","templated":true}]}}