{"id":9423,"date":"2025-10-03T14:42:12","date_gmt":"2025-10-03T11:42:12","guid":{"rendered":"https:\/\/staging.velooutlets.com\/product\/scott-contessa-active-40-purple\/"},"modified":"2026-04-16T13:46:45","modified_gmt":"2026-04-16T10:46:45","slug":"scott-contessa-active-40-purple","status":"publish","type":"product","link":"https:\/\/velooutlets.com\/en\/product\/scott-contessa-active-40-purple\/","title":{"rendered":"SCOTT Contessa Active 40 Purple"},"content":{"rendered":"<div class=\"flex max-w-full flex-col flex-grow\">\n<div class=\"min-h-8 text-message flex w-full flex-col items-end gap-2 whitespace-normal break-words [.text-message+&amp;]:mt-5\" dir=\"auto\" data-message-author-role=\"assistant\" data-message-id=\"a4233b14-48b4-4c4a-a2a7-24c7f897ac05\" data-message-model-slug=\"gpt-4o\">\n<div class=\"flex w-full flex-col gap-1 empty:hidden first:pt-[3px]\">\n<div class=\"markdown prose w-full break-words dark:prose-invert dark\">\n<div class=\"flex max-w-full flex-col flex-grow\">\n<div class=\"min-h-8 text-message flex w-full flex-col items-end gap-2 whitespace-normal break-words [.text-message+&amp;]:mt-5\" dir=\"auto\" data-message-author-role=\"assistant\" data-message-id=\"28920f8d-aca7-445d-9ff5-7885f6a4d644\" data-message-model-slug=\"gpt-4o\">\n<div class=\"flex w-full flex-col gap-1 empty:hidden first:pt-[3px]\">\n<div class=\"markdown prose w-full break-words dark:prose-invert dark\">\n<p data-start=\"2877\" data-end=\"3165\">Scott Contessa Active 40 ir viegls Hardtail kalnu velosip\u0113ds, kas piem\u0113rots gan ikdienas izbraucieniem, gan gar\u0101kiem MTB piedz\u012bvojumiem. Alum\u012bnija r\u0101mis nodro\u0161ina iztur\u012bbu un stabilit\u0101ti, bet Suntour XCT30-HLO dak\u0161a ar 100 mm g\u0101jienu absorb\u0113 nel\u012bdzenumus, padarot brauk\u0161anu komfortablu.<\/p>\n<p data-start=\"3167\" data-end=\"3560\">18 p\u0101rnesumu sist\u0113ma ar Shimano Altus nodro\u0161ina vienk\u0101r\u0161u un prec\u012bzu p\u0101rsl\u0113g\u0161anos, savuk\u0101rt hidraulisk\u0101s Tektro HDM276 disku bremzes garant\u0113 dro\u0161u apst\u0101\u0161anos. Kenda Booster 2.4 collu riepas pied\u0101v\u0101 labu sa\u0137eri un komfortu da\u017e\u0101dos ce\u013ca apst\u0101k\u013cos. Scott Contessa Active 40 ir lielisks kalnu velosip\u0113ds, kas apvieno veiktsp\u0113ju, komfortu un uzticam\u012bbu, padarot katru braucienu pat\u012bkamu un dro\u0161u.<\/p>\n<\/div>\n<\/div>\n<\/div>\n<\/div>\n<\/div>\n<\/div>\n<\/div>\n<\/div>\n","protected":false},"excerpt":{"rendered":"<p>Scott Contessa Active 40 ir viegls Hardtail kalnu velosip\u0113ds, kas piem\u0113rots gan ikdienas izbraucieniem, gan gar\u0101kiem MTB piedz\u012bvojumiem. Alum\u012bnija r\u0101mis nodro\u0161ina iztur\u012bbu un stabilit\u0101ti, bet Suntour XCT30-HLO dak\u0161a ar 100 mm g\u0101jienu absorb\u0113 nel\u012bdzenumus, padarot brauk\u0161anu komfortablu. 18 p\u0101rnesumu sist\u0113ma ar Shimano Altus nodro\u0161ina vienk\u0101r\u0161u un prec\u012bzu p\u0101rsl\u0113g\u0161anos, savuk\u0101rt hidraulisk\u0101s Tektro HDM276 disku bremzes garant\u0113 [&hellip;]<\/p>\n","protected":false},"featured_media":38154,"template":"","meta":{"_monsterinsights_skip_tracking":false,"_monsterinsights_sitenote_active":false,"_monsterinsights_sitenote_note":"","_monsterinsights_sitenote_category":0,"_iconic_wsb_product_page_order_bump_ids":[[]],"_sku":["8923306885387"],"_iconic_wsb_product_page_bump_modal_ids":[[]]},"product_brand":[872],"product_cat":[980,1127],"product_tag":[1522],"class_list":{"0":"post-9423","1":"product","2":"type-product","3":"status-publish","4":"has-post-thumbnail","6":"product_brand-scott","7":"product_cat-kalnu-velosipedi","8":"product_cat-velosipedi","9":"product_tag-scott","10":"product_shipping_class-pieauguso-velosipedi","11":"pa_ramja-izmers-l","12":"pa_ramja-izmers-m","13":"ts_product_brand-courier_only","15":"first","16":"instock","17":"sale","18":"taxable","19":"shipping-taxable","20":"purchasable","21":"product-type-variable","22":"has-default-attributes","23":"wvs-archive-product-wrapper"},"yoast_head":"<!-- This site is optimized with the Yoast SEO plugin v27.2 - https:\/\/yoast.com\/product\/yoast-seo-wordpress\/ -->\n<title>SCOTT Contessa Active 40 \u2013 Ide\u0101li piem\u0113rots kalniem un gr\u016bt\u0101k\u0101m tras\u0113m, uzticama izv\u0113le | Velo Outlets<\/title>\n<meta name=\"description\" content=\"SCOTT velosip\u0113di Velo Outlets: Ieg\u0101d\u0101jies \u0161osejas, kalnu vai gravel velosip\u0113du ar augstu veiktsp\u0113ju un komfortu da\u017e\u0101d\u0101s brauk\u0161anas situ\u0101cij\u0101s.\" \/>\n<meta name=\"robots\" content=\"index, follow, max-snippet:-1, max-image-preview:large, max-video-preview:-1\" \/>\n<link rel=\"canonical\" href=\"https:\/\/velooutlets.com\/en\/product\/scott-contessa-active-40-purple\/\" \/>\n<meta property=\"og:locale\" content=\"en_US\" \/>\n<meta property=\"og:type\" content=\"article\" \/>\n<meta property=\"og:title\" content=\"SCOTT Contessa Active 40 \u2013 Ide\u0101li piem\u0113rots kalniem un gr\u016bt\u0101k\u0101m tras\u0113m, uzticama izv\u0113le | Velo Outlets\" \/>\n<meta property=\"og:description\" content=\"SCOTT velosip\u0113di Velo Outlets: Ieg\u0101d\u0101jies \u0161osejas, kalnu vai gravel velosip\u0113du ar augstu veiktsp\u0113ju un komfortu da\u017e\u0101d\u0101s brauk\u0161anas situ\u0101cij\u0101s.\" \/>\n<meta property=\"og:url\" content=\"https:\/\/velooutlets.com\/en\/product\/scott-contessa-active-40-purple\/\" \/>\n<meta property=\"og:site_name\" content=\"Velo Outlets\" \/>\n<meta property=\"article:modified_time\" content=\"2026-04-16T10:46:45+00:00\" \/>\n<meta property=\"og:image\" content=\"https:\/\/velooutlets.com\/wp-content\/uploads\/2025\/10\/1000191776.jpg\" \/>\n\t<meta property=\"og:image:width\" content=\"2016\" \/>\n\t<meta property=\"og:image:height\" content=\"1512\" \/>\n\t<meta property=\"og:image:type\" content=\"image\/jpeg\" \/>\n<meta name=\"twitter:card\" content=\"summary_large_image\" \/>\n<meta name=\"twitter:label1\" content=\"Est. reading time\" \/>\n\t<meta name=\"twitter:data1\" content=\"1 minute\" \/>\n<script type=\"application\/ld+json\" class=\"yoast-schema-graph\">{\"@context\":\"https:\/\/schema.org\",\"@graph\":[{\"@type\":\"WebPage\",\"@id\":\"https:\/\/velooutlets.com\/products\/scott-contessa-active-40-purple\/\",\"url\":\"https:\/\/velooutlets.com\/products\/scott-contessa-active-40-purple\/\",\"name\":\"SCOTT Contessa Active 40 \u2013 Ide\u0101li piem\u0113rots kalniem un gr\u016bt\u0101k\u0101m tras\u0113m, uzticama izv\u0113le | Velo Outlets\",\"isPartOf\":{\"@id\":\"https:\/\/velooutlets.com\/en\/#website\"},\"primaryImageOfPage\":{\"@id\":\"https:\/\/velooutlets.com\/products\/scott-contessa-active-40-purple\/#primaryimage\"},\"image\":{\"@id\":\"https:\/\/velooutlets.com\/products\/scott-contessa-active-40-purple\/#primaryimage\"},\"thumbnailUrl\":\"https:\/\/velooutlets.com\/wp-content\/uploads\/2025\/10\/1000200119.jpg\",\"datePublished\":\"2025-10-03T11:42:12+00:00\",\"dateModified\":\"2026-04-16T10:46:45+00:00\",\"description\":\"SCOTT velosip\u0113di Velo Outlets: Ieg\u0101d\u0101jies \u0161osejas, kalnu vai gravel velosip\u0113du ar augstu veiktsp\u0113ju un komfortu da\u017e\u0101d\u0101s brauk\u0161anas situ\u0101cij\u0101s.\",\"breadcrumb\":{\"@id\":\"https:\/\/velooutlets.com\/products\/scott-contessa-active-40-purple\/#breadcrumb\"},\"inLanguage\":\"en-US\",\"potentialAction\":[{\"@type\":\"ReadAction\",\"target\":[\"https:\/\/velooutlets.com\/products\/scott-contessa-active-40-purple\/\"]}]},{\"@type\":\"ImageObject\",\"inLanguage\":\"en-US\",\"@id\":\"https:\/\/velooutlets.com\/products\/scott-contessa-active-40-purple\/#primaryimage\",\"url\":\"https:\/\/velooutlets.com\/wp-content\/uploads\/2025\/10\/1000200119.jpg\",\"contentUrl\":\"https:\/\/velooutlets.com\/wp-content\/uploads\/2025\/10\/1000200119.jpg\",\"width\":1024,\"height\":653},{\"@type\":\"BreadcrumbList\",\"@id\":\"https:\/\/velooutlets.com\/products\/scott-contessa-active-40-purple\/#breadcrumb\",\"itemListElement\":[{\"@type\":\"ListItem\",\"position\":1,\"name\":\"Home\",\"item\":\"https:\/\/velooutlets.com\/\"},{\"@type\":\"ListItem\",\"position\":2,\"name\":\"Veikals\",\"item\":\"https:\/\/velooutlets.com\/shop\/\"},{\"@type\":\"ListItem\",\"position\":3,\"name\":\"SCOTT Contessa Active 40 Purple\"}]},{\"@type\":\"WebSite\",\"@id\":\"https:\/\/velooutlets.com\/en\/#website\",\"url\":\"https:\/\/velooutlets.com\/en\/\",\"name\":\"Velo Outlets\",\"description\":\"Velosip\u0113di visai \u0123imenei\",\"potentialAction\":[{\"@type\":\"SearchAction\",\"target\":{\"@type\":\"EntryPoint\",\"urlTemplate\":\"https:\/\/velooutlets.com\/en\/?s={search_term_string}\"},\"query-input\":{\"@type\":\"PropertyValueSpecification\",\"valueRequired\":true,\"valueName\":\"search_term_string\"}}],\"inLanguage\":\"en-US\"}]}<\/script>\n<!-- \/ Yoast SEO plugin. -->","yoast_head_json":{"title":"SCOTT Contessa Active 40 \u2013 Ide\u0101li piem\u0113rots kalniem un gr\u016bt\u0101k\u0101m tras\u0113m, uzticama izv\u0113le | Velo Outlets","description":"SCOTT velosip\u0113di Velo Outlets: Ieg\u0101d\u0101jies \u0161osejas, kalnu vai gravel velosip\u0113du ar augstu veiktsp\u0113ju un komfortu da\u017e\u0101d\u0101s brauk\u0161anas situ\u0101cij\u0101s.","robots":{"index":"index","follow":"follow","max-snippet":"max-snippet:-1","max-image-preview":"max-image-preview:large","max-video-preview":"max-video-preview:-1"},"canonical":"https:\/\/velooutlets.com\/en\/product\/scott-contessa-active-40-purple\/","og_locale":"en_US","og_type":"article","og_title":"SCOTT Contessa Active 40 \u2013 Ide\u0101li piem\u0113rots kalniem un gr\u016bt\u0101k\u0101m tras\u0113m, uzticama izv\u0113le | Velo Outlets","og_description":"SCOTT velosip\u0113di Velo Outlets: Ieg\u0101d\u0101jies \u0161osejas, kalnu vai gravel velosip\u0113du ar augstu veiktsp\u0113ju un komfortu da\u017e\u0101d\u0101s brauk\u0161anas situ\u0101cij\u0101s.","og_url":"https:\/\/velooutlets.com\/en\/product\/scott-contessa-active-40-purple\/","og_site_name":"Velo Outlets","article_modified_time":"2026-04-16T10:46:45+00:00","og_image":[{"width":2016,"height":1512,"url":"https:\/\/velooutlets.com\/wp-content\/uploads\/2025\/10\/1000191776.jpg","type":"image\/jpeg"}],"twitter_card":"summary_large_image","twitter_misc":{"Est. reading time":"1 minute"},"schema":{"@context":"https:\/\/schema.org","@graph":[{"@type":"WebPage","@id":"https:\/\/velooutlets.com\/products\/scott-contessa-active-40-purple\/","url":"https:\/\/velooutlets.com\/products\/scott-contessa-active-40-purple\/","name":"SCOTT Contessa Active 40 \u2013 Ide\u0101li piem\u0113rots kalniem un gr\u016bt\u0101k\u0101m tras\u0113m, uzticama izv\u0113le | Velo Outlets","isPartOf":{"@id":"https:\/\/velooutlets.com\/en\/#website"},"primaryImageOfPage":{"@id":"https:\/\/velooutlets.com\/products\/scott-contessa-active-40-purple\/#primaryimage"},"image":{"@id":"https:\/\/velooutlets.com\/products\/scott-contessa-active-40-purple\/#primaryimage"},"thumbnailUrl":"https:\/\/velooutlets.com\/wp-content\/uploads\/2025\/10\/1000200119.jpg","datePublished":"2025-10-03T11:42:12+00:00","dateModified":"2026-04-16T10:46:45+00:00","description":"SCOTT velosip\u0113di Velo Outlets: Ieg\u0101d\u0101jies \u0161osejas, kalnu vai gravel velosip\u0113du ar augstu veiktsp\u0113ju un komfortu da\u017e\u0101d\u0101s brauk\u0161anas situ\u0101cij\u0101s.","breadcrumb":{"@id":"https:\/\/velooutlets.com\/products\/scott-contessa-active-40-purple\/#breadcrumb"},"inLanguage":"en-US","potentialAction":[{"@type":"ReadAction","target":["https:\/\/velooutlets.com\/products\/scott-contessa-active-40-purple\/"]}]},{"@type":"ImageObject","inLanguage":"en-US","@id":"https:\/\/velooutlets.com\/products\/scott-contessa-active-40-purple\/#primaryimage","url":"https:\/\/velooutlets.com\/wp-content\/uploads\/2025\/10\/1000200119.jpg","contentUrl":"https:\/\/velooutlets.com\/wp-content\/uploads\/2025\/10\/1000200119.jpg","width":1024,"height":653},{"@type":"BreadcrumbList","@id":"https:\/\/velooutlets.com\/products\/scott-contessa-active-40-purple\/#breadcrumb","itemListElement":[{"@type":"ListItem","position":1,"name":"Home","item":"https:\/\/velooutlets.com\/"},{"@type":"ListItem","position":2,"name":"Veikals","item":"https:\/\/velooutlets.com\/shop\/"},{"@type":"ListItem","position":3,"name":"SCOTT Contessa Active 40 Purple"}]},{"@type":"WebSite","@id":"https:\/\/velooutlets.com\/en\/#website","url":"https:\/\/velooutlets.com\/en\/","name":"Velo Outlets","description":"Velosip\u0113di visai \u0123imenei","potentialAction":[{"@type":"SearchAction","target":{"@type":"EntryPoint","urlTemplate":"https:\/\/velooutlets.com\/en\/?s={search_term_string}"},"query-input":{"@type":"PropertyValueSpecification","valueRequired":true,"valueName":"search_term_string"}}],"inLanguage":"en-US"}]}},"jetpack_sharing_enabled":true,"_links":{"self":[{"href":"https:\/\/velooutlets.com\/en\/wp-json\/wp\/v2\/product\/9423","targetHints":{"allow":["GET"]}}],"collection":[{"href":"https:\/\/velooutlets.com\/en\/wp-json\/wp\/v2\/product"}],"about":[{"href":"https:\/\/velooutlets.com\/en\/wp-json\/wp\/v2\/types\/product"}],"wp:featuredmedia":[{"embeddable":true,"href":"https:\/\/velooutlets.com\/en\/wp-json\/wp\/v2\/media\/38154"}],"wp:attachment":[{"href":"https:\/\/velooutlets.com\/en\/wp-json\/wp\/v2\/media?parent=9423"}],"wp:term":[{"taxonomy":"product_brand","embeddable":true,"href":"https:\/\/velooutlets.com\/en\/wp-json\/wp\/v2\/product_brand?post=9423"},{"taxonomy":"product_cat","embeddable":true,"href":"https:\/\/velooutlets.com\/en\/wp-json\/wp\/v2\/product_cat?post=9423"},{"taxonomy":"product_tag","embeddable":true,"href":"https:\/\/velooutlets.com\/en\/wp-json\/wp\/v2\/product_tag?post=9423"}],"curies":[{"name":"wp","href":"https:\/\/api.w.org\/{rel}","templated":true}]}}