{"id":9461,"date":"2025-10-03T11:42:26","date_gmt":"2025-10-03T11:42:26","guid":{"rendered":"https:\/\/staging.velooutlets.com\/product\/scott-contrail-200-indigo-blue-2026\/"},"modified":"2026-04-17T10:25:43","modified_gmt":"2026-04-17T07:25:43","slug":"scott-contrail-200-indigo-blue-2026","status":"publish","type":"product","link":"https:\/\/velooutlets.com\/en\/product\/scott-contrail-200-indigo-blue-2026\/","title":{"rendered":"Scott Contrail 200 Indigo Blue 2026"},"content":{"rendered":"<p>The Scott Contrail 200 - Indigo Blue (2026) is a lightweight and high quality 20\" children's bike designed for children aged 5-7 years. Technically identical to the Sulphur Green version, but with the elegant Indigo Blue colour.<\/p>\n<p>The bike features a lightweight Alloy 6061 aluminium frame and a rigid fork for stable handling and low weight. The 7-speed Shimano Tourney gear system with Revo derailleur allows your child to comfortably adapt the ride to different conditions, while the Tektro V-brakes with child-friendly grips guarantee safe and controlled braking.<\/p>\n<p>Quality components, a double chain guard, wide Kenda tyres and a total weight of around 7.9 kg make this model a great choice for safe and confident everyday riding.<\/p>","protected":false},"excerpt":{"rendered":"<p>Scott Contrail 200 \u2013 Indigo Blue (2026) ir viegls un kvalitat\u012bvs 20 collu b\u0113rnu velosip\u0113ds, kas paredz\u0113ts b\u0113rniem aptuveni 5\u20137 gadu vecum\u0101. Tehniski tas ir identisks Sulphur Green versijai, at\u0161\u0137iroties ar eleganto Indigo Blue kr\u0101su. Velosip\u0113ds apr\u012bkots ar vieglu Alloy 6061 alum\u012bnija r\u0101mi un cieto dak\u0161u, kas nodro\u0161ina stabilu vad\u0101m\u012bbu un mazu svaru. 7 \u0101trumu [&hellip;]<\/p>\n","protected":false},"featured_media":10467,"template":"","meta":{"_monsterinsights_skip_tracking":false,"_monsterinsights_sitenote_active":false,"_monsterinsights_sitenote_note":"","_monsterinsights_sitenote_category":0,"_iconic_wsb_product_page_order_bump_ids":[],"_sku":["10669115310347"],"_iconic_wsb_product_page_bump_modal_ids":[]},"product_brand":[872],"product_cat":[932,1065,1127],"product_tag":[1522],"class_list":{"0":"post-9461","1":"product","2":"type-product","3":"status-publish","4":"has-post-thumbnail","6":"product_brand-scott","7":"product_cat-bernu-velosipedi","8":"product_cat-scott-2026","9":"product_cat-velosipedi","10":"product_tag-scott","11":"product_shipping_class-bernu-velosipedi","12":"pa_height-range-115-135cm","13":"pa_materials-aluminija-ramis","14":"pa_ramja-izmers-uni","15":"pa_razosanas-gads-1253","16":"ts_product_brand-courier_only","18":"first","19":"instock","20":"sale","21":"taxable","22":"shipping-taxable","23":"purchasable","24":"product-type-simple"},"yoast_head":"<!-- This site is optimized with the Yoast SEO plugin v27.2 - https:\/\/yoast.com\/product\/yoast-seo-wordpress\/ -->\n<title>Scott Contrail 200 Indigo Blue 2026 - Velo Outlets<\/title>\n<meta name=\"robots\" content=\"index, follow, max-snippet:-1, max-image-preview:large, max-video-preview:-1\" \/>\n<link rel=\"canonical\" href=\"https:\/\/velooutlets.com\/en\/product\/scott-contrail-200-indigo-blue-2026\/\" \/>\n<meta property=\"og:locale\" content=\"en_US\" \/>\n<meta property=\"og:type\" content=\"article\" \/>\n<meta property=\"og:title\" content=\"Scott Contrail 200 Indigo Blue 2026 - Velo Outlets\" \/>\n<meta property=\"og:description\" content=\"Scott Contrail 200 \u2013 Indigo Blue (2026) ir viegls un kvalitat\u012bvs 20 collu b\u0113rnu velosip\u0113ds, kas paredz\u0113ts b\u0113rniem aptuveni 5\u20137 gadu vecum\u0101. Tehniski tas ir identisks Sulphur Green versijai, at\u0161\u0137iroties ar eleganto Indigo Blue kr\u0101su. Velosip\u0113ds apr\u012bkots ar vieglu Alloy 6061 alum\u012bnija r\u0101mi un cieto dak\u0161u, kas nodro\u0161ina stabilu vad\u0101m\u012bbu un mazu svaru. 7 \u0101trumu [&hellip;]\" \/>\n<meta property=\"og:url\" content=\"https:\/\/velooutlets.com\/en\/product\/scott-contrail-200-indigo-blue-2026\/\" \/>\n<meta property=\"og:site_name\" content=\"Velo Outlets\" \/>\n<meta property=\"article:modified_time\" content=\"2026-04-17T07:25:43+00:00\" \/>\n<meta property=\"og:image\" content=\"https:\/\/velooutlets.com\/wp-content\/uploads\/2025\/10\/Ekranuznemums2025-08-13160843.jpg\" \/>\n\t<meta property=\"og:image:width\" content=\"1042\" \/>\n\t<meta property=\"og:image:height\" content=\"740\" \/>\n\t<meta property=\"og:image:type\" content=\"image\/jpeg\" \/>\n<meta name=\"twitter:card\" content=\"summary_large_image\" \/>\n<meta name=\"twitter:label1\" content=\"Est. reading time\" \/>\n\t<meta name=\"twitter:data1\" content=\"1 minute\" \/>\n<script type=\"application\/ld+json\" class=\"yoast-schema-graph\">{\"@context\":\"https:\/\/schema.org\",\"@graph\":[{\"@type\":\"WebPage\",\"@id\":\"https:\/\/velooutlets.com\/products\/scott-contrail-200-indigo-blue-2026\/\",\"url\":\"https:\/\/velooutlets.com\/products\/scott-contrail-200-indigo-blue-2026\/\",\"name\":\"Scott Contrail 200 Indigo Blue 2026 - Velo Outlets\",\"isPartOf\":{\"@id\":\"https:\/\/velooutlets.com\/en\/#website\"},\"primaryImageOfPage\":{\"@id\":\"https:\/\/velooutlets.com\/products\/scott-contrail-200-indigo-blue-2026\/#primaryimage\"},\"image\":{\"@id\":\"https:\/\/velooutlets.com\/products\/scott-contrail-200-indigo-blue-2026\/#primaryimage\"},\"thumbnailUrl\":\"https:\/\/velooutlets.com\/wp-content\/uploads\/2025\/10\/Ekranuznemums2025-08-13160843.jpg\",\"datePublished\":\"2025-10-03T11:42:26+00:00\",\"dateModified\":\"2026-04-17T07:25:43+00:00\",\"breadcrumb\":{\"@id\":\"https:\/\/velooutlets.com\/products\/scott-contrail-200-indigo-blue-2026\/#breadcrumb\"},\"inLanguage\":\"en-US\",\"potentialAction\":[{\"@type\":\"ReadAction\",\"target\":[\"https:\/\/velooutlets.com\/products\/scott-contrail-200-indigo-blue-2026\/\"]}]},{\"@type\":\"ImageObject\",\"inLanguage\":\"en-US\",\"@id\":\"https:\/\/velooutlets.com\/products\/scott-contrail-200-indigo-blue-2026\/#primaryimage\",\"url\":\"https:\/\/velooutlets.com\/wp-content\/uploads\/2025\/10\/Ekranuznemums2025-08-13160843.jpg\",\"contentUrl\":\"https:\/\/velooutlets.com\/wp-content\/uploads\/2025\/10\/Ekranuznemums2025-08-13160843.jpg\",\"width\":1042,\"height\":740},{\"@type\":\"BreadcrumbList\",\"@id\":\"https:\/\/velooutlets.com\/products\/scott-contrail-200-indigo-blue-2026\/#breadcrumb\",\"itemListElement\":[{\"@type\":\"ListItem\",\"position\":1,\"name\":\"Home\",\"item\":\"https:\/\/velooutlets.com\/\"},{\"@type\":\"ListItem\",\"position\":2,\"name\":\"Veikals\",\"item\":\"https:\/\/velooutlets.com\/shop\/\"},{\"@type\":\"ListItem\",\"position\":3,\"name\":\"Scott Contrail 200 Indigo Blue 2026\"}]},{\"@type\":\"WebSite\",\"@id\":\"https:\/\/velooutlets.com\/en\/#website\",\"url\":\"https:\/\/velooutlets.com\/en\/\",\"name\":\"Velo Outlets\",\"description\":\"Velosip\u0113di visai \u0123imenei\",\"potentialAction\":[{\"@type\":\"SearchAction\",\"target\":{\"@type\":\"EntryPoint\",\"urlTemplate\":\"https:\/\/velooutlets.com\/en\/?s={search_term_string}\"},\"query-input\":{\"@type\":\"PropertyValueSpecification\",\"valueRequired\":true,\"valueName\":\"search_term_string\"}}],\"inLanguage\":\"en-US\"}]}<\/script>\n<!-- \/ Yoast SEO plugin. -->","yoast_head_json":{"title":"Scott Contrail 200 Indigo Blue 2026 - Velo Outlets","robots":{"index":"index","follow":"follow","max-snippet":"max-snippet:-1","max-image-preview":"max-image-preview:large","max-video-preview":"max-video-preview:-1"},"canonical":"https:\/\/velooutlets.com\/en\/product\/scott-contrail-200-indigo-blue-2026\/","og_locale":"en_US","og_type":"article","og_title":"Scott Contrail 200 Indigo Blue 2026 - Velo Outlets","og_description":"Scott Contrail 200 \u2013 Indigo Blue (2026) ir viegls un kvalitat\u012bvs 20 collu b\u0113rnu velosip\u0113ds, kas paredz\u0113ts b\u0113rniem aptuveni 5\u20137 gadu vecum\u0101. Tehniski tas ir identisks Sulphur Green versijai, at\u0161\u0137iroties ar eleganto Indigo Blue kr\u0101su. Velosip\u0113ds apr\u012bkots ar vieglu Alloy 6061 alum\u012bnija r\u0101mi un cieto dak\u0161u, kas nodro\u0161ina stabilu vad\u0101m\u012bbu un mazu svaru. 7 \u0101trumu [&hellip;]","og_url":"https:\/\/velooutlets.com\/en\/product\/scott-contrail-200-indigo-blue-2026\/","og_site_name":"Velo Outlets","article_modified_time":"2026-04-17T07:25:43+00:00","og_image":[{"width":1042,"height":740,"url":"https:\/\/velooutlets.com\/wp-content\/uploads\/2025\/10\/Ekranuznemums2025-08-13160843.jpg","type":"image\/jpeg"}],"twitter_card":"summary_large_image","twitter_misc":{"Est. reading time":"1 minute"},"schema":{"@context":"https:\/\/schema.org","@graph":[{"@type":"WebPage","@id":"https:\/\/velooutlets.com\/products\/scott-contrail-200-indigo-blue-2026\/","url":"https:\/\/velooutlets.com\/products\/scott-contrail-200-indigo-blue-2026\/","name":"Scott Contrail 200 Indigo Blue 2026 - Velo Outlets","isPartOf":{"@id":"https:\/\/velooutlets.com\/en\/#website"},"primaryImageOfPage":{"@id":"https:\/\/velooutlets.com\/products\/scott-contrail-200-indigo-blue-2026\/#primaryimage"},"image":{"@id":"https:\/\/velooutlets.com\/products\/scott-contrail-200-indigo-blue-2026\/#primaryimage"},"thumbnailUrl":"https:\/\/velooutlets.com\/wp-content\/uploads\/2025\/10\/Ekranuznemums2025-08-13160843.jpg","datePublished":"2025-10-03T11:42:26+00:00","dateModified":"2026-04-17T07:25:43+00:00","breadcrumb":{"@id":"https:\/\/velooutlets.com\/products\/scott-contrail-200-indigo-blue-2026\/#breadcrumb"},"inLanguage":"en-US","potentialAction":[{"@type":"ReadAction","target":["https:\/\/velooutlets.com\/products\/scott-contrail-200-indigo-blue-2026\/"]}]},{"@type":"ImageObject","inLanguage":"en-US","@id":"https:\/\/velooutlets.com\/products\/scott-contrail-200-indigo-blue-2026\/#primaryimage","url":"https:\/\/velooutlets.com\/wp-content\/uploads\/2025\/10\/Ekranuznemums2025-08-13160843.jpg","contentUrl":"https:\/\/velooutlets.com\/wp-content\/uploads\/2025\/10\/Ekranuznemums2025-08-13160843.jpg","width":1042,"height":740},{"@type":"BreadcrumbList","@id":"https:\/\/velooutlets.com\/products\/scott-contrail-200-indigo-blue-2026\/#breadcrumb","itemListElement":[{"@type":"ListItem","position":1,"name":"Home","item":"https:\/\/velooutlets.com\/"},{"@type":"ListItem","position":2,"name":"Veikals","item":"https:\/\/velooutlets.com\/shop\/"},{"@type":"ListItem","position":3,"name":"Scott Contrail 200 Indigo Blue 2026"}]},{"@type":"WebSite","@id":"https:\/\/velooutlets.com\/en\/#website","url":"https:\/\/velooutlets.com\/en\/","name":"Velo Outlets","description":"Velosip\u0113di visai \u0123imenei","potentialAction":[{"@type":"SearchAction","target":{"@type":"EntryPoint","urlTemplate":"https:\/\/velooutlets.com\/en\/?s={search_term_string}"},"query-input":{"@type":"PropertyValueSpecification","valueRequired":true,"valueName":"search_term_string"}}],"inLanguage":"en-US"}]}},"jetpack_sharing_enabled":true,"_links":{"self":[{"href":"https:\/\/velooutlets.com\/en\/wp-json\/wp\/v2\/product\/9461","targetHints":{"allow":["GET"]}}],"collection":[{"href":"https:\/\/velooutlets.com\/en\/wp-json\/wp\/v2\/product"}],"about":[{"href":"https:\/\/velooutlets.com\/en\/wp-json\/wp\/v2\/types\/product"}],"wp:featuredmedia":[{"embeddable":true,"href":"https:\/\/velooutlets.com\/en\/wp-json\/wp\/v2\/media\/10467"}],"wp:attachment":[{"href":"https:\/\/velooutlets.com\/en\/wp-json\/wp\/v2\/media?parent=9461"}],"wp:term":[{"taxonomy":"product_brand","embeddable":true,"href":"https:\/\/velooutlets.com\/en\/wp-json\/wp\/v2\/product_brand?post=9461"},{"taxonomy":"product_cat","embeddable":true,"href":"https:\/\/velooutlets.com\/en\/wp-json\/wp\/v2\/product_cat?post=9461"},{"taxonomy":"product_tag","embeddable":true,"href":"https:\/\/velooutlets.com\/en\/wp-json\/wp\/v2\/product_tag?post=9461"}],"curies":[{"name":"wp","href":"https:\/\/api.w.org\/{rel}","templated":true}]}}