{"id":9685,"date":"2025-10-03T11:43:46","date_gmt":"2025-10-03T11:43:46","guid":{"rendered":"https:\/\/staging.velooutlets.com\/product\/scott-speedster-gravel-20-wenge-green-2026\/"},"modified":"2026-04-14T17:06:48","modified_gmt":"2026-04-14T14:06:48","slug":"scott-speedster-gravel-20-wenge-green-2026","status":"publish","type":"product","link":"https:\/\/velooutlets.com\/en\/product\/scott-speedster-gravel-20-wenge-green-2026\/","title":{"rendered":"Scott Speedster Gravel 20 Wenge Green 2026"},"content":{"rendered":"<p><strong data-start=\"66\" data-end=\"116\">Scott Speedster Gravel 20 - Wenge Green (2026)<\/strong> is a durable and comfortable gravel bike, suitable for both tarmac and lighter off-road terrain. With a double-stitched 6061 aluminium frame and SCOTT gravel geometry, it offers a stable and comfortable ride in a variety of conditions.<\/p>\n<p>The bike is equipped with <strong data-start=\"368\" data-end=\"384\" data-is-only-node=\"\">Shimano CUES<\/strong> components, 20 speeds and hydraulic disc brakes for reliable braking and excellent gear performance. Suitable for active riders who want a versatile bike for both everyday use and adventure.<\/p>\n<p>&nbsp;<\/p>","protected":false},"excerpt":{"rendered":"<p>Scott Speedster Gravel 20 \u2013 Wenge Green (2026) ir iztur\u012bgs un komfortabls gravel velosip\u0113ds, kas piem\u0113rots gan asfaltam, gan viegl\u0101kajiem bezce\u013ciem. Ar dubult\u0161uv\u0113tu 6061 alum\u012bnija r\u0101mi un SCOTT gravel \u0123eometriju, tas nodro\u0161ina stabilu un \u0113rtu brauk\u0161anu da\u017e\u0101dos apst\u0101k\u013cos. Velosip\u0113ds ir apr\u012bkots ar Shimano CUES komponent\u0113m, 20 \u0101trumiem un hidrauliskaj\u0101m disku bremz\u0113m, kas garant\u0113 dro\u0161u bremz\u0113\u0161anu [&hellip;]<\/p>\n","protected":false},"featured_media":10556,"template":"","meta":{"_monsterinsights_skip_tracking":false,"_monsterinsights_sitenote_active":false,"_monsterinsights_sitenote_note":"","_monsterinsights_sitenote_category":0,"_iconic_wsb_product_page_order_bump_ids":[[]],"_sku":["10668358828299"],"_iconic_wsb_product_page_bump_modal_ids":[[]]},"product_brand":[872],"product_cat":[967,1065,1127],"product_tag":[1522],"class_list":{"0":"post-9685","1":"product","2":"type-product","3":"status-publish","4":"has-post-thumbnail","6":"product_brand-scott","7":"product_cat-gravel-velosipedi","8":"product_cat-scott-2026","9":"product_cat-velosipedi","10":"product_tag-scott","11":"product_shipping_class-pieauguso-velosipedi","12":"ts_product_brand-courier_only","14":"first","15":"instock","16":"sale","17":"taxable","18":"shipping-taxable","19":"purchasable","20":"product-type-variable","21":"has-default-attributes","22":"wvs-archive-product-wrapper"},"yoast_head":"<!-- This site is optimized with the Yoast SEO plugin v27.2 - https:\/\/yoast.com\/product\/yoast-seo-wordpress\/ -->\n<title>Scott Speedster Gravel 20 Wenge Green 2026 - Velo Outlets<\/title>\n<meta name=\"robots\" content=\"index, follow, max-snippet:-1, max-image-preview:large, max-video-preview:-1\" \/>\n<link rel=\"canonical\" href=\"https:\/\/velooutlets.com\/en\/product\/scott-speedster-gravel-20-wenge-green-2026\/\" \/>\n<meta property=\"og:locale\" content=\"en_US\" \/>\n<meta property=\"og:type\" content=\"article\" \/>\n<meta property=\"og:title\" content=\"Scott Speedster Gravel 20 Wenge Green 2026 - Velo Outlets\" \/>\n<meta property=\"og:description\" content=\"Scott Speedster Gravel 20 \u2013 Wenge Green (2026) ir iztur\u012bgs un komfortabls gravel velosip\u0113ds, kas piem\u0113rots gan asfaltam, gan viegl\u0101kajiem bezce\u013ciem. Ar dubult\u0161uv\u0113tu 6061 alum\u012bnija r\u0101mi un SCOTT gravel \u0123eometriju, tas nodro\u0161ina stabilu un \u0113rtu brauk\u0161anu da\u017e\u0101dos apst\u0101k\u013cos. Velosip\u0113ds ir apr\u012bkots ar Shimano CUES komponent\u0113m, 20 \u0101trumiem un hidrauliskaj\u0101m disku bremz\u0113m, kas garant\u0113 dro\u0161u bremz\u0113\u0161anu [&hellip;]\" \/>\n<meta property=\"og:url\" content=\"https:\/\/velooutlets.com\/en\/product\/scott-speedster-gravel-20-wenge-green-2026\/\" \/>\n<meta property=\"og:site_name\" content=\"Velo Outlets\" \/>\n<meta property=\"article:modified_time\" content=\"2026-04-14T14:06:48+00:00\" \/>\n<meta property=\"og:image\" content=\"https:\/\/velooutlets.com\/wp-content\/uploads\/2025\/10\/Ekranuznemums2025-08-13010959.jpg\" \/>\n\t<meta property=\"og:image:width\" content=\"939\" \/>\n\t<meta property=\"og:image:height\" content=\"670\" \/>\n\t<meta property=\"og:image:type\" content=\"image\/jpeg\" \/>\n<meta name=\"twitter:card\" content=\"summary_large_image\" \/>\n<script type=\"application\/ld+json\" class=\"yoast-schema-graph\">{\"@context\":\"https:\/\/schema.org\",\"@graph\":[{\"@type\":\"WebPage\",\"@id\":\"https:\/\/velooutlets.com\/products\/scott-speedster-gravel-20-wenge-green-2026\/\",\"url\":\"https:\/\/velooutlets.com\/products\/scott-speedster-gravel-20-wenge-green-2026\/\",\"name\":\"Scott Speedster Gravel 20 Wenge Green 2026 - Velo Outlets\",\"isPartOf\":{\"@id\":\"https:\/\/velooutlets.com\/en\/#website\"},\"primaryImageOfPage\":{\"@id\":\"https:\/\/velooutlets.com\/products\/scott-speedster-gravel-20-wenge-green-2026\/#primaryimage\"},\"image\":{\"@id\":\"https:\/\/velooutlets.com\/products\/scott-speedster-gravel-20-wenge-green-2026\/#primaryimage\"},\"thumbnailUrl\":\"https:\/\/velooutlets.com\/wp-content\/uploads\/2025\/10\/Ekranuznemums2025-08-13010959.jpg\",\"datePublished\":\"2025-10-03T11:43:46+00:00\",\"dateModified\":\"2026-04-14T14:06:48+00:00\",\"breadcrumb\":{\"@id\":\"https:\/\/velooutlets.com\/products\/scott-speedster-gravel-20-wenge-green-2026\/#breadcrumb\"},\"inLanguage\":\"en-US\",\"potentialAction\":[{\"@type\":\"ReadAction\",\"target\":[\"https:\/\/velooutlets.com\/products\/scott-speedster-gravel-20-wenge-green-2026\/\"]}]},{\"@type\":\"ImageObject\",\"inLanguage\":\"en-US\",\"@id\":\"https:\/\/velooutlets.com\/products\/scott-speedster-gravel-20-wenge-green-2026\/#primaryimage\",\"url\":\"https:\/\/velooutlets.com\/wp-content\/uploads\/2025\/10\/Ekranuznemums2025-08-13010959.jpg\",\"contentUrl\":\"https:\/\/velooutlets.com\/wp-content\/uploads\/2025\/10\/Ekranuznemums2025-08-13010959.jpg\",\"width\":939,\"height\":670},{\"@type\":\"BreadcrumbList\",\"@id\":\"https:\/\/velooutlets.com\/products\/scott-speedster-gravel-20-wenge-green-2026\/#breadcrumb\",\"itemListElement\":[{\"@type\":\"ListItem\",\"position\":1,\"name\":\"Home\",\"item\":\"https:\/\/velooutlets.com\/\"},{\"@type\":\"ListItem\",\"position\":2,\"name\":\"Veikals\",\"item\":\"https:\/\/velooutlets.com\/shop\/\"},{\"@type\":\"ListItem\",\"position\":3,\"name\":\"Scott Speedster Gravel 20 Wenge Green 2026\"}]},{\"@type\":\"WebSite\",\"@id\":\"https:\/\/velooutlets.com\/en\/#website\",\"url\":\"https:\/\/velooutlets.com\/en\/\",\"name\":\"Velo Outlets\",\"description\":\"Velosip\u0113di visai \u0123imenei\",\"potentialAction\":[{\"@type\":\"SearchAction\",\"target\":{\"@type\":\"EntryPoint\",\"urlTemplate\":\"https:\/\/velooutlets.com\/en\/?s={search_term_string}\"},\"query-input\":{\"@type\":\"PropertyValueSpecification\",\"valueRequired\":true,\"valueName\":\"search_term_string\"}}],\"inLanguage\":\"en-US\"}]}<\/script>\n<!-- \/ Yoast SEO plugin. -->","yoast_head_json":{"title":"Scott Speedster Gravel 20 Wenge Green 2026 - Velo Outlets","robots":{"index":"index","follow":"follow","max-snippet":"max-snippet:-1","max-image-preview":"max-image-preview:large","max-video-preview":"max-video-preview:-1"},"canonical":"https:\/\/velooutlets.com\/en\/product\/scott-speedster-gravel-20-wenge-green-2026\/","og_locale":"en_US","og_type":"article","og_title":"Scott Speedster Gravel 20 Wenge Green 2026 - Velo Outlets","og_description":"Scott Speedster Gravel 20 \u2013 Wenge Green (2026) ir iztur\u012bgs un komfortabls gravel velosip\u0113ds, kas piem\u0113rots gan asfaltam, gan viegl\u0101kajiem bezce\u013ciem. Ar dubult\u0161uv\u0113tu 6061 alum\u012bnija r\u0101mi un SCOTT gravel \u0123eometriju, tas nodro\u0161ina stabilu un \u0113rtu brauk\u0161anu da\u017e\u0101dos apst\u0101k\u013cos. Velosip\u0113ds ir apr\u012bkots ar Shimano CUES komponent\u0113m, 20 \u0101trumiem un hidrauliskaj\u0101m disku bremz\u0113m, kas garant\u0113 dro\u0161u bremz\u0113\u0161anu [&hellip;]","og_url":"https:\/\/velooutlets.com\/en\/product\/scott-speedster-gravel-20-wenge-green-2026\/","og_site_name":"Velo Outlets","article_modified_time":"2026-04-14T14:06:48+00:00","og_image":[{"width":939,"height":670,"url":"https:\/\/velooutlets.com\/wp-content\/uploads\/2025\/10\/Ekranuznemums2025-08-13010959.jpg","type":"image\/jpeg"}],"twitter_card":"summary_large_image","schema":{"@context":"https:\/\/schema.org","@graph":[{"@type":"WebPage","@id":"https:\/\/velooutlets.com\/products\/scott-speedster-gravel-20-wenge-green-2026\/","url":"https:\/\/velooutlets.com\/products\/scott-speedster-gravel-20-wenge-green-2026\/","name":"Scott Speedster Gravel 20 Wenge Green 2026 - Velo Outlets","isPartOf":{"@id":"https:\/\/velooutlets.com\/en\/#website"},"primaryImageOfPage":{"@id":"https:\/\/velooutlets.com\/products\/scott-speedster-gravel-20-wenge-green-2026\/#primaryimage"},"image":{"@id":"https:\/\/velooutlets.com\/products\/scott-speedster-gravel-20-wenge-green-2026\/#primaryimage"},"thumbnailUrl":"https:\/\/velooutlets.com\/wp-content\/uploads\/2025\/10\/Ekranuznemums2025-08-13010959.jpg","datePublished":"2025-10-03T11:43:46+00:00","dateModified":"2026-04-14T14:06:48+00:00","breadcrumb":{"@id":"https:\/\/velooutlets.com\/products\/scott-speedster-gravel-20-wenge-green-2026\/#breadcrumb"},"inLanguage":"en-US","potentialAction":[{"@type":"ReadAction","target":["https:\/\/velooutlets.com\/products\/scott-speedster-gravel-20-wenge-green-2026\/"]}]},{"@type":"ImageObject","inLanguage":"en-US","@id":"https:\/\/velooutlets.com\/products\/scott-speedster-gravel-20-wenge-green-2026\/#primaryimage","url":"https:\/\/velooutlets.com\/wp-content\/uploads\/2025\/10\/Ekranuznemums2025-08-13010959.jpg","contentUrl":"https:\/\/velooutlets.com\/wp-content\/uploads\/2025\/10\/Ekranuznemums2025-08-13010959.jpg","width":939,"height":670},{"@type":"BreadcrumbList","@id":"https:\/\/velooutlets.com\/products\/scott-speedster-gravel-20-wenge-green-2026\/#breadcrumb","itemListElement":[{"@type":"ListItem","position":1,"name":"Home","item":"https:\/\/velooutlets.com\/"},{"@type":"ListItem","position":2,"name":"Veikals","item":"https:\/\/velooutlets.com\/shop\/"},{"@type":"ListItem","position":3,"name":"Scott Speedster Gravel 20 Wenge Green 2026"}]},{"@type":"WebSite","@id":"https:\/\/velooutlets.com\/en\/#website","url":"https:\/\/velooutlets.com\/en\/","name":"Velo Outlets","description":"Velosip\u0113di visai \u0123imenei","potentialAction":[{"@type":"SearchAction","target":{"@type":"EntryPoint","urlTemplate":"https:\/\/velooutlets.com\/en\/?s={search_term_string}"},"query-input":{"@type":"PropertyValueSpecification","valueRequired":true,"valueName":"search_term_string"}}],"inLanguage":"en-US"}]}},"jetpack_sharing_enabled":true,"_links":{"self":[{"href":"https:\/\/velooutlets.com\/en\/wp-json\/wp\/v2\/product\/9685","targetHints":{"allow":["GET"]}}],"collection":[{"href":"https:\/\/velooutlets.com\/en\/wp-json\/wp\/v2\/product"}],"about":[{"href":"https:\/\/velooutlets.com\/en\/wp-json\/wp\/v2\/types\/product"}],"wp:featuredmedia":[{"embeddable":true,"href":"https:\/\/velooutlets.com\/en\/wp-json\/wp\/v2\/media\/10556"}],"wp:attachment":[{"href":"https:\/\/velooutlets.com\/en\/wp-json\/wp\/v2\/media?parent=9685"}],"wp:term":[{"taxonomy":"product_brand","embeddable":true,"href":"https:\/\/velooutlets.com\/en\/wp-json\/wp\/v2\/product_brand?post=9685"},{"taxonomy":"product_cat","embeddable":true,"href":"https:\/\/velooutlets.com\/en\/wp-json\/wp\/v2\/product_cat?post=9685"},{"taxonomy":"product_tag","embeddable":true,"href":"https:\/\/velooutlets.com\/en\/wp-json\/wp\/v2\/product_tag?post=9685"}],"curies":[{"name":"wp","href":"https:\/\/api.w.org\/{rel}","templated":true}]}}