{"id":9715,"date":"2025-10-03T14:44:01","date_gmt":"2025-10-03T11:44:01","guid":{"rendered":"https:\/\/staging.velooutlets.com\/product\/scott-speedster-gravel-40-eq\/"},"modified":"2026-04-16T13:32:40","modified_gmt":"2026-04-16T10:32:40","slug":"scott-speedster-gravel-40-eq","status":"publish","type":"product","link":"https:\/\/velooutlets.com\/en\/product\/scott-speedster-gravel-40-eq\/","title":{"rendered":"SCOTT SPEEDSTER GRAVEL 40 EQ"},"content":{"rendered":"<p>The Scott Speedster Gravel 40 EQ is a versatile gravel bike, suitable for asphalt, gravel and light off-road riding. A lightweight aluminium frame with comfortable gravel geometry ensures stable and reliable handling on longer rides, while the fully internal cable routing gives the bike a clean and modern look. The bike is equipped with a Shimano Tiagra double ten-speed gear system for precise gear changes on a variety of terrains. Shimano mechanical disc brakes offer reliable braking, while Schwalbe G One Bite 700x40C tyres guarantee good grip and comfort on gravel surfaces. Syncros components add to the overall ride comfort, making the Scott Speedster Gravel 40 EQ the perfect choice for everyday rides and out-of-town adventures.<\/p>","protected":false},"excerpt":{"rendered":"<p>Scott Speedster Gravel 40 EQ ir daudzpus\u012bgs gravel velosip\u0113ds, kas piem\u0113rots brauk\u0161anai gan pa asfaltu, gan grants un viegliem bezce\u013ca mar\u0161rutiem. Viegls alum\u012bnija r\u0101mis ar komfortablu gravel \u0123eometriju nodro\u0161ina stabilu un dro\u0161u vad\u0101m\u012bbu gar\u0101kos izbraucienos, savuk\u0101rt piln\u012bb\u0101 iek\u0161\u0113jais kabe\u013cu izvads pie\u0161\u0137ir velosip\u0113dam t\u012bru un modernu izskatu. Velosip\u0113ds apr\u012bkots ar Shimano Tiagra divreiz desmit \u0101trumu p\u0101rnesumu [&hellip;]<\/p>\n","protected":false},"featured_media":38149,"template":"","meta":{"_monsterinsights_skip_tracking":false,"_monsterinsights_sitenote_active":false,"_monsterinsights_sitenote_note":"","_monsterinsights_sitenote_category":0,"_iconic_wsb_product_page_order_bump_ids":[[]],"_sku":["8929889714443"],"_iconic_wsb_product_page_bump_modal_ids":[[]]},"product_brand":[872],"product_cat":[967,1540,1064,1127],"product_tag":[1522],"class_list":{"0":"post-9715","1":"product","2":"type-product","3":"status-publish","4":"has-post-thumbnail","6":"product_brand-scott","7":"product_cat-gravel-velosipedi","8":"product_cat-gravel-velosipedi-700c","9":"product_cat-scott","10":"product_cat-velosipedi","11":"product_tag-scott","12":"product_shipping_class-pieauguso-velosipedi","13":"ts_product_brand-courier_only","15":"first","16":"instock","17":"sale","18":"taxable","19":"shipping-taxable","20":"purchasable","21":"product-type-variable","22":"has-default-attributes","23":"wvs-archive-product-wrapper"},"yoast_head":"<!-- This site is optimized with the Yoast SEO plugin v27.2 - https:\/\/yoast.com\/product\/yoast-seo-wordpress\/ -->\n<title>SCOTT SPEEDSTER GRAVEL 40 EQ \u2013 Ikonisks velosip\u0113ds ar augst\u0101k\u0101 l\u012bme\u0146a veiktsp\u0113ju | Velo Outlets<\/title>\n<meta name=\"description\" content=\"SCOTT velosip\u0113di no Velo Outlets! \u0160osejas, gravel un kalnu velosip\u0113du mode\u013ci, kas nodro\u0161ina augst\u0101ko kvalit\u0101ti un veiktsp\u0113ju da\u017e\u0101dos brauk\u0161anas apst\u0101k\u013cos.\" \/>\n<meta name=\"robots\" content=\"index, follow, max-snippet:-1, max-image-preview:large, max-video-preview:-1\" \/>\n<link rel=\"canonical\" href=\"https:\/\/velooutlets.com\/en\/product\/scott-speedster-gravel-40-eq\/\" \/>\n<meta property=\"og:locale\" content=\"en_US\" \/>\n<meta property=\"og:type\" content=\"article\" \/>\n<meta property=\"og:title\" content=\"SCOTT SPEEDSTER GRAVEL 40 EQ \u2013 Ikonisks velosip\u0113ds ar augst\u0101k\u0101 l\u012bme\u0146a veiktsp\u0113ju | Velo Outlets\" \/>\n<meta property=\"og:description\" content=\"SCOTT velosip\u0113di no Velo Outlets! \u0160osejas, gravel un kalnu velosip\u0113du mode\u013ci, kas nodro\u0161ina augst\u0101ko kvalit\u0101ti un veiktsp\u0113ju da\u017e\u0101dos brauk\u0161anas apst\u0101k\u013cos.\" \/>\n<meta property=\"og:url\" content=\"https:\/\/velooutlets.com\/en\/product\/scott-speedster-gravel-40-eq\/\" \/>\n<meta property=\"og:site_name\" content=\"Velo Outlets\" \/>\n<meta property=\"article:modified_time\" content=\"2026-04-16T10:32:40+00:00\" \/>\n<meta property=\"og:image\" content=\"https:\/\/velooutlets.com\/wp-content\/uploads\/2026\/02\/gravel40eq1-8.jpg\" \/>\n\t<meta property=\"og:image:width\" content=\"560\" \/>\n\t<meta property=\"og:image:height\" content=\"527\" \/>\n\t<meta property=\"og:image:type\" content=\"image\/jpeg\" \/>\n<meta name=\"twitter:card\" content=\"summary_large_image\" \/>\n<meta name=\"twitter:label1\" content=\"Est. reading time\" \/>\n\t<meta name=\"twitter:data1\" content=\"1 minute\" \/>\n<script type=\"application\/ld+json\" class=\"yoast-schema-graph\">{\"@context\":\"https:\/\/schema.org\",\"@graph\":[{\"@type\":\"WebPage\",\"@id\":\"https:\/\/velooutlets.com\/products\/scott-speedster-gravel-40-eq\/\",\"url\":\"https:\/\/velooutlets.com\/products\/scott-speedster-gravel-40-eq\/\",\"name\":\"SCOTT SPEEDSTER GRAVEL 40 EQ \u2013 Ikonisks velosip\u0113ds ar augst\u0101k\u0101 l\u012bme\u0146a veiktsp\u0113ju | Velo Outlets\",\"isPartOf\":{\"@id\":\"https:\/\/velooutlets.com\/en\/#website\"},\"primaryImageOfPage\":{\"@id\":\"https:\/\/velooutlets.com\/products\/scott-speedster-gravel-40-eq\/#primaryimage\"},\"image\":{\"@id\":\"https:\/\/velooutlets.com\/products\/scott-speedster-gravel-40-eq\/#primaryimage\"},\"thumbnailUrl\":\"https:\/\/velooutlets.com\/wp-content\/uploads\/2025\/10\/1000200098.jpg\",\"datePublished\":\"2025-10-03T11:44:01+00:00\",\"dateModified\":\"2026-04-16T10:32:40+00:00\",\"description\":\"SCOTT velosip\u0113di no Velo Outlets! \u0160osejas, gravel un kalnu velosip\u0113du mode\u013ci, kas nodro\u0161ina augst\u0101ko kvalit\u0101ti un veiktsp\u0113ju da\u017e\u0101dos brauk\u0161anas apst\u0101k\u013cos.\",\"breadcrumb\":{\"@id\":\"https:\/\/velooutlets.com\/products\/scott-speedster-gravel-40-eq\/#breadcrumb\"},\"inLanguage\":\"en-US\",\"potentialAction\":[{\"@type\":\"ReadAction\",\"target\":[\"https:\/\/velooutlets.com\/products\/scott-speedster-gravel-40-eq\/\"]}]},{\"@type\":\"ImageObject\",\"inLanguage\":\"en-US\",\"@id\":\"https:\/\/velooutlets.com\/products\/scott-speedster-gravel-40-eq\/#primaryimage\",\"url\":\"https:\/\/velooutlets.com\/wp-content\/uploads\/2025\/10\/1000200098.jpg\",\"contentUrl\":\"https:\/\/velooutlets.com\/wp-content\/uploads\/2025\/10\/1000200098.jpg\",\"width\":600,\"height\":372},{\"@type\":\"BreadcrumbList\",\"@id\":\"https:\/\/velooutlets.com\/products\/scott-speedster-gravel-40-eq\/#breadcrumb\",\"itemListElement\":[{\"@type\":\"ListItem\",\"position\":1,\"name\":\"Home\",\"item\":\"https:\/\/velooutlets.com\/\"},{\"@type\":\"ListItem\",\"position\":2,\"name\":\"Veikals\",\"item\":\"https:\/\/velooutlets.com\/shop\/\"},{\"@type\":\"ListItem\",\"position\":3,\"name\":\"SCOTT SPEEDSTER GRAVEL 40 EQ\"}]},{\"@type\":\"WebSite\",\"@id\":\"https:\/\/velooutlets.com\/en\/#website\",\"url\":\"https:\/\/velooutlets.com\/en\/\",\"name\":\"Velo Outlets\",\"description\":\"Velosip\u0113di visai \u0123imenei\",\"potentialAction\":[{\"@type\":\"SearchAction\",\"target\":{\"@type\":\"EntryPoint\",\"urlTemplate\":\"https:\/\/velooutlets.com\/en\/?s={search_term_string}\"},\"query-input\":{\"@type\":\"PropertyValueSpecification\",\"valueRequired\":true,\"valueName\":\"search_term_string\"}}],\"inLanguage\":\"en-US\"}]}<\/script>\n<!-- \/ Yoast SEO plugin. -->","yoast_head_json":{"title":"SCOTT SPEEDSTER GRAVEL 40 EQ \u2013 Ikonisks velosip\u0113ds ar augst\u0101k\u0101 l\u012bme\u0146a veiktsp\u0113ju | Velo Outlets","description":"SCOTT velosip\u0113di no Velo Outlets! \u0160osejas, gravel un kalnu velosip\u0113du mode\u013ci, kas nodro\u0161ina augst\u0101ko kvalit\u0101ti un veiktsp\u0113ju da\u017e\u0101dos brauk\u0161anas apst\u0101k\u013cos.","robots":{"index":"index","follow":"follow","max-snippet":"max-snippet:-1","max-image-preview":"max-image-preview:large","max-video-preview":"max-video-preview:-1"},"canonical":"https:\/\/velooutlets.com\/en\/product\/scott-speedster-gravel-40-eq\/","og_locale":"en_US","og_type":"article","og_title":"SCOTT SPEEDSTER GRAVEL 40 EQ \u2013 Ikonisks velosip\u0113ds ar augst\u0101k\u0101 l\u012bme\u0146a veiktsp\u0113ju | Velo Outlets","og_description":"SCOTT velosip\u0113di no Velo Outlets! \u0160osejas, gravel un kalnu velosip\u0113du mode\u013ci, kas nodro\u0161ina augst\u0101ko kvalit\u0101ti un veiktsp\u0113ju da\u017e\u0101dos brauk\u0161anas apst\u0101k\u013cos.","og_url":"https:\/\/velooutlets.com\/en\/product\/scott-speedster-gravel-40-eq\/","og_site_name":"Velo Outlets","article_modified_time":"2026-04-16T10:32:40+00:00","og_image":[{"width":560,"height":527,"url":"https:\/\/velooutlets.com\/wp-content\/uploads\/2026\/02\/gravel40eq1-8.jpg","type":"image\/jpeg"}],"twitter_card":"summary_large_image","twitter_misc":{"Est. reading time":"1 minute"},"schema":{"@context":"https:\/\/schema.org","@graph":[{"@type":"WebPage","@id":"https:\/\/velooutlets.com\/products\/scott-speedster-gravel-40-eq\/","url":"https:\/\/velooutlets.com\/products\/scott-speedster-gravel-40-eq\/","name":"SCOTT SPEEDSTER GRAVEL 40 EQ \u2013 Ikonisks velosip\u0113ds ar augst\u0101k\u0101 l\u012bme\u0146a veiktsp\u0113ju | Velo Outlets","isPartOf":{"@id":"https:\/\/velooutlets.com\/en\/#website"},"primaryImageOfPage":{"@id":"https:\/\/velooutlets.com\/products\/scott-speedster-gravel-40-eq\/#primaryimage"},"image":{"@id":"https:\/\/velooutlets.com\/products\/scott-speedster-gravel-40-eq\/#primaryimage"},"thumbnailUrl":"https:\/\/velooutlets.com\/wp-content\/uploads\/2025\/10\/1000200098.jpg","datePublished":"2025-10-03T11:44:01+00:00","dateModified":"2026-04-16T10:32:40+00:00","description":"SCOTT velosip\u0113di no Velo Outlets! \u0160osejas, gravel un kalnu velosip\u0113du mode\u013ci, kas nodro\u0161ina augst\u0101ko kvalit\u0101ti un veiktsp\u0113ju da\u017e\u0101dos brauk\u0161anas apst\u0101k\u013cos.","breadcrumb":{"@id":"https:\/\/velooutlets.com\/products\/scott-speedster-gravel-40-eq\/#breadcrumb"},"inLanguage":"en-US","potentialAction":[{"@type":"ReadAction","target":["https:\/\/velooutlets.com\/products\/scott-speedster-gravel-40-eq\/"]}]},{"@type":"ImageObject","inLanguage":"en-US","@id":"https:\/\/velooutlets.com\/products\/scott-speedster-gravel-40-eq\/#primaryimage","url":"https:\/\/velooutlets.com\/wp-content\/uploads\/2025\/10\/1000200098.jpg","contentUrl":"https:\/\/velooutlets.com\/wp-content\/uploads\/2025\/10\/1000200098.jpg","width":600,"height":372},{"@type":"BreadcrumbList","@id":"https:\/\/velooutlets.com\/products\/scott-speedster-gravel-40-eq\/#breadcrumb","itemListElement":[{"@type":"ListItem","position":1,"name":"Home","item":"https:\/\/velooutlets.com\/"},{"@type":"ListItem","position":2,"name":"Veikals","item":"https:\/\/velooutlets.com\/shop\/"},{"@type":"ListItem","position":3,"name":"SCOTT SPEEDSTER GRAVEL 40 EQ"}]},{"@type":"WebSite","@id":"https:\/\/velooutlets.com\/en\/#website","url":"https:\/\/velooutlets.com\/en\/","name":"Velo Outlets","description":"Velosip\u0113di visai \u0123imenei","potentialAction":[{"@type":"SearchAction","target":{"@type":"EntryPoint","urlTemplate":"https:\/\/velooutlets.com\/en\/?s={search_term_string}"},"query-input":{"@type":"PropertyValueSpecification","valueRequired":true,"valueName":"search_term_string"}}],"inLanguage":"en-US"}]}},"jetpack_sharing_enabled":true,"_links":{"self":[{"href":"https:\/\/velooutlets.com\/en\/wp-json\/wp\/v2\/product\/9715","targetHints":{"allow":["GET"]}}],"collection":[{"href":"https:\/\/velooutlets.com\/en\/wp-json\/wp\/v2\/product"}],"about":[{"href":"https:\/\/velooutlets.com\/en\/wp-json\/wp\/v2\/types\/product"}],"wp:featuredmedia":[{"embeddable":true,"href":"https:\/\/velooutlets.com\/en\/wp-json\/wp\/v2\/media\/38149"}],"wp:attachment":[{"href":"https:\/\/velooutlets.com\/en\/wp-json\/wp\/v2\/media?parent=9715"}],"wp:term":[{"taxonomy":"product_brand","embeddable":true,"href":"https:\/\/velooutlets.com\/en\/wp-json\/wp\/v2\/product_brand?post=9715"},{"taxonomy":"product_cat","embeddable":true,"href":"https:\/\/velooutlets.com\/en\/wp-json\/wp\/v2\/product_cat?post=9715"},{"taxonomy":"product_tag","embeddable":true,"href":"https:\/\/velooutlets.com\/en\/wp-json\/wp\/v2\/product_tag?post=9715"}],"curies":[{"name":"wp","href":"https:\/\/api.w.org\/{rel}","templated":true}]}}