{"id":357,"date":"2021-01-29T16:32:28","date_gmt":"2021-01-29T09:32:28","guid":{"rendered":"http:\/\/staging.velooutlets.com\/?page_id=357"},"modified":"2025-12-28T12:18:53","modified_gmt":"2025-12-28T10:18:53","slug":"piegade-2","status":"publish","type":"page","link":"https:\/\/velooutlets.com\/et\/piegade-2\/","title":{"rendered":"Kohaletoimetamine"},"content":{"rendered":"<div data-elementor-type=\"wp-page\" data-elementor-id=\"357\" class=\"elementor elementor-357\">\n\t\t\t\t<div class=\"elementor-element elementor-element-e97da00 e-flex e-con-boxed e-con e-parent\" data-id=\"e97da00\" data-element_type=\"container\" data-e-type=\"container\">\n\t\t\t\t\t<div class=\"e-con-inner\">\n\t\t\t\t<div class=\"elementor-element elementor-element-fed037a elementor-widget elementor-widget-heading\" data-id=\"fed037a\" data-element_type=\"widget\" data-e-type=\"widget\" data-widget_type=\"heading.default\">\n\t\t\t\t\t<h2 class=\"elementor-heading-title elementor-size-default\">Kohaletoimetamine<\/h2>\t\t\t\t<\/div>\n\t\t\t\t\t<\/div>\n\t\t\t\t<\/div>\n\t\t<div class=\"elementor-element elementor-element-a9de50f e-flex e-con-boxed e-con e-parent\" data-id=\"a9de50f\" data-element_type=\"container\" data-e-type=\"container\">\n\t\t\t\t\t<div class=\"e-con-inner\">\n\t\t\t\t<div class=\"elementor-element elementor-element-3db961e elementor-widget elementor-widget-text-editor\" data-id=\"3db961e\" data-element_type=\"widget\" data-e-type=\"widget\" data-widget_type=\"text-editor.default\">\n\t\t\t\t\t\t\t\t\t<p data-start=\"197\" data-end=\"326\">Me toimetame kauba kohale j\u00e4rgmisel t\u00f6\u00f6p\u00e4eval p\u00e4rast makse laekumist. Tarneaeg: <strong data-start=\"305\" data-end=\"325\">1-2 t\u00f6\u00f6p\u00e4eva<\/strong>.<\/p><p data-start=\"328\" data-end=\"349\"><strong data-start=\"328\" data-end=\"347\">Tarnet\u00fc\u00fcbid:<\/strong><\/p><ul><li data-start=\"352\" data-end=\"476\"><strong data-start=\"352\" data-end=\"376\">Kuller kogu L\u00e4tis<\/strong> - jalgratas on tarnitud <strong data-start=\"405\" data-end=\"448\">originaalpakendis, kokkupanemata<\/strong> (kui ei ole kokku lepitud teisiti).<\/li><li data-start=\"352\" data-end=\"476\"><strong data-start=\"479\" data-end=\"500\">Kaupluse sisekollektsioon<\/strong> \u2013 <strong data-start=\"503\" data-end=\"529\">Ventase t\u00e4nav 56, Marupe<\/strong> (juurdep\u00e4\u00e4s <strong data-start=\"547\" data-end=\"566\">\u00dchtsuse alevik<\/strong>).<\/li><\/ul><p data-start=\"570\" data-end=\"585\"><strong data-start=\"570\" data-end=\"583\">M\u00e4rkused:<\/strong><\/p><ul><li data-start=\"588\" data-end=\"672\">Kohaletoimetamise ajal v\u00f5tab kuller teiega \u00fchendust, kasutades teie tellimuse telefoninumbrit.<\/li><li data-start=\"588\" data-end=\"672\">Palun veenduge, et aadressile on juurdep\u00e4\u00e4s ja telefon on k\u00e4ttesaadav tarnep\u00e4eval.<\/li><li data-start=\"588\" data-end=\"672\">Kui te leiate pakendil kahjustusi, m\u00e4rkige need kullerile ja teavitage meid sellest kohe.<\/li><\/ul><h4 data-start=\"854\" data-end=\"873\">Kaupade tagastamine<\/h4><p data-start=\"875\" data-end=\"1070\">Veebipoes <strong data-start=\"893\" data-end=\"917\"><a class=\"decorated-link\" href=\"https:\/\/velooutlets.com\/et\/\" target=\"_new\" rel=\"noopener\" data-start=\"895\" data-end=\"915\">www.velooutlets.com<\/a><\/strong> saate ostetud kauba tagasi saata <strong data-start=\"955\" data-end=\"973\">14 p\u00e4eva jooksul<\/strong>, vastavalt <strong data-start=\"986\" data-end=\"1069\">Ministrite kabineti 30. mai 2002. aasta m\u00e4\u00e4rus nr 207 \u201cKauglepinguid k\u00e4sitlevad eeskirjad\u201d.\u201d<\/strong>.<\/p><p data-start=\"1072\" data-end=\"1101\"><strong data-start=\"1072\" data-end=\"1099\">Kuidas taotleda toetust:<\/strong><\/p><ol><li data-start=\"1105\" data-end=\"1239\">Taotlege tagastamist oma tellimuses (m\u00e4rkige tellimuse number, p\u00f5hjus ja eelistatud lahendus): <strong data-start=\"1201\" data-end=\"1212\">Exchange<\/strong> v\u00f5i <strong data-start=\"1217\" data-end=\"1235\">cashback<\/strong>).<\/li><li data-start=\"1105\" data-end=\"1239\">Valmistage toode ohutuks l\u00e4hetamiseks ette <strong data-start=\"1281\" data-end=\"1307\">originaalpakendis<\/strong> koos k\u00f5igi osade ja dokumentidega.<\/li><li data-start=\"1105\" data-end=\"1239\">V\u00f5tke toode kaasa:<\/li><\/ol><ul><li data-start=\"1384\" data-end=\"1422\">Vt <strong data-start=\"1387\" data-end=\"1396\">e-posti aadress<\/strong> v\u00f5i koos <strong data-start=\"1404\" data-end=\"1415\">kuller<\/strong>, v\u00f5i<\/li><li data-start=\"1384\" data-end=\"1422\"><strong data-start=\"1428\" data-end=\"1442\">isiklikult<\/strong> kaupluses <strong data-start=\"1451\" data-end=\"1467\">Velo Outlets<\/strong>, <strong data-start=\"1469\" data-end=\"1495\">Ventase t\u00e4nav 56, Marupe<\/strong> (juurdep\u00e4\u00e4s Vien\u012bbas aven\u00fc\u00fclt).<\/li><\/ul><p data-start=\"1532\" data-end=\"1547\"><strong data-start=\"1532\" data-end=\"1545\">Maksumus:<\/strong><\/p><ul><li data-start=\"1550\" data-end=\"1612\">Tagastamiskulud (posti\/kulleriga) kannab klient.<\/li><\/ul><p data-start=\"1614\" data-end=\"1651\"><strong data-start=\"1614\" data-end=\"1649\">Taganemis\u00f5iguse piirangud:<\/strong><\/p><ul><li data-start=\"1654\" data-end=\"1746\">Taganemis\u00f5igus <strong data-start=\"1673\" data-end=\"1686\">ei kehti<\/strong>, kui toode on kasutatud, kahjustatud v\u00f5i ebat\u00e4ielik.<\/li><li data-start=\"1654\" data-end=\"1746\">Kaup tuleb tagastada <strong data-start=\"1773\" data-end=\"1782\">puhtaks<\/strong>, ilma kasutusj\u00e4lgedeta ja <strong data-start=\"1810\" data-end=\"1836\">originaalpakendis<\/strong>.<\/li><\/ul><p data-start=\"1839\" data-end=\"1870\"><strong data-start=\"1839\" data-end=\"1868\">Tagastamine\/vahetus:<\/strong><\/p><ul><li data-start=\"1873\" data-end=\"2062\">Me tagastame raha p\u00e4rast tagastatud kauba k\u00e4ttesaamist ja hindamist. <strong data-start=\"1939\" data-end=\"1962\">2 t\u00f6\u00f6p\u00e4eva jooksul<\/strong> samale maksevahendile, mida kasutasite ostu sooritamiseks, v\u00f5i meie <strong data-start=\"2029\" data-end=\"2040\">vahetus<\/strong> (teie valik).<\/li><li data-start=\"1873\" data-end=\"2062\">Kui otsustate vahetada, palun t\u00e4psustage soovitud suurus\/mudel.<\/li><\/ul><p data-start=\"2127\" data-end=\"2162\"><strong data-start=\"2127\" data-end=\"2160\">Soovitused ohutuks tagasip\u00f6\u00f6rdumiseks:<\/strong><\/p><ul><li data-start=\"2165\" data-end=\"2253\">Pakendage oma jalgratas ja osad hoolikalt, et need ei saaks transpordi ajal kahjustada.<\/li><li data-start=\"2165\" data-end=\"2253\">Lisada <strong data-start=\"2267\" data-end=\"2288\">j\u00e4rjekorranumber<\/strong> ja kontaktandmed saadetises, et kiirendada t\u00f6\u00f6tlemist.<\/li><\/ul>\t\t\t\t\t\t\t\t<\/div>\n\t\t\t\t\t<\/div>\n\t\t\t\t<\/div>\n\t\t\t\t<\/div>","protected":false},"excerpt":{"rendered":"<p>Pieg\u0101de Preces nododam pieg\u0101dei n\u0101kamaj\u0101 darba dien\u0101 p\u0113c apmaksas sa\u0146em\u0161anas. Pieg\u0101des ilgums: 1\u20132 darba dienas. Pieg\u0101des veidi: Kurjers vis\u0101 Latvij\u0101 \u2013 velosip\u0113ds tiek pieg\u0101d\u0101ts ori\u0123in\u0101laj\u0101 iepakojum\u0101, nesalikt\u0101 veid\u0101 (ja nav norun\u0101ts cit\u0101di). Sa\u0146em\u0161ana veikal\u0101 \u2013 Ventas iela 56, M\u0101rupe (piebrauk\u0161ana no Vien\u012bbas gatves). Piez\u012bmes: Pieg\u0101des laik\u0101 kurjers sazin\u0101sies ar Jums, izmantojot pas\u016bt\u012bjum\u0101 nor\u0101d\u012bto t\u0101lruni. L\u016bdzam [&hellip;]<\/p>\n","protected":false},"author":1,"featured_media":0,"parent":0,"menu_order":0,"comment_status":"closed","ping_status":"closed","template":"","meta":{"_monsterinsights_skip_tracking":false,"_monsterinsights_sitenote_active":false,"_monsterinsights_sitenote_note":"","_monsterinsights_sitenote_category":0,"footnotes":""},"class_list":["post-357","page","type-page","status-publish","hentry"],"yoast_head":"<!-- This site is optimized with the Yoast SEO plugin v27.2 - https:\/\/yoast.com\/product\/yoast-seo-wordpress\/ -->\n<title>Pieg\u0101de - Velo Outlets<\/title>\n<meta name=\"robots\" content=\"index, follow, max-snippet:-1, max-image-preview:large, max-video-preview:-1\" \/>\n<link rel=\"canonical\" href=\"https:\/\/velooutlets.com\/et\/piegade-2\/\" \/>\n<meta property=\"og:locale\" content=\"et_EE\" \/>\n<meta property=\"og:type\" content=\"article\" \/>\n<meta property=\"og:title\" content=\"Pieg\u0101de - Velo Outlets\" \/>\n<meta property=\"og:description\" content=\"Pieg\u0101de Preces nododam pieg\u0101dei n\u0101kamaj\u0101 darba dien\u0101 p\u0113c apmaksas sa\u0146em\u0161anas. Pieg\u0101des ilgums: 1\u20132 darba dienas. Pieg\u0101des veidi: Kurjers vis\u0101 Latvij\u0101 \u2013 velosip\u0113ds tiek pieg\u0101d\u0101ts ori\u0123in\u0101laj\u0101 iepakojum\u0101, nesalikt\u0101 veid\u0101 (ja nav norun\u0101ts cit\u0101di). Sa\u0146em\u0161ana veikal\u0101 \u2013 Ventas iela 56, M\u0101rupe (piebrauk\u0161ana no Vien\u012bbas gatves). Piez\u012bmes: Pieg\u0101des laik\u0101 kurjers sazin\u0101sies ar Jums, izmantojot pas\u016bt\u012bjum\u0101 nor\u0101d\u012bto t\u0101lruni. L\u016bdzam [&hellip;]\" \/>\n<meta property=\"og:url\" content=\"https:\/\/velooutlets.com\/et\/piegade-2\/\" \/>\n<meta property=\"og:site_name\" content=\"Velo Outlets\" \/>\n<meta property=\"article:modified_time\" content=\"2025-12-28T10:18:53+00:00\" \/>\n<meta name=\"twitter:card\" content=\"summary_large_image\" \/>\n<meta name=\"twitter:label1\" content=\"Est. reading time\" \/>\n\t<meta name=\"twitter:data1\" content=\"2 minutit\" \/>\n<script type=\"application\/ld+json\" class=\"yoast-schema-graph\">{\"@context\":\"https:\/\/schema.org\",\"@graph\":[{\"@type\":\"WebPage\",\"@id\":\"https:\/\/velooutlets.com\/piegade-2\/\",\"url\":\"https:\/\/velooutlets.com\/piegade-2\/\",\"name\":\"Pieg\u0101de - Velo Outlets\",\"isPartOf\":{\"@id\":\"https:\/\/velooutlets.com\/en\/#website\"},\"datePublished\":\"2021-01-29T09:32:28+00:00\",\"dateModified\":\"2025-12-28T10:18:53+00:00\",\"breadcrumb\":{\"@id\":\"https:\/\/velooutlets.com\/piegade-2\/#breadcrumb\"},\"inLanguage\":\"et\",\"potentialAction\":[{\"@type\":\"ReadAction\",\"target\":[\"https:\/\/velooutlets.com\/piegade-2\/\"]}]},{\"@type\":\"BreadcrumbList\",\"@id\":\"https:\/\/velooutlets.com\/piegade-2\/#breadcrumb\",\"itemListElement\":[{\"@type\":\"ListItem\",\"position\":1,\"name\":\"Home\",\"item\":\"https:\/\/velooutlets.com\/\"},{\"@type\":\"ListItem\",\"position\":2,\"name\":\"Pieg\u0101de\"}]},{\"@type\":\"WebSite\",\"@id\":\"https:\/\/velooutlets.com\/en\/#website\",\"url\":\"https:\/\/velooutlets.com\/en\/\",\"name\":\"Velo Outlets\",\"description\":\"Velosip\u0113di visai \u0123imenei\",\"potentialAction\":[{\"@type\":\"SearchAction\",\"target\":{\"@type\":\"EntryPoint\",\"urlTemplate\":\"https:\/\/velooutlets.com\/en\/?s={search_term_string}\"},\"query-input\":{\"@type\":\"PropertyValueSpecification\",\"valueRequired\":true,\"valueName\":\"search_term_string\"}}],\"inLanguage\":\"et\"}]}<\/script>\n<!-- \/ Yoast SEO plugin. -->","yoast_head_json":{"title":"Pieg\u0101de - Velo Outlets","robots":{"index":"index","follow":"follow","max-snippet":"max-snippet:-1","max-image-preview":"max-image-preview:large","max-video-preview":"max-video-preview:-1"},"canonical":"https:\/\/velooutlets.com\/et\/piegade-2\/","og_locale":"et_EE","og_type":"article","og_title":"Pieg\u0101de - Velo Outlets","og_description":"Pieg\u0101de Preces nododam pieg\u0101dei n\u0101kamaj\u0101 darba dien\u0101 p\u0113c apmaksas sa\u0146em\u0161anas. Pieg\u0101des ilgums: 1\u20132 darba dienas. Pieg\u0101des veidi: Kurjers vis\u0101 Latvij\u0101 \u2013 velosip\u0113ds tiek pieg\u0101d\u0101ts ori\u0123in\u0101laj\u0101 iepakojum\u0101, nesalikt\u0101 veid\u0101 (ja nav norun\u0101ts cit\u0101di). Sa\u0146em\u0161ana veikal\u0101 \u2013 Ventas iela 56, M\u0101rupe (piebrauk\u0161ana no Vien\u012bbas gatves). Piez\u012bmes: Pieg\u0101des laik\u0101 kurjers sazin\u0101sies ar Jums, izmantojot pas\u016bt\u012bjum\u0101 nor\u0101d\u012bto t\u0101lruni. L\u016bdzam [&hellip;]","og_url":"https:\/\/velooutlets.com\/et\/piegade-2\/","og_site_name":"Velo Outlets","article_modified_time":"2025-12-28T10:18:53+00:00","twitter_card":"summary_large_image","twitter_misc":{"Est. reading time":"2 minutit"},"schema":{"@context":"https:\/\/schema.org","@graph":[{"@type":"WebPage","@id":"https:\/\/velooutlets.com\/piegade-2\/","url":"https:\/\/velooutlets.com\/piegade-2\/","name":"Pieg\u0101de - Velo Outlets","isPartOf":{"@id":"https:\/\/velooutlets.com\/en\/#website"},"datePublished":"2021-01-29T09:32:28+00:00","dateModified":"2025-12-28T10:18:53+00:00","breadcrumb":{"@id":"https:\/\/velooutlets.com\/piegade-2\/#breadcrumb"},"inLanguage":"et","potentialAction":[{"@type":"ReadAction","target":["https:\/\/velooutlets.com\/piegade-2\/"]}]},{"@type":"BreadcrumbList","@id":"https:\/\/velooutlets.com\/piegade-2\/#breadcrumb","itemListElement":[{"@type":"ListItem","position":1,"name":"Home","item":"https:\/\/velooutlets.com\/"},{"@type":"ListItem","position":2,"name":"Pieg\u0101de"}]},{"@type":"WebSite","@id":"https:\/\/velooutlets.com\/en\/#website","url":"https:\/\/velooutlets.com\/en\/","name":"Velo Outlets","description":"Jalgrattad kogu perele","potentialAction":[{"@type":"SearchAction","target":{"@type":"EntryPoint","urlTemplate":"https:\/\/velooutlets.com\/en\/?s={search_term_string}"},"query-input":{"@type":"PropertyValueSpecification","valueRequired":true,"valueName":"search_term_string"}}],"inLanguage":"et"}]}},"jetpack_sharing_enabled":true,"_links":{"self":[{"href":"https:\/\/velooutlets.com\/et\/wp-json\/wp\/v2\/pages\/357","targetHints":{"allow":["GET"]}}],"collection":[{"href":"https:\/\/velooutlets.com\/et\/wp-json\/wp\/v2\/pages"}],"about":[{"href":"https:\/\/velooutlets.com\/et\/wp-json\/wp\/v2\/types\/page"}],"author":[{"embeddable":true,"href":"https:\/\/velooutlets.com\/et\/wp-json\/wp\/v2\/users\/1"}],"replies":[{"embeddable":true,"href":"https:\/\/velooutlets.com\/et\/wp-json\/wp\/v2\/comments?post=357"}],"version-history":[{"count":14,"href":"https:\/\/velooutlets.com\/et\/wp-json\/wp\/v2\/pages\/357\/revisions"}],"predecessor-version":[{"id":12518,"href":"https:\/\/velooutlets.com\/et\/wp-json\/wp\/v2\/pages\/357\/revisions\/12518"}],"wp:attachment":[{"href":"https:\/\/velooutlets.com\/et\/wp-json\/wp\/v2\/media?parent=357"}],"curies":[{"name":"wp","href":"https:\/\/api.w.org\/{rel}","templated":true}]}}